{"id":895,"date":"2024-08-22T12:44:29","date_gmt":"2024-08-22T10:44:29","guid":{"rendered":"https:\/\/www.belfor.com\/se\/?page_id=895"},"modified":"2025-06-25T11:43:49","modified_gmt":"2025-06-25T09:43:49","slug":"avbokning-av-nyhetsbrev","status":"publish","type":"page","link":"https:\/\/www.belfor.com\/se\/sv\/avbokning-av-nyhetsbrev\/","title":{"rendered":"Avbokning av nyhetsbrev"},"content":{"rendered":"\n<p>Du har framg\u00e5ngsrikt avregistrerats fr\u00e5n v\u00e5rt nyhetsbrev.<\/p>\n","protected":false},"excerpt":{"rendered":"<p>Du har framg\u00e5ngsrikt avregistrerats fr\u00e5n v\u00e5rt nyhetsbrev.<\/p>\n","protected":false},"author":8,"featured_media":0,"parent":0,"menu_order":50,"comment_status":"closed","ping_status":"closed","template":"templates\/template-simple-text.php","meta":{"_acf_changed":false,"inline_featured_image":false,"footnotes":""},"class_list":["post-895","page","type-page","status-publish","hentry"],"acf":[],"yoast_head":"<!-- This site is optimized with the Yoast SEO plugin v27.3 - https:\/\/yoast.com\/product\/yoast-seo-wordpress\/ -->\n<title>Avbokning av nyhetsbrev - BELFOR Sweden<\/title>\n<meta name=\"robots\" content=\"noindex, follow\" \/>\n<meta property=\"og:locale\" content=\"sv_SE\" \/>\n<meta property=\"og:type\" content=\"article\" \/>\n<meta property=\"og:title\" content=\"Avbokning av nyhetsbrev - BELFOR Sweden\" \/>\n<meta property=\"og:description\" content=\"Du har framg\u00e5ngsrikt avregistrerats fr\u00e5n v\u00e5rt nyhetsbrev.\" \/>\n<meta property=\"og:url\" content=\"https:\/\/www.belfor.com\/se\/sv\/avbokning-av-nyhetsbrev\/\" \/>\n<meta property=\"og:site_name\" content=\"BELFOR Sweden\" \/>\n<meta property=\"article:modified_time\" content=\"2025-06-25T09:43:49+00:00\" \/>\n<meta name=\"twitter:card\" content=\"summary_large_image\" \/>\n<meta name=\"twitter:label1\" content=\"Est. reading time\" \/>\n\t<meta name=\"twitter:data1\" content=\"1 minute\" \/>\n<script type=\"application\/ld+json\" class=\"yoast-schema-graph\">{\"@context\":\"https:\\\/\\\/schema.org\",\"@graph\":[{\"@type\":\"WebPage\",\"@id\":\"https:\\\/\\\/www.belfor.com\\\/se\\\/sv\\\/avbokning-av-nyhetsbrev\\\/\",\"url\":\"https:\\\/\\\/www.belfor.com\\\/se\\\/sv\\\/avbokning-av-nyhetsbrev\\\/\",\"name\":\"Avbokning av nyhetsbrev - BELFOR Sweden\",\"isPartOf\":{\"@id\":\"https:\\\/\\\/www.belfor.com\\\/se\\\/sv\\\/#website\"},\"datePublished\":\"2024-08-22T10:44:29+00:00\",\"dateModified\":\"2025-06-25T09:43:49+00:00\",\"breadcrumb\":{\"@id\":\"https:\\\/\\\/www.belfor.com\\\/se\\\/sv\\\/avbokning-av-nyhetsbrev\\\/#breadcrumb\"},\"inLanguage\":\"sv-SE\",\"potentialAction\":[{\"@type\":\"ReadAction\",\"target\":[\"https:\\\/\\\/www.belfor.com\\\/se\\\/sv\\\/avbokning-av-nyhetsbrev\\\/\"]}]},{\"@type\":\"BreadcrumbList\",\"@id\":\"https:\\\/\\\/www.belfor.com\\\/se\\\/sv\\\/avbokning-av-nyhetsbrev\\\/#breadcrumb\",\"itemListElement\":[{\"@type\":\"ListItem\",\"position\":1,\"name\":\"Home\",\"item\":\"https:\\\/\\\/www.belfor.com\\\/se\\\/sv\\\/\"},{\"@type\":\"ListItem\",\"position\":2,\"name\":\"Avbokning av nyhetsbrev\"}]},{\"@type\":\"WebSite\",\"@id\":\"https:\\\/\\\/www.belfor.com\\\/se\\\/sv\\\/#website\",\"url\":\"https:\\\/\\\/www.belfor.com\\\/se\\\/sv\\\/\",\"name\":\"BELFOR Sweden\",\"description\":\"\",\"potentialAction\":[{\"@type\":\"SearchAction\",\"target\":{\"@type\":\"EntryPoint\",\"urlTemplate\":\"https:\\\/\\\/www.belfor.com\\\/se\\\/sv\\\/?s={search_term_string}\"},\"query-input\":{\"@type\":\"PropertyValueSpecification\",\"valueRequired\":true,\"valueName\":\"search_term_string\"}}],\"inLanguage\":\"sv-SE\"}]}<\/script>\n<!-- \/ Yoast SEO plugin. -->","yoast_head_json":{"title":"Avbokning av nyhetsbrev - BELFOR Sweden","robots":{"index":"noindex","follow":"follow"},"og_locale":"sv_SE","og_type":"article","og_title":"Avbokning av nyhetsbrev - BELFOR Sweden","og_description":"Du har framg\u00e5ngsrikt avregistrerats fr\u00e5n v\u00e5rt nyhetsbrev.","og_url":"https:\/\/www.belfor.com\/se\/sv\/avbokning-av-nyhetsbrev\/","og_site_name":"BELFOR Sweden","article_modified_time":"2025-06-25T09:43:49+00:00","twitter_card":"summary_large_image","twitter_misc":{"Est. reading time":"1 minute"},"schema":{"@context":"https:\/\/schema.org","@graph":[{"@type":"WebPage","@id":"https:\/\/www.belfor.com\/se\/sv\/avbokning-av-nyhetsbrev\/","url":"https:\/\/www.belfor.com\/se\/sv\/avbokning-av-nyhetsbrev\/","name":"Avbokning av nyhetsbrev - BELFOR Sweden","isPartOf":{"@id":"https:\/\/www.belfor.com\/se\/sv\/#website"},"datePublished":"2024-08-22T10:44:29+00:00","dateModified":"2025-06-25T09:43:49+00:00","breadcrumb":{"@id":"https:\/\/www.belfor.com\/se\/sv\/avbokning-av-nyhetsbrev\/#breadcrumb"},"inLanguage":"sv-SE","potentialAction":[{"@type":"ReadAction","target":["https:\/\/www.belfor.com\/se\/sv\/avbokning-av-nyhetsbrev\/"]}]},{"@type":"BreadcrumbList","@id":"https:\/\/www.belfor.com\/se\/sv\/avbokning-av-nyhetsbrev\/#breadcrumb","itemListElement":[{"@type":"ListItem","position":1,"name":"Home","item":"https:\/\/www.belfor.com\/se\/sv\/"},{"@type":"ListItem","position":2,"name":"Avbokning av nyhetsbrev"}]},{"@type":"WebSite","@id":"https:\/\/www.belfor.com\/se\/sv\/#website","url":"https:\/\/www.belfor.com\/se\/sv\/","name":"BELFOR Sweden","description":"","potentialAction":[{"@type":"SearchAction","target":{"@type":"EntryPoint","urlTemplate":"https:\/\/www.belfor.com\/se\/sv\/?s={search_term_string}"},"query-input":{"@type":"PropertyValueSpecification","valueRequired":true,"valueName":"search_term_string"}}],"inLanguage":"sv-SE"}]}},"_links":{"self":[{"href":"https:\/\/www.belfor.com\/se\/sv\/wp-json\/wp\/v2\/pages\/895","targetHints":{"allow":["GET"]}}],"collection":[{"href":"https:\/\/www.belfor.com\/se\/sv\/wp-json\/wp\/v2\/pages"}],"about":[{"href":"https:\/\/www.belfor.com\/se\/sv\/wp-json\/wp\/v2\/types\/page"}],"author":[{"embeddable":true,"href":"https:\/\/www.belfor.com\/se\/sv\/wp-json\/wp\/v2\/users\/8"}],"replies":[{"embeddable":true,"href":"https:\/\/www.belfor.com\/se\/sv\/wp-json\/wp\/v2\/comments?post=895"}],"version-history":[{"count":2,"href":"https:\/\/www.belfor.com\/se\/sv\/wp-json\/wp\/v2\/pages\/895\/revisions"}],"predecessor-version":[{"id":897,"href":"https:\/\/www.belfor.com\/se\/sv\/wp-json\/wp\/v2\/pages\/895\/revisions\/897"}],"wp:attachment":[{"href":"https:\/\/www.belfor.com\/se\/sv\/wp-json\/wp\/v2\/media?parent=895"}],"curies":[{"name":"wp","href":"https:\/\/api.w.org\/{rel}","templated":true}]}}