{"id":48,"date":"2024-05-29T11:33:47","date_gmt":"2024-05-29T09:33:47","guid":{"rendered":"https:\/\/www.belfor.com\/se\/?page_id=48"},"modified":"2025-03-05T15:23:34","modified_gmt":"2025-03-05T13:23:34","slug":"avtryck","status":"publish","type":"page","link":"https:\/\/www.belfor.com\/se\/sv\/avtryck\/","title":{"rendered":"Avtryck"},"content":{"rendered":"\n<p>BELFOR Sweden AB<br>Box 42 116<br>126 14 Stockholm<br>Telefon:&nbsp;&nbsp;+46 08 999924<br><\/p>\n\n\n\n<p>E-post:&nbsp;<a href=\"mailto:skador@belfor.se\">skador@belfor.se<\/a><br><\/p>\n\n\n\n<p>BELFOR Sweden AB representeras av verkst\u00e4llande direkt\u00f6rerna Lars Hall.<br><\/p>\n\n\n\n<p>Bolagsverket&nbsp;Sundsvall<br>Handelsregistrets registreringsnummer:&nbsp;556076-1891<br><\/p>\n\n\n\n<p>Momsregistreringsnummer:&nbsp;SE556076189101<br><\/p>\n\n\n\n<p>Ansvarlig for indhold i henhold til \u00a7 18 Abs. 2 Medienstaatsvertrag: Sheldon Yellen<br><\/p>\n\n\n\n<p>Ansvarsfraskrivelse: P\u00e5 trods af omhyggelig kontrol med indholdet p\u00e5tager vi os intet ansvar for indholdet af eksterne links. Operat\u00f8rerne af de linkede sider er alene ansvarlige for deres indhold.<\/p>\n","protected":false},"excerpt":{"rendered":"<p>BELFOR Sweden ABBox 42 116126 14 StockholmTelefon:&nbsp;&nbsp;+46 08 999924 E-post:&nbsp;skador@belfor.se BELFOR Sweden AB representeras av verkst\u00e4llande direkt\u00f6rerna Lars Hall. Bolagsverket&nbsp;SundsvallHandelsregistrets registreringsnummer:&nbsp;556076-1891 Momsregistreringsnummer:&nbsp;SE556076189101 Ansvarlig for indhold i henhold til \u00a7 18 Abs. 2 Medienstaatsvertrag: Sheldon Yellen Ansvarsfraskrivelse: P\u00e5 trods af omhyggelig kontrol med indholdet p\u00e5tager vi os intet ansvar for indholdet af eksterne links. Operat\u00f8rerne af&#8230;<\/p>\n","protected":false},"author":9,"featured_media":0,"parent":0,"menu_order":7,"comment_status":"closed","ping_status":"closed","template":"templates\/template-simple-text.php","meta":{"_acf_changed":false,"inline_featured_image":false,"footnotes":""},"class_list":["post-48","page","type-page","status-publish","hentry"],"acf":[],"yoast_head":"<!-- This site is optimized with the Yoast SEO plugin v27.4 - https:\/\/yoast.com\/product\/yoast-seo-wordpress\/ -->\n<title>Avtryck - BELFOR Sweden<\/title>\n<meta name=\"robots\" content=\"index, follow, max-snippet:-1, max-image-preview:large, max-video-preview:-1\" \/>\n<link rel=\"canonical\" href=\"https:\/\/www.belfor.com\/se\/sv\/avtryck\/\" \/>\n<meta property=\"og:locale\" content=\"sv_SE\" \/>\n<meta property=\"og:type\" content=\"article\" \/>\n<meta property=\"og:title\" content=\"Avtryck - BELFOR Sweden\" \/>\n<meta property=\"og:description\" content=\"BELFOR Sweden ABBox 42 116126 14 StockholmTelefon:&nbsp;&nbsp;+46 08 999924 E-post:&nbsp;skador@belfor.se BELFOR Sweden AB representeras av verkst\u00e4llande direkt\u00f6rerna Lars Hall. Bolagsverket&nbsp;SundsvallHandelsregistrets registreringsnummer:&nbsp;556076-1891 Momsregistreringsnummer:&nbsp;SE556076189101 Ansvarlig for indhold i henhold til \u00a7 18 Abs. 2 Medienstaatsvertrag: Sheldon Yellen Ansvarsfraskrivelse: P\u00e5 trods af omhyggelig kontrol med indholdet p\u00e5tager vi os intet ansvar for indholdet af eksterne links. Operat\u00f8rerne af...\" \/>\n<meta property=\"og:url\" content=\"https:\/\/www.belfor.com\/se\/sv\/avtryck\/\" \/>\n<meta property=\"og:site_name\" content=\"BELFOR Sweden\" \/>\n<meta property=\"article:modified_time\" content=\"2025-03-05T13:23:34+00:00\" \/>\n<meta name=\"twitter:card\" content=\"summary_large_image\" \/>\n<meta name=\"twitter:label1\" content=\"Est. reading time\" \/>\n\t<meta name=\"twitter:data1\" content=\"1 minute\" \/>\n<script type=\"application\/ld+json\" class=\"yoast-schema-graph\">{\"@context\":\"https:\\\/\\\/schema.org\",\"@graph\":[{\"@type\":\"WebPage\",\"@id\":\"https:\\\/\\\/www.belfor.com\\\/se\\\/sv\\\/avtryck\\\/\",\"url\":\"https:\\\/\\\/www.belfor.com\\\/se\\\/sv\\\/avtryck\\\/\",\"name\":\"Avtryck - BELFOR Sweden\",\"isPartOf\":{\"@id\":\"https:\\\/\\\/www.belfor.com\\\/se\\\/sv\\\/#website\"},\"datePublished\":\"2024-05-29T09:33:47+00:00\",\"dateModified\":\"2025-03-05T13:23:34+00:00\",\"breadcrumb\":{\"@id\":\"https:\\\/\\\/www.belfor.com\\\/se\\\/sv\\\/avtryck\\\/#breadcrumb\"},\"inLanguage\":\"sv-SE\",\"potentialAction\":[{\"@type\":\"ReadAction\",\"target\":[\"https:\\\/\\\/www.belfor.com\\\/se\\\/sv\\\/avtryck\\\/\"]}]},{\"@type\":\"BreadcrumbList\",\"@id\":\"https:\\\/\\\/www.belfor.com\\\/se\\\/sv\\\/avtryck\\\/#breadcrumb\",\"itemListElement\":[{\"@type\":\"ListItem\",\"position\":1,\"name\":\"Home\",\"item\":\"https:\\\/\\\/www.belfor.com\\\/se\\\/sv\\\/\"},{\"@type\":\"ListItem\",\"position\":2,\"name\":\"Avtryck\"}]},{\"@type\":\"WebSite\",\"@id\":\"https:\\\/\\\/www.belfor.com\\\/se\\\/sv\\\/#website\",\"url\":\"https:\\\/\\\/www.belfor.com\\\/se\\\/sv\\\/\",\"name\":\"BELFOR Sweden\",\"description\":\"\",\"potentialAction\":[{\"@type\":\"SearchAction\",\"target\":{\"@type\":\"EntryPoint\",\"urlTemplate\":\"https:\\\/\\\/www.belfor.com\\\/se\\\/sv\\\/?s={search_term_string}\"},\"query-input\":{\"@type\":\"PropertyValueSpecification\",\"valueRequired\":true,\"valueName\":\"search_term_string\"}}],\"inLanguage\":\"sv-SE\"}]}<\/script>\n<!-- \/ Yoast SEO plugin. -->","yoast_head_json":{"title":"Avtryck - BELFOR Sweden","robots":{"index":"index","follow":"follow","max-snippet":"max-snippet:-1","max-image-preview":"max-image-preview:large","max-video-preview":"max-video-preview:-1"},"canonical":"https:\/\/www.belfor.com\/se\/sv\/avtryck\/","og_locale":"sv_SE","og_type":"article","og_title":"Avtryck - BELFOR Sweden","og_description":"BELFOR Sweden ABBox 42 116126 14 StockholmTelefon:&nbsp;&nbsp;+46 08 999924 E-post:&nbsp;skador@belfor.se BELFOR Sweden AB representeras av verkst\u00e4llande direkt\u00f6rerna Lars Hall. Bolagsverket&nbsp;SundsvallHandelsregistrets registreringsnummer:&nbsp;556076-1891 Momsregistreringsnummer:&nbsp;SE556076189101 Ansvarlig for indhold i henhold til \u00a7 18 Abs. 2 Medienstaatsvertrag: Sheldon Yellen Ansvarsfraskrivelse: P\u00e5 trods af omhyggelig kontrol med indholdet p\u00e5tager vi os intet ansvar for indholdet af eksterne links. Operat\u00f8rerne af...","og_url":"https:\/\/www.belfor.com\/se\/sv\/avtryck\/","og_site_name":"BELFOR Sweden","article_modified_time":"2025-03-05T13:23:34+00:00","twitter_card":"summary_large_image","twitter_misc":{"Est. reading time":"1 minute"},"schema":{"@context":"https:\/\/schema.org","@graph":[{"@type":"WebPage","@id":"https:\/\/www.belfor.com\/se\/sv\/avtryck\/","url":"https:\/\/www.belfor.com\/se\/sv\/avtryck\/","name":"Avtryck - BELFOR Sweden","isPartOf":{"@id":"https:\/\/www.belfor.com\/se\/sv\/#website"},"datePublished":"2024-05-29T09:33:47+00:00","dateModified":"2025-03-05T13:23:34+00:00","breadcrumb":{"@id":"https:\/\/www.belfor.com\/se\/sv\/avtryck\/#breadcrumb"},"inLanguage":"sv-SE","potentialAction":[{"@type":"ReadAction","target":["https:\/\/www.belfor.com\/se\/sv\/avtryck\/"]}]},{"@type":"BreadcrumbList","@id":"https:\/\/www.belfor.com\/se\/sv\/avtryck\/#breadcrumb","itemListElement":[{"@type":"ListItem","position":1,"name":"Home","item":"https:\/\/www.belfor.com\/se\/sv\/"},{"@type":"ListItem","position":2,"name":"Avtryck"}]},{"@type":"WebSite","@id":"https:\/\/www.belfor.com\/se\/sv\/#website","url":"https:\/\/www.belfor.com\/se\/sv\/","name":"BELFOR Sweden","description":"","potentialAction":[{"@type":"SearchAction","target":{"@type":"EntryPoint","urlTemplate":"https:\/\/www.belfor.com\/se\/sv\/?s={search_term_string}"},"query-input":{"@type":"PropertyValueSpecification","valueRequired":true,"valueName":"search_term_string"}}],"inLanguage":"sv-SE"}]}},"_links":{"self":[{"href":"https:\/\/www.belfor.com\/se\/sv\/wp-json\/wp\/v2\/pages\/48","targetHints":{"allow":["GET"]}}],"collection":[{"href":"https:\/\/www.belfor.com\/se\/sv\/wp-json\/wp\/v2\/pages"}],"about":[{"href":"https:\/\/www.belfor.com\/se\/sv\/wp-json\/wp\/v2\/types\/page"}],"author":[{"embeddable":true,"href":"https:\/\/www.belfor.com\/se\/sv\/wp-json\/wp\/v2\/users\/9"}],"replies":[{"embeddable":true,"href":"https:\/\/www.belfor.com\/se\/sv\/wp-json\/wp\/v2\/comments?post=48"}],"version-history":[{"count":3,"href":"https:\/\/www.belfor.com\/se\/sv\/wp-json\/wp\/v2\/pages\/48\/revisions"}],"predecessor-version":[{"id":1122,"href":"https:\/\/www.belfor.com\/se\/sv\/wp-json\/wp\/v2\/pages\/48\/revisions\/1122"}],"wp:attachment":[{"href":"https:\/\/www.belfor.com\/se\/sv\/wp-json\/wp\/v2\/media?parent=48"}],"curies":[{"name":"wp","href":"https:\/\/api.w.org\/{rel}","templated":true}]}}