{"id":293,"date":"2024-07-02T16:16:03","date_gmt":"2024-07-02T14:16:03","guid":{"rendered":"https:\/\/www.belfor.com\/se\/?page_id=293"},"modified":"2024-08-05T16:37:26","modified_gmt":"2024-08-05T14:37:26","slug":"sitemap","status":"publish","type":"page","link":"https:\/\/www.belfor.com\/se\/sv\/sitemap\/","title":{"rendered":"\u00d6versiktsplan"},"content":{"rendered":"<div class=\"m-block  gt -title-has-decor l-content-simple-1\"  >\n\n\t\n\t\n\t<div class=\"m-block__container container\" style=\"\">\n\n\t\t<div class=\"l-heading text-left l-heading-v1\">\n\n\t\t\t    <div class=\"c-heading -h2 \">\n\t\t\n\t\t\n\t\t\t\t\t<h2  class=\"c-heading__title\">BELFOR Sitemap<\/h2>\t\t\n\t\t    <\/div>\n\n\t\t\t\n\t\t<\/div>\n\n\t<\/div>\n\n\t\n<\/div>\n\n\n<div class=\"m-shortcode   gb\"  >\n\n\t\n\t<div class=\"m-shortcode__container container\" style=\"\">\n\t\t<div class=\"m-shortcode__inner c-form\">\n\n\t\t\t<div class=\"wsp-container\"><h2 class=\"wsp-pages-title\">Pages<\/h2>\n<ul class=\"wsp-pages-list\">\n<li class=\"page_item page-item-9\"><a href=\"https:\/\/www.belfor.com\/se\/sv\/\">Home<\/a><\/li>\n<li class=\"page_item page-item-193 page_item_has_children\"><a href=\"https:\/\/www.belfor.com\/se\/sv\/om-oss\/\">Om oss<\/a>\n<ul class='children'>\n\t<li class=\"page_item page-item-195\"><a href=\"https:\/\/www.belfor.com\/se\/sv\/om-oss\/om-belfor\/\">Om BELFOR<\/a><\/li>\n\t<li class=\"page_item page-item-197\"><a href=\"https:\/\/www.belfor.com\/se\/sv\/om-oss\/iso-certifierade\/\">ISO Certifierade<\/a><\/li>\n\t<li class=\"page_item page-item-198\"><a href=\"https:\/\/www.belfor.com\/se\/sv\/om-oss\/vi-stoedjer\/\">Vi st\u00f6djer<\/a><\/li>\n\t<li class=\"page_item page-item-201\"><a href=\"https:\/\/www.belfor.com\/se\/sv\/om-oss\/innovation\/\">Innovation<\/a><\/li>\n\t<li class=\"page_item page-item-203\"><a href=\"https:\/\/www.belfor.com\/se\/sv\/om-oss\/hallbarhet\/\">H\u00e5llbarhet<\/a><\/li>\n<\/ul>\n<\/li>\n<li class=\"page_item page-item-252\"><a href=\"https:\/\/www.belfor.com\/se\/sv\/vara-kontor\/\">V\u00e5ra kontor<\/a><\/li>\n<li class=\"page_item page-item-56 page_item_has_children\"><a href=\"https:\/\/www.belfor.com\/se\/sv\/vara-kunder\/\">V\u00e5ra kunder<\/a>\n<ul class='children'>\n\t<li class=\"page_item page-item-59\"><a href=\"https:\/\/www.belfor.com\/se\/sv\/vara-kunder\/foersaekringsbolag\/\">F\u00f6rs\u00e4kringsbolag<\/a><\/li>\n\t<li class=\"page_item page-item-60\"><a href=\"https:\/\/www.belfor.com\/se\/sv\/vara-kunder\/skadereglerare\/\">Skadereglerare<\/a><\/li>\n\t<li class=\"page_item page-item-61\"><a href=\"https:\/\/www.belfor.com\/se\/sv\/vara-kunder\/fastighetsaegare-brf\/\">Fastighets\u00e4gare \/ BRF<\/a><\/li>\n\t<li class=\"page_item page-item-62\"><a href=\"https:\/\/www.belfor.com\/se\/sv\/vara-kunder\/foeretag-industri\/\">F\u00f6retag \/ Industri<\/a><\/li>\n<\/ul>\n<\/li>\n<li class=\"page_item page-item-63 page_item_has_children\"><a href=\"https:\/\/www.belfor.com\/se\/sv\/vara-tjaenster\/\">V\u00e5ra tj\u00e4nster<\/a>\n<ul class='children'>\n\t<li class=\"page_item page-item-97 page_item_has_children\"><a href=\"https:\/\/www.belfor.com\/se\/sv\/vara-tjaenster\/skadeservice\/\">Skadeservice<\/a>\n\t<ul class='children'>\n\t\t<li class=\"page_item page-item-64\"><a href=\"https:\/\/www.belfor.com\/se\/sv\/vara-tjaenster\/skadeservice\/asbest\/\">Asbest<\/a><\/li>\n\t\t<li class=\"page_item page-item-65\"><a href=\"https:\/\/www.belfor.com\/se\/sv\/vara-tjaenster\/skadeservice\/avloppsskador\/\">Avloppsskador<\/a><\/li>\n\t\t<li class=\"page_item page-item-66\"><a href=\"https:\/\/www.belfor.com\/se\/sv\/vara-tjaenster\/skadeservice\/bostadsroejning\/\">Bostadsr\u00f6jning<\/a><\/li>\n\t\t<li class=\"page_item page-item-67\"><a href=\"https:\/\/www.belfor.com\/se\/sv\/vara-tjaenster\/skadeservice\/brand-och-sotskador\/\">Brand- och sotskador<\/a><\/li>\n\t\t<li class=\"page_item page-item-68\"><a href=\"https:\/\/www.belfor.com\/se\/sv\/vara-tjaenster\/skadeservice\/isblaestring\/\">Isbl\u00e4string<\/a><\/li>\n\t\t<li class=\"page_item page-item-69\"><a href=\"https:\/\/www.belfor.com\/se\/sv\/vara-tjaenster\/skadeservice\/klottersanering\/\">Klottersanering<\/a><\/li>\n\t\t<li class=\"page_item page-item-70\"><a href=\"https:\/\/www.belfor.com\/se\/sv\/vara-tjaenster\/skadeservice\/luktbehandlingar\/\">Luktbehandlingar<\/a><\/li>\n\t\t<li class=\"page_item page-item-71\"><a href=\"https:\/\/www.belfor.com\/se\/sv\/vara-tjaenster\/skadeservice\/loesoereshantering\/\">L\u00f6s\u00f6reshantering<\/a><\/li>\n\t\t<li class=\"page_item page-item-72\"><a href=\"https:\/\/www.belfor.com\/se\/sv\/vara-tjaenster\/skadeservice\/moegelskador\/\">M\u00f6gelskador<\/a><\/li>\n\t\t<li class=\"page_item page-item-73\"><a href=\"https:\/\/www.belfor.com\/se\/sv\/vara-tjaenster\/skadeservice\/pcb-sanering\/\">PCB-sanering<\/a><\/li>\n\t\t<li class=\"page_item page-item-74\"><a href=\"https:\/\/www.belfor.com\/se\/sv\/vara-tjaenster\/skadeservice\/restvaerdesraeddning\/\">Restv\u00e4rdesr\u00e4ddning<\/a><\/li>\n\t\t<li class=\"page_item page-item-75\"><a href=\"https:\/\/www.belfor.com\/se\/sv\/vara-tjaenster\/skadeservice\/rivning\/\">Rivning<\/a><\/li>\n\t\t<li class=\"page_item page-item-76\"><a href=\"https:\/\/www.belfor.com\/se\/sv\/vara-tjaenster\/skadeservice\/sanering\/\">Sanering<\/a><\/li>\n\t\t<li class=\"page_item page-item-77\"><a href=\"https:\/\/www.belfor.com\/se\/sv\/vara-tjaenster\/skadeservice\/skadebesiktning\/\">Skadebesiktning<\/a><\/li>\n\t\t<li class=\"page_item page-item-78\"><a href=\"https:\/\/www.belfor.com\/se\/sv\/vara-tjaenster\/skadeservice\/kloridmaetning-och-elektroniksanering\/\">Kloridm\u00e4tning och Elektroniksanering<\/a><\/li>\n\t<\/ul>\n<\/li>\n\t<li class=\"page_item page-item-79 page_item_has_children\"><a href=\"https:\/\/www.belfor.com\/se\/sv\/vara-tjaenster\/torkteknik\/\">Torkteknik<\/a>\n\t<ul class='children'>\n\t\t<li class=\"page_item page-item-80\"><a href=\"https:\/\/www.belfor.com\/se\/sv\/vara-tjaenster\/torkteknik\/avfuktning-vid-vattenskada\/\">Avfuktning vid vattenskada<\/a><\/li>\n\t\t<li class=\"page_item page-item-81\"><a href=\"https:\/\/www.belfor.com\/se\/sv\/vara-tjaenster\/torkteknik\/distansstyrning-vid-vattenskada\/\">Distansstyrning vid vattenskada<\/a><\/li>\n\t\t<li class=\"page_item page-item-82\"><a href=\"https:\/\/www.belfor.com\/se\/sv\/vara-tjaenster\/torkteknik\/hussvamp\/\">Hussvamp<\/a><\/li>\n\t\t<li class=\"page_item page-item-83\"><a href=\"https:\/\/www.belfor.com\/se\/sv\/vara-tjaenster\/torkteknik\/skadebesiktning\/\">Skadebesiktning<\/a><\/li>\n\t\t<li class=\"page_item page-item-84\"><a href=\"https:\/\/www.belfor.com\/se\/sv\/vara-tjaenster\/torkteknik\/droenarinspektion\/\">Dr\u00f6narinspektion<\/a><\/li>\n\t\t<li class=\"page_item page-item-85\"><a href=\"https:\/\/www.belfor.com\/se\/sv\/vara-tjaenster\/torkteknik\/fjaerravlaesning-av-fukt-vattenskador-och-byggklimat\/\">Fj\u00e4rravl\u00e4sning av fukt, vattenskador och byggklimat<\/a><\/li>\n\t\t<li class=\"page_item page-item-86\"><a href=\"https:\/\/www.belfor.com\/se\/sv\/vara-tjaenster\/torkteknik\/fuktmaetningar-och-kontroller\/\">Fuktm\u00e4tningar och kontroller<\/a><\/li>\n\t<\/ul>\n<\/li>\n\t<li class=\"page_item page-item-87 page_item_has_children\"><a href=\"https:\/\/www.belfor.com\/se\/sv\/vara-tjaenster\/fuktkonsult\/\">Fuktkonsult<\/a>\n\t<ul class='children'>\n\t\t<li class=\"page_item page-item-88\"><a href=\"https:\/\/www.belfor.com\/se\/sv\/vara-tjaenster\/fuktkonsult\/fuktsakkunnig\/\">Fuktsakkunnig<\/a><\/li>\n\t\t<li class=\"page_item page-item-89\"><a href=\"https:\/\/www.belfor.com\/se\/sv\/vara-tjaenster\/fuktkonsult\/fuktsaekerhetsansvarig\/\">Fukts\u00e4kerhetsansvarig<\/a><\/li>\n\t\t<li class=\"page_item page-item-90\"><a href=\"https:\/\/www.belfor.com\/se\/sv\/vara-tjaenster\/fuktkonsult\/fuktsakerhetsprojektering\/\">Fuktsakerhetsprojektering<\/a><\/li>\n\t\t<li class=\"page_item page-item-91\"><a href=\"https:\/\/www.belfor.com\/se\/sv\/vara-tjaenster\/fuktkonsult\/radgivning-vid-byggnation\/\">R\u00e5dgivning vid byggnation<\/a><\/li>\n\t\t<li class=\"page_item page-item-92\"><a href=\"https:\/\/www.belfor.com\/se\/sv\/vara-tjaenster\/fuktkonsult\/fukt-inomhusmiljoeutredningar\/\">Fukt &amp; inomhusmilj\u00f6utredningar<\/a><\/li>\n\t\t<li class=\"page_item page-item-93\"><a href=\"https:\/\/www.belfor.com\/se\/sv\/vara-tjaenster\/fuktkonsult\/rbk-fuktmaetningar\/\">RBK \u2013 Fuktm\u00e4tningar<\/a><\/li>\n\t\t<li class=\"page_item page-item-94\"><a href=\"https:\/\/www.belfor.com\/se\/sv\/vara-tjaenster\/fuktkonsult\/byggavfuktning-styrd-klimathallning\/\">Byggavfuktning \/ styrd klimath\u00e5llning<\/a><\/li>\n\t\t<li class=\"page_item page-item-95\"><a href=\"https:\/\/www.belfor.com\/se\/sv\/vara-tjaenster\/fuktkonsult\/termografering\/\">Termografering<\/a><\/li>\n\t\t<li class=\"page_item page-item-96\"><a href=\"https:\/\/www.belfor.com\/se\/sv\/vara-tjaenster\/fuktkonsult\/lufttaethetsprovning\/\">Luftt\u00e4thetsprovning<\/a><\/li>\n\t<\/ul>\n<\/li>\n\t<li class=\"page_item page-item-138\"><a href=\"https:\/\/www.belfor.com\/se\/sv\/vara-tjaenster\/red-alert\/\">RED ALERT\u00ae<\/a><\/li>\n\t<li class=\"page_item page-item-140\"><a href=\"https:\/\/www.belfor.com\/se\/sv\/vara-tjaenster\/jour\/\">Jour<\/a><\/li>\n<\/ul>\n<\/li>\n<li class=\"page_item page-item-17 current_page_parent\"><a href=\"https:\/\/www.belfor.com\/se\/sv\/nyheter\/\">Nyheter<\/a><\/li>\n<li class=\"page_item page-item-38\"><a href=\"https:\/\/www.belfor.com\/se\/sv\/kontakt\/\">Kontakt<\/a><\/li>\n<li class=\"page_item page-item-48\"><a href=\"https:\/\/www.belfor.com\/se\/sv\/avtryck\/\">Avtryck<\/a><\/li>\n<li class=\"page_item page-item-42\"><a href=\"https:\/\/www.belfor.com\/se\/sv\/var-personuppgiftspolicy\/\">V\u00e5r personuppgiftspolicy<\/a><\/li>\n<li class=\"page_item page-item-44\"><a href=\"https:\/\/www.belfor.com\/se\/sv\/uppfoerandekod-och-anmaelan-enligt-european-whistle-blower-law-visselblasning\/\">Uppf\u00f6randekod och anm\u00e4lan enligt European Whistle Blower Law &#8211; Visselbl\u00e5sning\u00a0<\/a><\/li>\n<li class=\"page_item page-item-293\"><a href=\"https:\/\/www.belfor.com\/se\/sv\/sitemap\/\">\u00d6versiktsplan<\/a><\/li>\n<\/ul>\n<\/div>\n\t\t<\/div>\n\t<\/div>\n<\/div>\n","protected":false},"excerpt":{"rendered":"","protected":false},"author":8,"featured_media":0,"parent":0,"menu_order":10,"comment_status":"closed","ping_status":"closed","template":"","meta":{"_acf_changed":false,"inline_featured_image":false,"footnotes":""},"class_list":["post-293","page","type-page","status-publish","hentry"],"acf":[],"yoast_head":"<!-- This site is optimized with the Yoast SEO plugin v27.3 - https:\/\/yoast.com\/product\/yoast-seo-wordpress\/ -->\n<title>\u00d6versiktsplan - BELFOR Sweden<\/title>\n<meta name=\"robots\" content=\"index, follow, max-snippet:-1, max-image-preview:large, max-video-preview:-1\" \/>\n<link rel=\"canonical\" href=\"https:\/\/www.belfor.com\/se\/sv\/sitemap\/\" \/>\n<meta property=\"og:locale\" content=\"sv_SE\" \/>\n<meta property=\"og:type\" content=\"article\" \/>\n<meta property=\"og:title\" content=\"\u00d6versiktsplan - BELFOR Sweden\" \/>\n<meta property=\"og:url\" content=\"https:\/\/www.belfor.com\/se\/sv\/sitemap\/\" \/>\n<meta property=\"og:site_name\" content=\"BELFOR Sweden\" \/>\n<meta property=\"article:modified_time\" content=\"2024-08-05T14:37:26+00:00\" \/>\n<meta name=\"twitter:card\" content=\"summary_large_image\" \/>\n<script type=\"application\/ld+json\" class=\"yoast-schema-graph\">{\"@context\":\"https:\\\/\\\/schema.org\",\"@graph\":[{\"@type\":\"WebPage\",\"@id\":\"https:\\\/\\\/www.belfor.com\\\/se\\\/sv\\\/sitemap\\\/\",\"url\":\"https:\\\/\\\/www.belfor.com\\\/se\\\/sv\\\/sitemap\\\/\",\"name\":\"\u00d6versiktsplan - BELFOR Sweden\",\"isPartOf\":{\"@id\":\"https:\\\/\\\/www.belfor.com\\\/se\\\/sv\\\/#website\"},\"datePublished\":\"2024-07-02T14:16:03+00:00\",\"dateModified\":\"2024-08-05T14:37:26+00:00\",\"breadcrumb\":{\"@id\":\"https:\\\/\\\/www.belfor.com\\\/se\\\/sv\\\/sitemap\\\/#breadcrumb\"},\"inLanguage\":\"sv-SE\",\"potentialAction\":[{\"@type\":\"ReadAction\",\"target\":[\"https:\\\/\\\/www.belfor.com\\\/se\\\/sv\\\/sitemap\\\/\"]}]},{\"@type\":\"BreadcrumbList\",\"@id\":\"https:\\\/\\\/www.belfor.com\\\/se\\\/sv\\\/sitemap\\\/#breadcrumb\",\"itemListElement\":[{\"@type\":\"ListItem\",\"position\":1,\"name\":\"Home\",\"item\":\"https:\\\/\\\/www.belfor.com\\\/se\\\/sv\\\/\"},{\"@type\":\"ListItem\",\"position\":2,\"name\":\"\u00d6versiktsplan\"}]},{\"@type\":\"WebSite\",\"@id\":\"https:\\\/\\\/www.belfor.com\\\/se\\\/sv\\\/#website\",\"url\":\"https:\\\/\\\/www.belfor.com\\\/se\\\/sv\\\/\",\"name\":\"BELFOR Sweden\",\"description\":\"\",\"potentialAction\":[{\"@type\":\"SearchAction\",\"target\":{\"@type\":\"EntryPoint\",\"urlTemplate\":\"https:\\\/\\\/www.belfor.com\\\/se\\\/sv\\\/?s={search_term_string}\"},\"query-input\":{\"@type\":\"PropertyValueSpecification\",\"valueRequired\":true,\"valueName\":\"search_term_string\"}}],\"inLanguage\":\"sv-SE\"}]}<\/script>\n<!-- \/ Yoast SEO plugin. -->","yoast_head_json":{"title":"\u00d6versiktsplan - BELFOR Sweden","robots":{"index":"index","follow":"follow","max-snippet":"max-snippet:-1","max-image-preview":"max-image-preview:large","max-video-preview":"max-video-preview:-1"},"canonical":"https:\/\/www.belfor.com\/se\/sv\/sitemap\/","og_locale":"sv_SE","og_type":"article","og_title":"\u00d6versiktsplan - BELFOR Sweden","og_url":"https:\/\/www.belfor.com\/se\/sv\/sitemap\/","og_site_name":"BELFOR Sweden","article_modified_time":"2024-08-05T14:37:26+00:00","twitter_card":"summary_large_image","schema":{"@context":"https:\/\/schema.org","@graph":[{"@type":"WebPage","@id":"https:\/\/www.belfor.com\/se\/sv\/sitemap\/","url":"https:\/\/www.belfor.com\/se\/sv\/sitemap\/","name":"\u00d6versiktsplan - BELFOR Sweden","isPartOf":{"@id":"https:\/\/www.belfor.com\/se\/sv\/#website"},"datePublished":"2024-07-02T14:16:03+00:00","dateModified":"2024-08-05T14:37:26+00:00","breadcrumb":{"@id":"https:\/\/www.belfor.com\/se\/sv\/sitemap\/#breadcrumb"},"inLanguage":"sv-SE","potentialAction":[{"@type":"ReadAction","target":["https:\/\/www.belfor.com\/se\/sv\/sitemap\/"]}]},{"@type":"BreadcrumbList","@id":"https:\/\/www.belfor.com\/se\/sv\/sitemap\/#breadcrumb","itemListElement":[{"@type":"ListItem","position":1,"name":"Home","item":"https:\/\/www.belfor.com\/se\/sv\/"},{"@type":"ListItem","position":2,"name":"\u00d6versiktsplan"}]},{"@type":"WebSite","@id":"https:\/\/www.belfor.com\/se\/sv\/#website","url":"https:\/\/www.belfor.com\/se\/sv\/","name":"BELFOR Sweden","description":"","potentialAction":[{"@type":"SearchAction","target":{"@type":"EntryPoint","urlTemplate":"https:\/\/www.belfor.com\/se\/sv\/?s={search_term_string}"},"query-input":{"@type":"PropertyValueSpecification","valueRequired":true,"valueName":"search_term_string"}}],"inLanguage":"sv-SE"}]}},"_links":{"self":[{"href":"https:\/\/www.belfor.com\/se\/sv\/wp-json\/wp\/v2\/pages\/293","targetHints":{"allow":["GET"]}}],"collection":[{"href":"https:\/\/www.belfor.com\/se\/sv\/wp-json\/wp\/v2\/pages"}],"about":[{"href":"https:\/\/www.belfor.com\/se\/sv\/wp-json\/wp\/v2\/types\/page"}],"author":[{"embeddable":true,"href":"https:\/\/www.belfor.com\/se\/sv\/wp-json\/wp\/v2\/users\/8"}],"replies":[{"embeddable":true,"href":"https:\/\/www.belfor.com\/se\/sv\/wp-json\/wp\/v2\/comments?post=293"}],"version-history":[{"count":2,"href":"https:\/\/www.belfor.com\/se\/sv\/wp-json\/wp\/v2\/pages\/293\/revisions"}],"predecessor-version":[{"id":717,"href":"https:\/\/www.belfor.com\/se\/sv\/wp-json\/wp\/v2\/pages\/293\/revisions\/717"}],"wp:attachment":[{"href":"https:\/\/www.belfor.com\/se\/sv\/wp-json\/wp\/v2\/media?parent=293"}],"curies":[{"name":"wp","href":"https:\/\/api.w.org\/{rel}","templated":true}]}}