{"id":203,"date":"2024-06-05T13:14:04","date_gmt":"2024-06-05T11:14:04","guid":{"rendered":"https:\/\/www.belfor.com\/se\/?page_id=203"},"modified":"2024-10-23T09:04:19","modified_gmt":"2024-10-23T07:04:19","slug":"hallbarhet","status":"publish","type":"page","link":"https:\/\/www.belfor.com\/se\/sv\/om-oss\/hallbarhet\/","title":{"rendered":"H\u00e5llbarhet"},"content":{"rendered":"<div class=\"m-banner m-banner--small  -version-2 order-default\" >\n\n\t\n\t\n\t<div class=\"m-banner__container container-fluid\" style='--columns-ratio: 50%;background-color: #ffffff;'>\n\n\t\t\n\t\t<div class=\"m-banner__inner container flex-left style-light\">\n\n\t\t\t<div class=\"l-banner  l-gt-custom l-gb-custom\" style=\"--l-gt-padding: 4.5rem;--l-gb-padding: 4.5rem;\">\n\n\t\t\t\t\n<div class=\"l-banner__text\">\n        <div class=\"l-banner__inner text-left\">\n\n        <div class=\"c-heading -h1\">\n\t\t\t                <div class=\"c-heading__pre\" >\n\t\t\t\t\tAnsvarsfullt in i framtiden &#8211; med BELFOR                <\/div>\n\t\t\t\n\t\t\t\t\t\t\t<h1 style=\"color:#000000;\" class=\"c-heading__title\">H\u00e5llbarhet<\/h1>\t\t\t\n\t\t\t        <\/div>\n\n\t\t    <\/div>\n    \n\t<\/div>\n\n    <div class=\"l-banner__media\">\n\t\t\t\t\t\n\t\t\t\t            <div class=\"c-image\">\n            <figure class=\"c-image__media c-image__primary\">\n                <img decoding=\"async\" class=\"c-image__src lazy\" loading=\"lazy\" src=\"https:\/\/www.belfor.com\/se\/wp-content\/uploads\/sites\/13\/2024\/07\/Two-female-hands-holding-a-small-plant_1920x1080px-1024x576.jpg\"  alt=\"Tv\u00e5 kvinnoh\u00e4nder h\u00e5ller i en liten v\u00e4xt\" width=\"1024\" height=\"576\"\/>            <\/figure>\n        <\/div>\n    \n\t\t\t\n\t\t    <\/div>\n\n\t\t\t<\/div>\n\n\t\t\t\t\t<\/div>\n\t<\/div>\n\n    <!-- scroll down-->\n    <div class=\"scroll-down\">\n        <div class=\"scroll-down__line-box line-box\">\n            <div class=\"line\"><\/div>\n        <\/div>\n        <div class=\"scroll-down__icon\">\n            <svg class=\"o-icon u-fill-current\" aria-hidden=\"true\">\n                <use xlink:href=\"#scroll-down\"><\/use>\n            <\/svg>\n        <\/div>\n    <\/div>\n    <!-- scroll down : end-->\n\n<\/div>\n\n\n<div class=\"m-breadcrumb \">\n\t\n\t<div class=\"blog-breadcrumb\">\n\t\t<div class=\"blog-breadcrumb__inner inner-frame\">\n\t\t\t<span property=\"itemListElement\" typeof=\"ListItem\"><a property=\"item\" typeof=\"WebPage\" title=\"Go to BELFOR.\" href=\"https:\/\/www.belfor.com\/\" class=\"main-home\" ><span property=\"name\">BELFOR<\/span><\/a><meta property=\"position\" content=\"1\"><\/span> &gt; <span property=\"itemListElement\" typeof=\"ListItem\"><a property=\"item\" typeof=\"WebPage\" title=\"Go to BELFOR Sweden.\" href=\"https:\/\/www.belfor.com\/se\/sv\/\" class=\"home\" ><span property=\"name\">BELFOR Sweden<\/span><\/a><meta property=\"position\" content=\"2\"><\/span> &gt; <span property=\"itemListElement\" typeof=\"ListItem\"><a property=\"item\" typeof=\"WebPage\" title=\"Go to Nyheter.\" href=\"https:\/\/www.belfor.com\/se\/sv\/nyheter\/\" class=\"post-root post post-post\" aria-current=\"page\"><span property=\"name\">Nyheter<\/span><\/a><meta property=\"position\" content=\"3\"><\/span>\t\t<\/div>\n\t<\/div>\n\n<\/div>\n\n\n<div class=\"m-wrapper  mt mb-custom -version-7 container\" style='--margin-bottom: 15rem;'>\n\n\t\n\t\n\t<div class=\"m-wrapper__inner\">\n\t\t\n\n<div class=\"m-block l-links-list   gt gb\"  >\n\n\t    <div class=\"m-block__container container\"\n         style=\"\">\n\n        <div class=\"l-heading text-center l-heading-v1\">\n\t\t\t        <div class=\"c-heading -h2 \">\n\t\t\n\t\t\n\t\t\t\t\t<h2  class=\"c-heading__title\">L\u00e4s mer<\/h2>\t\t\n\t\t    <\/div>\n\n\t\t\t                <ul>\n\t\t\t\t\t                        <li>\n\t\t\t\t\t\t\t\n\t\t\t\t\t\t\t\t                                    <a href=\"\/se\/sv\/om-oss\/om-belfor\/\"\n\t\t\t\t\t\t\t\t\t\t                                        class=\"link\">Om BELFOR                                    <\/a>\n\t\t\t\t\t\t\t\t\n\t\t\t\t\t\t\t                        <\/li>\n\t\t\t\t\t                        <li>\n\t\t\t\t\t\t\t\n\t\t\t\t\t\t\t\t                                    <a href=\"\/se\/sv\/om-oss\/iso-certifierade\/\"\n\t\t\t\t\t\t\t\t\t\t                                        class=\"link\">ISO Certifierade                                    <\/a>\n\t\t\t\t\t\t\t\t\n\t\t\t\t\t\t\t                        <\/li>\n\t\t\t\t\t                        <li>\n\t\t\t\t\t\t\t\n\t\t\t\t\t\t\t\t                                    <a href=\"\/se\/sv\/om-oss\/vi-stoedjer\/\"\n\t\t\t\t\t\t\t\t\t\t                                        class=\"link\">Vi st\u00f6djer                                    <\/a>\n\t\t\t\t\t\t\t\t\n\t\t\t\t\t\t\t                        <\/li>\n\t\t\t\t\t                        <li>\n\t\t\t\t\t\t\t\n\t\t\t\t\t\t\t\t                                    <a href=\"\/se\/sv\/om-oss\/innovation\/\"\n\t\t\t\t\t\t\t\t\t\t                                        class=\"link\">Innovation                                    <\/a>\n\t\t\t\t\t\t\t\t\n\t\t\t\t\t\t\t                        <\/li>\n\t\t\t\t\t                        <li>\n\t\t\t\t\t\t\t\n\t\t\t\t\t\t\t\t                                    <a href=\"\/se\/sv\/om-oss\/hallbarhet\/\"\n\t\t\t\t\t\t\t\t\t\t                                        class=\"link\">H\u00e5llbarhet                                    <\/a>\n\t\t\t\t\t\t\t\t\n\t\t\t\t\t\t\t                        <\/li>\n\t\t\t\t\t                <\/ul>\n\t\t\t\n        <\/div>\n    <\/div>\n<\/div>\n\n\n<div class=\"m-block  l-content-2\"  >\n\n\t\n\t\n\t<div class=\"m-block__container container\" style=\"\">\n\n\t\t<div class=\"l-dcbl l-dcbl-v1\">\n\n\t\t\t\n<div class=\"c-block order-default is-vertical\" style=\"--c-block-radius:0px; --c-block-gl: 0%;--c-block-gr: 0%;--c-block-gt: 0%;--c-block-gb: 0%;--columns-ratio: 50%;\">\n    <div class=\"c-block__col c-block__text text-left align-center\"\n         style=\"--c-txt-gl: 0%; --c-txt-gr: 0%; --c-txt-gt: 0%; --c-txt-gb: 0%;\">\n        <div class=\"c-block__inner\">\n\n\t\t\t            \n\t\t\t    <div class=\"c-heading -h2 \">\n\t\t\n\t\t\n\t\t\t\t\t<h2  class=\"c-heading__title\">H\u00e5llbarhet \u00e4r i v\u00e5r DNA<\/h2>\t\t\n\t\t    <\/div>\n    <div class=\"c-heading__description is-wysiwyg\">\n        <p>Som v\u00e4rldens st\u00f6rsta renoveringsf\u00f6retag vill vi inte bara g\u00f6ra byggnader eller maskiner anv\u00e4ndbara igen efter skador, utan ocks\u00e5 bevara livsbetingelserna f\u00f6r kommande generationer. Vi drar nytta av att v\u00e5r aff\u00e4rsmodell i grunden \u00e4r h\u00e5llbar. N\u00e4r allt kommer omkring \u00e4r renovering n\u00e4stan alltid mer resurseffektivt \u00e4n ett nytt k\u00f6p eller en ny konstruktion. Vi vilar dock inte p\u00e5 v\u00e5ra lagrar. Ist\u00e4llet \u00e4r v\u00e5rt m\u00e5l att reparera skador p\u00e5 ett s\u00e5dant s\u00e4tt att det g\u00f6r s\u00e5 lite skada p\u00e5 milj\u00f6n som m\u00f6jligt.<\/p>\n<h3>P\u00e5 r\u00e4tt sp\u00e5r p\u00e5 plats &#8230;<\/h3>\n<p>I v\u00e5r verksamhet str\u00e4var vi d\u00e4rf\u00f6r alltid efter att minska v\u00e5r p\u00e5verkan p\u00e5 klimat och milj\u00f6. Det b\u00f6rjar med att vi anv\u00e4nder de mest energieffektiva torkarna p\u00e5 marknaden och slutar inte med att vi anv\u00e4nder s\u00e4rskilt milj\u00f6v\u00e4nliga reng\u00f6ringsmedel. Integrationen av teknik bidrar ocks\u00e5 till att skydda milj\u00f6n. Det b\u00e4sta exemplet \u00e4r BELFOR 360\u00b0DamageScan, som eliminerar behovet av upprepade resor till skadeplatsen.<\/p>\n<h3>&#8230;och i ditt eget hem.<\/h3>\n<p>Vi formar ocks\u00e5 f\u00f6r\u00e4ndringen mot \u00f6kad h\u00e5llbarhet p\u00e5 v\u00e5ra platser och i v\u00e5ra interna processer. Flexibelt arbete och anv\u00e4ndning av digitala verktyg minskar redan CO2-utsl\u00e4ppen hos BELFOR, till exempel genom att eliminera resor och spara papper. N\u00e4sta steg blir en gradvis elektrifiering av v\u00e5r flotta. V\u00e5ra skandinaviska filialer visar v\u00e4gen h\u00e4r, med n\u00e4stan 100 % av dem som redan reser med elfordon p\u00e5 v\u00e4gen mot CO2-neutralitet.<\/p>\n<h3>Mer \u00e4n &#8220;bara&#8221; ekologiskt h\u00e5llbar.<\/h3>\n<p>Naturligtvis \u00e4r vi ocks\u00e5 medvetna om v\u00e5rt ansvar gentemot samh\u00e4llet i allm\u00e4nhet och v\u00e5ra medarbetare i synnerhet. D\u00e4rf\u00f6r stannar inte v\u00e5rt engagemang vid klimat- och milj\u00f6skydd. Vi str\u00e4var ocks\u00e5 efter att agera p\u00e5 ett ekonomiskt h\u00e5llbart s\u00e4tt f\u00f6r att trygga arbetstillf\u00e4llen p\u00e5 l\u00e5ng sikt genom sunda aff\u00e4rsmetoder. Dessutom har vi \u00e5tagit oss att agera i enlighet med lagar och lokala best\u00e4mmelser p\u00e5 alla marknader d\u00e4r vi \u00e4r verksamma. Detta \u00e4r bara tv\u00e5 exempel p\u00e5 v\u00e5rt kristallklara engagemang f\u00f6r v\u00e5rt ansvar som ett globalt verksamt f\u00f6retag.<\/p>\n<h3>V\u00e5rt m\u00e5l: att uppn\u00e5 FN:s m\u00e5l.<\/h3>\n<p>BELFORs arbete med att f\u00f6rb\u00e4ttra h\u00e5llbarheten utg\u00e5r fr\u00e5n FN:s m\u00e5l f\u00f6r h\u00e5llbar utveckling. Vi fokuserar p\u00e5 fem av de 17 officiella FN-m\u00e5len: H\u00e4lsa och v\u00e4lbefinnande, utbildning av god kvalitet, minskad oj\u00e4mlikhet, h\u00e5llbar konsumtion och produktion samt klimat\u00e5tg\u00e4rder.<\/p>\n<h3>FN:s m\u00e5l f\u00f6r h\u00e5llbar utveckling<\/h3>\n<p>Som en del av Agenda 2030 har v\u00e4rldssamfundet enats om att uppn\u00e5 17 m\u00e5l under FN:s paraply. Syftet med m\u00e5len \u00e4r att g\u00f6ra det m\u00f6jligt f\u00f6r oss alla att leva ett v\u00e4rdigt liv och att s\u00e4kerst\u00e4lla att v\u00e5ra f\u00f6rs\u00f6rjningsm\u00f6jligheter bevaras p\u00e5 l\u00e5ng sikt.<\/p>\n    <\/div>\n\t\t\t\t\t\t\t    <div class=\"c-block__btn\">\n\t\t\n\t\t\t<a href=\"\/se\/sv\/kontakt\/\"  class=\"c-btn -normal -primary has-icon icon-right \"><div class=\"label-up\"><span class=\"c-btn__txt\">Ta kontakt med oss<\/span><span class=\"c-btn__ico\"><svg width=\"30\" height=\"30\" class=\"icon icon-lib-icon-arrow4 \" aria-hidden=\"true\" role=\"img\"><use xlink:href=\"#lib-icon-arrow4\"><\/use><\/svg><\/span><\/div><div class=\"label-up\"><span class=\"c-btn__txt\">Ta kontakt med oss<\/span><span class=\"c-btn__ico\"><svg width=\"30\" height=\"30\" class=\"icon icon-lib-icon-arrow4 \" aria-hidden=\"true\" role=\"img\"><use xlink:href=\"#lib-icon-arrow4\"><\/use><\/svg><\/span><\/div><\/a>\n\t\t    <\/div>\n\t        <\/div>\n    <\/div>\n\t<\/div>\n\n\t\t<\/div>\n\n\t<\/div>\n\n\t\n<\/div>\n\n\n\t<\/div>\n<\/div>\n\n\n<div class=\"m-wrapper  gt mb-custom bg-cover bg-center bg-no-repeat -version-3 container-fluid\" style='--margin-bottom: 32.5rem;background-image: url(https:\/\/www.belfor.com\/se\/wp-content\/uploads\/sites\/13\/2024\/07\/A-group-of-BELFOR-Employees-walking-in-front-of-a-BELFOR-branch_CTA-Bild_2560x1192px.jpg);'>\n\n\t\n\t\n\t<div class=\"m-wrapper__inner\">\n\t\t\n<div class=\"m-block  gt gb -version-3 l-content-simple-1\"  style='--l-container-width: 83rem;'>\n\n\t\n\t\n\t<div class=\"m-block__container container-custom\" style=\"--l-container-width: 83rem\">\n\n\t\t<div class=\"l-heading text-left l-heading-v1\">\n\n\t\t\t    <div class=\"c-heading -h2 \">\n\t\t\n\t\t            <div class=\"c-heading__pre\" >\n\t\t\t\tR\u00e4tt expertis f\u00f6r varje behov            <\/div>\n\t\t\n\t\t\t\t\t<h2  class=\"c-heading__title\">Tusentals kollegor g\u00f6r oss till nr 1<\/h2>\t\t\n\t\t    <\/div>\n    <div class=\"c-heading__description is-wysiwyg\">\n        <p>Vi \u00e4r ett engagerat team som alltid ger dig personligt och optimalt st\u00f6d<\/p>\n    <\/div>\n\n\t\t\t\t    <div class=\"c-block__btn\">\n\t\t\n\t\t\t<a href=\"\/se\/sv\/kontakt\/\"  class=\"c-btn -normal -primary has-icon icon-right \"><div class=\"label-up\"><span class=\"c-btn__txt\">Ta kontakt med v\u00e5rt team<\/span><span class=\"c-btn__ico\"><svg width=\"30\" height=\"30\" class=\"icon icon-lib-icon-arrow4 \" aria-hidden=\"true\" role=\"img\"><use xlink:href=\"#lib-icon-arrow4\"><\/use><\/svg><\/span><\/div><div class=\"label-up\"><span class=\"c-btn__txt\">Ta kontakt med v\u00e5rt team<\/span><span class=\"c-btn__ico\"><svg width=\"30\" height=\"30\" class=\"icon icon-lib-icon-arrow4 \" aria-hidden=\"true\" role=\"img\"><use xlink:href=\"#lib-icon-arrow4\"><\/use><\/svg><\/span><\/div><\/a>\n\t\t    <\/div>\n\t\n\t\t<\/div>\n\n\t<\/div>\n\n\t\n<\/div>\n\n\n\t<\/div>\n<\/div>\n\n\n<div class=\"m-wrapper  gt gb container-fluid\" >\n\n\t\n\t\n\t<div class=\"m-wrapper__inner\">\n\t\t\n<div class=\"m-block  gb-s -version-5 l-content-simple-1\"  >\n\n\t\n\t\n\t<div class=\"m-block__container container\" style=\"\">\n\n\t\t<div class=\"l-heading text-left l-heading-v1\">\n\n\t\t\t    <div class=\"c-heading -h2 \">\n\t\t\n\t\t\n\t\t\t\t\t<h2  class=\"c-heading__title\">Nyheter<\/h2>\t\t\n\t\t            <div class=\"c-heading__sub\" >\n\t\t\t\t\u00c5terskapa liv globalt            <\/div>\n\t\t    <\/div>\n\n\t\t\t\t    <div class=\"c-block__btn\">\n\t\t\n\t\t\t<a href=\"\/sv\/se\/category\/nyheter\/\"  class=\"c-btn -small -primary \"><div class=\"label-up\"><span class=\"c-btn__txt\">Alla nyheter<\/span><\/div><div class=\"label-up\"><span class=\"c-btn__txt\">Alla nyheter<\/span><\/div><\/a>\n\t\t\n\t\t\t<a href=\"\/se\/sv\/resurser\/\"  class=\"c-btn -small -third \"><div class=\"label-up\"><span class=\"c-btn__txt\">Resurser<\/span><\/div><div class=\"label-up\"><span class=\"c-btn__txt\">Resurser<\/span><\/div><\/a>\n\t\t    <\/div>\n\t\n\t\t<\/div>\n\n\t<\/div>\n\n\t\n<\/div>\n\n\n<div class=\"m-posts  gt gb\"  >\n\n\t\n\t\n\t<div class=\"m-posts__container container\" style=\"\">\n\t\t<div class=\"m-posts__inner\">\n\t\t\t<div class=\"l-rcbl l-posts l-posts-v1\" style=\"--l-block-col: 3; --l-block-gap: 20px\">\n\n\t\t\t\t\t\t\t\t\t\n\t\t\t\t\t\t\t\t\t\t\t\t\t\t\t\t\n\n\t\t\t\t\t\n\t\t\t\t\n\t\t\t<\/div>\n\t\t<\/div>\n\t<\/div>\n<\/div>\n\n\n<div class=\"m-block  gb is-mobile -version-6 l-content-simple-1\"  >\n\n\t\n\t\n\t<div class=\"m-block__container container\" style=\"\">\n\n\t\t<div class=\"l-heading text-center l-heading-v1\">\n\n\t\t\t\n\t\t\t\t    <div class=\"c-block__btn\">\n\t\t\n\t\t\t<a href=\"\/us\/resources\/\"  class=\"c-btn -normal -link has-icon icon-right \"><span class=\"c-btn__txt\">SEE ALL<\/span><span class=\"c-btn__ico\"><svg width=\"30\" height=\"30\" class=\"icon icon-lib-icon-arrow1 \" aria-hidden=\"true\" role=\"img\"><use xlink:href=\"#lib-icon-arrow1\"><\/use><\/svg><\/span><\/a>\n\t\t    <\/div>\n\t\n\t\t<\/div>\n\n\t<\/div>\n\n\t\n<\/div>\n\n\n\t<\/div>\n<\/div>\n","protected":false},"excerpt":{"rendered":"","protected":false},"author":8,"featured_media":0,"parent":193,"menu_order":5,"comment_status":"closed","ping_status":"closed","template":"","meta":{"_acf_changed":false,"inline_featured_image":false,"footnotes":""},"class_list":["post-203","page","type-page","status-publish","hentry"],"acf":[],"yoast_head":"<!-- This site is optimized with the Yoast SEO plugin v27.2 - https:\/\/yoast.com\/product\/yoast-seo-wordpress\/ -->\n<title>H\u00e5llbarhet - BELFOR Sweden<\/title>\n<meta name=\"robots\" content=\"index, follow, max-snippet:-1, max-image-preview:large, max-video-preview:-1\" \/>\n<link rel=\"canonical\" href=\"https:\/\/www.belfor.com\/se\/sv\/om-oss\/hallbarhet\/\" \/>\n<meta property=\"og:locale\" content=\"sv_SE\" \/>\n<meta property=\"og:type\" content=\"article\" \/>\n<meta property=\"og:title\" content=\"H\u00e5llbarhet - BELFOR Sweden\" \/>\n<meta property=\"og:url\" content=\"https:\/\/www.belfor.com\/se\/sv\/om-oss\/hallbarhet\/\" \/>\n<meta property=\"og:site_name\" content=\"BELFOR Sweden\" \/>\n<meta property=\"article:modified_time\" content=\"2024-10-23T07:04:19+00:00\" \/>\n<meta name=\"twitter:card\" content=\"summary_large_image\" \/>\n<script type=\"application\/ld+json\" class=\"yoast-schema-graph\">{\"@context\":\"https:\/\/schema.org\",\"@graph\":[{\"@type\":\"WebPage\",\"@id\":\"https:\/\/www.belfor.com\/se\/sv\/om-oss\/hallbarhet\/\",\"url\":\"https:\/\/www.belfor.com\/se\/sv\/om-oss\/hallbarhet\/\",\"name\":\"H\u00e5llbarhet - BELFOR Sweden\",\"isPartOf\":{\"@id\":\"https:\/\/www.belfor.com\/se\/sv\/#website\"},\"datePublished\":\"2024-06-05T11:14:04+00:00\",\"dateModified\":\"2024-10-23T07:04:19+00:00\",\"breadcrumb\":{\"@id\":\"https:\/\/www.belfor.com\/se\/sv\/om-oss\/hallbarhet\/#breadcrumb\"},\"inLanguage\":\"sv-SE\",\"potentialAction\":[{\"@type\":\"ReadAction\",\"target\":[\"https:\/\/www.belfor.com\/se\/sv\/om-oss\/hallbarhet\/\"]}]},{\"@type\":\"BreadcrumbList\",\"@id\":\"https:\/\/www.belfor.com\/se\/sv\/om-oss\/hallbarhet\/#breadcrumb\",\"itemListElement\":[{\"@type\":\"ListItem\",\"position\":1,\"name\":\"Home\",\"item\":\"https:\/\/www.belfor.com\/se\/sv\/\"},{\"@type\":\"ListItem\",\"position\":2,\"name\":\"Om oss\",\"item\":\"https:\/\/www.belfor.com\/se\/sv\/om-oss\/\"},{\"@type\":\"ListItem\",\"position\":3,\"name\":\"H\u00e5llbarhet\"}]},{\"@type\":\"WebSite\",\"@id\":\"https:\/\/www.belfor.com\/se\/sv\/#website\",\"url\":\"https:\/\/www.belfor.com\/se\/sv\/\",\"name\":\"BELFOR Sweden\",\"description\":\"\",\"potentialAction\":[{\"@type\":\"SearchAction\",\"target\":{\"@type\":\"EntryPoint\",\"urlTemplate\":\"https:\/\/www.belfor.com\/se\/sv\/?s={search_term_string}\"},\"query-input\":{\"@type\":\"PropertyValueSpecification\",\"valueRequired\":true,\"valueName\":\"search_term_string\"}}],\"inLanguage\":\"sv-SE\"}]}<\/script>\n<!-- \/ Yoast SEO plugin. -->","yoast_head_json":{"title":"H\u00e5llbarhet - BELFOR Sweden","robots":{"index":"index","follow":"follow","max-snippet":"max-snippet:-1","max-image-preview":"max-image-preview:large","max-video-preview":"max-video-preview:-1"},"canonical":"https:\/\/www.belfor.com\/se\/sv\/om-oss\/hallbarhet\/","og_locale":"sv_SE","og_type":"article","og_title":"H\u00e5llbarhet - BELFOR Sweden","og_url":"https:\/\/www.belfor.com\/se\/sv\/om-oss\/hallbarhet\/","og_site_name":"BELFOR Sweden","article_modified_time":"2024-10-23T07:04:19+00:00","twitter_card":"summary_large_image","schema":{"@context":"https:\/\/schema.org","@graph":[{"@type":"WebPage","@id":"https:\/\/www.belfor.com\/se\/sv\/om-oss\/hallbarhet\/","url":"https:\/\/www.belfor.com\/se\/sv\/om-oss\/hallbarhet\/","name":"H\u00e5llbarhet - BELFOR Sweden","isPartOf":{"@id":"https:\/\/www.belfor.com\/se\/sv\/#website"},"datePublished":"2024-06-05T11:14:04+00:00","dateModified":"2024-10-23T07:04:19+00:00","breadcrumb":{"@id":"https:\/\/www.belfor.com\/se\/sv\/om-oss\/hallbarhet\/#breadcrumb"},"inLanguage":"sv-SE","potentialAction":[{"@type":"ReadAction","target":["https:\/\/www.belfor.com\/se\/sv\/om-oss\/hallbarhet\/"]}]},{"@type":"BreadcrumbList","@id":"https:\/\/www.belfor.com\/se\/sv\/om-oss\/hallbarhet\/#breadcrumb","itemListElement":[{"@type":"ListItem","position":1,"name":"Home","item":"https:\/\/www.belfor.com\/se\/sv\/"},{"@type":"ListItem","position":2,"name":"Om oss","item":"https:\/\/www.belfor.com\/se\/sv\/om-oss\/"},{"@type":"ListItem","position":3,"name":"H\u00e5llbarhet"}]},{"@type":"WebSite","@id":"https:\/\/www.belfor.com\/se\/sv\/#website","url":"https:\/\/www.belfor.com\/se\/sv\/","name":"BELFOR Sweden","description":"","potentialAction":[{"@type":"SearchAction","target":{"@type":"EntryPoint","urlTemplate":"https:\/\/www.belfor.com\/se\/sv\/?s={search_term_string}"},"query-input":{"@type":"PropertyValueSpecification","valueRequired":true,"valueName":"search_term_string"}}],"inLanguage":"sv-SE"}]}},"_links":{"self":[{"href":"https:\/\/www.belfor.com\/se\/sv\/wp-json\/wp\/v2\/pages\/203","targetHints":{"allow":["GET"]}}],"collection":[{"href":"https:\/\/www.belfor.com\/se\/sv\/wp-json\/wp\/v2\/pages"}],"about":[{"href":"https:\/\/www.belfor.com\/se\/sv\/wp-json\/wp\/v2\/types\/page"}],"author":[{"embeddable":true,"href":"https:\/\/www.belfor.com\/se\/sv\/wp-json\/wp\/v2\/users\/8"}],"replies":[{"embeddable":true,"href":"https:\/\/www.belfor.com\/se\/sv\/wp-json\/wp\/v2\/comments?post=203"}],"version-history":[{"count":5,"href":"https:\/\/www.belfor.com\/se\/sv\/wp-json\/wp\/v2\/pages\/203\/revisions"}],"predecessor-version":[{"id":865,"href":"https:\/\/www.belfor.com\/se\/sv\/wp-json\/wp\/v2\/pages\/203\/revisions\/865"}],"up":[{"embeddable":true,"href":"https:\/\/www.belfor.com\/se\/sv\/wp-json\/wp\/v2\/pages\/193"}],"wp:attachment":[{"href":"https:\/\/www.belfor.com\/se\/sv\/wp-json\/wp\/v2\/media?parent=203"}],"curies":[{"name":"wp","href":"https:\/\/api.w.org\/{rel}","templated":true}]}}