{"id":197,"date":"2024-06-05T13:09:25","date_gmt":"2024-06-05T11:09:25","guid":{"rendered":"https:\/\/www.belfor.com\/se\/?page_id=197"},"modified":"2024-09-24T09:14:25","modified_gmt":"2024-09-24T07:14:25","slug":"iso-certifierade","status":"publish","type":"page","link":"https:\/\/www.belfor.com\/se\/sv\/om-oss\/iso-certifierade\/","title":{"rendered":"ISO Certifierade"},"content":{"rendered":"<div class=\"m-banner m-banner--small  -version-2 has-overlay order-default\" >\n\n\t\n\t\n\t<div class=\"m-banner__container container-fluid\" style='--overlayOpacity: 60%;--columns-ratio: 50%;background-color: #ffffff;'>\n\n\t\t\n\t\t<div class=\"m-banner__inner container flex-left style-light\">\n\n\t\t\t<div class=\"l-banner  l-gt-custom l-gb-custom\" style=\"--l-gt-padding: 4.5rem;--l-gb-padding: 4.5rem;\">\n\n\t\t\t\t\n<div class=\"l-banner__text\">\n        <div class=\"l-banner__inner text-left\">\n\n        <div class=\"c-heading -h1\">\n\t\t\t                <div class=\"c-heading__pre\" >\n\t\t\t\t\tOm oss                <\/div>\n\t\t\t\n\t\t\t\t\t\t\t<h1 style=\"color:#000000;\" class=\"c-heading__title\">ISO Certifierade<\/h1>\t\t\t\n\t\t\t        <\/div>\n\n\t\t    <\/div>\n    \n\t<\/div>\n\n    <div class=\"l-banner__media\">\n\t\t\t\t\t\n\t\t\t\t            <div class=\"c-image\">\n            <figure class=\"c-image__media c-image__primary\">\n                <img decoding=\"async\" class=\"c-image__src lazy\" loading=\"lazy\" src=\"https:\/\/www.belfor.com\/se\/wp-content\/uploads\/sites\/13\/2024\/09\/ISO-Norms_1920x1080px-1024x576.jpg\"  alt=\"ISO Norms\" width=\"1024\" height=\"576\"\/>            <\/figure>\n        <\/div>\n    \n\t\t\t\n\t\t    <\/div>\n\n\t\t\t<\/div>\n\n\t\t\t\t\t<\/div>\n\t<\/div>\n\n    <!-- scroll down-->\n    <div class=\"scroll-down\">\n        <div class=\"scroll-down__line-box line-box\">\n            <div class=\"line\"><\/div>\n        <\/div>\n        <div class=\"scroll-down__icon\">\n            <svg class=\"o-icon u-fill-current\" aria-hidden=\"true\">\n                <use xlink:href=\"#scroll-down\"><\/use>\n            <\/svg>\n        <\/div>\n    <\/div>\n    <!-- scroll down : end-->\n\n<\/div>\n\n\n<div class=\"m-breadcrumb \">\n\t\n\t<div class=\"blog-breadcrumb\">\n\t\t<div class=\"blog-breadcrumb__inner inner-frame\">\n\t\t\t<span property=\"itemListElement\" typeof=\"ListItem\"><a property=\"item\" typeof=\"WebPage\" title=\"Go to BELFOR.\" href=\"https:\/\/www.belfor.com\/\" class=\"main-home\" ><span property=\"name\">BELFOR<\/span><\/a><meta property=\"position\" content=\"1\"><\/span> &gt; <span property=\"itemListElement\" typeof=\"ListItem\"><a property=\"item\" typeof=\"WebPage\" title=\"Go to BELFOR Sweden.\" href=\"https:\/\/www.belfor.com\/se\/sv\/\" class=\"home\" ><span property=\"name\">BELFOR Sweden<\/span><\/a><meta property=\"position\" content=\"2\"><\/span> &gt; <span property=\"itemListElement\" typeof=\"ListItem\"><a property=\"item\" typeof=\"WebPage\" title=\"Go to Nyheter.\" href=\"https:\/\/www.belfor.com\/se\/sv\/nyheter\/\" class=\"post-root post post-post\" aria-current=\"page\"><span property=\"name\">Nyheter<\/span><\/a><meta property=\"position\" content=\"3\"><\/span>\t\t<\/div>\n\t<\/div>\n\n<\/div>\n\n\n<div class=\"m-wrapper  mt mb-custom -version-7 container\" style='--margin-bottom: 15rem;'>\n\n\t\n\t\n\t<div class=\"m-wrapper__inner\">\n\t\t\n\n<div class=\"m-block l-links-list   gt gb\"  >\n\n\t    <div class=\"m-block__container container\"\n         style=\"\">\n\n        <div class=\"l-heading text-center l-heading-v1\">\n\t\t\t        <div class=\"c-heading -h2 \">\n\t\t\n\t\t\n\t\t\t\t\t<h2  class=\"c-heading__title\">L\u00e4s mer<\/h2>\t\t\n\t\t    <\/div>\n\n\t\t\t                <ul>\n\t\t\t\t\t                        <li>\n\t\t\t\t\t\t\t\n\t\t\t\t\t\t\t\t                                    <a href=\"\/se\/sv\/om-oss\/om-belfor\/\"\n\t\t\t\t\t\t\t\t\t\t                                        class=\"link\">Om BELFOR                                    <\/a>\n\t\t\t\t\t\t\t\t\n\t\t\t\t\t\t\t                        <\/li>\n\t\t\t\t\t                        <li>\n\t\t\t\t\t\t\t\n\t\t\t\t\t\t\t\t                                    <a href=\"\/se\/sv\/om-oss\/iso-certifierade\/\"\n\t\t\t\t\t\t\t\t\t\t                                        class=\"link\">ISO Certifierade                                    <\/a>\n\t\t\t\t\t\t\t\t\n\t\t\t\t\t\t\t                        <\/li>\n\t\t\t\t\t                        <li>\n\t\t\t\t\t\t\t\n\t\t\t\t\t\t\t\t                                    <a href=\"\/se\/sv\/om-oss\/vi-stoedjer\/\"\n\t\t\t\t\t\t\t\t\t\t                                        class=\"link\">Vi st\u00f6djer                                    <\/a>\n\t\t\t\t\t\t\t\t\n\t\t\t\t\t\t\t                        <\/li>\n\t\t\t\t\t                        <li>\n\t\t\t\t\t\t\t\n\t\t\t\t\t\t\t\t                                    <a href=\"\/se\/sv\/om-oss\/innovation\/\"\n\t\t\t\t\t\t\t\t\t\t                                        class=\"link\">Innovation                                    <\/a>\n\t\t\t\t\t\t\t\t\n\t\t\t\t\t\t\t                        <\/li>\n\t\t\t\t\t                        <li>\n\t\t\t\t\t\t\t\n\t\t\t\t\t\t\t\t                                    <a href=\"\/se\/sv\/om-oss\/hallbarhet\/\"\n\t\t\t\t\t\t\t\t\t\t                                        class=\"link\">H\u00e5llbarhet                                    <\/a>\n\t\t\t\t\t\t\t\t\n\t\t\t\t\t\t\t                        <\/li>\n\t\t\t\t\t                <\/ul>\n\t\t\t\n        <\/div>\n    <\/div>\n<\/div>\n\n\n<div class=\"m-block  l-content-2\"  >\n\n\t\n\t\n\t<div class=\"m-block__container container\" style=\"\">\n\n\t\t<div class=\"l-dcbl l-dcbl-v1\">\n\n\t\t\t\n<div class=\"c-block order-default is-vertical\" style=\"--c-block-radius:0px; --c-block-gl: 0%;--c-block-gr: 0%;--c-block-gt: 0%;--c-block-gb: 0%;--columns-ratio: 50%;\">\n    <div class=\"c-block__col c-block__text text-left align-center\"\n         style=\"--c-txt-gl: 0%; --c-txt-gr: 0%; --c-txt-gt: 0%; --c-txt-gb: 0%;\">\n        <div class=\"c-block__inner\">\n\n\t\t\t            \n\t\t\t    <div class=\"c-heading -h2 \">\n\t\t\n\t\t\n\t\t\t\t\t<h2  class=\"c-heading__title\">ISO-certifierade<\/h2>\t\t\n\t\t    <\/div>\n    <div class=\"c-heading__description is-wysiwyg\">\n        <p>N\u00e4r vi bedriver v\u00e5r verksamhet \u00e4r kvalitet, milj\u00f6 och arbetsmilj\u00f6 viktiga delar. Som ISO-certifierade har vi genomf\u00f6rt en nul\u00e4gesanalys f\u00f6r att l\u00e4gga en v\u00e4lgrundad utg\u00e5ngspunkt. D\u00e4refter har vi tagit fram en plan f\u00f6r \u00e5tg\u00e4rder samt sett \u00f6ver f\u00f6r\u00e4ndringar som kr\u00e4vts f\u00f6r att uppfylla kraven f\u00f6r certifieringen. Det inneb\u00e4r att avvikelser har ifr\u00e5gasatts och f\u00f6rb\u00e4ttringar har genomf\u00f6rts. Viktigt att understryka \u00e4r att arbetet inte slutar efter f\u00f6r\u00e4ndringarna utan vi arbetar kontinuerligt f\u00f6r att f\u00f6rbli ISO-certifierade.<\/p>\n<p>Att vara ISO-certifierade inneb\u00e4r att BELFOR f\u00f6ljer de internationella st\u00e4llda kraven f\u00f6r hur en organisation ska arbeta med kvalitet, milj\u00f6 och arbetsmilj\u00f6. Ett certifikat som vi s\u00e4tter otroligt h\u00f6gt v\u00e4rde p\u00e5 f\u00f6r s\u00e5v\u00e4l v\u00e5ra kunder som organisation och medarbetare.<\/p>\n    <\/div>\n\t\t\t\t\t\t        <\/div>\n    <\/div>\n\t    <div class=\"c-block__col c-block__media\">\n\t\t\t<div class=\"c-image front-h-left front-v-center main-h-full main-v-center r-1x1 is-image\">\n\n\t\t\t\t\t<div class=\"c-image__media c-image__primary\">\n                <img decoding=\"async\" class=\"c-image__src lazy\" loading=\"lazy\" src=\"https:\/\/www.belfor.com\/se\/wp-content\/uploads\/sites\/13\/2024\/07\/iso-norms_1920x1080px.jpg\"  alt=\"ISO Norms\" width=\"1920\" height=\"1080\"\/>\t\t\t<\/div>\n\t\t\n\t\t\n\t<\/div>\n\t\n\t\t\n\t\t\n\t\t    <\/div>\n\t<\/div>\n\n\t\t<\/div>\n\n\t<\/div>\n\n\t\n<\/div>\n\n\n<div class=\"m-block  l-content-2\"  >\n\n\t\n\t\n\t<div class=\"m-block__container container\" style=\"\">\n\n\t\t<div class=\"l-dcbl l-dcbl-v1\">\n\n\t\t\t\n<div class=\"c-block order-default is-vertical\" style=\"--c-block-radius:0px; --c-block-gl: 0%;--c-block-gr: 0%;--c-block-gt: 0%;--c-block-gb: 0%;--columns-ratio: 50%;\">\n    <div class=\"c-block__col c-block__text text-left align-center\"\n         style=\"--c-txt-gl: 0%; --c-txt-gr: 0%; --c-txt-gt: 0%; --c-txt-gb: 0%;\">\n        <div class=\"c-block__inner\">\n\n\t\t\t            \n\t\t\t\t\t\t\t\t\t\t    <div class=\"c-block__btn\">\n\t\t\n\t\t\t<a href=\"\/se\/sv\/kontakt\/\"  class=\"c-btn -normal -primary has-icon icon-right \"><div class=\"label-up\"><span class=\"c-btn__txt\">Kontakt<\/span><span class=\"c-btn__ico\"><svg width=\"30\" height=\"30\" class=\"icon icon-lib-icon-arrow4 \" aria-hidden=\"true\" role=\"img\"><use xlink:href=\"#lib-icon-arrow4\"><\/use><\/svg><\/span><\/div><div class=\"label-up\"><span class=\"c-btn__txt\">Kontakt<\/span><span class=\"c-btn__ico\"><svg width=\"30\" height=\"30\" class=\"icon icon-lib-icon-arrow4 \" aria-hidden=\"true\" role=\"img\"><use xlink:href=\"#lib-icon-arrow4\"><\/use><\/svg><\/span><\/div><\/a>\n\t\t    <\/div>\n\t        <\/div>\n    <\/div>\n\t<\/div>\n\n\t\t<\/div>\n\n\t<\/div>\n\n\t\n<\/div>\n\n\n\t<\/div>\n<\/div>\n\n\n<div class=\"m-wrapper  gt mb-custom bg-cover bg-center bg-no-repeat -version-3 container-fluid\" style='--margin-bottom: 32.5rem;background-image: url(https:\/\/www.belfor.com\/se\/wp-content\/uploads\/sites\/13\/2024\/07\/A-group-of-BELFOR-Employees-walking-in-front-of-a-BELFOR-branch_CTA-Bild_2560x1192px.jpg);'>\n\n\t\n\t\n\t<div class=\"m-wrapper__inner\">\n\t\t\n<div class=\"m-block  gt gb -version-3 l-content-simple-1\"  style='--l-container-width: 83rem;'>\n\n\t\n\t\n\t<div class=\"m-block__container container-custom\" style=\"--l-container-width: 83rem\">\n\n\t\t<div class=\"l-heading text-left l-heading-v1\">\n\n\t\t\t    <div class=\"c-heading -h2 \">\n\t\t\n\t\t            <div class=\"c-heading__pre\" >\n\t\t\t\tR\u00e4tt expertis f\u00f6r varje behov            <\/div>\n\t\t\n\t\t\t\t\t<h2  class=\"c-heading__title\">Tusentals kollegor g\u00f6r oss till nr 1<\/h2>\t\t\n\t\t    <\/div>\n    <div class=\"c-heading__description is-wysiwyg\">\n        <p>Vi \u00ebr ett engagerat team som alltid ger dig personligt och optimalt st\u00f6d<\/p>\n    <\/div>\n\n\t\t\t\t    <div class=\"c-block__btn\">\n\t\t\n\t\t\t<a href=\"\/se\/sv\/kontakt\/\"  class=\"c-btn -normal -primary has-icon icon-right \"><div class=\"label-up\"><span class=\"c-btn__txt\">Ta kontakt med v\u00e5rt team<\/span><span class=\"c-btn__ico\"><svg width=\"30\" height=\"30\" class=\"icon icon-lib-icon-arrow4 \" aria-hidden=\"true\" role=\"img\"><use xlink:href=\"#lib-icon-arrow4\"><\/use><\/svg><\/span><\/div><div class=\"label-up\"><span class=\"c-btn__txt\">Ta kontakt med v\u00e5rt team<\/span><span class=\"c-btn__ico\"><svg width=\"30\" height=\"30\" class=\"icon icon-lib-icon-arrow4 \" aria-hidden=\"true\" role=\"img\"><use xlink:href=\"#lib-icon-arrow4\"><\/use><\/svg><\/span><\/div><\/a>\n\t\t    <\/div>\n\t\n\t\t<\/div>\n\n\t<\/div>\n\n\t\n<\/div>\n\n\n\t<\/div>\n<\/div>\n\n\n<div class=\"m-wrapper  gt gb container-fluid\" >\n\n\t\n\t\n\t<div class=\"m-wrapper__inner\">\n\t\t\n<div class=\"m-block  gb-s -version-5 l-content-simple-1\"  >\n\n\t\n\t\n\t<div class=\"m-block__container container\" style=\"\">\n\n\t\t<div class=\"l-heading text-left l-heading-v1\">\n\n\t\t\t    <div class=\"c-heading -h2 \">\n\t\t\n\t\t\n\t\t\t\t\t<h2  class=\"c-heading__title\">Skadesanering Nyheter<\/h2>\t\t\n\t\t            <div class=\"c-heading__sub\" >\n\t\t\t\t\u00c5terskapa liv globalt            <\/div>\n\t\t    <\/div>\n\n\t\t\t\t    <div class=\"c-block__btn\">\n\t\t\n\t\t\t<a href=\"\/sv\/se\/category\/nyheter\/\"  class=\"c-btn -small -primary \"><div class=\"label-up\"><span class=\"c-btn__txt\">Alla nyheter<\/span><\/div><div class=\"label-up\"><span class=\"c-btn__txt\">Alla nyheter<\/span><\/div><\/a>\n\t\t\n\t\t\t<a href=\"\/se\/sv\/resurser\/\"  class=\"c-btn -small -third \"><div class=\"label-up\"><span class=\"c-btn__txt\">Resurser<\/span><\/div><div class=\"label-up\"><span class=\"c-btn__txt\">Resurser<\/span><\/div><\/a>\n\t\t    <\/div>\n\t\n\t\t<\/div>\n\n\t<\/div>\n\n\t\n<\/div>\n\n\n<div class=\"m-posts  gt gb\"  >\n\n\t\n\t\n\t<div class=\"m-posts__container container\" style=\"\">\n\t\t<div class=\"m-posts__inner\">\n\t\t\t<div class=\"l-rcbl l-posts l-posts-v1\" style=\"--l-block-col: 3; --l-block-gap: 20px\">\n\n\t\t\t\t\t\t\t\t\t\n\t\t\t\t\t\t\t\t\t\t\t\t\t\t\t\t\n\n\t\t\t\t\t\n\t\t\t\t\n\t\t\t<\/div>\n\t\t<\/div>\n\t<\/div>\n<\/div>\n\n\n<div class=\"m-block  gb is-mobile -version-6 l-content-simple-1\"  >\n\n\t\n\t\n\t<div class=\"m-block__container container\" style=\"\">\n\n\t\t<div class=\"l-heading text-center l-heading-v1\">\n\n\t\t\t\n\t\t\t\t    <div class=\"c-block__btn\">\n\t\t\n\t\t\t<a href=\"\/us\/resources\/\"  class=\"c-btn -normal -link has-icon icon-right \"><span class=\"c-btn__txt\">SEE ALL<\/span><span class=\"c-btn__ico\"><svg width=\"30\" height=\"30\" class=\"icon icon-lib-icon-arrow1 \" aria-hidden=\"true\" role=\"img\"><use xlink:href=\"#lib-icon-arrow1\"><\/use><\/svg><\/span><\/a>\n\t\t    <\/div>\n\t\n\t\t<\/div>\n\n\t<\/div>\n\n\t\n<\/div>\n\n\n\t<\/div>\n<\/div>\n","protected":false},"excerpt":{"rendered":"","protected":false},"author":8,"featured_media":0,"parent":193,"menu_order":2,"comment_status":"closed","ping_status":"closed","template":"","meta":{"_acf_changed":false,"inline_featured_image":false,"footnotes":""},"class_list":["post-197","page","type-page","status-publish","hentry"],"acf":[],"yoast_head":"<!-- This site is optimized with the Yoast SEO plugin v27.4 - https:\/\/yoast.com\/product\/yoast-seo-wordpress\/ -->\n<title>ISO Certifierade - BELFOR Sweden<\/title>\n<meta name=\"robots\" content=\"index, follow, max-snippet:-1, max-image-preview:large, max-video-preview:-1\" \/>\n<link rel=\"canonical\" href=\"https:\/\/www.belfor.com\/se\/sv\/om-oss\/iso-certifierade\/\" \/>\n<meta property=\"og:locale\" content=\"sv_SE\" \/>\n<meta property=\"og:type\" content=\"article\" \/>\n<meta property=\"og:title\" content=\"ISO Certifierade - BELFOR Sweden\" \/>\n<meta property=\"og:url\" content=\"https:\/\/www.belfor.com\/se\/sv\/om-oss\/iso-certifierade\/\" \/>\n<meta property=\"og:site_name\" content=\"BELFOR Sweden\" \/>\n<meta property=\"article:modified_time\" content=\"2024-09-24T07:14:25+00:00\" \/>\n<meta name=\"twitter:card\" content=\"summary_large_image\" \/>\n<script type=\"application\/ld+json\" class=\"yoast-schema-graph\">{\"@context\":\"https:\\\/\\\/schema.org\",\"@graph\":[{\"@type\":\"WebPage\",\"@id\":\"https:\\\/\\\/www.belfor.com\\\/se\\\/sv\\\/om-oss\\\/iso-certifierade\\\/\",\"url\":\"https:\\\/\\\/www.belfor.com\\\/se\\\/sv\\\/om-oss\\\/iso-certifierade\\\/\",\"name\":\"ISO Certifierade - BELFOR Sweden\",\"isPartOf\":{\"@id\":\"https:\\\/\\\/www.belfor.com\\\/se\\\/sv\\\/#website\"},\"datePublished\":\"2024-06-05T11:09:25+00:00\",\"dateModified\":\"2024-09-24T07:14:25+00:00\",\"breadcrumb\":{\"@id\":\"https:\\\/\\\/www.belfor.com\\\/se\\\/sv\\\/om-oss\\\/iso-certifierade\\\/#breadcrumb\"},\"inLanguage\":\"sv-SE\",\"potentialAction\":[{\"@type\":\"ReadAction\",\"target\":[\"https:\\\/\\\/www.belfor.com\\\/se\\\/sv\\\/om-oss\\\/iso-certifierade\\\/\"]}]},{\"@type\":\"BreadcrumbList\",\"@id\":\"https:\\\/\\\/www.belfor.com\\\/se\\\/sv\\\/om-oss\\\/iso-certifierade\\\/#breadcrumb\",\"itemListElement\":[{\"@type\":\"ListItem\",\"position\":1,\"name\":\"Home\",\"item\":\"https:\\\/\\\/www.belfor.com\\\/se\\\/sv\\\/\"},{\"@type\":\"ListItem\",\"position\":2,\"name\":\"Om oss\",\"item\":\"https:\\\/\\\/www.belfor.com\\\/se\\\/sv\\\/om-oss\\\/\"},{\"@type\":\"ListItem\",\"position\":3,\"name\":\"ISO Certifierade\"}]},{\"@type\":\"WebSite\",\"@id\":\"https:\\\/\\\/www.belfor.com\\\/se\\\/sv\\\/#website\",\"url\":\"https:\\\/\\\/www.belfor.com\\\/se\\\/sv\\\/\",\"name\":\"BELFOR Sweden\",\"description\":\"\",\"potentialAction\":[{\"@type\":\"SearchAction\",\"target\":{\"@type\":\"EntryPoint\",\"urlTemplate\":\"https:\\\/\\\/www.belfor.com\\\/se\\\/sv\\\/?s={search_term_string}\"},\"query-input\":{\"@type\":\"PropertyValueSpecification\",\"valueRequired\":true,\"valueName\":\"search_term_string\"}}],\"inLanguage\":\"sv-SE\"}]}<\/script>\n<!-- \/ Yoast SEO plugin. -->","yoast_head_json":{"title":"ISO Certifierade - BELFOR Sweden","robots":{"index":"index","follow":"follow","max-snippet":"max-snippet:-1","max-image-preview":"max-image-preview:large","max-video-preview":"max-video-preview:-1"},"canonical":"https:\/\/www.belfor.com\/se\/sv\/om-oss\/iso-certifierade\/","og_locale":"sv_SE","og_type":"article","og_title":"ISO Certifierade - BELFOR Sweden","og_url":"https:\/\/www.belfor.com\/se\/sv\/om-oss\/iso-certifierade\/","og_site_name":"BELFOR Sweden","article_modified_time":"2024-09-24T07:14:25+00:00","twitter_card":"summary_large_image","schema":{"@context":"https:\/\/schema.org","@graph":[{"@type":"WebPage","@id":"https:\/\/www.belfor.com\/se\/sv\/om-oss\/iso-certifierade\/","url":"https:\/\/www.belfor.com\/se\/sv\/om-oss\/iso-certifierade\/","name":"ISO Certifierade - BELFOR Sweden","isPartOf":{"@id":"https:\/\/www.belfor.com\/se\/sv\/#website"},"datePublished":"2024-06-05T11:09:25+00:00","dateModified":"2024-09-24T07:14:25+00:00","breadcrumb":{"@id":"https:\/\/www.belfor.com\/se\/sv\/om-oss\/iso-certifierade\/#breadcrumb"},"inLanguage":"sv-SE","potentialAction":[{"@type":"ReadAction","target":["https:\/\/www.belfor.com\/se\/sv\/om-oss\/iso-certifierade\/"]}]},{"@type":"BreadcrumbList","@id":"https:\/\/www.belfor.com\/se\/sv\/om-oss\/iso-certifierade\/#breadcrumb","itemListElement":[{"@type":"ListItem","position":1,"name":"Home","item":"https:\/\/www.belfor.com\/se\/sv\/"},{"@type":"ListItem","position":2,"name":"Om oss","item":"https:\/\/www.belfor.com\/se\/sv\/om-oss\/"},{"@type":"ListItem","position":3,"name":"ISO Certifierade"}]},{"@type":"WebSite","@id":"https:\/\/www.belfor.com\/se\/sv\/#website","url":"https:\/\/www.belfor.com\/se\/sv\/","name":"BELFOR Sweden","description":"","potentialAction":[{"@type":"SearchAction","target":{"@type":"EntryPoint","urlTemplate":"https:\/\/www.belfor.com\/se\/sv\/?s={search_term_string}"},"query-input":{"@type":"PropertyValueSpecification","valueRequired":true,"valueName":"search_term_string"}}],"inLanguage":"sv-SE"}]}},"_links":{"self":[{"href":"https:\/\/www.belfor.com\/se\/sv\/wp-json\/wp\/v2\/pages\/197","targetHints":{"allow":["GET"]}}],"collection":[{"href":"https:\/\/www.belfor.com\/se\/sv\/wp-json\/wp\/v2\/pages"}],"about":[{"href":"https:\/\/www.belfor.com\/se\/sv\/wp-json\/wp\/v2\/types\/page"}],"author":[{"embeddable":true,"href":"https:\/\/www.belfor.com\/se\/sv\/wp-json\/wp\/v2\/users\/8"}],"replies":[{"embeddable":true,"href":"https:\/\/www.belfor.com\/se\/sv\/wp-json\/wp\/v2\/comments?post=197"}],"version-history":[{"count":5,"href":"https:\/\/www.belfor.com\/se\/sv\/wp-json\/wp\/v2\/pages\/197\/revisions"}],"predecessor-version":[{"id":932,"href":"https:\/\/www.belfor.com\/se\/sv\/wp-json\/wp\/v2\/pages\/197\/revisions\/932"}],"up":[{"embeddable":true,"href":"https:\/\/www.belfor.com\/se\/sv\/wp-json\/wp\/v2\/pages\/193"}],"wp:attachment":[{"href":"https:\/\/www.belfor.com\/se\/sv\/wp-json\/wp\/v2\/media?parent=197"}],"curies":[{"name":"wp","href":"https:\/\/api.w.org\/{rel}","templated":true}]}}