{"id":1125,"date":"2025-03-31T10:25:04","date_gmt":"2025-03-31T08:25:04","guid":{"rendered":"https:\/\/www.belfor.com\/se\/?page_id=1125"},"modified":"2025-06-25T11:51:45","modified_gmt":"2025-06-25T09:51:45","slug":"exklusivt-storskadeevent-i-goteborg","status":"publish","type":"page","link":"https:\/\/www.belfor.com\/se\/sv\/exklusivt-storskadeevent-i-goteborg\/","title":{"rendered":"BELFOR bjuder in till ett exklusivt storskadeevent i G\u00f6teborg"},"content":{"rendered":"<div class=\"m-banner m-banner--small  -version-2 order-default\" >\n\n\t\n\t\n\t<div class=\"m-banner__container container-fluid\" style='--columns-ratio: 70%;background-color: #ffffff;'>\n\n\t\t    <div class=\"m-banner__media\">\n        <picture class=\"m-banner__picture\">\n\t\t\t\t\t\t\t\t\t\t\t\t                        <source media=\"(min-width: 1500px)\" srcset=\"https:\/\/www.belfor.com\/se\/wp-content\/uploads\/sites\/13\/2024\/07\/Male-employees-in-red-PPE-suits-walking-in-a-damaged-structure_rechts_smal-Header__2560x1080px_21x9.jpg\">\n\t\t\t\t\t\t\t\t\t\t\t\t\t\t\t\t\t\t\t\t\t\t\t                        <source media=\"(min-width: 768px)\" srcset=\"https:\/\/www.belfor.com\/se\/wp-content\/uploads\/sites\/13\/2024\/07\/Male-employees-in-red-PPE-suits-walking-in-a-damaged-structure_rechts_smal-Header__2560x1080px_21x9-1024x432.jpg\">\n\t\t\t\t\t\t\t\t\t\t\t\t\t\t\t                <source media=\"(min-width: 300px)\" srcset=\"https:\/\/www.belfor.com\/se\/wp-content\/uploads\/sites\/13\/2024\/07\/Male-employees-in-red-PPE-suits-walking-in-a-damaged-structure_rechts_smal-Header__2560x1080px_21x9-768x324.jpg\">\n\t\t\t            <img loading=\"lazy\" decoding=\"async\" src=\"https:\/\/www.belfor.com\/se\/wp-content\/uploads\/sites\/13\/2024\/07\/Male-employees-in-red-PPE-suits-walking-in-a-damaged-structure_rechts_smal-Header__2560x1080px_21x9.jpg\" alt=\"Male employees in red PPE suits walking in a damaged structure_rechts_smal-Header__2560x1080px_21x9\" width=\"1920\" height=\"1280\">\n        <\/picture>\n    <\/div>\n\n\t\t<div class=\"m-banner__inner container flex-left style-dark\">\n\n\t\t\t<div class=\"l-banner  l-gt-custom l-gb-custom\" style=\"--l-gt-padding: 4.5rem;--l-gb-padding: 4.5rem;\">\n\n\t\t\t\t\n<div class=\"l-banner__text\">\n        <div class=\"l-banner__inner text-left\">\n\n        <div class=\"c-heading -h1\">\n\t\t\t                <div class=\"c-heading__pre\" >\n\t\t\t\t\tBELFOR event                <\/div>\n\t\t\t\n\t\t\t\n\t\t\t        <\/div>\n\n\t\t    <\/div>\n    \n\t<\/div>\n\n    <div class=\"l-banner__media\">\n\t\t\t\t\t\n\t\t    <\/div>\n\n\t\t\t<\/div>\n\n\t\t\t\t\t<\/div>\n\t<\/div>\n\n    <!-- scroll down-->\n    <div class=\"scroll-down\">\n        <div class=\"scroll-down__line-box line-box\">\n            <div class=\"line\"><\/div>\n        <\/div>\n        <div class=\"scroll-down__icon\">\n            <svg class=\"o-icon u-fill-current\" aria-hidden=\"true\">\n                <use xlink:href=\"#scroll-down\"><\/use>\n            <\/svg>\n        <\/div>\n    <\/div>\n    <!-- scroll down : end-->\n\n<\/div>\n\n\n<div class=\"m-block  gt gb l-content-2\"  >\n\n\t\n\t\n\t<div class=\"m-block__container container\" style=\"\">\n\n\t\t<div class=\"l-dcbl l-dcbl-v1\">\n\n\t\t\t\n<div class=\"c-block order-default\" style=\"--c-block-radius:0px; --c-block-gl: 0%;--c-block-gr: 0%;--c-block-gt: 0%;--c-block-gb: 0%;--columns-ratio: 50%;\">\n    <div class=\"c-block__col c-block__text text-left align-center\"\n         style=\"--c-txt-gl: 0%; --c-txt-gr: 0%; --c-txt-gt: 0%; --c-txt-gb: 0%;\">\n        <div class=\"c-block__inner\">\n\n\t\t\t            \n\t\t\t    <div class=\"c-heading -h2 \">\n\t\t\n\t\t\n\t\t\t\t\t<h2  class=\"c-heading__title\">BELFOR bjuder in till ett exklusivt storskadeevent i G\u00f6teborg<\/h2>\t\t\n\t\t    <\/div>\n    <div class=\"c-heading__description is-wysiwyg\">\n        <p data-test-id=\"paragraph-element\" data-slate-node=\"element\">Vi har gl\u00e4djen att bjuda in dig till en dag p\u00e5 v\u00e5r anl\u00e4ggning i G\u00f6teborg, med fokus p\u00e5 BELFOR\u2019s branschledande hantering av stora och komplexa skador.<\/p>\n<p data-test-id=\"paragraph-element\" data-slate-node=\"element\"><strong>Programmet inneh\u00e5ller:<\/strong><\/p>\n<p data-test-id=\"paragraph-element\" data-slate-node=\"element\">F\u00f6redrag med Jens Boe Jacobsen, Chef f\u00f6r Storskador p\u00e5 BELFOR Scandinavia.<\/p>\n<p data-test-id=\"paragraph-element\" data-slate-node=\"element\">Rundtur med demonstrationer och hands-on upplevelser av BELFORs innovativa l\u00f6sningar och produkter:<\/p>\n<ul>\n<li data-test-id=\"paragraph-element\" data-slate-node=\"element\">Exklusiv presentation med Neil Healy fr\u00e5n IMCP-teamet\/konceptet i Europa<\/li>\n<li data-test-id=\"paragraph-element\" data-slate-node=\"element\">Demonstration av BELFORs senaste innovationer, utrustning och teknologi<\/li>\n<\/ul>\n<p data-test-id=\"paragraph-element\" data-slate-node=\"element\">Introduktion till v\u00e5rt unika RED ALERT-koncept med fokus p\u00e5 v\u00e4rde vid storskador med Martin Schachtssneider.<\/p>\n<p data-test-id=\"paragraph-element\" data-slate-node=\"element\">Paneldebatt och n\u00e4tverkande samt l\u00e4ttare f\u00f6rt\u00e4ring..<\/p>\n<p data-test-id=\"paragraph-element\" data-slate-node=\"element\"><strong>Datum:<\/strong> 21. maj<\/p>\n<p data-test-id=\"paragraph-element\" data-slate-node=\"element\"><strong>Adress:<\/strong> K\u00e4rrlyckegatan 7, G\u00f6teborg<\/p>\n<p data-test-id=\"paragraph-element\" data-slate-node=\"element\"><strong>Tidspunkt:<\/strong> 10-14<\/p>\n<p data-test-id=\"paragraph-element\" data-slate-node=\"element\" data-slate-fragment=\"JTVCJTdCJTIyc3R5bGVJZCUyMiUzQSUyMjkzYzk1MDViLTAyYjktNDczYy1hYTM4LWVjM2Y2YWQ4ZTE2MiUyMiUyQyUyMmFsaWdubWVudCUyMiUzQSUyMmxlZnQlMjIlMkMlMjJ0eXBlJTIyJTNBJTIycGFyYWdyYXBoJTIyJTJDJTIyY2hpbGRyZW4lMjIlM0ElNUIlN0IlMjJ0ZXh0JTIyJTNBJTIyQkVMRk9SJTIwYmp1ZGVyJTIwaW4lMjB0aWxsJTIwZXR0JTIwZXhrbHVzaXZ0JTIwc3RvcnNrYWRlZXZlbnQlMjBpJTIwRyVDMyVCNnRlYm9yZyUyMiUyQyUyMmJvbGQlMjIlM0F0cnVlJTdEJTVEJTdEJTJDJTdCJTIyc3R5bGVJZCUyMiUzQSUyMjcyMDQ3NGM1LTA1NWMtNGZiMi1iMzc1LTMwZDAzOTFhZTQ5MSUyMiUyQyUyMmFsaWdubWVudCUyMiUzQSUyMmxlZnQlMjIlMkMlMjJ0eXBlJTIyJTNBJTIycGFyYWdyYXBoJTIyJTJDJTIyY2hpbGRyZW4lMjIlM0ElNUIlN0IlMjJ0ZXh0JTIyJTNBJTIyJTIyJTdEJTVEJTdEJTJDJTdCJTIyc3R5bGVJZCUyMiUzQSUyMjcyMDQ3NGM1LTA1NWMtNGZiMi1iMzc1LTMwZDAzOTFhZTQ5MSUyMiUyQyUyMmFsaWdubWVudCUyMiUzQSUyMmxlZnQlMjIlMkMlMjJ0eXBlJTIyJTNBJTIycGFyYWdyYXBoJTIyJTJDJTIyY2hpbGRyZW4lMjIlM0ElNUIlN0IlMjJ0ZXh0JTIyJTNBJTIyVmklMjBoYXIlMjBnbCVDMyVBNGRqZW4lMjBhdHQlMjBianVkYSUyMGluJTIwZGlnJTIwdGlsbCUyMGVuJTIwZGFnJTIwcCVDMyVBNSUyMHYlQzMlQTVyJTIwYW5sJUMzJUE0Z2duaW5nJTIwaSUyMEclQzMlQjZ0ZWJvcmclMkMlMjBtZWQlMjBmb2t1cyUyMHAlQzMlQTUlMjBCRUxGT1IlRTIlODAlOTlzJTIwYnJhbnNjaGxlZGFuZGUlMjBoYW50ZXJpbmclMjBhdiUyMHN0b3JhJTIwb2NoJTIwa29tcGxleGElMjBza2Fkb3IuJTIyJTdEJTVEJTdEJTJDJTdCJTIyc3R5bGVJZCUyMiUzQSUyMjcyMDQ3NGM1LTA1NWMtNGZiMi1iMzc1LTMwZDAzOTFhZTQ5MSUyMiUyQyUyMmFsaWdubWVudCUyMiUzQSUyMmxlZnQlMjIlMkMlMjJ0eXBlJTIyJTNBJTIycGFyYWdyYXBoJTIyJTJDJTIyY2hpbGRyZW4lMjIlM0ElNUIlN0IlMjJ0ZXh0JTIyJTNBJTIyJTIyJTdEJTVEJTdEJTJDJTdCJTIyc3R5bGVJZCUyMiUzQSUyMjcyMDQ3NGM1LTA1NWMtNGZiMi1iMzc1LTMwZDAzOTFhZTQ5MSUyMiUyQyUyMmFsaWdubWVudCUyMiUzQSUyMmxlZnQlMjIlMkMlMjJ0eXBlJTIyJTNBJTIycGFyYWdyYXBoJTIyJTJDJTIyY2hpbGRyZW4lMjIlM0ElNUIlN0IlMjJ0ZXh0JTIyJTNBJTIyUHJvZ3JhbW1ldCUyMGlubmVoJUMzJUE1bGxlciUzQSUyMiUyQyUyMmJvbGQlMjIlM0F0cnVlJTdEJTVEJTdEJTJDJTdCJTIyc3R5bGVJZCUyMiUzQSUyMjcyMDQ3NGM1LTA1NWMtNGZiMi1iMzc1LTMwZDAzOTFhZTQ5MSUyMiUyQyUyMnR5cGUlMjIlM0ElMjJ1bm9yZGVyZWRMaXN0SXRlbSUyMiUyQyUyMmNoaWxkcmVuJTIyJTNBJTVCJTdCJTIydGV4dCUyMiUzQSUyMkYlQzMlQjZyZWRyYWclMjBtZWQlMjAlMjIlN0QlMkMlN0IlMjJ0ZXh0JTIyJTNBJTIySmVucyUyMEJvZSUyMEphY29ic2VuJTIyJTJDJTIydGV4dENvbG9ySWQlMjIlM0ElMjJlZjVmNjcxMC0xZWEwLTQ1ZGQtODQxYS0wMDJkMTA4NjBjNzAlMjIlN0QlMkMlN0IlMjJ0ZXh0JTIyJTNBJTIyJTJDJTIwQ2hlZiUyMGYlQzMlQjZyJTIwU3RvcnNrYWRvciUyMHAlQzMlQTUlMjBCRUxGT1IlMjBTY2FuZGluYXZpYS4lMjIlN0QlNUQlMkMlMjJsaXN0SWNvbiUyMiUzQSUyMiVFMiU5NyU4QiUyMiUyQyUyMmxpc3RJY29uQ29sb3JJZCUyMiUzQSUyMmVmNWY2NzEwLTFlYTAtNDVkZC04NDFhLTAwMmQxMDg2MGM3MCUyMiU3RCUyQyU3QiUyMnN0eWxlSWQlMjIlM0ElMjI3MjA0NzRjNS0wNTVjLTRmYjItYjM3NS0zMGQwMzkxYWU0OTElMjIlMkMlMjJ0eXBlJTIyJTNBJTIydW5vcmRlcmVkTGlzdEl0ZW0lMjIlMkMlMjJjaGlsZHJlbiUyMiUzQSU1QiU3QiUyMnRleHQlMjIlM0ElMjJSdW5kdHVyJTIwbWVkJTIwZGVtb25zdHJhdGlvbmVyJTIwb2NoJTIwaGFuZHMtb24lMjB1cHBsZXZlbHNlciUyMGF2JTIwQkVMRk9ScyUyMGlubm92YXRpdmElMjBsJUMzJUI2c25pbmdhciUyMG9jaCUyMHByb2R1a3RlciUzQSUyMiU3RCU1RCUyQyUyMmxpc3RJY29uJTIyJTNBJTIyJUUyJTk3JThCJTIyJTJDJTIybGlzdEljb25Db2xvcklkJTIyJTNBJTIyZWY1ZjY3MTAtMWVhMC00NWRkLTg0MWEtMDAyZDEwODYwYzcwJTIyJTdEJTJDJTdCJTIyc3R5bGVJZCUyMiUzQSUyMjcyMDQ3NGM1LTA1NWMtNGZiMi1iMzc1LTMwZDAzOTFhZTQ5MSUyMiUyQyUyMnR5cGUlMjIlM0ElMjJ1bm9yZGVyZWRMaXN0SXRlbSUyMiUyQyUyMmxpc3RJY29uJTIyJTNBJTIyJUUyJTk3JThGJTIyJTJDJTIybGlzdEljb25Db2xvcklkJTIyJTNBJTIyZWY1ZjY3MTAtMWVhMC00NWRkLTg0MWEtMDAyZDEwODYwYzcwJTIyJTJDJTIyY2hpbGRyZW4lMjIlM0ElNUIlN0IlMjJ0ZXh0JTIyJTNBJTIyRXhrbHVzaXYlMjBwcmVzZW50YXRpb24lMjBtZWQlMjAlMjIlN0QlMkMlN0IlMjJ0ZXh0JTIyJTNBJTIyTmVpbCUyMEhlYWx5JTIyJTJDJTIydGV4dENvbG9ySWQlMjIlM0ElMjJlZjVmNjcxMC0xZWEwLTQ1ZGQtODQxYS0wMDJkMTA4NjBjNzAlMjIlN0QlMkMlN0IlMjJ0ZXh0JTIyJTNBJTIyJTIwZnIlQzMlQTVuJTIwSU1DUC10ZWFtZXQlMkZrb25jZXB0ZXQlMjBpJTIwRXVyb3BhJTIyJTdEJTVEJTJDJTIyaW5kZW50TGV2ZWwlMjIlM0ExJTdEJTJDJTdCJTIyc3R5bGVJZCUyMiUzQSUyMjcyMDQ3NGM1LTA1NWMtNGZiMi1iMzc1LTMwZDAzOTFhZTQ5MSUyMiUyQyUyMnR5cGUlMjIlM0ElMjJ1bm9yZGVyZWRMaXN0SXRlbSUyMiUyQyUyMmxpc3RJY29uJTIyJTNBJTIyJUUyJTk3JThGJTIyJTJDJTIybGlzdEljb25Db2xvcklkJTIyJTNBJTIyZWY1ZjY3MTAtMWVhMC00NWRkLTg0MWEtMDAyZDEwODYwYzcwJTIyJTJDJTIyaW5kZW50TGV2ZWwlMjIlM0ExJTJDJTIyY2hpbGRyZW4lMjIlM0ElNUIlN0IlMjJ0ZXh0JTIyJTNBJTIyRGVtb25zdHJhdGlvbiUyMGF2JTIwQkVMRk9ScyUyMHNlbmFzdGUlMjBpbm5vdmF0aW9uZXIlMkMlMjB1dHJ1c3RuaW5nJTIwb2NoJTIwdGVrbm9sb2dpJTIyJTdEJTVEJTdEJTJDJTdCJTIyc3R5bGVJZCUyMiUzQSUyMjcyMDQ3NGM1LTA1NWMtNGZiMi1iMzc1LTMwZDAzOTFhZTQ5MSUyMiUyQyUyMnR5cGUlMjIlM0ElMjJ1bm9yZGVyZWRMaXN0SXRlbSUyMiUyQyUyMmNoaWxkcmVuJTIyJTNBJTVCJTdCJTIydGV4dCUyMiUzQSUyMkludHJvZHVrdGlvbiUyMHRpbGwlMjB2JUMzJUE1cnQlMjB1bmlrYSUyMFJFRCUyMEFMRVJULWtvbmNlcHQlMjBtZWQlMjBmb2t1cyUyMHAlQzMlQTUlMjB2JUMzJUE0cmRlJTIwdmlkJTIwc3RvcnNrYWRvciUyMG1lZCUyMCUyMiU3RCUyQyU3QiUyMnRleHQlMjIlM0ElMjJNYXJ0aW4lMjBTY2hhY2h0c3NuZWlkZXIlMjIlMkMlMjJ0ZXh0Q29sb3JJZCUyMiUzQSUyMmVmNWY2NzEwLTFlYTAtNDVkZC04NDFhLTAwMmQxMDg2MGM3MCUyMiU3RCUyQyU3QiUyMnRleHQlMjIlM0ElMjIuJTIyJTdEJTVEJTJDJTIybGlzdEljb24lMjIlM0ElMjIlRTIlOTclOEIlMjIlMkMlMjJsaXN0SWNvbkNvbG9ySWQlMjIlM0ElMjJlZjVmNjcxMC0xZWEwLTQ1ZGQtODQxYS0wMDJkMTA4NjBjNzAlMjIlN0QlMkMlN0IlMjJzdHlsZUlkJTIyJTNBJTIyNzIwNDc0YzUtMDU1Yy00ZmIyLWIzNzUtMzBkMDM5MWFlNDkxJTIyJTJDJTIydHlwZSUyMiUzQSUyMnVub3JkZXJlZExpc3RJdGVtJTIyJTJDJTIyY2hpbGRyZW4lMjIlM0ElNUIlN0IlMjJ0ZXh0JTIyJTNBJTIyUGFuZWxkZWJhdHQlMjBvY2glMjBuJUMzJUE0dHZlcmthbmRlJTIwc2FtdCUyMGwlQzMlQTR0dGFyZSUyMGYlQzMlQjZydCVDMyVBNHJpbmcuLiUyMiU3RCU1RCUyQyUyMmxpc3RJY29uJTIyJTNBJTIyJUUyJTk3JThCJTIyJTJDJTIybGlzdEljb25Db2xvcklkJTIyJTNBJTIyZWY1ZjY3MTAtMWVhMC00NWRkLTg0MWEtMDAyZDEwODYwYzcwJTIyJTdEJTJDJTdCJTIyc3R5bGVJZCUyMiUzQSUyMjcyMDQ3NGM1LTA1NWMtNGZiMi1iMzc1LTMwZDAzOTFhZTQ5MSUyMiUyQyUyMmFsaWdubWVudCUyMiUzQSUyMmxlZnQlMjIlMkMlMjJ0eXBlJTIyJTNBJTIycGFyYWdyYXBoJTIyJTJDJTIyY2hpbGRyZW4lMjIlM0ElNUIlN0IlMjJ0ZXh0JTIyJTNBJTIyJTIyJTdEJTVEJTdEJTJDJTdCJTIyc3R5bGVJZCUyMiUzQSUyMjcyMDQ3NGM1LTA1NWMtNGZiMi1iMzc1LTMwZDAzOTFhZTQ5MSUyMiUyQyUyMmFsaWdubWVudCUyMiUzQSUyMmxlZnQlMjIlMkMlMjJ0eXBlJTIyJTNBJTIycGFyYWdyYXBoJTIyJTJDJTIyY2hpbGRyZW4lMjIlM0ElNUIlN0IlMjJ0ZXh0JTIyJTNBJTIyRGF0dW0lM0ElMjIlMkMlMjJib2xkJTIyJTNBdHJ1ZSU3RCUyQyU3QiUyMnRleHQlMjIlM0ElMjIlMjAyMS4lMjBtYWolMjIlN0QlNUQlN0QlMkMlN0IlMjJzdHlsZUlkJTIyJTNBJTIyNzIwNDc0YzUtMDU1Yy00ZmIyLWIzNzUtMzBkMDM5MWFlNDkxJTIyJTJDJTIyYWxpZ25tZW50JTIyJTNBJTIybGVmdCUyMiUyQyUyMnR5cGUlMjIlM0ElMjJwYXJhZ3JhcGglMjIlMkMlMjJjaGlsZHJlbiUyMiUzQSU1QiU3QiUyMnRleHQlMjIlM0ElMjJBZHJlc3MlMjIlMkMlMjJib2xkJTIyJTNBdHJ1ZSU3RCUyQyU3QiUyMnRleHQlMjIlM0ElMjIlM0ElMjBLJUMzJUE0cnJseWNrZWdhdGFuJTIwNyUyQyUyMEclQzMlQjZ0ZWJvcmclMjIlN0QlNUQlN0QlMkMlN0IlMjJzdHlsZUlkJTIyJTNBJTIyNzIwNDc0YzUtMDU1Yy00ZmIyLWIzNzUtMzBkMDM5MWFlNDkxJTIyJTJDJTIyYWxpZ25tZW50JTIyJTNBJTIybGVmdCUyMiUyQyUyMnR5cGUlMjIlM0ElMjJwYXJhZ3JhcGglMjIlMkMlMjJjaGlsZHJlbiUyMiUzQSU1QiU3QiUyMnRleHQlMjIlM0ElMjJUaWRzcHVua3QlMjIlMkMlMjJib2xkJTIyJTNBdHJ1ZSU3RCUyQyU3QiUyMnRleHQlMjIlM0ElMjIlM0ElMjAxMC0xNCUyMiU3RCU1RCU3RCUyQyU3QiUyMnN0eWxlSWQlMjIlM0ElMjI3MjA0NzRjNS0wNTVjLTRmYjItYjM3NS0zMGQwMzkxYWU0OTElMjIlMkMlMjJhbGlnbm1lbnQlMjIlM0ElMjJsZWZ0JTIyJTJDJTIydHlwZSUyMiUzQSUyMnBhcmFncmFwaCUyMiUyQyUyMmNoaWxkcmVuJTIyJTNBJTVCJTdCJTIydGV4dCUyMiUzQSUyMiUyMiU3RCU1RCU3RCUyQyU3QiUyMnN0eWxlSWQlMjIlM0ElMjI3MjA0NzRjNS0wNTVjLTRmYjItYjM3NS0zMGQwMzkxYWU0OTElMjIlMkMlMjJhbGlnbm1lbnQlMjIlM0ElMjJsZWZ0JTIyJTJDJTIydHlwZSUyMiUzQSUyMnBhcmFncmFwaCUyMiUyQyUyMmNoaWxkcmVuJTIyJTNBJTVCJTdCJTIydGV4dCUyMiUzQSUyMkFubSVDMyVBNGxhbiUyMHNlbmFzdCUyMDklMjBtYWouJTIwRXZlbmVtYW5nZXQlMjAlQzMlQTRyJTIwa29zdG5hZHNmcml0dC4lMjBWaSUyMHNlciUyMGZyYW0lMjBlbW90JTIwZW4lMjBzcCVDMyVBNG5uYW5kZSUyMG9jaCUyMGluc3BpcmVyYW5kZSUyMGRhZyUyMGklMjBzJUMzJUE0bGxza2FwJTIwbWVkJTIwbGFuZGV0cyUyMGxlZGFuZGUlMjBzdG9yc2thZGVhbnN2YXJpZ2ElMkMlMjBrdW5kZXIlMjBvY2glMjBzYW1hcmJldHNwYXJ0bmVycy4lMjIlN0QlNUQlN0QlNUQ=\">Anm\u00e4lan senast 9 maj. Evenemanget \u00e4r kostnadsfritt. Vi ser fram emot en sp\u00e4nnande och inspirerande dag i s\u00e4llskap med landets ledande storskadeansvariga, kunder och samarbetspartners.<\/p>\n<p><em>*Vi ber alla deltagare att registrera sig personligen och med sin egen e-postadress. N\u00e4r du har registrerat dig nedan kommer du att f\u00e5 ett bekr\u00e4ftelsemeddelande av dataskyddssk\u00e4l. V\u00e4nligen kontrollera \u00e4ven din SPAM-mapp.<\/em><\/p>\n<p><em>N\u00e4r du har bekr\u00e4ftat detta e-postmeddelande \u00e4r du s\u00e4kert registrerad. Om du har tekniska problem med registreringen, v\u00e4nligen skriv till: marketing@belfor.dk.<\/em><\/p>\n    <\/div>\n\t\t\t\t\t\t        <\/div>\n    <\/div>\n\t<\/div>\n\n\t\t<\/div>\n\n\t<\/div>\n\n\t\n<\/div>\n\n\n<div class=\"m-embedded-form   gt gb\"  >\n\n\t\n    <div class=\"m-embedded-form__container container\"\n         style=\" --min-height:602px; --min-height-mob:920px;\">\n\n        <div class=\"m-embedded-form__inner c-form c-iframe\">\n\n\t\t\t\n\t\t\t                 <div class=\"brlbs-cmpnt-container brlbs-cmpnt-content-blocker brlbs-cmpnt-with-individual-styles\" data-borlabs-cookie-content-blocker-id=\"default\" data-borlabs-cookie-content=\"PGlmcmFtZSBzcmM9Imh0dHBzOi8vbmV3cy5iZWxmb3IuY29tL3NlX3JlZ2lzdHJhdGlvbl9ldmVudC5qc3AiIG9ubG9hZD0namF2YXNjcmlwdDooZnVuY3Rpb24obyl7by5zdHlsZS5oZWlnaHQ9by5jb250ZW50V2luZG93LmRvY3VtZW50LmJvZHkuc2Nyb2xsSGVpZ2h0KyJweCI7fSh0aGlzKSk7Jz48L2lmcmFtZT4=\"><div class=\"brlbs-cmpnt-cb-preset-a\"> <p class=\"brlbs-cmpnt-cb-description\">You are currently viewing a placeholder content from <strong>Default<\/strong>. To access the actual content, click the button below. Please note that doing so will share data with third-party providers.<\/p> <div class=\"brlbs-cmpnt-cb-buttons\"> <a class=\"brlbs-cmpnt-cb-btn\" href=\"#\" data-borlabs-cookie-unblock role=\"button\">Unblock content<\/a> <a class=\"brlbs-cmpnt-cb-btn\" href=\"#\" data-borlabs-cookie-accept-service role=\"button\" style=\"display: none\">Accept required service and unblock content<\/a> <\/div> <a class=\"brlbs-cmpnt-cb-provider-toggle\" href=\"#\" data-borlabs-cookie-show-provider-information role=\"button\">More Information<\/a> <\/div><\/div>\n\t\t\t\n        <\/div>\n    <\/div>\n<\/div>\n","protected":false},"excerpt":{"rendered":"","protected":false},"author":11,"featured_media":0,"parent":0,"menu_order":100,"comment_status":"closed","ping_status":"closed","template":"","meta":{"_acf_changed":false,"inline_featured_image":false,"footnotes":""},"class_list":["post-1125","page","type-page","status-publish","hentry"],"acf":[],"yoast_head":"<!-- This site is optimized with the Yoast SEO plugin v27.3 - https:\/\/yoast.com\/product\/yoast-seo-wordpress\/ -->\n<title>BELFOR bjuder in till ett exklusivt storskadeevent i G\u00f6teborg - BELFOR Sweden<\/title>\n<meta name=\"robots\" content=\"noindex, follow\" \/>\n<meta property=\"og:locale\" content=\"sv_SE\" \/>\n<meta property=\"og:type\" content=\"article\" \/>\n<meta property=\"og:title\" content=\"BELFOR bjuder in till ett exklusivt storskadeevent i G\u00f6teborg - BELFOR Sweden\" \/>\n<meta property=\"og:url\" content=\"https:\/\/www.belfor.com\/se\/sv\/exklusivt-storskadeevent-i-goteborg\/\" \/>\n<meta property=\"og:site_name\" content=\"BELFOR Sweden\" \/>\n<meta property=\"article:modified_time\" content=\"2025-06-25T09:51:45+00:00\" \/>\n<meta name=\"twitter:card\" content=\"summary_large_image\" \/>\n<script type=\"application\/ld+json\" class=\"yoast-schema-graph\">{\"@context\":\"https:\\\/\\\/schema.org\",\"@graph\":[{\"@type\":\"WebPage\",\"@id\":\"https:\\\/\\\/www.belfor.com\\\/se\\\/sv\\\/exklusivt-storskadeevent-i-goteborg\\\/\",\"url\":\"https:\\\/\\\/www.belfor.com\\\/se\\\/sv\\\/exklusivt-storskadeevent-i-goteborg\\\/\",\"name\":\"BELFOR bjuder in till ett exklusivt storskadeevent i G\u00f6teborg - BELFOR Sweden\",\"isPartOf\":{\"@id\":\"https:\\\/\\\/www.belfor.com\\\/se\\\/sv\\\/#website\"},\"datePublished\":\"2025-03-31T08:25:04+00:00\",\"dateModified\":\"2025-06-25T09:51:45+00:00\",\"breadcrumb\":{\"@id\":\"https:\\\/\\\/www.belfor.com\\\/se\\\/sv\\\/exklusivt-storskadeevent-i-goteborg\\\/#breadcrumb\"},\"inLanguage\":\"sv-SE\",\"potentialAction\":[{\"@type\":\"ReadAction\",\"target\":[\"https:\\\/\\\/www.belfor.com\\\/se\\\/sv\\\/exklusivt-storskadeevent-i-goteborg\\\/\"]}]},{\"@type\":\"BreadcrumbList\",\"@id\":\"https:\\\/\\\/www.belfor.com\\\/se\\\/sv\\\/exklusivt-storskadeevent-i-goteborg\\\/#breadcrumb\",\"itemListElement\":[{\"@type\":\"ListItem\",\"position\":1,\"name\":\"Home\",\"item\":\"https:\\\/\\\/www.belfor.com\\\/se\\\/sv\\\/\"},{\"@type\":\"ListItem\",\"position\":2,\"name\":\"BELFOR bjuder in till ett exklusivt storskadeevent i G\u00f6teborg\"}]},{\"@type\":\"WebSite\",\"@id\":\"https:\\\/\\\/www.belfor.com\\\/se\\\/sv\\\/#website\",\"url\":\"https:\\\/\\\/www.belfor.com\\\/se\\\/sv\\\/\",\"name\":\"BELFOR Sweden\",\"description\":\"\",\"potentialAction\":[{\"@type\":\"SearchAction\",\"target\":{\"@type\":\"EntryPoint\",\"urlTemplate\":\"https:\\\/\\\/www.belfor.com\\\/se\\\/sv\\\/?s={search_term_string}\"},\"query-input\":{\"@type\":\"PropertyValueSpecification\",\"valueRequired\":true,\"valueName\":\"search_term_string\"}}],\"inLanguage\":\"sv-SE\"}]}<\/script>\n<!-- \/ Yoast SEO plugin. -->","yoast_head_json":{"title":"BELFOR bjuder in till ett exklusivt storskadeevent i G\u00f6teborg - BELFOR Sweden","robots":{"index":"noindex","follow":"follow"},"og_locale":"sv_SE","og_type":"article","og_title":"BELFOR bjuder in till ett exklusivt storskadeevent i G\u00f6teborg - BELFOR Sweden","og_url":"https:\/\/www.belfor.com\/se\/sv\/exklusivt-storskadeevent-i-goteborg\/","og_site_name":"BELFOR Sweden","article_modified_time":"2025-06-25T09:51:45+00:00","twitter_card":"summary_large_image","schema":{"@context":"https:\/\/schema.org","@graph":[{"@type":"WebPage","@id":"https:\/\/www.belfor.com\/se\/sv\/exklusivt-storskadeevent-i-goteborg\/","url":"https:\/\/www.belfor.com\/se\/sv\/exklusivt-storskadeevent-i-goteborg\/","name":"BELFOR bjuder in till ett exklusivt storskadeevent i G\u00f6teborg - BELFOR Sweden","isPartOf":{"@id":"https:\/\/www.belfor.com\/se\/sv\/#website"},"datePublished":"2025-03-31T08:25:04+00:00","dateModified":"2025-06-25T09:51:45+00:00","breadcrumb":{"@id":"https:\/\/www.belfor.com\/se\/sv\/exklusivt-storskadeevent-i-goteborg\/#breadcrumb"},"inLanguage":"sv-SE","potentialAction":[{"@type":"ReadAction","target":["https:\/\/www.belfor.com\/se\/sv\/exklusivt-storskadeevent-i-goteborg\/"]}]},{"@type":"BreadcrumbList","@id":"https:\/\/www.belfor.com\/se\/sv\/exklusivt-storskadeevent-i-goteborg\/#breadcrumb","itemListElement":[{"@type":"ListItem","position":1,"name":"Home","item":"https:\/\/www.belfor.com\/se\/sv\/"},{"@type":"ListItem","position":2,"name":"BELFOR bjuder in till ett exklusivt storskadeevent i G\u00f6teborg"}]},{"@type":"WebSite","@id":"https:\/\/www.belfor.com\/se\/sv\/#website","url":"https:\/\/www.belfor.com\/se\/sv\/","name":"BELFOR Sweden","description":"","potentialAction":[{"@type":"SearchAction","target":{"@type":"EntryPoint","urlTemplate":"https:\/\/www.belfor.com\/se\/sv\/?s={search_term_string}"},"query-input":{"@type":"PropertyValueSpecification","valueRequired":true,"valueName":"search_term_string"}}],"inLanguage":"sv-SE"}]}},"_links":{"self":[{"href":"https:\/\/www.belfor.com\/se\/sv\/wp-json\/wp\/v2\/pages\/1125","targetHints":{"allow":["GET"]}}],"collection":[{"href":"https:\/\/www.belfor.com\/se\/sv\/wp-json\/wp\/v2\/pages"}],"about":[{"href":"https:\/\/www.belfor.com\/se\/sv\/wp-json\/wp\/v2\/types\/page"}],"author":[{"embeddable":true,"href":"https:\/\/www.belfor.com\/se\/sv\/wp-json\/wp\/v2\/users\/11"}],"replies":[{"embeddable":true,"href":"https:\/\/www.belfor.com\/se\/sv\/wp-json\/wp\/v2\/comments?post=1125"}],"version-history":[{"count":4,"href":"https:\/\/www.belfor.com\/se\/sv\/wp-json\/wp\/v2\/pages\/1125\/revisions"}],"predecessor-version":[{"id":1159,"href":"https:\/\/www.belfor.com\/se\/sv\/wp-json\/wp\/v2\/pages\/1125\/revisions\/1159"}],"wp:attachment":[{"href":"https:\/\/www.belfor.com\/se\/sv\/wp-json\/wp\/v2\/media?parent=1125"}],"curies":[{"name":"wp","href":"https:\/\/api.w.org\/{rel}","templated":true}]}}