{"id":1074,"date":"2024-11-18T14:12:32","date_gmt":"2024-11-18T12:12:32","guid":{"rendered":"https:\/\/www.belfor.com\/se\/?page_id=1074"},"modified":"2025-06-25T11:44:15","modified_gmt":"2025-06-25T09:44:15","slug":"avregistrera-dig-fran-nyhetsbrevet","status":"publish","type":"page","link":"https:\/\/www.belfor.com\/se\/sv\/avregistrera-dig-fran-nyhetsbrevet\/","title":{"rendered":"Avregistrera dig fr\u00e5n nyhetsbrevet"},"content":{"rendered":"\n<h2 class=\"wp-block-heading\">Avregistrera dig fr\u00e5n nyhetsbrevet<\/h2>\n\n\n\n<p>Din annullering var framg\u00e5ngsrik.<\/p>\n\n\n\n<p><\/p>\n","protected":false},"excerpt":{"rendered":"<p>Avregistrera dig fr\u00e5n nyhetsbrevet Din annullering var framg\u00e5ngsrik.<\/p>\n","protected":false},"author":7,"featured_media":0,"parent":0,"menu_order":50,"comment_status":"closed","ping_status":"closed","template":"templates\/template-simple-text.php","meta":{"_acf_changed":false,"inline_featured_image":false,"footnotes":""},"class_list":["post-1074","page","type-page","status-publish","hentry"],"acf":[],"yoast_head":"<!-- This site is optimized with the Yoast SEO plugin v27.3 - https:\/\/yoast.com\/product\/yoast-seo-wordpress\/ -->\n<title>Avregistrera dig fr\u00e5n nyhetsbrevet - BELFOR Sweden<\/title>\n<meta name=\"robots\" content=\"noindex, follow\" \/>\n<meta property=\"og:locale\" content=\"sv_SE\" \/>\n<meta property=\"og:type\" content=\"article\" \/>\n<meta property=\"og:title\" content=\"Avregistrera dig fr\u00e5n nyhetsbrevet - BELFOR Sweden\" \/>\n<meta property=\"og:description\" content=\"Avregistrera dig fr\u00e5n nyhetsbrevet Din annullering var framg\u00e5ngsrik.\" \/>\n<meta property=\"og:url\" content=\"https:\/\/www.belfor.com\/se\/sv\/avregistrera-dig-fran-nyhetsbrevet\/\" \/>\n<meta property=\"og:site_name\" content=\"BELFOR Sweden\" \/>\n<meta property=\"article:modified_time\" content=\"2025-06-25T09:44:15+00:00\" \/>\n<meta name=\"twitter:card\" content=\"summary_large_image\" \/>\n<meta name=\"twitter:label1\" content=\"Est. reading time\" \/>\n\t<meta name=\"twitter:data1\" content=\"1 minute\" \/>\n<script type=\"application\/ld+json\" class=\"yoast-schema-graph\">{\"@context\":\"https:\\\/\\\/schema.org\",\"@graph\":[{\"@type\":\"WebPage\",\"@id\":\"https:\\\/\\\/www.belfor.com\\\/se\\\/sv\\\/avregistrera-dig-fran-nyhetsbrevet\\\/\",\"url\":\"https:\\\/\\\/www.belfor.com\\\/se\\\/sv\\\/avregistrera-dig-fran-nyhetsbrevet\\\/\",\"name\":\"Avregistrera dig fr\u00e5n nyhetsbrevet - BELFOR Sweden\",\"isPartOf\":{\"@id\":\"https:\\\/\\\/www.belfor.com\\\/se\\\/sv\\\/#website\"},\"datePublished\":\"2024-11-18T12:12:32+00:00\",\"dateModified\":\"2025-06-25T09:44:15+00:00\",\"breadcrumb\":{\"@id\":\"https:\\\/\\\/www.belfor.com\\\/se\\\/sv\\\/avregistrera-dig-fran-nyhetsbrevet\\\/#breadcrumb\"},\"inLanguage\":\"sv-SE\",\"potentialAction\":[{\"@type\":\"ReadAction\",\"target\":[\"https:\\\/\\\/www.belfor.com\\\/se\\\/sv\\\/avregistrera-dig-fran-nyhetsbrevet\\\/\"]}]},{\"@type\":\"BreadcrumbList\",\"@id\":\"https:\\\/\\\/www.belfor.com\\\/se\\\/sv\\\/avregistrera-dig-fran-nyhetsbrevet\\\/#breadcrumb\",\"itemListElement\":[{\"@type\":\"ListItem\",\"position\":1,\"name\":\"Home\",\"item\":\"https:\\\/\\\/www.belfor.com\\\/se\\\/sv\\\/\"},{\"@type\":\"ListItem\",\"position\":2,\"name\":\"Avregistrera dig fr\u00e5n nyhetsbrevet\"}]},{\"@type\":\"WebSite\",\"@id\":\"https:\\\/\\\/www.belfor.com\\\/se\\\/sv\\\/#website\",\"url\":\"https:\\\/\\\/www.belfor.com\\\/se\\\/sv\\\/\",\"name\":\"BELFOR Sweden\",\"description\":\"\",\"potentialAction\":[{\"@type\":\"SearchAction\",\"target\":{\"@type\":\"EntryPoint\",\"urlTemplate\":\"https:\\\/\\\/www.belfor.com\\\/se\\\/sv\\\/?s={search_term_string}\"},\"query-input\":{\"@type\":\"PropertyValueSpecification\",\"valueRequired\":true,\"valueName\":\"search_term_string\"}}],\"inLanguage\":\"sv-SE\"}]}<\/script>\n<!-- \/ Yoast SEO plugin. -->","yoast_head_json":{"title":"Avregistrera dig fr\u00e5n nyhetsbrevet - BELFOR Sweden","robots":{"index":"noindex","follow":"follow"},"og_locale":"sv_SE","og_type":"article","og_title":"Avregistrera dig fr\u00e5n nyhetsbrevet - BELFOR Sweden","og_description":"Avregistrera dig fr\u00e5n nyhetsbrevet Din annullering var framg\u00e5ngsrik.","og_url":"https:\/\/www.belfor.com\/se\/sv\/avregistrera-dig-fran-nyhetsbrevet\/","og_site_name":"BELFOR Sweden","article_modified_time":"2025-06-25T09:44:15+00:00","twitter_card":"summary_large_image","twitter_misc":{"Est. reading time":"1 minute"},"schema":{"@context":"https:\/\/schema.org","@graph":[{"@type":"WebPage","@id":"https:\/\/www.belfor.com\/se\/sv\/avregistrera-dig-fran-nyhetsbrevet\/","url":"https:\/\/www.belfor.com\/se\/sv\/avregistrera-dig-fran-nyhetsbrevet\/","name":"Avregistrera dig fr\u00e5n nyhetsbrevet - BELFOR Sweden","isPartOf":{"@id":"https:\/\/www.belfor.com\/se\/sv\/#website"},"datePublished":"2024-11-18T12:12:32+00:00","dateModified":"2025-06-25T09:44:15+00:00","breadcrumb":{"@id":"https:\/\/www.belfor.com\/se\/sv\/avregistrera-dig-fran-nyhetsbrevet\/#breadcrumb"},"inLanguage":"sv-SE","potentialAction":[{"@type":"ReadAction","target":["https:\/\/www.belfor.com\/se\/sv\/avregistrera-dig-fran-nyhetsbrevet\/"]}]},{"@type":"BreadcrumbList","@id":"https:\/\/www.belfor.com\/se\/sv\/avregistrera-dig-fran-nyhetsbrevet\/#breadcrumb","itemListElement":[{"@type":"ListItem","position":1,"name":"Home","item":"https:\/\/www.belfor.com\/se\/sv\/"},{"@type":"ListItem","position":2,"name":"Avregistrera dig fr\u00e5n nyhetsbrevet"}]},{"@type":"WebSite","@id":"https:\/\/www.belfor.com\/se\/sv\/#website","url":"https:\/\/www.belfor.com\/se\/sv\/","name":"BELFOR Sweden","description":"","potentialAction":[{"@type":"SearchAction","target":{"@type":"EntryPoint","urlTemplate":"https:\/\/www.belfor.com\/se\/sv\/?s={search_term_string}"},"query-input":{"@type":"PropertyValueSpecification","valueRequired":true,"valueName":"search_term_string"}}],"inLanguage":"sv-SE"}]}},"_links":{"self":[{"href":"https:\/\/www.belfor.com\/se\/sv\/wp-json\/wp\/v2\/pages\/1074","targetHints":{"allow":["GET"]}}],"collection":[{"href":"https:\/\/www.belfor.com\/se\/sv\/wp-json\/wp\/v2\/pages"}],"about":[{"href":"https:\/\/www.belfor.com\/se\/sv\/wp-json\/wp\/v2\/types\/page"}],"author":[{"embeddable":true,"href":"https:\/\/www.belfor.com\/se\/sv\/wp-json\/wp\/v2\/users\/7"}],"replies":[{"embeddable":true,"href":"https:\/\/www.belfor.com\/se\/sv\/wp-json\/wp\/v2\/comments?post=1074"}],"version-history":[{"count":2,"href":"https:\/\/www.belfor.com\/se\/sv\/wp-json\/wp\/v2\/pages\/1074\/revisions"}],"predecessor-version":[{"id":1077,"href":"https:\/\/www.belfor.com\/se\/sv\/wp-json\/wp\/v2\/pages\/1074\/revisions\/1077"}],"wp:attachment":[{"href":"https:\/\/www.belfor.com\/se\/sv\/wp-json\/wp\/v2\/media?parent=1074"}],"curies":[{"name":"wp","href":"https:\/\/api.w.org\/{rel}","templated":true}]}}