{"id":435,"date":"2024-09-12T16:14:24","date_gmt":"2024-09-12T14:14:24","guid":{"rendered":"https:\/\/www.belfor.com\/no\/?page_id=435"},"modified":"2025-02-25T14:29:22","modified_gmt":"2025-02-25T12:29:22","slug":"skadeservice","status":"publish","type":"page","link":"https:\/\/www.belfor.com\/no\/no\/tjenester\/skadeservice\/","title":{"rendered":"Skadeservice"},"content":{"rendered":"<div class=\"m-banner m-banner--small  -version-2 has-overlay order-default\" >\n\n\t\n\t\n\t<div class=\"m-banner__container container-fluid\" style='--overlayOpacity: 50%;--columns-ratio: 50%;background-color: #ffffff;'>\n\n\t\t\n\t\t<div class=\"m-banner__inner container flex-left style-light\">\n\n\t\t\t<div class=\"l-banner  l-gt-custom l-gb-custom\" style=\"--l-gt-padding: 4.5rem;--l-gb-padding: 4.5rem;\">\n\n\t\t\t\t\n<div class=\"l-banner__text\">\n        <div class=\"l-banner__inner text-left\">\n\n        <div class=\"c-heading -h1\">\n\t\t\t                <div class=\"c-heading__pre\" >\n\t\t\t\t\tTjenester                <\/div>\n\t\t\t\n\t\t\t\t\t\t\t<h1 style=\"color:#000000;\" class=\"c-heading__title\">Skadeservice<\/h1>\t\t\t\n\t\t\t        <\/div>\n\n\t\t    <\/div>\n    \n\t<\/div>\n\n    <div class=\"l-banner__media\">\n\t\t\t\t\t\n\t\t\t\t            <div class=\"c-image\">\n            <figure class=\"c-image__media c-image__primary\">\n                <img decoding=\"async\" class=\"c-image__src lazy\" loading=\"lazy\" src=\"https:\/\/www.belfor.com\/no\/wp-content\/uploads\/sites\/11\/2024\/07\/Male-employees-in-red-PPE-suits-walking-in-a-damaged-structure_1920x1080px-1024x576.jpg\"  alt=\"Mannlige ansatte i r\u00f8de verneutstyrsdrakter g\u00e5r i en skadet bygning\" width=\"1024\" height=\"576\"\/>            <\/figure>\n        <\/div>\n    \n\t\t\t\n\t\t    <\/div>\n\n\t\t\t<\/div>\n\n\t\t\t\t\t<\/div>\n\t<\/div>\n\n    <!-- scroll down-->\n    <div class=\"scroll-down\">\n        <div class=\"scroll-down__line-box line-box\">\n            <div class=\"line\"><\/div>\n        <\/div>\n        <div class=\"scroll-down__icon\">\n            <svg class=\"o-icon u-fill-current\" aria-hidden=\"true\">\n                <use xlink:href=\"#scroll-down\"><\/use>\n            <\/svg>\n        <\/div>\n    <\/div>\n    <!-- scroll down : end-->\n\n<\/div>\n\n\n<div class=\"m-breadcrumb \">\n\t\n\t<div class=\"blog-breadcrumb\">\n\t\t<div class=\"blog-breadcrumb__inner inner-frame\">\n\t\t\t<span property=\"itemListElement\" typeof=\"ListItem\"><a property=\"item\" typeof=\"WebPage\" title=\"Go to BELFOR.\" href=\"https:\/\/www.belfor.com\/\" class=\"main-home\" ><span property=\"name\">BELFOR<\/span><\/a><meta property=\"position\" content=\"1\"><\/span> &gt; <span property=\"itemListElement\" typeof=\"ListItem\"><a property=\"item\" typeof=\"WebPage\" title=\"Go to BELFOR Norway.\" href=\"https:\/\/www.belfor.com\/no\/no\/\" class=\"home\" ><span property=\"name\">BELFOR Norway<\/span><\/a><meta property=\"position\" content=\"2\"><\/span> &gt; <span property=\"itemListElement\" typeof=\"ListItem\"><a property=\"item\" typeof=\"WebPage\" title=\"Go to Media.\" href=\"https:\/\/www.belfor.com\/no\/no\/media\/\" class=\"post-root post post-post\" aria-current=\"page\"><span property=\"name\">Media<\/span><\/a><meta property=\"position\" content=\"3\"><\/span>\t\t<\/div>\n\t<\/div>\n\n<\/div>\n\n\n<div class=\"m-wrapper  mt mb-custom -version-7 container\" style='--margin-bottom: 15rem;'>\n\n\t\n\t\n\t<div class=\"m-wrapper__inner\">\n\t\t\n\n<div class=\"m-block l-links-list  \"  >\n\n\t    <div class=\"m-block__container container\"\n         style=\"\">\n\n        <div class=\"l-heading text-left l-heading-v1\">\n\t\t\t        <div class=\"c-heading -h2 \">\n\t\t\n\t\t\n\t\t\t\t\t<h2  class=\"c-heading__title\">Tjenester<\/h2>\t\t\n\t\t    <\/div>\n\n\t\t\t                <ul>\n\t\t\t\t\t                        <li>\n\t\t\t\t\t\t\t\n\t\t\t\t\t\t\t\t                                    <a href=\"\/no\/no\/tjenester\/dognvakt-24-7\/\"\n\t\t\t\t\t\t\t\t\t\t                                        class=\"link\">D\u00f8gnvakt 24\/7                                    <\/a>\n\t\t\t\t\t\t\t\t\n\t\t\t\t\t\t\t                        <\/li>\n\t\t\t\t\t                        <li>\n\t\t\t\t\t\t\t\n\t\t\t\t\t\t\t\t                                    <a href=\"\/no\/no\/tjenester\/haandverkertjenester\/\"\n\t\t\t\t\t\t\t\t\t\t                                        class=\"link\">H\u00e5ndverkertjenester                                    <\/a>\n\t\t\t\t\t\t\t\t\n\t\t\t\t\t\t\t                        <\/li>\n\t\t\t\t\t                        <li>\n\t\t\t\t\t\t\t\n\t\t\t\t\t\t\t\t                                    <a href=\"\/no\/no\/tjenester\/miljo-og-specialservice\/\"\n\t\t\t\t\t\t\t\t\t\t                                        class=\"link\">Milj\u00f8 og Specialservice                                    <\/a>\n\t\t\t\t\t\t\t\t\n\t\t\t\t\t\t\t                        <\/li>\n\t\t\t\t\t                        <li>\n\t\t\t\t\t\t\t\n\t\t\t\t\t\t\t\t                                    <a href=\"\/no\/no\/tjenester\/skadeservice\/\"\n\t\t\t\t\t\t\t\t\t\t                                        class=\"link\">Skadeservice                                    <\/a>\n\t\t\t\t\t\t\t\t\n\t\t\t\t\t\t\t                        <\/li>\n\t\t\t\t\t                <\/ul>\n\t\t\t\n        <\/div>\n    <\/div>\n<\/div>\n\n\n<div class=\"m-block  mb-custom l-content-2\"  style='--margin-bottom: 5rem;'>\n\n\t\n\t\n\t<div class=\"m-block__container container\" style=\"\">\n\n\t\t<div class=\"l-dcbl l-dcbl-v1\">\n\n\t\t\t\n<div class=\"c-block order-default is-vertical\" style=\"--c-block-radius:0px; --c-block-gl: 0%;--c-block-gr: 0%;--c-block-gt: 0%;--c-block-gb: 0%;--columns-ratio: 100%;\">\n    <div class=\"c-block__col c-block__text text-left align-center\"\n         style=\"--c-txt-gl: 0%; --c-txt-gr: 0%; --c-txt-gt: 0%; --c-txt-gb: 0%;\">\n        <div class=\"c-block__inner\">\n\n\t\t\t            \n\t\t\t    <div class=\"c-heading -h2 \">\n\t\t\n\t\t\n\t\t\t\t\t<h2  class=\"c-heading__title\">N\u00e5r skaden f\u00f8rst er skjedd, er det avgj\u00f8rende \u00e5 handle raskt og effektivt<\/h2>\t\t\n\t\t    <\/div>\n    <div class=\"c-heading__description is-wysiwyg\">\n        <p>Skadeservice og skadesanering er to viktige prosesser som hjelper eiendomsbesittere med \u00e5 administrere og restaurere eiendommer etter skade. Vi har personell, utstyr og kunnskap til \u00e5 utf\u00f8re f\u00f8rsteklasses skadeopprydding og skadeservice p\u00e5 en sikker og effektiv m\u00e5te.<\/p>\n    <\/div>\n\t\t\t\t\t\t        <\/div>\n    <\/div>\n\t<\/div>\n\n\t\t<\/div>\n\n\t<\/div>\n\n\t\n<\/div>\n\n\n<div class=\"m-block  mb-custom l-content-2\"  style='--margin-bottom: 5rem;'>\n\n\t\n\t\n\t<div class=\"m-block__container container\" style=\"\">\n\n\t\t<div class=\"l-dcbl l-dcbl-v1\">\n\n\t\t\t\n<div class=\"c-block order-default is-vertical\" style=\"--c-block-radius:0px; --c-block-gl: 0%;--c-block-gr: 0%;--c-block-gt: 0%;--c-block-gb: 0%;--columns-ratio: 100%;\">\n    <div class=\"c-block__col c-block__text text-left align-center\"\n         style=\"--c-txt-gl: 0%; --c-txt-gr: 0%; --c-txt-gt: 0%; --c-txt-gb: 0%;\">\n        <div class=\"c-block__inner\">\n\n\t\t\t            \n\t\t\t    <div class=\"c-heading -h2 \">\n\t\t\n\t\t\n\t\t\t\t\t<h2  class=\"c-heading__title\">Vi har lang erfaring innen skadebehandling<\/h2>\t\t\n\t\t    <\/div>\n    <div class=\"c-heading__description is-wysiwyg\">\n        <p>Takket v\u00e6re v\u00e5re prosesser og kompetanse p\u00e5 v\u00e5re medarbeidere, utf\u00f8rer vi profesjonell og effektiv skadesanering<\/p>\n<h3><strong>Vi tilbyr en lang rekke tjenester i forbindelse med en skade<\/strong><\/h3>\n<ul>\n<li>Som verdens f\u00f8rende skadeservicebedrift, tilbyr BELFOR de h\u00f8yeste standarder i utbedring av skader for industri, boligforeninger, virksomheter og forsikringsselskap.<\/li>\n<li>Vi st\u00e5r for skademottak, registrering og opprettelse av skaden, slik at det formelle er i orden.<\/li>\n<li>Hurtig utrykning \u2013 ved akutt behov er vi normalt p\u00e5 skadestedet innen 1 time. BELFORs 20 avdelinger ligger strategisk til i Norge og vi kan derfor tilby en hurtig ankomst til skadestedet.<\/li>\n<li>Skadestopp og reduksjon av f\u00f8lgeskader (avdekning, oppklossing av inventar, oppsugning av vann, avfuktning m.m.). V\u00e5re metoder er fullt ut i overensstemmelse med gjeldende bransjestandard, og vi g\u00e5r forkant n\u00e5r det gjelder utvikling av nye metoder.<\/li>\n<\/ul>\n    <\/div>\n\t\t\t\t\t\t        <\/div>\n    <\/div>\n\t    <div class=\"c-block__col c-block__media\">\n\t\t\t<div class=\"c-image front-h-left front-v-center main-h-full main-v-center r-1x1 is-image\">\n\n\t\t\t\t\t<div class=\"c-image__media c-image__primary\">\n                <img decoding=\"async\" class=\"c-image__src lazy\" loading=\"lazy\" src=\"https:\/\/www.belfor.com\/no\/wp-content\/uploads\/sites\/11\/2024\/07\/A-male-BELFOR-employee-smiling_1920x1080px-1024x576.jpg\"  alt=\"En mannlig BELFOR-ansatt smiler\" width=\"1024\" height=\"576\"\/>\t\t\t<\/div>\n\t\t\n\t\t\n\t<\/div>\n\t\n\t\t\n\t\t\n\t\t    <\/div>\n\t<\/div>\n\n\t\t<\/div>\n\n\t<\/div>\n\n\t\n<\/div>\n\n\n<div class=\"m-block  mb-custom l-content-2\"  style='--margin-bottom: 5rem;'>\n\n\t\n\t\n\t<div class=\"m-block__container container\" style=\"\">\n\n\t\t<div class=\"l-dcbl l-dcbl-v1\">\n\n\t\t\t\n<div class=\"c-block order-default is-vertical\" style=\"--c-block-radius:0px; --c-block-gl: 0%;--c-block-gr: 0%;--c-block-gt: 0%;--c-block-gb: 0%;--columns-ratio: 100%;\">\n    <div class=\"c-block__col c-block__text text-left align-center\"\n         style=\"--c-txt-gl: 0%; --c-txt-gr: 0%; --c-txt-gt: 0%; --c-txt-gb: 0%;\">\n        <div class=\"c-block__inner\">\n\n\t\t\t            \n\t\t\t    <div class=\"c-heading -h2 \">\n\t\t\n\t\t\n\t\t\t\t\t<h2  class=\"c-heading__title\">Vi har mer enn 30 \u00e5rs erfaring p\u00e5 omr\u00e5det<\/h2>\t\t\n\t\t    <\/div>\n    <div class=\"c-heading__description is-wysiwyg\">\n        <p>Vi gjenoppretter skader og fjerner fukt, mugg, forurensede stoffer, lukt som er for\u00e5rsaket av skaden, uten \u00e5 etterlate spor.<\/p>\n<p>V\u00e5re vel etablerte prosedyrer og erfarne medarbeidere sikrer at arbeidet utf\u00f8res effektivt og profesjonelt.<\/p>\n<p>Vi sikrer korrekt sortering og milj\u00f8vennlig bortkj\u00f8ring av avfall.<\/p>\n<p>&nbsp;<\/p>\n<h2>Skadeservice er v\u00e5r kjernevirksomhet<\/h2>\n<p>Vi er alltid i tett dialog med skadelidte, og sammen vurderer vi hva som skal prioriteres, f.eks. effekter av h\u00f8y verdi eller effekter med h\u00f8y affeksjonsverdi<\/p>\n<p>Vi h\u00e5ndterer registrering og dokumentasjon, vi sorterer og teller skadede effekter samt s\u00f8rger for fotodokumentasjon.<\/p>\n<h2>Avfukting og fuktunders\u00f8kelser<\/h2>\n<p>Effektive l\u00f8sninger p\u00e5 fuktproblemer<\/p>\n<p>V\u00e5re medarbeider har n\u00f8dvendig ekspertise, samt moderne spesialutstyr for en kontrollert avfuktning og t\u00f8rking. Hvis fuktskader ikke gj\u00f8res riktig og korrekt, kan f\u00f8lgeskadene medf\u00f8re store kostander.<\/p>\n<p>Det er avgj\u00f8rende \u00e5 f\u00e5 lokalisert \u00e5rsaken til fuktskaden, f\u00f8r den kan utvikle seg til en mugg og soppskade.<\/p>\n<h2>Rengj\u00f8ring efter brann- og vannskader<\/h2>\n<p><strong>Vi er spesialister i alle former for skadebegrensende arbeide etter brann- og vannskader<\/p>\n<p><\/strong>N\u00e5r du har behov for hjelp og akutt bistand, er v\u00e5re vakter alltid klar til \u00e5 hjelpe deg hele d\u00f8gnet \u2013 i de omr\u00e5der vi har v\u00e5re avdelinger<\/p>\n<p>Vi behandler alle former for sotskader etter brann, uansett skadens omfang og materialets beskaffenhet. V\u00e5re teknikere har en bred kunnskap og erfaring, s\u00e5 kunden alltid er sikret, at overflatene rengj\u00f8res mest effektivt, og lukt fjernes hurtigst mulig.<\/p>\n<p>Utf\u00f8relsen skjer med bruk av milj\u00f8vennlig kjemi, og det lages alltid en konkret vurdering av hvilke metoder som er mest sk\u00e5nsomme for den aktuelle situasjon.<\/p>\n<p><strong>H\u00e5ndtering av innbo<br \/>\n<\/strong>Har du v\u00e6rt utsatt for en brannskade, vannskade, mugg\/sopp eller annet som har skadet ditt innbo, s\u00e5 kan vi hjelpe deg.<\/p>\n<p>Renovering foreg\u00e5r p\u00e5 skadestedet, hvis det er mulig, eller p\u00e5 n\u00e6rmeste BELFOR avdeling. Vi benytter anerkjente metoder til rensing av innbo etter mugg, brann og vann. Sotskader p\u00e5 innbo renses og luktsaneres ved behov.<\/p>\n<p>N\u00e5r innboet er vasket og renset, pakkes det i flyttekasser. Disse leveres enten til skadelidte med det samme, eller lagres ved behov inntil boligen er klargjort og skadelidte kan f\u00e5 det tilbake<\/p>\n<p><strong>Flytting av innbo og l\u00f8s\u00f8re<br \/>\n<\/strong>Vi har egne medarbeidere som utf\u00f8rer n\u00f8dvendig flytting av innbo og l\u00f8s\u00f8re som har mange \u00e5rs erfaring med flytting etter en skade<\/p>\n<p>Det er viktig for oss, at en flytting foreg\u00e5r smertefritt og sk\u00e5nsomt for alle parter. V\u00e5re medarbeidere er effektive og diskr\u00e9, og passer godt p\u00e5 dine ting. Det gjelder spesielt, hvis m\u00f8bler skal flyttes opp og ned trapper, og vi er n\u00f8ye med innpakning med tepper og folie, slik at vi er sikre p\u00e5 at vi ikke lager skader p\u00e5 din eiendom og inventar.<\/p>\n<p>Vi har egne biler, og har en rekke hjelpemidler til r\u00e5dighet som effektiviserer flytteprosessen.<\/p>\n<ul>\n<li>Hurtig, effektiv og forsvarlig nedpakning<\/li>\n<li>Oppbevaring p\u00e5 eget lager<\/li>\n<li>Bortkj\u00f8ring av avfall<\/li>\n<li>Renovering av skadet l\u00f8s\u00f8re<\/li>\n<li>Bildedokumentasjon<\/li>\n<\/ul>\n    <\/div>\n\t\t\t\t\t\t        <\/div>\n    <\/div>\n\t    <div class=\"c-block__col c-block__media\">\n\t\t\t<div class=\"c-image front-h-left front-v-center main-h-full main-v-center r-1x1 is-image\">\n\n\t\t\t\t\t<div class=\"c-image__media c-image__primary\">\n                <img decoding=\"async\" class=\"c-image__src lazy\" loading=\"lazy\" src=\"https:\/\/www.belfor.com\/no\/wp-content\/uploads\/sites\/11\/2024\/07\/BELFOR-We-Make-it-UNDONE-sign_1920x1080px-1024x576.jpg\"  alt=\"BELFOR We Make it UNDONE-skilt\" width=\"1024\" height=\"576\"\/>\t\t\t<\/div>\n\t\t\n\t\t\n\t<\/div>\n\t\n\t\t\n\t\t\n\t\t    <\/div>\n\t<\/div>\n\n\t\t<\/div>\n\n\t<\/div>\n\n\t\n<\/div>\n\n\n<div class=\"m-block  l-content-2\"  >\n\n\t\n\t\n\t<div class=\"m-block__container container\" style=\"\">\n\n\t\t<div class=\"l-dcbl l-dcbl-v1\">\n\n\t\t\t\n<div class=\"c-block order-default is-vertical\" style=\"--c-block-radius:0px; --c-block-gl: 0%;--c-block-gr: 0%;--c-block-gt: 0%;--c-block-gb: 0%;--columns-ratio: 50%;\">\n    <div class=\"c-block__col c-block__text text-left align-center\"\n         style=\"--c-txt-gl: 0%; --c-txt-gr: 0%; --c-txt-gt: 0%; --c-txt-gb: 0%;\">\n        <div class=\"c-block__inner\">\n\n\t\t\t            \n\t\t\t    <div class=\"c-heading -h2 \">\n\t\t\n\t\t\n\t\t\t\t\t<h2  class=\"c-heading__title\">Interessert i v\u00e5re tjenester?<\/h2>\t\t\n\t\t    <\/div>\n    <div class=\"c-heading__description is-wysiwyg\">\n        <p>Har du sp\u00f8rsm\u00e5l eller trenger \u00f8yeblikkelig hjelp? Vi er her og klare til \u00e5 hjelpe \u2013 vi ser frem til \u00e5 h\u00f8re fra deg!<\/p>\n    <\/div>\n\t\t\t\t\t\t\t    <div class=\"c-block__btn\">\n\t\t\n\t\t\t<a href=\"\/no\/no\/kontakt\/\"  class=\"c-btn -normal -primary has-icon icon-right \"><div class=\"label-up\"><span class=\"c-btn__txt\">Kontakt oss<\/span><span class=\"c-btn__ico\"><svg width=\"30\" height=\"30\" class=\"icon icon-lib-icon-arrow4 \" aria-hidden=\"true\" role=\"img\"><use xlink:href=\"#lib-icon-arrow4\"><\/use><\/svg><\/span><\/div><div class=\"label-up\"><span class=\"c-btn__txt\">Kontakt oss<\/span><span class=\"c-btn__ico\"><svg width=\"30\" height=\"30\" class=\"icon icon-lib-icon-arrow4 \" aria-hidden=\"true\" role=\"img\"><use xlink:href=\"#lib-icon-arrow4\"><\/use><\/svg><\/span><\/div><\/a>\n\t\t    <\/div>\n\t        <\/div>\n    <\/div>\n\t<\/div>\n\n\t\t<\/div>\n\n\t<\/div>\n\n\t\n<\/div>\n\n\n\t<\/div>\n<\/div>\n\n\n<div class=\"m-wrapper  gt mb-custom bg-cover bg-center bg-no-repeat -version-3 container-fluid\" style='--margin-bottom: 32.5rem;background-image: url(https:\/\/www.belfor.com\/no\/wp-content\/uploads\/sites\/11\/2024\/07\/A-group-of-BELFOR-Employees-walking-in-front-of-a-BELFOR-branch_CTA-Bild_2560x1192px.jpg);'>\n\n\t\n\t\n\t<div class=\"m-wrapper__inner\">\n\t\t\n<div class=\"m-block  gt gb -version-3 l-content-simple-1\"  style='--l-container-width: 83rem;'>\n\n\t\n\t\n\t<div class=\"m-block__container container-custom\" style=\"--l-container-width: 83rem\">\n\n\t\t<div class=\"l-heading text-left l-heading-v1\">\n\n\t\t\t    <div class=\"c-heading -h2 \">\n\t\t\n\t\t            <div class=\"c-heading__pre\" >\n\t\t\t\tVI TILBYR RETT EKSPERTISE             <\/div>\n\t\t\n\t\t\t\t\t<h2  class=\"c-heading__title\">BELFOR er verdens st\u00f8rste selskap innen skadeservice, med tusenvis av kolleger over hele verden <\/h2>\t\t\n\t\t    <\/div>\n    <div class=\"c-heading__description is-wysiwyg\">\n        <p>Vi er der for deg, og hjelper deg med din skade<\/p>\n    <\/div>\n\n\t\t\t\t    <div class=\"c-block__btn\">\n\t\t\n\t\t\t<a href=\"\/no\/no\/kontakt\/\"  class=\"c-btn -normal -primary has-icon icon-right \"><div class=\"label-up\"><span class=\"c-btn__txt\">KLIKK HER FOR \u00c5 KONTAKTE OSS<\/span><span class=\"c-btn__ico\"><svg width=\"30\" height=\"30\" class=\"icon icon-lib-icon-arrow4 \" aria-hidden=\"true\" role=\"img\"><use xlink:href=\"#lib-icon-arrow4\"><\/use><\/svg><\/span><\/div><div class=\"label-up\"><span class=\"c-btn__txt\">KLIKK HER FOR \u00c5 KONTAKTE OSS<\/span><span class=\"c-btn__ico\"><svg width=\"30\" height=\"30\" class=\"icon icon-lib-icon-arrow4 \" aria-hidden=\"true\" role=\"img\"><use xlink:href=\"#lib-icon-arrow4\"><\/use><\/svg><\/span><\/div><\/a>\n\t\t    <\/div>\n\t\n\t\t<\/div>\n\n\t<\/div>\n\n\t\n<\/div>\n\n\n\t<\/div>\n<\/div>\n","protected":false},"excerpt":{"rendered":"","protected":false},"author":7,"featured_media":0,"parent":50,"menu_order":4,"comment_status":"closed","ping_status":"closed","template":"","meta":{"_acf_changed":false,"inline_featured_image":false,"footnotes":""},"class_list":["post-435","page","type-page","status-publish","hentry"],"acf":[],"yoast_head":"<!-- This site is optimized with the Yoast SEO plugin v27.3 - https:\/\/yoast.com\/product\/yoast-seo-wordpress\/ -->\n<title>Skadeservice - BELFOR Norway<\/title>\n<meta name=\"robots\" content=\"index, follow, max-snippet:-1, max-image-preview:large, max-video-preview:-1\" \/>\n<link rel=\"canonical\" href=\"https:\/\/www.belfor.com\/no\/no\/tjenester\/skadeservice\/\" \/>\n<meta property=\"og:locale\" content=\"nb_NO\" \/>\n<meta property=\"og:type\" content=\"article\" \/>\n<meta property=\"og:title\" content=\"Skadeservice - BELFOR Norway\" \/>\n<meta property=\"og:url\" content=\"https:\/\/www.belfor.com\/no\/no\/tjenester\/skadeservice\/\" \/>\n<meta property=\"og:site_name\" content=\"BELFOR Norway\" \/>\n<meta property=\"article:modified_time\" content=\"2025-02-25T12:29:22+00:00\" \/>\n<meta name=\"twitter:card\" content=\"summary_large_image\" \/>\n<script type=\"application\/ld+json\" class=\"yoast-schema-graph\">{\"@context\":\"https:\\\/\\\/schema.org\",\"@graph\":[{\"@type\":\"WebPage\",\"@id\":\"https:\\\/\\\/www.belfor.com\\\/no\\\/no\\\/tjenester\\\/skadeservice\\\/\",\"url\":\"https:\\\/\\\/www.belfor.com\\\/no\\\/no\\\/tjenester\\\/skadeservice\\\/\",\"name\":\"Skadeservice - BELFOR Norway\",\"isPartOf\":{\"@id\":\"https:\\\/\\\/www.belfor.com\\\/no\\\/no\\\/#website\"},\"datePublished\":\"2024-09-12T14:14:24+00:00\",\"dateModified\":\"2025-02-25T12:29:22+00:00\",\"breadcrumb\":{\"@id\":\"https:\\\/\\\/www.belfor.com\\\/no\\\/no\\\/tjenester\\\/skadeservice\\\/#breadcrumb\"},\"inLanguage\":\"nb-NO\",\"potentialAction\":[{\"@type\":\"ReadAction\",\"target\":[\"https:\\\/\\\/www.belfor.com\\\/no\\\/no\\\/tjenester\\\/skadeservice\\\/\"]}]},{\"@type\":\"BreadcrumbList\",\"@id\":\"https:\\\/\\\/www.belfor.com\\\/no\\\/no\\\/tjenester\\\/skadeservice\\\/#breadcrumb\",\"itemListElement\":[{\"@type\":\"ListItem\",\"position\":1,\"name\":\"Home\",\"item\":\"https:\\\/\\\/www.belfor.com\\\/no\\\/no\\\/\"},{\"@type\":\"ListItem\",\"position\":2,\"name\":\"Tjenester\",\"item\":\"https:\\\/\\\/www.belfor.com\\\/no\\\/no\\\/tjenester\\\/\"},{\"@type\":\"ListItem\",\"position\":3,\"name\":\"Skadeservice\"}]},{\"@type\":\"WebSite\",\"@id\":\"https:\\\/\\\/www.belfor.com\\\/no\\\/no\\\/#website\",\"url\":\"https:\\\/\\\/www.belfor.com\\\/no\\\/no\\\/\",\"name\":\"BELFOR Norway\",\"description\":\"\",\"potentialAction\":[{\"@type\":\"SearchAction\",\"target\":{\"@type\":\"EntryPoint\",\"urlTemplate\":\"https:\\\/\\\/www.belfor.com\\\/no\\\/no\\\/?s={search_term_string}\"},\"query-input\":{\"@type\":\"PropertyValueSpecification\",\"valueRequired\":true,\"valueName\":\"search_term_string\"}}],\"inLanguage\":\"nb-NO\"}]}<\/script>\n<!-- \/ Yoast SEO plugin. -->","yoast_head_json":{"title":"Skadeservice - BELFOR Norway","robots":{"index":"index","follow":"follow","max-snippet":"max-snippet:-1","max-image-preview":"max-image-preview:large","max-video-preview":"max-video-preview:-1"},"canonical":"https:\/\/www.belfor.com\/no\/no\/tjenester\/skadeservice\/","og_locale":"nb_NO","og_type":"article","og_title":"Skadeservice - BELFOR Norway","og_url":"https:\/\/www.belfor.com\/no\/no\/tjenester\/skadeservice\/","og_site_name":"BELFOR Norway","article_modified_time":"2025-02-25T12:29:22+00:00","twitter_card":"summary_large_image","schema":{"@context":"https:\/\/schema.org","@graph":[{"@type":"WebPage","@id":"https:\/\/www.belfor.com\/no\/no\/tjenester\/skadeservice\/","url":"https:\/\/www.belfor.com\/no\/no\/tjenester\/skadeservice\/","name":"Skadeservice - BELFOR Norway","isPartOf":{"@id":"https:\/\/www.belfor.com\/no\/no\/#website"},"datePublished":"2024-09-12T14:14:24+00:00","dateModified":"2025-02-25T12:29:22+00:00","breadcrumb":{"@id":"https:\/\/www.belfor.com\/no\/no\/tjenester\/skadeservice\/#breadcrumb"},"inLanguage":"nb-NO","potentialAction":[{"@type":"ReadAction","target":["https:\/\/www.belfor.com\/no\/no\/tjenester\/skadeservice\/"]}]},{"@type":"BreadcrumbList","@id":"https:\/\/www.belfor.com\/no\/no\/tjenester\/skadeservice\/#breadcrumb","itemListElement":[{"@type":"ListItem","position":1,"name":"Home","item":"https:\/\/www.belfor.com\/no\/no\/"},{"@type":"ListItem","position":2,"name":"Tjenester","item":"https:\/\/www.belfor.com\/no\/no\/tjenester\/"},{"@type":"ListItem","position":3,"name":"Skadeservice"}]},{"@type":"WebSite","@id":"https:\/\/www.belfor.com\/no\/no\/#website","url":"https:\/\/www.belfor.com\/no\/no\/","name":"BELFOR Norway","description":"","potentialAction":[{"@type":"SearchAction","target":{"@type":"EntryPoint","urlTemplate":"https:\/\/www.belfor.com\/no\/no\/?s={search_term_string}"},"query-input":{"@type":"PropertyValueSpecification","valueRequired":true,"valueName":"search_term_string"}}],"inLanguage":"nb-NO"}]}},"_links":{"self":[{"href":"https:\/\/www.belfor.com\/no\/no\/wp-json\/wp\/v2\/pages\/435","targetHints":{"allow":["GET"]}}],"collection":[{"href":"https:\/\/www.belfor.com\/no\/no\/wp-json\/wp\/v2\/pages"}],"about":[{"href":"https:\/\/www.belfor.com\/no\/no\/wp-json\/wp\/v2\/types\/page"}],"author":[{"embeddable":true,"href":"https:\/\/www.belfor.com\/no\/no\/wp-json\/wp\/v2\/users\/7"}],"replies":[{"embeddable":true,"href":"https:\/\/www.belfor.com\/no\/no\/wp-json\/wp\/v2\/comments?post=435"}],"version-history":[{"count":5,"href":"https:\/\/www.belfor.com\/no\/no\/wp-json\/wp\/v2\/pages\/435\/revisions"}],"predecessor-version":[{"id":627,"href":"https:\/\/www.belfor.com\/no\/no\/wp-json\/wp\/v2\/pages\/435\/revisions\/627"}],"up":[{"embeddable":true,"href":"https:\/\/www.belfor.com\/no\/no\/wp-json\/wp\/v2\/pages\/50"}],"wp:attachment":[{"href":"https:\/\/www.belfor.com\/no\/no\/wp-json\/wp\/v2\/media?parent=435"}],"curies":[{"name":"wp","href":"https:\/\/api.w.org\/{rel}","templated":true}]}}