{"id":87,"date":"2024-05-28T14:04:44","date_gmt":"2024-05-28T12:04:44","guid":{"rendered":"https:\/\/www.belfor.com\/fr\/?page_id=87"},"modified":"2026-03-10T15:43:39","modified_gmt":"2026-03-10T13:43:39","slug":"recherche-de-fuites","status":"publish","type":"page","link":"https:\/\/www.belfor.com\/fr\/fr\/nos-metiers\/remise-en-etat-apres-sinistre\/recherche-de-fuites\/","title":{"rendered":"Recherche de fuites"},"content":{"rendered":"<div class=\"m-banner m-banner--small  -version-2 has-overlay order-default\" >\n\n\t\n\t\n\t<div class=\"m-banner__container container-fluid\" style='--overlayOpacity: 50%;--columns-ratio: 50%;background-color: #ffffff;'>\n\n\t\t\n\t\t<div class=\"m-banner__inner container flex-left style-light\">\n\n\t\t\t<div class=\"l-banner  l-gt-custom l-gb-custom\" style=\"--l-gt-padding: 4.5rem;--l-gb-padding: 4.5rem;\">\n\n\t\t\t\t\n<div class=\"l-banner__text\">\n        <div class=\"l-banner__inner text-left\">\n\n        <div class=\"c-heading -h1\">\n\t\t\t                <div class=\"c-heading__pre\" >\n\t\t\t\t\tNos m\u00e9tiers                <\/div>\n\t\t\t\n\t\t\t\t\t\t\t<h1 style=\"--font-size-mobile:3.5rem;color:#000000;\" class=\"c-heading__title\">Recherche de fuites<\/h1>\t\t\t\n\t\t\t        <\/div>\n\n\t\t    <\/div>\n    \n\t<\/div>\n\n    <div class=\"l-banner__media\">\n\t\t\t\t\t\n\t\t\t\t            <div class=\"c-image\">\n            <figure class=\"c-image__media c-image__primary\">\n                <img decoding=\"async\" class=\"c-image__src lazy\" loading=\"lazy\" src=\"https:\/\/www.belfor.com\/fr\/wp-content\/uploads\/sites\/6\/2024\/07\/An-employee-using-a-device-to-find-a-leakage_1920x1080px-1024x576.jpg\"  alt=\"Un employ\u00e9 utilise un appareil pour trouver une fuite\" width=\"1024\" height=\"576\"\/>            <\/figure>\n        <\/div>\n    \n\t\t\t\n\t\t    <\/div>\n\n\t\t\t<\/div>\n\n\t\t\t\t\t<\/div>\n\t<\/div>\n\n    <!-- scroll down-->\n    <div class=\"scroll-down\">\n        <div class=\"scroll-down__line-box line-box\">\n            <div class=\"line\"><\/div>\n        <\/div>\n        <div class=\"scroll-down__icon\">\n            <svg class=\"o-icon u-fill-current\" aria-hidden=\"true\">\n                <use xlink:href=\"#scroll-down\"><\/use>\n            <\/svg>\n        <\/div>\n    <\/div>\n    <!-- scroll down : end-->\n\n<\/div>\n\n\n<div class=\"m-breadcrumb \">\n\t\n\t<div class=\"blog-breadcrumb\">\n\t\t<div class=\"blog-breadcrumb__inner inner-frame\">\n\t\t\t<span property=\"itemListElement\" typeof=\"ListItem\"><a property=\"item\" typeof=\"WebPage\" title=\"Go to BELFOR.\" href=\"https:\/\/www.belfor.com\/\" class=\"main-home\" ><span property=\"name\">BELFOR<\/span><\/a><meta property=\"position\" content=\"1\"><\/span> &gt; <span property=\"itemListElement\" typeof=\"ListItem\"><a property=\"item\" typeof=\"WebPage\" title=\"Go to BELFOR France.\" href=\"https:\/\/www.belfor.com\/fr\/fr\/\" class=\"home\" ><span property=\"name\">BELFOR France<\/span><\/a><meta property=\"position\" content=\"2\"><\/span> &gt; <span property=\"itemListElement\" typeof=\"ListItem\"><a property=\"item\" typeof=\"WebPage\" title=\"Go to Documents.\" href=\"https:\/\/www.belfor.com\/fr\/fr\/documents\/\" class=\"post-root post post-post\" aria-current=\"page\"><span property=\"name\">Documents<\/span><\/a><meta property=\"position\" content=\"3\"><\/span>\t\t<\/div>\n\t<\/div>\n\n<\/div>\n\n\n<div class=\"m-wrapper  mt mb-custom -version-7 container\" style='--margin-bottom: 15rem;'>\n\n\t\n\t\n\t<div class=\"m-wrapper__inner\">\n\t\t\n\n<div class=\"m-block l-links-list  \"  >\n\n\t    <div class=\"m-block__container container\"\n         style=\"\">\n\n        <div class=\"l-heading text-left l-heading-v1\">\n\t\t\t        <div class=\"c-heading -h2 \">\n\t\t\n\t\t\n\t\t\t\t\t<h2  class=\"c-heading__title\">Nos m\u00e9tiers<\/h2>\t\t\n\t\t    <\/div>\n\n\t\t\t                <ul>\n\t\t\t\t\t                        <li>\n\t\t\t\t\t\t\t\n\t\t\t\t\t\t\t\t                                    <a href=\"\/fr\/fr\/nos-metiers\/mesures-conservatoires\/\"\n\t\t\t\t\t\t\t\t\t\t                                        class=\"link\">Mesures conservatoires                                    <\/a>\n\t\t\t\t\t\t\t\t\n\t\t\t\t\t\t\t                        <\/li>\n\t\t\t\t\t                        <li>\n\t\t\t\t\t\t\t\n\t\t\t\t\t\t\t\t                                    <a href=\"\/fr\/fr\/nos-metiers\/belfor-360\/\"\n\t\t\t\t\t\t\t\t\t\t                                        class=\"link\">BELFOR 360\u00b0                                    <\/a>\n\t\t\t\t\t\t\t\t\n\t\t\t\t\t\t\t                        <\/li>\n\t\t\t\t\t                        <li>\n\t\t\t\t\t\t\t\n\t\t\t\t\t\t\t\t                                    <a href=\"\/fr\/fr\/nos-metiers\/remise-en-etat-apres-sinistre\/\"\n\t\t\t\t\t\t\t\t\t\t                                        class=\"link\">Remise en \u00e9tat apr\u00e8s sinistre                                    <\/a>\n\t\t\t\t\t\t\t\t\n\t\t\t\t\t\t\t                        <\/li>\n\t\t\t\t\t                        <li>\n\t\t\t\t\t\t\t\n\t\t\t\t\t\t\t\t                                    <a href=\"\/fr\/fr\/nos-metiers\/renovation-second-oeuvre\/\"\n\t\t\t\t\t\t\t\t\t\t                                        class=\"link\">R\u00e9novation second \u0153uvre                                    <\/a>\n\t\t\t\t\t\t\t\t\n\t\t\t\t\t\t\t                        <\/li>\n\t\t\t\t\t                        <li>\n\t\t\t\t\t\t\t\n\t\t\t\t\t\t\t\t                                    <a href=\"\/fr\/fr\/nos-metiers\/risques-environnementaux\/\"\n\t\t\t\t\t\t\t\t\t\t                                        class=\"link\">Risques environnementaux                                    <\/a>\n\t\t\t\t\t\t\t\t\n\t\t\t\t\t\t\t                        <\/li>\n\t\t\t\t\t                        <li>\n\t\t\t\t\t\t\t\n\t\t\t\t\t\t\t\t                                    <a href=\"\/fr\/fr\/nos-metiers\/red-alert\/\"\n\t\t\t\t\t\t\t\t\t\t                                        class=\"link\">RED ALERT\u00ae                                    <\/a>\n\t\t\t\t\t\t\t\t\n\t\t\t\t\t\t\t                        <\/li>\n\t\t\t\t\t                <\/ul>\n\t\t\t\n        <\/div>\n    <\/div>\n<\/div>\n\n\n<div class=\"m-block  mb-custom l-content-2\"  style='--margin-bottom: 5rem;'>\n\n\t\n\t\n\t<div class=\"m-block__container container\" style=\"\">\n\n\t\t<div class=\"l-dcbl l-dcbl-v1\">\n\n\t\t\t\n<div class=\"c-block order-default is-vertical\" style=\"--c-block-radius:0px; --c-block-gl: 0%;--c-block-gr: 0%;--c-block-gt: 0%;--c-block-gb: 0%;--columns-ratio: 100%;\">\n    <div class=\"c-block__col c-block__text text-left align-center\"\n         style=\"--c-txt-gl: 0%; --c-txt-gr: 0%; --c-txt-gt: 0%; --c-txt-gb: 0%;\">\n        <div class=\"c-block__inner\">\n\n\t\t\t            \n\t\t\t    <div class=\"c-heading -h2 \">\n\t\t\n\t\t\n\t\t\t\t\t<h2  class=\"c-heading__title\">QU&#8217;EST-CE QUE LA RECHERCHE DE FUITE NON DESTRUCTIVE ?<\/h2>\t\t\n\t\t    <\/div>\n    <div class=\"c-heading__description is-wysiwyg\">\n        <p>La recherche de fuite d\u2019eau non destructive consiste \u00e0 d\u00e9tecter l\u2019origine de la fuite \u00e0 l&#8217;aide de m\u00e9thodes et de mat\u00e9riels de d\u00e9tection modernes et performants sans endommager les supports (sans d\u00e9molition, sans casse).<\/p>\n<p>Auparavant, la m\u00e9thode de localisation des fuites ou infiltrations consistait \u00e0 casser aux endroits suspect\u00e9s jusqu\u2019\u00e0 l\u2019obtention d\u2019un r\u00e9sultat. Cette m\u00e9thode est souvent infructueuse et occasionne des dommages, donc des frais suppl\u00e9mentaires.<\/p>\n<p>Nos techniciens disposent de l\u2019ensemble du mat\u00e9riel permettant de d\u00e9tecter et de localiser pr\u00e9cis\u00e9ment l\u2019origine de la fuite d\u2019eau sans destruction des supports, ce qui permet des frais de r\u00e9parations minor\u00e9s, notamment pour les fuites invisibles : les canalisations encastr\u00e9es, les infiltrations, les toitures, les terrasses, les fa\u00e7ades, ou encore les ph\u00e9nom\u00e8nes de condensation..<\/p>\n    <\/div>\n\t\t\t\t\t\t        <\/div>\n    <\/div>\n\t    <div class=\"c-block__col c-block__media\">\n\t\t\t<div class=\"c-image front-h-left front-v-center main-h-full main-v-center r-1x1 is-image\">\n\n\t\t\t\t\t<div class=\"c-image__media c-image__primary\">\n                <img decoding=\"async\" class=\"c-image__src lazy\" loading=\"lazy\" src=\"https:\/\/www.belfor.com\/fr\/wp-content\/uploads\/sites\/6\/2024\/07\/A-male-employee-smiling-while-shaking-another-persons-hand_1920x1080px_16x9-1024x576.jpg\"  alt=\"Un employ\u00e9 de sexe masculin sourit en serrant la main d'une autre personne\" width=\"1024\" height=\"576\"\/>\t\t\t<\/div>\n\t\t\n\t\t\n\t<\/div>\n\t\n\t\t\n\t\t\n\t\t    <\/div>\n\t<\/div>\n\n\t\t<\/div>\n\n\t<\/div>\n\n\t\n<\/div>\n\n\n<div class=\"m-block  mb-custom l-content-2\"  style='--margin-bottom: 5rem;'>\n\n\t\n\t\n\t<div class=\"m-block__container container\" style=\"\">\n\n\t\t<div class=\"l-dcbl l-dcbl-v1\">\n\n\t\t\t\n<div class=\"c-block order-default is-vertical\" style=\"--c-block-radius:0px; --c-block-gl: 0%;--c-block-gr: 0%;--c-block-gt: 0%;--c-block-gb: 0%;--columns-ratio: 100%;\">\n    <div class=\"c-block__col c-block__text text-left align-center\"\n         style=\"--c-txt-gl: 0%; --c-txt-gr: 0%; --c-txt-gt: 0%; --c-txt-gb: 0%;\">\n        <div class=\"c-block__inner\">\n\n\t\t\t            \n\t\t\t    <div class=\"c-heading -h2 \">\n\t\t\n\t\t            <div class=\"c-heading__pre\" >\n\t\t\t\tPourquoi BELFOR ?            <\/div>\n\t\t\n\t\t\t\t\t<h2  class=\"c-heading__title\">LES AVANTAGES DE LA RECHERCHE DE FUITE NON DESTRUCTIVE\u00a0:<\/h2>\t\t\n\t\t    <\/div>\n    <div class=\"c-heading__description is-wysiwyg\">\n        <ul>\n<li>Pas de frais cach\u00e9s : nos prix sont forfaitaires.<\/li>\n<li>Frais de r\u00e9paration minor\u00e9s : fuite localis\u00e9e pr\u00e9cis\u00e9ment afin de limiter les frais de remise en \u00e9tat, de r\u00e9paration, de facture d\u2019eau (surconsommation) ou encore des moyens humains (cr\u00e9ation de tranch\u00e9es, destruction de mur\u2026).<\/li>\n<li>Pas de perte de temps : permet de localiser rapidement votre probl\u00e9matique.<\/li>\n<\/ul>\n<p>IL EST TEMPS DE NOUS APPELER QUAND :<\/p>\n<ul>\n<li>Vous avez une augmentation de votre consommation d&#8217;eau<\/li>\n<li>Votre compteur d&#8217;eau tourne tout seul alors que personne ne prend d&#8217;eau<\/li>\n<li>Vous devez remettre de plus en plus souvent de l&#8217;eau dans votre installation de chauffage<\/li>\n<li>Il apparait des taches d&#8217;humidit\u00e9 ou des moisissures l\u00e0 o\u00f9 il n&#8217;y en avait pas pr\u00e9c\u00e9demment<\/li>\n<li>Vos eaux us\u00e9es ne s&#8217;\u00e9vacuent pas bien<\/li>\n<li>Le terrain s&#8217;enfonce ou le sol s&#8217;affaisse<\/li>\n<li>Vous entendez un bruit de fuite alors qu&#8217;il n&#8217;y a aucun d\u00e9g\u00e2t visible<\/li>\n<li>Votre voisin se plaint d&#8217;humidit\u00e9 sur son mur mitoyen \u00e0 votre habitation<\/li>\n<\/ul>\n    <\/div>\n\t\t\t\t\t\t        <\/div>\n    <\/div>\n\t    <div class=\"c-block__col c-block__media\">\n\t\t\t<div class=\"c-image front-h-left front-v-center main-h-full main-v-center r-1x1 is-image\">\n\n\t\t\t\t\t<div class=\"c-image__media c-image__primary\">\n                <img decoding=\"async\" class=\"c-image__src lazy\" loading=\"lazy\" src=\"https:\/\/www.belfor.com\/fr\/wp-content\/uploads\/sites\/6\/2024\/07\/A-male-eployee-using-infrared-camera_1920x1080px-1024x576.jpg\"  alt=\"Un employ\u00e9 masculin utilisant une cam\u00e9ra infrarouge\" width=\"1024\" height=\"576\"\/>\t\t\t<\/div>\n\t\t\n\t\t\n\t<\/div>\n\t\n\t\t\n\t\t\n\t\t    <\/div>\n\t<\/div>\n\n\t\t<\/div>\n\n\t<\/div>\n\n\t\n<\/div>\n\n\n<div class=\"m-block  mb-custom l-content-2\"  style='--margin-bottom: 5rem;'>\n\n\t\n\t\n\t<div class=\"m-block__container container\" style=\"\">\n\n\t\t<div class=\"l-dcbl l-dcbl-v1\">\n\n\t\t\t\n<div class=\"c-block order-default is-vertical\" style=\"--c-block-radius:0px; --c-block-gl: 0%;--c-block-gr: 0%;--c-block-gt: 0%;--c-block-gb: 0%;--columns-ratio: 100%;\">\n    <div class=\"c-block__col c-block__text text-left align-center\"\n         style=\"--c-txt-gl: 0%; --c-txt-gr: 0%; --c-txt-gt: 0%; --c-txt-gb: 0%;\">\n        <div class=\"c-block__inner\">\n\n\t\t\t            \n\t\t\t    <div class=\"c-heading -h2 \">\n\t\t\n\t\t\n\t\t\n\t\t            <div class=\"c-heading__sub\" >\n\t\t\t\tEn fonction de la situation et de l&#8217;\u00e9valuation des experts BELFOR sur place, nous utilisons les techniques les plus judicieuses et les plus efficaces :             <\/div>\n\t\t    <\/div>\n    <div class=\"c-heading__description is-wysiwyg\">\n        <ul>\n<li>Mesure de l&#8217;humidit\u00e9 : Nous mesurons les niveaux d&#8217;humidit\u00e9 dans les sols, les murs et les plafonds sans causer de dommages, et nous fournissons une documentation d\u00e9taill\u00e9e des r\u00e9sultats. Nous utilisons \u00e9galement l&#8217;audiofr\u00e9quence pour localiser le trac\u00e9 des canalisations.<\/li>\n<li>D\u00e9tection acoustique des fuites : Nous utilisons des microphones tr\u00e8s performants et des amplificateurs sp\u00e9ciaux pour d\u00e9tecter les fuites, car l&#8217;eau qui coule ou qui s&#8217;\u00e9goutte cr\u00e9e toujours du bruit.<\/li>\n<li>Imagerie thermique : Nous utilisons des cam\u00e9ras infrarouges pour l&#8217;imagerie thermique afin de d\u00e9tecter les fuites, par exemple dans les syst\u00e8mes de chauffage.<\/li>\n<li>D\u00e9tection des fuites de gaz : Nous pouvons d\u00e9tecter de tr\u00e8s petites fuites \u00e0 l&#8217;aide de d\u00e9tecteurs de gaz tr\u00e8s sensibles.<\/li>\n<li>Coloration : Nous identifions les \u00e9coulements et les fuites d&#8217;eau \u00e0 l&#8217;aide de colorants fluorescents.<\/li>\n<li>Endoscopie vid\u00e9o : Nous inspectons les tuyaux, les canalisations, les cavit\u00e9s et les puits gr\u00e2ce \u00e0 une surveillance directe et \u00e0 un stockage \u00e9lectronique.<\/li>\n<li>D\u00e9tection de fuites par corr\u00e9lation : Nous localisons les fuites \u00e0 l&#8217;aide d&#8217;une mesure \u00e9lectro-acoustique de la distance.<\/li>\n<\/ul>\n    <\/div>\n\t\t\t\t\t\t        <\/div>\n    <\/div>\n\t    <div class=\"c-block__col c-block__media\">\n\t\t\t<div class=\"c-image front-h-left front-v-center main-h-full main-v-center r-1x1 is-image\">\n\n\t\t\t\t\t<div class=\"c-image__media c-image__primary\">\n                <img decoding=\"async\" class=\"c-image__src lazy\" loading=\"lazy\" src=\"https:\/\/www.belfor.com\/fr\/wp-content\/uploads\/sites\/6\/2024\/07\/BELFOR-We-Make-it-UNDONE-sign_1920x1080px-1024x576.jpg\"  alt=\"BELFOR Panneau \u00ab We Make it UNDONE\" width=\"1024\" height=\"576\"\/>\t\t\t<\/div>\n\t\t\n\t\t\n\t<\/div>\n\t\n\t\t\n\t\t\n\t\t    <\/div>\n\t<\/div>\n\n\t\t<\/div>\n\n\t<\/div>\n\n\t\n<\/div>\n\n\n<div class=\"m-block  l-content-2\"  >\n\n\t\n\t\n\t<div class=\"m-block__container container\" style=\"\">\n\n\t\t<div class=\"l-dcbl l-dcbl-v1\">\n\n\t\t\t\n<div class=\"c-block order-default is-vertical\" style=\"--c-block-radius:0px; --c-block-gl: 0%;--c-block-gr: 0%;--c-block-gt: 0%;--c-block-gb: 0%;--columns-ratio: 50%;\">\n    <div class=\"c-block__col c-block__text text-left align-center\"\n         style=\"--c-txt-gl: 0%; --c-txt-gr: 0%; --c-txt-gt: 0%; --c-txt-gb: 0%;\">\n        <div class=\"c-block__inner\">\n\n\t\t\t            \n\t\t\t    <div class=\"c-heading -h2 \">\n\t\t\n\t\t\n\t\t\t\t\t<h2  class=\"c-heading__title\">Plus d&#8217;informations ?<\/h2>\t\t\n\t\t    <\/div>\n    <div class=\"c-heading__description is-wysiwyg\">\n        <p>Vous avez des questions ou vous avez besoin d&#8217;une assistance ? Nous sommes l\u00e0 et pr\u00eats \u00e0 vous aider !<\/p>\n    <\/div>\n\t\t\t\t\t\t\t    <div class=\"c-block__btn\">\n\t\t\n\t\t\t<a href=\"\/fr\/fr\/contact\/\"  class=\"c-btn -normal -primary has-icon icon-right \"><div class=\"label-up\"><span class=\"c-btn__txt\">Contactez-nous <\/span><span class=\"c-btn__ico\"><svg width=\"30\" height=\"30\" class=\"icon icon-lib-icon-arrow4 \" aria-hidden=\"true\" role=\"img\"><use xlink:href=\"#lib-icon-arrow4\"><\/use><\/svg><\/span><\/div><div class=\"label-up\"><span class=\"c-btn__txt\">Contactez-nous <\/span><span class=\"c-btn__ico\"><svg width=\"30\" height=\"30\" class=\"icon icon-lib-icon-arrow4 \" aria-hidden=\"true\" role=\"img\"><use xlink:href=\"#lib-icon-arrow4\"><\/use><\/svg><\/span><\/div><\/a>\n\t\t    <\/div>\n\t        <\/div>\n    <\/div>\n\t<\/div>\n\n\t\t<\/div>\n\n\t<\/div>\n\n\t\n<\/div>\n\n\n\t<\/div>\n<\/div>\n\n\n<div class=\"m-wrapper  gt mb-custom bg-cover bg-center bg-no-repeat -version-3 container-fluid\" style='--margin-bottom: 32.5rem;background-image: url(https:\/\/www.belfor.com\/fr\/wp-content\/uploads\/sites\/6\/2024\/07\/A-group-of-BELFOR-Employees-walking-in-front-of-a-BELFOR-branch_CTA-Bild_2560x1192px.jpg);'>\n\n\t\n\t\n\t<div class=\"m-wrapper__inner\">\n\t\t\n<div class=\"m-block  gt gb -version-3 l-content-simple-1\"  style='--l-container-width: 83rem;'>\n\n\t\n\t\n\t<div class=\"m-block__container container-custom\" style=\"--l-container-width: 83rem\">\n\n\t\t<div class=\"l-heading text-left l-heading-v1\">\n\n\t\t\t    <div class=\"c-heading -h2 \">\n\t\t\n\t\t            <div class=\"c-heading__pre\" >\n\t\t\t\tUne expertise sur mesure pour chaque type de sinistre.            <\/div>\n\t\t\n\t\t\t\t\t<h2  class=\"c-heading__title\">Des milliers de collaborateurs font de nous le num\u00e9ro 1<\/h2>\t\t\n\t\t    <\/div>\n    <div class=\"c-heading__description is-wysiwyg\">\n        <h3>Une \u00e9quipe d\u00e9vou\u00e9e qui vous offre un soutien personnalis\u00e9 et optimal \u00e0 tout moment.<\/h3>\n    <\/div>\n\n\t\t\t\t    <div class=\"c-block__btn\">\n\t\t\n\t\t\t<a href=\"\/fr\/fr\/contact\/\"  class=\"c-btn -normal -primary has-icon icon-right \"><div class=\"label-up\"><span class=\"c-btn__txt\">Contactez notre \u00e9quipe<\/span><span class=\"c-btn__ico\"><svg width=\"30\" height=\"30\" class=\"icon icon-lib-icon-arrow4 \" aria-hidden=\"true\" role=\"img\"><use xlink:href=\"#lib-icon-arrow4\"><\/use><\/svg><\/span><\/div><div class=\"label-up\"><span class=\"c-btn__txt\">Contactez notre \u00e9quipe<\/span><span class=\"c-btn__ico\"><svg width=\"30\" height=\"30\" class=\"icon icon-lib-icon-arrow4 \" aria-hidden=\"true\" role=\"img\"><use xlink:href=\"#lib-icon-arrow4\"><\/use><\/svg><\/span><\/div><\/a>\n\t\t    <\/div>\n\t\n\t\t<\/div>\n\n\t<\/div>\n\n\t\n<\/div>\n\n\n\t<\/div>\n<\/div>\n","protected":false},"excerpt":{"rendered":"","protected":false},"author":8,"featured_media":0,"parent":79,"menu_order":1,"comment_status":"closed","ping_status":"closed","template":"","meta":{"_acf_changed":false,"inline_featured_image":false,"footnotes":""},"class_list":["post-87","page","type-page","status-publish","hentry"],"acf":[],"yoast_head":"<!-- This site is optimized with the Yoast SEO plugin v27.2 - https:\/\/yoast.com\/product\/yoast-seo-wordpress\/ -->\n<title>Recherche de fuites - BELFOR France<\/title>\n<meta name=\"robots\" content=\"index, follow, max-snippet:-1, max-image-preview:large, max-video-preview:-1\" \/>\n<link rel=\"canonical\" href=\"https:\/\/www.belfor.com\/fr\/fr\/nos-metiers\/remise-en-etat-apres-sinistre\/recherche-de-fuites\/\" \/>\n<meta property=\"og:locale\" content=\"fr_FR\" \/>\n<meta property=\"og:type\" content=\"article\" \/>\n<meta property=\"og:title\" content=\"Recherche de fuites - BELFOR France\" \/>\n<meta property=\"og:url\" content=\"https:\/\/www.belfor.com\/fr\/fr\/nos-metiers\/remise-en-etat-apres-sinistre\/recherche-de-fuites\/\" \/>\n<meta property=\"og:site_name\" content=\"BELFOR France\" \/>\n<meta property=\"article:modified_time\" content=\"2026-03-10T13:43:39+00:00\" \/>\n<meta name=\"twitter:card\" content=\"summary_large_image\" \/>\n<script type=\"application\/ld+json\" class=\"yoast-schema-graph\">{\"@context\":\"https:\/\/schema.org\",\"@graph\":[{\"@type\":\"WebPage\",\"@id\":\"https:\/\/www.belfor.com\/fr\/fr\/nos-metiers\/remise-en-etat-apres-sinistre\/recherche-de-fuites\/\",\"url\":\"https:\/\/www.belfor.com\/fr\/fr\/nos-metiers\/remise-en-etat-apres-sinistre\/recherche-de-fuites\/\",\"name\":\"Recherche de fuites - BELFOR France\",\"isPartOf\":{\"@id\":\"https:\/\/www.belfor.com\/fr\/fr\/#website\"},\"datePublished\":\"2024-05-28T12:04:44+00:00\",\"dateModified\":\"2026-03-10T13:43:39+00:00\",\"breadcrumb\":{\"@id\":\"https:\/\/www.belfor.com\/fr\/fr\/nos-metiers\/remise-en-etat-apres-sinistre\/recherche-de-fuites\/#breadcrumb\"},\"inLanguage\":\"fr-FR\",\"potentialAction\":[{\"@type\":\"ReadAction\",\"target\":[\"https:\/\/www.belfor.com\/fr\/fr\/nos-metiers\/remise-en-etat-apres-sinistre\/recherche-de-fuites\/\"]}]},{\"@type\":\"BreadcrumbList\",\"@id\":\"https:\/\/www.belfor.com\/fr\/fr\/nos-metiers\/remise-en-etat-apres-sinistre\/recherche-de-fuites\/#breadcrumb\",\"itemListElement\":[{\"@type\":\"ListItem\",\"position\":1,\"name\":\"Home\",\"item\":\"https:\/\/www.belfor.com\/fr\/fr\/\"},{\"@type\":\"ListItem\",\"position\":2,\"name\":\"Nos m\u00e9tiers\",\"item\":\"https:\/\/www.belfor.com\/fr\/fr\/nos-metiers\/\"},{\"@type\":\"ListItem\",\"position\":3,\"name\":\"Remise en \u00e9tat apr\u00e8s sinistre\",\"item\":\"https:\/\/www.belfor.com\/fr\/fr\/nos-metiers\/remise-en-etat-apres-sinistre\/\"},{\"@type\":\"ListItem\",\"position\":4,\"name\":\"Recherche de fuites\"}]},{\"@type\":\"WebSite\",\"@id\":\"https:\/\/www.belfor.com\/fr\/fr\/#website\",\"url\":\"https:\/\/www.belfor.com\/fr\/fr\/\",\"name\":\"BELFOR France\",\"description\":\"\",\"potentialAction\":[{\"@type\":\"SearchAction\",\"target\":{\"@type\":\"EntryPoint\",\"urlTemplate\":\"https:\/\/www.belfor.com\/fr\/fr\/?s={search_term_string}\"},\"query-input\":{\"@type\":\"PropertyValueSpecification\",\"valueRequired\":true,\"valueName\":\"search_term_string\"}}],\"inLanguage\":\"fr-FR\"}]}<\/script>\n<!-- \/ Yoast SEO plugin. -->","yoast_head_json":{"title":"Recherche de fuites - BELFOR France","robots":{"index":"index","follow":"follow","max-snippet":"max-snippet:-1","max-image-preview":"max-image-preview:large","max-video-preview":"max-video-preview:-1"},"canonical":"https:\/\/www.belfor.com\/fr\/fr\/nos-metiers\/remise-en-etat-apres-sinistre\/recherche-de-fuites\/","og_locale":"fr_FR","og_type":"article","og_title":"Recherche de fuites - BELFOR France","og_url":"https:\/\/www.belfor.com\/fr\/fr\/nos-metiers\/remise-en-etat-apres-sinistre\/recherche-de-fuites\/","og_site_name":"BELFOR France","article_modified_time":"2026-03-10T13:43:39+00:00","twitter_card":"summary_large_image","schema":{"@context":"https:\/\/schema.org","@graph":[{"@type":"WebPage","@id":"https:\/\/www.belfor.com\/fr\/fr\/nos-metiers\/remise-en-etat-apres-sinistre\/recherche-de-fuites\/","url":"https:\/\/www.belfor.com\/fr\/fr\/nos-metiers\/remise-en-etat-apres-sinistre\/recherche-de-fuites\/","name":"Recherche de fuites - BELFOR France","isPartOf":{"@id":"https:\/\/www.belfor.com\/fr\/fr\/#website"},"datePublished":"2024-05-28T12:04:44+00:00","dateModified":"2026-03-10T13:43:39+00:00","breadcrumb":{"@id":"https:\/\/www.belfor.com\/fr\/fr\/nos-metiers\/remise-en-etat-apres-sinistre\/recherche-de-fuites\/#breadcrumb"},"inLanguage":"fr-FR","potentialAction":[{"@type":"ReadAction","target":["https:\/\/www.belfor.com\/fr\/fr\/nos-metiers\/remise-en-etat-apres-sinistre\/recherche-de-fuites\/"]}]},{"@type":"BreadcrumbList","@id":"https:\/\/www.belfor.com\/fr\/fr\/nos-metiers\/remise-en-etat-apres-sinistre\/recherche-de-fuites\/#breadcrumb","itemListElement":[{"@type":"ListItem","position":1,"name":"Home","item":"https:\/\/www.belfor.com\/fr\/fr\/"},{"@type":"ListItem","position":2,"name":"Nos m\u00e9tiers","item":"https:\/\/www.belfor.com\/fr\/fr\/nos-metiers\/"},{"@type":"ListItem","position":3,"name":"Remise en \u00e9tat apr\u00e8s sinistre","item":"https:\/\/www.belfor.com\/fr\/fr\/nos-metiers\/remise-en-etat-apres-sinistre\/"},{"@type":"ListItem","position":4,"name":"Recherche de fuites"}]},{"@type":"WebSite","@id":"https:\/\/www.belfor.com\/fr\/fr\/#website","url":"https:\/\/www.belfor.com\/fr\/fr\/","name":"BELFOR France","description":"","potentialAction":[{"@type":"SearchAction","target":{"@type":"EntryPoint","urlTemplate":"https:\/\/www.belfor.com\/fr\/fr\/?s={search_term_string}"},"query-input":{"@type":"PropertyValueSpecification","valueRequired":true,"valueName":"search_term_string"}}],"inLanguage":"fr-FR"}]}},"_links":{"self":[{"href":"https:\/\/www.belfor.com\/fr\/fr\/wp-json\/wp\/v2\/pages\/87","targetHints":{"allow":["GET"]}}],"collection":[{"href":"https:\/\/www.belfor.com\/fr\/fr\/wp-json\/wp\/v2\/pages"}],"about":[{"href":"https:\/\/www.belfor.com\/fr\/fr\/wp-json\/wp\/v2\/types\/page"}],"author":[{"embeddable":true,"href":"https:\/\/www.belfor.com\/fr\/fr\/wp-json\/wp\/v2\/users\/8"}],"replies":[{"embeddable":true,"href":"https:\/\/www.belfor.com\/fr\/fr\/wp-json\/wp\/v2\/comments?post=87"}],"version-history":[{"count":5,"href":"https:\/\/www.belfor.com\/fr\/fr\/wp-json\/wp\/v2\/pages\/87\/revisions"}],"predecessor-version":[{"id":1216,"href":"https:\/\/www.belfor.com\/fr\/fr\/wp-json\/wp\/v2\/pages\/87\/revisions\/1216"}],"up":[{"embeddable":true,"href":"https:\/\/www.belfor.com\/fr\/fr\/wp-json\/wp\/v2\/pages\/79"}],"wp:attachment":[{"href":"https:\/\/www.belfor.com\/fr\/fr\/wp-json\/wp\/v2\/media?parent=87"}],"curies":[{"name":"wp","href":"https:\/\/api.w.org\/{rel}","templated":true}]}}