{"id":85,"date":"2024-05-28T14:03:40","date_gmt":"2024-05-28T12:03:40","guid":{"rendered":"https:\/\/www.belfor.com\/fr\/?page_id=85"},"modified":"2026-03-18T16:29:31","modified_gmt":"2026-03-18T14:29:31","slug":"red-alert","status":"publish","type":"page","link":"https:\/\/www.belfor.com\/fr\/fr\/nos-metiers\/red-alert\/","title":{"rendered":"RED ALERT\u00ae"},"content":{"rendered":"<div class=\"m-banner m-banner--small  -version-2 has-overlay order-default\" >\n\n\t\n\t\n\t<div class=\"m-banner__container container-fluid\" style='--overlayOpacity: 50%;--columns-ratio: 50%;background-color: #ffffff;'>\n\n\t\t\n\t\t<div class=\"m-banner__inner container flex-left style-light\">\n\n\t\t\t<div class=\"l-banner  l-gt-custom l-gb-custom\" style=\"--l-gt-padding: 4.5rem;--l-gb-padding: 4.5rem;\">\n\n\t\t\t\t\n<div class=\"l-banner__text\">\n        <div class=\"l-banner__inner text-left\">\n\n        <div class=\"c-heading -h1\">\n\t\t\t                <div class=\"c-heading__pre\" >\n\t\t\t\t\tNos m\u00e9tiers                <\/div>\n\t\t\t\n\t\t\t\t\t\t\t<h1 style=\"--font-size-mobile:3.5rem;color:#000000;\" class=\"c-heading__title\">RED ALERT\u00ae<\/h1>\t\t\t\n\t\t\t        <\/div>\n\n\t\t    <\/div>\n    \n\t<\/div>\n\n    <div class=\"l-banner__media\">\n\t\t\t\t\t\n\t\t\t\t            <div class=\"c-image\">\n            <figure class=\"c-image__media c-image__primary\">\n                <img decoding=\"async\" class=\"c-image__src lazy\" loading=\"lazy\" src=\"https:\/\/www.belfor.com\/fr\/wp-content\/uploads\/sites\/6\/2024\/07\/A-team-of-BELFOR-experts-with-vehicles-in-the-background_1920x1080px-1024x576.jpg\"  alt=\"Une \u00e9quipe d'experts BELFOR avec des v\u00e9hicules \u00e0 l'arri\u00e8re-plan\" width=\"1024\" height=\"576\"\/>            <\/figure>\n        <\/div>\n    \n\t\t\t\n\t\t    <\/div>\n\n\t\t\t<\/div>\n\n\t\t\t\t\t<\/div>\n\t<\/div>\n\n    <!-- scroll down-->\n    <div class=\"scroll-down\">\n        <div class=\"scroll-down__line-box line-box\">\n            <div class=\"line\"><\/div>\n        <\/div>\n        <div class=\"scroll-down__icon\">\n            <svg class=\"o-icon u-fill-current\" aria-hidden=\"true\">\n                <use xlink:href=\"#scroll-down\"><\/use>\n            <\/svg>\n        <\/div>\n    <\/div>\n    <!-- scroll down : end-->\n\n<\/div>\n\n\n<div class=\"m-breadcrumb \">\n\t\n\t<div class=\"blog-breadcrumb\">\n\t\t<div class=\"blog-breadcrumb__inner inner-frame\">\n\t\t\t<span property=\"itemListElement\" typeof=\"ListItem\"><a property=\"item\" typeof=\"WebPage\" title=\"Go to BELFOR.\" href=\"https:\/\/www.belfor.com\/\" class=\"main-home\" ><span property=\"name\">BELFOR<\/span><\/a><meta property=\"position\" content=\"1\"><\/span> &gt; <span property=\"itemListElement\" typeof=\"ListItem\"><a property=\"item\" typeof=\"WebPage\" title=\"Go to BELFOR France.\" href=\"https:\/\/www.belfor.com\/fr\/fr\/\" class=\"home\" ><span property=\"name\">BELFOR France<\/span><\/a><meta property=\"position\" content=\"2\"><\/span> &gt; <span property=\"itemListElement\" typeof=\"ListItem\"><a property=\"item\" typeof=\"WebPage\" title=\"Go to Documents.\" href=\"https:\/\/www.belfor.com\/fr\/fr\/documents\/\" class=\"post-root post post-post\" aria-current=\"page\"><span property=\"name\">Documents<\/span><\/a><meta property=\"position\" content=\"3\"><\/span>\t\t<\/div>\n\t<\/div>\n\n<\/div>\n\n\n<div class=\"m-wrapper  mt mb-custom -version-7 container\" style='--margin-bottom: 15rem;'>\n\n\t\n\t\n\t<div class=\"m-wrapper__inner\">\n\t\t\n\n<div class=\"m-block l-links-list  \"  >\n\n\t    <div class=\"m-block__container container\"\n         style=\"\">\n\n        <div class=\"l-heading text-left l-heading-v1\">\n\t\t\t        <div class=\"c-heading -h2 \">\n\t\t\n\t\t\n\t\t\t\t\t<h2  class=\"c-heading__title\">Nos m\u00e9tiers<\/h2>\t\t\n\t\t    <\/div>\n\n\t\t\t                <ul>\n\t\t\t\t\t                        <li>\n\t\t\t\t\t\t\t\n\t\t\t\t\t\t\t\t                                    <a href=\"\/fr\/fr\/nos-metiers\/mesures-conservatoires\/\"\n\t\t\t\t\t\t\t\t\t\t                                        class=\"link\">Mesures conservatoires                                    <\/a>\n\t\t\t\t\t\t\t\t\n\t\t\t\t\t\t\t                        <\/li>\n\t\t\t\t\t                        <li>\n\t\t\t\t\t\t\t\n\t\t\t\t\t\t\t\t                                    <a href=\"\/fr\/fr\/nos-metiers\/belfor-360\/\"\n\t\t\t\t\t\t\t\t\t\t                                        class=\"link\">BELFOR 360\u00b0                                    <\/a>\n\t\t\t\t\t\t\t\t\n\t\t\t\t\t\t\t                        <\/li>\n\t\t\t\t\t                        <li>\n\t\t\t\t\t\t\t\n\t\t\t\t\t\t\t\t                                    <a href=\"\/fr\/fr\/nos-metiers\/remise-en-etat-apres-sinistre\/\"\n\t\t\t\t\t\t\t\t\t\t                                        class=\"link\">Remise en \u00e9tat apr\u00e8s sinistre                                    <\/a>\n\t\t\t\t\t\t\t\t\n\t\t\t\t\t\t\t                        <\/li>\n\t\t\t\t\t                        <li>\n\t\t\t\t\t\t\t\n\t\t\t\t\t\t\t\t                                    <a href=\"\/fr\/fr\/nos-metiers\/renovation-second-oeuvre\/\"\n\t\t\t\t\t\t\t\t\t\t                                        class=\"link\">R\u00e9novation second \u0153uvre                                    <\/a>\n\t\t\t\t\t\t\t\t\n\t\t\t\t\t\t\t                        <\/li>\n\t\t\t\t\t                        <li>\n\t\t\t\t\t\t\t\n\t\t\t\t\t\t\t\t                                    <a href=\"\/fr\/fr\/nos-metiers\/risques-environnementaux\/\"\n\t\t\t\t\t\t\t\t\t\t                                        class=\"link\">Risques environnementaux                                    <\/a>\n\t\t\t\t\t\t\t\t\n\t\t\t\t\t\t\t                        <\/li>\n\t\t\t\t\t                        <li>\n\t\t\t\t\t\t\t\n\t\t\t\t\t\t\t\t                                    <a href=\"\/fr\/fr\/nos-metiers\/red-alert\/\"\n\t\t\t\t\t\t\t\t\t\t                                        class=\"link\">RED ALERT\u00ae                                    <\/a>\n\t\t\t\t\t\t\t\t\n\t\t\t\t\t\t\t                        <\/li>\n\t\t\t\t\t                <\/ul>\n\t\t\t\n        <\/div>\n    <\/div>\n<\/div>\n\n\n<div class=\"m-block  mb-custom l-content-2\"  style='--margin-bottom: 5rem;'>\n\n\t\n\t\n\t<div class=\"m-block__container container\" style=\"\">\n\n\t\t<div class=\"l-dcbl l-dcbl-v1\">\n\n\t\t\t\n<div class=\"c-block order-default is-vertical\" style=\"--c-block-radius:0px; --c-block-gl: 0%;--c-block-gr: 0%;--c-block-gt: 0%;--c-block-gb: 0%;--columns-ratio: 100%;\">\n    <div class=\"c-block__col c-block__text text-left align-center\"\n         style=\"--c-txt-gl: 0%; --c-txt-gr: 0%; --c-txt-gt: 0%; --c-txt-gb: 0%;\">\n        <div class=\"c-block__inner\">\n\n\t\t\t            \n\t\t\t    <div class=\"c-heading -h2 \">\n\t\t\n\t\t\n\t\t\t\t\t<h2  class=\"c-heading__title\">MINIMISER LES PERTES D\u2019EXPLOITATION AVANT QU\u2019ELLES NE SURVIENNENT<\/h2>\t\t\n\t\t    <\/div>\n    <div class=\"c-heading__description is-wysiwyg\">\n        <p>Les catastrophes naturelles telles que les temp\u00eates, les fortes pluies, les crues soudaines et les incendies, ne sont que quelques-uns des \u00e9v\u00e9nements qui menacent vos sites de production, remettent en question votre continuit\u00e9 d\u2019activit\u00e9 et impactent vos primes d\u2019assurance. Votre capacit\u00e9 \u00e0 vous r\u00e9tablir et \u00e0 reprendre votre activit\u00e9 rapidement d\u00e9pend de la capacit\u00e9 \u00e0 avoir un acc\u00e8s imm\u00e9diat \u00e0 des experts et \u00e0 des \u00e9quipements de restauration hautement sp\u00e9cialis\u00e9s.<\/p>\n<p>Le programme d\u2019intervention d\u2019urgence RED ALERT\u00ae de BELFOR offre aux entreprises et \u00e0 leurs Risk Managers l\u2019assurance d\u2019une solution rapide et efficace. Nous garantissons une intervention imm\u00e9diate et des services de remise en \u00e9tat pour les b\u00e2timents, les machines, les \u00e9quipements et les autres biens de l\u2019entreprise apr\u00e8s un sinistre.<\/p>\n    <\/div>\n\t\t\t\t\t\t        <\/div>\n    <\/div>\n\t    <div class=\"c-block__col c-block__media\">\n\t\t\t<div class=\"c-image front-h-left front-v-center main-h-full main-v-center r-1x1 is-image\">\n\n\t\t\t\t\t<div class=\"c-image__media c-image__primary\">\n                <img decoding=\"async\" class=\"c-image__src lazy\" loading=\"lazy\" src=\"https:\/\/www.belfor.com\/fr\/wp-content\/uploads\/sites\/6\/2024\/07\/A-male-BELFOR-employee-smiling_1920x1080px-1024x576.jpg\"  alt=\"Un employ\u00e9 de BELFOR souriant\" width=\"1024\" height=\"576\"\/>\t\t\t<\/div>\n\t\t\n\t\t\n\t<\/div>\n\t\n\t\t\n\t\t\n\t\t    <\/div>\n\t<\/div>\n\n\t\t<\/div>\n\n\t<\/div>\n\n\t\n<\/div>\n\n\n<div class=\"m-block  mb-custom l-content-2\"  style='--margin-bottom: 5rem;'>\n\n\t\n\t\n\t<div class=\"m-block__container container\" style=\"\">\n\n\t\t<div class=\"l-dcbl l-dcbl-v1\">\n\n\t\t\t\n<div class=\"c-block order-default is-vertical\" style=\"--c-block-radius:0px; --c-block-gl: 0%;--c-block-gr: 0%;--c-block-gt: 0%;--c-block-gb: 0%;--columns-ratio: 100%;\">\n    <div class=\"c-block__col c-block__text text-left align-center\"\n         style=\"--c-txt-gl: 0%; --c-txt-gr: 0%; --c-txt-gt: 0%; --c-txt-gb: 0%;\">\n        <div class=\"c-block__inner\">\n\n\t\t\t            \n\t\t\t    <div class=\"c-heading -h2 \">\n\t\t\n\t\t\n\t\t\t\t\t<h2  class=\"c-heading__title\">Les avantages RED ALERT\u00ae<\/h2>\t\t\n\t\t    <\/div>\n    <div class=\"c-heading__description is-wysiwyg\">\n        <p>Peu importe o\u00f9 vous vous trouvez dans le monde, nous sommes l\u00e0 pour vous. Gr\u00e2ce \u00e0 notre expertise logistique sophistiqu\u00e9e, nous vous offrons une couverture compl\u00e8te \u00e0 l\u2019\u00e9chelle nationale et internationale.<\/p>\n<p>En tant que client prioritaire, soyez assur\u00e9 que votre incident est notre priorit\u00e9 absolue. \u00c9vitez les files d\u2019attente et reprenez votre activit\u00e9 le plus rapidement que quiconque.<\/p>\n<p>Faites appel \u00e0 nos experts exp\u00e9riment\u00e9s dans la remise en \u00e9tat de b\u00e2timents, outils de production et \u00e9quipements \u00e9lectroniques, pour relancer rapidement votre production.<\/p>\n    <\/div>\n\t\t\t\t\t\t        <\/div>\n    <\/div>\n\t    <div class=\"c-block__col c-block__media\">\n\t\t\t<div class=\"c-image front-h-left front-v-center main-h-full main-v-center r-1x1 is-image\">\n\n\t\t\t\t\t<div class=\"c-image__media c-image__primary\">\n                <img decoding=\"async\" class=\"c-image__src lazy\" loading=\"lazy\" src=\"https:\/\/www.belfor.com\/fr\/wp-content\/uploads\/sites\/6\/2024\/07\/BELFOR-We-Make-it-UNDONE-sign_1920x1080px-1024x576.jpg\"  alt=\"BELFOR Panneau \u00ab We Make it UNDONE\" width=\"1024\" height=\"576\"\/>\t\t\t<\/div>\n\t\t\n\t\t\n\t<\/div>\n\t\n\t\t\n\t\t\n\t\t    <\/div>\n\t<\/div>\n\n\t\t<\/div>\n\n\t<\/div>\n\n\t\n<\/div>\n\n\n<div class=\"m-block  l-content-2\"  >\n\n\t\n\t\n\t<div class=\"m-block__container container\" style=\"\">\n\n\t\t<div class=\"l-dcbl l-dcbl-v1\">\n\n\t\t\t\n<div class=\"c-block order-default is-vertical\" style=\"--c-block-radius:0px; --c-block-gl: 0%;--c-block-gr: 0%;--c-block-gt: 0%;--c-block-gb: 0%;--columns-ratio: 50%;\">\n    <div class=\"c-block__col c-block__text text-left align-center\"\n         style=\"--c-txt-gl: 0%; --c-txt-gr: 0%; --c-txt-gt: 0%; --c-txt-gb: 0%;\">\n        <div class=\"c-block__inner\">\n\n\t\t\t            \n\t\t\t    <div class=\"c-heading -h2 \">\n\t\t\n\t\t\n\t\t\t\t\t<h2  class=\"c-heading__title\">Plus d&#8217;informations ?<\/h2>\t\t\n\t\t    <\/div>\n    <div class=\"c-heading__description is-wysiwyg\">\n        <p>Vous avez des questions ou vous avez besoin d&#8217;une assistance ? Nous sommes l\u00e0 et pr\u00eats \u00e0 vous aider !<\/p>\n    <\/div>\n\t\t\t\t\t\t\t    <div class=\"c-block__btn\">\n\t\t\n\t\t\t<a href=\"\/fr\/fr\/contact\/\"  class=\"c-btn -normal -primary has-icon icon-right \"><div class=\"label-up\"><span class=\"c-btn__txt\">Contactez-nous <\/span><span class=\"c-btn__ico\"><svg width=\"30\" height=\"30\" class=\"icon icon-lib-icon-arrow4 \" aria-hidden=\"true\" role=\"img\"><use xlink:href=\"#lib-icon-arrow4\"><\/use><\/svg><\/span><\/div><div class=\"label-up\"><span class=\"c-btn__txt\">Contactez-nous <\/span><span class=\"c-btn__ico\"><svg width=\"30\" height=\"30\" class=\"icon icon-lib-icon-arrow4 \" aria-hidden=\"true\" role=\"img\"><use xlink:href=\"#lib-icon-arrow4\"><\/use><\/svg><\/span><\/div><\/a>\n\t\t    <\/div>\n\t        <\/div>\n    <\/div>\n\t<\/div>\n\n\t\t<\/div>\n\n\t<\/div>\n\n\t\n<\/div>\n\n\n\t<\/div>\n<\/div>\n\n\n<div class=\"m-wrapper  gt mb-custom bg-cover bg-center bg-no-repeat -version-3 container-fluid\" style='--margin-bottom: 32.5rem;background-image: url(https:\/\/www.belfor.com\/fr\/wp-content\/uploads\/sites\/6\/2024\/07\/A-group-of-BELFOR-Employees-walking-in-front-of-a-BELFOR-branch_CTA-Bild_2560x1192px.jpg);'>\n\n\t\n\t\n\t<div class=\"m-wrapper__inner\">\n\t\t\n<div class=\"m-block  gt gb -version-3 l-content-simple-1\"  style='--l-container-width: 83rem;'>\n\n\t\n\t\n\t<div class=\"m-block__container container-custom\" style=\"--l-container-width: 83rem\">\n\n\t\t<div class=\"l-heading text-left l-heading-v1\">\n\n\t\t\t    <div class=\"c-heading -h2 \">\n\t\t\n\t\t            <div class=\"c-heading__pre\" >\n\t\t\t\tUne expertise sur mesure pour chaque type de sinistre.            <\/div>\n\t\t\n\t\t\t\t\t<h2  class=\"c-heading__title\">Des milliers de collaborateurs font de nous le num\u00e9ro 1<\/h2>\t\t\n\t\t    <\/div>\n    <div class=\"c-heading__description is-wysiwyg\">\n        <h3>Une \u00e9quipe d\u00e9vou\u00e9e qui vous offre un soutien personnalis\u00e9 et optimal \u00e0 tout moment.<\/h3>\n    <\/div>\n\n\t\t\t\t    <div class=\"c-block__btn\">\n\t\t\n\t\t\t<a href=\"\/fr\/fr\/contact\/\"  class=\"c-btn -normal -primary has-icon icon-right \"><div class=\"label-up\"><span class=\"c-btn__txt\">Contactez notre \u00e9quipe<\/span><span class=\"c-btn__ico\"><svg width=\"30\" height=\"30\" class=\"icon icon-lib-icon-arrow4 \" aria-hidden=\"true\" role=\"img\"><use xlink:href=\"#lib-icon-arrow4\"><\/use><\/svg><\/span><\/div><div class=\"label-up\"><span class=\"c-btn__txt\">Contactez notre \u00e9quipe<\/span><span class=\"c-btn__ico\"><svg width=\"30\" height=\"30\" class=\"icon icon-lib-icon-arrow4 \" aria-hidden=\"true\" role=\"img\"><use xlink:href=\"#lib-icon-arrow4\"><\/use><\/svg><\/span><\/div><\/a>\n\t\t    <\/div>\n\t\n\t\t<\/div>\n\n\t<\/div>\n\n\t\n<\/div>\n\n\n\t<\/div>\n<\/div>\n","protected":false},"excerpt":{"rendered":"","protected":false},"author":8,"featured_media":0,"parent":64,"menu_order":8,"comment_status":"closed","ping_status":"closed","template":"","meta":{"_acf_changed":false,"inline_featured_image":false,"footnotes":""},"class_list":["post-85","page","type-page","status-publish","hentry"],"acf":[],"yoast_head":"<!-- This site is optimized with the Yoast SEO plugin v27.2 - https:\/\/yoast.com\/product\/yoast-seo-wordpress\/ -->\n<title>RED ALERT\u00ae - BELFOR France<\/title>\n<meta name=\"robots\" content=\"index, follow, max-snippet:-1, max-image-preview:large, max-video-preview:-1\" \/>\n<link rel=\"canonical\" href=\"https:\/\/www.belfor.com\/fr\/fr\/nos-metiers\/red-alert\/\" \/>\n<meta property=\"og:locale\" content=\"fr_FR\" \/>\n<meta property=\"og:type\" content=\"article\" \/>\n<meta property=\"og:title\" content=\"RED ALERT\u00ae - BELFOR France\" \/>\n<meta property=\"og:url\" content=\"https:\/\/www.belfor.com\/fr\/fr\/nos-metiers\/red-alert\/\" \/>\n<meta property=\"og:site_name\" content=\"BELFOR France\" \/>\n<meta property=\"article:modified_time\" content=\"2026-03-18T14:29:31+00:00\" \/>\n<meta name=\"twitter:card\" content=\"summary_large_image\" \/>\n<script type=\"application\/ld+json\" class=\"yoast-schema-graph\">{\"@context\":\"https:\/\/schema.org\",\"@graph\":[{\"@type\":\"WebPage\",\"@id\":\"https:\/\/www.belfor.com\/fr\/fr\/nos-metiers\/red-alert\/\",\"url\":\"https:\/\/www.belfor.com\/fr\/fr\/nos-metiers\/red-alert\/\",\"name\":\"RED ALERT\u00ae - BELFOR France\",\"isPartOf\":{\"@id\":\"https:\/\/www.belfor.com\/fr\/fr\/#website\"},\"datePublished\":\"2024-05-28T12:03:40+00:00\",\"dateModified\":\"2026-03-18T14:29:31+00:00\",\"breadcrumb\":{\"@id\":\"https:\/\/www.belfor.com\/fr\/fr\/nos-metiers\/red-alert\/#breadcrumb\"},\"inLanguage\":\"fr-FR\",\"potentialAction\":[{\"@type\":\"ReadAction\",\"target\":[\"https:\/\/www.belfor.com\/fr\/fr\/nos-metiers\/red-alert\/\"]}]},{\"@type\":\"BreadcrumbList\",\"@id\":\"https:\/\/www.belfor.com\/fr\/fr\/nos-metiers\/red-alert\/#breadcrumb\",\"itemListElement\":[{\"@type\":\"ListItem\",\"position\":1,\"name\":\"Home\",\"item\":\"https:\/\/www.belfor.com\/fr\/fr\/\"},{\"@type\":\"ListItem\",\"position\":2,\"name\":\"Nos m\u00e9tiers\",\"item\":\"https:\/\/www.belfor.com\/fr\/fr\/nos-metiers\/\"},{\"@type\":\"ListItem\",\"position\":3,\"name\":\"RED ALERT\u00ae\"}]},{\"@type\":\"WebSite\",\"@id\":\"https:\/\/www.belfor.com\/fr\/fr\/#website\",\"url\":\"https:\/\/www.belfor.com\/fr\/fr\/\",\"name\":\"BELFOR France\",\"description\":\"\",\"potentialAction\":[{\"@type\":\"SearchAction\",\"target\":{\"@type\":\"EntryPoint\",\"urlTemplate\":\"https:\/\/www.belfor.com\/fr\/fr\/?s={search_term_string}\"},\"query-input\":{\"@type\":\"PropertyValueSpecification\",\"valueRequired\":true,\"valueName\":\"search_term_string\"}}],\"inLanguage\":\"fr-FR\"}]}<\/script>\n<!-- \/ Yoast SEO plugin. -->","yoast_head_json":{"title":"RED ALERT\u00ae - BELFOR France","robots":{"index":"index","follow":"follow","max-snippet":"max-snippet:-1","max-image-preview":"max-image-preview:large","max-video-preview":"max-video-preview:-1"},"canonical":"https:\/\/www.belfor.com\/fr\/fr\/nos-metiers\/red-alert\/","og_locale":"fr_FR","og_type":"article","og_title":"RED ALERT\u00ae - BELFOR France","og_url":"https:\/\/www.belfor.com\/fr\/fr\/nos-metiers\/red-alert\/","og_site_name":"BELFOR France","article_modified_time":"2026-03-18T14:29:31+00:00","twitter_card":"summary_large_image","schema":{"@context":"https:\/\/schema.org","@graph":[{"@type":"WebPage","@id":"https:\/\/www.belfor.com\/fr\/fr\/nos-metiers\/red-alert\/","url":"https:\/\/www.belfor.com\/fr\/fr\/nos-metiers\/red-alert\/","name":"RED ALERT\u00ae - BELFOR France","isPartOf":{"@id":"https:\/\/www.belfor.com\/fr\/fr\/#website"},"datePublished":"2024-05-28T12:03:40+00:00","dateModified":"2026-03-18T14:29:31+00:00","breadcrumb":{"@id":"https:\/\/www.belfor.com\/fr\/fr\/nos-metiers\/red-alert\/#breadcrumb"},"inLanguage":"fr-FR","potentialAction":[{"@type":"ReadAction","target":["https:\/\/www.belfor.com\/fr\/fr\/nos-metiers\/red-alert\/"]}]},{"@type":"BreadcrumbList","@id":"https:\/\/www.belfor.com\/fr\/fr\/nos-metiers\/red-alert\/#breadcrumb","itemListElement":[{"@type":"ListItem","position":1,"name":"Home","item":"https:\/\/www.belfor.com\/fr\/fr\/"},{"@type":"ListItem","position":2,"name":"Nos m\u00e9tiers","item":"https:\/\/www.belfor.com\/fr\/fr\/nos-metiers\/"},{"@type":"ListItem","position":3,"name":"RED ALERT\u00ae"}]},{"@type":"WebSite","@id":"https:\/\/www.belfor.com\/fr\/fr\/#website","url":"https:\/\/www.belfor.com\/fr\/fr\/","name":"BELFOR France","description":"","potentialAction":[{"@type":"SearchAction","target":{"@type":"EntryPoint","urlTemplate":"https:\/\/www.belfor.com\/fr\/fr\/?s={search_term_string}"},"query-input":{"@type":"PropertyValueSpecification","valueRequired":true,"valueName":"search_term_string"}}],"inLanguage":"fr-FR"}]}},"_links":{"self":[{"href":"https:\/\/www.belfor.com\/fr\/fr\/wp-json\/wp\/v2\/pages\/85","targetHints":{"allow":["GET"]}}],"collection":[{"href":"https:\/\/www.belfor.com\/fr\/fr\/wp-json\/wp\/v2\/pages"}],"about":[{"href":"https:\/\/www.belfor.com\/fr\/fr\/wp-json\/wp\/v2\/types\/page"}],"author":[{"embeddable":true,"href":"https:\/\/www.belfor.com\/fr\/fr\/wp-json\/wp\/v2\/users\/8"}],"replies":[{"embeddable":true,"href":"https:\/\/www.belfor.com\/fr\/fr\/wp-json\/wp\/v2\/comments?post=85"}],"version-history":[{"count":5,"href":"https:\/\/www.belfor.com\/fr\/fr\/wp-json\/wp\/v2\/pages\/85\/revisions"}],"predecessor-version":[{"id":1235,"href":"https:\/\/www.belfor.com\/fr\/fr\/wp-json\/wp\/v2\/pages\/85\/revisions\/1235"}],"up":[{"embeddable":true,"href":"https:\/\/www.belfor.com\/fr\/fr\/wp-json\/wp\/v2\/pages\/64"}],"wp:attachment":[{"href":"https:\/\/www.belfor.com\/fr\/fr\/wp-json\/wp\/v2\/media?parent=85"}],"curies":[{"name":"wp","href":"https:\/\/api.w.org\/{rel}","templated":true}]}}