{"id":74,"date":"2024-05-28T13:57:15","date_gmt":"2024-05-28T11:57:15","guid":{"rendered":"https:\/\/www.belfor.com\/fr\/?page_id=74"},"modified":"2025-12-17T10:32:20","modified_gmt":"2025-12-17T08:32:20","slug":"mesures-conservatoires","status":"publish","type":"page","link":"https:\/\/www.belfor.com\/fr\/fr\/nos-metiers\/mesures-conservatoires\/","title":{"rendered":"Mesures conservatoires"},"content":{"rendered":"<div class=\"m-banner m-banner--small  -version-2 has-overlay order-default\" >\n\n\t\n\t\n\t<div class=\"m-banner__container container-fluid\" style='--overlayOpacity: 50%;--columns-ratio: 50%;background-color: #ffffff;'>\n\n\t\t    <div class=\"m-banner__media\">\n        <picture class=\"m-banner__picture\">\n\t\t\t\t\t\t\t\t\t\t\t\t                        <source media=\"(min-width: 1500px)\" srcset=\"https:\/\/www.belfor.com\/fr\/wp-content\/uploads\/sites\/6\/2024\/07\/A-male-employee-is-fixing-a-wall-while-on-a-lifting-equipment_1920x1080px.jpg\">\n\t\t\t\t\t\t\t\t\t\t\t\t\t\t\t\t\t\t\t\t\t\t\t                        <source media=\"(min-width: 768px)\" srcset=\"https:\/\/www.belfor.com\/fr\/wp-content\/uploads\/sites\/6\/2024\/07\/A-male-employee-is-fixing-a-wall-while-on-a-lifting-equipment_1920x1080px-1024x576.jpg\">\n\t\t\t\t\t\t\t\t\t\t\t\t\t\t\t                <source media=\"(min-width: 300px)\" srcset=\"https:\/\/www.belfor.com\/fr\/wp-content\/uploads\/sites\/6\/2024\/07\/A-male-employee-is-fixing-a-wall-while-on-a-lifting-equipment_1920x1080px-768x432.jpg\">\n\t\t\t            <img loading=\"lazy\" decoding=\"async\" src=\"https:\/\/www.belfor.com\/fr\/wp-content\/uploads\/sites\/6\/2024\/07\/A-male-employee-is-fixing-a-wall-while-on-a-lifting-equipment_1920x1080px.jpg\" alt=\"Un employ\u00e9 fixe un mur alors qu&#039;il se trouve sur un appareil de levage.\" width=\"1920\" height=\"1280\">\n        <\/picture>\n    <\/div>\n\n\t\t<div class=\"m-banner__inner container flex-left style-dark\">\n\n\t\t\t<div class=\"l-banner  l-gt-custom l-gb-custom\" style=\"--l-gt-padding: 4.5rem;--l-gb-padding: 4.5rem;\">\n\n\t\t\t\t\n<div class=\"l-banner__text\">\n        <div class=\"l-banner__inner text-left\">\n\n        <div class=\"c-heading -h1\">\n\t\t\t                <div class=\"c-heading__pre\" >\n\t\t\t\t\tNos m\u00e9tiers                <\/div>\n\t\t\t\n\t\t\t\t\t\t\t<h1 style=\"--font-size-mobile:3.5rem;color:#ffffff;\" class=\"c-heading__title\">Mesures conservatoires<\/h1>\t\t\t\n\t\t\t        <\/div>\n\n\t\t    <\/div>\n    \n\t<\/div>\n\n    <div class=\"l-banner__media\">\n\t\t\t\t\t\n\t\t    <\/div>\n\n\t\t\t<\/div>\n\n\t\t\t\t\t<\/div>\n\t<\/div>\n\n    <!-- scroll down-->\n    <div class=\"scroll-down\">\n        <div class=\"scroll-down__line-box line-box\">\n            <div class=\"line\"><\/div>\n        <\/div>\n        <div class=\"scroll-down__icon\">\n            <svg class=\"o-icon u-fill-current\" aria-hidden=\"true\">\n                <use xlink:href=\"#scroll-down\"><\/use>\n            <\/svg>\n        <\/div>\n    <\/div>\n    <!-- scroll down : end-->\n\n<\/div>\n\n\n<div class=\"m-breadcrumb \">\n\t\n\t<div class=\"blog-breadcrumb\">\n\t\t<div class=\"blog-breadcrumb__inner inner-frame\">\n\t\t\t<span property=\"itemListElement\" typeof=\"ListItem\"><a property=\"item\" typeof=\"WebPage\" title=\"Go to BELFOR.\" href=\"https:\/\/www.belfor.com\/\" class=\"main-home\" ><span property=\"name\">BELFOR<\/span><\/a><meta property=\"position\" content=\"1\"><\/span> &gt; <span property=\"itemListElement\" typeof=\"ListItem\"><a property=\"item\" typeof=\"WebPage\" title=\"Go to BELFOR France.\" href=\"https:\/\/www.belfor.com\/fr\/fr\/\" class=\"home\" ><span property=\"name\">BELFOR France<\/span><\/a><meta property=\"position\" content=\"2\"><\/span> &gt; <span property=\"itemListElement\" typeof=\"ListItem\"><a property=\"item\" typeof=\"WebPage\" title=\"Go to Documents.\" href=\"https:\/\/www.belfor.com\/fr\/fr\/documents\/\" class=\"post-root post post-post\" aria-current=\"page\"><span property=\"name\">Documents<\/span><\/a><meta property=\"position\" content=\"3\"><\/span>\t\t<\/div>\n\t<\/div>\n\n<\/div>\n\n\n<div class=\"m-wrapper  mt mb-custom -version-7 container\" style='--margin-bottom: 15rem;'>\n\n\t\n\t\n\t<div class=\"m-wrapper__inner\">\n\t\t\n\n<div class=\"m-block l-links-list  \"  >\n\n\t    <div class=\"m-block__container container\"\n         style=\"\">\n\n        <div class=\"l-heading text-left l-heading-v1\">\n\t\t\t        <div class=\"c-heading -h2 \">\n\t\t\n\t\t\n\t\t\t\t\t<h2  class=\"c-heading__title\">Nos m\u00e9tiers<\/h2>\t\t\n\t\t    <\/div>\n\n\t\t\t                <ul>\n\t\t\t\t\t                        <li>\n\t\t\t\t\t\t\t\n\t\t\t\t\t\t\t\t                                    <a href=\"\/fr\/fr\/nos-metiers\/mesures-conservatoires\/\"\n\t\t\t\t\t\t\t\t\t\t                                        class=\"link\">Mesures conservatoires                                    <\/a>\n\t\t\t\t\t\t\t\t\n\t\t\t\t\t\t\t                        <\/li>\n\t\t\t\t\t                        <li>\n\t\t\t\t\t\t\t\n\t\t\t\t\t\t\t\t                                    <a href=\"\/fr\/fr\/nos-metiers\/belfor-360\/\"\n\t\t\t\t\t\t\t\t\t\t                                        class=\"link\">BELFOR 360\u00b0                                    <\/a>\n\t\t\t\t\t\t\t\t\n\t\t\t\t\t\t\t                        <\/li>\n\t\t\t\t\t                        <li>\n\t\t\t\t\t\t\t\n\t\t\t\t\t\t\t\t                                    <a href=\"\/fr\/fr\/nos-metiers\/remise-en-etat-apres-sinistre\/\"\n\t\t\t\t\t\t\t\t\t\t                                        class=\"link\">Remise en \u00e9tat apr\u00e8s sinistre                                    <\/a>\n\t\t\t\t\t\t\t\t\n\t\t\t\t\t\t\t                        <\/li>\n\t\t\t\t\t                        <li>\n\t\t\t\t\t\t\t\n\t\t\t\t\t\t\t\t                                    <a href=\"\/fr\/fr\/nos-metiers\/renovation-second-oeuvre\/\"\n\t\t\t\t\t\t\t\t\t\t                                        class=\"link\">R\u00e9novation second \u0153uvre                                    <\/a>\n\t\t\t\t\t\t\t\t\n\t\t\t\t\t\t\t                        <\/li>\n\t\t\t\t\t                        <li>\n\t\t\t\t\t\t\t\n\t\t\t\t\t\t\t\t                                    <a href=\"\/fr\/fr\/nos-metiers\/risques-environnementaux\/\"\n\t\t\t\t\t\t\t\t\t\t                                        class=\"link\">Risques environnementaux                                    <\/a>\n\t\t\t\t\t\t\t\t\n\t\t\t\t\t\t\t                        <\/li>\n\t\t\t\t\t                        <li>\n\t\t\t\t\t\t\t\n\t\t\t\t\t\t\t\t                                    <a href=\"\/fr\/fr\/nos-metiers\/red-alert\/\"\n\t\t\t\t\t\t\t\t\t\t                                        class=\"link\">RED ALERT\u00ae                                    <\/a>\n\t\t\t\t\t\t\t\t\n\t\t\t\t\t\t\t                        <\/li>\n\t\t\t\t\t                <\/ul>\n\t\t\t\n        <\/div>\n    <\/div>\n<\/div>\n\n\n<div class=\"m-block  mb-custom l-content-2\"  style='--margin-bottom: 5rem;'>\n\n\t\n\t\n\t<div class=\"m-block__container container\" style=\"\">\n\n\t\t<div class=\"l-dcbl l-dcbl-v1\">\n\n\t\t\t\n<div class=\"c-block order-default is-vertical\" style=\"--c-block-radius:0px; --c-block-gl: 0%;--c-block-gr: 0%;--c-block-gt: 0%;--c-block-gb: 0%;--columns-ratio: 100%;\">\n    <div class=\"c-block__col c-block__text text-left align-center\"\n         style=\"--c-txt-gl: 0%; --c-txt-gr: 0%; --c-txt-gt: 0%; --c-txt-gb: 0%;\">\n        <div class=\"c-block__inner\">\n\n\t\t\t            \n\t\t\t    <div class=\"c-heading -h2 \">\n\t\t\n\t\t\n\t\t\t\t\t<h2  class=\"c-heading__title\">Agir rapidement afin de limiter l\u2019aggravation des dommages<\/h2>\t\t\n\t\t    <\/div>\n    <div class=\"c-heading__description is-wysiwyg\">\n        <p>De nombreux dommages requi\u00e8rent une action imm\u00e9diate : si l&#8217;on ne r\u00e9agit pas rapidement, cela peut engendrer des co\u00fbts cons\u00e9quents.<\/p>\n    <\/div>\n\t\t\t\t\t\t        <\/div>\n    <\/div>\n\t    <div class=\"c-block__col c-block__media\">\n\t\t\t<div class=\"c-image front-h-left front-v-center main-h-full main-v-center r-1x1 is-image\">\n\n\t\t\t\t\t<div class=\"c-image__media c-image__primary\">\n                <img decoding=\"async\" class=\"c-image__src lazy\" loading=\"lazy\" src=\"https:\/\/www.belfor.com\/fr\/wp-content\/uploads\/sites\/6\/2024\/07\/A-BELFOR-project-manager-holding-a-paper-folder-in-front-of-a-van_1920x1080px-1024x576.jpg\"  alt=\"Un chef de projet de BELFOR tenant un dossier devant une camionnette.\" width=\"1024\" height=\"576\"\/>\t\t\t<\/div>\n\t\t\n\t\t\n\t<\/div>\n\t\n\t\t\n\t\t\n\t\t    <\/div>\n\t<\/div>\n\n\t\t<\/div>\n\n\t<\/div>\n\n\t\n<\/div>\n\n\n<div class=\"m-block  mb-custom l-content-2\"  style='--margin-bottom: 5rem;'>\n\n\t\n\t\n\t<div class=\"m-block__container container\" style=\"\">\n\n\t\t<div class=\"l-dcbl l-dcbl-v1\">\n\n\t\t\t\n<div class=\"c-block order-default is-vertical\" style=\"--c-block-radius:0px; --c-block-gl: 0%;--c-block-gr: 0%;--c-block-gt: 0%;--c-block-gb: 0%;--columns-ratio: 100%;\">\n    <div class=\"c-block__col c-block__text text-left align-center\"\n         style=\"--c-txt-gl: 0%; --c-txt-gr: 0%; --c-txt-gt: 0%; --c-txt-gb: 0%;\">\n        <div class=\"c-block__inner\">\n\n\t\t\t            \n\t\t\t    <div class=\"c-heading -h2 \">\n\t\t\n\t\t            <div class=\"c-heading__pre\" >\n\t\t\t\tPourquoi mettre en place des mesures conservatoires ?            <\/div>\n\t\t\n\t\t\n\t\t    <\/div>\n    <div class=\"c-heading__description is-wysiwyg\">\n        <h3>Que vous soyez un particulier, un commerce, un syndic, une entreprise ou une industrie, nos \u00e9quipes interviennent rapidement pour mettre en place des mesures conservatoires et limiter l\u2019aggravation des dommages. Ces mesures incluent la protection des biens et l&#8217;ex\u00e9cution de travaux urgents pour s\u00e9curiser et r\u00e9cup\u00e9rer des biens mobiliers, mat\u00e9riels ou des b\u00e2timents.<\/h3>\n<p>Chez BELFOR, nous proposons des mesures adapt\u00e9es en fonction de l&#8217;ampleur et de la nature du sinistre :<\/p>\n<ul>\n<li>D\u00e9molition, d\u00e9blai et balisage<\/li>\n<li>Mise en place de cl\u00f4tures sur ouvrants<\/li>\n<li>B\u00e2chage provisoire pour mise hors d\u2019eau (en b\u00e2che ou en bardage)<\/li>\n<li>Reprise et v\u00e9rification des r\u00e9seaux sanitaires<\/li>\n<li>\u00c9taiement des planchers<\/li>\n<li>Installation de portes provisoires s\u00e9curis\u00e9es<\/li>\n<li>Consignation et s\u00e9curisation \u00e9lectrique des zones sinistr\u00e9es<\/li>\n<li>Installation de coffrets de chantier monophas\u00e9s\/triphas\u00e9s<\/li>\n<li>Pr\u00e9vention du gel et mise en place de chauffage provisoire<\/li>\n<li>Pompage des eaux et curage des canalisations<\/li>\n<\/ul>\n    <\/div>\n\t\t\t\t\t\t        <\/div>\n    <\/div>\n\t    <div class=\"c-block__col c-block__media\">\n\t\t\t<div class=\"c-image front-h-left front-v-center main-h-full main-v-center r-1x1 is-image\">\n\n\t\t\t\t\t<div class=\"c-image__media c-image__primary\">\n                <img decoding=\"async\" class=\"c-image__src lazy\" loading=\"lazy\" src=\"https:\/\/www.belfor.com\/fr\/wp-content\/uploads\/sites\/6\/2024\/07\/Male-employees-cleaning-high-areas-thanks-to-lifting-equipment_1920x1080px-1024x576.jpg\"  alt=\"Des employ\u00e9s masculins nettoient des zones en hauteur gr\u00e2ce \u00e0 des \u00e9quipements de levage\" width=\"1024\" height=\"576\"\/>\t\t\t<\/div>\n\t\t\n\t\t\n\t<\/div>\n\t\n\t\t\n\t\t\n\t\t    <\/div>\n\t<\/div>\n\n\t\t<\/div>\n\n\t<\/div>\n\n\t\n<\/div>\n\n\n<div class=\"m-block  mb-custom l-content-2\"  style='--margin-bottom: 5rem;'>\n\n\t\n\t\n\t<div class=\"m-block__container container\" style=\"\">\n\n\t\t<div class=\"l-dcbl l-dcbl-v1\">\n\n\t\t\t\n<div class=\"c-block order-default is-vertical\" style=\"--c-block-radius:0px; --c-block-gl: 0%;--c-block-gr: 0%;--c-block-gt: 0%;--c-block-gb: 0%;--columns-ratio: 100%;\">\n    <div class=\"c-block__col c-block__text text-left align-center\"\n         style=\"--c-txt-gl: 0%; --c-txt-gr: 0%; --c-txt-gt: 0%; --c-txt-gb: 0%;\">\n        <div class=\"c-block__inner\">\n\n\t\t\t            \n\t\t\t    <div class=\"c-heading -h2 \">\n\t\t\n\t\t\n\t\t\t\t\t<h2  class=\"c-heading__title\">Les diff\u00e9rentes \u00e9tapes des mesures conservatoires<\/h2>\t\t\n\t\t            <div class=\"c-heading__sub\" >\n\t\t\t\tLa mise en place de mesures conservatoires consiste \u00e0 prendre des actions imm\u00e9diates pour limiter les d\u00e9g\u00e2ts et pr\u00e9venir l&#8217;aggravation des dommages apr\u00e8s un sinistre. Voici comment ce processus fonctionne            <\/div>\n\t\t    <\/div>\n    <div class=\"c-heading__description is-wysiwyg\">\n        <ul>\n<li>\u00c9valuation rapide :Une \u00e9quipe d&#8217;intervention arrive rapidement sur les lieux pour \u00e9valuer l&#8217;\u00e9tendue des d\u00e9g\u00e2ts et identifier les risques imm\u00e9diats.<\/li>\n<li>S\u00e9curisation du site :Les zones dangereuses sont d\u00e9limit\u00e9es et s\u00e9curis\u00e9es pour emp\u00eacher tout acc\u00e8s non autoris\u00e9 et pr\u00e9venir d&#8217;autres accidents.<\/li>\n<li>Protection des biens :Les biens mobiliers et mat\u00e9riels sont prot\u00e9g\u00e9s contre les \u00e9l\u00e9ments (eau, feu, d\u00e9bris) par des couvertures, des b\u00e2ches ou d&#8217;autres moyens appropri\u00e9s.<\/li>\n<li>Ass\u00e8chement :En cas de d\u00e9g\u00e2ts des eaux, des \u00e9quipements sp\u00e9cialis\u00e9s tels que des d\u00e9shumidificateurs et des ventilateurs sont install\u00e9s pour ass\u00e9cher les zones affect\u00e9es et pr\u00e9venir la moisissure.<\/li>\n<li>Mesures d&#8217;urgence :Des r\u00e9parations temporaires, comme la fermeture des br\u00e8ches, la r\u00e9paration des toits endommag\u00e9s, ou le renforcement des structures affaiblies, sont effectu\u00e9es pour stabiliser la situation.<\/li>\n<li>Sauvetage et r\u00e9cup\u00e9ration :Les biens endommag\u00e9s sont retir\u00e9s, nettoy\u00e9s et, si possible, restaur\u00e9s. Cela peut inclure des meubles, des \u00e9quipements \u00e9lectroniques, des documents importants, etc.<\/li>\n<li>Documentation et communication :Toutes les actions entreprises sont document\u00e9es pour assurer un suivi efficace et informer les parties prenantes, y compris les propri\u00e9taires, les gestionnaires immobiliers et les compagnies d&#8217;assurance.<\/li>\n<li>Pr\u00e9paration pour les travaux de remise en \u00e9tat :Les mesures conservatoires visent \u00e0 pr\u00e9parer le site pour les travaux de restauration ult\u00e9rieurs, en assurant que les lieux sont s\u00e9curis\u00e9s et que les d\u00e9g\u00e2ts ne s&#8217;aggravent pas avant la restauration compl\u00e8te.<\/li>\n<\/ul>\n<p>Ces \u00e9tapes sont essentielles pour minimiser les impacts du sinistre et faciliter une restauration rapide et efficace.<\/p>\n    <\/div>\n\t\t\t\t\t\t        <\/div>\n    <\/div>\n\t    <div class=\"c-block__col c-block__media\">\n\t\t\t<div class=\"c-image front-h-left front-v-center main-h-full main-v-center r-1x1 is-image\">\n\n\t\t\t\t\t<div class=\"c-image__media c-image__primary\">\n                <img decoding=\"async\" class=\"c-image__src lazy\" loading=\"lazy\" src=\"https:\/\/www.belfor.com\/fr\/wp-content\/uploads\/sites\/6\/2024\/07\/BELFOR-We-Make-it-UNDONE-sign_1920x1080px-1024x576.jpg\"  alt=\"BELFOR Panneau \u00ab We Make it UNDONE\" width=\"1024\" height=\"576\"\/>\t\t\t<\/div>\n\t\t\n\t\t\n\t<\/div>\n\t\n\t\t\n\t\t\n\t\t    <\/div>\n\t<\/div>\n\n\t\t<\/div>\n\n\t<\/div>\n\n\t\n<\/div>\n\n\n<div class=\"m-block  l-content-2\"  >\n\n\t\n\t\n\t<div class=\"m-block__container container\" style=\"\">\n\n\t\t<div class=\"l-dcbl l-dcbl-v1\">\n\n\t\t\t\n<div class=\"c-block order-default is-vertical\" style=\"--c-block-radius:0px; --c-block-gl: 0%;--c-block-gr: 0%;--c-block-gt: 0%;--c-block-gb: 0%;--columns-ratio: 50%;\">\n    <div class=\"c-block__col c-block__text text-left align-center\"\n         style=\"--c-txt-gl: 0%; --c-txt-gr: 0%; --c-txt-gt: 0%; --c-txt-gb: 0%;\">\n        <div class=\"c-block__inner\">\n\n\t\t\t            \n\t\t\t    <div class=\"c-heading -h2 \">\n\t\t\n\t\t\n\t\t\t\t\t<h2  class=\"c-heading__title\">Plus d&#8217;informations sur nos mesures conservatoires ?<\/h2>\t\t\n\t\t    <\/div>\n    <div class=\"c-heading__description is-wysiwyg\">\n        <p>Vous avez des questions ou vous avez besoin d&#8217;une assistance ? Nous sommes l\u00e0 et pr\u00eats \u00e0 vous aider !<\/p>\n    <\/div>\n\t\t\t\t\t\t\t    <div class=\"c-block__btn\">\n\t\t\n\t\t\t<a href=\"\/fr\/fr\/contact\/\"  class=\"c-btn -normal -primary has-icon icon-right \"><div class=\"label-up\"><span class=\"c-btn__txt\">Contactez-nous <\/span><span class=\"c-btn__ico\"><svg width=\"30\" height=\"30\" class=\"icon icon-lib-icon-arrow4 \" aria-hidden=\"true\" role=\"img\"><use xlink:href=\"#lib-icon-arrow4\"><\/use><\/svg><\/span><\/div><div class=\"label-up\"><span class=\"c-btn__txt\">Contactez-nous <\/span><span class=\"c-btn__ico\"><svg width=\"30\" height=\"30\" class=\"icon icon-lib-icon-arrow4 \" aria-hidden=\"true\" role=\"img\"><use xlink:href=\"#lib-icon-arrow4\"><\/use><\/svg><\/span><\/div><\/a>\n\t\t    <\/div>\n\t        <\/div>\n    <\/div>\n\t<\/div>\n\n\t\t<\/div>\n\n\t<\/div>\n\n\t\n<\/div>\n\n\n\t<\/div>\n<\/div>\n\n\n<div class=\"m-wrapper  gt mb-custom bg-cover bg-center bg-no-repeat -version-3 container-fluid\" style='--margin-bottom: 32.5rem;background-image: url(https:\/\/www.belfor.com\/fr\/wp-content\/uploads\/sites\/6\/2024\/07\/A-group-of-BELFOR-Employees-walking-in-front-of-a-BELFOR-branch_CTA-Bild_2560x1192px.jpg);'>\n\n\t\n\t\n\t<div class=\"m-wrapper__inner\">\n\t\t\n<div class=\"m-block  gt gb -version-3 l-content-simple-1\"  style='--l-container-width: 83rem;'>\n\n\t\n\t\n\t<div class=\"m-block__container container-custom\" style=\"--l-container-width: 83rem\">\n\n\t\t<div class=\"l-heading text-left l-heading-v1\">\n\n\t\t\t    <div class=\"c-heading -h2 \">\n\t\t\n\t\t            <div class=\"c-heading__pre\" >\n\t\t\t\tUne expertise sur mesure pour chaque type de sinistre.            <\/div>\n\t\t\n\t\t\t\t\t<h2  class=\"c-heading__title\">Des milliers de collaborateurs font de nous le num\u00e9ro 1<\/h2>\t\t\n\t\t    <\/div>\n    <div class=\"c-heading__description is-wysiwyg\">\n        <h3>Une \u00e9quipe d\u00e9vou\u00e9e qui vous offre un soutien personnalis\u00e9 et optimal \u00e0 tout moment.<\/h3>\n    <\/div>\n\n\t\t\t\t    <div class=\"c-block__btn\">\n\t\t\n\t\t\t<a href=\"\/fr\/fr\/contact\/\"  class=\"c-btn -normal -primary has-icon icon-right \"><div class=\"label-up\"><span class=\"c-btn__txt\">Contactez notre \u00e9quipe<\/span><span class=\"c-btn__ico\"><svg width=\"30\" height=\"30\" class=\"icon icon-lib-icon-arrow4 \" aria-hidden=\"true\" role=\"img\"><use xlink:href=\"#lib-icon-arrow4\"><\/use><\/svg><\/span><\/div><div class=\"label-up\"><span class=\"c-btn__txt\">Contactez notre \u00e9quipe<\/span><span class=\"c-btn__ico\"><svg width=\"30\" height=\"30\" class=\"icon icon-lib-icon-arrow4 \" aria-hidden=\"true\" role=\"img\"><use xlink:href=\"#lib-icon-arrow4\"><\/use><\/svg><\/span><\/div><\/a>\n\t\t    <\/div>\n\t\n\t\t<\/div>\n\n\t<\/div>\n\n\t\n<\/div>\n\n\n\t<\/div>\n<\/div>\n","protected":false},"excerpt":{"rendered":"","protected":false},"author":8,"featured_media":0,"parent":64,"menu_order":1,"comment_status":"closed","ping_status":"closed","template":"","meta":{"_acf_changed":false,"inline_featured_image":false,"footnotes":""},"class_list":["post-74","page","type-page","status-publish","hentry"],"acf":[],"yoast_head":"<!-- This site is optimized with the Yoast SEO plugin v27.2 - https:\/\/yoast.com\/product\/yoast-seo-wordpress\/ -->\n<title>Mesures conservatoires - BELFOR France<\/title>\n<meta name=\"robots\" content=\"index, follow, max-snippet:-1, max-image-preview:large, max-video-preview:-1\" \/>\n<link rel=\"canonical\" href=\"https:\/\/www.belfor.com\/fr\/fr\/nos-metiers\/mesures-conservatoires\/\" \/>\n<meta property=\"og:locale\" content=\"fr_FR\" \/>\n<meta property=\"og:type\" content=\"article\" \/>\n<meta property=\"og:title\" content=\"Mesures conservatoires - BELFOR France\" \/>\n<meta property=\"og:url\" content=\"https:\/\/www.belfor.com\/fr\/fr\/nos-metiers\/mesures-conservatoires\/\" \/>\n<meta property=\"og:site_name\" content=\"BELFOR France\" \/>\n<meta property=\"article:modified_time\" content=\"2025-12-17T08:32:20+00:00\" \/>\n<meta name=\"twitter:card\" content=\"summary_large_image\" \/>\n<script type=\"application\/ld+json\" class=\"yoast-schema-graph\">{\"@context\":\"https:\/\/schema.org\",\"@graph\":[{\"@type\":\"WebPage\",\"@id\":\"https:\/\/www.belfor.com\/fr\/fr\/nos-metiers\/mesures-conservatoires\/\",\"url\":\"https:\/\/www.belfor.com\/fr\/fr\/nos-metiers\/mesures-conservatoires\/\",\"name\":\"Mesures conservatoires - BELFOR France\",\"isPartOf\":{\"@id\":\"https:\/\/www.belfor.com\/fr\/fr\/#website\"},\"datePublished\":\"2024-05-28T11:57:15+00:00\",\"dateModified\":\"2025-12-17T08:32:20+00:00\",\"breadcrumb\":{\"@id\":\"https:\/\/www.belfor.com\/fr\/fr\/nos-metiers\/mesures-conservatoires\/#breadcrumb\"},\"inLanguage\":\"fr-FR\",\"potentialAction\":[{\"@type\":\"ReadAction\",\"target\":[\"https:\/\/www.belfor.com\/fr\/fr\/nos-metiers\/mesures-conservatoires\/\"]}]},{\"@type\":\"BreadcrumbList\",\"@id\":\"https:\/\/www.belfor.com\/fr\/fr\/nos-metiers\/mesures-conservatoires\/#breadcrumb\",\"itemListElement\":[{\"@type\":\"ListItem\",\"position\":1,\"name\":\"Home\",\"item\":\"https:\/\/www.belfor.com\/fr\/fr\/\"},{\"@type\":\"ListItem\",\"position\":2,\"name\":\"Nos m\u00e9tiers\",\"item\":\"https:\/\/www.belfor.com\/fr\/fr\/nos-metiers\/\"},{\"@type\":\"ListItem\",\"position\":3,\"name\":\"Mesures conservatoires\"}]},{\"@type\":\"WebSite\",\"@id\":\"https:\/\/www.belfor.com\/fr\/fr\/#website\",\"url\":\"https:\/\/www.belfor.com\/fr\/fr\/\",\"name\":\"BELFOR France\",\"description\":\"\",\"potentialAction\":[{\"@type\":\"SearchAction\",\"target\":{\"@type\":\"EntryPoint\",\"urlTemplate\":\"https:\/\/www.belfor.com\/fr\/fr\/?s={search_term_string}\"},\"query-input\":{\"@type\":\"PropertyValueSpecification\",\"valueRequired\":true,\"valueName\":\"search_term_string\"}}],\"inLanguage\":\"fr-FR\"}]}<\/script>\n<!-- \/ Yoast SEO plugin. -->","yoast_head_json":{"title":"Mesures conservatoires - BELFOR France","robots":{"index":"index","follow":"follow","max-snippet":"max-snippet:-1","max-image-preview":"max-image-preview:large","max-video-preview":"max-video-preview:-1"},"canonical":"https:\/\/www.belfor.com\/fr\/fr\/nos-metiers\/mesures-conservatoires\/","og_locale":"fr_FR","og_type":"article","og_title":"Mesures conservatoires - BELFOR France","og_url":"https:\/\/www.belfor.com\/fr\/fr\/nos-metiers\/mesures-conservatoires\/","og_site_name":"BELFOR France","article_modified_time":"2025-12-17T08:32:20+00:00","twitter_card":"summary_large_image","schema":{"@context":"https:\/\/schema.org","@graph":[{"@type":"WebPage","@id":"https:\/\/www.belfor.com\/fr\/fr\/nos-metiers\/mesures-conservatoires\/","url":"https:\/\/www.belfor.com\/fr\/fr\/nos-metiers\/mesures-conservatoires\/","name":"Mesures conservatoires - BELFOR France","isPartOf":{"@id":"https:\/\/www.belfor.com\/fr\/fr\/#website"},"datePublished":"2024-05-28T11:57:15+00:00","dateModified":"2025-12-17T08:32:20+00:00","breadcrumb":{"@id":"https:\/\/www.belfor.com\/fr\/fr\/nos-metiers\/mesures-conservatoires\/#breadcrumb"},"inLanguage":"fr-FR","potentialAction":[{"@type":"ReadAction","target":["https:\/\/www.belfor.com\/fr\/fr\/nos-metiers\/mesures-conservatoires\/"]}]},{"@type":"BreadcrumbList","@id":"https:\/\/www.belfor.com\/fr\/fr\/nos-metiers\/mesures-conservatoires\/#breadcrumb","itemListElement":[{"@type":"ListItem","position":1,"name":"Home","item":"https:\/\/www.belfor.com\/fr\/fr\/"},{"@type":"ListItem","position":2,"name":"Nos m\u00e9tiers","item":"https:\/\/www.belfor.com\/fr\/fr\/nos-metiers\/"},{"@type":"ListItem","position":3,"name":"Mesures conservatoires"}]},{"@type":"WebSite","@id":"https:\/\/www.belfor.com\/fr\/fr\/#website","url":"https:\/\/www.belfor.com\/fr\/fr\/","name":"BELFOR France","description":"","potentialAction":[{"@type":"SearchAction","target":{"@type":"EntryPoint","urlTemplate":"https:\/\/www.belfor.com\/fr\/fr\/?s={search_term_string}"},"query-input":{"@type":"PropertyValueSpecification","valueRequired":true,"valueName":"search_term_string"}}],"inLanguage":"fr-FR"}]}},"_links":{"self":[{"href":"https:\/\/www.belfor.com\/fr\/fr\/wp-json\/wp\/v2\/pages\/74","targetHints":{"allow":["GET"]}}],"collection":[{"href":"https:\/\/www.belfor.com\/fr\/fr\/wp-json\/wp\/v2\/pages"}],"about":[{"href":"https:\/\/www.belfor.com\/fr\/fr\/wp-json\/wp\/v2\/types\/page"}],"author":[{"embeddable":true,"href":"https:\/\/www.belfor.com\/fr\/fr\/wp-json\/wp\/v2\/users\/8"}],"replies":[{"embeddable":true,"href":"https:\/\/www.belfor.com\/fr\/fr\/wp-json\/wp\/v2\/comments?post=74"}],"version-history":[{"count":5,"href":"https:\/\/www.belfor.com\/fr\/fr\/wp-json\/wp\/v2\/pages\/74\/revisions"}],"predecessor-version":[{"id":1213,"href":"https:\/\/www.belfor.com\/fr\/fr\/wp-json\/wp\/v2\/pages\/74\/revisions\/1213"}],"up":[{"embeddable":true,"href":"https:\/\/www.belfor.com\/fr\/fr\/wp-json\/wp\/v2\/pages\/64"}],"wp:attachment":[{"href":"https:\/\/www.belfor.com\/fr\/fr\/wp-json\/wp\/v2\/media?parent=74"}],"curies":[{"name":"wp","href":"https:\/\/api.w.org\/{rel}","templated":true}]}}