{"id":290,"date":"2024-07-02T15:59:18","date_gmt":"2024-07-02T13:59:18","guid":{"rendered":"https:\/\/www.belfor.com\/fr\/?page_id=290"},"modified":"2024-08-02T15:44:10","modified_gmt":"2024-08-02T13:44:10","slug":"sitemap","status":"publish","type":"page","link":"https:\/\/www.belfor.com\/fr\/fr\/sitemap\/","title":{"rendered":"Plan du site"},"content":{"rendered":"<div class=\"m-block  gt -title-has-decor l-content-simple-1\"  >\n\n\t\n\t\n\t<div class=\"m-block__container container\" style=\"\">\n\n\t\t<div class=\"l-heading text-left l-heading-v1\">\n\n\t\t\t    <div class=\"c-heading -h2 \">\n\t\t\n\t\t\n\t\t\t\t\t<h2  class=\"c-heading__title\">BELFOR Plan du site<\/h2>\t\t\n\t\t    <\/div>\n\n\t\t\t\n\t\t<\/div>\n\n\t<\/div>\n\n\t\n<\/div>\n\n\n<div class=\"m-shortcode   gb\"  >\n\n\t\n\t<div class=\"m-shortcode__container container\" style=\"\">\n\t\t<div class=\"m-shortcode__inner c-form\">\n\n\t\t\t<div class=\"wsp-container\"><h2 class=\"wsp-pages-title\">Pages<\/h2>\n<ul class=\"wsp-pages-list\">\n<li class=\"page_item page-item-25\"><a href=\"https:\/\/www.belfor.com\/fr\/fr\/\">Home<\/a><\/li>\n<li class=\"page_item page-item-137 page_item_has_children\"><a href=\"https:\/\/www.belfor.com\/fr\/fr\/a-propos\/\">\u00c0 propos<\/a>\n<ul class='children'>\n\t<li class=\"page_item page-item-139\"><a href=\"https:\/\/www.belfor.com\/fr\/fr\/a-propos\/a-propos\/\">\u00c0 propos de BELFOR<\/a><\/li>\n\t<li class=\"page_item page-item-141\"><a href=\"https:\/\/www.belfor.com\/fr\/fr\/a-propos\/notre-mission\/\">Notre mission<\/a><\/li>\n\t<li class=\"page_item page-item-152\"><a href=\"https:\/\/www.belfor.com\/fr\/fr\/a-propos\/nos-certifications\/\">Nos certifications<\/a><\/li>\n\t<li class=\"page_item page-item-145\"><a href=\"https:\/\/www.belfor.com\/fr\/fr\/a-propos\/rse\/\">RSE<\/a><\/li>\n\t<li class=\"page_item page-item-142\"><a href=\"https:\/\/www.belfor.com\/fr\/fr\/a-propos\/innovation\/\">Innovation<\/a><\/li>\n<\/ul>\n<\/li>\n<li class=\"page_item page-item-215\"><a href=\"https:\/\/www.belfor.com\/fr\/fr\/nos-agences\/\">Nos agences<\/a><\/li>\n<li class=\"page_item page-item-62 page_item_has_children\"><a href=\"https:\/\/www.belfor.com\/fr\/fr\/nos-clients\/\">Nos Clients<\/a>\n<ul class='children'>\n\t<li class=\"page_item page-item-66\"><a href=\"https:\/\/www.belfor.com\/fr\/fr\/nos-clients\/assureurs\/\">Assureurs<\/a><\/li>\n\t<li class=\"page_item page-item-68\"><a href=\"https:\/\/www.belfor.com\/fr\/fr\/nos-clients\/experts-d-assurance\/\">Experts d\u2019Assurance<\/a><\/li>\n\t<li class=\"page_item page-item-70\"><a href=\"https:\/\/www.belfor.com\/fr\/fr\/nos-clients\/syndic-bailleurs\/\">Syndic bailleurs<\/a><\/li>\n\t<li class=\"page_item page-item-72\"><a href=\"https:\/\/www.belfor.com\/fr\/fr\/nos-clients\/industrie-et-commerce\/\">Industrie et commerce<\/a><\/li>\n<\/ul>\n<\/li>\n<li class=\"page_item page-item-64 page_item_has_children\"><a href=\"https:\/\/www.belfor.com\/fr\/fr\/nos-metiers\/\">Nos m\u00e9tiers<\/a>\n<ul class='children'>\n\t<li class=\"page_item page-item-74\"><a href=\"https:\/\/www.belfor.com\/fr\/fr\/nos-metiers\/mesures-conservatoires\/\">Mesures conservatoires<\/a><\/li>\n\t<li class=\"page_item page-item-77\"><a href=\"https:\/\/www.belfor.com\/fr\/fr\/nos-metiers\/diagnostic-des-dommages\/\">Diagnostic des dommages<\/a><\/li>\n\t<li class=\"page_item page-item-1201\"><a href=\"https:\/\/www.belfor.com\/fr\/fr\/nos-metiers\/belfor-360\/\">BELFOR 360\u00b0<\/a><\/li>\n\t<li class=\"page_item page-item-1273\"><a href=\"https:\/\/www.belfor.com\/fr\/fr\/nos-metiers\/evenement-de-grande-ampleur\/\">Ev\u00e9nement de Grande Ampleur (EGA)<\/a><\/li>\n\t<li class=\"page_item page-item-79 page_item_has_children\"><a href=\"https:\/\/www.belfor.com\/fr\/fr\/nos-metiers\/remise-en-etat-apres-sinistre\/\">Remise en \u00e9tat apr\u00e8s sinistre<\/a>\n\t<ul class='children'>\n\t\t<li class=\"page_item page-item-87\"><a href=\"https:\/\/www.belfor.com\/fr\/fr\/nos-metiers\/remise-en-etat-apres-sinistre\/recherche-de-fuites\/\">Recherche de fuites<\/a><\/li>\n\t\t<li class=\"page_item page-item-89\"><a href=\"https:\/\/www.belfor.com\/fr\/fr\/nos-metiers\/remise-en-etat-apres-sinistre\/assechement\/\">Ass\u00e8chement<\/a><\/li>\n\t\t<li class=\"page_item page-item-1161\"><a href=\"https:\/\/www.belfor.com\/fr\/fr\/nos-metiers\/remise-en-etat-apres-sinistre\/srf\/\">SRF<\/a><\/li>\n\t\t<li class=\"page_item page-item-91\"><a href=\"https:\/\/www.belfor.com\/fr\/fr\/nos-metiers\/remise-en-etat-apres-sinistre\/traitement-archives\/\">Traitement archives<\/a><\/li>\n\t\t<li class=\"page_item page-item-93\"><a href=\"https:\/\/www.belfor.com\/fr\/fr\/nos-metiers\/remise-en-etat-apres-sinistre\/moisissures\/\">Moisissures<\/a><\/li>\n\t\t<li class=\"page_item page-item-98\"><a href=\"https:\/\/www.belfor.com\/fr\/fr\/nos-metiers\/remise-en-etat-apres-sinistre\/decontamination\/\">D\u00e9contamination<\/a><\/li>\n\t\t<li class=\"page_item page-item-1143\"><a href=\"https:\/\/www.belfor.com\/fr\/fr\/nos-metiers\/remise-en-etat-apres-sinistre\/drysmart\/\">DRYsmart<\/a><\/li>\n\t\t<li class=\"page_item page-item-97\"><a href=\"https:\/\/www.belfor.com\/fr\/fr\/nos-metiers\/remise-en-etat-apres-sinistre\/decontamination-d-equipements\/\">D\u00e9contamination d\u2019\u00e9quipements<\/a><\/li>\n\t\t<li class=\"page_item page-item-95\"><a href=\"https:\/\/www.belfor.com\/fr\/fr\/nos-metiers\/remise-en-etat-apres-sinistre\/hygiene-de-lair\/\">Hygi\u00e8ne de l\u2019Air<\/a><\/li>\n\t<\/ul>\n<\/li>\n\t<li class=\"page_item page-item-81\"><a href=\"https:\/\/www.belfor.com\/fr\/fr\/nos-metiers\/renovation-second-oeuvre\/\">R\u00e9novation second \u0153uvre<\/a><\/li>\n\t<li class=\"page_item page-item-83 page_item_has_children\"><a href=\"https:\/\/www.belfor.com\/fr\/fr\/nos-metiers\/risques-environnementaux\/\">Risques environnementaux<\/a>\n\t<ul class='children'>\n\t\t<li class=\"page_item page-item-101\"><a href=\"https:\/\/www.belfor.com\/fr\/fr\/nos-metiers\/risques-environnementaux\/traitement-de-lamiante\/\">Traitement de l\u2019amiante<\/a><\/li>\n\t\t<li class=\"page_item page-item-103\"><a href=\"https:\/\/www.belfor.com\/fr\/fr\/nos-metiers\/risques-environnementaux\/traitement-de-polluant-chimique-hydrocarbure\/\">Traitement de polluant chimique \/ hydrocarbure<\/a><\/li>\n\t\t<li class=\"page_item page-item-105\"><a href=\"https:\/\/www.belfor.com\/fr\/fr\/nos-metiers\/risques-environnementaux\/traitement-du-plomb\/\">Traitement du plomb<\/a><\/li>\n\t\t<li class=\"page_item page-item-106\"><a href=\"https:\/\/www.belfor.com\/fr\/fr\/nos-metiers\/risques-environnementaux\/traitement-du-fuel\/\">Traitement du fuel<\/a><\/li>\n\t<\/ul>\n<\/li>\n\t<li class=\"page_item page-item-85\"><a href=\"https:\/\/www.belfor.com\/fr\/fr\/nos-metiers\/red-alert\/\">RED ALERT\u00ae<\/a><\/li>\n<\/ul>\n<\/li>\n<li class=\"page_item page-item-27 current_page_parent\"><a href=\"https:\/\/www.belfor.com\/fr\/fr\/documents\/\">Documents<\/a><\/li>\n<li class=\"page_item page-item-51\"><a href=\"https:\/\/www.belfor.com\/fr\/fr\/contact\/\">Contact<\/a><\/li>\n<li class=\"page_item page-item-155\"><a href=\"https:\/\/www.belfor.com\/fr\/fr\/contactinformation\/\">Contact Information<\/a><\/li>\n<li class=\"page_item page-item-133\"><a href=\"https:\/\/www.belfor.com\/fr\/fr\/politique-de-confidentialite\/\">D\u00e9claration de confidentialit\u00e9<\/a><\/li>\n<li class=\"page_item page-item-56\"><a href=\"https:\/\/www.belfor.com\/fr\/fr\/code-de-conduite-et-notification-conformement-a-la-directive-europeenne-sur-la-denonciation-des-dysfonctionnements-en-entreprise\/\">Code de conduite et notification conform\u00e9ment \u00e0 la directive Europ\u00e9enne sur la d\u00e9nonciation des dysfonctionnements en entreprise.<\/a><\/li>\n<li class=\"page_item page-item-290\"><a href=\"https:\/\/www.belfor.com\/fr\/fr\/sitemap\/\">Plan du site<\/a><\/li>\n<\/ul>\n<\/div>\n\t\t<\/div>\n\t<\/div>\n<\/div>\n","protected":false},"excerpt":{"rendered":"","protected":false},"author":8,"featured_media":0,"parent":0,"menu_order":10,"comment_status":"closed","ping_status":"closed","template":"","meta":{"_acf_changed":false,"inline_featured_image":false,"footnotes":""},"class_list":["post-290","page","type-page","status-publish","hentry"],"acf":[],"yoast_head":"<!-- This site is optimized with the Yoast SEO plugin v27.2 - https:\/\/yoast.com\/product\/yoast-seo-wordpress\/ -->\n<title>Plan du site - BELFOR France<\/title>\n<meta name=\"robots\" content=\"index, follow, max-snippet:-1, max-image-preview:large, max-video-preview:-1\" \/>\n<link rel=\"canonical\" href=\"https:\/\/www.belfor.com\/fr\/fr\/sitemap\/\" \/>\n<meta property=\"og:locale\" content=\"fr_FR\" \/>\n<meta property=\"og:type\" content=\"article\" \/>\n<meta property=\"og:title\" content=\"Plan du site - BELFOR France\" \/>\n<meta property=\"og:url\" content=\"https:\/\/www.belfor.com\/fr\/fr\/sitemap\/\" \/>\n<meta property=\"og:site_name\" content=\"BELFOR France\" \/>\n<meta property=\"article:modified_time\" content=\"2024-08-02T13:44:10+00:00\" \/>\n<meta name=\"twitter:card\" content=\"summary_large_image\" \/>\n<script type=\"application\/ld+json\" class=\"yoast-schema-graph\">{\"@context\":\"https:\/\/schema.org\",\"@graph\":[{\"@type\":\"WebPage\",\"@id\":\"https:\/\/www.belfor.com\/fr\/fr\/sitemap\/\",\"url\":\"https:\/\/www.belfor.com\/fr\/fr\/sitemap\/\",\"name\":\"Plan du site - BELFOR France\",\"isPartOf\":{\"@id\":\"https:\/\/www.belfor.com\/fr\/fr\/#website\"},\"datePublished\":\"2024-07-02T13:59:18+00:00\",\"dateModified\":\"2024-08-02T13:44:10+00:00\",\"breadcrumb\":{\"@id\":\"https:\/\/www.belfor.com\/fr\/fr\/sitemap\/#breadcrumb\"},\"inLanguage\":\"fr-FR\",\"potentialAction\":[{\"@type\":\"ReadAction\",\"target\":[\"https:\/\/www.belfor.com\/fr\/fr\/sitemap\/\"]}]},{\"@type\":\"BreadcrumbList\",\"@id\":\"https:\/\/www.belfor.com\/fr\/fr\/sitemap\/#breadcrumb\",\"itemListElement\":[{\"@type\":\"ListItem\",\"position\":1,\"name\":\"Home\",\"item\":\"https:\/\/www.belfor.com\/fr\/fr\/\"},{\"@type\":\"ListItem\",\"position\":2,\"name\":\"Plan du site\"}]},{\"@type\":\"WebSite\",\"@id\":\"https:\/\/www.belfor.com\/fr\/fr\/#website\",\"url\":\"https:\/\/www.belfor.com\/fr\/fr\/\",\"name\":\"BELFOR France\",\"description\":\"\",\"potentialAction\":[{\"@type\":\"SearchAction\",\"target\":{\"@type\":\"EntryPoint\",\"urlTemplate\":\"https:\/\/www.belfor.com\/fr\/fr\/?s={search_term_string}\"},\"query-input\":{\"@type\":\"PropertyValueSpecification\",\"valueRequired\":true,\"valueName\":\"search_term_string\"}}],\"inLanguage\":\"fr-FR\"}]}<\/script>\n<!-- \/ Yoast SEO plugin. -->","yoast_head_json":{"title":"Plan du site - BELFOR France","robots":{"index":"index","follow":"follow","max-snippet":"max-snippet:-1","max-image-preview":"max-image-preview:large","max-video-preview":"max-video-preview:-1"},"canonical":"https:\/\/www.belfor.com\/fr\/fr\/sitemap\/","og_locale":"fr_FR","og_type":"article","og_title":"Plan du site - BELFOR France","og_url":"https:\/\/www.belfor.com\/fr\/fr\/sitemap\/","og_site_name":"BELFOR France","article_modified_time":"2024-08-02T13:44:10+00:00","twitter_card":"summary_large_image","schema":{"@context":"https:\/\/schema.org","@graph":[{"@type":"WebPage","@id":"https:\/\/www.belfor.com\/fr\/fr\/sitemap\/","url":"https:\/\/www.belfor.com\/fr\/fr\/sitemap\/","name":"Plan du site - BELFOR France","isPartOf":{"@id":"https:\/\/www.belfor.com\/fr\/fr\/#website"},"datePublished":"2024-07-02T13:59:18+00:00","dateModified":"2024-08-02T13:44:10+00:00","breadcrumb":{"@id":"https:\/\/www.belfor.com\/fr\/fr\/sitemap\/#breadcrumb"},"inLanguage":"fr-FR","potentialAction":[{"@type":"ReadAction","target":["https:\/\/www.belfor.com\/fr\/fr\/sitemap\/"]}]},{"@type":"BreadcrumbList","@id":"https:\/\/www.belfor.com\/fr\/fr\/sitemap\/#breadcrumb","itemListElement":[{"@type":"ListItem","position":1,"name":"Home","item":"https:\/\/www.belfor.com\/fr\/fr\/"},{"@type":"ListItem","position":2,"name":"Plan du site"}]},{"@type":"WebSite","@id":"https:\/\/www.belfor.com\/fr\/fr\/#website","url":"https:\/\/www.belfor.com\/fr\/fr\/","name":"BELFOR France","description":"","potentialAction":[{"@type":"SearchAction","target":{"@type":"EntryPoint","urlTemplate":"https:\/\/www.belfor.com\/fr\/fr\/?s={search_term_string}"},"query-input":{"@type":"PropertyValueSpecification","valueRequired":true,"valueName":"search_term_string"}}],"inLanguage":"fr-FR"}]}},"_links":{"self":[{"href":"https:\/\/www.belfor.com\/fr\/fr\/wp-json\/wp\/v2\/pages\/290","targetHints":{"allow":["GET"]}}],"collection":[{"href":"https:\/\/www.belfor.com\/fr\/fr\/wp-json\/wp\/v2\/pages"}],"about":[{"href":"https:\/\/www.belfor.com\/fr\/fr\/wp-json\/wp\/v2\/types\/page"}],"author":[{"embeddable":true,"href":"https:\/\/www.belfor.com\/fr\/fr\/wp-json\/wp\/v2\/users\/8"}],"replies":[{"embeddable":true,"href":"https:\/\/www.belfor.com\/fr\/fr\/wp-json\/wp\/v2\/comments?post=290"}],"version-history":[{"count":3,"href":"https:\/\/www.belfor.com\/fr\/fr\/wp-json\/wp\/v2\/pages\/290\/revisions"}],"predecessor-version":[{"id":350,"href":"https:\/\/www.belfor.com\/fr\/fr\/wp-json\/wp\/v2\/pages\/290\/revisions\/350"}],"wp:attachment":[{"href":"https:\/\/www.belfor.com\/fr\/fr\/wp-json\/wp\/v2\/media?parent=290"}],"curies":[{"name":"wp","href":"https:\/\/api.w.org\/{rel}","templated":true}]}}