{"id":139,"date":"2024-06-04T13:11:14","date_gmt":"2024-06-04T11:11:14","guid":{"rendered":"https:\/\/www.belfor.com\/fr\/?page_id=139"},"modified":"2026-03-26T20:16:28","modified_gmt":"2026-03-26T18:16:28","slug":"a-propos","status":"publish","type":"page","link":"https:\/\/www.belfor.com\/fr\/fr\/a-propos\/a-propos\/","title":{"rendered":"\u00c0 propos de BELFOR"},"content":{"rendered":"<div class=\"m-banner m-banner--small  -version-2 has-overlay order-default\" >\n\n\t\n\t\n\t<div class=\"m-banner__container container-fluid\" style='--overlayOpacity: 50%;--columns-ratio: 50%;background-color: #ffffff;'>\n\n\t\t\n\t\t<div class=\"m-banner__inner container flex-left style-light\">\n\n\t\t\t<div class=\"l-banner  l-gt-custom l-gb-custom\" style=\"--l-gt-padding: 4.5rem;--l-gb-padding: 4.5rem;\">\n\n\t\t\t\t\n<div class=\"l-banner__text\">\n        <div class=\"l-banner__inner text-left\">\n\n        <div class=\"c-heading -h1\">\n\t\t\t\n\t\t\t\t\t\t\t<h1 style=\"--font-size-mobile:3.5rem;color:#000000;\" class=\"c-heading__title\">\u00c0 propos de BELFOR<\/h1>\t\t\t\n\t\t\t        <\/div>\n\n\t\t    <\/div>\n    \n\t<\/div>\n\n    <div class=\"l-banner__media\">\n\t\t\t\t\t\n\t\t\t\t            <div class=\"c-image\">\n            <figure class=\"c-image__media c-image__primary\">\n                <img decoding=\"async\" class=\"c-image__src lazy\" loading=\"lazy\" src=\"https:\/\/www.belfor.com\/fr\/wp-content\/uploads\/sites\/6\/2024\/07\/BELFOR-We-Make-it-UNDONE-sign_1920x1080px-1024x576.jpg\"  alt=\"BELFOR Panneau \u00ab We Make it UNDONE\" width=\"1024\" height=\"576\"\/>            <\/figure>\n        <\/div>\n    \n\t\t\t\n\t\t    <\/div>\n\n\t\t\t<\/div>\n\n\t\t\t\t\t<\/div>\n\t<\/div>\n\n    <!-- scroll down-->\n    <div class=\"scroll-down\">\n        <div class=\"scroll-down__line-box line-box\">\n            <div class=\"line\"><\/div>\n        <\/div>\n        <div class=\"scroll-down__icon\">\n            <svg class=\"o-icon u-fill-current\" aria-hidden=\"true\">\n                <use xlink:href=\"#scroll-down\"><\/use>\n            <\/svg>\n        <\/div>\n    <\/div>\n    <!-- scroll down : end-->\n\n<\/div>\n\n\n<div class=\"m-breadcrumb \">\n\t\n\t<div class=\"blog-breadcrumb\">\n\t\t<div class=\"blog-breadcrumb__inner inner-frame\">\n\t\t\t<span property=\"itemListElement\" typeof=\"ListItem\"><a property=\"item\" typeof=\"WebPage\" title=\"Go to BELFOR.\" href=\"https:\/\/www.belfor.com\/\" class=\"main-home\" ><span property=\"name\">BELFOR<\/span><\/a><meta property=\"position\" content=\"1\"><\/span> &gt; <span property=\"itemListElement\" typeof=\"ListItem\"><a property=\"item\" typeof=\"WebPage\" title=\"Go to BELFOR France.\" href=\"https:\/\/www.belfor.com\/fr\/fr\/\" class=\"home\" ><span property=\"name\">BELFOR France<\/span><\/a><meta property=\"position\" content=\"2\"><\/span> &gt; <span property=\"itemListElement\" typeof=\"ListItem\"><a property=\"item\" typeof=\"WebPage\" title=\"Go to Documents.\" href=\"https:\/\/www.belfor.com\/fr\/fr\/documents\/\" class=\"post-root post post-post\" aria-current=\"page\"><span property=\"name\">Documents<\/span><\/a><meta property=\"position\" content=\"3\"><\/span>\t\t<\/div>\n\t<\/div>\n\n<\/div>\n\n\n<div class=\"m-wrapper  mt mb-custom -version-7 container\" style='--margin-bottom: 15rem;'>\n\n\t\n\t\n\t<div class=\"m-wrapper__inner\">\n\t\t\n\n<div class=\"m-block l-links-list  \"  >\n\n\t    <div class=\"m-block__container container\"\n         style=\"\">\n\n        <div class=\"l-heading text-left l-heading-v1\">\n\t\t\t        <div class=\"c-heading -h2 \">\n\t\t\n\t\t\n\t\t\t\t\t<h2  class=\"c-heading__title\">\u00c0 PROPOS<\/h2>\t\t\n\t\t    <\/div>\n\n\t\t\t                <ul>\n\t\t\t\t\t                        <li>\n\t\t\t\t\t\t\t\n\t\t\t\t\t\t\t\t                                    <a href=\"\/fr\/fr\/a-propos\/a-propos\/\"\n\t\t\t\t\t\t\t\t\t\t                                        class=\"link\">\u00c0 propos de BELFOR                                    <\/a>\n\t\t\t\t\t\t\t\t\n\t\t\t\t\t\t\t                        <\/li>\n\t\t\t\t\t                        <li>\n\t\t\t\t\t\t\t\n\t\t\t\t\t\t\t\t                                    <a href=\"\/fr\/fr\/a-propos\/notre-mission\/\"\n\t\t\t\t\t\t\t\t\t\t                                        class=\"link\">Notre mission                                    <\/a>\n\t\t\t\t\t\t\t\t\n\t\t\t\t\t\t\t                        <\/li>\n\t\t\t\t\t                        <li>\n\t\t\t\t\t\t\t\n\t\t\t\t\t\t\t\t                                    <a href=\"\/fr\/fr\/a-propos\/nos-certifications\/\"\n\t\t\t\t\t\t\t\t\t\t                                        class=\"link\">Nos certifications                                    <\/a>\n\t\t\t\t\t\t\t\t\n\t\t\t\t\t\t\t                        <\/li>\n\t\t\t\t\t                        <li>\n\t\t\t\t\t\t\t\n\t\t\t\t\t\t\t\t                                    <a href=\"\/fr\/fr\/a-propos\/rse\/\"\n\t\t\t\t\t\t\t\t\t\t                                        class=\"link\">RSE                                    <\/a>\n\t\t\t\t\t\t\t\t\n\t\t\t\t\t\t\t                        <\/li>\n\t\t\t\t\t                        <li>\n\t\t\t\t\t\t\t\n\t\t\t\t\t\t\t\t                                    <a href=\"\/fr\/fr\/a-propos\/innovation\/\"\n\t\t\t\t\t\t\t\t\t\t                                        class=\"link\">Innovation                                    <\/a>\n\t\t\t\t\t\t\t\t\n\t\t\t\t\t\t\t                        <\/li>\n\t\t\t\t\t                <\/ul>\n\t\t\t\n        <\/div>\n    <\/div>\n<\/div>\n\n\n<div class=\"m-block  mb-custom l-content-2\"  style='--margin-bottom: 5rem;'>\n\n\t\n\t\n\t<div class=\"m-block__container container\" style=\"\">\n\n\t\t<div class=\"l-dcbl l-dcbl-v1\">\n\n\t\t\t\n<div class=\"c-block order-default is-vertical\" style=\"--c-block-radius:0px; --c-block-gl: 0%;--c-block-gr: 0%;--c-block-gt: 0%;--c-block-gb: 0%;--columns-ratio: 100%;\">\n    <div class=\"c-block__col c-block__text text-left align-center\"\n         style=\"--c-txt-gl: 0%; --c-txt-gr: 0%; --c-txt-gt: 0%; --c-txt-gb: 0%;\">\n        <div class=\"c-block__inner\">\n\n\t\t\t            \n\t\t\t    <div class=\"c-heading__description is-wysiwyg\">\n        <p>BELFOR est pr\u00e9sent dans plus de 57 pays. Nos \u00e9quipes compos\u00e9es de plus de 13.100 collaborateurs traitent chaque ann\u00e9e pr\u00e8s de 307.000 sinistres. Gr\u00e2ce \u00e0 notre r\u00e9seau de 500 agences, nous pouvons intervenir rapidement lorsque vous avez besoin de nos services.<\/p>\n<p>Notre engagement en mati\u00e8re de performance est clair : NOUS R\u00c9PARONS. Avec BELFOR, nous effa\u00e7ons les traces du sinistre, le rendant presque imperceptible.<\/p>\n<p>En tant que leader mondial en restauration apr\u00e8s-sinistres, nous sommes \u00e0 vos c\u00f4t\u00e9s, non seulement en cas de sinistre, mais \u00e9galement en amont, en vous aidant \u00e0 pr\u00e9parer votre organisation de mani\u00e8re globale pour faire face aux situations d&#8217;urgence.<\/p>\n    <\/div>\n\t\t\t\t\t\t        <\/div>\n    <\/div>\n\t<\/div>\n\n\t\t<\/div>\n\n\t<\/div>\n\n\t\n<\/div>\n\n\n<div class=\"m-block  l-content-2\"  >\n\n\t\n\t\n\t<div class=\"m-block__container container\" style=\"\">\n\n\t\t<div class=\"l-dcbl l-dcbl-v1\">\n\n\t\t\t\n<div class=\"c-block order-default is-vertical\" style=\"--c-block-radius:0px; --c-block-gl: 0%;--c-block-gr: 0%;--c-block-gt: 0%;--c-block-gb: 0%;--columns-ratio: 50%;\">\n    <div class=\"c-block__col c-block__text text-left align-center\"\n         style=\"--c-txt-gl: 0%; --c-txt-gr: 0%; --c-txt-gt: 0%; --c-txt-gb: 0%;\">\n        <div class=\"c-block__inner\">\n\n\t\t\t            \n\t\t\t    <div class=\"c-heading__description is-wysiwyg\">\n        <p>Pour toute information contactez-nous au :\u00a0<strong>0825 88 18 18<\/strong>\u00a0ou par mail \u00e0\u00a0<strong>info@fr.belfor.com<\/strong><\/p>\n    <\/div>\n\t\t\t\t\t\t\t    <div class=\"c-block__btn\">\n\t\t\n\t\t\t<a href=\"\/fr\/fr\/contact\/\"  class=\"c-btn -normal -primary has-icon icon-right \"><div class=\"label-up\"><span class=\"c-btn__txt\">Contactez-nous <\/span><span class=\"c-btn__ico\"><svg width=\"30\" height=\"30\" class=\"icon icon-lib-icon-arrow4 \" aria-hidden=\"true\" role=\"img\"><use xlink:href=\"#lib-icon-arrow4\"><\/use><\/svg><\/span><\/div><div class=\"label-up\"><span class=\"c-btn__txt\">Contactez-nous <\/span><span class=\"c-btn__ico\"><svg width=\"30\" height=\"30\" class=\"icon icon-lib-icon-arrow4 \" aria-hidden=\"true\" role=\"img\"><use xlink:href=\"#lib-icon-arrow4\"><\/use><\/svg><\/span><\/div><\/a>\n\t\t    <\/div>\n\t        <\/div>\n    <\/div>\n\t<\/div>\n\n\t\t<\/div>\n\n\t<\/div>\n\n\t\n<\/div>\n\n\n<div class=\"m-block  l-content-2\"  >\n\n\t\n\t\n\t<div class=\"m-block__container container\" style=\"\">\n\n\t\t<div class=\"l-dcbl l-dcbl-v1\">\n\n\t\t\t\n<div class=\"c-block order-default is-vertical\" style=\"--c-block-radius:0px; --c-block-gl: 0%;--c-block-gr: 0%;--c-block-gt: 0%;--c-block-gb: 0%;--columns-ratio: 50%;\">\n    <div class=\"c-block__col c-block__text text-left align-center\"\n         style=\"--c-txt-gl: 0%; --c-txt-gr: 0%; --c-txt-gt: 0%; --c-txt-gb: 0%;\">\n        <div class=\"c-block__inner\">\n\n\t\t\t            \n\t\t\t    <div class=\"c-heading__description is-wysiwyg\">\n        <p>&nbsp;<\/p>\n<p>L&#8217;index d&#8217;\u00e9galit\u00e9 professionnelle entre les hommes et les femmes pour l&#8217;ann\u00e9e 2026 :<\/p>\n<ul>\n<li>BELFOR France : 69%<\/li>\n<li>BELFOR Decontamination : non calculable<\/li>\n<li>BELFOR R\u00e9habilitation : non calculable<\/li>\n<\/ul>\n    <\/div>\n\t\t\t\t\t\t\t    <div class=\"c-block__btn\">\n\t\t\n\t\t\t\n\t\t    <\/div>\n\t        <\/div>\n    <\/div>\n\t<\/div>\n\n\t\t<\/div>\n\n\t<\/div>\n\n\t\n<\/div>\n\n\n\t<\/div>\n<\/div>\n\n\n<div class=\"m-wrapper  gt mb-custom bg-cover bg-center bg-no-repeat -version-3 container-fluid\" style='--margin-bottom: 32.5rem;background-image: url(https:\/\/www.belfor.com\/fr\/wp-content\/uploads\/sites\/6\/2024\/07\/A-group-of-BELFOR-Employees-walking-in-front-of-a-BELFOR-branch_CTA-Bild_2560x1192px.jpg);'>\n\n\t\n\t\n\t<div class=\"m-wrapper__inner\">\n\t\t\n<div class=\"m-block  gt gb -version-3 l-content-simple-1\"  style='--l-container-width: 83rem;'>\n\n\t\n\t\n\t<div class=\"m-block__container container-custom\" style=\"--l-container-width: 83rem\">\n\n\t\t<div class=\"l-heading text-left l-heading-v1\">\n\n\t\t\t    <div class=\"c-heading -h2 \">\n\t\t\n\t\t            <div class=\"c-heading__pre\" >\n\t\t\t\tUne expertise sur mesure pour chaque type de sinistre.            <\/div>\n\t\t\n\t\t\t\t\t<h2  class=\"c-heading__title\">Des milliers de collaborateurs font de nous le num\u00e9ro 1<\/h2>\t\t\n\t\t    <\/div>\n    <div class=\"c-heading__description is-wysiwyg\">\n        <h3>Une \u00e9quipe d\u00e9vou\u00e9e qui vous offre un soutien personnalis\u00e9 et optimal \u00e0 tout moment.<\/h3>\n    <\/div>\n\n\t\t\t\t    <div class=\"c-block__btn\">\n\t\t\n\t\t\t<a href=\"\/fr\/fr\/contact\/\"  class=\"c-btn -normal -primary has-icon icon-right \"><div class=\"label-up\"><span class=\"c-btn__txt\">Contactez notre \u00e9quipe<\/span><span class=\"c-btn__ico\"><svg width=\"30\" height=\"30\" class=\"icon icon-lib-icon-arrow4 \" aria-hidden=\"true\" role=\"img\"><use xlink:href=\"#lib-icon-arrow4\"><\/use><\/svg><\/span><\/div><div class=\"label-up\"><span class=\"c-btn__txt\">Contactez notre \u00e9quipe<\/span><span class=\"c-btn__ico\"><svg width=\"30\" height=\"30\" class=\"icon icon-lib-icon-arrow4 \" aria-hidden=\"true\" role=\"img\"><use xlink:href=\"#lib-icon-arrow4\"><\/use><\/svg><\/span><\/div><\/a>\n\t\t    <\/div>\n\t\n\t\t<\/div>\n\n\t<\/div>\n\n\t\n<\/div>\n\n\n\t<\/div>\n<\/div>\n","protected":false},"excerpt":{"rendered":"","protected":false},"author":8,"featured_media":0,"parent":137,"menu_order":1,"comment_status":"closed","ping_status":"closed","template":"","meta":{"_acf_changed":false,"inline_featured_image":false,"footnotes":""},"class_list":["post-139","page","type-page","status-publish","hentry"],"acf":[],"yoast_head":"<!-- This site is optimized with the Yoast SEO plugin v27.6 - https:\/\/yoast.com\/product\/yoast-seo-wordpress\/ -->\n<title>\u00c0 propos de BELFOR - BELFOR France<\/title>\n<meta name=\"robots\" content=\"index, follow, max-snippet:-1, max-image-preview:large, max-video-preview:-1\" \/>\n<link rel=\"canonical\" href=\"https:\/\/www.belfor.com\/fr\/fr\/a-propos\/a-propos\/\" \/>\n<meta property=\"og:locale\" content=\"fr_FR\" \/>\n<meta property=\"og:type\" content=\"article\" \/>\n<meta property=\"og:title\" content=\"\u00c0 propos de BELFOR - BELFOR France\" \/>\n<meta property=\"og:url\" content=\"https:\/\/www.belfor.com\/fr\/fr\/a-propos\/a-propos\/\" \/>\n<meta property=\"og:site_name\" content=\"BELFOR France\" \/>\n<meta property=\"article:modified_time\" content=\"2026-03-26T18:16:28+00:00\" \/>\n<meta name=\"twitter:card\" content=\"summary_large_image\" \/>\n<script type=\"application\/ld+json\" class=\"yoast-schema-graph\">{\"@context\":\"https:\\\/\\\/schema.org\",\"@graph\":[{\"@type\":\"WebPage\",\"@id\":\"https:\\\/\\\/www.belfor.com\\\/fr\\\/fr\\\/a-propos\\\/a-propos\\\/\",\"url\":\"https:\\\/\\\/www.belfor.com\\\/fr\\\/fr\\\/a-propos\\\/a-propos\\\/\",\"name\":\"\u00c0 propos de BELFOR - BELFOR France\",\"isPartOf\":{\"@id\":\"https:\\\/\\\/www.belfor.com\\\/fr\\\/fr\\\/#website\"},\"datePublished\":\"2024-06-04T11:11:14+00:00\",\"dateModified\":\"2026-03-26T18:16:28+00:00\",\"breadcrumb\":{\"@id\":\"https:\\\/\\\/www.belfor.com\\\/fr\\\/fr\\\/a-propos\\\/a-propos\\\/#breadcrumb\"},\"inLanguage\":\"fr-FR\",\"potentialAction\":[{\"@type\":\"ReadAction\",\"target\":[\"https:\\\/\\\/www.belfor.com\\\/fr\\\/fr\\\/a-propos\\\/a-propos\\\/\"]}]},{\"@type\":\"BreadcrumbList\",\"@id\":\"https:\\\/\\\/www.belfor.com\\\/fr\\\/fr\\\/a-propos\\\/a-propos\\\/#breadcrumb\",\"itemListElement\":[{\"@type\":\"ListItem\",\"position\":1,\"name\":\"Home\",\"item\":\"https:\\\/\\\/www.belfor.com\\\/fr\\\/fr\\\/\"},{\"@type\":\"ListItem\",\"position\":2,\"name\":\"\u00c0 propos\",\"item\":\"https:\\\/\\\/www.belfor.com\\\/fr\\\/fr\\\/a-propos\\\/\"},{\"@type\":\"ListItem\",\"position\":3,\"name\":\"\u00c0 propos de BELFOR\"}]},{\"@type\":\"WebSite\",\"@id\":\"https:\\\/\\\/www.belfor.com\\\/fr\\\/fr\\\/#website\",\"url\":\"https:\\\/\\\/www.belfor.com\\\/fr\\\/fr\\\/\",\"name\":\"BELFOR France\",\"description\":\"\",\"potentialAction\":[{\"@type\":\"SearchAction\",\"target\":{\"@type\":\"EntryPoint\",\"urlTemplate\":\"https:\\\/\\\/www.belfor.com\\\/fr\\\/fr\\\/?s={search_term_string}\"},\"query-input\":{\"@type\":\"PropertyValueSpecification\",\"valueRequired\":true,\"valueName\":\"search_term_string\"}}],\"inLanguage\":\"fr-FR\"}]}<\/script>\n<!-- \/ Yoast SEO plugin. -->","yoast_head_json":{"title":"\u00c0 propos de BELFOR - BELFOR France","robots":{"index":"index","follow":"follow","max-snippet":"max-snippet:-1","max-image-preview":"max-image-preview:large","max-video-preview":"max-video-preview:-1"},"canonical":"https:\/\/www.belfor.com\/fr\/fr\/a-propos\/a-propos\/","og_locale":"fr_FR","og_type":"article","og_title":"\u00c0 propos de BELFOR - BELFOR France","og_url":"https:\/\/www.belfor.com\/fr\/fr\/a-propos\/a-propos\/","og_site_name":"BELFOR France","article_modified_time":"2026-03-26T18:16:28+00:00","twitter_card":"summary_large_image","schema":{"@context":"https:\/\/schema.org","@graph":[{"@type":"WebPage","@id":"https:\/\/www.belfor.com\/fr\/fr\/a-propos\/a-propos\/","url":"https:\/\/www.belfor.com\/fr\/fr\/a-propos\/a-propos\/","name":"\u00c0 propos de BELFOR - BELFOR France","isPartOf":{"@id":"https:\/\/www.belfor.com\/fr\/fr\/#website"},"datePublished":"2024-06-04T11:11:14+00:00","dateModified":"2026-03-26T18:16:28+00:00","breadcrumb":{"@id":"https:\/\/www.belfor.com\/fr\/fr\/a-propos\/a-propos\/#breadcrumb"},"inLanguage":"fr-FR","potentialAction":[{"@type":"ReadAction","target":["https:\/\/www.belfor.com\/fr\/fr\/a-propos\/a-propos\/"]}]},{"@type":"BreadcrumbList","@id":"https:\/\/www.belfor.com\/fr\/fr\/a-propos\/a-propos\/#breadcrumb","itemListElement":[{"@type":"ListItem","position":1,"name":"Home","item":"https:\/\/www.belfor.com\/fr\/fr\/"},{"@type":"ListItem","position":2,"name":"\u00c0 propos","item":"https:\/\/www.belfor.com\/fr\/fr\/a-propos\/"},{"@type":"ListItem","position":3,"name":"\u00c0 propos de BELFOR"}]},{"@type":"WebSite","@id":"https:\/\/www.belfor.com\/fr\/fr\/#website","url":"https:\/\/www.belfor.com\/fr\/fr\/","name":"BELFOR France","description":"","potentialAction":[{"@type":"SearchAction","target":{"@type":"EntryPoint","urlTemplate":"https:\/\/www.belfor.com\/fr\/fr\/?s={search_term_string}"},"query-input":{"@type":"PropertyValueSpecification","valueRequired":true,"valueName":"search_term_string"}}],"inLanguage":"fr-FR"}]}},"_links":{"self":[{"href":"https:\/\/www.belfor.com\/fr\/fr\/wp-json\/wp\/v2\/pages\/139","targetHints":{"allow":["GET"]}}],"collection":[{"href":"https:\/\/www.belfor.com\/fr\/fr\/wp-json\/wp\/v2\/pages"}],"about":[{"href":"https:\/\/www.belfor.com\/fr\/fr\/wp-json\/wp\/v2\/types\/page"}],"author":[{"embeddable":true,"href":"https:\/\/www.belfor.com\/fr\/fr\/wp-json\/wp\/v2\/users\/8"}],"replies":[{"embeddable":true,"href":"https:\/\/www.belfor.com\/fr\/fr\/wp-json\/wp\/v2\/comments?post=139"}],"version-history":[{"count":4,"href":"https:\/\/www.belfor.com\/fr\/fr\/wp-json\/wp\/v2\/pages\/139\/revisions"}],"predecessor-version":[{"id":1297,"href":"https:\/\/www.belfor.com\/fr\/fr\/wp-json\/wp\/v2\/pages\/139\/revisions\/1297"}],"up":[{"embeddable":true,"href":"https:\/\/www.belfor.com\/fr\/fr\/wp-json\/wp\/v2\/pages\/137"}],"wp:attachment":[{"href":"https:\/\/www.belfor.com\/fr\/fr\/wp-json\/wp\/v2\/media?parent=139"}],"curies":[{"name":"wp","href":"https:\/\/api.w.org\/{rel}","templated":true}]}}