{"id":58,"date":"2024-05-28T13:06:33","date_gmt":"2024-05-28T11:06:33","guid":{"rendered":"https:\/\/www.belfor.com\/dk\/?page_id=58"},"modified":"2026-04-23T16:41:54","modified_gmt":"2026-04-23T14:41:54","slug":"virksomheder","status":"publish","type":"page","link":"https:\/\/www.belfor.com\/dk\/da\/vores-kunder\/virksomheder\/","title":{"rendered":"Virksomheder"},"content":{"rendered":"<div class=\"m-banner m-banner--small  -version-2 has-overlay order-default\" >\n\n\t\n\t\n\t<div class=\"m-banner__container container-fluid\" style='--overlayOpacity: 50%;--columns-ratio: 50%;background-color: #ffffff;'>\n\n\t\t    <div class=\"m-banner__media\">\n        <picture class=\"m-banner__picture\">\n\t\t\t\t\t\t\t\t\t\t\t\t                        <source media=\"(min-width: 1500px)\" srcset=\"https:\/\/www.belfor.com\/dk\/wp-content\/uploads\/sites\/5\/2025\/08\/dk_banner_virksomheder_lang.jpg\">\n\t\t\t\t\t\t\t\t\t\t\t\t\t\t\t\t\t\t\t\t\t\t\t                        <source media=\"(min-width: 768px)\" srcset=\"https:\/\/www.belfor.com\/dk\/wp-content\/uploads\/sites\/5\/2025\/08\/dk_banner_virksomheder_lang-1024x341.jpg\">\n\t\t\t\t\t\t\t\t\t\t\t\t\t\t\t                <source media=\"(min-width: 300px)\" srcset=\"https:\/\/www.belfor.com\/dk\/wp-content\/uploads\/sites\/5\/2025\/08\/dk_banner_virksomheder_lang-768x256.jpg\">\n\t\t\t            <img loading=\"lazy\" decoding=\"async\" src=\"https:\/\/www.belfor.com\/dk\/wp-content\/uploads\/sites\/5\/2025\/08\/dk_banner_virksomheder_lang.jpg\" alt=\"virksomhedshal oversv\u00f8mmes\" width=\"1920\" height=\"1280\">\n        <\/picture>\n    <\/div>\n\n\t\t<div class=\"m-banner__inner container flex-left style-dark\">\n\n\t\t\t<div class=\"l-banner  l-gt-custom l-gb-custom\" style=\"--l-gt-padding: 4.5rem;--l-gb-padding: 4.5rem;\">\n\n\t\t\t\t\n<div class=\"l-banner__text\">\n        <div class=\"l-banner__inner text-left\">\n\n        <div class=\"c-heading -h1\">\n\t\t\t                <div class=\"c-heading__pre\" >\n\t\t\t\t\tVores kunder                <\/div>\n\t\t\t\n\t\t\t\t\t\t\t<h1 style=\"--font-size-mobile:3.5rem;color:#ffffff;\" class=\"c-heading__title\">Virksomheder<\/h1>\t\t\t\n\t\t\t        <\/div>\n\n\t\t    <\/div>\n    \n\t<\/div>\n\n    <div class=\"l-banner__media\">\n\t\t\t\t\t\n\t\t    <\/div>\n\n\t\t\t<\/div>\n\n\t\t\t\t\t<\/div>\n\t<\/div>\n\n    <!-- scroll down-->\n    <div class=\"scroll-down\">\n        <div class=\"scroll-down__line-box line-box\">\n            <div class=\"line\"><\/div>\n        <\/div>\n        <div class=\"scroll-down__icon\">\n            <svg class=\"o-icon u-fill-current\" aria-hidden=\"true\">\n                <use xlink:href=\"#scroll-down\"><\/use>\n            <\/svg>\n        <\/div>\n    <\/div>\n    <!-- scroll down : end-->\n\n<\/div>\n\n\n<div class=\"m-breadcrumb \">\n\t\n\t<div class=\"blog-breadcrumb\">\n\t\t<div class=\"blog-breadcrumb__inner inner-frame\">\n\t\t\t<span property=\"itemListElement\" typeof=\"ListItem\"><a property=\"item\" typeof=\"WebPage\" title=\"Go to BELFOR.\" href=\"https:\/\/www.belfor.com\/\" class=\"main-home\" ><span property=\"name\">BELFOR<\/span><\/a><meta property=\"position\" content=\"1\"><\/span> &gt; <span property=\"itemListElement\" typeof=\"ListItem\"><a property=\"item\" typeof=\"WebPage\" title=\"Go to BELFOR Denmark.\" href=\"https:\/\/www.belfor.com\/dk\/da\/\" class=\"home\" ><span property=\"name\">BELFOR Denmark<\/span><\/a><meta property=\"position\" content=\"2\"><\/span> &gt; <span property=\"itemListElement\" typeof=\"ListItem\"><a property=\"item\" typeof=\"WebPage\" title=\"Go to Vidensbank.\" href=\"https:\/\/www.belfor.com\/dk\/da\/vidensbank\/\" class=\"post-root post post-post\" aria-current=\"page\"><span property=\"name\">Vidensbank<\/span><\/a><meta property=\"position\" content=\"3\"><\/span>\t\t<\/div>\n\t<\/div>\n\n<\/div>\n\n\n<div class=\"m-wrapper  mt mb-custom -version-7 container\" style='--margin-bottom: 15rem;'>\n\n\t\n\t\n\t<div class=\"m-wrapper__inner\">\n\t\t\n\n<div class=\"m-block l-links-list  \"  >\n\n\t    <div class=\"m-block__container container\"\n         style=\"\">\n\n        <div class=\"l-heading text-left l-heading-v1\">\n\t\t\t        <div class=\"c-heading -h2 \">\n\t\t\n\t\t\n\t\t\t\t\t<h2  class=\"c-heading__title\">Forretningsomr\u00e5der<\/h2>\t\t\n\t\t    <\/div>\n\n\t\t\t                <ul>\n\t\t\t\t\t                        <li>\n\t\t\t\t\t\t\t\n\t\t\t\t\t\t\t\t                                    <a href=\"\/dk\/da\/forretningsomraader\/skadeservice\/\"\n\t\t\t\t\t\t\t\t\t\tnoreferrer target=\"_blank\"                                       class=\"link\">Skadeservice                                    <\/a>\n\t\t\t\t\t\t\t\t\n\t\t\t\t\t\t\t                        <\/li>\n\t\t\t\t\t                        <li>\n\t\t\t\t\t\t\t\n\t\t\t\t\t\t\t\t                                    <a href=\"\/dk\/da\/forretningsomraader\/miljoe-og-specialservice\/\"\n\t\t\t\t\t\t\t\t\t\t                                        class=\"link\">Milj\u00f8- og specialservice                                    <\/a>\n\t\t\t\t\t\t\t\t\n\t\t\t\t\t\t\t                        <\/li>\n\t\t\t\t\t                        <li>\n\t\t\t\t\t\t\t\n\t\t\t\t\t\t\t\t                                    <a href=\"\/dk\/da\/forretningsomraader\/skadedyr\/\"\n\t\t\t\t\t\t\t\t\t\t                                        class=\"link\">Skadedyr                                    <\/a>\n\t\t\t\t\t\t\t\t\n\t\t\t\t\t\t\t                        <\/li>\n\t\t\t\t\t                        <li>\n\t\t\t\t\t\t\t\n\t\t\t\t\t\t\t\t                                    <a href=\"\/dk\/da\/forretningsomraader\/projektledelse\/\"\n\t\t\t\t\t\t\t\t\t\t                                        class=\"link\">Projektledelse                                    <\/a>\n\t\t\t\t\t\t\t\t\n\t\t\t\t\t\t\t                        <\/li>\n\t\t\t\t\t                        <li>\n\t\t\t\t\t\t\t\n\t\t\t\t\t\t\t\t                                    <a href=\"\/dk\/da\/forretningsomraader\/storskade\/\"\n\t\t\t\t\t\t\t\t\t\t                                        class=\"link\">Storskade                                    <\/a>\n\t\t\t\t\t\t\t\t\n\t\t\t\t\t\t\t                        <\/li>\n\t\t\t\t\t                        <li>\n\t\t\t\t\t\t\t\n\t\t\t\t\t\t\t\t                                    <a href=\"\/dk\/da\/forretningsomraader\/haandvaerkere\/\"\n\t\t\t\t\t\t\t\t\t\t                                        class=\"link\">H\u00e5ndv\u00e6rkere                                    <\/a>\n\t\t\t\t\t\t\t\t\n\t\t\t\t\t\t\t                        <\/li>\n\t\t\t\t\t                        <li>\n\t\t\t\t\t\t\t\n\t\t\t\t\t\t\t\t                                    <a href=\"\/dk\/da\/forretningsomraader\/red-alert\/\"\n\t\t\t\t\t\t\t\t\t\t                                        class=\"link\">RED ALERT\u00ae                                    <\/a>\n\t\t\t\t\t\t\t\t\n\t\t\t\t\t\t\t                        <\/li>\n\t\t\t\t\t                <\/ul>\n\t\t\t\n        <\/div>\n    <\/div>\n<\/div>\n\n\n<div class=\"m-block  mb-custom l-content-2\"  style='--margin-bottom: 5rem;'>\n\n\t\n\t\n\t<div class=\"m-block__container container\" style=\"\">\n\n\t\t<div class=\"l-dcbl l-dcbl-v1\">\n\n\t\t\t\n<div class=\"c-block order-default is-vertical\" style=\"--c-block-radius:0px; --c-block-gl: 0%;--c-block-gr: 0%;--c-block-gt: 0%;--c-block-gb: 0%;--columns-ratio: 100%;\">\n    <div class=\"c-block__col c-block__text text-left align-center\"\n         style=\"--c-txt-gl: 0%; --c-txt-gr: 0%; --c-txt-gt: 0%; --c-txt-gb: 0%;\">\n        <div class=\"c-block__inner\">\n\n\t\t\t            \n\t\t\t    <div class=\"c-heading -h2 \">\n\t\t\n\t\t\n\t\t\t\t\t<h2  class=\"c-heading__title\">V\u00e6r forberedt &#8211; med en samarbejdsaftale med BELFOR<\/h2>\t\t\n\t\t    <\/div>\n    <div class=\"c-heading__description is-wysiwyg\">\n        <p>Hos BELFOR handler vi hurtigt for at f\u00e5 jer tilbage i drift igen s\u00e5 hurtigt som muligt.<\/p>\n    <\/div>\n\t\t\t\t\t\t        <\/div>\n    <\/div>\n\t    <div class=\"c-block__col c-block__media\">\n\t\t\t<div class=\"c-image front-h-left front-v-center main-h-full main-v-center r-1x1 is-image\">\n\n\t\t\t\t\t<div class=\"c-image__media c-image__primary\">\n                <img decoding=\"async\" class=\"c-image__src lazy\" loading=\"lazy\" src=\"https:\/\/www.belfor.com\/dk\/wp-content\/uploads\/sites\/5\/2024\/06\/A-smiling-male-employee_1920x1080px-1024x576.jpg\"  alt=\"En smilende mandlig medarbejder\" width=\"1024\" height=\"576\"\/>\t\t\t<\/div>\n\t\t\n\t\t\n\t<\/div>\n\t\n\t\t\n\t\t\n\t\t    <\/div>\n\t<\/div>\n\n\t\t<\/div>\n\n\t<\/div>\n\n\t\n<\/div>\n\n\n<div class=\"m-block  mb-custom l-content-2\"  style='--margin-bottom: 5rem;'>\n\n\t\n\t\n\t<div class=\"m-block__container container\" style=\"\">\n\n\t\t<div class=\"l-dcbl l-dcbl-v1\">\n\n\t\t\t\n<div class=\"c-block order-default is-vertical\" style=\"--c-block-radius:0px; --c-block-gl: 0%;--c-block-gr: 0%;--c-block-gt: 0%;--c-block-gb: 0%;--columns-ratio: 100%;\">\n    <div class=\"c-block__col c-block__text text-left align-center\"\n         style=\"--c-txt-gl: 0%; --c-txt-gr: 0%; --c-txt-gt: 0%; --c-txt-gb: 0%;\">\n        <div class=\"c-block__inner\">\n\n\t\t\t            \n\t\t\t    <div class=\"c-heading -h2 \">\n\t\t\n\t\t            <div class=\"c-heading__pre\" >\n\t\t\t\tHvorfor samarbejde med os?            <\/div>\n\t\t\n\t\t\t\t\t<h2  class=\"c-heading__title\">Fordelene ved et samarbejde med BELFOR<\/h2>\t\t\n\t\t            <div class=\"c-heading__sub\" >\n\t\t\t\tI kan stole p\u00e5, at vi h\u00e5ndterer skaden hurtigt og professionelt            <\/div>\n\t\t    <\/div>\n    <div class=\"c-heading__description is-wysiwyg\">\n        <p>Vi er klar til at hj\u00e6lpe og er til r\u00e5dighed 24\/7, 365 dage om \u00e5ret, uanset hvor eller hvorn\u00e5r I har brug for vores hj\u00e6lp.<\/p>\n<ul>\n<li>Bred servicepalet: Uanset skaden, s\u00e5 har vi erfaringen og ekspertisen til at hj\u00e6lpe.<\/li>\n<li>One-Stop Shopping: BELFOR r\u00e5der over eget skadedyrsfirma og egen totalenterprise og tilbyder en effektiv one-stop l\u00f8sning.<\/li>\n<li>Vores m\u00e5l er at f\u00e5 jeres virksomhed tilbage i drift s\u00e5 hurtigt som muligt: Vi udf\u00f8rer indledende skadestop med det samme for at forhindre f\u00f8lgeskader og for at f\u00e5 jeres drift igang s\u00e5 hurtigt som muligt.<\/li>\n<li>Med jeres behov i fokus: Lige fra starten arbejder vi t\u00e6t sammen med jer. P\u00e5 den m\u00e5de kan vi r\u00e5dgive jer bedst muligt og sikre, at vi finder den ideelle l\u00f8sning p\u00e5 problemet.<\/li>\n<li>Grundig dokumentation: Vi dokumenterer alle vores processer, s\u00e5 det bliver s\u00e5 overskueligt som muligt for jer.<\/li>\n<li>Med vores 360\u00b0-scanning kan vi lave en digital kopi af skadestedet, s\u00e5 I efterf\u00f8lgende kan f\u00e5 et fuldt overblik over omfanget af skaden.<\/li>\n<\/ul>\n    <\/div>\n\t\t\t\t\t\t        <\/div>\n    <\/div>\n\t    <div class=\"c-block__col c-block__media\">\n\t\t\t<div class=\"c-image front-h-left front-v-center main-h-full main-v-center r-1x1 is-image\">\n\n\t\t\t\t\t<div class=\"c-image__media c-image__primary\">\n                <img decoding=\"async\" class=\"c-image__src lazy\" loading=\"lazy\" src=\"https:\/\/www.belfor.com\/dk\/wp-content\/uploads\/sites\/5\/2024\/06\/Before-and-after-image-of-We-Make-It-Undone-showing-a-meeting-room_TG_Businesses_WMIU_1920x1080-1024x576.jpeg\"  alt=\"F\u00f8r- og efterbillede af We Make It Undone, der viser et m\u00f8delokale\" width=\"1024\" height=\"576\"\/>\t\t\t<\/div>\n\t\t\n\t\t\n\t<\/div>\n\t\n\t\t\n\t\t\n\t\t    <\/div>\n\t<\/div>\n\n\t\t<\/div>\n\n\t<\/div>\n\n\t\n<\/div>\n\n\n<div class=\"m-block  l-content-2\"  >\n\n\t\n\t\n\t<div class=\"m-block__container container\" style=\"\">\n\n\t\t<div class=\"l-dcbl l-dcbl-v1\">\n\n\t\t\t\n<div class=\"c-block order-default is-vertical\" style=\"--c-block-radius:0px; --c-block-gl: 0%;--c-block-gr: 0%;--c-block-gt: 0%;--c-block-gb: 0%;--columns-ratio: 50%;\">\n    <div class=\"c-block__col c-block__text text-left align-center\"\n         style=\"--c-txt-gl: 0%; --c-txt-gr: 0%; --c-txt-gt: 0%; --c-txt-gb: 0%;\">\n        <div class=\"c-block__inner\">\n\n\t\t\t            \n\t\t\t    <div class=\"c-heading -h2 \">\n\t\t\n\t\t\n\t\t\t\t\t<h2  class=\"c-heading__title\">Er du interesseret i et samarbejde med BELFOR?<\/h2>\t\t\n\t\t    <\/div>\n    <div class=\"c-heading__description is-wysiwyg\">\n        <p>N\u00e5r I samarbejder med BELFOR, er I altid sikret, at hj\u00e6lpen er n\u00e6r, og vi er med jer hele vejen.<\/p>\n    <\/div>\n\t\t\t\t\t\t\t    <div class=\"c-block__btn\">\n\t\t\n\t\t\t<a href=\"mailto:mail@belfor.dk\"  class=\"c-btn -normal -primary has-icon icon-right \"><div class=\"label-up\"><span class=\"c-btn__txt\">Kontakt os for at h\u00f8re mere<\/span><span class=\"c-btn__ico\"><svg width=\"30\" height=\"30\" class=\"icon icon-lib-icon-arrow4 \" aria-hidden=\"true\" role=\"img\"><use xlink:href=\"#lib-icon-arrow4\"><\/use><\/svg><\/span><\/div><div class=\"label-up\"><span class=\"c-btn__txt\">Kontakt os for at h\u00f8re mere<\/span><span class=\"c-btn__ico\"><svg width=\"30\" height=\"30\" class=\"icon icon-lib-icon-arrow4 \" aria-hidden=\"true\" role=\"img\"><use xlink:href=\"#lib-icon-arrow4\"><\/use><\/svg><\/span><\/div><\/a>\n\t\t    <\/div>\n\t        <\/div>\n    <\/div>\n\t<\/div>\n\n\t\t<\/div>\n\n\t<\/div>\n\n\t\n<\/div>\n\n\n\t<\/div>\n<\/div>\n\n\n<div class=\"m-wrapper  gt mb-custom bg-cover bg-center bg-no-repeat -version-3 container-fluid\" style='--margin-bottom: 32.5rem;background-image: url(https:\/\/www.belfor.com\/dk\/wp-content\/uploads\/sites\/5\/2024\/06\/A-group-of-BELFOR-Employees-walking-in-front-of-a-BELFOR-branch_CTA-Bild_2560x1192px.jpg);'>\n\n\t\n\t\n\t<div class=\"m-wrapper__inner\">\n\t\t\n<div class=\"m-block  gt gb -version-3 l-content-simple-1\"  style='--l-container-width: 83rem;'>\n\n\t\n\t\n\t<div class=\"m-block__container container-custom\" style=\"--l-container-width: 83rem\">\n\n\t\t<div class=\"l-heading text-left l-heading-v1\">\n\n\t\t\t    <div class=\"c-heading -h2 \">\n\t\t\n\t\t            <div class=\"c-heading__pre\" >\n\t\t\t\tVi tilbyder den rette ekspertise            <\/div>\n\t\t\n\t\t\t\t\t<h2  class=\"c-heading__title\">BELFOR er den st\u00f8rste skadeservicevirksomhed med tusindvis af kollegaer i hele verden.<\/h2>\t\t\n\t\t    <\/div>\n    <div class=\"c-heading__description is-wysiwyg\">\n        <p>Vi er der for dig, og vi hj\u00e6lper dig bedst igennem din skade.<\/p>\n    <\/div>\n\n\t\t\t\t    <div class=\"c-block__btn\">\n\t\t\n\t\t\t<a href=\"\/dk\/da\/kontakt\/\"  class=\"c-btn -normal -primary has-icon icon-right \"><div class=\"label-up\"><span class=\"c-btn__txt\">Kontakt os<\/span><span class=\"c-btn__ico\"><svg width=\"30\" height=\"30\" class=\"icon icon-lib-icon-arrow4 \" aria-hidden=\"true\" role=\"img\"><use xlink:href=\"#lib-icon-arrow4\"><\/use><\/svg><\/span><\/div><div class=\"label-up\"><span class=\"c-btn__txt\">Kontakt os<\/span><span class=\"c-btn__ico\"><svg width=\"30\" height=\"30\" class=\"icon icon-lib-icon-arrow4 \" aria-hidden=\"true\" role=\"img\"><use xlink:href=\"#lib-icon-arrow4\"><\/use><\/svg><\/span><\/div><\/a>\n\t\t    <\/div>\n\t\n\t\t<\/div>\n\n\t<\/div>\n\n\t\n<\/div>\n\n\n\t<\/div>\n<\/div>\n","protected":false},"excerpt":{"rendered":"","protected":false},"author":8,"featured_media":1694,"parent":50,"menu_order":3,"comment_status":"closed","ping_status":"closed","template":"","meta":{"_acf_changed":false,"inline_featured_image":false,"footnotes":""},"class_list":["post-58","page","type-page","status-publish","has-post-thumbnail","hentry"],"acf":[],"yoast_head":"<!-- This site is optimized with the Yoast SEO plugin v27.4 - https:\/\/yoast.com\/product\/yoast-seo-wordpress\/ -->\n<title>Virksomheder - BELFOR Denmark<\/title>\n<meta name=\"robots\" content=\"index, follow, max-snippet:-1, max-image-preview:large, max-video-preview:-1\" \/>\n<link rel=\"canonical\" href=\"https:\/\/www.belfor.com\/dk\/da\/vores-kunder\/virksomheder\/\" \/>\n<meta property=\"og:locale\" content=\"da_DK\" \/>\n<meta property=\"og:type\" content=\"article\" \/>\n<meta property=\"og:title\" content=\"Virksomheder - BELFOR Denmark\" \/>\n<meta property=\"og:url\" content=\"https:\/\/www.belfor.com\/dk\/da\/vores-kunder\/virksomheder\/\" \/>\n<meta property=\"og:site_name\" content=\"BELFOR Denmark\" \/>\n<meta property=\"article:modified_time\" content=\"2026-04-23T14:41:54+00:00\" \/>\n<meta property=\"og:image\" content=\"https:\/\/www.belfor.com\/dk\/wp-content\/uploads\/sites\/5\/2025\/08\/dk_banner_virksomheder.jpg\" \/>\n\t<meta property=\"og:image:width\" content=\"1920\" \/>\n\t<meta property=\"og:image:height\" content=\"1080\" \/>\n\t<meta property=\"og:image:type\" content=\"image\/jpeg\" \/>\n<meta name=\"twitter:card\" content=\"summary_large_image\" \/>\n<meta name=\"twitter:label1\" content=\"Est. reading time\" \/>\n\t<meta name=\"twitter:data1\" content=\"1 minute\" \/>\n<script type=\"application\/ld+json\" class=\"yoast-schema-graph\">{\"@context\":\"https:\\\/\\\/schema.org\",\"@graph\":[{\"@type\":\"WebPage\",\"@id\":\"https:\\\/\\\/www.belfor.com\\\/dk\\\/da\\\/vores-kunder\\\/virksomheder\\\/\",\"url\":\"https:\\\/\\\/www.belfor.com\\\/dk\\\/da\\\/vores-kunder\\\/virksomheder\\\/\",\"name\":\"Virksomheder - BELFOR Denmark\",\"isPartOf\":{\"@id\":\"https:\\\/\\\/www.belfor.com\\\/dk\\\/da\\\/#website\"},\"primaryImageOfPage\":{\"@id\":\"https:\\\/\\\/www.belfor.com\\\/dk\\\/da\\\/vores-kunder\\\/virksomheder\\\/#primaryimage\"},\"image\":{\"@id\":\"https:\\\/\\\/www.belfor.com\\\/dk\\\/da\\\/vores-kunder\\\/virksomheder\\\/#primaryimage\"},\"thumbnailUrl\":\"https:\\\/\\\/www.belfor.com\\\/dk\\\/wp-content\\\/uploads\\\/sites\\\/5\\\/2025\\\/08\\\/dk_banner_virksomheder.jpg\",\"datePublished\":\"2024-05-28T11:06:33+00:00\",\"dateModified\":\"2026-04-23T14:41:54+00:00\",\"breadcrumb\":{\"@id\":\"https:\\\/\\\/www.belfor.com\\\/dk\\\/da\\\/vores-kunder\\\/virksomheder\\\/#breadcrumb\"},\"inLanguage\":\"da-DK\",\"potentialAction\":[{\"@type\":\"ReadAction\",\"target\":[\"https:\\\/\\\/www.belfor.com\\\/dk\\\/da\\\/vores-kunder\\\/virksomheder\\\/\"]}]},{\"@type\":\"ImageObject\",\"inLanguage\":\"da-DK\",\"@id\":\"https:\\\/\\\/www.belfor.com\\\/dk\\\/da\\\/vores-kunder\\\/virksomheder\\\/#primaryimage\",\"url\":\"https:\\\/\\\/www.belfor.com\\\/dk\\\/wp-content\\\/uploads\\\/sites\\\/5\\\/2025\\\/08\\\/dk_banner_virksomheder.jpg\",\"contentUrl\":\"https:\\\/\\\/www.belfor.com\\\/dk\\\/wp-content\\\/uploads\\\/sites\\\/5\\\/2025\\\/08\\\/dk_banner_virksomheder.jpg\",\"width\":1920,\"height\":1080,\"caption\":\"virksomhedshal oversv\u00f8mmes\"},{\"@type\":\"BreadcrumbList\",\"@id\":\"https:\\\/\\\/www.belfor.com\\\/dk\\\/da\\\/vores-kunder\\\/virksomheder\\\/#breadcrumb\",\"itemListElement\":[{\"@type\":\"ListItem\",\"position\":1,\"name\":\"Home\",\"item\":\"https:\\\/\\\/www.belfor.com\\\/dk\\\/da\\\/\"},{\"@type\":\"ListItem\",\"position\":2,\"name\":\"Vores kunder\",\"item\":\"https:\\\/\\\/www.belfor.com\\\/dk\\\/da\\\/vores-kunder\\\/\"},{\"@type\":\"ListItem\",\"position\":3,\"name\":\"Virksomheder\"}]},{\"@type\":\"WebSite\",\"@id\":\"https:\\\/\\\/www.belfor.com\\\/dk\\\/da\\\/#website\",\"url\":\"https:\\\/\\\/www.belfor.com\\\/dk\\\/da\\\/\",\"name\":\"BELFOR Denmark\",\"description\":\"\",\"potentialAction\":[{\"@type\":\"SearchAction\",\"target\":{\"@type\":\"EntryPoint\",\"urlTemplate\":\"https:\\\/\\\/www.belfor.com\\\/dk\\\/da\\\/?s={search_term_string}\"},\"query-input\":{\"@type\":\"PropertyValueSpecification\",\"valueRequired\":true,\"valueName\":\"search_term_string\"}}],\"inLanguage\":\"da-DK\"}]}<\/script>\n<!-- \/ Yoast SEO plugin. -->","yoast_head_json":{"title":"Virksomheder - BELFOR Denmark","robots":{"index":"index","follow":"follow","max-snippet":"max-snippet:-1","max-image-preview":"max-image-preview:large","max-video-preview":"max-video-preview:-1"},"canonical":"https:\/\/www.belfor.com\/dk\/da\/vores-kunder\/virksomheder\/","og_locale":"da_DK","og_type":"article","og_title":"Virksomheder - BELFOR Denmark","og_url":"https:\/\/www.belfor.com\/dk\/da\/vores-kunder\/virksomheder\/","og_site_name":"BELFOR Denmark","article_modified_time":"2026-04-23T14:41:54+00:00","og_image":[{"width":1920,"height":1080,"url":"https:\/\/www.belfor.com\/dk\/wp-content\/uploads\/sites\/5\/2025\/08\/dk_banner_virksomheder.jpg","type":"image\/jpeg"}],"twitter_card":"summary_large_image","twitter_misc":{"Est. reading time":"1 minute"},"schema":{"@context":"https:\/\/schema.org","@graph":[{"@type":"WebPage","@id":"https:\/\/www.belfor.com\/dk\/da\/vores-kunder\/virksomheder\/","url":"https:\/\/www.belfor.com\/dk\/da\/vores-kunder\/virksomheder\/","name":"Virksomheder - BELFOR Denmark","isPartOf":{"@id":"https:\/\/www.belfor.com\/dk\/da\/#website"},"primaryImageOfPage":{"@id":"https:\/\/www.belfor.com\/dk\/da\/vores-kunder\/virksomheder\/#primaryimage"},"image":{"@id":"https:\/\/www.belfor.com\/dk\/da\/vores-kunder\/virksomheder\/#primaryimage"},"thumbnailUrl":"https:\/\/www.belfor.com\/dk\/wp-content\/uploads\/sites\/5\/2025\/08\/dk_banner_virksomheder.jpg","datePublished":"2024-05-28T11:06:33+00:00","dateModified":"2026-04-23T14:41:54+00:00","breadcrumb":{"@id":"https:\/\/www.belfor.com\/dk\/da\/vores-kunder\/virksomheder\/#breadcrumb"},"inLanguage":"da-DK","potentialAction":[{"@type":"ReadAction","target":["https:\/\/www.belfor.com\/dk\/da\/vores-kunder\/virksomheder\/"]}]},{"@type":"ImageObject","inLanguage":"da-DK","@id":"https:\/\/www.belfor.com\/dk\/da\/vores-kunder\/virksomheder\/#primaryimage","url":"https:\/\/www.belfor.com\/dk\/wp-content\/uploads\/sites\/5\/2025\/08\/dk_banner_virksomheder.jpg","contentUrl":"https:\/\/www.belfor.com\/dk\/wp-content\/uploads\/sites\/5\/2025\/08\/dk_banner_virksomheder.jpg","width":1920,"height":1080,"caption":"virksomhedshal oversv\u00f8mmes"},{"@type":"BreadcrumbList","@id":"https:\/\/www.belfor.com\/dk\/da\/vores-kunder\/virksomheder\/#breadcrumb","itemListElement":[{"@type":"ListItem","position":1,"name":"Home","item":"https:\/\/www.belfor.com\/dk\/da\/"},{"@type":"ListItem","position":2,"name":"Vores kunder","item":"https:\/\/www.belfor.com\/dk\/da\/vores-kunder\/"},{"@type":"ListItem","position":3,"name":"Virksomheder"}]},{"@type":"WebSite","@id":"https:\/\/www.belfor.com\/dk\/da\/#website","url":"https:\/\/www.belfor.com\/dk\/da\/","name":"BELFOR Denmark","description":"","potentialAction":[{"@type":"SearchAction","target":{"@type":"EntryPoint","urlTemplate":"https:\/\/www.belfor.com\/dk\/da\/?s={search_term_string}"},"query-input":{"@type":"PropertyValueSpecification","valueRequired":true,"valueName":"search_term_string"}}],"inLanguage":"da-DK"}]}},"_links":{"self":[{"href":"https:\/\/www.belfor.com\/dk\/da\/wp-json\/wp\/v2\/pages\/58","targetHints":{"allow":["GET"]}}],"collection":[{"href":"https:\/\/www.belfor.com\/dk\/da\/wp-json\/wp\/v2\/pages"}],"about":[{"href":"https:\/\/www.belfor.com\/dk\/da\/wp-json\/wp\/v2\/types\/page"}],"author":[{"embeddable":true,"href":"https:\/\/www.belfor.com\/dk\/da\/wp-json\/wp\/v2\/users\/8"}],"replies":[{"embeddable":true,"href":"https:\/\/www.belfor.com\/dk\/da\/wp-json\/wp\/v2\/comments?post=58"}],"version-history":[{"count":5,"href":"https:\/\/www.belfor.com\/dk\/da\/wp-json\/wp\/v2\/pages\/58\/revisions"}],"predecessor-version":[{"id":1773,"href":"https:\/\/www.belfor.com\/dk\/da\/wp-json\/wp\/v2\/pages\/58\/revisions\/1773"}],"up":[{"embeddable":true,"href":"https:\/\/www.belfor.com\/dk\/da\/wp-json\/wp\/v2\/pages\/50"}],"wp:featuredmedia":[{"embeddable":true,"href":"https:\/\/www.belfor.com\/dk\/da\/wp-json\/wp\/v2\/media\/1694"}],"wp:attachment":[{"href":"https:\/\/www.belfor.com\/dk\/da\/wp-json\/wp\/v2\/media?parent=58"}],"curies":[{"name":"wp","href":"https:\/\/api.w.org\/{rel}","templated":true}]}}