{"id":56,"date":"2024-05-28T13:05:27","date_gmt":"2024-05-28T11:05:27","guid":{"rendered":"https:\/\/www.belfor.com\/dk\/?page_id=56"},"modified":"2026-01-21T13:14:33","modified_gmt":"2026-01-21T11:14:33","slug":"boligselskaber","status":"publish","type":"page","link":"https:\/\/www.belfor.com\/dk\/da\/vores-kunder\/boligselskaber\/","title":{"rendered":"Boligselskaber"},"content":{"rendered":"<div class=\"m-banner m-banner--small  -version-2 has-overlay order-default\" >\n\n\t\n\t\n\t<div class=\"m-banner__container container-fluid\" style='--overlayOpacity: 50%;--columns-ratio: 50%;background-color: #ffffff;'>\n\n\t\t    <div class=\"m-banner__media\">\n        <picture class=\"m-banner__picture\">\n\t\t\t\t\t\t\t\t\t\t\t\t                        <source media=\"(min-width: 1500px)\" srcset=\"https:\/\/www.belfor.com\/dk\/wp-content\/uploads\/sites\/5\/2025\/11\/dk_ejendomsvagt_banner_ny.jpg\">\n\t\t\t\t\t\t\t\t\t\t\t\t\t\t\t\t\t\t\t\t\t\t\t                        <source media=\"(min-width: 768px)\" srcset=\"https:\/\/www.belfor.com\/dk\/wp-content\/uploads\/sites\/5\/2025\/11\/dk_ejendomsvagt_banner_ny-1024x341.jpg\">\n\t\t\t\t\t\t\t\t\t\t\t\t\t\t\t                <source media=\"(min-width: 300px)\" srcset=\"https:\/\/www.belfor.com\/dk\/wp-content\/uploads\/sites\/5\/2025\/11\/dk_ejendomsvagt_banner_ny-768x256.jpg\">\n\t\t\t            <img loading=\"lazy\" decoding=\"async\" src=\"https:\/\/www.belfor.com\/dk\/wp-content\/uploads\/sites\/5\/2025\/11\/dk_ejendomsvagt_banner_ny.jpg\" alt=\"hus med regn og solskin\" width=\"1920\" height=\"1280\">\n        <\/picture>\n    <\/div>\n\n\t\t<div class=\"m-banner__inner container flex-left style-dark\">\n\n\t\t\t<div class=\"l-banner  l-gt-custom l-gb-custom\" style=\"--l-gt-padding: 4.5rem;--l-gb-padding: 4.5rem;\">\n\n\t\t\t\t\n<div class=\"l-banner__text\">\n        <div class=\"l-banner__inner text-left\">\n\n        <div class=\"c-heading -h1\">\n\t\t\t                <div class=\"c-heading__pre\" >\n\t\t\t\t\tVores kunder                <\/div>\n\t\t\t\n\t\t\t\t\t\t\t<h1 style=\"--font-size-mobile:3.5rem;color:#ffffff;\" class=\"c-heading__title\">Boligselskaber<\/h1>\t\t\t\n\t\t\t        <\/div>\n\n\t\t    <\/div>\n    \n\t<\/div>\n\n    <div class=\"l-banner__media\">\n\t\t\t\t\t\n\t\t    <\/div>\n\n\t\t\t<\/div>\n\n\t\t\t\t\t<\/div>\n\t<\/div>\n\n    <!-- scroll down-->\n    <div class=\"scroll-down\">\n        <div class=\"scroll-down__line-box line-box\">\n            <div class=\"line\"><\/div>\n        <\/div>\n        <div class=\"scroll-down__icon\">\n            <svg class=\"o-icon u-fill-current\" aria-hidden=\"true\">\n                <use xlink:href=\"#scroll-down\"><\/use>\n            <\/svg>\n        <\/div>\n    <\/div>\n    <!-- scroll down : end-->\n\n<\/div>\n\n\n<div class=\"m-breadcrumb \">\n\t\n\t<div class=\"blog-breadcrumb\">\n\t\t<div class=\"blog-breadcrumb__inner inner-frame\">\n\t\t\t<span property=\"itemListElement\" typeof=\"ListItem\"><a property=\"item\" typeof=\"WebPage\" title=\"Go to BELFOR.\" href=\"https:\/\/www.belfor.com\/\" class=\"main-home\" ><span property=\"name\">BELFOR<\/span><\/a><meta property=\"position\" content=\"1\"><\/span> &gt; <span property=\"itemListElement\" typeof=\"ListItem\"><a property=\"item\" typeof=\"WebPage\" title=\"Go to BELFOR Denmark.\" href=\"https:\/\/www.belfor.com\/dk\/da\/\" class=\"home\" ><span property=\"name\">BELFOR Denmark<\/span><\/a><meta property=\"position\" content=\"2\"><\/span> &gt; <span property=\"itemListElement\" typeof=\"ListItem\"><a property=\"item\" typeof=\"WebPage\" title=\"Go to Vidensbank.\" href=\"https:\/\/www.belfor.com\/dk\/da\/vidensbank\/\" class=\"post-root post post-post\" aria-current=\"page\"><span property=\"name\">Vidensbank<\/span><\/a><meta property=\"position\" content=\"3\"><\/span>\t\t<\/div>\n\t<\/div>\n\n<\/div>\n\n\n<div class=\"m-wrapper  mt mb-custom -version-7 container\" style='--margin-bottom: 15rem;'>\n\n\t\n\t\n\t<div class=\"m-wrapper__inner\">\n\t\t\n\n<div class=\"m-block l-links-list  \"  >\n\n\t    <div class=\"m-block__container container\"\n         style=\"\">\n\n        <div class=\"l-heading text-left l-heading-v1\">\n\t\t\t        <div class=\"c-heading -h2 \">\n\t\t\n\t\t\n\t\t\t\t\t<h2  class=\"c-heading__title\">Forretningsomr\u00e5der<\/h2>\t\t\n\t\t    <\/div>\n\n\t\t\t                <ul>\n\t\t\t\t\t                        <li>\n\t\t\t\t\t\t\t\n\t\t\t\t\t\t\t\t                                    <a href=\"\/dk\/da\/forretningsomraader\/skadeservice\/\"\n\t\t\t\t\t\t\t\t\t\tnoreferrer target=\"_blank\"                                       class=\"link\">Skadeservice                                    <\/a>\n\t\t\t\t\t\t\t\t\n\t\t\t\t\t\t\t                        <\/li>\n\t\t\t\t\t                        <li>\n\t\t\t\t\t\t\t\n\t\t\t\t\t\t\t\t                                    <a href=\"\/dk\/da\/forretningsomraader\/miljoe-og-specialservice\/\"\n\t\t\t\t\t\t\t\t\t\t                                        class=\"link\">Milj\u00f8- og specialservice                                    <\/a>\n\t\t\t\t\t\t\t\t\n\t\t\t\t\t\t\t                        <\/li>\n\t\t\t\t\t                        <li>\n\t\t\t\t\t\t\t\n\t\t\t\t\t\t\t\t                                    <a href=\"\/dk\/da\/forretningsomraader\/skadedyr\/\"\n\t\t\t\t\t\t\t\t\t\t                                        class=\"link\">Skadedyr                                    <\/a>\n\t\t\t\t\t\t\t\t\n\t\t\t\t\t\t\t                        <\/li>\n\t\t\t\t\t                        <li>\n\t\t\t\t\t\t\t\n\t\t\t\t\t\t\t\t                                    <a href=\"\/dk\/da\/forretningsomraader\/projektledelse\/\"\n\t\t\t\t\t\t\t\t\t\t                                        class=\"link\">Projektledelse                                    <\/a>\n\t\t\t\t\t\t\t\t\n\t\t\t\t\t\t\t                        <\/li>\n\t\t\t\t\t                        <li>\n\t\t\t\t\t\t\t\n\t\t\t\t\t\t\t\t                                    <a href=\"\/dk\/da\/forretningsomraader\/storskade\/\"\n\t\t\t\t\t\t\t\t\t\t                                        class=\"link\">Storskade                                    <\/a>\n\t\t\t\t\t\t\t\t\n\t\t\t\t\t\t\t                        <\/li>\n\t\t\t\t\t                        <li>\n\t\t\t\t\t\t\t\n\t\t\t\t\t\t\t\t                                    <a href=\"\/dk\/da\/forretningsomraader\/haandvaerkere\/\"\n\t\t\t\t\t\t\t\t\t\t                                        class=\"link\">H\u00e5ndv\u00e6rkere                                    <\/a>\n\t\t\t\t\t\t\t\t\n\t\t\t\t\t\t\t                        <\/li>\n\t\t\t\t\t                        <li>\n\t\t\t\t\t\t\t\n\t\t\t\t\t\t\t\t                                    <a href=\"\/dk\/da\/forretningsomraader\/red-alert\/\"\n\t\t\t\t\t\t\t\t\t\t                                        class=\"link\">RED ALERT\u00ae                                    <\/a>\n\t\t\t\t\t\t\t\t\n\t\t\t\t\t\t\t                        <\/li>\n\t\t\t\t\t                <\/ul>\n\t\t\t\n        <\/div>\n    <\/div>\n<\/div>\n\n\n<div class=\"m-block  mb-custom l-content-2\"  style='--margin-bottom: 5rem;'>\n\n\t\n\t\n\t<div class=\"m-block__container container\" style=\"\">\n\n\t\t<div class=\"l-dcbl l-dcbl-v1\">\n\n\t\t\t\n<div class=\"c-block order-default is-vertical\" style=\"--c-block-radius:0px; --c-block-gl: 0%;--c-block-gr: 0%;--c-block-gt: 0%;--c-block-gb: 0%;--columns-ratio: 100%;\">\n    <div class=\"c-block__col c-block__text text-left align-center\"\n         style=\"--c-txt-gl: 0%; --c-txt-gr: 0%; --c-txt-gt: 0%; --c-txt-gb: 0%;\">\n        <div class=\"c-block__inner\">\n\n\t\t\t            \n\t\t\t    <div class=\"c-heading -h2 \">\n\t\t\n\t\t            <div class=\"c-heading__pre\" >\n\t\t\t\tBELFOR EJENDOMSVAGT            <\/div>\n\t\t\n\t\t\t\t\t<h2  class=\"c-heading__title\">\u00c9n partner, alle l\u00f8sninger<\/h2>\t\t\n\t\t            <div class=\"c-heading__sub\" >\n\t\t\t\tVi passer p\u00e5 jeres ejendomme            <\/div>\n\t\t    <\/div>\n    <div class=\"c-heading__description is-wysiwyg\">\n        <p>Forventninger til serviceniveauet i boligselskaber er h\u00f8je, og vi ved, at en hurtig og professionel hj\u00e6lp g\u00f8r hele forskellen. Derfor tilbyder vi:<\/p>\n<ul>\n<li>24\/7 akuttelefon &#8211; vi er klar d\u00f8gnet rundt, alle \u00e5rets dage<\/li>\n<li>Ekstra hj\u00e6lp i dagtimerne &#8211; ogs\u00e5 til almindelige driftshenvendelser<\/li>\n<li>Adgang til udvidede services &#8211; fx tekniske alarmer, tr\u00e6ning og r\u00e5dgivning<\/li>\n<li>St\u00e6rkt beredskab og hurtig handling &#8211; i alle situationer<\/li>\n<li>Overblik over dokumentation &#8211; adgang til vores online sagsstyringssystem med rapporter, sagsindsigt og statistik<\/li>\n<\/ul>\n    <\/div>\n\t\t\t\t\t\t        <\/div>\n    <\/div>\n\t    <div class=\"c-block__col c-block__media\">\n\t\t\t<div class=\"c-image front-h-left front-v-center main-h-full main-v-center r-1x1 is-image\">\n\n\t\t\t\t\t<div class=\"c-image__media c-image__primary\">\n                <img decoding=\"async\" class=\"c-image__src lazy\" loading=\"lazy\" src=\"https:\/\/www.belfor.com\/dk\/wp-content\/uploads\/sites\/5\/2024\/06\/A-male-craftsman-smiling_1920x1080px-1024x576.jpg\"  alt=\"En mandlig h\u00e5ndv\u00e6rker, der smiler\" width=\"1024\" height=\"576\"\/>\t\t\t<\/div>\n\t\t\n\t\t\n\t<\/div>\n\t\n\t\t\n\t\t\n\t\t    <\/div>\n\t<\/div>\n\n\t\t<\/div>\n\n\t<\/div>\n\n\t\n<\/div>\n\n\n<div class=\"m-block  mb-custom l-content-2\"  style='--margin-bottom: 5rem;'>\n\n\t\n\t\n\t<div class=\"m-block__container container\" style=\"\">\n\n\t\t<div class=\"l-dcbl l-dcbl-v1\">\n\n\t\t\t\n<div class=\"c-block order-default is-vertical\" style=\"--c-block-radius:0px; --c-block-gl: 0%;--c-block-gr: 0%;--c-block-gt: 0%;--c-block-gb: 0%;--columns-ratio: 100%;\">\n    <div class=\"c-block__col c-block__text text-left align-center\"\n         style=\"--c-txt-gl: 0%; --c-txt-gr: 0%; --c-txt-gt: 0%; --c-txt-gb: 0%;\">\n        <div class=\"c-block__inner\">\n\n\t\t\t            \n\t\t\t    <div class=\"c-heading -h2 \">\n\t\t\n\t\t            <div class=\"c-heading__pre\" >\n\t\t\t\tBELFOR EJENDOMSVAGT            <\/div>\n\t\t\n\t\t\t\t\t<h2  class=\"c-heading__title\">BASIC eller PLUS?<\/h2>\t\t\n\t\t            <div class=\"c-heading__sub\" >\n\t\t\t\tV\u00e6lg det niveau der passer jer            <\/div>\n\t\t    <\/div>\n    <div class=\"c-heading__description is-wysiwyg\">\n        <h3><strong>Ejendomsvagt BASIC<\/strong><\/h3>\n<ul>\n<li>Hotline for opkald uden for normal arbejdstid<\/li>\n<li>Adgang til online sagsstyringssystem med mulighed for selv at redigere forholdsordrer og f\u00f8lge med i sager og beboerhenvendelser<\/li>\n<li>Unik velkomstbesked til opkald<\/li>\n<li>H\u00e5ndtering af skadeserviceopgaver<\/li>\n<li>Klisterm\u00e6rker til opgange med logo og nummer<\/li>\n<\/ul>\n<p>&nbsp;<\/p>\n<h3><strong>Ejendomsvagt PLUS<\/strong><\/h3>\n<ul>\n<li>Alt fra BASIC-pakken<\/li>\n<li>24\/7 hotline<\/li>\n<li>Teknikalarmer<\/li>\n<li>Mangeskadeh\u00e6ndelser\n<ul>\n<li>Mangeskaderapportering<\/li>\n<li>Prioritering af sager i samarbejde med BELFOR<\/li>\n<\/ul>\n<\/li>\n<\/ul>\n    <\/div>\n\t\t\t\t\t\t        <\/div>\n    <\/div>\n\t    <div class=\"c-block__col c-block__media\">\n\t\t\t<div class=\"c-image front-h-left front-v-center main-h-full main-v-center r-1x1 is-image\">\n\n\t\t\t\t\t<div class=\"c-image__media c-image__primary\">\n                <img decoding=\"async\" class=\"c-image__src lazy\" loading=\"lazy\" src=\"https:\/\/www.belfor.com\/dk\/wp-content\/uploads\/sites\/5\/2024\/06\/Before-and-after-image-of-We-Make-It-Undone-showing-a-fixed-childrenss-room_TG_Housing-Association_WMIU_1920x1080-1024x576.jpeg\"  alt=\"F\u00f8r- og efterbillede af We Make It Undone, der viser et fikset b\u00f8rnev\u00e6relse\" width=\"1024\" height=\"576\"\/>\t\t\t<\/div>\n\t\t\n\t\t\n\t<\/div>\n\t\n\t\t\n\t\t\n\t\t    <\/div>\n\t<\/div>\n\n\t\t<\/div>\n\n\t<\/div>\n\n\t\n<\/div>\n\n\n<div class=\"m-block  gt gb-s -pre-title-has-decor l-content-simple-1\"  style='--l-container-width: 144rem;'>\n\n\t\n\t\n\t<div class=\"m-block__container container-custom\" style=\"--l-container-width: 144rem\">\n\n\t\t<div class=\"l-heading text-left l-heading-v3\">\n\n\t\t\t    <div class=\"c-heading -h2 \">\n\t\t\n\t\t\n\t\t\t\t\t<h1  class=\"c-heading__title\">Adam Vangtorp<\/h1>\t\t\n\t\t            <div class=\"c-heading__sub\" >\n\t\t\t\tDriftschef, SAB            <\/div>\n\t\t    <\/div>\n    <div class=\"c-heading__description is-wysiwyg\">\n        <blockquote><p>&#8220;Det, der presser de lokale kontorer, er ofte administration og koordinering med beboere, der har skader. Med Ejendomsvagt-aftalen hos BELFOR har vi f\u00e5et en partner, der tager ansvar og l\u00f8ser opgaverne effektivt. Det har lettet byrden gevaldigt.&#8221;<\/p><\/blockquote>\n    <\/div>\n\n\t\t\t\n\t\t<\/div>\n\n\t<\/div>\n\n\t\n<\/div>\n\n\n<div class=\"m-block  l-content-2\"  >\n\n\t\n\t\n\t<div class=\"m-block__container container\" style=\"\">\n\n\t\t<div class=\"l-dcbl l-dcbl-v1\">\n\n\t\t\t\n<div class=\"c-block order-default is-vertical\" style=\"--c-block-radius:0px; --c-block-gl: 0%;--c-block-gr: 0%;--c-block-gt: 0%;--c-block-gb: 0%;--columns-ratio: 50%;\">\n    <div class=\"c-block__col c-block__text text-left align-center\"\n         style=\"--c-txt-gl: 0%; --c-txt-gr: 0%; --c-txt-gt: 0%; --c-txt-gb: 0%;\">\n        <div class=\"c-block__inner\">\n\n\t\t\t            \n\t\t\t    <div class=\"c-heading -h2 \">\n\t\t\n\t\t\n\t\t\t\t\t<h2  class=\"c-heading__title\">Skr\u00e6ddersy din pakke med tilk\u00f8b af BELFOR Group Services<\/h2>\t\t\n\t\t    <\/div>\n    <div class=\"c-heading__description is-wysiwyg\">\n        <p><strong>Projektledelse<\/strong><br \/>\nVores projektledere er uddannelde h\u00e5ndv\u00e6rkstaksatorer og har byggeteknisk baggrund. <a href=\"\/dk\/da\/forretningsomraader\/projektledelse\/\">L\u00e6s mere om vores Projektleder-service.<\/a><\/p>\n<p><strong>H\u00e5ndv\u00e6rkerydelser<\/strong><br \/>\nI tilf\u00e6lde af skader der kr\u00e6ver h\u00e5ndv\u00e6rksm\u00e6ssige kompetencer, tilbyder vi komplet h\u00e5ndtering med vores egen h\u00e5ndv\u00e6rksvirksomhed.<br \/>\n<a href=\"\/dk\/da\/forretningsomraader\/haandvaerkere\/\" target=\"_blank\" rel=\"noopener\">L\u00e6s mere om vores h\u00e5ndv\u00e6rkerydelser.<\/a><\/p>\n<p><strong>Indeklimaydelser<\/strong><br \/>\nVi m\u00e5ler luftfugtighed, temperatur og CO2-niveauer, og udarbejder en rapport med anbefalinger til h\u00e5ndtering af skimmel, fugt eller d\u00e5rlig ventilation. <a href=\"\/dk\/da\/forretningsomraader\/skadeservice\/indeklima\/\" target=\"_blank\" rel=\"noopener\">L\u00e6s mere om vores indeklimaydelser.<\/a><\/p>\n<p><strong>Skadedyrsbek\u00e6mpelse<\/strong><br \/>\nVi tilbyder landd\u00e6kkende skadedyrsbek\u00e6mpelse, tilpasser ejendomsselskaber og boligforeninger. <a href=\"https:\/\/kiltin.dk\/\">L\u00e6s mere p\u00e5 Kiltins hjemmeside.<\/a><\/p>\n<p><strong>Bygningsinspektioner<\/strong><br \/>\nVi udf\u00f8rer forebyggende inspektioner for at opdage slid, fugt eller skader, f\u00f8r de udvikler sig. Vi gennemg\u00e5r s\u00e5rbare bygningsdele, og dokumenterer fund i en rapport med anbefalinger og fotodokumentation.<\/p>\n<p><strong>Beredskabsplaner<\/strong><br \/>\nVi hj\u00e6lper jer med at udarbejde en beredskabsplan for brand, vejrh\u00e6ndelser og andre alvorlige h\u00e6ndelser &#8211; eller gennemg\u00e5r jeres eksisterende plan og giver konkrete input til forbedringer.<\/p>\n<p><strong>Workshops om relevante emner<\/strong><\/p>\n<ul>\n<li>Asbest<\/li>\n<li>Skimmel<\/li>\n<li>Indeklima<\/li>\n<li>Innovation<\/li>\n<\/ul>\n    <\/div>\n\t\t\t\t\t\t\t    <div class=\"c-block__btn\">\n\t\t\n\t\t\t\n\t\t    <\/div>\n\t        <\/div>\n    <\/div>\n\t<\/div>\n\n\t\t<\/div>\n\n\t<\/div>\n\n\t\n<\/div>\n\n\n<div class=\"m-block  l-content-2\"  >\n\n\t\n\t\n\t<div class=\"m-block__container container\" style=\"\">\n\n\t\t<div class=\"l-dcbl l-dcbl-v1\">\n\n\t\t\t\n<div class=\"c-block order-default is-vertical\" style=\"--c-block-radius:0px; --c-block-gl: 0%;--c-block-gr: 0%;--c-block-gt: 0%;--c-block-gb: 0%;--columns-ratio: 50%;\">\n    <div class=\"c-block__col c-block__text text-left align-center\"\n         style=\"--c-txt-gl: 0%; --c-txt-gr: 0%; --c-txt-gt: 0%; --c-txt-gb: 0%;\">\n        <div class=\"c-block__inner\">\n\n\t\t\t            \n\t\t\t    <div class=\"c-heading -h2 \">\n\t\t\n\t\t\n\t\t\t\t\t<h2  class=\"c-heading__title\">Er du interesseret i vores Ejendomsvagtl\u00f8sning?<\/h2>\t\t\n\t\t    <\/div>\n    <div class=\"c-heading__description is-wysiwyg\">\n        <p>Som kunde i BELFOR Ejendomsvagt er du sikret fordelagtige vilk\u00e5r og status som prioritetskunde. Vi passer p\u00e5 dine ejendomme og beboere d\u00f8gnet rundt.<\/p>\n<p>Vil du vide mere?<\/p>\n<p>Kontakt<br \/>\n<strong>Preben Stenner<br \/>\n<\/strong><strong>Key Account Manager<\/strong><br \/>\n<strong>Tel: 20 88 36 95\u00a0<\/strong><br \/>\n<strong>Mail: <a href=\"mailto:preben.stenner@belfor.dk\">preben.stenner@belfor.dk<\/a><\/strong><\/p>\n    <\/div>\n\t\t\t\t\t\t\t    <div class=\"c-block__btn\">\n\t\t\n\t\t\t\n\t\t    <\/div>\n\t        <\/div>\n    <\/div>\n\t<\/div>\n\n\t\t<\/div>\n\n\t<\/div>\n\n\t\n<\/div>\n\n\n\t<\/div>\n<\/div>\n\n\n<div class=\"m-wrapper  gt mb-custom bg-cover bg-center bg-no-repeat -version-3 container-fluid\" style='--margin-bottom: 32.5rem;background-image: url(https:\/\/www.belfor.com\/dk\/wp-content\/uploads\/sites\/5\/2024\/06\/A-group-of-BELFOR-Employees-walking-in-front-of-a-BELFOR-branch_CTA-Bild_2560x1192px.jpg);'>\n\n\t\n\t\n\t<div class=\"m-wrapper__inner\">\n\t\t\n<div class=\"m-block  gt gb -version-3 l-content-simple-1\"  style='--l-container-width: 83rem;'>\n\n\t\n\t\n\t<div class=\"m-block__container container-custom\" style=\"--l-container-width: 83rem\">\n\n\t\t<div class=\"l-heading text-left l-heading-v1\">\n\n\t\t\t    <div class=\"c-heading -h2 \">\n\t\t\n\t\t            <div class=\"c-heading__pre\" >\n\t\t\t\tVi tilbyder den rette ekspertise            <\/div>\n\t\t\n\t\t\t\t\t<h2  class=\"c-heading__title\">BELFOR er den st\u00f8rste skadeservicevirksomhed med tusindvis af kollegaer i hele verden.<\/h2>\t\t\n\t\t    <\/div>\n    <div class=\"c-heading__description is-wysiwyg\">\n        <p>Vi er der for dig, og vi hj\u00e6lper dig bedst igennem din skade.<\/p>\n    <\/div>\n\n\t\t\t\t    <div class=\"c-block__btn\">\n\t\t\n\t\t\t<a href=\"\/dk\/da\/kontakt\/\"  class=\"c-btn -normal -primary has-icon icon-right \"><div class=\"label-up\"><span class=\"c-btn__txt\">Kontakt os<\/span><span class=\"c-btn__ico\"><svg width=\"30\" height=\"30\" class=\"icon icon-lib-icon-arrow4 \" aria-hidden=\"true\" role=\"img\"><use xlink:href=\"#lib-icon-arrow4\"><\/use><\/svg><\/span><\/div><div class=\"label-up\"><span class=\"c-btn__txt\">Kontakt os<\/span><span class=\"c-btn__ico\"><svg width=\"30\" height=\"30\" class=\"icon icon-lib-icon-arrow4 \" aria-hidden=\"true\" role=\"img\"><use xlink:href=\"#lib-icon-arrow4\"><\/use><\/svg><\/span><\/div><\/a>\n\t\t    <\/div>\n\t\n\t\t<\/div>\n\n\t<\/div>\n\n\t\n<\/div>\n\n\n\t<\/div>\n<\/div>\n","protected":false},"excerpt":{"rendered":"","protected":false},"author":8,"featured_media":2055,"parent":50,"menu_order":2,"comment_status":"closed","ping_status":"closed","template":"","meta":{"_acf_changed":false,"inline_featured_image":false,"footnotes":""},"class_list":["post-56","page","type-page","status-publish","has-post-thumbnail","hentry"],"acf":[],"yoast_head":"<!-- This site is optimized with the Yoast SEO plugin v27.3 - https:\/\/yoast.com\/product\/yoast-seo-wordpress\/ -->\n<title>Boligselskaber - BELFOR Denmark<\/title>\n<meta name=\"robots\" content=\"index, follow, max-snippet:-1, max-image-preview:large, max-video-preview:-1\" \/>\n<link rel=\"canonical\" href=\"https:\/\/www.belfor.com\/dk\/da\/vores-kunder\/boligselskaber\/\" \/>\n<meta property=\"og:locale\" content=\"da_DK\" \/>\n<meta property=\"og:type\" content=\"article\" \/>\n<meta property=\"og:title\" content=\"Boligselskaber - BELFOR Denmark\" \/>\n<meta property=\"og:url\" content=\"https:\/\/www.belfor.com\/dk\/da\/vores-kunder\/boligselskaber\/\" \/>\n<meta property=\"og:site_name\" content=\"BELFOR Denmark\" \/>\n<meta property=\"article:modified_time\" content=\"2026-01-21T11:14:33+00:00\" \/>\n<meta property=\"og:image\" content=\"https:\/\/www.belfor.com\/dk\/wp-content\/uploads\/sites\/5\/2025\/11\/dk_ejendomsvagt_banner_ny.jpg\" \/>\n\t<meta property=\"og:image:width\" content=\"1920\" \/>\n\t<meta property=\"og:image:height\" content=\"640\" \/>\n\t<meta property=\"og:image:type\" content=\"image\/jpeg\" \/>\n<meta name=\"twitter:card\" content=\"summary_large_image\" \/>\n<meta name=\"twitter:label1\" content=\"Est. reading time\" \/>\n\t<meta name=\"twitter:data1\" content=\"1 minute\" \/>\n<script type=\"application\/ld+json\" class=\"yoast-schema-graph\">{\"@context\":\"https:\\\/\\\/schema.org\",\"@graph\":[{\"@type\":\"WebPage\",\"@id\":\"https:\\\/\\\/www.belfor.com\\\/dk\\\/da\\\/vores-kunder\\\/boligselskaber\\\/\",\"url\":\"https:\\\/\\\/www.belfor.com\\\/dk\\\/da\\\/vores-kunder\\\/boligselskaber\\\/\",\"name\":\"Boligselskaber - BELFOR Denmark\",\"isPartOf\":{\"@id\":\"https:\\\/\\\/www.belfor.com\\\/dk\\\/da\\\/#website\"},\"primaryImageOfPage\":{\"@id\":\"https:\\\/\\\/www.belfor.com\\\/dk\\\/da\\\/vores-kunder\\\/boligselskaber\\\/#primaryimage\"},\"image\":{\"@id\":\"https:\\\/\\\/www.belfor.com\\\/dk\\\/da\\\/vores-kunder\\\/boligselskaber\\\/#primaryimage\"},\"thumbnailUrl\":\"https:\\\/\\\/www.belfor.com\\\/dk\\\/wp-content\\\/uploads\\\/sites\\\/5\\\/2025\\\/11\\\/dk_ejendomsvagt_banner_ny.jpg\",\"datePublished\":\"2024-05-28T11:05:27+00:00\",\"dateModified\":\"2026-01-21T11:14:33+00:00\",\"breadcrumb\":{\"@id\":\"https:\\\/\\\/www.belfor.com\\\/dk\\\/da\\\/vores-kunder\\\/boligselskaber\\\/#breadcrumb\"},\"inLanguage\":\"da-DK\",\"potentialAction\":[{\"@type\":\"ReadAction\",\"target\":[\"https:\\\/\\\/www.belfor.com\\\/dk\\\/da\\\/vores-kunder\\\/boligselskaber\\\/\"]}]},{\"@type\":\"ImageObject\",\"inLanguage\":\"da-DK\",\"@id\":\"https:\\\/\\\/www.belfor.com\\\/dk\\\/da\\\/vores-kunder\\\/boligselskaber\\\/#primaryimage\",\"url\":\"https:\\\/\\\/www.belfor.com\\\/dk\\\/wp-content\\\/uploads\\\/sites\\\/5\\\/2025\\\/11\\\/dk_ejendomsvagt_banner_ny.jpg\",\"contentUrl\":\"https:\\\/\\\/www.belfor.com\\\/dk\\\/wp-content\\\/uploads\\\/sites\\\/5\\\/2025\\\/11\\\/dk_ejendomsvagt_banner_ny.jpg\",\"width\":1920,\"height\":640,\"caption\":\"hus med regn og solskin\"},{\"@type\":\"BreadcrumbList\",\"@id\":\"https:\\\/\\\/www.belfor.com\\\/dk\\\/da\\\/vores-kunder\\\/boligselskaber\\\/#breadcrumb\",\"itemListElement\":[{\"@type\":\"ListItem\",\"position\":1,\"name\":\"Home\",\"item\":\"https:\\\/\\\/www.belfor.com\\\/dk\\\/da\\\/\"},{\"@type\":\"ListItem\",\"position\":2,\"name\":\"Vores kunder\",\"item\":\"https:\\\/\\\/www.belfor.com\\\/dk\\\/da\\\/vores-kunder\\\/\"},{\"@type\":\"ListItem\",\"position\":3,\"name\":\"Boligselskaber\"}]},{\"@type\":\"WebSite\",\"@id\":\"https:\\\/\\\/www.belfor.com\\\/dk\\\/da\\\/#website\",\"url\":\"https:\\\/\\\/www.belfor.com\\\/dk\\\/da\\\/\",\"name\":\"BELFOR Denmark\",\"description\":\"\",\"potentialAction\":[{\"@type\":\"SearchAction\",\"target\":{\"@type\":\"EntryPoint\",\"urlTemplate\":\"https:\\\/\\\/www.belfor.com\\\/dk\\\/da\\\/?s={search_term_string}\"},\"query-input\":{\"@type\":\"PropertyValueSpecification\",\"valueRequired\":true,\"valueName\":\"search_term_string\"}}],\"inLanguage\":\"da-DK\"}]}<\/script>\n<!-- \/ Yoast SEO plugin. -->","yoast_head_json":{"title":"Boligselskaber - BELFOR Denmark","robots":{"index":"index","follow":"follow","max-snippet":"max-snippet:-1","max-image-preview":"max-image-preview:large","max-video-preview":"max-video-preview:-1"},"canonical":"https:\/\/www.belfor.com\/dk\/da\/vores-kunder\/boligselskaber\/","og_locale":"da_DK","og_type":"article","og_title":"Boligselskaber - BELFOR Denmark","og_url":"https:\/\/www.belfor.com\/dk\/da\/vores-kunder\/boligselskaber\/","og_site_name":"BELFOR Denmark","article_modified_time":"2026-01-21T11:14:33+00:00","og_image":[{"width":1920,"height":640,"url":"https:\/\/www.belfor.com\/dk\/wp-content\/uploads\/sites\/5\/2025\/11\/dk_ejendomsvagt_banner_ny.jpg","type":"image\/jpeg"}],"twitter_card":"summary_large_image","twitter_misc":{"Est. reading time":"1 minute"},"schema":{"@context":"https:\/\/schema.org","@graph":[{"@type":"WebPage","@id":"https:\/\/www.belfor.com\/dk\/da\/vores-kunder\/boligselskaber\/","url":"https:\/\/www.belfor.com\/dk\/da\/vores-kunder\/boligselskaber\/","name":"Boligselskaber - BELFOR Denmark","isPartOf":{"@id":"https:\/\/www.belfor.com\/dk\/da\/#website"},"primaryImageOfPage":{"@id":"https:\/\/www.belfor.com\/dk\/da\/vores-kunder\/boligselskaber\/#primaryimage"},"image":{"@id":"https:\/\/www.belfor.com\/dk\/da\/vores-kunder\/boligselskaber\/#primaryimage"},"thumbnailUrl":"https:\/\/www.belfor.com\/dk\/wp-content\/uploads\/sites\/5\/2025\/11\/dk_ejendomsvagt_banner_ny.jpg","datePublished":"2024-05-28T11:05:27+00:00","dateModified":"2026-01-21T11:14:33+00:00","breadcrumb":{"@id":"https:\/\/www.belfor.com\/dk\/da\/vores-kunder\/boligselskaber\/#breadcrumb"},"inLanguage":"da-DK","potentialAction":[{"@type":"ReadAction","target":["https:\/\/www.belfor.com\/dk\/da\/vores-kunder\/boligselskaber\/"]}]},{"@type":"ImageObject","inLanguage":"da-DK","@id":"https:\/\/www.belfor.com\/dk\/da\/vores-kunder\/boligselskaber\/#primaryimage","url":"https:\/\/www.belfor.com\/dk\/wp-content\/uploads\/sites\/5\/2025\/11\/dk_ejendomsvagt_banner_ny.jpg","contentUrl":"https:\/\/www.belfor.com\/dk\/wp-content\/uploads\/sites\/5\/2025\/11\/dk_ejendomsvagt_banner_ny.jpg","width":1920,"height":640,"caption":"hus med regn og solskin"},{"@type":"BreadcrumbList","@id":"https:\/\/www.belfor.com\/dk\/da\/vores-kunder\/boligselskaber\/#breadcrumb","itemListElement":[{"@type":"ListItem","position":1,"name":"Home","item":"https:\/\/www.belfor.com\/dk\/da\/"},{"@type":"ListItem","position":2,"name":"Vores kunder","item":"https:\/\/www.belfor.com\/dk\/da\/vores-kunder\/"},{"@type":"ListItem","position":3,"name":"Boligselskaber"}]},{"@type":"WebSite","@id":"https:\/\/www.belfor.com\/dk\/da\/#website","url":"https:\/\/www.belfor.com\/dk\/da\/","name":"BELFOR Denmark","description":"","potentialAction":[{"@type":"SearchAction","target":{"@type":"EntryPoint","urlTemplate":"https:\/\/www.belfor.com\/dk\/da\/?s={search_term_string}"},"query-input":{"@type":"PropertyValueSpecification","valueRequired":true,"valueName":"search_term_string"}}],"inLanguage":"da-DK"}]}},"_links":{"self":[{"href":"https:\/\/www.belfor.com\/dk\/da\/wp-json\/wp\/v2\/pages\/56","targetHints":{"allow":["GET"]}}],"collection":[{"href":"https:\/\/www.belfor.com\/dk\/da\/wp-json\/wp\/v2\/pages"}],"about":[{"href":"https:\/\/www.belfor.com\/dk\/da\/wp-json\/wp\/v2\/types\/page"}],"author":[{"embeddable":true,"href":"https:\/\/www.belfor.com\/dk\/da\/wp-json\/wp\/v2\/users\/8"}],"replies":[{"embeddable":true,"href":"https:\/\/www.belfor.com\/dk\/da\/wp-json\/wp\/v2\/comments?post=56"}],"version-history":[{"count":4,"href":"https:\/\/www.belfor.com\/dk\/da\/wp-json\/wp\/v2\/pages\/56\/revisions"}],"predecessor-version":[{"id":2557,"href":"https:\/\/www.belfor.com\/dk\/da\/wp-json\/wp\/v2\/pages\/56\/revisions\/2557"}],"up":[{"embeddable":true,"href":"https:\/\/www.belfor.com\/dk\/da\/wp-json\/wp\/v2\/pages\/50"}],"wp:featuredmedia":[{"embeddable":true,"href":"https:\/\/www.belfor.com\/dk\/da\/wp-json\/wp\/v2\/media\/2055"}],"wp:attachment":[{"href":"https:\/\/www.belfor.com\/dk\/da\/wp-json\/wp\/v2\/media?parent=56"}],"curies":[{"name":"wp","href":"https:\/\/api.w.org\/{rel}","templated":true}]}}