{"id":290,"date":"2024-06-20T10:35:06","date_gmt":"2024-06-20T08:35:06","guid":{"rendered":"https:\/\/www.belfor.com\/dk\/?page_id=290"},"modified":"2026-02-20T13:59:25","modified_gmt":"2026-02-20T11:59:25","slug":"om-belfor","status":"publish","type":"page","link":"https:\/\/www.belfor.com\/dk\/da\/om-os\/om-belfor\/","title":{"rendered":"Om BELFOR"},"content":{"rendered":"<div class=\"m-banner m-banner--small  -version-2 order-default\" >\n\n\t\n\t\n\t<div class=\"m-banner__container container-fluid\" style='--columns-ratio: 50%;background-color: #ffffff;'>\n\n\t\t\n\t\t<div class=\"m-banner__inner container flex-left style-light\">\n\n\t\t\t<div class=\"l-banner  l-gt-custom l-gb-custom\" style=\"--l-gt-padding: 4.5rem;--l-gb-padding: 4.5rem;\">\n\n\t\t\t\t\n<div class=\"l-banner__text\">\n        <div class=\"l-banner__inner text-left\">\n\n        <div class=\"c-heading -h1\">\n\t\t\t                <div class=\"c-heading__pre\" >\n\t\t\t\t\tOm os                <\/div>\n\t\t\t\n\t\t\t\t\t\t\t<h1 style=\"--font-size-mobile:3.5rem;color:#000000;\" class=\"c-heading__title\">Om BELFOR<\/h1>\t\t\t\n\t\t\t        <\/div>\n\n\t\t    <\/div>\n    \n\t<\/div>\n\n    <div class=\"l-banner__media\">\n\t\t\t\t\t\n\t\t\t\t            <div class=\"c-image\">\n            <figure class=\"c-image__media c-image__primary\">\n                <img decoding=\"async\" class=\"c-image__src lazy\" loading=\"lazy\" src=\"https:\/\/www.belfor.com\/dk\/wp-content\/uploads\/sites\/5\/2024\/06\/BELFOR-We-Make-it-UNDONE-sign_1920x1080px-1024x576.jpg\"  alt=\"BELFOR We Make it UNDONE-skilt\" width=\"1024\" height=\"576\"\/>            <\/figure>\n        <\/div>\n    \n\t\t\t\n\t\t    <\/div>\n\n\t\t\t<\/div>\n\n\t\t\t\t\t<\/div>\n\t<\/div>\n\n    <!-- scroll down-->\n    <div class=\"scroll-down\">\n        <div class=\"scroll-down__line-box line-box\">\n            <div class=\"line\"><\/div>\n        <\/div>\n        <div class=\"scroll-down__icon\">\n            <svg class=\"o-icon u-fill-current\" aria-hidden=\"true\">\n                <use xlink:href=\"#scroll-down\"><\/use>\n            <\/svg>\n        <\/div>\n    <\/div>\n    <!-- scroll down : end-->\n\n<\/div>\n\n\n<div class=\"m-breadcrumb \">\n\t\n\t<div class=\"blog-breadcrumb\">\n\t\t<div class=\"blog-breadcrumb__inner inner-frame\">\n\t\t\t<span property=\"itemListElement\" typeof=\"ListItem\"><a property=\"item\" typeof=\"WebPage\" title=\"Go to BELFOR.\" href=\"https:\/\/www.belfor.com\/\" class=\"main-home\" ><span property=\"name\">BELFOR<\/span><\/a><meta property=\"position\" content=\"1\"><\/span> &gt; <span property=\"itemListElement\" typeof=\"ListItem\"><a property=\"item\" typeof=\"WebPage\" title=\"Go to BELFOR Denmark.\" href=\"https:\/\/www.belfor.com\/dk\/da\/\" class=\"home\" ><span property=\"name\">BELFOR Denmark<\/span><\/a><meta property=\"position\" content=\"2\"><\/span> &gt; <span property=\"itemListElement\" typeof=\"ListItem\"><a property=\"item\" typeof=\"WebPage\" title=\"Go to Vidensbank.\" href=\"https:\/\/www.belfor.com\/dk\/da\/vidensbank\/\" class=\"post-root post post-post\" aria-current=\"page\"><span property=\"name\">Vidensbank<\/span><\/a><meta property=\"position\" content=\"3\"><\/span>\t\t<\/div>\n\t<\/div>\n\n<\/div>\n\n\n<div class=\"m-wrapper  mt mb-custom -version-7 container\" style='--margin-bottom: 15rem;'>\n\n\t\n\t\n\t<div class=\"m-wrapper__inner\">\n\t\t\n\n<div class=\"m-block l-links-list   gt gb\"  >\n\n\t    <div class=\"m-block__container container\"\n         style=\"\">\n\n        <div class=\"l-heading text-center l-heading-v1\">\n\t\t\t        <div class=\"c-heading -h2 \">\n\t\t\n\t\t\n\t\t\t\t\t<h2  class=\"c-heading__title\">L\u00e6s mere<\/h2>\t\t\n\t\t    <\/div>\n\n\t\t\t                <ul>\n\t\t\t\t\t                        <li>\n\t\t\t\t\t\t\t\n\t\t\t\t\t\t\t\t                                    <a href=\"\/dk\/da\/om-os\/om-belfor\/\"\n\t\t\t\t\t\t\t\t\t\t                                        class=\"link\">Om BELFOR                                    <\/a>\n\t\t\t\t\t\t\t\t\n\t\t\t\t\t\t\t                        <\/li>\n\t\t\t\t\t                        <li>\n\t\t\t\t\t\t\t\n\t\t\t\t\t\t\t\t                                    <a href=\"\/dk\/da\/om-os\/vaerdier\/\"\n\t\t\t\t\t\t\t\t\t\t                                        class=\"link\">V\u00e6rdier                                    <\/a>\n\t\t\t\t\t\t\t\t\n\t\t\t\t\t\t\t                        <\/li>\n\t\t\t\t\t                        <li>\n\t\t\t\t\t\t\t\n\t\t\t\t\t\t\t\t                                    <a href=\"\/dk\/da\/om-os\/baeredygtighed\/\"\n\t\t\t\t\t\t\t\t\t\t                                        class=\"link\">B\u00e6redygtighed                                    <\/a>\n\t\t\t\t\t\t\t\t\n\t\t\t\t\t\t\t                        <\/li>\n\t\t\t\t\t                        <li>\n\t\t\t\t\t\t\t\n\t\t\t\t\t\t\t\t                                    <a href=\"\/dk\/da\/om-os\/innovation\/\"\n\t\t\t\t\t\t\t\t\t\t                                        class=\"link\">Innovation                                    <\/a>\n\t\t\t\t\t\t\t\t\n\t\t\t\t\t\t\t                        <\/li>\n\t\t\t\t\t                        <li>\n\t\t\t\t\t\t\t\n\t\t\t\t\t\t\t\t                                    <a href=\"\/dk\/da\/om-os\/vi-er-en-del-af-servicenormen\/\"\n\t\t\t\t\t\t\t\t\t\t                                        class=\"link\">Vi er en del af servicenormen                                    <\/a>\n\t\t\t\t\t\t\t\t\n\t\t\t\t\t\t\t                        <\/li>\n\t\t\t\t\t                        <li>\n\t\t\t\t\t\t\t\n\t\t\t\t\t\t\t\t                                    <a href=\"\/dk\/da\/om-os\/code-of-conduct\/\"\n\t\t\t\t\t\t\t\t\t\t                                        class=\"link\">Code of Conduct                                    <\/a>\n\t\t\t\t\t\t\t\t\n\t\t\t\t\t\t\t                        <\/li>\n\t\t\t\t\t                        <li>\n\t\t\t\t\t\t\t\n\t\t\t\t\t\t\t\t                                    <a href=\"\/dk\/da\/om-os\/salgs-og-leveringsbetingelser\/\"\n\t\t\t\t\t\t\t\t\t\t                                        class=\"link\">Salgs- og leveringsbetingelser                                    <\/a>\n\t\t\t\t\t\t\t\t\n\t\t\t\t\t\t\t                        <\/li>\n\t\t\t\t\t                        <li>\n\t\t\t\t\t\t\t\n\t\t\t\t\t\t\t\t                                    <a href=\"\/dk\/da\/om-os\/vejledning-til-fakturering\/\"\n\t\t\t\t\t\t\t\t\t\t                                        class=\"link\">Vejledning til fakturering                                    <\/a>\n\t\t\t\t\t\t\t\t\n\t\t\t\t\t\t\t                        <\/li>\n\t\t\t\t\t                <\/ul>\n\t\t\t\n        <\/div>\n    <\/div>\n<\/div>\n\n\n<div class=\"m-block  l-content-2\"  >\n\n\t\n\t\n\t<div class=\"m-block__container container\" style=\"\">\n\n\t\t<div class=\"l-dcbl l-dcbl-v1\">\n\n\t\t\t\n<div class=\"c-block order-default is-vertical\" style=\"--c-block-radius:0px; --c-block-gl: 0%;--c-block-gr: 0%;--c-block-gt: 0%;--c-block-gb: 0%;--columns-ratio: 50%;\">\n    <div class=\"c-block__col c-block__text text-left align-center\"\n         style=\"--c-txt-gl: 0%; --c-txt-gr: 0%; --c-txt-gt: 0%; --c-txt-gb: 0%;\">\n        <div class=\"c-block__inner\">\n\n\t\t\t            \n\t\t\t    <div class=\"c-heading -h2 \">\n\t\t\n\t\t\n\t\t\t\t\t<h2  class=\"c-heading__title\">BELFOR. WE MAKE IT UNDONE<\/h2>\t\t\n\t\t    <\/div>\n    <div class=\"c-heading__description is-wysiwyg\">\n        <p data-start=\"54\" data-end=\"415\">BELFOR er verdens f\u00f8rende virksomhed inden for skadeservice. Hvert \u00e5r h\u00e5ndterer vi intet mindre end 307.000 skader p\u00e5 globalt plan. Med over 13.100 dedikerede medarbejdere fordelt p\u00e5 500 afdelinger i mere end 57 lande har vi opbygget en st\u00e6rk tilstedev\u00e6relse, der g\u00f8r os i stand til hurtigt og effektivt at hj\u00e6lpe vores kunder, uanset hvor de befinder sig.<\/p>\n<p data-start=\"417\" data-end=\"685\">I Danmark har vi etableret 15 centre, strategisk placeret over hele landet, s\u00e5 vi altid kan rykke hurtigt ud, n\u00e5r du har brug for vores assistance.<\/p>\n<p data-start=\"417\" data-end=\"685\"><strong data-start=\"664\" data-end=\"683\">MAKE IT UNDONE &#8211; <\/strong>n\u00e6sten som om skaden aldrig er sket.<\/p>\n<p data-start=\"687\" data-end=\"996\">Som markedsleder inden for skadeservice er vi med dig gennem hele forl\u00f8bet \u2013 lige fra det \u00f8jeblik, skaden sker, til alt er bragt tilbage til normal tilstand. Men vores ekspertise stopper ikke der. Vi kan v\u00e6re behj\u00e6lpelige med forebyggelse og forberedelse, s\u00e5 du er bedst muligt rustet, hvis du bliver udsat for en skade.<\/p>\n<p data-start=\"998\" data-end=\"1129\">Er du interesseret i at samarbejde med BELFOR, vil vi meget gerne h\u00f8re fra dig og dr\u00f8fte, hvordan vi kan hj\u00e6lpe dig bedst muligt.<\/p>\n    <\/div>\n\t\t\t\t\t\t\t    <div class=\"c-block__btn\">\n\t\t\n\t\t\t<a href=\"\/dk\/da\/kontakt\/\"  class=\"c-btn -normal -primary has-icon icon-right \"><div class=\"label-up\"><span class=\"c-btn__txt\">Kontakt os<\/span><span class=\"c-btn__ico\"><svg width=\"30\" height=\"30\" class=\"icon icon-lib-icon-arrow4 \" aria-hidden=\"true\" role=\"img\"><use xlink:href=\"#lib-icon-arrow4\"><\/use><\/svg><\/span><\/div><div class=\"label-up\"><span class=\"c-btn__txt\">Kontakt os<\/span><span class=\"c-btn__ico\"><svg width=\"30\" height=\"30\" class=\"icon icon-lib-icon-arrow4 \" aria-hidden=\"true\" role=\"img\"><use xlink:href=\"#lib-icon-arrow4\"><\/use><\/svg><\/span><\/div><\/a>\n\t\t    <\/div>\n\t        <\/div>\n    <\/div>\n\t<\/div>\n\n\t\t<\/div>\n\n\t<\/div>\n\n\t\n<\/div>\n\n\n\t<\/div>\n<\/div>\n\n\n<div class=\"m-wrapper  gt mb-custom bg-cover bg-center bg-no-repeat -version-3 container-fluid\" style='--margin-bottom: 32.5rem;background-image: url(https:\/\/www.belfor.com\/dk\/wp-content\/uploads\/sites\/5\/2024\/06\/A-group-of-BELFOR-Employees-walking-in-front-of-a-BELFOR-branch_CTA-Bild_2560x1192px.jpg);'>\n\n\t\n\t\n\t<div class=\"m-wrapper__inner\">\n\t\t\n<div class=\"m-block  gt gb -version-3 l-content-simple-1\"  style='--l-container-width: 83rem;'>\n\n\t\n\t\n\t<div class=\"m-block__container container-custom\" style=\"--l-container-width: 83rem\">\n\n\t\t<div class=\"l-heading text-left l-heading-v1\">\n\n\t\t\t    <div class=\"c-heading -h2 \">\n\t\t\n\t\t            <div class=\"c-heading__pre\" >\n\t\t\t\tVi tilbyder den rette ekspertise            <\/div>\n\t\t\n\t\t\t\t\t<h2  class=\"c-heading__title\">BELFOR er den st\u00f8rste skadeservicevirksomhed med tusindvis af kollegaer i hele verden.<\/h2>\t\t\n\t\t    <\/div>\n    <div class=\"c-heading__description is-wysiwyg\">\n        <p>Vi er der for dig, og vi hj\u00e6lper dig bedst igennem din skade<\/p>\n    <\/div>\n\n\t\t\t\t    <div class=\"c-block__btn\">\n\t\t\n\t\t\t<a href=\"\/dk\/da\/kontakt\/\"  class=\"c-btn -normal -primary has-icon icon-right \"><div class=\"label-up\"><span class=\"c-btn__txt\">Kontakt os<\/span><span class=\"c-btn__ico\"><svg width=\"30\" height=\"30\" class=\"icon icon-lib-icon-arrow4 \" aria-hidden=\"true\" role=\"img\"><use xlink:href=\"#lib-icon-arrow4\"><\/use><\/svg><\/span><\/div><div class=\"label-up\"><span class=\"c-btn__txt\">Kontakt os<\/span><span class=\"c-btn__ico\"><svg width=\"30\" height=\"30\" class=\"icon icon-lib-icon-arrow4 \" aria-hidden=\"true\" role=\"img\"><use xlink:href=\"#lib-icon-arrow4\"><\/use><\/svg><\/span><\/div><\/a>\n\t\t    <\/div>\n\t\n\t\t<\/div>\n\n\t<\/div>\n\n\t\n<\/div>\n\n\n\t<\/div>\n<\/div>\n\n\n<div class=\"m-wrapper  gt gb container-fluid\" >\n\n\t\n\t\n\t<div class=\"m-wrapper__inner\">\n\t\t\n<div class=\"m-block  gb-s -version-5 l-content-simple-1\"  >\n\n\t\n\t\n\t<div class=\"m-block__container container\" style=\"\">\n\n\t\t<div class=\"l-heading text-left l-heading-v1\">\n\n\t\t\t    <div class=\"c-heading -h2 \">\n\t\t\n\t\t\n\t\t\t\t\t<h2  class=\"c-heading__title\">Det sker i BELFOR<\/h2>\t\t\n\t\t            <div class=\"c-heading__sub\" >\n\t\t\t\tVi d\u00e6kker hele Danmark            <\/div>\n\t\t    <\/div>\n\n\t\t\t\t    <div class=\"c-block__btn\">\n\t\t\n\t\t\t<a href=\"\/dk\/da\/category\/nyheder\/\"  class=\"c-btn -small -primary \"><div class=\"label-up\"><span class=\"c-btn__txt\">Alle nyheder<\/span><\/div><div class=\"label-up\"><span class=\"c-btn__txt\">Alle nyheder<\/span><\/div><\/a>\n\t\t\n\t\t\t<a href=\"\/dk\/da\/ressourcer\/\"  class=\"c-btn -small -third \"><div class=\"label-up\"><span class=\"c-btn__txt\">Vidensbank<\/span><\/div><div class=\"label-up\"><span class=\"c-btn__txt\">Vidensbank<\/span><\/div><\/a>\n\t\t    <\/div>\n\t\n\t\t<\/div>\n\n\t<\/div>\n\n\t\n<\/div>\n\n\n<div class=\"m-posts  gt gb\"  >\n\n\t\n\t\n\t<div class=\"m-posts__container container\" style=\"\">\n\t\t<div class=\"m-posts__inner\">\n\t\t\t<div class=\"l-rcbl l-posts l-posts-v1\" style=\"--l-block-col: 3; --l-block-gap: 20px\">\n\n\t\t\t\t\t\t\t\t\t\n\t\t\t\t\t\n\n\t\t\t\t\t\t\t\t\t\t\t\t\t\t\t\t\t\t<div class=\"l-posts__col l-posts \">\n\t\t\t\t\t\t\t\t\n<article class=\"c-block c-post-block-v1\">\n\n    <div class=\"c-block__media\">\n        <a class=\"c-block__media-link\" href=\"https:\/\/www.belfor.com\/dk\/da\/resources\/stormen-dave-har-foraarsaget-omfattende-skader\/\">\n\t\t\t<img loading=\"lazy\" decoding=\"async\" width=\"400\" height=\"300\" src=\"https:\/\/www.belfor.com\/dk\/wp-content\/uploads\/sites\/5\/2026\/04\/Stom-tagsten-400x300.jpg\" class=\"attachment-ds_medium size-ds_medium wp-post-image\" alt=\"Stormen Dave har for\u00e5rsaget omfattende skader\" srcset=\"https:\/\/www.belfor.com\/dk\/wp-content\/uploads\/sites\/5\/2026\/04\/Stom-tagsten-400x300.jpg 400w, https:\/\/www.belfor.com\/dk\/wp-content\/uploads\/sites\/5\/2026\/04\/Stom-tagsten-300x225.jpg 300w, https:\/\/www.belfor.com\/dk\/wp-content\/uploads\/sites\/5\/2026\/04\/Stom-tagsten-1024x768.jpg 1024w, https:\/\/www.belfor.com\/dk\/wp-content\/uploads\/sites\/5\/2026\/04\/Stom-tagsten-768x576.jpg 768w, https:\/\/www.belfor.com\/dk\/wp-content\/uploads\/sites\/5\/2026\/04\/Stom-tagsten-200x150.jpg 200w, https:\/\/www.belfor.com\/dk\/wp-content\/uploads\/sites\/5\/2026\/04\/Stom-tagsten.jpg 1920w\" sizes=\"auto, (max-width: 400px) 100vw, 400px\" \/>\n        <\/a>\n    <\/div>\n\n\n    <div class=\"c-block__body\">\n\t\t            <div class=\"c-block__cats\">\n\t\t\t\t                    <a class=\"c-block__category\"\n                       href=\"https:\/\/www.belfor.com\/dk\/da\/category\/nyheder\/\">\n\t\t\t\t\t\tNyheder                    <\/a>\n\t\t\t\t\t            <\/div>\n\t\t\n\t\t\n\t\t            <h3 class=\"c-block__title\">\n                <a href=\"https:\/\/www.belfor.com\/dk\/da\/resources\/stormen-dave-har-foraarsaget-omfattende-skader\/\">Stormen Dave har for\u00e5rsaget omfattende skader<\/a>\n            <\/h3>\n\t\t\n\t\t    <\/div>\n<\/article>\n\t\t\t\t\t\t\t<\/div>\n\t\t\t\t\t\t\t\t\t\t\t\t\t<div class=\"l-posts__col l-posts \">\n\t\t\t\t\t\t\t\t\n<article class=\"c-block c-post-block-v1\">\n\n    <div class=\"c-block__media\">\n        <a class=\"c-block__media-link\" href=\"https:\/\/www.belfor.com\/dk\/da\/resources\/flere-kvinder-i-skadeservicebranchen-belfor-arbejder-for-stoerre-mangfoldighed\/\">\n\t\t\t<img loading=\"lazy\" decoding=\"async\" width=\"300\" height=\"300\" src=\"https:\/\/www.belfor.com\/dk\/wp-content\/uploads\/sites\/5\/2026\/03\/Kvindernes-Kampdag-2026-300x300.jpg\" class=\"attachment-ds_medium size-ds_medium wp-post-image\" alt=\"Flere kvinder i skadeservicebranchen: BELFOR arbejder for st\u00f8rre mangfoldighed\" srcset=\"https:\/\/www.belfor.com\/dk\/wp-content\/uploads\/sites\/5\/2026\/03\/Kvindernes-Kampdag-2026-300x300.jpg 300w, https:\/\/www.belfor.com\/dk\/wp-content\/uploads\/sites\/5\/2026\/03\/Kvindernes-Kampdag-2026-1024x1024.jpg 1024w, https:\/\/www.belfor.com\/dk\/wp-content\/uploads\/sites\/5\/2026\/03\/Kvindernes-Kampdag-2026-150x150.jpg 150w, https:\/\/www.belfor.com\/dk\/wp-content\/uploads\/sites\/5\/2026\/03\/Kvindernes-Kampdag-2026-768x768.jpg 768w, https:\/\/www.belfor.com\/dk\/wp-content\/uploads\/sites\/5\/2026\/03\/Kvindernes-Kampdag-2026-200x200.jpg 200w, https:\/\/www.belfor.com\/dk\/wp-content\/uploads\/sites\/5\/2026\/03\/Kvindernes-Kampdag-2026.jpg 1200w\" sizes=\"auto, (max-width: 300px) 100vw, 300px\" \/>\n        <\/a>\n    <\/div>\n\n\n    <div class=\"c-block__body\">\n\t\t            <div class=\"c-block__cats\">\n\t\t\t\t                    <a class=\"c-block__category\"\n                       href=\"https:\/\/www.belfor.com\/dk\/da\/category\/nyheder\/\">\n\t\t\t\t\t\tNyheder                    <\/a>\n\t\t\t\t\t            <\/div>\n\t\t\n\t\t\n\t\t            <h3 class=\"c-block__title\">\n                <a href=\"https:\/\/www.belfor.com\/dk\/da\/resources\/flere-kvinder-i-skadeservicebranchen-belfor-arbejder-for-stoerre-mangfoldighed\/\">Flere kvinder i skadeservicebranchen: BELFOR arbejder for st\u00f8rre mangfoldighed<\/a>\n            <\/h3>\n\t\t\n\t\t    <\/div>\n<\/article>\n\t\t\t\t\t\t\t<\/div>\n\t\t\t\t\t\t\t\t\t\t\t\t\t<div class=\"l-posts__col l-posts \">\n\t\t\t\t\t\t\t\t\n<article class=\"c-block c-post-block-v1\">\n\n    <div class=\"c-block__media\">\n        <a class=\"c-block__media-link\" href=\"https:\/\/www.belfor.com\/dk\/da\/resources\/medarbejderindsats-ud-over-det-forventede-hurtig-hjaelp-til-borger-i-snevejret\/\">\n\t\t\t<img loading=\"lazy\" decoding=\"async\" width=\"400\" height=\"300\" src=\"https:\/\/www.belfor.com\/dk\/wp-content\/uploads\/sites\/5\/2026\/02\/Photoshoppet-snebillede-400x300.jpg\" class=\"attachment-ds_medium size-ds_medium wp-post-image\" alt=\"Medarbejderindsats ud over det forventede: Hurtig hj\u00e6lp til borger i snevejret\" srcset=\"https:\/\/www.belfor.com\/dk\/wp-content\/uploads\/sites\/5\/2026\/02\/Photoshoppet-snebillede-400x300.jpg 400w, https:\/\/www.belfor.com\/dk\/wp-content\/uploads\/sites\/5\/2026\/02\/Photoshoppet-snebillede-300x225.jpg 300w, https:\/\/www.belfor.com\/dk\/wp-content\/uploads\/sites\/5\/2026\/02\/Photoshoppet-snebillede-1024x768.jpg 1024w, https:\/\/www.belfor.com\/dk\/wp-content\/uploads\/sites\/5\/2026\/02\/Photoshoppet-snebillede-768x576.jpg 768w, https:\/\/www.belfor.com\/dk\/wp-content\/uploads\/sites\/5\/2026\/02\/Photoshoppet-snebillede-200x150.jpg 200w, https:\/\/www.belfor.com\/dk\/wp-content\/uploads\/sites\/5\/2026\/02\/Photoshoppet-snebillede.jpg 1920w\" sizes=\"auto, (max-width: 400px) 100vw, 400px\" \/>\n        <\/a>\n    <\/div>\n\n\n    <div class=\"c-block__body\">\n\t\t            <div class=\"c-block__cats\">\n\t\t\t\t                    <a class=\"c-block__category\"\n                       href=\"https:\/\/www.belfor.com\/dk\/da\/category\/nyheder\/\">\n\t\t\t\t\t\tNyheder                    <\/a>\n\t\t\t\t\t            <\/div>\n\t\t\n\t\t\n\t\t            <h3 class=\"c-block__title\">\n                <a href=\"https:\/\/www.belfor.com\/dk\/da\/resources\/medarbejderindsats-ud-over-det-forventede-hurtig-hjaelp-til-borger-i-snevejret\/\">Medarbejderindsats ud over det forventede: Hurtig hj\u00e6lp til borger i snevejret<\/a>\n            <\/h3>\n\t\t\n\t\t    <\/div>\n<\/article>\n\t\t\t\t\t\t\t<\/div>\n\t\t\t\t\t\t\t\t\t\t\t\t\n\t\t\t\t\n\t\t\t<\/div>\n\t\t<\/div>\n\t<\/div>\n<\/div>\n\n\n\t<\/div>\n<\/div>\n","protected":false},"excerpt":{"rendered":"","protected":false},"author":4,"featured_media":332,"parent":145,"menu_order":1,"comment_status":"closed","ping_status":"closed","template":"","meta":{"_acf_changed":false,"inline_featured_image":false,"footnotes":""},"class_list":["post-290","page","type-page","status-publish","has-post-thumbnail","hentry"],"acf":[],"yoast_head":"<!-- This site is optimized with the Yoast SEO plugin v27.3 - https:\/\/yoast.com\/product\/yoast-seo-wordpress\/ -->\n<title>Om BELFOR - BELFOR Denmark<\/title>\n<meta name=\"robots\" content=\"index, follow, max-snippet:-1, max-image-preview:large, max-video-preview:-1\" \/>\n<link rel=\"canonical\" href=\"https:\/\/www.belfor.com\/dk\/da\/om-os\/om-belfor\/\" \/>\n<meta property=\"og:locale\" content=\"da_DK\" \/>\n<meta property=\"og:type\" content=\"article\" \/>\n<meta property=\"og:title\" content=\"Om BELFOR - BELFOR Denmark\" \/>\n<meta property=\"og:url\" content=\"https:\/\/www.belfor.com\/dk\/da\/om-os\/om-belfor\/\" \/>\n<meta property=\"og:site_name\" content=\"BELFOR Denmark\" \/>\n<meta property=\"article:modified_time\" content=\"2026-02-20T11:59:25+00:00\" \/>\n<meta property=\"og:image\" content=\"https:\/\/www.belfor.com\/dk\/wp-content\/uploads\/sites\/5\/2024\/06\/BELFOR-We-Make-it-UNDONE-sign_1920x1080px.jpg\" \/>\n\t<meta property=\"og:image:width\" content=\"1920\" \/>\n\t<meta property=\"og:image:height\" content=\"1080\" \/>\n\t<meta property=\"og:image:type\" content=\"image\/jpeg\" \/>\n<meta name=\"twitter:card\" content=\"summary_large_image\" \/>\n<meta name=\"twitter:label1\" content=\"Est. reading time\" \/>\n\t<meta name=\"twitter:data1\" content=\"1 minute\" \/>\n<script type=\"application\/ld+json\" class=\"yoast-schema-graph\">{\"@context\":\"https:\\\/\\\/schema.org\",\"@graph\":[{\"@type\":\"WebPage\",\"@id\":\"https:\\\/\\\/www.belfor.com\\\/dk\\\/da\\\/om-os\\\/om-belfor\\\/\",\"url\":\"https:\\\/\\\/www.belfor.com\\\/dk\\\/da\\\/om-os\\\/om-belfor\\\/\",\"name\":\"Om BELFOR - BELFOR Denmark\",\"isPartOf\":{\"@id\":\"https:\\\/\\\/www.belfor.com\\\/dk\\\/da\\\/#website\"},\"primaryImageOfPage\":{\"@id\":\"https:\\\/\\\/www.belfor.com\\\/dk\\\/da\\\/om-os\\\/om-belfor\\\/#primaryimage\"},\"image\":{\"@id\":\"https:\\\/\\\/www.belfor.com\\\/dk\\\/da\\\/om-os\\\/om-belfor\\\/#primaryimage\"},\"thumbnailUrl\":\"https:\\\/\\\/www.belfor.com\\\/dk\\\/wp-content\\\/uploads\\\/sites\\\/5\\\/2024\\\/06\\\/BELFOR-We-Make-it-UNDONE-sign_1920x1080px.jpg\",\"datePublished\":\"2024-06-20T08:35:06+00:00\",\"dateModified\":\"2026-02-20T11:59:25+00:00\",\"breadcrumb\":{\"@id\":\"https:\\\/\\\/www.belfor.com\\\/dk\\\/da\\\/om-os\\\/om-belfor\\\/#breadcrumb\"},\"inLanguage\":\"da-DK\",\"potentialAction\":[{\"@type\":\"ReadAction\",\"target\":[\"https:\\\/\\\/www.belfor.com\\\/dk\\\/da\\\/om-os\\\/om-belfor\\\/\"]}]},{\"@type\":\"ImageObject\",\"inLanguage\":\"da-DK\",\"@id\":\"https:\\\/\\\/www.belfor.com\\\/dk\\\/da\\\/om-os\\\/om-belfor\\\/#primaryimage\",\"url\":\"https:\\\/\\\/www.belfor.com\\\/dk\\\/wp-content\\\/uploads\\\/sites\\\/5\\\/2024\\\/06\\\/BELFOR-We-Make-it-UNDONE-sign_1920x1080px.jpg\",\"contentUrl\":\"https:\\\/\\\/www.belfor.com\\\/dk\\\/wp-content\\\/uploads\\\/sites\\\/5\\\/2024\\\/06\\\/BELFOR-We-Make-it-UNDONE-sign_1920x1080px.jpg\",\"width\":1920,\"height\":1080,\"caption\":\"BELFOR We Make it UNDONE-skilt\"},{\"@type\":\"BreadcrumbList\",\"@id\":\"https:\\\/\\\/www.belfor.com\\\/dk\\\/da\\\/om-os\\\/om-belfor\\\/#breadcrumb\",\"itemListElement\":[{\"@type\":\"ListItem\",\"position\":1,\"name\":\"Home\",\"item\":\"https:\\\/\\\/www.belfor.com\\\/dk\\\/da\\\/\"},{\"@type\":\"ListItem\",\"position\":2,\"name\":\"Om os\",\"item\":\"https:\\\/\\\/www.belfor.com\\\/dk\\\/da\\\/om-os\\\/\"},{\"@type\":\"ListItem\",\"position\":3,\"name\":\"Om BELFOR\"}]},{\"@type\":\"WebSite\",\"@id\":\"https:\\\/\\\/www.belfor.com\\\/dk\\\/da\\\/#website\",\"url\":\"https:\\\/\\\/www.belfor.com\\\/dk\\\/da\\\/\",\"name\":\"BELFOR Denmark\",\"description\":\"\",\"potentialAction\":[{\"@type\":\"SearchAction\",\"target\":{\"@type\":\"EntryPoint\",\"urlTemplate\":\"https:\\\/\\\/www.belfor.com\\\/dk\\\/da\\\/?s={search_term_string}\"},\"query-input\":{\"@type\":\"PropertyValueSpecification\",\"valueRequired\":true,\"valueName\":\"search_term_string\"}}],\"inLanguage\":\"da-DK\"}]}<\/script>\n<!-- \/ Yoast SEO plugin. -->","yoast_head_json":{"title":"Om BELFOR - BELFOR Denmark","robots":{"index":"index","follow":"follow","max-snippet":"max-snippet:-1","max-image-preview":"max-image-preview:large","max-video-preview":"max-video-preview:-1"},"canonical":"https:\/\/www.belfor.com\/dk\/da\/om-os\/om-belfor\/","og_locale":"da_DK","og_type":"article","og_title":"Om BELFOR - BELFOR Denmark","og_url":"https:\/\/www.belfor.com\/dk\/da\/om-os\/om-belfor\/","og_site_name":"BELFOR Denmark","article_modified_time":"2026-02-20T11:59:25+00:00","og_image":[{"width":1920,"height":1080,"url":"https:\/\/www.belfor.com\/dk\/wp-content\/uploads\/sites\/5\/2024\/06\/BELFOR-We-Make-it-UNDONE-sign_1920x1080px.jpg","type":"image\/jpeg"}],"twitter_card":"summary_large_image","twitter_misc":{"Est. reading time":"1 minute"},"schema":{"@context":"https:\/\/schema.org","@graph":[{"@type":"WebPage","@id":"https:\/\/www.belfor.com\/dk\/da\/om-os\/om-belfor\/","url":"https:\/\/www.belfor.com\/dk\/da\/om-os\/om-belfor\/","name":"Om BELFOR - BELFOR Denmark","isPartOf":{"@id":"https:\/\/www.belfor.com\/dk\/da\/#website"},"primaryImageOfPage":{"@id":"https:\/\/www.belfor.com\/dk\/da\/om-os\/om-belfor\/#primaryimage"},"image":{"@id":"https:\/\/www.belfor.com\/dk\/da\/om-os\/om-belfor\/#primaryimage"},"thumbnailUrl":"https:\/\/www.belfor.com\/dk\/wp-content\/uploads\/sites\/5\/2024\/06\/BELFOR-We-Make-it-UNDONE-sign_1920x1080px.jpg","datePublished":"2024-06-20T08:35:06+00:00","dateModified":"2026-02-20T11:59:25+00:00","breadcrumb":{"@id":"https:\/\/www.belfor.com\/dk\/da\/om-os\/om-belfor\/#breadcrumb"},"inLanguage":"da-DK","potentialAction":[{"@type":"ReadAction","target":["https:\/\/www.belfor.com\/dk\/da\/om-os\/om-belfor\/"]}]},{"@type":"ImageObject","inLanguage":"da-DK","@id":"https:\/\/www.belfor.com\/dk\/da\/om-os\/om-belfor\/#primaryimage","url":"https:\/\/www.belfor.com\/dk\/wp-content\/uploads\/sites\/5\/2024\/06\/BELFOR-We-Make-it-UNDONE-sign_1920x1080px.jpg","contentUrl":"https:\/\/www.belfor.com\/dk\/wp-content\/uploads\/sites\/5\/2024\/06\/BELFOR-We-Make-it-UNDONE-sign_1920x1080px.jpg","width":1920,"height":1080,"caption":"BELFOR We Make it UNDONE-skilt"},{"@type":"BreadcrumbList","@id":"https:\/\/www.belfor.com\/dk\/da\/om-os\/om-belfor\/#breadcrumb","itemListElement":[{"@type":"ListItem","position":1,"name":"Home","item":"https:\/\/www.belfor.com\/dk\/da\/"},{"@type":"ListItem","position":2,"name":"Om os","item":"https:\/\/www.belfor.com\/dk\/da\/om-os\/"},{"@type":"ListItem","position":3,"name":"Om BELFOR"}]},{"@type":"WebSite","@id":"https:\/\/www.belfor.com\/dk\/da\/#website","url":"https:\/\/www.belfor.com\/dk\/da\/","name":"BELFOR Denmark","description":"","potentialAction":[{"@type":"SearchAction","target":{"@type":"EntryPoint","urlTemplate":"https:\/\/www.belfor.com\/dk\/da\/?s={search_term_string}"},"query-input":{"@type":"PropertyValueSpecification","valueRequired":true,"valueName":"search_term_string"}}],"inLanguage":"da-DK"}]}},"_links":{"self":[{"href":"https:\/\/www.belfor.com\/dk\/da\/wp-json\/wp\/v2\/pages\/290","targetHints":{"allow":["GET"]}}],"collection":[{"href":"https:\/\/www.belfor.com\/dk\/da\/wp-json\/wp\/v2\/pages"}],"about":[{"href":"https:\/\/www.belfor.com\/dk\/da\/wp-json\/wp\/v2\/types\/page"}],"author":[{"embeddable":true,"href":"https:\/\/www.belfor.com\/dk\/da\/wp-json\/wp\/v2\/users\/4"}],"replies":[{"embeddable":true,"href":"https:\/\/www.belfor.com\/dk\/da\/wp-json\/wp\/v2\/comments?post=290"}],"version-history":[{"count":5,"href":"https:\/\/www.belfor.com\/dk\/da\/wp-json\/wp\/v2\/pages\/290\/revisions"}],"predecessor-version":[{"id":2550,"href":"https:\/\/www.belfor.com\/dk\/da\/wp-json\/wp\/v2\/pages\/290\/revisions\/2550"}],"up":[{"embeddable":true,"href":"https:\/\/www.belfor.com\/dk\/da\/wp-json\/wp\/v2\/pages\/145"}],"wp:featuredmedia":[{"embeddable":true,"href":"https:\/\/www.belfor.com\/dk\/da\/wp-json\/wp\/v2\/media\/332"}],"wp:attachment":[{"href":"https:\/\/www.belfor.com\/dk\/da\/wp-json\/wp\/v2\/media?parent=290"}],"curies":[{"name":"wp","href":"https:\/\/api.w.org\/{rel}","templated":true}]}}