{"id":1881,"date":"2025-10-24T10:03:59","date_gmt":"2025-10-24T08:03:59","guid":{"rendered":"https:\/\/www.belfor.com\/dk\/?page_id=1881"},"modified":"2025-10-24T10:12:20","modified_gmt":"2025-10-24T08:12:20","slug":"beredskaber","status":"publish","type":"page","link":"https:\/\/www.belfor.com\/dk\/da\/vores-kunder\/beredskaber\/","title":{"rendered":"Beredskaber"},"content":{"rendered":"<div class=\"m-banner m-banner--small  -version-2 has-overlay order-default\" >\n\n\t\n\t\n\t<div class=\"m-banner__container container-fluid\" style='--overlayOpacity: 50%;--columns-ratio: 50%;background-color: #ffffff;'>\n\n\t\t    <div class=\"m-banner__media\">\n        <picture class=\"m-banner__picture\">\n\t\t\t\t\t\t\t\t\t\t\t\t                        <source media=\"(min-width: 1500px)\" srcset=\"https:\/\/www.belfor.com\/dk\/wp-content\/uploads\/sites\/5\/2025\/10\/dk_banner_beredskaber_lang.jpg\">\n\t\t\t\t\t\t\t\t\t\t\t\t\t\t\t\t\t\t\t\t\t\t\t                        <source media=\"(min-width: 768px)\" srcset=\"https:\/\/www.belfor.com\/dk\/wp-content\/uploads\/sites\/5\/2025\/10\/dk_banner_beredskaber_lang-1024x341.jpg\">\n\t\t\t\t\t\t\t\t\t\t\t\t\t\t\t                <source media=\"(min-width: 300px)\" srcset=\"https:\/\/www.belfor.com\/dk\/wp-content\/uploads\/sites\/5\/2025\/10\/dk_banner_beredskaber_lang-768x256.jpg\">\n\t\t\t            <img loading=\"lazy\" decoding=\"async\" src=\"https:\/\/www.belfor.com\/dk\/wp-content\/uploads\/sites\/5\/2025\/10\/dk_banner_beredskaber_lang.jpg\" alt=\"ild i bygning\" width=\"1920\" height=\"1280\">\n        <\/picture>\n    <\/div>\n\n\t\t<div class=\"m-banner__inner container flex-left style-dark\">\n\n\t\t\t<div class=\"l-banner  l-gt-custom l-gb-custom\" style=\"--l-gt-padding: 4.5rem;--l-gb-padding: 4.5rem;\">\n\n\t\t\t\t\n<div class=\"l-banner__text\">\n        <div class=\"l-banner__inner text-left\">\n\n        <div class=\"c-heading -h1\">\n\t\t\t                <div class=\"c-heading__pre\" >\n\t\t\t\t\tVores kunder                <\/div>\n\t\t\t\n\t\t\t\t\t\t\t<h1 style=\"--font-size-mobile:3.5rem;color:#ffffff;\" class=\"c-heading__title\">Beredskaber<\/h1>\t\t\t\n\t\t\t        <\/div>\n\n\t\t    <\/div>\n    \n\t<\/div>\n\n    <div class=\"l-banner__media\">\n\t\t\t\t\t\n\t\t    <\/div>\n\n\t\t\t<\/div>\n\n\t\t\t\t\t<\/div>\n\t<\/div>\n\n    <!-- scroll down-->\n    <div class=\"scroll-down\">\n        <div class=\"scroll-down__line-box line-box\">\n            <div class=\"line\"><\/div>\n        <\/div>\n        <div class=\"scroll-down__icon\">\n            <svg class=\"o-icon u-fill-current\" aria-hidden=\"true\">\n                <use xlink:href=\"#scroll-down\"><\/use>\n            <\/svg>\n        <\/div>\n    <\/div>\n    <!-- scroll down : end-->\n\n<\/div>\n\n\n<div class=\"m-breadcrumb \">\n\t\n\t<div class=\"blog-breadcrumb\">\n\t\t<div class=\"blog-breadcrumb__inner inner-frame\">\n\t\t\t<span property=\"itemListElement\" typeof=\"ListItem\"><a property=\"item\" typeof=\"WebPage\" title=\"Go to BELFOR.\" href=\"https:\/\/www.belfor.com\/\" class=\"main-home\" ><span property=\"name\">BELFOR<\/span><\/a><meta property=\"position\" content=\"1\"><\/span> &gt; <span property=\"itemListElement\" typeof=\"ListItem\"><a property=\"item\" typeof=\"WebPage\" title=\"Go to BELFOR Denmark.\" href=\"https:\/\/www.belfor.com\/dk\/da\/\" class=\"home\" ><span property=\"name\">BELFOR Denmark<\/span><\/a><meta property=\"position\" content=\"2\"><\/span> &gt; <span property=\"itemListElement\" typeof=\"ListItem\"><a property=\"item\" typeof=\"WebPage\" title=\"Go to Vidensbank.\" href=\"https:\/\/www.belfor.com\/dk\/da\/vidensbank\/\" class=\"post-root post post-post\" aria-current=\"page\"><span property=\"name\">Vidensbank<\/span><\/a><meta property=\"position\" content=\"3\"><\/span>\t\t<\/div>\n\t<\/div>\n\n<\/div>\n\n\n<div class=\"m-wrapper  mt mb-custom -version-7 container\" style='--margin-bottom: 15rem;'>\n\n\t\n\t\n\t<div class=\"m-wrapper__inner\">\n\t\t\n\n<div class=\"m-block l-links-list  \"  >\n\n\t    <div class=\"m-block__container container\"\n         style=\"\">\n\n        <div class=\"l-heading text-left l-heading-v1\">\n\t\t\t        <div class=\"c-heading -h2 \">\n\t\t\n\t\t\n\t\t\t\t\t<h2  class=\"c-heading__title\">Forretningsomr\u00e5der<\/h2>\t\t\n\t\t    <\/div>\n\n\t\t\t                <ul>\n\t\t\t\t\t                        <li>\n\t\t\t\t\t\t\t\n\t\t\t\t\t\t\t\t                                    <a href=\"\/dk\/da\/forretningsomraader\/skadeservice\/\"\n\t\t\t\t\t\t\t\t\t\tnoreferrer target=\"_blank\"                                       class=\"link\">Skadeservice                                    <\/a>\n\t\t\t\t\t\t\t\t\n\t\t\t\t\t\t\t                        <\/li>\n\t\t\t\t\t                        <li>\n\t\t\t\t\t\t\t\n\t\t\t\t\t\t\t\t                                    <a href=\"\/dk\/da\/forretningsomraader\/miljoe-og-specialservice\/\"\n\t\t\t\t\t\t\t\t\t\t                                        class=\"link\">Milj\u00f8- og specialservice                                    <\/a>\n\t\t\t\t\t\t\t\t\n\t\t\t\t\t\t\t                        <\/li>\n\t\t\t\t\t                        <li>\n\t\t\t\t\t\t\t\n\t\t\t\t\t\t\t\t                                    <a href=\"\/dk\/da\/forretningsomraader\/skadedyr\/\"\n\t\t\t\t\t\t\t\t\t\t                                        class=\"link\">Skadedyr                                    <\/a>\n\t\t\t\t\t\t\t\t\n\t\t\t\t\t\t\t                        <\/li>\n\t\t\t\t\t                        <li>\n\t\t\t\t\t\t\t\n\t\t\t\t\t\t\t\t                                    <a href=\"\/dk\/da\/forretningsomraader\/projektledelse\/\"\n\t\t\t\t\t\t\t\t\t\t                                        class=\"link\">Projektledelse                                    <\/a>\n\t\t\t\t\t\t\t\t\n\t\t\t\t\t\t\t                        <\/li>\n\t\t\t\t\t                        <li>\n\t\t\t\t\t\t\t\n\t\t\t\t\t\t\t\t                                    <a href=\"\/dk\/da\/forretningsomraader\/storskade\/\"\n\t\t\t\t\t\t\t\t\t\t                                        class=\"link\">Storskade                                    <\/a>\n\t\t\t\t\t\t\t\t\n\t\t\t\t\t\t\t                        <\/li>\n\t\t\t\t\t                        <li>\n\t\t\t\t\t\t\t\n\t\t\t\t\t\t\t\t                                    <a href=\"\/dk\/da\/forretningsomraader\/haandvaerkere\/\"\n\t\t\t\t\t\t\t\t\t\t                                        class=\"link\">H\u00e5ndv\u00e6rkere                                    <\/a>\n\t\t\t\t\t\t\t\t\n\t\t\t\t\t\t\t                        <\/li>\n\t\t\t\t\t                        <li>\n\t\t\t\t\t\t\t\n\t\t\t\t\t\t\t\t                                    <a href=\"\/dk\/da\/forretningsomraader\/red-alert\/\"\n\t\t\t\t\t\t\t\t\t\t                                        class=\"link\">RED ALERT\u00ae                                    <\/a>\n\t\t\t\t\t\t\t\t\n\t\t\t\t\t\t\t                        <\/li>\n\t\t\t\t\t                <\/ul>\n\t\t\t\n        <\/div>\n    <\/div>\n<\/div>\n\n\n<div class=\"m-block  mb-custom l-content-2\"  style='--margin-bottom: 5rem;'>\n\n\t\n\t\n\t<div class=\"m-block__container container\" style=\"\">\n\n\t\t<div class=\"l-dcbl l-dcbl-v1\">\n\n\t\t\t\n<div class=\"c-block order-default is-vertical\" style=\"--c-block-radius:0px; --c-block-gl: 0%;--c-block-gr: 0%;--c-block-gt: 0%;--c-block-gb: 0%;--columns-ratio: 100%;\">\n    <div class=\"c-block__col c-block__text text-left align-center\"\n         style=\"--c-txt-gl: 0%; --c-txt-gr: 0%; --c-txt-gt: 0%; --c-txt-gb: 0%;\">\n        <div class=\"c-block__inner\">\n\n\t\t\t            \n\t\t\t    <div class=\"c-heading__description is-wysiwyg\">\n        <p>N\u00e5r beredskabet rykker ud, er hurtig og professionel indsats altafg\u00f8rende. BELFOR er en erfaren samarbejdspartner for danske beredskaber og tilbyder specialiseret skadeservice, der underst\u00f8tter indsatsen f\u00f8r, under og efter en h\u00e6ndelse.<\/p>\n    <\/div>\n\t\t\t\t\t\t        <\/div>\n    <\/div>\n\t    <div class=\"c-block__col c-block__media\">\n\t\t\t<div class=\"c-image front-h-left front-v-center main-h-full main-v-center r-1x1 is-image\">\n\n\t\t\t\t\t<div class=\"c-image__media c-image__primary\">\n                <img decoding=\"async\" class=\"c-image__src lazy\" loading=\"lazy\" src=\"https:\/\/www.belfor.com\/dk\/wp-content\/uploads\/sites\/5\/2025\/10\/EU-BELFOR_Images_WMIU_Landscape_Crops2-1-1024x576.jpg\"  alt=\"belfor hj\u00e6lper beredskaber i hele Danmark\" width=\"1024\" height=\"576\"\/>\t\t\t<\/div>\n\t\t\n\t\t\n\t<\/div>\n\t\n\t\t\n\t\t\n\t\t    <\/div>\n\t<\/div>\n\n\t\t<\/div>\n\n\t<\/div>\n\n\t\n<\/div>\n\n\n<div class=\"m-block  mb-custom l-content-2\"  style='--margin-bottom: 5rem;'>\n\n\t\n\t\n\t<div class=\"m-block__container container\" style=\"\">\n\n\t\t<div class=\"l-dcbl l-dcbl-v1\">\n\n\t\t\t\n<div class=\"c-block order-default is-vertical\" style=\"--c-block-radius:0px; --c-block-gl: 0%;--c-block-gr: 0%;--c-block-gt: 0%;--c-block-gb: 0%;--columns-ratio: 100%;\">\n    <div class=\"c-block__col c-block__text text-left align-center\"\n         style=\"--c-txt-gl: 0%; --c-txt-gr: 0%; --c-txt-gt: 0%; --c-txt-gb: 0%;\">\n        <div class=\"c-block__inner\">\n\n\t\t\t            \n\t\t\t    <div class=\"c-heading -h2 \">\n\t\t\n\t\t\n\t\t\t\t\t<h2  class=\"c-heading__title\">Vi forst\u00e5r jeres opgave<\/h2>\t\t\n\t\t    <\/div>\n    <div class=\"c-heading__description is-wysiwyg\">\n        <p>Beredskaber st\u00e5r midt i akutte og komplekse situationer, hvor der skal handles hurtigt og sikkert. BELFOR arbejder t\u00e6t sammen med brandv\u00e6sener, redningsberedskaber og kommunale enheder for at sikre, at skader bliver h\u00e5ndteret effektivt \u2013 med respekt for b\u00e5de mennesker, bygninger og milj\u00f8.<\/p>\n    <\/div>\n\t\t\t\t\t\t        <\/div>\n    <\/div>\n\t<\/div>\n\n\t\t<\/div>\n\n\t<\/div>\n\n\t\n<\/div>\n\n\n<div class=\"m-block  l-content-2\"  >\n\n\t\n\t\n\t<div class=\"m-block__container container\" style=\"\">\n\n\t\t<div class=\"l-dcbl l-dcbl-v1\">\n\n\t\t\t\n<div class=\"c-block order-default is-vertical\" style=\"--c-block-radius:0px; --c-block-gl: 0%;--c-block-gr: 0%;--c-block-gt: 0%;--c-block-gb: 0%;--columns-ratio: 50%;\">\n    <div class=\"c-block__col c-block__text text-left align-center\"\n         style=\"--c-txt-gl: 0%; --c-txt-gr: 0%; --c-txt-gt: 0%; --c-txt-gb: 0%;\">\n        <div class=\"c-block__inner\">\n\n\t\t\t            \n\t\t\t    <div class=\"c-heading -h2 \">\n\t\t\n\t\t            <div class=\"c-heading__pre\" >\n\t\t\t\tHvorfor samarbejde med Belfor?            <\/div>\n\t\t\n\t\t\t\t\t<h2  class=\"c-heading__title\">Skadeservice som en forl\u00e6ngelse af indsatsen<\/h2>\t\t\n\t\t    <\/div>\n    <div class=\"c-heading__description is-wysiwyg\">\n        <p>Efter slukning, redning eller evakuering tager vi over. Vi tilbyder alt fra affugtning og rensning til sanering og genopbygning \u2013 og vi er klar til at rykke ud d\u00f8gnet rundt. Vores indsats sikrer, at skadesteder hurtigt bliver sikre og funktionelle igen, og at konsekvenserne af h\u00e6ndelsen minimeres.<\/p>\n    <\/div>\n\t\t\t\t\t\t\t    <div class=\"c-block__btn\">\n\t\t\n\t\t\t\n\t\t    <\/div>\n\t        <\/div>\n    <\/div>\n\t<\/div>\n\n\t\t<\/div>\n\n\t<\/div>\n\n\t\n<\/div>\n\n\n<div class=\"m-block  l-content-2\"  >\n\n\t\n\t\n\t<div class=\"m-block__container container\" style=\"\">\n\n\t\t<div class=\"l-dcbl l-dcbl-v1\">\n\n\t\t\t\n<div class=\"c-block order-default is-vertical\" style=\"--c-block-radius:0px; --c-block-gl: 0%;--c-block-gr: 0%;--c-block-gt: 0%;--c-block-gb: 0%;--columns-ratio: 50%;\">\n    <div class=\"c-block__col c-block__text text-left align-center\"\n         style=\"--c-txt-gl: 0%; --c-txt-gr: 0%; --c-txt-gt: 0%; --c-txt-gb: 0%;\">\n        <div class=\"c-block__inner\">\n\n\t\t\t            \n\t\t\t    <div class=\"c-heading -h2 \">\n\t\t\n\t\t\n\t\t\t\t\t<h2  class=\"c-heading__title\">Et samarbejde med struktur og beredskab<\/h2>\t\t\n\t\t    <\/div>\n    <div class=\"c-heading__description is-wysiwyg\">\n        <p>BELFOR tilbyder beredskabsaftaler, der sikrer hurtig respons og klare procedurer, n\u00e5r behovet opst\u00e5r. Vi har erfaring med b\u00e5de store og sm\u00e5 h\u00e6ndelser og ved, hvordan vi bedst underst\u00f8tter jeres indsats \u2013 uanset om det g\u00e6lder en lokal oversv\u00f8mmelse eller en omfattende brand.<\/p>\n    <\/div>\n\t\t\t\t\t\t\t    <div class=\"c-block__btn\">\n\t\t\n\t\t\t<a href=\"mailto:mail@belfor.dk\"  class=\"c-btn -normal -primary has-icon icon-right \"><div class=\"label-up\"><span class=\"c-btn__txt\">Kontakt os for at h\u00f8re mere<\/span><span class=\"c-btn__ico\"><svg width=\"30\" height=\"30\" class=\"icon icon-lib-icon-arrow4 \" aria-hidden=\"true\" role=\"img\"><use xlink:href=\"#lib-icon-arrow4\"><\/use><\/svg><\/span><\/div><div class=\"label-up\"><span class=\"c-btn__txt\">Kontakt os for at h\u00f8re mere<\/span><span class=\"c-btn__ico\"><svg width=\"30\" height=\"30\" class=\"icon icon-lib-icon-arrow4 \" aria-hidden=\"true\" role=\"img\"><use xlink:href=\"#lib-icon-arrow4\"><\/use><\/svg><\/span><\/div><\/a>\n\t\t    <\/div>\n\t        <\/div>\n    <\/div>\n\t<\/div>\n\n\t\t<\/div>\n\n\t<\/div>\n\n\t\n<\/div>\n\n\n\t<\/div>\n<\/div>\n\n\n<div class=\"m-wrapper  gt mb-custom bg-cover bg-center bg-no-repeat -version-3 container-fluid\" style='--margin-bottom: 32.5rem;background-image: url(https:\/\/www.belfor.com\/dk\/wp-content\/uploads\/sites\/5\/2024\/06\/A-group-of-BELFOR-Employees-walking-in-front-of-a-BELFOR-branch_CTA-Bild_2560x1192px.jpg);'>\n\n\t\n\t\n\t<div class=\"m-wrapper__inner\">\n\t\t\n<div class=\"m-block  gt gb -version-3 l-content-simple-1\"  style='--l-container-width: 83rem;'>\n\n\t\n\t\n\t<div class=\"m-block__container container-custom\" style=\"--l-container-width: 83rem\">\n\n\t\t<div class=\"l-heading text-left l-heading-v1\">\n\n\t\t\t    <div class=\"c-heading -h2 \">\n\t\t\n\t\t            <div class=\"c-heading__pre\" >\n\t\t\t\tVi tilbyder den rette ekspertise            <\/div>\n\t\t\n\t\t\t\t\t<h2  class=\"c-heading__title\">BELFOR er den st\u00f8rste skadeservicevirksomhed med tusindvis af kollegaer i hele verden.<\/h2>\t\t\n\t\t    <\/div>\n    <div class=\"c-heading__description is-wysiwyg\">\n        <p>Vi er der for dig, og vi hj\u00e6lper dig bedst igennem din skade.<\/p>\n    <\/div>\n\n\t\t\t\t    <div class=\"c-block__btn\">\n\t\t\n\t\t\t<a href=\"\/dk\/da\/kontakt\/\"  class=\"c-btn -normal -primary has-icon icon-right \"><div class=\"label-up\"><span class=\"c-btn__txt\">Kontakt os<\/span><span class=\"c-btn__ico\"><svg width=\"30\" height=\"30\" class=\"icon icon-lib-icon-arrow4 \" aria-hidden=\"true\" role=\"img\"><use xlink:href=\"#lib-icon-arrow4\"><\/use><\/svg><\/span><\/div><div class=\"label-up\"><span class=\"c-btn__txt\">Kontakt os<\/span><span class=\"c-btn__ico\"><svg width=\"30\" height=\"30\" class=\"icon icon-lib-icon-arrow4 \" aria-hidden=\"true\" role=\"img\"><use xlink:href=\"#lib-icon-arrow4\"><\/use><\/svg><\/span><\/div><\/a>\n\t\t    <\/div>\n\t\n\t\t<\/div>\n\n\t<\/div>\n\n\t\n<\/div>\n\n\n\t<\/div>\n<\/div>\n","protected":false},"excerpt":{"rendered":"","protected":false},"author":7,"featured_media":1694,"parent":50,"menu_order":5,"comment_status":"closed","ping_status":"closed","template":"","meta":{"_acf_changed":false,"inline_featured_image":false,"footnotes":""},"class_list":["post-1881","page","type-page","status-publish","has-post-thumbnail","hentry"],"acf":[],"yoast_head":"<!-- This site is optimized with the Yoast SEO plugin v27.3 - https:\/\/yoast.com\/product\/yoast-seo-wordpress\/ -->\n<title>Beredskaber - BELFOR Denmark<\/title>\n<meta name=\"robots\" content=\"index, follow, max-snippet:-1, max-image-preview:large, max-video-preview:-1\" \/>\n<link rel=\"canonical\" href=\"https:\/\/www.belfor.com\/dk\/da\/vores-kunder\/beredskaber\/\" \/>\n<meta property=\"og:locale\" content=\"da_DK\" \/>\n<meta property=\"og:type\" content=\"article\" \/>\n<meta property=\"og:title\" content=\"Beredskaber - BELFOR Denmark\" \/>\n<meta property=\"og:url\" content=\"https:\/\/www.belfor.com\/dk\/da\/vores-kunder\/beredskaber\/\" \/>\n<meta property=\"og:site_name\" content=\"BELFOR Denmark\" \/>\n<meta property=\"article:modified_time\" content=\"2025-10-24T08:12:20+00:00\" \/>\n<meta property=\"og:image\" content=\"https:\/\/www.belfor.com\/dk\/wp-content\/uploads\/sites\/5\/2025\/08\/dk_banner_virksomheder.jpg\" \/>\n\t<meta property=\"og:image:width\" content=\"1920\" \/>\n\t<meta property=\"og:image:height\" content=\"1080\" \/>\n\t<meta property=\"og:image:type\" content=\"image\/jpeg\" \/>\n<meta name=\"twitter:card\" content=\"summary_large_image\" \/>\n<meta name=\"twitter:label1\" content=\"Est. reading time\" \/>\n\t<meta name=\"twitter:data1\" content=\"1 minute\" \/>\n<script type=\"application\/ld+json\" class=\"yoast-schema-graph\">{\"@context\":\"https:\\\/\\\/schema.org\",\"@graph\":[{\"@type\":\"WebPage\",\"@id\":\"https:\\\/\\\/www.belfor.com\\\/dk\\\/da\\\/vores-kunder\\\/beredskaber\\\/\",\"url\":\"https:\\\/\\\/www.belfor.com\\\/dk\\\/da\\\/vores-kunder\\\/beredskaber\\\/\",\"name\":\"Beredskaber - BELFOR Denmark\",\"isPartOf\":{\"@id\":\"https:\\\/\\\/www.belfor.com\\\/dk\\\/da\\\/#website\"},\"primaryImageOfPage\":{\"@id\":\"https:\\\/\\\/www.belfor.com\\\/dk\\\/da\\\/vores-kunder\\\/beredskaber\\\/#primaryimage\"},\"image\":{\"@id\":\"https:\\\/\\\/www.belfor.com\\\/dk\\\/da\\\/vores-kunder\\\/beredskaber\\\/#primaryimage\"},\"thumbnailUrl\":\"https:\\\/\\\/www.belfor.com\\\/dk\\\/wp-content\\\/uploads\\\/sites\\\/5\\\/2025\\\/08\\\/dk_banner_virksomheder.jpg\",\"datePublished\":\"2025-10-24T08:03:59+00:00\",\"dateModified\":\"2025-10-24T08:12:20+00:00\",\"breadcrumb\":{\"@id\":\"https:\\\/\\\/www.belfor.com\\\/dk\\\/da\\\/vores-kunder\\\/beredskaber\\\/#breadcrumb\"},\"inLanguage\":\"da-DK\",\"potentialAction\":[{\"@type\":\"ReadAction\",\"target\":[\"https:\\\/\\\/www.belfor.com\\\/dk\\\/da\\\/vores-kunder\\\/beredskaber\\\/\"]}]},{\"@type\":\"ImageObject\",\"inLanguage\":\"da-DK\",\"@id\":\"https:\\\/\\\/www.belfor.com\\\/dk\\\/da\\\/vores-kunder\\\/beredskaber\\\/#primaryimage\",\"url\":\"https:\\\/\\\/www.belfor.com\\\/dk\\\/wp-content\\\/uploads\\\/sites\\\/5\\\/2025\\\/08\\\/dk_banner_virksomheder.jpg\",\"contentUrl\":\"https:\\\/\\\/www.belfor.com\\\/dk\\\/wp-content\\\/uploads\\\/sites\\\/5\\\/2025\\\/08\\\/dk_banner_virksomheder.jpg\",\"width\":1920,\"height\":1080,\"caption\":\"virksomhedshal oversv\u00f8mmes\"},{\"@type\":\"BreadcrumbList\",\"@id\":\"https:\\\/\\\/www.belfor.com\\\/dk\\\/da\\\/vores-kunder\\\/beredskaber\\\/#breadcrumb\",\"itemListElement\":[{\"@type\":\"ListItem\",\"position\":1,\"name\":\"Home\",\"item\":\"https:\\\/\\\/www.belfor.com\\\/dk\\\/da\\\/\"},{\"@type\":\"ListItem\",\"position\":2,\"name\":\"Vores kunder\",\"item\":\"https:\\\/\\\/www.belfor.com\\\/dk\\\/da\\\/vores-kunder\\\/\"},{\"@type\":\"ListItem\",\"position\":3,\"name\":\"Beredskaber\"}]},{\"@type\":\"WebSite\",\"@id\":\"https:\\\/\\\/www.belfor.com\\\/dk\\\/da\\\/#website\",\"url\":\"https:\\\/\\\/www.belfor.com\\\/dk\\\/da\\\/\",\"name\":\"BELFOR Denmark\",\"description\":\"\",\"potentialAction\":[{\"@type\":\"SearchAction\",\"target\":{\"@type\":\"EntryPoint\",\"urlTemplate\":\"https:\\\/\\\/www.belfor.com\\\/dk\\\/da\\\/?s={search_term_string}\"},\"query-input\":{\"@type\":\"PropertyValueSpecification\",\"valueRequired\":true,\"valueName\":\"search_term_string\"}}],\"inLanguage\":\"da-DK\"}]}<\/script>\n<!-- \/ Yoast SEO plugin. -->","yoast_head_json":{"title":"Beredskaber - BELFOR Denmark","robots":{"index":"index","follow":"follow","max-snippet":"max-snippet:-1","max-image-preview":"max-image-preview:large","max-video-preview":"max-video-preview:-1"},"canonical":"https:\/\/www.belfor.com\/dk\/da\/vores-kunder\/beredskaber\/","og_locale":"da_DK","og_type":"article","og_title":"Beredskaber - BELFOR Denmark","og_url":"https:\/\/www.belfor.com\/dk\/da\/vores-kunder\/beredskaber\/","og_site_name":"BELFOR Denmark","article_modified_time":"2025-10-24T08:12:20+00:00","og_image":[{"width":1920,"height":1080,"url":"https:\/\/www.belfor.com\/dk\/wp-content\/uploads\/sites\/5\/2025\/08\/dk_banner_virksomheder.jpg","type":"image\/jpeg"}],"twitter_card":"summary_large_image","twitter_misc":{"Est. reading time":"1 minute"},"schema":{"@context":"https:\/\/schema.org","@graph":[{"@type":"WebPage","@id":"https:\/\/www.belfor.com\/dk\/da\/vores-kunder\/beredskaber\/","url":"https:\/\/www.belfor.com\/dk\/da\/vores-kunder\/beredskaber\/","name":"Beredskaber - BELFOR Denmark","isPartOf":{"@id":"https:\/\/www.belfor.com\/dk\/da\/#website"},"primaryImageOfPage":{"@id":"https:\/\/www.belfor.com\/dk\/da\/vores-kunder\/beredskaber\/#primaryimage"},"image":{"@id":"https:\/\/www.belfor.com\/dk\/da\/vores-kunder\/beredskaber\/#primaryimage"},"thumbnailUrl":"https:\/\/www.belfor.com\/dk\/wp-content\/uploads\/sites\/5\/2025\/08\/dk_banner_virksomheder.jpg","datePublished":"2025-10-24T08:03:59+00:00","dateModified":"2025-10-24T08:12:20+00:00","breadcrumb":{"@id":"https:\/\/www.belfor.com\/dk\/da\/vores-kunder\/beredskaber\/#breadcrumb"},"inLanguage":"da-DK","potentialAction":[{"@type":"ReadAction","target":["https:\/\/www.belfor.com\/dk\/da\/vores-kunder\/beredskaber\/"]}]},{"@type":"ImageObject","inLanguage":"da-DK","@id":"https:\/\/www.belfor.com\/dk\/da\/vores-kunder\/beredskaber\/#primaryimage","url":"https:\/\/www.belfor.com\/dk\/wp-content\/uploads\/sites\/5\/2025\/08\/dk_banner_virksomheder.jpg","contentUrl":"https:\/\/www.belfor.com\/dk\/wp-content\/uploads\/sites\/5\/2025\/08\/dk_banner_virksomheder.jpg","width":1920,"height":1080,"caption":"virksomhedshal oversv\u00f8mmes"},{"@type":"BreadcrumbList","@id":"https:\/\/www.belfor.com\/dk\/da\/vores-kunder\/beredskaber\/#breadcrumb","itemListElement":[{"@type":"ListItem","position":1,"name":"Home","item":"https:\/\/www.belfor.com\/dk\/da\/"},{"@type":"ListItem","position":2,"name":"Vores kunder","item":"https:\/\/www.belfor.com\/dk\/da\/vores-kunder\/"},{"@type":"ListItem","position":3,"name":"Beredskaber"}]},{"@type":"WebSite","@id":"https:\/\/www.belfor.com\/dk\/da\/#website","url":"https:\/\/www.belfor.com\/dk\/da\/","name":"BELFOR Denmark","description":"","potentialAction":[{"@type":"SearchAction","target":{"@type":"EntryPoint","urlTemplate":"https:\/\/www.belfor.com\/dk\/da\/?s={search_term_string}"},"query-input":{"@type":"PropertyValueSpecification","valueRequired":true,"valueName":"search_term_string"}}],"inLanguage":"da-DK"}]}},"_links":{"self":[{"href":"https:\/\/www.belfor.com\/dk\/da\/wp-json\/wp\/v2\/pages\/1881","targetHints":{"allow":["GET"]}}],"collection":[{"href":"https:\/\/www.belfor.com\/dk\/da\/wp-json\/wp\/v2\/pages"}],"about":[{"href":"https:\/\/www.belfor.com\/dk\/da\/wp-json\/wp\/v2\/types\/page"}],"author":[{"embeddable":true,"href":"https:\/\/www.belfor.com\/dk\/da\/wp-json\/wp\/v2\/users\/7"}],"replies":[{"embeddable":true,"href":"https:\/\/www.belfor.com\/dk\/da\/wp-json\/wp\/v2\/comments?post=1881"}],"version-history":[{"count":4,"href":"https:\/\/www.belfor.com\/dk\/da\/wp-json\/wp\/v2\/pages\/1881\/revisions"}],"predecessor-version":[{"id":1938,"href":"https:\/\/www.belfor.com\/dk\/da\/wp-json\/wp\/v2\/pages\/1881\/revisions\/1938"}],"up":[{"embeddable":true,"href":"https:\/\/www.belfor.com\/dk\/da\/wp-json\/wp\/v2\/pages\/50"}],"wp:featuredmedia":[{"embeddable":true,"href":"https:\/\/www.belfor.com\/dk\/da\/wp-json\/wp\/v2\/media\/1694"}],"wp:attachment":[{"href":"https:\/\/www.belfor.com\/dk\/da\/wp-json\/wp\/v2\/media?parent=1881"}],"curies":[{"name":"wp","href":"https:\/\/api.w.org\/{rel}","templated":true}]}}