{"id":1879,"date":"2025-10-24T10:03:46","date_gmt":"2025-10-24T08:03:46","guid":{"rendered":"https:\/\/www.belfor.com\/dk\/?page_id=1879"},"modified":"2025-10-31T08:49:59","modified_gmt":"2025-10-31T06:49:59","slug":"offentlig","status":"publish","type":"page","link":"https:\/\/www.belfor.com\/dk\/da\/vores-kunder\/offentlig\/","title":{"rendered":"Offentlig"},"content":{"rendered":"<div class=\"m-banner m-banner--small  -version-2 has-overlay order-default\" >\n\n\t\n\t\n\t<div class=\"m-banner__container container-fluid\" style='--overlayOpacity: 50%;--columns-ratio: 50%;background-color: #ffffff;'>\n\n\t\t    <div class=\"m-banner__media\">\n        <picture class=\"m-banner__picture\">\n\t\t\t\t\t\t\t\t\t\t\t\t                        <source media=\"(min-width: 1500px)\" srcset=\"https:\/\/www.belfor.com\/dk\/wp-content\/uploads\/sites\/5\/2025\/10\/dk_banner_offentlig_lang.jpg\">\n\t\t\t\t\t\t\t\t\t\t\t\t\t\t\t\t\t\t\t\t\t\t\t                        <source media=\"(min-width: 768px)\" srcset=\"https:\/\/www.belfor.com\/dk\/wp-content\/uploads\/sites\/5\/2025\/10\/dk_banner_offentlig_lang-1024x341.jpg\">\n\t\t\t\t\t\t\t\t\t\t\t\t\t\t\t                <source media=\"(min-width: 300px)\" srcset=\"https:\/\/www.belfor.com\/dk\/wp-content\/uploads\/sites\/5\/2025\/10\/dk_banner_offentlig_lang-768x256.jpg\">\n\t\t\t            <img loading=\"lazy\" decoding=\"async\" src=\"https:\/\/www.belfor.com\/dk\/wp-content\/uploads\/sites\/5\/2025\/10\/dk_banner_offentlig_lang.jpg\" alt=\"offentlig bygning\" width=\"1920\" height=\"1280\">\n        <\/picture>\n    <\/div>\n\n\t\t<div class=\"m-banner__inner container flex-left style-dark\">\n\n\t\t\t<div class=\"l-banner  l-gt-custom l-gb-custom\" style=\"--l-gt-padding: 4.5rem;--l-gb-padding: 4.5rem;\">\n\n\t\t\t\t\n<div class=\"l-banner__text\">\n        <div class=\"l-banner__inner text-left\">\n\n        <div class=\"c-heading -h1\">\n\t\t\t                <div class=\"c-heading__pre\" >\n\t\t\t\t\tVores kunder                <\/div>\n\t\t\t\n\t\t\t\t\t\t\t<h1 style=\"--font-size-mobile:3.5rem;color:#ffffff;\" class=\"c-heading__title\">OFFENTLIG<\/h1>\t\t\t\n\t\t\t        <\/div>\n\n\t\t    <\/div>\n    \n\t<\/div>\n\n    <div class=\"l-banner__media\">\n\t\t\t\t\t\n\t\t    <\/div>\n\n\t\t\t<\/div>\n\n\t\t\t\t\t<\/div>\n\t<\/div>\n\n    <!-- scroll down-->\n    <div class=\"scroll-down\">\n        <div class=\"scroll-down__line-box line-box\">\n            <div class=\"line\"><\/div>\n        <\/div>\n        <div class=\"scroll-down__icon\">\n            <svg class=\"o-icon u-fill-current\" aria-hidden=\"true\">\n                <use xlink:href=\"#scroll-down\"><\/use>\n            <\/svg>\n        <\/div>\n    <\/div>\n    <!-- scroll down : end-->\n\n<\/div>\n\n\n<div class=\"m-breadcrumb \">\n\t\n\t<div class=\"blog-breadcrumb\">\n\t\t<div class=\"blog-breadcrumb__inner inner-frame\">\n\t\t\t<span property=\"itemListElement\" typeof=\"ListItem\"><a property=\"item\" typeof=\"WebPage\" title=\"Go to BELFOR.\" href=\"https:\/\/www.belfor.com\/\" class=\"main-home\" ><span property=\"name\">BELFOR<\/span><\/a><meta property=\"position\" content=\"1\"><\/span> &gt; <span property=\"itemListElement\" typeof=\"ListItem\"><a property=\"item\" typeof=\"WebPage\" title=\"Go to BELFOR Denmark.\" href=\"https:\/\/www.belfor.com\/dk\/da\/\" class=\"home\" ><span property=\"name\">BELFOR Denmark<\/span><\/a><meta property=\"position\" content=\"2\"><\/span> &gt; <span property=\"itemListElement\" typeof=\"ListItem\"><a property=\"item\" typeof=\"WebPage\" title=\"Go to Vidensbank.\" href=\"https:\/\/www.belfor.com\/dk\/da\/vidensbank\/\" class=\"post-root post post-post\" aria-current=\"page\"><span property=\"name\">Vidensbank<\/span><\/a><meta property=\"position\" content=\"3\"><\/span>\t\t<\/div>\n\t<\/div>\n\n<\/div>\n\n\n<div class=\"m-wrapper  mt mb-custom -version-7 container\" style='--margin-bottom: 15rem;'>\n\n\t\n\t\n\t<div class=\"m-wrapper__inner\">\n\t\t\n\n<div class=\"m-block l-links-list  \"  >\n\n\t    <div class=\"m-block__container container\"\n         style=\"\">\n\n        <div class=\"l-heading text-left l-heading-v1\">\n\t\t\t        <div class=\"c-heading -h2 \">\n\t\t\n\t\t\n\t\t\t\t\t<h2  class=\"c-heading__title\">Forretningsomr\u00e5der<\/h2>\t\t\n\t\t    <\/div>\n\n\t\t\t                <ul>\n\t\t\t\t\t                        <li>\n\t\t\t\t\t\t\t\n\t\t\t\t\t\t\t\t                                    <a href=\"\/dk\/da\/forretningsomraader\/skadeservice\/\"\n\t\t\t\t\t\t\t\t\t\tnoreferrer target=\"_blank\"                                       class=\"link\">Skadeservice                                    <\/a>\n\t\t\t\t\t\t\t\t\n\t\t\t\t\t\t\t                        <\/li>\n\t\t\t\t\t                        <li>\n\t\t\t\t\t\t\t\n\t\t\t\t\t\t\t\t                                    <a href=\"\/dk\/da\/forretningsomraader\/miljoe-og-specialservice\/\"\n\t\t\t\t\t\t\t\t\t\t                                        class=\"link\">Milj\u00f8- og specialservice                                    <\/a>\n\t\t\t\t\t\t\t\t\n\t\t\t\t\t\t\t                        <\/li>\n\t\t\t\t\t                        <li>\n\t\t\t\t\t\t\t\n\t\t\t\t\t\t\t\t                                    <a href=\"\/dk\/da\/forretningsomraader\/skadedyr\/\"\n\t\t\t\t\t\t\t\t\t\t                                        class=\"link\">Skadedyr                                    <\/a>\n\t\t\t\t\t\t\t\t\n\t\t\t\t\t\t\t                        <\/li>\n\t\t\t\t\t                        <li>\n\t\t\t\t\t\t\t\n\t\t\t\t\t\t\t\t                                    <a href=\"\/dk\/da\/forretningsomraader\/projektledelse\/\"\n\t\t\t\t\t\t\t\t\t\t                                        class=\"link\">Projektledelse                                    <\/a>\n\t\t\t\t\t\t\t\t\n\t\t\t\t\t\t\t                        <\/li>\n\t\t\t\t\t                        <li>\n\t\t\t\t\t\t\t\n\t\t\t\t\t\t\t\t                                    <a href=\"\/dk\/da\/forretningsomraader\/storskade\/\"\n\t\t\t\t\t\t\t\t\t\t                                        class=\"link\">Storskade                                    <\/a>\n\t\t\t\t\t\t\t\t\n\t\t\t\t\t\t\t                        <\/li>\n\t\t\t\t\t                        <li>\n\t\t\t\t\t\t\t\n\t\t\t\t\t\t\t\t                                    <a href=\"\/dk\/da\/forretningsomraader\/haandvaerkere\/\"\n\t\t\t\t\t\t\t\t\t\t                                        class=\"link\">H\u00e5ndv\u00e6rkere                                    <\/a>\n\t\t\t\t\t\t\t\t\n\t\t\t\t\t\t\t                        <\/li>\n\t\t\t\t\t                        <li>\n\t\t\t\t\t\t\t\n\t\t\t\t\t\t\t\t                                    <a href=\"\/dk\/da\/forretningsomraader\/red-alert\/\"\n\t\t\t\t\t\t\t\t\t\t                                        class=\"link\">RED ALERT\u00ae                                    <\/a>\n\t\t\t\t\t\t\t\t\n\t\t\t\t\t\t\t                        <\/li>\n\t\t\t\t\t                <\/ul>\n\t\t\t\n        <\/div>\n    <\/div>\n<\/div>\n\n\n<div class=\"m-block  mb-custom l-content-2\"  style='--margin-bottom: 5rem;'>\n\n\t\n\t\n\t<div class=\"m-block__container container\" style=\"\">\n\n\t\t<div class=\"l-dcbl l-dcbl-v1\">\n\n\t\t\t\n<div class=\"c-block order-default is-vertical\" style=\"--c-block-radius:0px; --c-block-gl: 0%;--c-block-gr: 0%;--c-block-gt: 0%;--c-block-gb: 0%;--columns-ratio: 100%;\">\n    <div class=\"c-block__col c-block__text text-left align-center\"\n         style=\"--c-txt-gl: 0%; --c-txt-gr: 0%; --c-txt-gt: 0%; --c-txt-gb: 0%;\">\n        <div class=\"c-block__inner\">\n\n\t\t\t            \n\t\t\t    <div class=\"c-heading -h2 \">\n\t\t\n\t\t\n\t\t\t\t\t<h2  class=\"c-heading__title\">V\u00e6r forberedt &#8211; med en samarbejdsaftale med BELFOR<\/h2>\t\t\n\t\t    <\/div>\n    <div class=\"c-heading__description is-wysiwyg\">\n        <p>N\u00e5r skaden sker, er det afg\u00f8rende med en samarbejdspartner, der forst\u00e5r de s\u00e6rlige krav og strukturer, der g\u00e6lder i det offentlige. BELFOR har mange \u00e5rs erfaring med at hj\u00e6lpe kommuner, regioner, statslige institutioner og offentlige virksomheder med professionel skadeservice \u2013 hurtigt, effektivt og med respekt for b\u00e5de borgere og medarbejdere.<\/p>\n    <\/div>\n\t\t\t\t\t\t        <\/div>\n    <\/div>\n\t<\/div>\n\n\t\t<\/div>\n\n\t<\/div>\n\n\t\n<\/div>\n\n\n<div class=\"m-block  mb-custom l-content-2\"  style='--margin-bottom: 5rem;'>\n\n\t\n\t\n\t<div class=\"m-block__container container\" style=\"\">\n\n\t\t<div class=\"l-dcbl l-dcbl-v1\">\n\n\t\t\t\n<div class=\"c-block order-default is-vertical\" style=\"--c-block-radius:0px; --c-block-gl: 0%;--c-block-gr: 0%;--c-block-gt: 0%;--c-block-gb: 0%;--columns-ratio: 100%;\">\n    <div class=\"c-block__col c-block__text text-left align-center\"\n         style=\"--c-txt-gl: 0%; --c-txt-gr: 0%; --c-txt-gt: 0%; --c-txt-gb: 0%;\">\n        <div class=\"c-block__inner\">\n\n\t\t\t            \n\t\t\t    <div class=\"c-heading -h2 \">\n\t\t\n\t\t\n\t\t\t\t\t<h2  class=\"c-heading__title\">Vi kender jeres virkelighed<\/h2>\t\t\n\t\t    <\/div>\n    <div class=\"c-heading__description is-wysiwyg\">\n        <p>Offentlige institutioner har ofte komplekse behov og h\u00f8je krav til dokumentation, gennemsigtighed og ansvarlighed. Vi ved, at det ikke kun handler om at udbedre en skade \u2013 det handler om at sikre drift, tryghed og tillid. BELFOR arbejder t\u00e6t sammen med offentlige kunder for at sikre, at alle processer lever op til g\u00e6ldende regler og standarder.<\/p>\n    <\/div>\n\t\t\t\t\t\t        <\/div>\n    <\/div>\n\t    <div class=\"c-block__col c-block__media\">\n\t\t\t<div class=\"c-image front-h-left front-v-center main-h-full main-v-center r-1x1 is-image\">\n\n\t\t\t\t\t<div class=\"c-image__media c-image__primary\">\n                <img decoding=\"async\" class=\"c-image__src lazy\" loading=\"lazy\" src=\"https:\/\/www.belfor.com\/dk\/wp-content\/uploads\/sites\/5\/2025\/10\/dk_feature_2_offentlig.jpg\"  alt=\"regn p\u00e5 tag\" width=\"711\" height=\"344\"\/>\t\t\t<\/div>\n\t\t\n\t\t\n\t<\/div>\n\t\n\t\t\n\t\t\n\t\t    <\/div>\n\t<\/div>\n\n\t\t<\/div>\n\n\t<\/div>\n\n\t\n<\/div>\n\n\n<div class=\"m-block  mb-custom l-content-2\"  style='--margin-bottom: 5rem;'>\n\n\t\n\t\n\t<div class=\"m-block__container container\" style=\"\">\n\n\t\t<div class=\"l-dcbl l-dcbl-v1\">\n\n\t\t\t\n<div class=\"c-block order-default is-vertical\" style=\"--c-block-radius:0px; --c-block-gl: 0%;--c-block-gr: 0%;--c-block-gt: 0%;--c-block-gb: 0%;--columns-ratio: 100%;\">\n    <div class=\"c-block__col c-block__text text-left align-center\"\n         style=\"--c-txt-gl: 0%; --c-txt-gr: 0%; --c-txt-gt: 0%; --c-txt-gb: 0%;\">\n        <div class=\"c-block__inner\">\n\n\t\t\t            \n\t\t\t    <div class=\"c-heading -h2 \">\n\t\t\n\t\t\n\t\t\t\t\t<h2  class=\"c-heading__title\">Skadeservice med omtanke<\/h2>\t\t\n\t\t    <\/div>\n    <div class=\"c-heading__description is-wysiwyg\">\n        <p>Uanset om det drejer sig om en vandskade p\u00e5 et plejehjem, brand p\u00e5 en skole eller skimmel i en kommunal bygning, rykker vi hurtigt ud og tager ansvar for hele processen \u2013 fra f\u00f8rste vurdering til f\u00e6rdig renovering. Vi s\u00f8rger for, at bygninger kan tages i brug igen s\u00e5 hurtigt som muligt, og at b\u00e5de borgere og ansatte f\u00f8ler sig trygge undervejs.<\/p>\n    <\/div>\n\t\t\t\t\t\t        <\/div>\n    <\/div>\n\t    <div class=\"c-block__col c-block__media\">\n\t\t\t<div class=\"c-image front-h-left front-v-center main-h-full main-v-center r-1x1 is-image\">\n\n\t\t\t\t\t<div class=\"c-image__media c-image__primary\">\n                <img decoding=\"async\" class=\"c-image__src lazy\" loading=\"lazy\" src=\"https:\/\/www.belfor.com\/dk\/wp-content\/uploads\/sites\/5\/2025\/10\/dk_feature_offentlig.jpg\"  alt=\"h\u00e5ndtryk\" width=\"711\" height=\"344\"\/>\t\t\t<\/div>\n\t\t\n\t\t\n\t<\/div>\n\t\n\t\t\n\t\t\n\t\t    <\/div>\n\t<\/div>\n\n\t\t<\/div>\n\n\t<\/div>\n\n\t\n<\/div>\n\n\n<div class=\"m-block  mb-custom l-content-2\"  style='--margin-bottom: 5rem;'>\n\n\t\n\t\n\t<div class=\"m-block__container container\" style=\"\">\n\n\t\t<div class=\"l-dcbl l-dcbl-v1\">\n\n\t\t\t\n<div class=\"c-block order-default is-vertical\" style=\"--c-block-radius:0px; --c-block-gl: 0%;--c-block-gr: 0%;--c-block-gt: 0%;--c-block-gb: 0%;--columns-ratio: 100%;\">\n    <div class=\"c-block__col c-block__text text-left align-center\"\n         style=\"--c-txt-gl: 0%; --c-txt-gr: 0%; --c-txt-gt: 0%; --c-txt-gb: 0%;\">\n        <div class=\"c-block__inner\">\n\n\t\t\t            \n\t\t\t    <div class=\"c-heading -h2 \">\n\t\t\n\t\t            <div class=\"c-heading__pre\" >\n\t\t\t\tHvorfor v\u00e6lge BELFOR?            <\/div>\n\t\t\n\t\t\t\t\t<h2  class=\"c-heading__title\">En samarbejdspartner med erfaring<\/h2>\t\t\n\t\t    <\/div>\n    <div class=\"c-heading__description is-wysiwyg\">\n        <p>BELFOR har hjulpet offentlige kunder over hele landet \u2013 b\u00e5de i akutte situationer og som en del af forebyggende vedligehold. Vi tilbyder r\u00e5dgivning, beredskabsaftaler og skr\u00e6ddersyede l\u00f8sninger, der passer til jeres organisation. Vores m\u00e5l er altid det samme: at minimere konsekvenserne af skaden og sikre en effektiv genopretning.<\/p>\n<p>Er du interesseret i at h\u00f8re mere om et samarbejde med BELFOR?<\/p>\n<p>Kontakt:<br \/>\n<strong>Henrik Achilles<\/strong><br \/>\n<strong>Key Account Manager<\/strong><br \/>\n<strong>Tlf.: 25 73 05 60<br \/>\nMail: <a href=\"mailto:henrik.g.achilles@belfor.dk\">henrik.g.achilles@belfor.dk<\/a><\/strong><\/p>\n    <\/div>\n\t\t\t\t\t\t\t    <div class=\"c-block__btn\">\n\t\t\n\t\t\t\n\t\t    <\/div>\n\t        <\/div>\n    <\/div>\n\t<\/div>\n\n\t\t<\/div>\n\n\t<\/div>\n\n\t\n<\/div>\n\n\n\t<\/div>\n<\/div>\n\n\n<div class=\"m-wrapper  gt mb-custom bg-cover bg-center bg-no-repeat -version-3 container-fluid\" style='--margin-bottom: 32.5rem;background-image: url(https:\/\/www.belfor.com\/dk\/wp-content\/uploads\/sites\/5\/2024\/06\/A-group-of-BELFOR-Employees-walking-in-front-of-a-BELFOR-branch_CTA-Bild_2560x1192px.jpg);'>\n\n\t\n\t\n\t<div class=\"m-wrapper__inner\">\n\t\t\n<div class=\"m-block  gt gb -version-3 l-content-simple-1\"  style='--l-container-width: 83rem;'>\n\n\t\n\t\n\t<div class=\"m-block__container container-custom\" style=\"--l-container-width: 83rem\">\n\n\t\t<div class=\"l-heading text-left l-heading-v1\">\n\n\t\t\t    <div class=\"c-heading -h2 \">\n\t\t\n\t\t            <div class=\"c-heading__pre\" >\n\t\t\t\tVi tilbyder den rette ekspertise            <\/div>\n\t\t\n\t\t\t\t\t<h2  class=\"c-heading__title\">BELFOR er den st\u00f8rste skadeservicevirksomhed med tusindvis af kollegaer i hele verden.<\/h2>\t\t\n\t\t    <\/div>\n    <div class=\"c-heading__description is-wysiwyg\">\n        <p>Vi er der for dig, og vi hj\u00e6lper dig bedst igennem din skade.<\/p>\n    <\/div>\n\n\t\t\t\t    <div class=\"c-block__btn\">\n\t\t\n\t\t\t<a href=\"\/dk\/da\/kontakt\/\"  class=\"c-btn -normal -primary has-icon icon-right \"><div class=\"label-up\"><span class=\"c-btn__txt\">Kontakt os<\/span><span class=\"c-btn__ico\"><svg width=\"30\" height=\"30\" class=\"icon icon-lib-icon-arrow4 \" aria-hidden=\"true\" role=\"img\"><use xlink:href=\"#lib-icon-arrow4\"><\/use><\/svg><\/span><\/div><div class=\"label-up\"><span class=\"c-btn__txt\">Kontakt os<\/span><span class=\"c-btn__ico\"><svg width=\"30\" height=\"30\" class=\"icon icon-lib-icon-arrow4 \" aria-hidden=\"true\" role=\"img\"><use xlink:href=\"#lib-icon-arrow4\"><\/use><\/svg><\/span><\/div><\/a>\n\t\t    <\/div>\n\t\n\t\t<\/div>\n\n\t<\/div>\n\n\t\n<\/div>\n\n\n\t<\/div>\n<\/div>\n","protected":false},"excerpt":{"rendered":"","protected":false},"author":7,"featured_media":0,"parent":50,"menu_order":4,"comment_status":"closed","ping_status":"closed","template":"","meta":{"_acf_changed":false,"inline_featured_image":false,"footnotes":""},"class_list":["post-1879","page","type-page","status-publish","hentry"],"acf":[],"yoast_head":"<!-- This site is optimized with the Yoast SEO plugin v27.3 - https:\/\/yoast.com\/product\/yoast-seo-wordpress\/ -->\n<title>Offentlig - BELFOR Denmark<\/title>\n<meta name=\"robots\" content=\"index, follow, max-snippet:-1, max-image-preview:large, max-video-preview:-1\" \/>\n<link rel=\"canonical\" href=\"https:\/\/www.belfor.com\/dk\/da\/vores-kunder\/offentlig\/\" \/>\n<meta property=\"og:locale\" content=\"da_DK\" \/>\n<meta property=\"og:type\" content=\"article\" \/>\n<meta property=\"og:title\" content=\"Offentlig - BELFOR Denmark\" \/>\n<meta property=\"og:url\" content=\"https:\/\/www.belfor.com\/dk\/da\/vores-kunder\/offentlig\/\" \/>\n<meta property=\"og:site_name\" content=\"BELFOR Denmark\" \/>\n<meta property=\"article:modified_time\" content=\"2025-10-31T06:49:59+00:00\" \/>\n<meta name=\"twitter:card\" content=\"summary_large_image\" \/>\n<script type=\"application\/ld+json\" class=\"yoast-schema-graph\">{\"@context\":\"https:\\\/\\\/schema.org\",\"@graph\":[{\"@type\":\"WebPage\",\"@id\":\"https:\\\/\\\/www.belfor.com\\\/dk\\\/da\\\/vores-kunder\\\/offentlig\\\/\",\"url\":\"https:\\\/\\\/www.belfor.com\\\/dk\\\/da\\\/vores-kunder\\\/offentlig\\\/\",\"name\":\"Offentlig - BELFOR Denmark\",\"isPartOf\":{\"@id\":\"https:\\\/\\\/www.belfor.com\\\/dk\\\/da\\\/#website\"},\"datePublished\":\"2025-10-24T08:03:46+00:00\",\"dateModified\":\"2025-10-31T06:49:59+00:00\",\"breadcrumb\":{\"@id\":\"https:\\\/\\\/www.belfor.com\\\/dk\\\/da\\\/vores-kunder\\\/offentlig\\\/#breadcrumb\"},\"inLanguage\":\"da-DK\",\"potentialAction\":[{\"@type\":\"ReadAction\",\"target\":[\"https:\\\/\\\/www.belfor.com\\\/dk\\\/da\\\/vores-kunder\\\/offentlig\\\/\"]}]},{\"@type\":\"BreadcrumbList\",\"@id\":\"https:\\\/\\\/www.belfor.com\\\/dk\\\/da\\\/vores-kunder\\\/offentlig\\\/#breadcrumb\",\"itemListElement\":[{\"@type\":\"ListItem\",\"position\":1,\"name\":\"Home\",\"item\":\"https:\\\/\\\/www.belfor.com\\\/dk\\\/da\\\/\"},{\"@type\":\"ListItem\",\"position\":2,\"name\":\"Vores kunder\",\"item\":\"https:\\\/\\\/www.belfor.com\\\/dk\\\/da\\\/vores-kunder\\\/\"},{\"@type\":\"ListItem\",\"position\":3,\"name\":\"Offentlig\"}]},{\"@type\":\"WebSite\",\"@id\":\"https:\\\/\\\/www.belfor.com\\\/dk\\\/da\\\/#website\",\"url\":\"https:\\\/\\\/www.belfor.com\\\/dk\\\/da\\\/\",\"name\":\"BELFOR Denmark\",\"description\":\"\",\"potentialAction\":[{\"@type\":\"SearchAction\",\"target\":{\"@type\":\"EntryPoint\",\"urlTemplate\":\"https:\\\/\\\/www.belfor.com\\\/dk\\\/da\\\/?s={search_term_string}\"},\"query-input\":{\"@type\":\"PropertyValueSpecification\",\"valueRequired\":true,\"valueName\":\"search_term_string\"}}],\"inLanguage\":\"da-DK\"}]}<\/script>\n<!-- \/ Yoast SEO plugin. -->","yoast_head_json":{"title":"Offentlig - BELFOR Denmark","robots":{"index":"index","follow":"follow","max-snippet":"max-snippet:-1","max-image-preview":"max-image-preview:large","max-video-preview":"max-video-preview:-1"},"canonical":"https:\/\/www.belfor.com\/dk\/da\/vores-kunder\/offentlig\/","og_locale":"da_DK","og_type":"article","og_title":"Offentlig - BELFOR Denmark","og_url":"https:\/\/www.belfor.com\/dk\/da\/vores-kunder\/offentlig\/","og_site_name":"BELFOR Denmark","article_modified_time":"2025-10-31T06:49:59+00:00","twitter_card":"summary_large_image","schema":{"@context":"https:\/\/schema.org","@graph":[{"@type":"WebPage","@id":"https:\/\/www.belfor.com\/dk\/da\/vores-kunder\/offentlig\/","url":"https:\/\/www.belfor.com\/dk\/da\/vores-kunder\/offentlig\/","name":"Offentlig - BELFOR Denmark","isPartOf":{"@id":"https:\/\/www.belfor.com\/dk\/da\/#website"},"datePublished":"2025-10-24T08:03:46+00:00","dateModified":"2025-10-31T06:49:59+00:00","breadcrumb":{"@id":"https:\/\/www.belfor.com\/dk\/da\/vores-kunder\/offentlig\/#breadcrumb"},"inLanguage":"da-DK","potentialAction":[{"@type":"ReadAction","target":["https:\/\/www.belfor.com\/dk\/da\/vores-kunder\/offentlig\/"]}]},{"@type":"BreadcrumbList","@id":"https:\/\/www.belfor.com\/dk\/da\/vores-kunder\/offentlig\/#breadcrumb","itemListElement":[{"@type":"ListItem","position":1,"name":"Home","item":"https:\/\/www.belfor.com\/dk\/da\/"},{"@type":"ListItem","position":2,"name":"Vores kunder","item":"https:\/\/www.belfor.com\/dk\/da\/vores-kunder\/"},{"@type":"ListItem","position":3,"name":"Offentlig"}]},{"@type":"WebSite","@id":"https:\/\/www.belfor.com\/dk\/da\/#website","url":"https:\/\/www.belfor.com\/dk\/da\/","name":"BELFOR Denmark","description":"","potentialAction":[{"@type":"SearchAction","target":{"@type":"EntryPoint","urlTemplate":"https:\/\/www.belfor.com\/dk\/da\/?s={search_term_string}"},"query-input":{"@type":"PropertyValueSpecification","valueRequired":true,"valueName":"search_term_string"}}],"inLanguage":"da-DK"}]}},"_links":{"self":[{"href":"https:\/\/www.belfor.com\/dk\/da\/wp-json\/wp\/v2\/pages\/1879","targetHints":{"allow":["GET"]}}],"collection":[{"href":"https:\/\/www.belfor.com\/dk\/da\/wp-json\/wp\/v2\/pages"}],"about":[{"href":"https:\/\/www.belfor.com\/dk\/da\/wp-json\/wp\/v2\/types\/page"}],"author":[{"embeddable":true,"href":"https:\/\/www.belfor.com\/dk\/da\/wp-json\/wp\/v2\/users\/7"}],"replies":[{"embeddable":true,"href":"https:\/\/www.belfor.com\/dk\/da\/wp-json\/wp\/v2\/comments?post=1879"}],"version-history":[{"count":4,"href":"https:\/\/www.belfor.com\/dk\/da\/wp-json\/wp\/v2\/pages\/1879\/revisions"}],"predecessor-version":[{"id":2024,"href":"https:\/\/www.belfor.com\/dk\/da\/wp-json\/wp\/v2\/pages\/1879\/revisions\/2024"}],"up":[{"embeddable":true,"href":"https:\/\/www.belfor.com\/dk\/da\/wp-json\/wp\/v2\/pages\/50"}],"wp:attachment":[{"href":"https:\/\/www.belfor.com\/dk\/da\/wp-json\/wp\/v2\/media?parent=1879"}],"curies":[{"name":"wp","href":"https:\/\/api.w.org\/{rel}","templated":true}]}}