{"id":149,"date":"2024-06-04T12:32:47","date_gmt":"2024-06-04T10:32:47","guid":{"rendered":"https:\/\/www.belfor.com\/dk\/?page_id=149"},"modified":"2025-10-01T14:41:03","modified_gmt":"2025-10-01T12:41:03","slug":"vaerdier","status":"publish","type":"page","link":"https:\/\/www.belfor.com\/dk\/da\/om-os\/vaerdier\/","title":{"rendered":"V\u00e6rdier"},"content":{"rendered":"<div class=\"m-banner m-banner--small  -version-2 order-default\" >\n\n\t\n\t\n\t<div class=\"m-banner__container container-fluid\" style='--columns-ratio: 50%;background-color: #ffffff;'>\n\n\t\t\n\t\t<div class=\"m-banner__inner container flex-left style-light\">\n\n\t\t\t<div class=\"l-banner  l-gt-custom l-gb-custom\" style=\"--l-gt-padding: 4.5rem;--l-gb-padding: 4.5rem;\">\n\n\t\t\t\t\n<div class=\"l-banner__text\">\n        <div class=\"l-banner__inner text-left\">\n\n        <div class=\"c-heading -h1\">\n\t\t\t                <div class=\"c-heading__pre\" >\n\t\t\t\t\tOm os                <\/div>\n\t\t\t\n\t\t\t\t\t\t\t<h1 style=\"--font-size-mobile:3.5rem;color:#000000;\" class=\"c-heading__title\">V\u00e6rdier<\/h1>\t\t\t\n\t\t\t        <\/div>\n\n\t\t    <\/div>\n    \n\t<\/div>\n\n    <div class=\"l-banner__media\">\n\t\t\t\t\t\n\t\t\t\t            <div class=\"c-image\">\n            <figure class=\"c-image__media c-image__primary\">\n                <img decoding=\"async\" class=\"c-image__src lazy\" loading=\"lazy\" src=\"https:\/\/www.belfor.com\/dk\/wp-content\/uploads\/sites\/5\/2024\/09\/Cover-1-1-1024x512.jpg\"  alt=\"BELFOR logo\" width=\"1024\" height=\"512\"\/>            <\/figure>\n        <\/div>\n    \n\t\t\t\n\t\t    <\/div>\n\n\t\t\t<\/div>\n\n\t\t\t\t\t<\/div>\n\t<\/div>\n\n    <!-- scroll down-->\n    <div class=\"scroll-down\">\n        <div class=\"scroll-down__line-box line-box\">\n            <div class=\"line\"><\/div>\n        <\/div>\n        <div class=\"scroll-down__icon\">\n            <svg class=\"o-icon u-fill-current\" aria-hidden=\"true\">\n                <use xlink:href=\"#scroll-down\"><\/use>\n            <\/svg>\n        <\/div>\n    <\/div>\n    <!-- scroll down : end-->\n\n<\/div>\n\n\n<div class=\"m-breadcrumb \">\n\t\n\t<div class=\"blog-breadcrumb\">\n\t\t<div class=\"blog-breadcrumb__inner inner-frame\">\n\t\t\t<span property=\"itemListElement\" typeof=\"ListItem\"><a property=\"item\" typeof=\"WebPage\" title=\"Go to BELFOR.\" href=\"https:\/\/www.belfor.com\/\" class=\"main-home\" ><span property=\"name\">BELFOR<\/span><\/a><meta property=\"position\" content=\"1\"><\/span> &gt; <span property=\"itemListElement\" typeof=\"ListItem\"><a property=\"item\" typeof=\"WebPage\" title=\"Go to BELFOR Denmark.\" href=\"https:\/\/www.belfor.com\/dk\/da\/\" class=\"home\" ><span property=\"name\">BELFOR Denmark<\/span><\/a><meta property=\"position\" content=\"2\"><\/span> &gt; <span property=\"itemListElement\" typeof=\"ListItem\"><a property=\"item\" typeof=\"WebPage\" title=\"Go to Vidensbank.\" href=\"https:\/\/www.belfor.com\/dk\/da\/vidensbank\/\" class=\"post-root post post-post\" aria-current=\"page\"><span property=\"name\">Vidensbank<\/span><\/a><meta property=\"position\" content=\"3\"><\/span>\t\t<\/div>\n\t<\/div>\n\n<\/div>\n\n\n<div class=\"m-wrapper  mt mb-custom -version-7 container\" style='--margin-bottom: 15rem;'>\n\n\t\n\t\n\t<div class=\"m-wrapper__inner\">\n\t\t\n\n<div class=\"m-block l-links-list   gt gb\"  >\n\n\t    <div class=\"m-block__container container\"\n         style=\"\">\n\n        <div class=\"l-heading text-center l-heading-v1\">\n\t\t\t        <div class=\"c-heading -h2 \">\n\t\t\n\t\t\n\t\t\t\t\t<h2  class=\"c-heading__title\">L\u00e6s mere<\/h2>\t\t\n\t\t    <\/div>\n\n\t\t\t                <ul>\n\t\t\t\t\t                        <li>\n\t\t\t\t\t\t\t\n\t\t\t\t\t\t\t\t                                    <a href=\"\/dk\/da\/om-os\/om-belfor\/\"\n\t\t\t\t\t\t\t\t\t\t                                        class=\"link\">Om BELFOR                                    <\/a>\n\t\t\t\t\t\t\t\t\n\t\t\t\t\t\t\t                        <\/li>\n\t\t\t\t\t                        <li>\n\t\t\t\t\t\t\t\n\t\t\t\t\t\t\t\t                                    <a href=\"\/dk\/da\/om-os\/vaerdier\/\"\n\t\t\t\t\t\t\t\t\t\t                                        class=\"link\">V\u00e6rdier                                    <\/a>\n\t\t\t\t\t\t\t\t\n\t\t\t\t\t\t\t                        <\/li>\n\t\t\t\t\t                        <li>\n\t\t\t\t\t\t\t\n\t\t\t\t\t\t\t\t                                    <a href=\"\/dk\/da\/om-os\/baeredygtighed\/\"\n\t\t\t\t\t\t\t\t\t\t                                        class=\"link\">B\u00e6redygtighed                                    <\/a>\n\t\t\t\t\t\t\t\t\n\t\t\t\t\t\t\t                        <\/li>\n\t\t\t\t\t                        <li>\n\t\t\t\t\t\t\t\n\t\t\t\t\t\t\t\t                                    <a href=\"\/dk\/da\/om-os\/innovation\/\"\n\t\t\t\t\t\t\t\t\t\t                                        class=\"link\">Innovation                                    <\/a>\n\t\t\t\t\t\t\t\t\n\t\t\t\t\t\t\t                        <\/li>\n\t\t\t\t\t                        <li>\n\t\t\t\t\t\t\t\n\t\t\t\t\t\t\t\t                                    <a href=\"\/dk\/da\/om-os\/vi-er-en-del-af-servicenormen\/\"\n\t\t\t\t\t\t\t\t\t\t                                        class=\"link\">Vi er en del af servicenormen                                    <\/a>\n\t\t\t\t\t\t\t\t\n\t\t\t\t\t\t\t                        <\/li>\n\t\t\t\t\t                        <li>\n\t\t\t\t\t\t\t\n\t\t\t\t\t\t\t\t                                    <a href=\"\/dk\/da\/om-os\/code-of-conduct\/\"\n\t\t\t\t\t\t\t\t\t\t                                        class=\"link\">Code of Conduct                                    <\/a>\n\t\t\t\t\t\t\t\t\n\t\t\t\t\t\t\t                        <\/li>\n\t\t\t\t\t                        <li>\n\t\t\t\t\t\t\t\n\t\t\t\t\t\t\t\t                                    <a href=\"\/dk\/da\/om-os\/salgs-og-leveringsbetingelser\/\"\n\t\t\t\t\t\t\t\t\t\t                                        class=\"link\">Salgs- og leveringsbetingelser                                    <\/a>\n\t\t\t\t\t\t\t\t\n\t\t\t\t\t\t\t                        <\/li>\n\t\t\t\t\t                        <li>\n\t\t\t\t\t\t\t\n\t\t\t\t\t\t\t\t                                    <a href=\"\/dk\/da\/om-os\/vejledning-til-fakturering\/\"\n\t\t\t\t\t\t\t\t\t\t                                        class=\"link\">Vejledning til fakturering                                    <\/a>\n\t\t\t\t\t\t\t\t\n\t\t\t\t\t\t\t                        <\/li>\n\t\t\t\t\t                <\/ul>\n\t\t\t\n        <\/div>\n    <\/div>\n<\/div>\n\n\n<div class=\"m-block  l-content-2\"  >\n\n\t\n\t\n\t<div class=\"m-block__container container\" style=\"\">\n\n\t\t<div class=\"l-dcbl l-dcbl-v1\">\n\n\t\t\t\n<div class=\"c-block order-default is-vertical\" style=\"--c-block-radius:0px; --c-block-gl: 0%;--c-block-gr: 0%;--c-block-gt: 0%;--c-block-gb: 0%;--columns-ratio: 50%;\">\n    <div class=\"c-block__col c-block__text text-left align-center\"\n         style=\"--c-txt-gl: 0%; --c-txt-gr: 0%; --c-txt-gt: 0%; --c-txt-gb: 0%;\">\n        <div class=\"c-block__inner\">\n\n\t\t\t            \n\t\t\t    <div class=\"c-heading__description is-wysiwyg\">\n        <h2>VI ER TROV\u00c6RDIGE<\/h2>\n<ul>\n<li>Vi tager ansvar for vores kunder, for hinanden og for milj\u00f8et<\/li>\n<li>Vi er \u00e5bne og transparente<\/li>\n<li>Vi t\u00f8r tage beslutninger, ogs\u00e5 de sv\u00e6re beslutninger<\/li>\n<li>Vi siger hvad vi g\u00f8r, og g\u00f8r hvad vi siger<\/li>\n<\/ul>\n<h2>VI ER RESPEKTFULDE<\/h2>\n<ul>\n<li>Respekt er en del af vores DNA over for vores kunder, over for hinanden og over for BELFOR<\/li>\n<li>Vi lytter til hinanden og udviser respekt<\/li>\n<li>Vi tager h\u00e5nd om mennesker og v\u00e6rdier og sikrer os altid, at opgaven afsluttes til kundens tilfredshed<\/li>\n<\/ul>\n<h2>VI ER ENGAGEREDE<\/h2>\n<ul>\n<li>Intet sker uden engagement<\/li>\n<li>Vi str\u00e6ber efter at levere de bedst mulige resultater<\/li>\n<li>Vi tager h\u00e5nd om opgaven fra start til slut og h\u00e5ndterer de udfordringer, vi m\u00f8der p\u00e5 vejen<\/li>\n<li>Vi udvikler hele tiden vores kompetencer og knowhow<\/li>\n<\/ul>\n    <\/div>\n\t\t\t\t\t\t\t    <div class=\"c-block__btn\">\n\t\t\n\t\t\t<a href=\"\/dk\/da\/kontakt\/\"  class=\"c-btn -normal -primary has-icon icon-right \"><div class=\"label-up\"><span class=\"c-btn__txt\">Kontakt os<\/span><span class=\"c-btn__ico\"><svg width=\"30\" height=\"30\" class=\"icon icon-lib-icon-arrow4 \" aria-hidden=\"true\" role=\"img\"><use xlink:href=\"#lib-icon-arrow4\"><\/use><\/svg><\/span><\/div><div class=\"label-up\"><span class=\"c-btn__txt\">Kontakt os<\/span><span class=\"c-btn__ico\"><svg width=\"30\" height=\"30\" class=\"icon icon-lib-icon-arrow4 \" aria-hidden=\"true\" role=\"img\"><use xlink:href=\"#lib-icon-arrow4\"><\/use><\/svg><\/span><\/div><\/a>\n\t\t    <\/div>\n\t        <\/div>\n    <\/div>\n\t<\/div>\n\n\t\t<\/div>\n\n\t<\/div>\n\n\t\n<\/div>\n\n\n\t<\/div>\n<\/div>\n\n\n<div class=\"m-wrapper  gt mb-custom bg-cover bg-center bg-no-repeat -version-3 container-fluid\" style='--margin-bottom: 32.5rem;background-image: url(https:\/\/www.belfor.com\/dk\/wp-content\/uploads\/sites\/5\/2024\/06\/A-group-of-BELFOR-Employees-walking-in-front-of-a-BELFOR-branch_CTA-Bild_2560x1192px.jpg);'>\n\n\t\n\t\n\t<div class=\"m-wrapper__inner\">\n\t\t\n<div class=\"m-block  gt gb -version-3 l-content-simple-1\"  style='--l-container-width: 83rem;'>\n\n\t\n\t\n\t<div class=\"m-block__container container-custom\" style=\"--l-container-width: 83rem\">\n\n\t\t<div class=\"l-heading text-left l-heading-v1\">\n\n\t\t\t    <div class=\"c-heading -h2 \">\n\t\t\n\t\t            <div class=\"c-heading__pre\" >\n\t\t\t\tVi tilbyder den rette ekspertise            <\/div>\n\t\t\n\t\t\t\t\t<h2  class=\"c-heading__title\">BELFOR er den st\u00f8rste skadeservicevirksomhed med tusindvis af kollegaer i hele verden.<\/h2>\t\t\n\t\t    <\/div>\n    <div class=\"c-heading__description is-wysiwyg\">\n        <p>Vi er der for dig, og vi hj\u00e6lper dig bedst igennem din skade<\/p>\n    <\/div>\n\n\t\t\t\t    <div class=\"c-block__btn\">\n\t\t\n\t\t\t<a href=\"\/dk\/da\/kontakt\/\"  class=\"c-btn -normal -primary has-icon icon-right \"><div class=\"label-up\"><span class=\"c-btn__txt\">Kontakt os<\/span><span class=\"c-btn__ico\"><svg width=\"30\" height=\"30\" class=\"icon icon-lib-icon-arrow4 \" aria-hidden=\"true\" role=\"img\"><use xlink:href=\"#lib-icon-arrow4\"><\/use><\/svg><\/span><\/div><div class=\"label-up\"><span class=\"c-btn__txt\">Kontakt os<\/span><span class=\"c-btn__ico\"><svg width=\"30\" height=\"30\" class=\"icon icon-lib-icon-arrow4 \" aria-hidden=\"true\" role=\"img\"><use xlink:href=\"#lib-icon-arrow4\"><\/use><\/svg><\/span><\/div><\/a>\n\t\t    <\/div>\n\t\n\t\t<\/div>\n\n\t<\/div>\n\n\t\n<\/div>\n\n\n\t<\/div>\n<\/div>\n\n\n<div class=\"m-wrapper  gt gb container-fluid\" >\n\n\t\n\t\n\t<div class=\"m-wrapper__inner\">\n\t\t\n<div class=\"m-block  gb-s -version-5 l-content-simple-1\"  >\n\n\t\n\t\n\t<div class=\"m-block__container container\" style=\"\">\n\n\t\t<div class=\"l-heading text-left l-heading-v1\">\n\n\t\t\t    <div class=\"c-heading -h2 \">\n\t\t\n\t\t\n\t\t\t\t\t<h2  class=\"c-heading__title\">Det sker i BELFOR<\/h2>\t\t\n\t\t            <div class=\"c-heading__sub\" >\n\t\t\t\tVi d\u00e6kker hele Danmark            <\/div>\n\t\t    <\/div>\n\n\t\t\t\t    <div class=\"c-block__btn\">\n\t\t\n\t\t\t<a href=\"\/dk\/da\/category\/nyheder\/\"  class=\"c-btn -small -primary \"><div class=\"label-up\"><span class=\"c-btn__txt\">Alle nyheder<\/span><\/div><div class=\"label-up\"><span class=\"c-btn__txt\">Alle nyheder<\/span><\/div><\/a>\n\t\t\n\t\t\t<a href=\"\/dk\/da\/ressourcer\/\"  class=\"c-btn -small -third \"><div class=\"label-up\"><span class=\"c-btn__txt\">Vidensbank<\/span><\/div><div class=\"label-up\"><span class=\"c-btn__txt\">Vidensbank<\/span><\/div><\/a>\n\t\t    <\/div>\n\t\n\t\t<\/div>\n\n\t<\/div>\n\n\t\n<\/div>\n\n\n<div class=\"m-posts  gt gb\"  >\n\n\t\n\t\n\t<div class=\"m-posts__container container\" style=\"\">\n\t\t<div class=\"m-posts__inner\">\n\t\t\t<div class=\"l-rcbl l-posts l-posts-v1\" style=\"--l-block-col: 3; --l-block-gap: 20px\">\n\n\t\t\t\t\t\t\t\t\t\n\t\t\t\t\t\n\n\t\t\t\t\t\t\t\t\t\t\t\t\t\t\t\t\t\t<div class=\"l-posts__col l-posts \">\n\t\t\t\t\t\t\t\t\n<article class=\"c-block c-post-block-v1\">\n\n    <div class=\"c-block__media\">\n        <a class=\"c-block__media-link\" href=\"https:\/\/www.belfor.com\/dk\/da\/resources\/stormen-dave-har-foraarsaget-omfattende-skader\/\">\n\t\t\t<img loading=\"lazy\" decoding=\"async\" width=\"400\" height=\"300\" src=\"https:\/\/www.belfor.com\/dk\/wp-content\/uploads\/sites\/5\/2026\/04\/Stom-tagsten-400x300.jpg\" class=\"attachment-ds_medium size-ds_medium wp-post-image\" alt=\"Et tag efter en storm\" srcset=\"https:\/\/www.belfor.com\/dk\/wp-content\/uploads\/sites\/5\/2026\/04\/Stom-tagsten-400x300.jpg 400w, https:\/\/www.belfor.com\/dk\/wp-content\/uploads\/sites\/5\/2026\/04\/Stom-tagsten-300x225.jpg 300w, https:\/\/www.belfor.com\/dk\/wp-content\/uploads\/sites\/5\/2026\/04\/Stom-tagsten-1024x768.jpg 1024w, https:\/\/www.belfor.com\/dk\/wp-content\/uploads\/sites\/5\/2026\/04\/Stom-tagsten-768x576.jpg 768w, https:\/\/www.belfor.com\/dk\/wp-content\/uploads\/sites\/5\/2026\/04\/Stom-tagsten-200x150.jpg 200w, https:\/\/www.belfor.com\/dk\/wp-content\/uploads\/sites\/5\/2026\/04\/Stom-tagsten.jpg 1920w\" sizes=\"auto, (max-width: 400px) 100vw, 400px\" \/>\n        <\/a>\n    <\/div>\n\n\n    <div class=\"c-block__body\">\n\t\t            <div class=\"c-block__cats\">\n\t\t\t\t                    <a class=\"c-block__category\"\n                       href=\"https:\/\/www.belfor.com\/dk\/da\/category\/nyheder\/\">\n\t\t\t\t\t\tNyheder                    <\/a>\n\t\t\t\t\t            <\/div>\n\t\t\n\t\t\n\t\t            <h3 class=\"c-block__title\">\n                <a href=\"https:\/\/www.belfor.com\/dk\/da\/resources\/stormen-dave-har-foraarsaget-omfattende-skader\/\">Stormen Dave har for\u00e5rsaget omfattende skader<\/a>\n            <\/h3>\n\t\t\n\t\t    <\/div>\n<\/article>\n\t\t\t\t\t\t\t<\/div>\n\t\t\t\t\t\t\t\t\t\t\t\t\t<div class=\"l-posts__col l-posts \">\n\t\t\t\t\t\t\t\t\n<article class=\"c-block c-post-block-v1\">\n\n    <div class=\"c-block__media\">\n        <a class=\"c-block__media-link\" href=\"https:\/\/www.belfor.com\/dk\/da\/resources\/flere-kvinder-i-skadeservicebranchen-belfor-arbejder-for-stoerre-mangfoldighed\/\">\n\t\t\t<img loading=\"lazy\" decoding=\"async\" width=\"300\" height=\"300\" src=\"https:\/\/www.belfor.com\/dk\/wp-content\/uploads\/sites\/5\/2026\/03\/Kvindernes-Kampdag-2026-300x300.jpg\" class=\"attachment-ds_medium size-ds_medium wp-post-image\" alt=\"En collage af BELFOR-medarbejdere\" srcset=\"https:\/\/www.belfor.com\/dk\/wp-content\/uploads\/sites\/5\/2026\/03\/Kvindernes-Kampdag-2026-300x300.jpg 300w, https:\/\/www.belfor.com\/dk\/wp-content\/uploads\/sites\/5\/2026\/03\/Kvindernes-Kampdag-2026-1024x1024.jpg 1024w, https:\/\/www.belfor.com\/dk\/wp-content\/uploads\/sites\/5\/2026\/03\/Kvindernes-Kampdag-2026-150x150.jpg 150w, https:\/\/www.belfor.com\/dk\/wp-content\/uploads\/sites\/5\/2026\/03\/Kvindernes-Kampdag-2026-768x768.jpg 768w, https:\/\/www.belfor.com\/dk\/wp-content\/uploads\/sites\/5\/2026\/03\/Kvindernes-Kampdag-2026-200x200.jpg 200w, https:\/\/www.belfor.com\/dk\/wp-content\/uploads\/sites\/5\/2026\/03\/Kvindernes-Kampdag-2026.jpg 1200w\" sizes=\"auto, (max-width: 300px) 100vw, 300px\" \/>\n        <\/a>\n    <\/div>\n\n\n    <div class=\"c-block__body\">\n\t\t            <div class=\"c-block__cats\">\n\t\t\t\t                    <a class=\"c-block__category\"\n                       href=\"https:\/\/www.belfor.com\/dk\/da\/category\/nyheder\/\">\n\t\t\t\t\t\tNyheder                    <\/a>\n\t\t\t\t\t            <\/div>\n\t\t\n\t\t\n\t\t            <h3 class=\"c-block__title\">\n                <a href=\"https:\/\/www.belfor.com\/dk\/da\/resources\/flere-kvinder-i-skadeservicebranchen-belfor-arbejder-for-stoerre-mangfoldighed\/\">Flere kvinder i skadeservicebranchen: BELFOR arbejder for st\u00f8rre mangfoldighed<\/a>\n            <\/h3>\n\t\t\n\t\t    <\/div>\n<\/article>\n\t\t\t\t\t\t\t<\/div>\n\t\t\t\t\t\t\t\t\t\t\t\t\t<div class=\"l-posts__col l-posts \">\n\t\t\t\t\t\t\t\t\n<article class=\"c-block c-post-block-v1\">\n\n    <div class=\"c-block__media\">\n        <a class=\"c-block__media-link\" href=\"https:\/\/www.belfor.com\/dk\/da\/resources\/medarbejderindsats-ud-over-det-forventede-hurtig-hjaelp-til-borger-i-snevejret\/\">\n\t\t\t<img loading=\"lazy\" decoding=\"async\" width=\"400\" height=\"300\" src=\"https:\/\/www.belfor.com\/dk\/wp-content\/uploads\/sites\/5\/2026\/02\/Photoshoppet-snebillede-400x300.jpg\" class=\"attachment-ds_medium size-ds_medium wp-post-image\" alt=\"Fjerne sne ved siden af en bil med en sneskovl\" srcset=\"https:\/\/www.belfor.com\/dk\/wp-content\/uploads\/sites\/5\/2026\/02\/Photoshoppet-snebillede-400x300.jpg 400w, https:\/\/www.belfor.com\/dk\/wp-content\/uploads\/sites\/5\/2026\/02\/Photoshoppet-snebillede-300x225.jpg 300w, https:\/\/www.belfor.com\/dk\/wp-content\/uploads\/sites\/5\/2026\/02\/Photoshoppet-snebillede-1024x768.jpg 1024w, https:\/\/www.belfor.com\/dk\/wp-content\/uploads\/sites\/5\/2026\/02\/Photoshoppet-snebillede-768x576.jpg 768w, https:\/\/www.belfor.com\/dk\/wp-content\/uploads\/sites\/5\/2026\/02\/Photoshoppet-snebillede-200x150.jpg 200w, https:\/\/www.belfor.com\/dk\/wp-content\/uploads\/sites\/5\/2026\/02\/Photoshoppet-snebillede.jpg 1920w\" sizes=\"auto, (max-width: 400px) 100vw, 400px\" \/>\n        <\/a>\n    <\/div>\n\n\n    <div class=\"c-block__body\">\n\t\t            <div class=\"c-block__cats\">\n\t\t\t\t                    <a class=\"c-block__category\"\n                       href=\"https:\/\/www.belfor.com\/dk\/da\/category\/nyheder\/\">\n\t\t\t\t\t\tNyheder                    <\/a>\n\t\t\t\t\t            <\/div>\n\t\t\n\t\t\n\t\t            <h3 class=\"c-block__title\">\n                <a href=\"https:\/\/www.belfor.com\/dk\/da\/resources\/medarbejderindsats-ud-over-det-forventede-hurtig-hjaelp-til-borger-i-snevejret\/\">Medarbejderindsats ud over det forventede: Hurtig hj\u00e6lp til borger i snevejret<\/a>\n            <\/h3>\n\t\t\n\t\t    <\/div>\n<\/article>\n\t\t\t\t\t\t\t<\/div>\n\t\t\t\t\t\t\t\t\t\t\t\t\n\t\t\t\t\n\t\t\t<\/div>\n\t\t<\/div>\n\t<\/div>\n<\/div>\n\n\n\t<\/div>\n<\/div>\n","protected":false},"excerpt":{"rendered":"","protected":false},"author":8,"featured_media":425,"parent":145,"menu_order":2,"comment_status":"closed","ping_status":"closed","template":"","meta":{"_acf_changed":false,"inline_featured_image":false,"footnotes":""},"class_list":["post-149","page","type-page","status-publish","has-post-thumbnail","hentry"],"acf":[],"yoast_head":"<!-- This site is optimized with the Yoast SEO plugin v27.4 - https:\/\/yoast.com\/product\/yoast-seo-wordpress\/ -->\n<title>V\u00e6rdier - BELFOR Denmark<\/title>\n<meta name=\"robots\" content=\"index, follow, max-snippet:-1, max-image-preview:large, max-video-preview:-1\" \/>\n<link rel=\"canonical\" href=\"https:\/\/www.belfor.com\/dk\/da\/om-os\/vaerdier\/\" \/>\n<meta property=\"og:locale\" content=\"da_DK\" \/>\n<meta property=\"og:type\" content=\"article\" \/>\n<meta property=\"og:title\" content=\"V\u00e6rdier - BELFOR Denmark\" \/>\n<meta property=\"og:url\" content=\"https:\/\/www.belfor.com\/dk\/da\/om-os\/vaerdier\/\" \/>\n<meta property=\"og:site_name\" content=\"BELFOR Denmark\" \/>\n<meta property=\"article:modified_time\" content=\"2025-10-01T12:41:03+00:00\" \/>\n<meta property=\"og:image\" content=\"https:\/\/www.belfor.com\/dk\/wp-content\/uploads\/sites\/5\/2024\/06\/A-female-BELFOR-employee-smiling_1920x1080px.jpg\" \/>\n\t<meta property=\"og:image:width\" content=\"1920\" \/>\n\t<meta property=\"og:image:height\" content=\"1080\" \/>\n\t<meta property=\"og:image:type\" content=\"image\/jpeg\" \/>\n<meta name=\"twitter:card\" content=\"summary_large_image\" \/>\n<meta name=\"twitter:label1\" content=\"Est. reading time\" \/>\n\t<meta name=\"twitter:data1\" content=\"1 minute\" \/>\n<script type=\"application\/ld+json\" class=\"yoast-schema-graph\">{\"@context\":\"https:\\\/\\\/schema.org\",\"@graph\":[{\"@type\":\"WebPage\",\"@id\":\"https:\\\/\\\/www.belfor.com\\\/dk\\\/da\\\/om-os\\\/vaerdier\\\/\",\"url\":\"https:\\\/\\\/www.belfor.com\\\/dk\\\/da\\\/om-os\\\/vaerdier\\\/\",\"name\":\"V\u00e6rdier - BELFOR Denmark\",\"isPartOf\":{\"@id\":\"https:\\\/\\\/www.belfor.com\\\/dk\\\/da\\\/#website\"},\"primaryImageOfPage\":{\"@id\":\"https:\\\/\\\/www.belfor.com\\\/dk\\\/da\\\/om-os\\\/vaerdier\\\/#primaryimage\"},\"image\":{\"@id\":\"https:\\\/\\\/www.belfor.com\\\/dk\\\/da\\\/om-os\\\/vaerdier\\\/#primaryimage\"},\"thumbnailUrl\":\"https:\\\/\\\/www.belfor.com\\\/dk\\\/wp-content\\\/uploads\\\/sites\\\/5\\\/2024\\\/06\\\/A-female-BELFOR-employee-smiling_1920x1080px.jpg\",\"datePublished\":\"2024-06-04T10:32:47+00:00\",\"dateModified\":\"2025-10-01T12:41:03+00:00\",\"breadcrumb\":{\"@id\":\"https:\\\/\\\/www.belfor.com\\\/dk\\\/da\\\/om-os\\\/vaerdier\\\/#breadcrumb\"},\"inLanguage\":\"da-DK\",\"potentialAction\":[{\"@type\":\"ReadAction\",\"target\":[\"https:\\\/\\\/www.belfor.com\\\/dk\\\/da\\\/om-os\\\/vaerdier\\\/\"]}]},{\"@type\":\"ImageObject\",\"inLanguage\":\"da-DK\",\"@id\":\"https:\\\/\\\/www.belfor.com\\\/dk\\\/da\\\/om-os\\\/vaerdier\\\/#primaryimage\",\"url\":\"https:\\\/\\\/www.belfor.com\\\/dk\\\/wp-content\\\/uploads\\\/sites\\\/5\\\/2024\\\/06\\\/A-female-BELFOR-employee-smiling_1920x1080px.jpg\",\"contentUrl\":\"https:\\\/\\\/www.belfor.com\\\/dk\\\/wp-content\\\/uploads\\\/sites\\\/5\\\/2024\\\/06\\\/A-female-BELFOR-employee-smiling_1920x1080px.jpg\",\"width\":1920,\"height\":1080,\"caption\":\"En kvindelig BELFOR-medarbejder smiler\"},{\"@type\":\"BreadcrumbList\",\"@id\":\"https:\\\/\\\/www.belfor.com\\\/dk\\\/da\\\/om-os\\\/vaerdier\\\/#breadcrumb\",\"itemListElement\":[{\"@type\":\"ListItem\",\"position\":1,\"name\":\"Home\",\"item\":\"https:\\\/\\\/www.belfor.com\\\/dk\\\/da\\\/\"},{\"@type\":\"ListItem\",\"position\":2,\"name\":\"Om os\",\"item\":\"https:\\\/\\\/www.belfor.com\\\/dk\\\/da\\\/om-os\\\/\"},{\"@type\":\"ListItem\",\"position\":3,\"name\":\"V\u00e6rdier\"}]},{\"@type\":\"WebSite\",\"@id\":\"https:\\\/\\\/www.belfor.com\\\/dk\\\/da\\\/#website\",\"url\":\"https:\\\/\\\/www.belfor.com\\\/dk\\\/da\\\/\",\"name\":\"BELFOR Denmark\",\"description\":\"\",\"potentialAction\":[{\"@type\":\"SearchAction\",\"target\":{\"@type\":\"EntryPoint\",\"urlTemplate\":\"https:\\\/\\\/www.belfor.com\\\/dk\\\/da\\\/?s={search_term_string}\"},\"query-input\":{\"@type\":\"PropertyValueSpecification\",\"valueRequired\":true,\"valueName\":\"search_term_string\"}}],\"inLanguage\":\"da-DK\"}]}<\/script>\n<!-- \/ Yoast SEO plugin. -->","yoast_head_json":{"title":"V\u00e6rdier - BELFOR Denmark","robots":{"index":"index","follow":"follow","max-snippet":"max-snippet:-1","max-image-preview":"max-image-preview:large","max-video-preview":"max-video-preview:-1"},"canonical":"https:\/\/www.belfor.com\/dk\/da\/om-os\/vaerdier\/","og_locale":"da_DK","og_type":"article","og_title":"V\u00e6rdier - BELFOR Denmark","og_url":"https:\/\/www.belfor.com\/dk\/da\/om-os\/vaerdier\/","og_site_name":"BELFOR Denmark","article_modified_time":"2025-10-01T12:41:03+00:00","og_image":[{"width":1920,"height":1080,"url":"https:\/\/www.belfor.com\/dk\/wp-content\/uploads\/sites\/5\/2024\/06\/A-female-BELFOR-employee-smiling_1920x1080px.jpg","type":"image\/jpeg"}],"twitter_card":"summary_large_image","twitter_misc":{"Est. reading time":"1 minute"},"schema":{"@context":"https:\/\/schema.org","@graph":[{"@type":"WebPage","@id":"https:\/\/www.belfor.com\/dk\/da\/om-os\/vaerdier\/","url":"https:\/\/www.belfor.com\/dk\/da\/om-os\/vaerdier\/","name":"V\u00e6rdier - BELFOR Denmark","isPartOf":{"@id":"https:\/\/www.belfor.com\/dk\/da\/#website"},"primaryImageOfPage":{"@id":"https:\/\/www.belfor.com\/dk\/da\/om-os\/vaerdier\/#primaryimage"},"image":{"@id":"https:\/\/www.belfor.com\/dk\/da\/om-os\/vaerdier\/#primaryimage"},"thumbnailUrl":"https:\/\/www.belfor.com\/dk\/wp-content\/uploads\/sites\/5\/2024\/06\/A-female-BELFOR-employee-smiling_1920x1080px.jpg","datePublished":"2024-06-04T10:32:47+00:00","dateModified":"2025-10-01T12:41:03+00:00","breadcrumb":{"@id":"https:\/\/www.belfor.com\/dk\/da\/om-os\/vaerdier\/#breadcrumb"},"inLanguage":"da-DK","potentialAction":[{"@type":"ReadAction","target":["https:\/\/www.belfor.com\/dk\/da\/om-os\/vaerdier\/"]}]},{"@type":"ImageObject","inLanguage":"da-DK","@id":"https:\/\/www.belfor.com\/dk\/da\/om-os\/vaerdier\/#primaryimage","url":"https:\/\/www.belfor.com\/dk\/wp-content\/uploads\/sites\/5\/2024\/06\/A-female-BELFOR-employee-smiling_1920x1080px.jpg","contentUrl":"https:\/\/www.belfor.com\/dk\/wp-content\/uploads\/sites\/5\/2024\/06\/A-female-BELFOR-employee-smiling_1920x1080px.jpg","width":1920,"height":1080,"caption":"En kvindelig BELFOR-medarbejder smiler"},{"@type":"BreadcrumbList","@id":"https:\/\/www.belfor.com\/dk\/da\/om-os\/vaerdier\/#breadcrumb","itemListElement":[{"@type":"ListItem","position":1,"name":"Home","item":"https:\/\/www.belfor.com\/dk\/da\/"},{"@type":"ListItem","position":2,"name":"Om os","item":"https:\/\/www.belfor.com\/dk\/da\/om-os\/"},{"@type":"ListItem","position":3,"name":"V\u00e6rdier"}]},{"@type":"WebSite","@id":"https:\/\/www.belfor.com\/dk\/da\/#website","url":"https:\/\/www.belfor.com\/dk\/da\/","name":"BELFOR Denmark","description":"","potentialAction":[{"@type":"SearchAction","target":{"@type":"EntryPoint","urlTemplate":"https:\/\/www.belfor.com\/dk\/da\/?s={search_term_string}"},"query-input":{"@type":"PropertyValueSpecification","valueRequired":true,"valueName":"search_term_string"}}],"inLanguage":"da-DK"}]}},"_links":{"self":[{"href":"https:\/\/www.belfor.com\/dk\/da\/wp-json\/wp\/v2\/pages\/149","targetHints":{"allow":["GET"]}}],"collection":[{"href":"https:\/\/www.belfor.com\/dk\/da\/wp-json\/wp\/v2\/pages"}],"about":[{"href":"https:\/\/www.belfor.com\/dk\/da\/wp-json\/wp\/v2\/types\/page"}],"author":[{"embeddable":true,"href":"https:\/\/www.belfor.com\/dk\/da\/wp-json\/wp\/v2\/users\/8"}],"replies":[{"embeddable":true,"href":"https:\/\/www.belfor.com\/dk\/da\/wp-json\/wp\/v2\/comments?post=149"}],"version-history":[{"count":5,"href":"https:\/\/www.belfor.com\/dk\/da\/wp-json\/wp\/v2\/pages\/149\/revisions"}],"predecessor-version":[{"id":1817,"href":"https:\/\/www.belfor.com\/dk\/da\/wp-json\/wp\/v2\/pages\/149\/revisions\/1817"}],"up":[{"embeddable":true,"href":"https:\/\/www.belfor.com\/dk\/da\/wp-json\/wp\/v2\/pages\/145"}],"wp:featuredmedia":[{"embeddable":true,"href":"https:\/\/www.belfor.com\/dk\/da\/wp-json\/wp\/v2\/media\/425"}],"wp:attachment":[{"href":"https:\/\/www.belfor.com\/dk\/da\/wp-json\/wp\/v2\/media?parent=149"}],"curies":[{"name":"wp","href":"https:\/\/api.w.org\/{rel}","templated":true}]}}