{"id":2582,"date":"2024-08-21T15:56:12","date_gmt":"2024-08-21T13:56:12","guid":{"rendered":"https:\/\/www.belfor.com\/ch\/se-desabonner-de-la-newsletter-de-belfor-suisse-sa\/"},"modified":"2024-11-21T16:10:40","modified_gmt":"2024-11-21T14:10:40","slug":"se-desabonner-de-la-newsletter-de-belfor-suisse-sa","status":"publish","type":"page","link":"https:\/\/www.belfor.com\/ch\/fr\/se-desabonner-de-la-newsletter-de-belfor-suisse-sa\/","title":{"rendered":"Se d\u00e9sabonner de la newsletter de BELFOR (Suisse) SA"},"content":{"rendered":"\n<h2 class=\"wp-block-heading\">Se d\u00e9sabonner de la newsletter de BELFOR (Suisse) SA<\/h2>\n\n\n\n<p>D\u00e8s \u00e0 pr\u00e9sent, vous ne recevrez plus de newsletter. Nous regrettons que vous ne souhaitiez plus recevoir d&#8217;informations sur nos actions ainsi que les derni\u00e8res actualit\u00e9s. <\/p>\n\n\n\n<p>Si vous vous \u00eates d\u00e9sinscrit par erreur, nous vous r\u00e9inscrirons bien s\u00fbr volontiers dans notre liste de diffusion. Il vous suffit d&#8217;envoyer un bref e-mail \u00e0 communication@ch.belfor.com.<\/p>\n\n\n\n<p>Avec nos meilleures salutations.<\/p>\n\n\n\n<p>Votre \u00e9quipe BELFOR (Suisse)<\/p>\n","protected":false},"excerpt":{"rendered":"<p>Se d\u00e9sabonner de la newsletter de BELFOR (Suisse) SA D\u00e8s \u00e0 pr\u00e9sent, vous ne recevrez plus de newsletter. Nous regrettons que vous ne souhaitiez plus recevoir d&#8217;informations sur nos actions ainsi que les derni\u00e8res actualit\u00e9s. Si vous vous \u00eates d\u00e9sinscrit par erreur, nous vous r\u00e9inscrirons bien s\u00fbr volontiers dans notre liste de diffusion. Il vous&#8230;<\/p>\n","protected":false},"author":8,"featured_media":0,"parent":0,"menu_order":53,"comment_status":"closed","ping_status":"closed","template":"","meta":{"_acf_changed":false,"inline_featured_image":false,"footnotes":""},"class_list":["post-2582","page","type-page","status-publish","hentry"],"acf":[],"yoast_head":"<!-- This site is optimized with the Yoast SEO plugin v27.3 - https:\/\/yoast.com\/product\/yoast-seo-wordpress\/ -->\n<title>Se d\u00e9sabonner de la newsletter de BELFOR (Suisse) SA - BELFOR Switzerland<\/title>\n<meta name=\"robots\" content=\"noindex, follow\" \/>\n<meta property=\"og:locale\" content=\"fr_FR\" \/>\n<meta property=\"og:type\" content=\"article\" \/>\n<meta property=\"og:title\" content=\"Se d\u00e9sabonner de la newsletter de BELFOR (Suisse) SA - BELFOR Switzerland\" \/>\n<meta property=\"og:description\" content=\"Se d\u00e9sabonner de la newsletter de BELFOR (Suisse) SA D\u00e8s \u00e0 pr\u00e9sent, vous ne recevrez plus de newsletter. Nous regrettons que vous ne souhaitiez plus recevoir d&#8217;informations sur nos actions ainsi que les derni\u00e8res actualit\u00e9s. Si vous vous \u00eates d\u00e9sinscrit par erreur, nous vous r\u00e9inscrirons bien s\u00fbr volontiers dans notre liste de diffusion. Il vous...\" \/>\n<meta property=\"og:url\" content=\"https:\/\/www.belfor.com\/ch\/fr\/se-desabonner-de-la-newsletter-de-belfor-suisse-sa\/\" \/>\n<meta property=\"og:site_name\" content=\"BELFOR Switzerland\" \/>\n<meta property=\"article:modified_time\" content=\"2024-11-21T14:10:40+00:00\" \/>\n<meta name=\"twitter:card\" content=\"summary_large_image\" \/>\n<meta name=\"twitter:label1\" content=\"Est. reading time\" \/>\n\t<meta name=\"twitter:data1\" content=\"1 minute\" \/>\n<script type=\"application\/ld+json\" class=\"yoast-schema-graph\">{\"@context\":\"https:\\\/\\\/schema.org\",\"@graph\":[{\"@type\":\"WebPage\",\"@id\":\"https:\\\/\\\/www.belfor.com\\\/ch\\\/fr\\\/se-desabonner-de-la-newsletter-de-belfor-suisse-sa\\\/\",\"url\":\"https:\\\/\\\/www.belfor.com\\\/ch\\\/fr\\\/se-desabonner-de-la-newsletter-de-belfor-suisse-sa\\\/\",\"name\":\"Se d\u00e9sabonner de la newsletter de BELFOR (Suisse) SA - BELFOR Switzerland\",\"isPartOf\":{\"@id\":\"https:\\\/\\\/www.belfor.com\\\/ch\\\/fr\\\/#website\"},\"datePublished\":\"2024-08-21T13:56:12+00:00\",\"dateModified\":\"2024-11-21T14:10:40+00:00\",\"breadcrumb\":{\"@id\":\"https:\\\/\\\/www.belfor.com\\\/ch\\\/fr\\\/se-desabonner-de-la-newsletter-de-belfor-suisse-sa\\\/#breadcrumb\"},\"inLanguage\":\"fr-FR\",\"potentialAction\":[{\"@type\":\"ReadAction\",\"target\":[\"https:\\\/\\\/www.belfor.com\\\/ch\\\/fr\\\/se-desabonner-de-la-newsletter-de-belfor-suisse-sa\\\/\"]}]},{\"@type\":\"BreadcrumbList\",\"@id\":\"https:\\\/\\\/www.belfor.com\\\/ch\\\/fr\\\/se-desabonner-de-la-newsletter-de-belfor-suisse-sa\\\/#breadcrumb\",\"itemListElement\":[{\"@type\":\"ListItem\",\"position\":1,\"name\":\"Home\",\"item\":\"https:\\\/\\\/www.belfor.com\\\/ch\\\/fr\\\/\"},{\"@type\":\"ListItem\",\"position\":2,\"name\":\"Se d\u00e9sabonner de la newsletter de BELFOR (Suisse) SA\"}]},{\"@type\":\"WebSite\",\"@id\":\"https:\\\/\\\/www.belfor.com\\\/ch\\\/fr\\\/#website\",\"url\":\"https:\\\/\\\/www.belfor.com\\\/ch\\\/fr\\\/\",\"name\":\"BELFOR Switzerland\",\"description\":\"\",\"potentialAction\":[{\"@type\":\"SearchAction\",\"target\":{\"@type\":\"EntryPoint\",\"urlTemplate\":\"https:\\\/\\\/www.belfor.com\\\/ch\\\/fr\\\/?s={search_term_string}\"},\"query-input\":{\"@type\":\"PropertyValueSpecification\",\"valueRequired\":true,\"valueName\":\"search_term_string\"}}],\"inLanguage\":\"fr-FR\"}]}<\/script>\n<!-- \/ Yoast SEO plugin. -->","yoast_head_json":{"title":"Se d\u00e9sabonner de la newsletter de BELFOR (Suisse) SA - BELFOR Switzerland","robots":{"index":"noindex","follow":"follow"},"og_locale":"fr_FR","og_type":"article","og_title":"Se d\u00e9sabonner de la newsletter de BELFOR (Suisse) SA - BELFOR Switzerland","og_description":"Se d\u00e9sabonner de la newsletter de BELFOR (Suisse) SA D\u00e8s \u00e0 pr\u00e9sent, vous ne recevrez plus de newsletter. Nous regrettons que vous ne souhaitiez plus recevoir d&#8217;informations sur nos actions ainsi que les derni\u00e8res actualit\u00e9s. Si vous vous \u00eates d\u00e9sinscrit par erreur, nous vous r\u00e9inscrirons bien s\u00fbr volontiers dans notre liste de diffusion. Il vous...","og_url":"https:\/\/www.belfor.com\/ch\/fr\/se-desabonner-de-la-newsletter-de-belfor-suisse-sa\/","og_site_name":"BELFOR Switzerland","article_modified_time":"2024-11-21T14:10:40+00:00","twitter_card":"summary_large_image","twitter_misc":{"Est. reading time":"1 minute"},"schema":{"@context":"https:\/\/schema.org","@graph":[{"@type":"WebPage","@id":"https:\/\/www.belfor.com\/ch\/fr\/se-desabonner-de-la-newsletter-de-belfor-suisse-sa\/","url":"https:\/\/www.belfor.com\/ch\/fr\/se-desabonner-de-la-newsletter-de-belfor-suisse-sa\/","name":"Se d\u00e9sabonner de la newsletter de BELFOR (Suisse) SA - BELFOR Switzerland","isPartOf":{"@id":"https:\/\/www.belfor.com\/ch\/fr\/#website"},"datePublished":"2024-08-21T13:56:12+00:00","dateModified":"2024-11-21T14:10:40+00:00","breadcrumb":{"@id":"https:\/\/www.belfor.com\/ch\/fr\/se-desabonner-de-la-newsletter-de-belfor-suisse-sa\/#breadcrumb"},"inLanguage":"fr-FR","potentialAction":[{"@type":"ReadAction","target":["https:\/\/www.belfor.com\/ch\/fr\/se-desabonner-de-la-newsletter-de-belfor-suisse-sa\/"]}]},{"@type":"BreadcrumbList","@id":"https:\/\/www.belfor.com\/ch\/fr\/se-desabonner-de-la-newsletter-de-belfor-suisse-sa\/#breadcrumb","itemListElement":[{"@type":"ListItem","position":1,"name":"Home","item":"https:\/\/www.belfor.com\/ch\/fr\/"},{"@type":"ListItem","position":2,"name":"Se d\u00e9sabonner de la newsletter de BELFOR (Suisse) SA"}]},{"@type":"WebSite","@id":"https:\/\/www.belfor.com\/ch\/fr\/#website","url":"https:\/\/www.belfor.com\/ch\/fr\/","name":"BELFOR Switzerland","description":"","potentialAction":[{"@type":"SearchAction","target":{"@type":"EntryPoint","urlTemplate":"https:\/\/www.belfor.com\/ch\/fr\/?s={search_term_string}"},"query-input":{"@type":"PropertyValueSpecification","valueRequired":true,"valueName":"search_term_string"}}],"inLanguage":"fr-FR"}]}},"_links":{"self":[{"href":"https:\/\/www.belfor.com\/ch\/fr\/wp-json\/wp\/v2\/pages\/2582","targetHints":{"allow":["GET"]}}],"collection":[{"href":"https:\/\/www.belfor.com\/ch\/fr\/wp-json\/wp\/v2\/pages"}],"about":[{"href":"https:\/\/www.belfor.com\/ch\/fr\/wp-json\/wp\/v2\/types\/page"}],"author":[{"embeddable":true,"href":"https:\/\/www.belfor.com\/ch\/fr\/wp-json\/wp\/v2\/users\/8"}],"replies":[{"embeddable":true,"href":"https:\/\/www.belfor.com\/ch\/fr\/wp-json\/wp\/v2\/comments?post=2582"}],"version-history":[{"count":2,"href":"https:\/\/www.belfor.com\/ch\/fr\/wp-json\/wp\/v2\/pages\/2582\/revisions"}],"predecessor-version":[{"id":3728,"href":"https:\/\/www.belfor.com\/ch\/fr\/wp-json\/wp\/v2\/pages\/2582\/revisions\/3728"}],"wp:attachment":[{"href":"https:\/\/www.belfor.com\/ch\/fr\/wp-json\/wp\/v2\/media?parent=2582"}],"curies":[{"name":"wp","href":"https:\/\/api.w.org\/{rel}","templated":true}]}}