{"id":1890,"date":"2024-05-29T11:50:11","date_gmt":"2024-05-29T09:50:11","guid":{"rendered":"https:\/\/www.belfor.com\/ch\/?page_id=1890"},"modified":"2024-10-22T13:28:29","modified_gmt":"2024-10-22T11:28:29","slug":"empreinte","status":"publish","type":"page","link":"https:\/\/www.belfor.com\/ch\/fr\/empreinte\/","title":{"rendered":"Empreinte"},"content":{"rendered":"<h2 class=\"wp-block-post-title\">Empreinte<\/h2>\n\n\n<p>BELFOR (Suisse) AG<br>Reuss-Strasse 9<br>CH-6038 Gisikon \/ LU<br><\/p>\n\n\n\n<p>T\u00e9l\u00e9phone&nbsp;: +41 41 455 01 11<br><\/p>\n\n\n\n<p>E-Mail:&nbsp;<a href=\"mailto:%20info@ch.belfor.com\">info<\/a><a href=\"mailto:belfor@ch.belfor.com\">@ch.belfor.com<\/a><br>Internet:&nbsp;<a href=\"http:\/\/www.belfor.ch\/\">https:\/\/www.belfor.ch<\/a><br><\/p>\n\n\n\n<p>BELFOR (Suisse) SA repr\u00e9sent\u00e9e par son directeur Nicola R\u00fcegg.<br><\/p>\n\n\n\n<p>Registre du commerce du canton de Lucerne<br>Num\u00e9ro d&#8217;inscription: CHE-105.802.444<br><\/p>\n\n\n\n<p>Avertissement: Malgr\u00e9 un contr\u00f4le minutieux du contenu, nous n&#8217;assumons aucune responsabilit\u00e9 pour le contenu des liens externes. Le contenu des pages li\u00e9es est la seule responsabilit\u00e9 de leurs op\u00e9rateurs.<\/p>\n","protected":false},"excerpt":{"rendered":"<p>BELFOR (Suisse) AGReuss-Strasse 9CH-6038 Gisikon \/ LU T\u00e9l\u00e9phone&nbsp;: +41 41 455 01 11 E-Mail:&nbsp;info@ch.belfor.comInternet:&nbsp;https:\/\/www.belfor.ch BELFOR (Suisse) SA repr\u00e9sent\u00e9e par son directeur Nicola R\u00fcegg. Registre du commerce du canton de LucerneNum\u00e9ro d&#8217;inscription: CHE-105.802.444 Avertissement: Malgr\u00e9 un contr\u00f4le minutieux du contenu, nous n&#8217;assumons aucune responsabilit\u00e9 pour le contenu des liens externes. Le contenu des pages li\u00e9es est&#8230;<\/p>\n","protected":false},"author":7,"featured_media":0,"parent":0,"menu_order":8,"comment_status":"closed","ping_status":"closed","template":"templates\/template-simple-text.php","meta":{"_acf_changed":false,"inline_featured_image":false,"footnotes":""},"class_list":["post-1890","page","type-page","status-publish","hentry"],"acf":[],"yoast_head":"<!-- This site is optimized with the Yoast SEO plugin v27.3 - https:\/\/yoast.com\/product\/yoast-seo-wordpress\/ -->\n<title>Empreinte - BELFOR Switzerland<\/title>\n<meta name=\"robots\" content=\"index, follow, max-snippet:-1, max-image-preview:large, max-video-preview:-1\" \/>\n<link rel=\"canonical\" href=\"https:\/\/www.belfor.com\/ch\/fr\/empreinte\/\" \/>\n<meta property=\"og:locale\" content=\"fr_FR\" \/>\n<meta property=\"og:type\" content=\"article\" \/>\n<meta property=\"og:title\" content=\"Empreinte - BELFOR Switzerland\" \/>\n<meta property=\"og:description\" content=\"BELFOR (Suisse) AGReuss-Strasse 9CH-6038 Gisikon \/ LU T\u00e9l\u00e9phone&nbsp;: +41 41 455 01 11 E-Mail:&nbsp;info@ch.belfor.comInternet:&nbsp;https:\/\/www.belfor.ch BELFOR (Suisse) SA repr\u00e9sent\u00e9e par son directeur Nicola R\u00fcegg. Registre du commerce du canton de LucerneNum\u00e9ro d&#8217;inscription: CHE-105.802.444 Avertissement: Malgr\u00e9 un contr\u00f4le minutieux du contenu, nous n&#8217;assumons aucune responsabilit\u00e9 pour le contenu des liens externes. Le contenu des pages li\u00e9es est...\" \/>\n<meta property=\"og:url\" content=\"https:\/\/www.belfor.com\/ch\/fr\/empreinte\/\" \/>\n<meta property=\"og:site_name\" content=\"BELFOR Switzerland\" \/>\n<meta property=\"article:modified_time\" content=\"2024-10-22T11:28:29+00:00\" \/>\n<meta name=\"twitter:card\" content=\"summary_large_image\" \/>\n<meta name=\"twitter:label1\" content=\"Est. reading time\" \/>\n\t<meta name=\"twitter:data1\" content=\"1 minute\" \/>\n<script type=\"application\/ld+json\" class=\"yoast-schema-graph\">{\"@context\":\"https:\\\/\\\/schema.org\",\"@graph\":[{\"@type\":\"WebPage\",\"@id\":\"https:\\\/\\\/www.belfor.com\\\/ch\\\/fr\\\/empreinte\\\/\",\"url\":\"https:\\\/\\\/www.belfor.com\\\/ch\\\/fr\\\/empreinte\\\/\",\"name\":\"Empreinte - BELFOR Switzerland\",\"isPartOf\":{\"@id\":\"https:\\\/\\\/www.belfor.com\\\/ch\\\/fr\\\/#website\"},\"datePublished\":\"2024-05-29T09:50:11+00:00\",\"dateModified\":\"2024-10-22T11:28:29+00:00\",\"breadcrumb\":{\"@id\":\"https:\\\/\\\/www.belfor.com\\\/ch\\\/fr\\\/empreinte\\\/#breadcrumb\"},\"inLanguage\":\"fr-FR\",\"potentialAction\":[{\"@type\":\"ReadAction\",\"target\":[\"https:\\\/\\\/www.belfor.com\\\/ch\\\/fr\\\/empreinte\\\/\"]}]},{\"@type\":\"BreadcrumbList\",\"@id\":\"https:\\\/\\\/www.belfor.com\\\/ch\\\/fr\\\/empreinte\\\/#breadcrumb\",\"itemListElement\":[{\"@type\":\"ListItem\",\"position\":1,\"name\":\"Home\",\"item\":\"https:\\\/\\\/www.belfor.com\\\/ch\\\/fr\\\/\"},{\"@type\":\"ListItem\",\"position\":2,\"name\":\"Empreinte\"}]},{\"@type\":\"WebSite\",\"@id\":\"https:\\\/\\\/www.belfor.com\\\/ch\\\/fr\\\/#website\",\"url\":\"https:\\\/\\\/www.belfor.com\\\/ch\\\/fr\\\/\",\"name\":\"BELFOR Switzerland\",\"description\":\"\",\"potentialAction\":[{\"@type\":\"SearchAction\",\"target\":{\"@type\":\"EntryPoint\",\"urlTemplate\":\"https:\\\/\\\/www.belfor.com\\\/ch\\\/fr\\\/?s={search_term_string}\"},\"query-input\":{\"@type\":\"PropertyValueSpecification\",\"valueRequired\":true,\"valueName\":\"search_term_string\"}}],\"inLanguage\":\"fr-FR\"}]}<\/script>\n<!-- \/ Yoast SEO plugin. -->","yoast_head_json":{"title":"Empreinte - BELFOR Switzerland","robots":{"index":"index","follow":"follow","max-snippet":"max-snippet:-1","max-image-preview":"max-image-preview:large","max-video-preview":"max-video-preview:-1"},"canonical":"https:\/\/www.belfor.com\/ch\/fr\/empreinte\/","og_locale":"fr_FR","og_type":"article","og_title":"Empreinte - BELFOR Switzerland","og_description":"BELFOR (Suisse) AGReuss-Strasse 9CH-6038 Gisikon \/ LU T\u00e9l\u00e9phone&nbsp;: +41 41 455 01 11 E-Mail:&nbsp;info@ch.belfor.comInternet:&nbsp;https:\/\/www.belfor.ch BELFOR (Suisse) SA repr\u00e9sent\u00e9e par son directeur Nicola R\u00fcegg. Registre du commerce du canton de LucerneNum\u00e9ro d&#8217;inscription: CHE-105.802.444 Avertissement: Malgr\u00e9 un contr\u00f4le minutieux du contenu, nous n&#8217;assumons aucune responsabilit\u00e9 pour le contenu des liens externes. Le contenu des pages li\u00e9es est...","og_url":"https:\/\/www.belfor.com\/ch\/fr\/empreinte\/","og_site_name":"BELFOR Switzerland","article_modified_time":"2024-10-22T11:28:29+00:00","twitter_card":"summary_large_image","twitter_misc":{"Est. reading time":"1 minute"},"schema":{"@context":"https:\/\/schema.org","@graph":[{"@type":"WebPage","@id":"https:\/\/www.belfor.com\/ch\/fr\/empreinte\/","url":"https:\/\/www.belfor.com\/ch\/fr\/empreinte\/","name":"Empreinte - BELFOR Switzerland","isPartOf":{"@id":"https:\/\/www.belfor.com\/ch\/fr\/#website"},"datePublished":"2024-05-29T09:50:11+00:00","dateModified":"2024-10-22T11:28:29+00:00","breadcrumb":{"@id":"https:\/\/www.belfor.com\/ch\/fr\/empreinte\/#breadcrumb"},"inLanguage":"fr-FR","potentialAction":[{"@type":"ReadAction","target":["https:\/\/www.belfor.com\/ch\/fr\/empreinte\/"]}]},{"@type":"BreadcrumbList","@id":"https:\/\/www.belfor.com\/ch\/fr\/empreinte\/#breadcrumb","itemListElement":[{"@type":"ListItem","position":1,"name":"Home","item":"https:\/\/www.belfor.com\/ch\/fr\/"},{"@type":"ListItem","position":2,"name":"Empreinte"}]},{"@type":"WebSite","@id":"https:\/\/www.belfor.com\/ch\/fr\/#website","url":"https:\/\/www.belfor.com\/ch\/fr\/","name":"BELFOR Switzerland","description":"","potentialAction":[{"@type":"SearchAction","target":{"@type":"EntryPoint","urlTemplate":"https:\/\/www.belfor.com\/ch\/fr\/?s={search_term_string}"},"query-input":{"@type":"PropertyValueSpecification","valueRequired":true,"valueName":"search_term_string"}}],"inLanguage":"fr-FR"}]}},"_links":{"self":[{"href":"https:\/\/www.belfor.com\/ch\/fr\/wp-json\/wp\/v2\/pages\/1890","targetHints":{"allow":["GET"]}}],"collection":[{"href":"https:\/\/www.belfor.com\/ch\/fr\/wp-json\/wp\/v2\/pages"}],"about":[{"href":"https:\/\/www.belfor.com\/ch\/fr\/wp-json\/wp\/v2\/types\/page"}],"author":[{"embeddable":true,"href":"https:\/\/www.belfor.com\/ch\/fr\/wp-json\/wp\/v2\/users\/7"}],"replies":[{"embeddable":true,"href":"https:\/\/www.belfor.com\/ch\/fr\/wp-json\/wp\/v2\/comments?post=1890"}],"version-history":[{"count":3,"href":"https:\/\/www.belfor.com\/ch\/fr\/wp-json\/wp\/v2\/pages\/1890\/revisions"}],"predecessor-version":[{"id":3123,"href":"https:\/\/www.belfor.com\/ch\/fr\/wp-json\/wp\/v2\/pages\/1890\/revisions\/3123"}],"wp:attachment":[{"href":"https:\/\/www.belfor.com\/ch\/fr\/wp-json\/wp\/v2\/media?parent=1890"}],"curies":[{"name":"wp","href":"https:\/\/api.w.org\/{rel}","templated":true}]}}