{"id":1815,"date":"2024-07-02T16:19:55","date_gmt":"2024-07-02T14:19:55","guid":{"rendered":"https:\/\/www.belfor.com\/ch\/plan-du-site\/"},"modified":"2024-07-16T14:04:29","modified_gmt":"2024-07-16T12:04:29","slug":"plan-du-site","status":"publish","type":"page","link":"https:\/\/www.belfor.com\/ch\/fr\/plan-du-site\/","title":{"rendered":"Plan du site"},"content":{"rendered":"<div class=\"m-block  gt -title-has-decor l-content-simple-1\"  >\n\n\t\n\t\n\t<div class=\"m-block__container container\" style=\"\">\n\n\t\t<div class=\"l-heading text-left l-heading-v1\">\n\n\t\t\t    <div class=\"c-heading -h2 \">\n\t\t\n\t\t\n\t\t\t\t\t<h2  class=\"c-heading__title\">BELFOR Sitemap<\/h2>\t\t\n\t\t    <\/div>\n\n\t\t\t\n\t\t<\/div>\n\n\t<\/div>\n\n\t\n<\/div>\n<div class=\"m-shortcode   gb\"  >\n\n\t\n\t<div class=\"m-shortcode__container container\" style=\"\">\n\t\t<div class=\"m-shortcode__inner c-form\">\n\n\t\t\t<div class=\"wsp-container\"><h2 class=\"wsp-pages-title\">Pages<\/h2>\n<ul class=\"wsp-pages-list\">\n<li class=\"page_item page-item-44\"><a href=\"https:\/\/www.belfor.com\/ch\/fr\/\">Home<\/a><\/li>\n<li class=\"page_item page-item-890 page_item_has_children\"><a href=\"https:\/\/www.belfor.com\/ch\/fr\/a-propos-de-nous\/\">A propos de nous<\/a>\n<ul class='children'>\n\t<li class=\"page_item page-item-986\"><a href=\"https:\/\/www.belfor.com\/ch\/fr\/a-propos-de-nous\/profil-de-lentreprise\/\">Profil de l\u00b4entreprise<\/a><\/li>\n\t<li class=\"page_item page-item-956\"><a href=\"https:\/\/www.belfor.com\/ch\/fr\/a-propos-de-nous\/innovation\/\">Innovation<\/a><\/li>\n\t<li class=\"page_item page-item-967\"><a href=\"https:\/\/www.belfor.com\/ch\/fr\/a-propos-de-nous\/sustainability\/\">Sustainability<\/a><\/li>\n\t<li class=\"page_item page-item-980\"><a href=\"https:\/\/www.belfor.com\/ch\/fr\/a-propos-de-nous\/corporate-social-responsibility\/\">Corporate Social Responsibility<\/a><\/li>\n\t<li class=\"page_item page-item-1876\"><a href=\"https:\/\/www.belfor.com\/ch\/fr\/a-propos-de-nous\/team\/\">Team<\/a><\/li>\n\t<li class=\"page_item page-item-3951\"><a href=\"https:\/\/www.belfor.com\/ch\/fr\/a-propos-de-nous\/fournisseurs\/\">Fournisseurs<\/a><\/li>\n<\/ul>\n<\/li>\n<li class=\"page_item page-item-971 page_item_has_children\"><a href=\"https:\/\/www.belfor.com\/ch\/fr\/sites\/\">Sites<\/a>\n<ul class='children'>\n\t<li class=\"page_item page-item-3836\"><a href=\"https:\/\/www.belfor.com\/ch\/fr\/sites\/le-mont-sur-lausanne\/\">Le Mont-sur-Lausanne<\/a><\/li>\n\t<li class=\"page_item page-item-3849\"><a href=\"https:\/\/www.belfor.com\/ch\/fr\/sites\/vernier\/\">Vernier<\/a><\/li>\n\t<li class=\"page_item page-item-3895\"><a href=\"https:\/\/www.belfor.com\/ch\/fr\/sites\/cortaillod\/\">Cortaillod<\/a><\/li>\n<\/ul>\n<\/li>\n<li class=\"page_item page-item-642 page_item_has_children\"><a href=\"https:\/\/www.belfor.com\/ch\/fr\/nos-clients\/\">Nos clients<\/a>\n<ul class='children'>\n\t<li class=\"page_item page-item-809\"><a href=\"https:\/\/www.belfor.com\/ch\/fr\/nos-clients\/assurance\/\">Assurance<\/a><\/li>\n\t<li class=\"page_item page-item-817\"><a href=\"https:\/\/www.belfor.com\/ch\/fr\/nos-clients\/regies-et-gerances-immobilieres\/\">R\u00e9gies et g\u00e9rances immobili\u00e8res<\/a><\/li>\n\t<li class=\"page_item page-item-822\"><a href=\"https:\/\/www.belfor.com\/ch\/fr\/nos-clients\/industrie\/\">Industrie<\/a><\/li>\n\t<li class=\"page_item page-item-826\"><a href=\"https:\/\/www.belfor.com\/ch\/fr\/nos-clients\/particulier\/\">Particulier<\/a><\/li>\n<\/ul>\n<\/li>\n<li class=\"page_item page-item-904 page_item_has_children\"><a href=\"https:\/\/www.belfor.com\/ch\/fr\/services\/\">Services<\/a>\n<ul class='children'>\n\t<li class=\"page_item page-item-745\"><a href=\"https:\/\/www.belfor.com\/ch\/fr\/services\/red-alert-programme-de-reaction-durgence\/\">RED ALERT\u00ae &#8211; Programme de r\u00e9action d&#8217;urgence<\/a><\/li>\n\t<li class=\"page_item page-item-656\"><a href=\"https:\/\/www.belfor.com\/ch\/fr\/services\/premieres-mesures\/\">Premi\u00e8res mesures<\/a><\/li>\n\t<li class=\"page_item page-item-660\"><a href=\"https:\/\/www.belfor.com\/ch\/fr\/services\/enregistrement-des-dommages\/\">Enregistrement des dommages<\/a><\/li>\n\t<li class=\"page_item page-item-741\"><a href=\"https:\/\/www.belfor.com\/ch\/fr\/services\/remise-en-etat\/\">Remise en \u00e9tat<\/a><\/li>\n\t<li class=\"page_item page-item-665 page_item_has_children\"><a href=\"https:\/\/www.belfor.com\/ch\/fr\/services\/assainissement-des-dommages\/\">Assainissement des dommages<\/a>\n\t<ul class='children'>\n\t\t<li class=\"page_item page-item-733\"><a href=\"https:\/\/www.belfor.com\/ch\/fr\/services\/assainissement-des-dommages\/assainissement-des-dommages-causes-par-le-feu\/\">Assainissement des dommages caus\u00e9s par le feu<\/a><\/li>\n\t\t<li class=\"page_item page-item-737\"><a href=\"https:\/\/www.belfor.com\/ch\/fr\/services\/assainissement-des-dommages\/assainissement-de-degats-deau\/\">Assainissement de d\u00e9g\u00e2ts d\u2019eau<\/a><\/li>\n\t\t<li class=\"page_item page-item-669\"><a href=\"https:\/\/www.belfor.com\/ch\/fr\/services\/assainissement-des-dommages\/detection-de-fuites\/\">D\u00e9tection de fuites<\/a><\/li>\n\t\t<li class=\"page_item page-item-672\"><a href=\"https:\/\/www.belfor.com\/ch\/fr\/services\/assainissement-des-dommages\/assechement\/\">Ass\u00e8chement<\/a><\/li>\n\t\t<li class=\"page_item page-item-688\"><a href=\"https:\/\/www.belfor.com\/ch\/fr\/services\/assainissement-des-dommages\/traitement-de-moisissure\/\">Traitement de moisissure<\/a><\/li>\n\t\t<li class=\"page_item page-item-680\"><a href=\"https:\/\/www.belfor.com\/ch\/fr\/services\/assainissement-des-dommages\/recuperation-de-donnees-et-documents\/\">R\u00e9cup\u00e9ration de donn\u00e9es et documents<\/a><\/li>\n\t<\/ul>\n<\/li>\n\t<li class=\"page_item page-item-781 page_item_has_children\"><a href=\"https:\/\/www.belfor.com\/ch\/fr\/services\/innovations-belfor\/\">Innovations BELFOR<\/a>\n\t<ul class='children'>\n\t\t<li class=\"page_item page-item-785\"><a href=\"https:\/\/www.belfor.com\/ch\/fr\/services\/innovations-belfor\/damagescan-360-belfor\/\">DamageScan 360\u00b0 BELFOR<\/a><\/li>\n\t\t<li class=\"page_item page-item-792\"><a href=\"https:\/\/www.belfor.com\/ch\/fr\/services\/innovations-belfor\/shrink-wrapping\/\">Shrink Wrapping<\/a><\/li>\n\t\t<li class=\"page_item page-item-797\"><a href=\"https:\/\/www.belfor.com\/ch\/fr\/services\/innovations-belfor\/soot-removal-film-srf\/\">Soot Removal Film (SRF)<\/a><\/li>\n\t\t<li class=\"page_item page-item-805\"><a href=\"https:\/\/www.belfor.com\/ch\/fr\/services\/innovations-belfor\/drysmart\/\">DRYsmart<\/a><\/li>\n\t<\/ul>\n<\/li>\n\t<li class=\"page_item page-item-759 page_item_has_children\"><a href=\"https:\/\/www.belfor.com\/ch\/fr\/services\/services-environnementaux\/\">Services environnementaux<\/a>\n\t<ul class='children'>\n\t\t<li class=\"page_item page-item-773\"><a href=\"https:\/\/www.belfor.com\/ch\/fr\/services\/services-environnementaux\/demantelement-de-batiments-et-dinstallations-contamines\/\">D\u00e9mant\u00e8lement de b\u00e2timents et d\u2019installations contamin\u00e9s<\/a><\/li>\n\t\t<li class=\"page_item page-item-769\"><a href=\"https:\/\/www.belfor.com\/ch\/fr\/services\/services-environnementaux\/desinfection-apres-biocontamination\/\">D\u00e9sinfection apr\u00e8s biocontamination<\/a><\/li>\n\t\t<li class=\"page_item page-item-763\"><a href=\"https:\/\/www.belfor.com\/ch\/fr\/services\/services-environnementaux\/elimination-de-polluants\/\">\u00c9limination de polluants<\/a><\/li>\n\t\t<li class=\"page_item page-item-777\"><a href=\"https:\/\/www.belfor.com\/ch\/fr\/services\/services-environnementaux\/nettoyage-de-canalisations\/\">Nettoyage de canalisations<\/a><\/li>\n\t<\/ul>\n<\/li>\n\t<li class=\"page_item page-item-755\"><a href=\"https:\/\/www.belfor.com\/ch\/fr\/services\/entretien-et-nettoyage-des-reseaux-de-ventilation\/\">Entretien et nettoyage des r\u00e9seaux de ventilation<\/a><\/li>\n\t<li class=\"page_item page-item-749\"><a href=\"https:\/\/www.belfor.com\/ch\/fr\/services\/maintenance-dinstallations-de-production\/\">Maintenance d\u2019installations de production<\/a><\/li>\n\t<li class=\"page_item page-item-3037\"><a href=\"https:\/\/www.belfor.com\/ch\/fr\/services\/nos-produits\/\">Nos produits<\/a><\/li>\n<\/ul>\n<\/li>\n<li class=\"page_item page-item-46 current_page_parent\"><a href=\"https:\/\/www.belfor.com\/ch\/fr\/actualites\/\">Actualit\u00e9s<\/a><\/li>\n<li class=\"page_item page-item-939\"><a href=\"https:\/\/www.belfor.com\/ch\/fr\/contact\/\">Contact<\/a><\/li>\n<li class=\"page_item page-item-1890\"><a href=\"https:\/\/www.belfor.com\/ch\/fr\/empreinte\/\">Empreinte<\/a><\/li>\n<li class=\"page_item page-item-1852\"><a href=\"https:\/\/www.belfor.com\/ch\/fr\/declaration-de-confidentialite\/\">D\u00e9claration de confidentialit\u00e9<\/a><\/li>\n<li class=\"page_item page-item-1895\"><a href=\"https:\/\/www.belfor.com\/ch\/fr\/code-de-conduite-et-notification-conformement-a-la-loi-europeenne-sur-la-denonciation-des-dysfonctionnements\/\">Conformit\u00e9<\/a><\/li>\n<li class=\"page_item page-item-2555\"><a href=\"https:\/\/www.belfor.com\/ch\/fr\/conditions-generales\/\">Conditions g\u00e9n\u00e9rales de vente de BELFOR (Suisse) SA<\/a><\/li>\n<li class=\"page_item page-item-1815\"><a href=\"https:\/\/www.belfor.com\/ch\/fr\/plan-du-site\/\">Plan du site<\/a><\/li>\n<\/ul>\n<\/div>\n\t\t<\/div>\n\t<\/div>\n<\/div>\n","protected":false},"excerpt":{"rendered":"","protected":false},"author":8,"featured_media":0,"parent":0,"menu_order":12,"comment_status":"closed","ping_status":"closed","template":"","meta":{"_acf_changed":false,"inline_featured_image":false,"footnotes":""},"class_list":["post-1815","page","type-page","status-publish","hentry"],"acf":[],"yoast_head":"<!-- This site is optimized with the Yoast SEO plugin v27.4 - https:\/\/yoast.com\/product\/yoast-seo-wordpress\/ -->\n<title>Plan du site - BELFOR Switzerland<\/title>\n<meta name=\"robots\" content=\"index, follow, max-snippet:-1, max-image-preview:large, max-video-preview:-1\" \/>\n<link rel=\"canonical\" href=\"https:\/\/www.belfor.com\/ch\/fr\/plan-du-site\/\" \/>\n<meta property=\"og:locale\" content=\"fr_FR\" \/>\n<meta property=\"og:type\" content=\"article\" \/>\n<meta property=\"og:title\" content=\"Plan du site - BELFOR Switzerland\" \/>\n<meta property=\"og:url\" content=\"https:\/\/www.belfor.com\/ch\/fr\/plan-du-site\/\" \/>\n<meta property=\"og:site_name\" content=\"BELFOR Switzerland\" \/>\n<meta property=\"article:modified_time\" content=\"2024-07-16T12:04:29+00:00\" \/>\n<meta name=\"twitter:card\" content=\"summary_large_image\" \/>\n<script type=\"application\/ld+json\" class=\"yoast-schema-graph\">{\"@context\":\"https:\\\/\\\/schema.org\",\"@graph\":[{\"@type\":\"WebPage\",\"@id\":\"https:\\\/\\\/www.belfor.com\\\/ch\\\/fr\\\/plan-du-site\\\/\",\"url\":\"https:\\\/\\\/www.belfor.com\\\/ch\\\/fr\\\/plan-du-site\\\/\",\"name\":\"Plan du site - BELFOR Switzerland\",\"isPartOf\":{\"@id\":\"https:\\\/\\\/www.belfor.com\\\/ch\\\/fr\\\/#website\"},\"datePublished\":\"2024-07-02T14:19:55+00:00\",\"dateModified\":\"2024-07-16T12:04:29+00:00\",\"breadcrumb\":{\"@id\":\"https:\\\/\\\/www.belfor.com\\\/ch\\\/fr\\\/plan-du-site\\\/#breadcrumb\"},\"inLanguage\":\"fr-FR\",\"potentialAction\":[{\"@type\":\"ReadAction\",\"target\":[\"https:\\\/\\\/www.belfor.com\\\/ch\\\/fr\\\/plan-du-site\\\/\"]}]},{\"@type\":\"BreadcrumbList\",\"@id\":\"https:\\\/\\\/www.belfor.com\\\/ch\\\/fr\\\/plan-du-site\\\/#breadcrumb\",\"itemListElement\":[{\"@type\":\"ListItem\",\"position\":1,\"name\":\"Home\",\"item\":\"https:\\\/\\\/www.belfor.com\\\/ch\\\/fr\\\/\"},{\"@type\":\"ListItem\",\"position\":2,\"name\":\"Plan du site\"}]},{\"@type\":\"WebSite\",\"@id\":\"https:\\\/\\\/www.belfor.com\\\/ch\\\/fr\\\/#website\",\"url\":\"https:\\\/\\\/www.belfor.com\\\/ch\\\/fr\\\/\",\"name\":\"BELFOR Switzerland\",\"description\":\"\",\"potentialAction\":[{\"@type\":\"SearchAction\",\"target\":{\"@type\":\"EntryPoint\",\"urlTemplate\":\"https:\\\/\\\/www.belfor.com\\\/ch\\\/fr\\\/?s={search_term_string}\"},\"query-input\":{\"@type\":\"PropertyValueSpecification\",\"valueRequired\":true,\"valueName\":\"search_term_string\"}}],\"inLanguage\":\"fr-FR\"}]}<\/script>\n<!-- \/ Yoast SEO plugin. -->","yoast_head_json":{"title":"Plan du site - BELFOR Switzerland","robots":{"index":"index","follow":"follow","max-snippet":"max-snippet:-1","max-image-preview":"max-image-preview:large","max-video-preview":"max-video-preview:-1"},"canonical":"https:\/\/www.belfor.com\/ch\/fr\/plan-du-site\/","og_locale":"fr_FR","og_type":"article","og_title":"Plan du site - BELFOR Switzerland","og_url":"https:\/\/www.belfor.com\/ch\/fr\/plan-du-site\/","og_site_name":"BELFOR Switzerland","article_modified_time":"2024-07-16T12:04:29+00:00","twitter_card":"summary_large_image","schema":{"@context":"https:\/\/schema.org","@graph":[{"@type":"WebPage","@id":"https:\/\/www.belfor.com\/ch\/fr\/plan-du-site\/","url":"https:\/\/www.belfor.com\/ch\/fr\/plan-du-site\/","name":"Plan du site - BELFOR Switzerland","isPartOf":{"@id":"https:\/\/www.belfor.com\/ch\/fr\/#website"},"datePublished":"2024-07-02T14:19:55+00:00","dateModified":"2024-07-16T12:04:29+00:00","breadcrumb":{"@id":"https:\/\/www.belfor.com\/ch\/fr\/plan-du-site\/#breadcrumb"},"inLanguage":"fr-FR","potentialAction":[{"@type":"ReadAction","target":["https:\/\/www.belfor.com\/ch\/fr\/plan-du-site\/"]}]},{"@type":"BreadcrumbList","@id":"https:\/\/www.belfor.com\/ch\/fr\/plan-du-site\/#breadcrumb","itemListElement":[{"@type":"ListItem","position":1,"name":"Home","item":"https:\/\/www.belfor.com\/ch\/fr\/"},{"@type":"ListItem","position":2,"name":"Plan du site"}]},{"@type":"WebSite","@id":"https:\/\/www.belfor.com\/ch\/fr\/#website","url":"https:\/\/www.belfor.com\/ch\/fr\/","name":"BELFOR Switzerland","description":"","potentialAction":[{"@type":"SearchAction","target":{"@type":"EntryPoint","urlTemplate":"https:\/\/www.belfor.com\/ch\/fr\/?s={search_term_string}"},"query-input":{"@type":"PropertyValueSpecification","valueRequired":true,"valueName":"search_term_string"}}],"inLanguage":"fr-FR"}]}},"_links":{"self":[{"href":"https:\/\/www.belfor.com\/ch\/fr\/wp-json\/wp\/v2\/pages\/1815","targetHints":{"allow":["GET"]}}],"collection":[{"href":"https:\/\/www.belfor.com\/ch\/fr\/wp-json\/wp\/v2\/pages"}],"about":[{"href":"https:\/\/www.belfor.com\/ch\/fr\/wp-json\/wp\/v2\/types\/page"}],"author":[{"embeddable":true,"href":"https:\/\/www.belfor.com\/ch\/fr\/wp-json\/wp\/v2\/users\/8"}],"replies":[{"embeddable":true,"href":"https:\/\/www.belfor.com\/ch\/fr\/wp-json\/wp\/v2\/comments?post=1815"}],"version-history":[{"count":1,"href":"https:\/\/www.belfor.com\/ch\/fr\/wp-json\/wp\/v2\/pages\/1815\/revisions"}],"predecessor-version":[{"id":1816,"href":"https:\/\/www.belfor.com\/ch\/fr\/wp-json\/wp\/v2\/pages\/1815\/revisions\/1816"}],"wp:attachment":[{"href":"https:\/\/www.belfor.com\/ch\/fr\/wp-json\/wp\/v2\/media?parent=1815"}],"curies":[{"name":"wp","href":"https:\/\/api.w.org\/{rel}","templated":true}]}}