{"id":59,"date":"2024-05-27T15:55:41","date_gmt":"2024-05-27T13:55:41","guid":{"rendered":"https:\/\/www.belfor.com\/ch\/?page_id=59"},"modified":"2025-11-13T13:23:32","modified_gmt":"2025-11-13T11:23:32","slug":"kontakt","status":"publish","type":"page","link":"https:\/\/www.belfor.com\/ch\/de\/kontakt\/","title":{"rendered":"Kontakt"},"content":{"rendered":"<div class=\"m-block  gt gb-s -pre-title-has-decor l-content-simple-1\"  style='--l-container-width: 144rem;'>\n\n\t\n\t\n\t<div class=\"m-block__container container-custom\" style=\"--l-container-width: 144rem\">\n\n\t\t<div class=\"l-heading text-left l-heading-v3\">\n\n\t\t\t    <div class=\"c-heading -h2 \">\n\t\t\n\t\t            <div class=\"c-heading__pre\" >\n\t\t\t\tBELFOR ist an Ihrer Seite            <\/div>\n\t\t\n\t\t\t\t\t<h1  class=\"c-heading__title\">Kontaktieren Sie uns<\/h1>\t\t\n\t\t    <\/div>\n\n\t\t\t\n\t\t<\/div>\n\n\t<\/div>\n\n\t\n<\/div>\n\n\n<div class=\"m-block  gt-s gb -version-2 l-content-1\"  style='--l-container-width: 144rem;'>\n\n\t\n\t\n\t<div class=\"m-block__container container-custom\"\n\t\tstyle=\"--l-container-width: 144rem\">\n\n\t\t<div class=\"l-rcbl l-rcbl-v1\"\n\t\t\tstyle=\"--l-block-col: 3;--l-block-gap-vertical: 20px;--l-block-gap-horizontal: 20px;\">\n\n\t\t\t\n\t\t\t\t\t\t\t\t\t<div class=\"l-rcbl__col\">\n\t\t\t\t\t\t\n<article class=\"c-block  c-block-v1 is-vertical text-left align-top has-border\" style=\"--c-block-gap-vertical:30px;--c-block-gap-horizontal:50px;--c-block-border-width:1px;--c-block-border-color:#c0c0c0;\">\n\n\t\n\t\n\t        <div class=\"c-block__body\" >\n\n\t\t\t\n\t\t\t\t\t\t\t<h2  class=\"c-block__title\">Deutschschweiz \/ deutsch<\/h2>\t\t\t\n\t\t\t\n\t\t\t\t\t\t\t\t    <div class=\"c-block__btn\">\n\t\t\n\t\t\t<a href=\"tel:+41 41 455 01 11\"  class=\"c-btn -normal -link has-icon icon-right \"><span class=\"c-btn__txt\">+41 41 455 01 11<\/span><span class=\"c-btn__ico\"><svg width=\"30\" height=\"30\" class=\"icon icon-lib-icon-arrow1 \" aria-hidden=\"true\" role=\"img\"><use xlink:href=\"#lib-icon-arrow1\"><\/use><\/svg><\/span><\/a>\n\t\t\n\t\t\t<a href=\"mailto:info@ch.belfor.com\"  class=\"c-btn -normal -link has-icon icon-right \"><span class=\"c-btn__txt\">info@ch.belfor.com<\/span><span class=\"c-btn__ico\"><svg width=\"30\" height=\"30\" class=\"icon icon-lib-icon-arrow1 \" aria-hidden=\"true\" role=\"img\"><use xlink:href=\"#lib-icon-arrow1\"><\/use><\/svg><\/span><\/a>\n\t\t    <\/div>\n\t\t\t\t\n        <\/div>\n\t\n<\/article>\n\t\t\t\t\t<\/div>\n\t\t\t\t\t\t\t\t\t\t<div class=\"l-rcbl__col\">\n\t\t\t\t\t\t\n<article class=\"c-block  c-block-v1 is-vertical text-left align-top has-border\" style=\"--c-block-gap-vertical:30px;--c-block-gap-horizontal:50px;--c-block-border-width:1px;--c-block-border-color:#c0c0c0;\">\n\n\t\n\t\n\t        <div class=\"c-block__body\" >\n\n\t\t\t\n\t\t\t\t\t\t\t<h2  class=\"c-block__title\">Westschweiz \/ franz\u00f6sisch<\/h2>\t\t\t\n\t\t\t\n\t\t\t\t\t\t\t\t    <div class=\"c-block__btn\">\n\t\t\n\t\t\t<a href=\"tel:+41 21 651 26 80\"  class=\"c-btn -normal -link has-icon icon-right \"><span class=\"c-btn__txt\">+41 21 651 26 80<\/span><span class=\"c-btn__ico\"><svg width=\"30\" height=\"30\" class=\"icon icon-lib-icon-arrow1 \" aria-hidden=\"true\" role=\"img\"><use xlink:href=\"#lib-icon-arrow1\"><\/use><\/svg><\/span><\/a>\n\t\t\n\t\t\t<a href=\"mailto:inforomandie@ch.belfor.com\"  class=\"c-btn -normal -link has-icon icon-right \"><span class=\"c-btn__txt\">inforomandie@ch.belfor.com<\/span><span class=\"c-btn__ico\"><svg width=\"30\" height=\"30\" class=\"icon icon-lib-icon-arrow1 \" aria-hidden=\"true\" role=\"img\"><use xlink:href=\"#lib-icon-arrow1\"><\/use><\/svg><\/span><\/a>\n\t\t    <\/div>\n\t\t\t\t\n        <\/div>\n\t\n<\/article>\n\t\t\t\t\t<\/div>\n\t\t\t\t\t\t\t\t\t\t<div class=\"l-rcbl__col\">\n\t\t\t\t\t\t\n<article class=\"c-block  c-block-v1 is-vertical text-left align-top has-border\" style=\"--c-block-gap-vertical:30px;--c-block-gap-horizontal:50px;--c-block-border-width:1px;--c-block-border-color:#c0c0c0;\">\n\n\t\n\t\n\t        <div class=\"c-block__body\" >\n\n\t\t\t\n\t\t\t\t\t\t\t<h2  class=\"c-block__title\">Tessin \/ italienisch<\/h2>\t\t\t\n\t\t\t\n\t\t\t\t\t\t\t\t    <div class=\"c-block__btn\">\n\t\t\n\t\t\t<a href=\"tel:+41 91 858 10 65\"  class=\"c-btn -normal -link has-icon icon-right \"><span class=\"c-btn__txt\">+41 91 858 10 65<\/span><span class=\"c-btn__ico\"><svg width=\"30\" height=\"30\" class=\"icon icon-lib-icon-arrow1 \" aria-hidden=\"true\" role=\"img\"><use xlink:href=\"#lib-icon-arrow1\"><\/use><\/svg><\/span><\/a>\n\t\t\n\t\t\t<a href=\"mailto:infoticino@ch.belfor.com\"  class=\"c-btn -normal -link has-icon icon-right \"><span class=\"c-btn__txt\">infoticino@ch.belfor.com<\/span><span class=\"c-btn__ico\"><svg width=\"30\" height=\"30\" class=\"icon icon-lib-icon-arrow1 \" aria-hidden=\"true\" role=\"img\"><use xlink:href=\"#lib-icon-arrow1\"><\/use><\/svg><\/span><\/a>\n\t\t    <\/div>\n\t\t\t\t\n        <\/div>\n\t\n<\/article>\n\t\t\t\t\t<\/div>\n\t\t\t\t\t\n\t\t\t\t\t<\/div>\n\n\t<\/div>\n\n\t\n<\/div>\n\n\n<div class=\"m-block  gt-s gb -version-2 l-content-1\"  style='--l-container-width: 144rem;'>\n\n\t\n\t\n\t<div class=\"m-block__container container-custom\"\n\t\tstyle=\"--l-container-width: 144rem\">\n\n\t\t<div class=\"l-rcbl l-rcbl-v1\"\n\t\t\tstyle=\"--l-block-col: 3;--l-block-gap-vertical: 20px;--l-block-gap-horizontal: 20px;\">\n\n\t\t\t\n\t\t\t\t\t\t\t\t\t<div class=\"l-rcbl__col\">\n\t\t\t\t\t\t\n<article class=\"c-block  c-block-v1 is-vertical text-left align-top has-border\" style=\"--c-block-gap-vertical:30px;--c-block-gap-horizontal:50px;--c-block-border-width:1px;--c-block-border-color:#c0c0c0;\">\n\n\t\n\t\n\t        <div class=\"c-block__body\" >\n\n\t\t\t\n\t\t\t\t\t\t\t<h2  class=\"c-block__title\">Online Schadenmeldung<\/h2>\t\t\t\n\t\t\t                <div class=\"c-block__description\">\n\t\t\t\t\t<p>Schadenf\u00e4lle sind meist \u00fcberraschend. Was jetzt z\u00e4hlt, ist eine schnelle Reaktion und das Ergreifen der richtigen Massnahmen.<\/p>\n                <\/div>\n\t\t\t\n\t\t\t\t\t\t\t\t    <div class=\"c-block__btn\">\n\t\t\n\t\t\t<a href=\"\/ch\/de\/kontakt\/online-schadenmeldung\/\"  class=\"c-btn -normal -primary has-icon icon-right \"><div class=\"label-up\"><span class=\"c-btn__txt\">Jetzt Schaden melden<\/span><span class=\"c-btn__ico\"><svg width=\"30\" height=\"30\" class=\"icon icon-lib-icon-arrow4 \" aria-hidden=\"true\" role=\"img\"><use xlink:href=\"#lib-icon-arrow4\"><\/use><\/svg><\/span><\/div><div class=\"label-up\"><span class=\"c-btn__txt\">Jetzt Schaden melden<\/span><span class=\"c-btn__ico\"><svg width=\"30\" height=\"30\" class=\"icon icon-lib-icon-arrow4 \" aria-hidden=\"true\" role=\"img\"><use xlink:href=\"#lib-icon-arrow4\"><\/use><\/svg><\/span><\/div><\/a>\n\t\t    <\/div>\n\t\t\t\t\n        <\/div>\n\t\n<\/article>\n\t\t\t\t\t<\/div>\n\t\t\t\t\t\t\t\t\t\t<div class=\"l-rcbl__col\">\n\t\t\t\t\t\t\n<article class=\"c-block  c-block-v1 is-vertical text-left align-top has-border\" style=\"--c-block-gap-vertical:30px;--c-block-gap-horizontal:50px;--c-block-border-width:1px;--c-block-border-color:#c0c0c0;\">\n\n\t\n\t\n\t        <div class=\"c-block__body\" >\n\n\t\t\t\n\t\t\t\t\t\t\t<h2  class=\"c-block__title\">Sie haben Fragen?<\/h2>\t\t\t\n\t\t\t                <div class=\"c-block__description\">\n\t\t\t\t\t<p>Teilen Sie ihre Anliegen mit uns!<\/p>\n                <\/div>\n\t\t\t\n\t\t\t\t\t\t\t\t    <div class=\"c-block__btn\">\n\t\t\n\t\t\t<a href=\"\/ch\/de\/kontakt\/kontaktformular\/\"  class=\"c-btn -normal -primary has-icon icon-right \"><div class=\"label-up\"><span class=\"c-btn__txt\">Zum Kontaktformular<\/span><span class=\"c-btn__ico\"><svg width=\"30\" height=\"30\" class=\"icon icon-lib-icon-arrow4 \" aria-hidden=\"true\" role=\"img\"><use xlink:href=\"#lib-icon-arrow4\"><\/use><\/svg><\/span><\/div><div class=\"label-up\"><span class=\"c-btn__txt\">Zum Kontaktformular<\/span><span class=\"c-btn__ico\"><svg width=\"30\" height=\"30\" class=\"icon icon-lib-icon-arrow4 \" aria-hidden=\"true\" role=\"img\"><use xlink:href=\"#lib-icon-arrow4\"><\/use><\/svg><\/span><\/div><\/a>\n\t\t    <\/div>\n\t\t\t\t\n        <\/div>\n\t\n<\/article>\n\t\t\t\t\t<\/div>\n\t\t\t\t\t\t\t\t\t\t<div class=\"l-rcbl__col\">\n\t\t\t\t\t\t\n<article class=\"c-block  c-block-v1 is-vertical text-left align-top has-border\" style=\"--c-block-gap-vertical:30px;--c-block-gap-horizontal:50px;--c-block-border-width:1px;--c-block-border-color:#c0c0c0;\">\n\n\t\n\t\n\t        <div class=\"c-block__body\" >\n\n\t\t\t\n\t\t\t\t\t\t\t<h2  class=\"c-block__title\">Verhaltenskodex und Meldung gem. HinSchG<\/h2>\t\t\t\n\t\t\t                <div class=\"c-block__description\">\n\t\t\t\t\t<p>Meldeformular f\u00fcr Compliance-Verst\u00f6sse und unethishe oder illegale Aktivit\u00e4ten<\/p>\n                <\/div>\n\t\t\t\n\t\t\t\t\t\t\t\t    <div class=\"c-block__btn\">\n\t\t\n\t\t\t<a href=\"\/ch\/de\/verhaltenskodex-und-meldung-von-verstoessen\/\"  class=\"c-btn -normal -primary has-icon icon-right \"><div class=\"label-up\"><span class=\"c-btn__txt\">Zum Meldeformular<\/span><span class=\"c-btn__ico\"><svg width=\"30\" height=\"30\" class=\"icon icon-lib-icon-arrow4 \" aria-hidden=\"true\" role=\"img\"><use xlink:href=\"#lib-icon-arrow4\"><\/use><\/svg><\/span><\/div><div class=\"label-up\"><span class=\"c-btn__txt\">Zum Meldeformular<\/span><span class=\"c-btn__ico\"><svg width=\"30\" height=\"30\" class=\"icon icon-lib-icon-arrow4 \" aria-hidden=\"true\" role=\"img\"><use xlink:href=\"#lib-icon-arrow4\"><\/use><\/svg><\/span><\/div><\/a>\n\t\t    <\/div>\n\t\t\t\t\n        <\/div>\n\t\n<\/article>\n\t\t\t\t\t<\/div>\n\t\t\t\t\t\n\t\t\t\t\t<\/div>\n\n\t<\/div>\n\n\t\n<\/div>\n","protected":false},"excerpt":{"rendered":"","protected":false},"author":7,"featured_media":0,"parent":0,"menu_order":6,"comment_status":"closed","ping_status":"closed","template":"","meta":{"_acf_changed":false,"inline_featured_image":false,"footnotes":""},"class_list":["post-59","page","type-page","status-publish","hentry"],"acf":[],"yoast_head":"<!-- This site is optimized with the Yoast SEO plugin v27.3 - https:\/\/yoast.com\/product\/yoast-seo-wordpress\/ -->\n<title>Kontakt - BELFOR Switzerland<\/title>\n<meta name=\"robots\" content=\"index, follow, max-snippet:-1, max-image-preview:large, max-video-preview:-1\" \/>\n<link rel=\"canonical\" href=\"https:\/\/www.belfor.com\/ch\/de\/kontakt\/\" \/>\n<meta property=\"og:locale\" content=\"de_DE\" \/>\n<meta property=\"og:type\" content=\"article\" \/>\n<meta property=\"og:title\" content=\"Kontakt - BELFOR Switzerland\" \/>\n<meta property=\"og:url\" content=\"https:\/\/www.belfor.com\/ch\/de\/kontakt\/\" \/>\n<meta property=\"og:site_name\" content=\"BELFOR Switzerland\" \/>\n<meta property=\"article:modified_time\" content=\"2025-11-13T11:23:32+00:00\" \/>\n<meta name=\"twitter:card\" content=\"summary_large_image\" \/>\n<script type=\"application\/ld+json\" class=\"yoast-schema-graph\">{\"@context\":\"https:\\\/\\\/schema.org\",\"@graph\":[{\"@type\":\"WebPage\",\"@id\":\"https:\\\/\\\/www.belfor.com\\\/ch\\\/de\\\/kontakt\\\/\",\"url\":\"https:\\\/\\\/www.belfor.com\\\/ch\\\/de\\\/kontakt\\\/\",\"name\":\"Kontakt - BELFOR Switzerland\",\"isPartOf\":{\"@id\":\"https:\\\/\\\/www.belfor.com\\\/ch\\\/de\\\/#website\"},\"datePublished\":\"2024-05-27T13:55:41+00:00\",\"dateModified\":\"2025-11-13T11:23:32+00:00\",\"breadcrumb\":{\"@id\":\"https:\\\/\\\/www.belfor.com\\\/ch\\\/de\\\/kontakt\\\/#breadcrumb\"},\"inLanguage\":\"de-DE\",\"potentialAction\":[{\"@type\":\"ReadAction\",\"target\":[\"https:\\\/\\\/www.belfor.com\\\/ch\\\/de\\\/kontakt\\\/\"]}]},{\"@type\":\"BreadcrumbList\",\"@id\":\"https:\\\/\\\/www.belfor.com\\\/ch\\\/de\\\/kontakt\\\/#breadcrumb\",\"itemListElement\":[{\"@type\":\"ListItem\",\"position\":1,\"name\":\"Home\",\"item\":\"https:\\\/\\\/www.belfor.com\\\/ch\\\/de\\\/\"},{\"@type\":\"ListItem\",\"position\":2,\"name\":\"Kontakt\"}]},{\"@type\":\"WebSite\",\"@id\":\"https:\\\/\\\/www.belfor.com\\\/ch\\\/de\\\/#website\",\"url\":\"https:\\\/\\\/www.belfor.com\\\/ch\\\/de\\\/\",\"name\":\"BELFOR Switzerland\",\"description\":\"\",\"potentialAction\":[{\"@type\":\"SearchAction\",\"target\":{\"@type\":\"EntryPoint\",\"urlTemplate\":\"https:\\\/\\\/www.belfor.com\\\/ch\\\/de\\\/?s={search_term_string}\"},\"query-input\":{\"@type\":\"PropertyValueSpecification\",\"valueRequired\":true,\"valueName\":\"search_term_string\"}}],\"inLanguage\":\"de-DE\"}]}<\/script>\n<!-- \/ Yoast SEO plugin. -->","yoast_head_json":{"title":"Kontakt - BELFOR Switzerland","robots":{"index":"index","follow":"follow","max-snippet":"max-snippet:-1","max-image-preview":"max-image-preview:large","max-video-preview":"max-video-preview:-1"},"canonical":"https:\/\/www.belfor.com\/ch\/de\/kontakt\/","og_locale":"de_DE","og_type":"article","og_title":"Kontakt - BELFOR Switzerland","og_url":"https:\/\/www.belfor.com\/ch\/de\/kontakt\/","og_site_name":"BELFOR Switzerland","article_modified_time":"2025-11-13T11:23:32+00:00","twitter_card":"summary_large_image","schema":{"@context":"https:\/\/schema.org","@graph":[{"@type":"WebPage","@id":"https:\/\/www.belfor.com\/ch\/de\/kontakt\/","url":"https:\/\/www.belfor.com\/ch\/de\/kontakt\/","name":"Kontakt - BELFOR Switzerland","isPartOf":{"@id":"https:\/\/www.belfor.com\/ch\/de\/#website"},"datePublished":"2024-05-27T13:55:41+00:00","dateModified":"2025-11-13T11:23:32+00:00","breadcrumb":{"@id":"https:\/\/www.belfor.com\/ch\/de\/kontakt\/#breadcrumb"},"inLanguage":"de-DE","potentialAction":[{"@type":"ReadAction","target":["https:\/\/www.belfor.com\/ch\/de\/kontakt\/"]}]},{"@type":"BreadcrumbList","@id":"https:\/\/www.belfor.com\/ch\/de\/kontakt\/#breadcrumb","itemListElement":[{"@type":"ListItem","position":1,"name":"Home","item":"https:\/\/www.belfor.com\/ch\/de\/"},{"@type":"ListItem","position":2,"name":"Kontakt"}]},{"@type":"WebSite","@id":"https:\/\/www.belfor.com\/ch\/de\/#website","url":"https:\/\/www.belfor.com\/ch\/de\/","name":"BELFOR Switzerland","description":"","potentialAction":[{"@type":"SearchAction","target":{"@type":"EntryPoint","urlTemplate":"https:\/\/www.belfor.com\/ch\/de\/?s={search_term_string}"},"query-input":{"@type":"PropertyValueSpecification","valueRequired":true,"valueName":"search_term_string"}}],"inLanguage":"de-DE"}]}},"_links":{"self":[{"href":"https:\/\/www.belfor.com\/ch\/de\/wp-json\/wp\/v2\/pages\/59","targetHints":{"allow":["GET"]}}],"collection":[{"href":"https:\/\/www.belfor.com\/ch\/de\/wp-json\/wp\/v2\/pages"}],"about":[{"href":"https:\/\/www.belfor.com\/ch\/de\/wp-json\/wp\/v2\/types\/page"}],"author":[{"embeddable":true,"href":"https:\/\/www.belfor.com\/ch\/de\/wp-json\/wp\/v2\/users\/7"}],"replies":[{"embeddable":true,"href":"https:\/\/www.belfor.com\/ch\/de\/wp-json\/wp\/v2\/comments?post=59"}],"version-history":[{"count":5,"href":"https:\/\/www.belfor.com\/ch\/de\/wp-json\/wp\/v2\/pages\/59\/revisions"}],"predecessor-version":[{"id":4456,"href":"https:\/\/www.belfor.com\/ch\/de\/wp-json\/wp\/v2\/pages\/59\/revisions\/4456"}],"wp:attachment":[{"href":"https:\/\/www.belfor.com\/ch\/de\/wp-json\/wp\/v2\/media?parent=59"}],"curies":[{"name":"wp","href":"https:\/\/api.w.org\/{rel}","templated":true}]}}