{"id":173,"date":"2024-05-29T11:50:11","date_gmt":"2024-05-29T09:50:11","guid":{"rendered":"https:\/\/www.belfor.com\/ch\/?page_id=173"},"modified":"2024-10-22T13:26:16","modified_gmt":"2024-10-22T11:26:16","slug":"impressum","status":"publish","type":"page","link":"https:\/\/www.belfor.com\/ch\/de\/impressum\/","title":{"rendered":"Impressum"},"content":{"rendered":"<h2 class=\"wp-block-post-title\">Impressum<\/h2>\n\n\n<p>BELFOR (Suisse) AG<br>Reuss-Strasse 9<br>CH-6038 Gisikon \/ LU<br><\/p>\n\n\n\n<p>Telefon: +41 41 455 01 11<br><\/p>\n\n\n\n<p>E-Mail:&nbsp;<a href=\"mailto:%20info@ch.belfor.com\">info<\/a><a href=\"mailto:belfor@ch.belfor.com\">@ch.belfor.com<\/a><br>Internet:&nbsp;<a href=\"http:\/\/www.belfor.ch\/\">https:\/\/www.belfor.ch<\/a><br><\/p>\n\n\n\n<p>BELFOR (Suisse) AG wird vertreten durch den Gesch\u00e4ftsf\u00fchrer Nicola R\u00fcegg.<br><\/p>\n\n\n\n<p>Handelsregister des Kantons Luzern<br>Registernummer: CHE-105.802.444<br><\/p>\n\n\n\n<p>Haftungshinweis: Trotz sorgf\u00e4ltiger inhaltlicher Kontrolle \u00fcbernehmen wir keine Haftung f\u00fcr die Inhalte externer Links. F\u00fcr den Inhalt der verlinkten Seiten sind ausschliesslich deren Betreiber verantwortlich.<\/p>\n","protected":false},"excerpt":{"rendered":"<p>BELFOR (Suisse) AGReuss-Strasse 9CH-6038 Gisikon \/ LU Telefon: +41 41 455 01 11 E-Mail:&nbsp;info@ch.belfor.comInternet:&nbsp;https:\/\/www.belfor.ch BELFOR (Suisse) AG wird vertreten durch den Gesch\u00e4ftsf\u00fchrer Nicola R\u00fcegg. Handelsregister des Kantons LuzernRegisternummer: CHE-105.802.444 Haftungshinweis: Trotz sorgf\u00e4ltiger inhaltlicher Kontrolle \u00fcbernehmen wir keine Haftung f\u00fcr die Inhalte externer Links. F\u00fcr den Inhalt der verlinkten Seiten sind ausschliesslich deren Betreiber verantwortlich.<\/p>\n","protected":false},"author":9,"featured_media":0,"parent":0,"menu_order":8,"comment_status":"closed","ping_status":"closed","template":"templates\/template-simple-text.php","meta":{"_acf_changed":false,"inline_featured_image":false,"footnotes":""},"class_list":["post-173","page","type-page","status-publish","hentry"],"acf":[],"yoast_head":"<!-- This site is optimized with the Yoast SEO plugin v27.3 - https:\/\/yoast.com\/product\/yoast-seo-wordpress\/ -->\n<title>Impressum - BELFOR Switzerland<\/title>\n<meta name=\"robots\" content=\"index, follow, max-snippet:-1, max-image-preview:large, max-video-preview:-1\" \/>\n<link rel=\"canonical\" href=\"https:\/\/www.belfor.com\/ch\/de\/impressum\/\" \/>\n<meta property=\"og:locale\" content=\"de_DE\" \/>\n<meta property=\"og:type\" content=\"article\" \/>\n<meta property=\"og:title\" content=\"Impressum - BELFOR Switzerland\" \/>\n<meta property=\"og:description\" content=\"BELFOR (Suisse) AGReuss-Strasse 9CH-6038 Gisikon \/ LU Telefon: +41 41 455 01 11 E-Mail:&nbsp;info@ch.belfor.comInternet:&nbsp;https:\/\/www.belfor.ch BELFOR (Suisse) AG wird vertreten durch den Gesch\u00e4ftsf\u00fchrer Nicola R\u00fcegg. Handelsregister des Kantons LuzernRegisternummer: CHE-105.802.444 Haftungshinweis: Trotz sorgf\u00e4ltiger inhaltlicher Kontrolle \u00fcbernehmen wir keine Haftung f\u00fcr die Inhalte externer Links. F\u00fcr den Inhalt der verlinkten Seiten sind ausschliesslich deren Betreiber verantwortlich.\" \/>\n<meta property=\"og:url\" content=\"https:\/\/www.belfor.com\/ch\/de\/impressum\/\" \/>\n<meta property=\"og:site_name\" content=\"BELFOR Switzerland\" \/>\n<meta property=\"article:modified_time\" content=\"2024-10-22T11:26:16+00:00\" \/>\n<meta name=\"twitter:card\" content=\"summary_large_image\" \/>\n<meta name=\"twitter:label1\" content=\"Est. reading time\" \/>\n\t<meta name=\"twitter:data1\" content=\"1 minute\" \/>\n<script type=\"application\/ld+json\" class=\"yoast-schema-graph\">{\"@context\":\"https:\\\/\\\/schema.org\",\"@graph\":[{\"@type\":\"WebPage\",\"@id\":\"https:\\\/\\\/www.belfor.com\\\/ch\\\/de\\\/impressum\\\/\",\"url\":\"https:\\\/\\\/www.belfor.com\\\/ch\\\/de\\\/impressum\\\/\",\"name\":\"Impressum - BELFOR Switzerland\",\"isPartOf\":{\"@id\":\"https:\\\/\\\/www.belfor.com\\\/ch\\\/de\\\/#website\"},\"datePublished\":\"2024-05-29T09:50:11+00:00\",\"dateModified\":\"2024-10-22T11:26:16+00:00\",\"breadcrumb\":{\"@id\":\"https:\\\/\\\/www.belfor.com\\\/ch\\\/de\\\/impressum\\\/#breadcrumb\"},\"inLanguage\":\"de-DE\",\"potentialAction\":[{\"@type\":\"ReadAction\",\"target\":[\"https:\\\/\\\/www.belfor.com\\\/ch\\\/de\\\/impressum\\\/\"]}]},{\"@type\":\"BreadcrumbList\",\"@id\":\"https:\\\/\\\/www.belfor.com\\\/ch\\\/de\\\/impressum\\\/#breadcrumb\",\"itemListElement\":[{\"@type\":\"ListItem\",\"position\":1,\"name\":\"Home\",\"item\":\"https:\\\/\\\/www.belfor.com\\\/ch\\\/de\\\/\"},{\"@type\":\"ListItem\",\"position\":2,\"name\":\"Impressum\"}]},{\"@type\":\"WebSite\",\"@id\":\"https:\\\/\\\/www.belfor.com\\\/ch\\\/de\\\/#website\",\"url\":\"https:\\\/\\\/www.belfor.com\\\/ch\\\/de\\\/\",\"name\":\"BELFOR Switzerland\",\"description\":\"\",\"potentialAction\":[{\"@type\":\"SearchAction\",\"target\":{\"@type\":\"EntryPoint\",\"urlTemplate\":\"https:\\\/\\\/www.belfor.com\\\/ch\\\/de\\\/?s={search_term_string}\"},\"query-input\":{\"@type\":\"PropertyValueSpecification\",\"valueRequired\":true,\"valueName\":\"search_term_string\"}}],\"inLanguage\":\"de-DE\"}]}<\/script>\n<!-- \/ Yoast SEO plugin. -->","yoast_head_json":{"title":"Impressum - BELFOR Switzerland","robots":{"index":"index","follow":"follow","max-snippet":"max-snippet:-1","max-image-preview":"max-image-preview:large","max-video-preview":"max-video-preview:-1"},"canonical":"https:\/\/www.belfor.com\/ch\/de\/impressum\/","og_locale":"de_DE","og_type":"article","og_title":"Impressum - BELFOR Switzerland","og_description":"BELFOR (Suisse) AGReuss-Strasse 9CH-6038 Gisikon \/ LU Telefon: +41 41 455 01 11 E-Mail:&nbsp;info@ch.belfor.comInternet:&nbsp;https:\/\/www.belfor.ch BELFOR (Suisse) AG wird vertreten durch den Gesch\u00e4ftsf\u00fchrer Nicola R\u00fcegg. Handelsregister des Kantons LuzernRegisternummer: CHE-105.802.444 Haftungshinweis: Trotz sorgf\u00e4ltiger inhaltlicher Kontrolle \u00fcbernehmen wir keine Haftung f\u00fcr die Inhalte externer Links. F\u00fcr den Inhalt der verlinkten Seiten sind ausschliesslich deren Betreiber verantwortlich.","og_url":"https:\/\/www.belfor.com\/ch\/de\/impressum\/","og_site_name":"BELFOR Switzerland","article_modified_time":"2024-10-22T11:26:16+00:00","twitter_card":"summary_large_image","twitter_misc":{"Est. reading time":"1 minute"},"schema":{"@context":"https:\/\/schema.org","@graph":[{"@type":"WebPage","@id":"https:\/\/www.belfor.com\/ch\/de\/impressum\/","url":"https:\/\/www.belfor.com\/ch\/de\/impressum\/","name":"Impressum - BELFOR Switzerland","isPartOf":{"@id":"https:\/\/www.belfor.com\/ch\/de\/#website"},"datePublished":"2024-05-29T09:50:11+00:00","dateModified":"2024-10-22T11:26:16+00:00","breadcrumb":{"@id":"https:\/\/www.belfor.com\/ch\/de\/impressum\/#breadcrumb"},"inLanguage":"de-DE","potentialAction":[{"@type":"ReadAction","target":["https:\/\/www.belfor.com\/ch\/de\/impressum\/"]}]},{"@type":"BreadcrumbList","@id":"https:\/\/www.belfor.com\/ch\/de\/impressum\/#breadcrumb","itemListElement":[{"@type":"ListItem","position":1,"name":"Home","item":"https:\/\/www.belfor.com\/ch\/de\/"},{"@type":"ListItem","position":2,"name":"Impressum"}]},{"@type":"WebSite","@id":"https:\/\/www.belfor.com\/ch\/de\/#website","url":"https:\/\/www.belfor.com\/ch\/de\/","name":"BELFOR Switzerland","description":"","potentialAction":[{"@type":"SearchAction","target":{"@type":"EntryPoint","urlTemplate":"https:\/\/www.belfor.com\/ch\/de\/?s={search_term_string}"},"query-input":{"@type":"PropertyValueSpecification","valueRequired":true,"valueName":"search_term_string"}}],"inLanguage":"de-DE"}]}},"_links":{"self":[{"href":"https:\/\/www.belfor.com\/ch\/de\/wp-json\/wp\/v2\/pages\/173","targetHints":{"allow":["GET"]}}],"collection":[{"href":"https:\/\/www.belfor.com\/ch\/de\/wp-json\/wp\/v2\/pages"}],"about":[{"href":"https:\/\/www.belfor.com\/ch\/de\/wp-json\/wp\/v2\/types\/page"}],"author":[{"embeddable":true,"href":"https:\/\/www.belfor.com\/ch\/de\/wp-json\/wp\/v2\/users\/9"}],"replies":[{"embeddable":true,"href":"https:\/\/www.belfor.com\/ch\/de\/wp-json\/wp\/v2\/comments?post=173"}],"version-history":[{"count":3,"href":"https:\/\/www.belfor.com\/ch\/de\/wp-json\/wp\/v2\/pages\/173\/revisions"}],"predecessor-version":[{"id":3119,"href":"https:\/\/www.belfor.com\/ch\/de\/wp-json\/wp\/v2\/pages\/173\/revisions\/3119"}],"wp:attachment":[{"href":"https:\/\/www.belfor.com\/ch\/de\/wp-json\/wp\/v2\/media?parent=173"}],"curies":[{"name":"wp","href":"https:\/\/api.w.org\/{rel}","templated":true}]}}