{"id":981,"date":"2024-08-26T18:47:55","date_gmt":"2024-08-26T22:47:55","guid":{"rendered":"https:\/\/www.belfor.com\/ca\/securite-et-formation\/"},"modified":"2024-09-17T14:29:05","modified_gmt":"2024-09-17T18:29:05","slug":"securite-et-formation","status":"publish","type":"page","link":"https:\/\/www.belfor.com\/ca\/fr\/securite-et-formation\/","title":{"rendered":"S\u00e9curit\u00e9 et formation"},"content":{"rendered":"<div class=\"m-banner m-banner--small  -version-2 order-default\" >\n\n\t\n\t\n\t<div class=\"m-banner__container container-fluid\" style='--columns-ratio: 50%;background-color: #151515;'>\n\n\t\t\n\t\t<div class=\"m-banner__inner container flex-left style-dark\">\n\n\t\t\t<div class=\"l-banner  l-gt-custom l-gb-custom\" style=\"--l-gt-padding: 4.5rem;--l-gb-padding: 4.5rem;\">\n\n\t\t\t\t\n<div class=\"l-banner__text\">\n        <div class=\"l-banner__inner text-left\">\n\n        <div class=\"c-heading -h1\">\n\t\t\t                <div class=\"c-heading__pre\" >\n\t\t\t\t\tHors de danger                <\/div>\n\t\t\t\n\t\t\t\t\t\t\t<h1  class=\"c-heading__title\">S\u00e9curit\u00e9 et formation<\/h1>\t\t\t\n\t\t\t        <\/div>\n\n\t\t    <\/div>\n    \n\t<\/div>\n\n    <div class=\"l-banner__media\">\n\t\t\t\t\t\n\t\t\t\t            <div class=\"c-image\">\n            <figure class=\"c-image__media c-image__primary\">\n                <img decoding=\"async\" class=\"c-image__src lazy\" loading=\"lazy\" src=\"https:\/\/www.belfor.com\/ca\/wp-content\/uploads\/sites\/22\/2024\/08\/safety-belfor-convert.io_-2-768x445.jpg\"  alt=\"safety-belfor-(convert.io)\" width=\"768\" height=\"445\"\/>            <\/figure>\n        <\/div>\n    \n\t\t\t\n\t\t    <\/div>\n\n\t\t\t<\/div>\n\n\t\t\t\t\t<\/div>\n\t<\/div>\n\n    <!-- scroll down-->\n    <div class=\"scroll-down\">\n        <div class=\"scroll-down__line-box line-box\">\n            <div class=\"line\"><\/div>\n        <\/div>\n        <div class=\"scroll-down__icon\">\n            <svg class=\"o-icon u-fill-current\" aria-hidden=\"true\">\n                <use xlink:href=\"#scroll-down\"><\/use>\n            <\/svg>\n        <\/div>\n    <\/div>\n    <!-- scroll down : end-->\n\n<\/div>\n<div class=\"m-wrapper  -version-4 container-fluid\" >\n\n\t\n\t\n\t<div class=\"m-wrapper__inner\">\n\t\t\n<div class=\"m-block  gt -title-has-decor l-content-simple-1\"  style='--l-container-width: 94.7rem;'>\n\n\t\n\t\n\t<div class=\"m-block__container container-custom\" style=\"--l-container-width: 94.7rem\">\n\n\t\t<div class=\"l-heading text-left l-heading-v1\">\n\n\t\t\t    <div class=\"c-heading -h2 \">\n\t\t\n\t\t\n\t\t\t\t\t<h2  class=\"c-heading__title\">Engag\u00e9 envers la s\u00e9curit\u00e9 de nos employ\u00e9s<\/h2>\t\t\n\t\t    <\/div>\n\n\t\t\t\n\t\t<\/div>\n\n\t<\/div>\n\n\t\n<\/div>\n\n\n<div class=\"m-block  -version-7 l-content-2\"  >\n\n\t\n\t\n\t<div class=\"m-block__container container\" style=\"\">\n\n\t\t<div class=\"l-dcbl l-dcbl-v1\">\n\n\t\t\t\n<div class=\"c-block order-default\" style=\"--c-block-radius:0px; --c-block-gl: 0%;--c-block-gr: 0%;--c-block-gt: 0%;--c-block-gb: 0%;--columns-ratio: 52%;\">\n    <div class=\"c-block__col c-block__text text-left align-top\"\n         style=\"--c-txt-gl: 0%; --c-txt-gr: 0%; --c-txt-gt: 0%; --c-txt-gb: 0%;\">\n        <div class=\"c-block__inner\">\n\n\t\t\t            \n\t\t\t    <div class=\"c-heading__description is-wysiwyg\">\n        <p>Chez BELFOR, nous nous engageons \u00e0 fournir un environnement de travail s\u00fbr et sain. Nous nous effor\u00e7ons de garantir que nos op\u00e9rations se d\u00e9roulent sans accidents, blessures, maladies professionnelles ou impact environnemental n\u00e9gatif. La sant\u00e9 et la s\u00e9curit\u00e9 sont le fil conducteur des valeurs de BELFOR.   <strong>Nous n\u2019avons pas de priorit\u00e9 plus \u00e9lev\u00e9e que l\u2019ex\u00e9cution en toute s\u00e9curit\u00e9 de nos op\u00e9rations.<\/strong> BELFOR compte plus de 100 employ\u00e9s d\u00e9vou\u00e9s travaillant dans le d\u00e9partement Sant\u00e9 et S\u00e9curit\u00e9.<strong> <\/strong> Chaque employ\u00e9 de BELFOR doit adh\u00e9rer aux politiques et proc\u00e9dures de sant\u00e9 et de s\u00e9curit\u00e9 de l&#8217;entreprise et assumer personnellement sa responsabilit\u00e9 en : <\/p>\n<ul>\n<li>Adopter une attitude qui d\u00e9montre l&#8217;importance de la s\u00e9curit\u00e9 et de la sant\u00e9 dans nos op\u00e9rations;<\/li>\n<li>Fournir des conditions de travail s\u00fbres et saines en mettant l&#8217;accent sur la pr\u00e9vention des accidents, des blessures et des maladies professionnelles &#8211; en gardant nos zones de travail exemptes de dangers reconnus;<\/li>\n<li>Se conformer \u00e0 100 % \u00e0 toutes les r\u00e8gles, r\u00e9glementations et lois gouvernementales en mati\u00e8re de sant\u00e9 et de s\u00e9curit\u00e9;<\/li>\n<li>Am\u00e9liorer la communication en mati\u00e8re de sant\u00e9 et de s\u00e9curit\u00e9 &#8211; signaler les incidents et les dangers potentiels;<\/li>\n<li>Promouvoir l&#8217;am\u00e9lioration continue du programme de sant\u00e9 et de s\u00e9curit\u00e9 de BELFOR.<\/li>\n<\/ul>\n    <\/div>\n\t\t\t\t\t\t        <\/div>\n    <\/div>\n\t    <div class=\"c-block__col c-block__media\">\n\t\t\t<div class=\"c-image front-h-left front-v-center main-h-full main-v-center r-1x1 is-image\">\n\n\t\t\t\t\t<div class=\"c-image__media c-image__primary\">\n                <img decoding=\"async\" class=\"c-image__src lazy\" loading=\"lazy\" src=\"https:\/\/www.belfor.com\/ca\/wp-content\/uploads\/sites\/22\/2024\/08\/belfor-safety-training-convert.io_.jpg\"  alt=\"belfor-safety-training (convert.io)\" width=\"600\" height=\"450\"\/>\t\t\t<\/div>\n\t\t\n\t\t\n\t<\/div>\n\t\n\t\t\n\t\t\n\t\t    <\/div>\n\t<\/div>\n\n\t\t<\/div>\n\n\t<\/div>\n\n\t\n<\/div>\n\n\n\t<\/div>\n<\/div>\n<div class=\"m-block  mt -version-2 l-content-2\"  >\n\n\t\n\t\n\t<div class=\"m-block__container container\" style=\"\">\n\n\t\t<div class=\"l-dcbl l-dcbl-v5\">\n\n\t\t\t\n<div class=\"c-block order-reverse\" style=\"--c-block-radius:0px; --c-block-gl: 0%;--c-block-gr: 0%;--c-block-gt: 0%;--c-block-gb: 0%;--columns-ratio: 50%;\">\n    <div class=\"c-block__col c-block__text text-left align-center\"\n         style=\"--c-txt-gl: 0%; --c-txt-gr: 0%; --c-txt-gt: 0%; --c-txt-gb: 0%;\">\n        <div class=\"c-block__inner\">\n\n\t\t\t            \n\t\t\t    <div class=\"c-heading -h2 \">\n\t\t\n\t\t            <div class=\"c-heading__pre\" >\n\t\t\t\tFormation des employ\u00e9s            <\/div>\n\t\t\n\t\t\t\t\t<h2  class=\"c-heading__title\">Formations et certifications BELFOR<\/h2>\t\t\n\t\t    <\/div>\n    <div class=\"c-heading__description is-wysiwyg\">\n        <p>La formation est la cl\u00e9 de notre r\u00e9ussite. BELFOR s&#8217;engage \u00e0 disposer du personnel le mieux form\u00e9 du secteur de la restauration et investit plus d&#8217;un million de dollars par an dans des programmes de formation pour soutenir cet engagement. Pour garantir la coh\u00e9rence des proc\u00e9dures et des protocoles, l&#8217;Universit\u00e9 BELFOR propose une vari\u00e9t\u00e9 de cours de formation et de programmes de certification obligatoires et \u00ab encourag\u00e9s \u00bb \u00e0 tous les employ\u00e9s. Notre entreprise compte un directeur de la formation \u00e0 temps plein ainsi que de nombreux formateurs r\u00e9gionaux certifi\u00e9s IICRC et OSHA. Notre engagement dans cet effort comprend \u00e9galement:     <\/p>\n<ul>\n<li>Formation initiale en s\u00e9curit\u00e9 requise pour tous les employ\u00e9s<\/li>\n<li>Participation \u00e0 la formation quotidienne sur la bo\u00eete \u00e0 outils sur tous les chantiers pour tous les employ\u00e9s et sous-traitants<\/li>\n<li>Formation hebdomadaire suppl\u00e9mentaire sur la s\u00e9curit\u00e9 requise pour tous les employ\u00e9s<\/li>\n<li>Participation obligatoire aux conf\u00e9rences t\u00e9l\u00e9phoniques mensuelles sur la s\u00e9curit\u00e9 pour tous les employ\u00e9s<\/li>\n<li>Offrir des cours de formation sur la s\u00e9curit\u00e9, la sant\u00e9, l&#8217;environnement et autres &#8211; gratuitement &#8211; \u00e0 tous les employ\u00e9s<\/li>\n<\/ul>\n    <\/div>\n\t\t\t\t\t\t        <\/div>\n    <\/div>\n\t    <div class=\"c-block__col c-block__media\">\n\t\t\t<div class=\"c-image front-h-center front-v-center main-h-full main-v-center r-1x1 is-image\">\n\n\t\t\t\t\t<div class=\"c-image__media c-image__primary\">\n                <img decoding=\"async\" class=\"c-image__src lazy\" loading=\"lazy\" src=\"https:\/\/www.belfor.com\/ca\/wp-content\/uploads\/sites\/22\/2024\/08\/belfor-university-logo-convert.io_.jpg\"  alt=\"belfor-university-logo (convert.io)\" width=\"400\" height=\"312\"\/>\t\t\t<\/div>\n\t\t\n\t\t\n\t<\/div>\n\t\n\t\t\n\t\t\n\t\t    <\/div>\n\t<\/div>\n\n\t\t<\/div>\n\n\t<\/div>\n\n\t\n<\/div>\n","protected":false},"excerpt":{"rendered":"","protected":false},"author":10,"featured_media":449,"parent":0,"menu_order":0,"comment_status":"closed","ping_status":"closed","template":"","meta":{"_acf_changed":false,"inline_featured_image":false,"footnotes":""},"class_list":["post-981","page","type-page","status-publish","has-post-thumbnail","hentry"],"acf":[],"yoast_head":"<!-- This site is optimized with the Yoast SEO plugin v27.3 - https:\/\/yoast.com\/product\/yoast-seo-wordpress\/ -->\n<title>S\u00e9curit\u00e9 et formation - BELFOR Property Restoration - Canada<\/title>\n<meta name=\"robots\" content=\"index, follow, max-snippet:-1, max-image-preview:large, max-video-preview:-1\" \/>\n<link rel=\"canonical\" href=\"https:\/\/www.belfor.com\/ca\/fr\/securite-et-formation\/\" \/>\n<meta property=\"og:locale\" content=\"fr_FR\" \/>\n<meta property=\"og:type\" content=\"article\" \/>\n<meta property=\"og:title\" content=\"S\u00e9curit\u00e9 et formation - BELFOR Property Restoration - Canada\" \/>\n<meta property=\"og:url\" content=\"https:\/\/www.belfor.com\/ca\/fr\/securite-et-formation\/\" \/>\n<meta property=\"og:site_name\" content=\"BELFOR Property Restoration - Canada\" \/>\n<meta property=\"article:modified_time\" content=\"2024-09-17T18:29:05+00:00\" \/>\n<meta property=\"og:image\" content=\"https:\/\/www.belfor.com\/ca\/wp-content\/uploads\/sites\/22\/2024\/08\/safety-belfor-convert.io_-1.jpg\" \/>\n\t<meta property=\"og:image:width\" content=\"1258\" \/>\n\t<meta property=\"og:image:height\" content=\"640\" \/>\n\t<meta property=\"og:image:type\" content=\"image\/jpeg\" \/>\n<meta name=\"twitter:card\" content=\"summary_large_image\" \/>\n<script type=\"application\/ld+json\" class=\"yoast-schema-graph\">{\"@context\":\"https:\\\/\\\/schema.org\",\"@graph\":[{\"@type\":\"WebPage\",\"@id\":\"https:\\\/\\\/www.belfor.com\\\/ca\\\/fr\\\/securite-et-formation\\\/\",\"url\":\"https:\\\/\\\/www.belfor.com\\\/ca\\\/fr\\\/securite-et-formation\\\/\",\"name\":\"S\u00e9curit\u00e9 et formation - BELFOR Property Restoration - Canada\",\"isPartOf\":{\"@id\":\"https:\\\/\\\/www.belfor.com\\\/ca\\\/fr\\\/#website\"},\"primaryImageOfPage\":{\"@id\":\"https:\\\/\\\/www.belfor.com\\\/ca\\\/fr\\\/securite-et-formation\\\/#primaryimage\"},\"image\":{\"@id\":\"https:\\\/\\\/www.belfor.com\\\/ca\\\/fr\\\/securite-et-formation\\\/#primaryimage\"},\"thumbnailUrl\":\"https:\\\/\\\/www.belfor.com\\\/ca\\\/wp-content\\\/uploads\\\/sites\\\/22\\\/2024\\\/08\\\/safety-belfor-convert.io_-1.jpg\",\"datePublished\":\"2024-08-26T22:47:55+00:00\",\"dateModified\":\"2024-09-17T18:29:05+00:00\",\"breadcrumb\":{\"@id\":\"https:\\\/\\\/www.belfor.com\\\/ca\\\/fr\\\/securite-et-formation\\\/#breadcrumb\"},\"inLanguage\":\"fr-FR\",\"potentialAction\":[{\"@type\":\"ReadAction\",\"target\":[\"https:\\\/\\\/www.belfor.com\\\/ca\\\/fr\\\/securite-et-formation\\\/\"]}]},{\"@type\":\"ImageObject\",\"inLanguage\":\"fr-FR\",\"@id\":\"https:\\\/\\\/www.belfor.com\\\/ca\\\/fr\\\/securite-et-formation\\\/#primaryimage\",\"url\":\"https:\\\/\\\/www.belfor.com\\\/ca\\\/wp-content\\\/uploads\\\/sites\\\/22\\\/2024\\\/08\\\/safety-belfor-convert.io_-1.jpg\",\"contentUrl\":\"https:\\\/\\\/www.belfor.com\\\/ca\\\/wp-content\\\/uploads\\\/sites\\\/22\\\/2024\\\/08\\\/safety-belfor-convert.io_-1.jpg\",\"width\":1258,\"height\":640},{\"@type\":\"BreadcrumbList\",\"@id\":\"https:\\\/\\\/www.belfor.com\\\/ca\\\/fr\\\/securite-et-formation\\\/#breadcrumb\",\"itemListElement\":[{\"@type\":\"ListItem\",\"position\":1,\"name\":\"Home\",\"item\":\"https:\\\/\\\/www.belfor.com\\\/ca\\\/fr\\\/page-daccueil\\\/\"},{\"@type\":\"ListItem\",\"position\":2,\"name\":\"S\u00e9curit\u00e9 et formation\"}]},{\"@type\":\"WebSite\",\"@id\":\"https:\\\/\\\/www.belfor.com\\\/ca\\\/fr\\\/#website\",\"url\":\"https:\\\/\\\/www.belfor.com\\\/ca\\\/fr\\\/\",\"name\":\"BELFOR Property Restoration - Canada\",\"description\":\"\",\"potentialAction\":[{\"@type\":\"SearchAction\",\"target\":{\"@type\":\"EntryPoint\",\"urlTemplate\":\"https:\\\/\\\/www.belfor.com\\\/ca\\\/fr\\\/?s={search_term_string}\"},\"query-input\":{\"@type\":\"PropertyValueSpecification\",\"valueRequired\":true,\"valueName\":\"search_term_string\"}}],\"inLanguage\":\"fr-FR\"}]}<\/script>\n<!-- \/ Yoast SEO plugin. -->","yoast_head_json":{"title":"S\u00e9curit\u00e9 et formation - BELFOR Property Restoration - Canada","robots":{"index":"index","follow":"follow","max-snippet":"max-snippet:-1","max-image-preview":"max-image-preview:large","max-video-preview":"max-video-preview:-1"},"canonical":"https:\/\/www.belfor.com\/ca\/fr\/securite-et-formation\/","og_locale":"fr_FR","og_type":"article","og_title":"S\u00e9curit\u00e9 et formation - BELFOR Property Restoration - Canada","og_url":"https:\/\/www.belfor.com\/ca\/fr\/securite-et-formation\/","og_site_name":"BELFOR Property Restoration - Canada","article_modified_time":"2024-09-17T18:29:05+00:00","og_image":[{"width":1258,"height":640,"url":"https:\/\/www.belfor.com\/ca\/wp-content\/uploads\/sites\/22\/2024\/08\/safety-belfor-convert.io_-1.jpg","type":"image\/jpeg"}],"twitter_card":"summary_large_image","schema":{"@context":"https:\/\/schema.org","@graph":[{"@type":"WebPage","@id":"https:\/\/www.belfor.com\/ca\/fr\/securite-et-formation\/","url":"https:\/\/www.belfor.com\/ca\/fr\/securite-et-formation\/","name":"S\u00e9curit\u00e9 et formation - BELFOR Property Restoration - Canada","isPartOf":{"@id":"https:\/\/www.belfor.com\/ca\/fr\/#website"},"primaryImageOfPage":{"@id":"https:\/\/www.belfor.com\/ca\/fr\/securite-et-formation\/#primaryimage"},"image":{"@id":"https:\/\/www.belfor.com\/ca\/fr\/securite-et-formation\/#primaryimage"},"thumbnailUrl":"https:\/\/www.belfor.com\/ca\/wp-content\/uploads\/sites\/22\/2024\/08\/safety-belfor-convert.io_-1.jpg","datePublished":"2024-08-26T22:47:55+00:00","dateModified":"2024-09-17T18:29:05+00:00","breadcrumb":{"@id":"https:\/\/www.belfor.com\/ca\/fr\/securite-et-formation\/#breadcrumb"},"inLanguage":"fr-FR","potentialAction":[{"@type":"ReadAction","target":["https:\/\/www.belfor.com\/ca\/fr\/securite-et-formation\/"]}]},{"@type":"ImageObject","inLanguage":"fr-FR","@id":"https:\/\/www.belfor.com\/ca\/fr\/securite-et-formation\/#primaryimage","url":"https:\/\/www.belfor.com\/ca\/wp-content\/uploads\/sites\/22\/2024\/08\/safety-belfor-convert.io_-1.jpg","contentUrl":"https:\/\/www.belfor.com\/ca\/wp-content\/uploads\/sites\/22\/2024\/08\/safety-belfor-convert.io_-1.jpg","width":1258,"height":640},{"@type":"BreadcrumbList","@id":"https:\/\/www.belfor.com\/ca\/fr\/securite-et-formation\/#breadcrumb","itemListElement":[{"@type":"ListItem","position":1,"name":"Home","item":"https:\/\/www.belfor.com\/ca\/fr\/page-daccueil\/"},{"@type":"ListItem","position":2,"name":"S\u00e9curit\u00e9 et formation"}]},{"@type":"WebSite","@id":"https:\/\/www.belfor.com\/ca\/fr\/#website","url":"https:\/\/www.belfor.com\/ca\/fr\/","name":"BELFOR Property Restoration - Canada","description":"","potentialAction":[{"@type":"SearchAction","target":{"@type":"EntryPoint","urlTemplate":"https:\/\/www.belfor.com\/ca\/fr\/?s={search_term_string}"},"query-input":{"@type":"PropertyValueSpecification","valueRequired":true,"valueName":"search_term_string"}}],"inLanguage":"fr-FR"}]}},"_links":{"self":[{"href":"https:\/\/www.belfor.com\/ca\/fr\/wp-json\/wp\/v2\/pages\/981","targetHints":{"allow":["GET"]}}],"collection":[{"href":"https:\/\/www.belfor.com\/ca\/fr\/wp-json\/wp\/v2\/pages"}],"about":[{"href":"https:\/\/www.belfor.com\/ca\/fr\/wp-json\/wp\/v2\/types\/page"}],"author":[{"embeddable":true,"href":"https:\/\/www.belfor.com\/ca\/fr\/wp-json\/wp\/v2\/users\/10"}],"replies":[{"embeddable":true,"href":"https:\/\/www.belfor.com\/ca\/fr\/wp-json\/wp\/v2\/comments?post=981"}],"version-history":[{"count":1,"href":"https:\/\/www.belfor.com\/ca\/fr\/wp-json\/wp\/v2\/pages\/981\/revisions"}],"predecessor-version":[{"id":982,"href":"https:\/\/www.belfor.com\/ca\/fr\/wp-json\/wp\/v2\/pages\/981\/revisions\/982"}],"wp:featuredmedia":[{"embeddable":true,"href":"https:\/\/www.belfor.com\/ca\/fr\/wp-json\/wp\/v2\/media\/449"}],"wp:attachment":[{"href":"https:\/\/www.belfor.com\/ca\/fr\/wp-json\/wp\/v2\/media?parent=981"}],"curies":[{"name":"wp","href":"https:\/\/api.w.org\/{rel}","templated":true}]}}