{"id":973,"date":"2024-08-26T19:38:24","date_gmt":"2024-08-26T23:38:24","guid":{"rendered":"https:\/\/www.belfor.com\/ca\/elimination-de-la-fumee-et-de-la-suie\/"},"modified":"2024-09-17T14:08:20","modified_gmt":"2024-09-17T18:08:20","slug":"elimination-de-la-fumee-et-de-la-suie","status":"publish","type":"page","link":"https:\/\/www.belfor.com\/ca\/fr\/elimination-de-la-fumee-et-de-la-suie\/","title":{"rendered":"\u00c9limination de la fum\u00e9e et de la suie"},"content":{"rendered":"<div class=\"m-banner m-banner--small  -version-2 order-default\" >\n\n\t\n\t\n\t<div class=\"m-banner__container container-fluid\" style='--columns-ratio: 50%;background-color: #151515;'>\n\n\t\t\n\t\t<div class=\"m-banner__inner container flex-left style-dark\">\n\n\t\t\t<div class=\"l-banner  l-gt-custom l-gb-custom\" style=\"--l-gt-padding: 4.5rem;--l-gb-padding: 4.5rem;\">\n\n\t\t\t\t\n<div class=\"l-banner__text\">\n        <div class=\"l-banner__inner text-left\">\n\n        <div class=\"c-heading -h1\">\n\t\t\t                <div class=\"c-heading__pre\" >\n\t\t\t\t\tSERVICES                <\/div>\n\t\t\t\n\t\t\t\t\t\t\t<h1  class=\"c-heading__title\">\u00c9limination de la suie pour les dommages caus\u00e9s par la fum\u00e9e<\/h1>\t\t\t\n\t\t\t        <\/div>\n\n\t\t    <\/div>\n    \n\t<\/div>\n\n    <div class=\"l-banner__media\">\n\t\t\t\t\t\n\t\t\t\t            <div class=\"c-image\">\n            <figure class=\"c-image__media c-image__primary\">\n                <img decoding=\"async\" class=\"c-image__src lazy\" loading=\"lazy\" src=\"https:\/\/www.belfor.com\/ca\/wp-content\/uploads\/sites\/22\/2024\/07\/Belfor-cars.jpg\"  alt=\"BELFOR Cars and Trucks lined up at an emergency response\" width=\"814\" height=\"485\"\/>            <\/figure>\n        <\/div>\n    \n\t\t\t\n\t\t    <\/div>\n\n\t\t\t<\/div>\n\n\t\t\t\t\t<\/div>\n\t<\/div>\n\n    <!-- scroll down-->\n    <div class=\"scroll-down\">\n        <div class=\"scroll-down__line-box line-box\">\n            <div class=\"line\"><\/div>\n        <\/div>\n        <div class=\"scroll-down__icon\">\n            <svg class=\"o-icon u-fill-current\" aria-hidden=\"true\">\n                <use xlink:href=\"#scroll-down\"><\/use>\n            <\/svg>\n        <\/div>\n    <\/div>\n    <!-- scroll down : end-->\n\n<\/div>\n<div class=\"m-breadcrumb \">\n\t\n\t<div class=\"blog-breadcrumb\">\n\t\t<div class=\"blog-breadcrumb__inner inner-frame\">\n\t\t\t<span property=\"itemListElement\" typeof=\"ListItem\"><a property=\"item\" typeof=\"WebPage\" title=\"Go to BELFOR.\" href=\"https:\/\/www.belfor.com\/\" class=\"main-home\" ><span property=\"name\">BELFOR<\/span><\/a><meta property=\"position\" content=\"1\"><\/span> &gt; <span property=\"itemListElement\" typeof=\"ListItem\"><a property=\"item\" typeof=\"WebPage\" title=\"Go to BELFOR Property Restoration - Canada.\" href=\"https:\/\/www.belfor.com\/ca\/fr\/\" class=\"home\" ><span property=\"name\">BELFOR Property Restoration &#8211; Canada<\/span><\/a><meta property=\"position\" content=\"2\"><\/span> &gt; <span property=\"itemListElement\" typeof=\"ListItem\"><a property=\"item\" typeof=\"WebPage\" title=\"Go to Ressources.\" href=\"https:\/\/www.belfor.com\/ca\/fr\/ressources\/\" class=\"post-root post post-post\" aria-current=\"page\"><span property=\"name\">Ressources<\/span><\/a><meta property=\"position\" content=\"3\"><\/span>\t\t<\/div>\n\t<\/div>\n\n<\/div>\n<div class=\"m-wrapper  mt mb-custom -version-7 container\" style='--margin-bottom: 15rem;'>\n\n\t\n\t\n\t<div class=\"m-wrapper__inner\">\n\t\t\n\n<div class=\"m-block l-links-list  \"  >\n\n\t    <div class=\"m-block__container container\"\n         style=\"\">\n\n        <div class=\"l-heading text-left l-heading-v1\">\n\t\t\t        <div class=\"c-heading -h2 \">\n\t\t\n\t\t\n\t\t\t\t\t<h2  class=\"c-heading__title\">Services Commerciaux<\/h2>\t\t\n\t\t    <\/div>\n\n\t\t\t                <ul>\n\t\t\t\t\t                        <li>\n\t\t\t\t\t\t\t\n\t\t\t\t\t\t\t\t                                    <a href=\"\/ca\/en\/emergency-response\/\"\n\t\t\t\t\t\t\t\t\t\tnoreferrer target=\"_blank\"                                       class=\"link\">Intervention D&#8217;urgence                                    <\/a>\n\t\t\t\t\t\t\t\t\n\t\t\t\t\t\t\t                        <\/li>\n\t\t\t\t\t                        <li>\n\t\t\t\t\t\t\t\n\t\t\t\t\t\t\t\t                                    <a href=\"\/ca\/en\/smoke-and-soot-removal\/\"\n\t\t\t\t\t\t\t\t\t\t                                        class=\"link\">\u00c9limination de la fum\u00e9e et de la suie                                    <\/a>\n\t\t\t\t\t\t\t\t\n\t\t\t\t\t\t\t                        <\/li>\n\t\t\t\t\t                        <li>\n\t\t\t\t\t\t\t\n\t\t\t\t\t\t\t\t                                    <a href=\"\/ca\/en\/water-extraction-drying\/\"\n\t\t\t\t\t\t\t\t\t\t                                        class=\"link\">Extraction et s\u00e9chage de l&#8217;eau                                    <\/a>\n\t\t\t\t\t\t\t\t\n\t\t\t\t\t\t\t                        <\/li>\n\t\t\t\t\t                        <li>\n\t\t\t\t\t\t\t\n\t\t\t\t\t\t\t\t                                    <a href=\"\/ca\/en\/shrink-wrap\/\"\n\t\t\t\t\t\t\t\t\t\t                                        class=\"link\">Emballage r\u00e9tractable                                    <\/a>\n\t\t\t\t\t\t\t\t\n\t\t\t\t\t\t\t                        <\/li>\n\t\t\t\t\t                        <li>\n\t\t\t\t\t\t\t\n\t\t\t\t\t\t\t\t                                    <a href=\"\/ca\/en\/mould-removal-remediation\/\"\n\t\t\t\t\t\t\t\t\t\t                                        class=\"link\">\u00c9limination et assainissement des moisissures                                    <\/a>\n\t\t\t\t\t\t\t\t\n\t\t\t\t\t\t\t                        <\/li>\n\t\t\t\t\t                        <li>\n\t\t\t\t\t\t\t\n\t\t\t\t\t\t\t\t                                    <a href=\"\/ca\/en\/general-contracting-reconstruction\/\"\n\t\t\t\t\t\t\t\t\t\t                                        class=\"link\">Entreprise g\u00e9n\u00e9rale et reconstruction                                    <\/a>\n\t\t\t\t\t\t\t\t\n\t\t\t\t\t\t\t                        <\/li>\n\t\t\t\t\t                        <li>\n\t\t\t\t\t\t\t\n\t\t\t\t\t\t\t\t                                    <a href=\"\/ca\/en\/document-media-recovery\/\"\n\t\t\t\t\t\t\t\t\t\t                                        class=\"link\">R\u00e9cup\u00e9ration de documents et de m\u00e9dias                                    <\/a>\n\t\t\t\t\t\t\t\t\n\t\t\t\t\t\t\t                        <\/li>\n\t\t\t\t\t                        <li>\n\t\t\t\t\t\t\t\n\t\t\t\t\t\t\t\t                                    <a href=\"\/ca\/en\/air-duct-cleaning\/\"\n\t\t\t\t\t\t\t\t\t\t                                        class=\"link\">Nettoyage Des Conduits D\u2019air                                    <\/a>\n\t\t\t\t\t\t\t\t\n\t\t\t\t\t\t\t                        <\/li>\n\t\t\t\t\t                        <li>\n\t\t\t\t\t\t\t\n\t\t\t\t\t\t\t\t                                    <a href=\"\/ca\/en\/contents-restoration\/\"\n\t\t\t\t\t\t\t\t\t\t                                        class=\"link\">Restauration du contenu                                    <\/a>\n\t\t\t\t\t\t\t\t\n\t\t\t\t\t\t\t                        <\/li>\n\t\t\t\t\t                        <li>\n\t\t\t\t\t\t\t\n\t\t\t\t\t\t\t\t                                    <a href=\"\/ca\/en\/electronics-restoration\/\"\n\t\t\t\t\t\t\t\t\t\t                                        class=\"link\">Restauration de l&#8217;\u00e9lectronique                                    <\/a>\n\t\t\t\t\t\t\t\t\n\t\t\t\t\t\t\t                        <\/li>\n\t\t\t\t\t                        <li>\n\t\t\t\t\t\t\t\n\t\t\t\t\t\t\t\t                                    <a href=\"\/ca\/en\/equipment-machinery-repair\/\"\n\t\t\t\t\t\t\t\t\t\t                                        class=\"link\">R\u00e9paration d&#8217;\u00e9quipement et de machines                                    <\/a>\n\t\t\t\t\t\t\t\t\n\t\t\t\t\t\t\t                        <\/li>\n\t\t\t\t\t                        <li>\n\t\t\t\t\t\t\t\n\t\t\t\t\t\t\t\t                                    <a href=\"\/ca\/en\/ultrasonic-cleaning\/\"\n\t\t\t\t\t\t\t\t\t\t                                        class=\"link\">Nettoyage par ultrasons                                    <\/a>\n\t\t\t\t\t\t\t\t\n\t\t\t\t\t\t\t                        <\/li>\n\t\t\t\t\t                        <li>\n\t\t\t\t\t\t\t\n\t\t\t\t\t\t\t\t                                    <a href=\"\/ca\/en\/semiconductor-services\/\"\n\t\t\t\t\t\t\t\t\t\t                                        class=\"link\">Services de semi-conducteurs                                    <\/a>\n\t\t\t\t\t\t\t\t\n\t\t\t\t\t\t\t                        <\/li>\n\t\t\t\t\t                        <li>\n\t\t\t\t\t\t\t\n\t\t\t\t\t\t\t\t                                    <a href=\"\/ca\/en\/environmental-services\/\"\n\t\t\t\t\t\t\t\t\t\t                                        class=\"link\">Services environnementaux                                    <\/a>\n\t\t\t\t\t\t\t\t\n\t\t\t\t\t\t\t                        <\/li>\n\t\t\t\t\t                        <li>\n\t\t\t\t\t\t\t\n\t\t\t\t\t\t\t\t                                    <a href=\"\/ca\/en\/consulting-services\/\"\n\t\t\t\t\t\t\t\t\t\t                                        class=\"link\">Services de conseil                                    <\/a>\n\t\t\t\t\t\t\t\t\n\t\t\t\t\t\t\t                        <\/li>\n\t\t\t\t\t                <\/ul>\n\t\t\t\n        <\/div>\n    <\/div>\n<\/div>\n\n\n<div class=\"m-block  mb-custom l-content-2\"  style='--margin-bottom: 5rem;'>\n\n\t\n\t\n\t<div class=\"m-block__container container\" style=\"\">\n\n\t\t<div class=\"l-dcbl l-dcbl-v1\">\n\n\t\t\t\n<div class=\"c-block order-default is-vertical\" style=\"--c-block-radius:0px; --c-block-gl: 0%;--c-block-gr: 0%;--c-block-gt: 0%;--c-block-gb: 0%;--columns-ratio: 100%;\">\n    <div class=\"c-block__col c-block__text text-left align-center\"\n         style=\"--c-txt-gl: 0%; --c-txt-gr: 0%; --c-txt-gt: 0%; --c-txt-gb: 0%;\">\n        <div class=\"c-block__inner\">\n\n\t\t\t                            <div class=\"c-block__text-image\">\n                    <div class=\"c-image\">\n                        <img decoding=\"async\" loading=\"lazy\" class=\"c-image__src\" src=\"https:\/\/www.belfor.com\/ca\/wp-content\/uploads\/sites\/22\/2024\/08\/soot-removal-film.jpg\"\n                             alt=\"soot-removal-film\"\n                             width=\"800\" height=\"471\"\n                        >\n                    <\/div>\n                <\/div>\n\t\t\t\n\t\t\t    <div class=\"c-heading -h2 \">\n\t\t\n\t\t\n\t\t\t\t\t<h2  class=\"c-heading__title\">\u00c9limination de la suie pour les dommages caus\u00e9s par la fum\u00e9e<\/h2>\t\t\n\t\t    <\/div>\n    <div class=\"c-heading__description is-wysiwyg\">\n        <p>Le film d&#8217;\u00e9limination de suie (SRF) est une technique de restauration de film sec d\u00e9velopp\u00e9e par BELFOR pour \u00e9liminer la suie, la poussi\u00e8re ou d&#8217;autres contaminants des structures de surface tr\u00e8s rugueuses ou mixtes qui seraient tr\u00e8s fastidieuses, voire impossibles \u00e0 nettoyer aussi efficacement avec d&#8217;autres m\u00e9thodes. Les murs ou autres surfaces sont pulv\u00e9ris\u00e9s avec un film adh\u00e9sif exclusif, qui est ensuite d\u00e9coll\u00e9, entra\u00eenant avec lui les contaminants des surfaces et des pores pour laisser une surface propre et s\u00e8che. Le film anti-suie est une alternative efficace au nettoyage \u00e0 sec ou humide des surfaces affect\u00e9es par une contamination par la suie ou la poussi\u00e8re. La suie peut s&#8217;\u00e9taler et \u00eatre pouss\u00e9e sur les surfaces lorsque l&#8217;on tente de la brosser ou de l&#8217;essuyer, provoquant des taches permanentes qui auraient pu \u00eatre \u00e9vit\u00e9es et poussant les chlorures plus profond\u00e9ment dans les mat\u00e9riaux. Certaines surfaces couvertes de suie ne peuvent m\u00eame pas \u00eatre aspir\u00e9es efficacement pour \u00e9liminer tous les r\u00e9sidus sans tacher.    <\/p>\n    <\/div>\n\t\t\t\t\t\t        <\/div>\n    <\/div>\n\t<\/div>\n\n\t\t<\/div>\n\n\t<\/div>\n\n\t\n<\/div>\n\n\n<div class=\"m-block  mb-custom l-content-2\"  style='--margin-bottom: 5rem;'>\n\n\t\n\t\n\t<div class=\"m-block__container container\" style=\"\">\n\n\t\t<div class=\"l-dcbl l-dcbl-v1\">\n\n\t\t\t\n<div class=\"c-block order-default is-vertical\" style=\"--c-block-radius:0px; --c-block-gl: 0%;--c-block-gr: 0%;--c-block-gt: 0%;--c-block-gb: 0%;--columns-ratio: 100%;\">\n    <div class=\"c-block__col c-block__text text-left align-center\"\n         style=\"--c-txt-gl: 0%; --c-txt-gr: 0%; --c-txt-gt: 0%; --c-txt-gb: 0%;\">\n        <div class=\"c-block__inner\">\n\n\t\t\t            \n\t\t\t    <div class=\"c-heading -h2 \">\n\t\t\n\t\t            <div class=\"c-heading__pre\" >\n\t\t\t\tComment \u00e7a marche            <\/div>\n\t\t\n\t\t\t\t\t<h2  class=\"c-heading__title\">Solution respectueuse de l&#8217;environnement d\u00e9velopp\u00e9e par BELFOR<\/h2>\t\t\n\t\t    <\/div>\n    <div class=\"c-heading__description is-wysiwyg\">\n        <p>Le film anti-suie offre une m\u00e9thode de nettoyage \u00e9cologique et performante sur presque tous les mat\u00e9riaux de construction. La proc\u00e9dure ne n\u00e9cessite aucun confinement, ou tr\u00e8s peu, car elle ne lib\u00e8re pas de contaminants dans l\u2019air, contrairement \u00e0 d\u2019autres proc\u00e9dures. Le s\u00e9chage des murs ou des surfaces n&#8217;est pas n\u00e9cessaire apr\u00e8s le traitement avec le film anti-suie, mais l&#8217;application de couches successives ou m\u00eame de peinture sans temps d&#8217;attente est possible apr\u00e8s le retrait du SRF s\u00e9ch\u00e9. Le proc\u00e9d\u00e9 utilise seulement une petite quantit\u00e9 d&#8217;eau pour nettoyer le dispositif de pulv\u00e9risation, minimisant ainsi le gaspillage d&#8217;eau et permettant une \u00e9limination sans probl\u00e8me du produit s\u00e9ch\u00e9. M\u00eame lorsque des pr\u00e9cautions suppl\u00e9mentaires sont n\u00e9cessaires pour l&#8217;\u00e9limination en cas de contamination par des substances dangereuses, cette m\u00e9thode est plus s\u00fbre et pr\u00e9sente moins de d\u00e9g\u00e2ts ou de risque de contamination crois\u00e9e que les m\u00e9thodes traditionnelles de nettoyage humide.    <\/p>\n    <\/div>\n\t\t\t\t\t\t        <\/div>\n    <\/div>\n\t<\/div>\n\n\t\t<\/div>\n\n\t<\/div>\n\n\t\n<\/div>\n\n\n\t<\/div>\n<\/div>\n<div class=\"m-wrapper  gt mb-custom bg-cover bg-center bg-no-repeat -version-3 container-fluid\" style='--margin-bottom: 32.5rem;background-image: url(https:\/\/www.belfor.com\/ca\/wp-content\/uploads\/sites\/22\/2024\/07\/many-people.jpg);'>\n\n\t\n\t\n\t<div class=\"m-wrapper__inner\">\n\t\t\n<div class=\"m-block  gt gb -version-3 l-content-simple-1\"  style='--l-container-width: 83rem;'>\n\n\t\n\t\n\t<div class=\"m-block__container container-custom\" style=\"--l-container-width: 83rem\">\n\n\t\t<div class=\"l-heading text-left l-heading-v1\">\n\n\t\t\t    <div class=\"c-heading -h2 \">\n\t\t\n\t\t            <div class=\"c-heading__pre\" >\n\t\t\t\tIci pour vous aider lorsque vous en avez le plus besoin            <\/div>\n\t\t\n\t\t\t\t\t<h2  class=\"c-heading__title\">Professionnels d\u00e9vou\u00e9s \u00e0 temps plein<\/h2>\t\t\n\t\t    <\/div>\n    <div class=\"c-heading__description is-wysiwyg\">\n        <p><strong>Nous serons \u00e0 vos c\u00f4t\u00e9s pour assurer un r\u00e9tablissement complet.<\/strong><\/p>\n    <\/div>\n\n\t\t\t\t    <div class=\"c-block__btn\">\n\t\t\n\t\t\t<a href=\"\/ca\/en\/contact\/\"  class=\"c-btn -normal -primary has-icon icon-right \"><div class=\"label-up\"><span class=\"c-btn__txt\"> Demander de l&#8217;aide<\/span><span class=\"c-btn__ico\"><svg width=\"30\" height=\"30\" class=\"icon icon-lib-icon-arrow4 \" aria-hidden=\"true\" role=\"img\"><use xlink:href=\"#lib-icon-arrow4\"><\/use><\/svg><\/span><\/div><div class=\"label-up\"><span class=\"c-btn__txt\"> Demander de l&#8217;aide<\/span><span class=\"c-btn__ico\"><svg width=\"30\" height=\"30\" class=\"icon icon-lib-icon-arrow4 \" aria-hidden=\"true\" role=\"img\"><use xlink:href=\"#lib-icon-arrow4\"><\/use><\/svg><\/span><\/div><\/a>\n\t\t    <\/div>\n\t\n\t\t<\/div>\n\n\t<\/div>\n\n\t\n<\/div>\n\n\n\t<\/div>\n<\/div>\n<div class=\"m-wrapper  gt gb container-fluid\" >\n\n\t\n\t\n\t<div class=\"m-wrapper__inner\">\n\t\t\n<div class=\"m-block  gb-s --ersion-5 l-content-simple-1\"  >\n\n\t\n\t\n\t<div class=\"m-block__container container\" style=\"\">\n\n\t\t<div class=\"l-heading text-left l-heading-v2\">\n\n\t\t\t    <div class=\"c-heading -h2 \">\n\t\t\n\t\t\n\t\t\t\t\t<h3  class=\"c-heading__title\">Informations connexes<\/h3>\t\t\n\t\t    <\/div>\n\n\t\t\t\t    <div class=\"c-block__btn\">\n\t\t\n\t\t\t<a href=\"\/us\/resources\/\"  class=\"c-btn -normal -link \"><span class=\"c-btn__txt\">Tout afficher<\/span><\/a>\n\t\t    <\/div>\n\t\n\t\t<\/div>\n\n\t<\/div>\n\n\t\n<\/div>\n\n\n<div class=\"m-posts \"  >\n\n\t\n\t\n\t<div class=\"m-posts__container container\" style=\"\">\n\t\t<div class=\"m-posts__inner\">\n\t\t\t<div class=\"l-rcbl l-posts l-posts-v1\" style=\"--l-block-col: 3; --l-block-gap: 20px\">\n\n\t\t\t\t\t\t\t\t\t\n\t\t\t\t\t\n\n\t\t\t\t\t\n\t\t\t\t\n\t\t\t<\/div>\n\t\t<\/div>\n\t<\/div>\n<\/div>\n\n\n<div class=\"m-block  gb i--mobile l-content-simple-1\"  >\n\n\t\n\t\n\t<div class=\"m-block__container container\" style=\"\">\n\n\t\t<div class=\"l-heading text-center l-heading-v1\">\n\n\t\t\t\n\t\t\t\t    <div class=\"c-block__btn\">\n\t\t\n\t\t\t<a href=\"\/us\/resources\/\"  class=\"c-btn -normal -link has-icon icon-right \"><span class=\"c-btn__txt\">Tout afficher<\/span><span class=\"c-btn__ico\"><svg width=\"30\" height=\"30\" class=\"icon icon-lib-icon-arrow1 \" aria-hidden=\"true\" role=\"img\"><use xlink:href=\"#lib-icon-arrow1\"><\/use><\/svg><\/span><\/a>\n\t\t    <\/div>\n\t\n\t\t<\/div>\n\n\t<\/div>\n\n\t\n<\/div>\n\n\n\t<\/div>\n<\/div>\n","protected":false},"excerpt":{"rendered":"","protected":false},"author":10,"featured_media":493,"parent":0,"menu_order":0,"comment_status":"closed","ping_status":"closed","template":"","meta":{"_acf_changed":false,"inline_featured_image":false,"footnotes":""},"class_list":["post-973","page","type-page","status-publish","has-post-thumbnail","hentry"],"acf":[],"yoast_head":"<!-- This site is optimized with the Yoast SEO plugin v27.3 - https:\/\/yoast.com\/product\/yoast-seo-wordpress\/ -->\n<title>\u00c9limination de la fum\u00e9e et de la suie - BELFOR Property Restoration - Canada<\/title>\n<meta name=\"robots\" content=\"index, follow, max-snippet:-1, max-image-preview:large, max-video-preview:-1\" \/>\n<link rel=\"canonical\" href=\"https:\/\/www.belfor.com\/ca\/fr\/elimination-de-la-fumee-et-de-la-suie\/\" \/>\n<meta property=\"og:locale\" content=\"fr_FR\" \/>\n<meta property=\"og:type\" content=\"article\" \/>\n<meta property=\"og:title\" content=\"\u00c9limination de la fum\u00e9e et de la suie - BELFOR Property Restoration - Canada\" \/>\n<meta property=\"og:url\" content=\"https:\/\/www.belfor.com\/ca\/fr\/elimination-de-la-fumee-et-de-la-suie\/\" \/>\n<meta property=\"og:site_name\" content=\"BELFOR Property Restoration - Canada\" \/>\n<meta property=\"article:modified_time\" content=\"2024-09-17T18:08:20+00:00\" \/>\n<meta property=\"og:image\" content=\"https:\/\/www.belfor.com\/ca\/wp-content\/uploads\/sites\/22\/2024\/08\/soot-removal-film.jpg\" \/>\n\t<meta property=\"og:image:width\" content=\"800\" \/>\n\t<meta property=\"og:image:height\" content=\"471\" \/>\n\t<meta property=\"og:image:type\" content=\"image\/jpeg\" \/>\n<meta name=\"twitter:card\" content=\"summary_large_image\" \/>\n<script type=\"application\/ld+json\" class=\"yoast-schema-graph\">{\"@context\":\"https:\\\/\\\/schema.org\",\"@graph\":[{\"@type\":\"WebPage\",\"@id\":\"https:\\\/\\\/www.belfor.com\\\/ca\\\/fr\\\/elimination-de-la-fumee-et-de-la-suie\\\/\",\"url\":\"https:\\\/\\\/www.belfor.com\\\/ca\\\/fr\\\/elimination-de-la-fumee-et-de-la-suie\\\/\",\"name\":\"\u00c9limination de la fum\u00e9e et de la suie - BELFOR Property Restoration - Canada\",\"isPartOf\":{\"@id\":\"https:\\\/\\\/www.belfor.com\\\/ca\\\/fr\\\/#website\"},\"primaryImageOfPage\":{\"@id\":\"https:\\\/\\\/www.belfor.com\\\/ca\\\/fr\\\/elimination-de-la-fumee-et-de-la-suie\\\/#primaryimage\"},\"image\":{\"@id\":\"https:\\\/\\\/www.belfor.com\\\/ca\\\/fr\\\/elimination-de-la-fumee-et-de-la-suie\\\/#primaryimage\"},\"thumbnailUrl\":\"https:\\\/\\\/www.belfor.com\\\/ca\\\/wp-content\\\/uploads\\\/sites\\\/22\\\/2024\\\/08\\\/soot-removal-film.jpg\",\"datePublished\":\"2024-08-26T23:38:24+00:00\",\"dateModified\":\"2024-09-17T18:08:20+00:00\",\"breadcrumb\":{\"@id\":\"https:\\\/\\\/www.belfor.com\\\/ca\\\/fr\\\/elimination-de-la-fumee-et-de-la-suie\\\/#breadcrumb\"},\"inLanguage\":\"fr-FR\",\"potentialAction\":[{\"@type\":\"ReadAction\",\"target\":[\"https:\\\/\\\/www.belfor.com\\\/ca\\\/fr\\\/elimination-de-la-fumee-et-de-la-suie\\\/\"]}]},{\"@type\":\"ImageObject\",\"inLanguage\":\"fr-FR\",\"@id\":\"https:\\\/\\\/www.belfor.com\\\/ca\\\/fr\\\/elimination-de-la-fumee-et-de-la-suie\\\/#primaryimage\",\"url\":\"https:\\\/\\\/www.belfor.com\\\/ca\\\/wp-content\\\/uploads\\\/sites\\\/22\\\/2024\\\/08\\\/soot-removal-film.jpg\",\"contentUrl\":\"https:\\\/\\\/www.belfor.com\\\/ca\\\/wp-content\\\/uploads\\\/sites\\\/22\\\/2024\\\/08\\\/soot-removal-film.jpg\",\"width\":800,\"height\":471},{\"@type\":\"BreadcrumbList\",\"@id\":\"https:\\\/\\\/www.belfor.com\\\/ca\\\/fr\\\/elimination-de-la-fumee-et-de-la-suie\\\/#breadcrumb\",\"itemListElement\":[{\"@type\":\"ListItem\",\"position\":1,\"name\":\"Home\",\"item\":\"https:\\\/\\\/www.belfor.com\\\/ca\\\/fr\\\/page-daccueil\\\/\"},{\"@type\":\"ListItem\",\"position\":2,\"name\":\"\u00c9limination de la fum\u00e9e et de la suie\"}]},{\"@type\":\"WebSite\",\"@id\":\"https:\\\/\\\/www.belfor.com\\\/ca\\\/fr\\\/#website\",\"url\":\"https:\\\/\\\/www.belfor.com\\\/ca\\\/fr\\\/\",\"name\":\"BELFOR Property Restoration - Canada\",\"description\":\"\",\"potentialAction\":[{\"@type\":\"SearchAction\",\"target\":{\"@type\":\"EntryPoint\",\"urlTemplate\":\"https:\\\/\\\/www.belfor.com\\\/ca\\\/fr\\\/?s={search_term_string}\"},\"query-input\":{\"@type\":\"PropertyValueSpecification\",\"valueRequired\":true,\"valueName\":\"search_term_string\"}}],\"inLanguage\":\"fr-FR\"}]}<\/script>\n<!-- \/ Yoast SEO plugin. -->","yoast_head_json":{"title":"\u00c9limination de la fum\u00e9e et de la suie - BELFOR Property Restoration - Canada","robots":{"index":"index","follow":"follow","max-snippet":"max-snippet:-1","max-image-preview":"max-image-preview:large","max-video-preview":"max-video-preview:-1"},"canonical":"https:\/\/www.belfor.com\/ca\/fr\/elimination-de-la-fumee-et-de-la-suie\/","og_locale":"fr_FR","og_type":"article","og_title":"\u00c9limination de la fum\u00e9e et de la suie - BELFOR Property Restoration - Canada","og_url":"https:\/\/www.belfor.com\/ca\/fr\/elimination-de-la-fumee-et-de-la-suie\/","og_site_name":"BELFOR Property Restoration - Canada","article_modified_time":"2024-09-17T18:08:20+00:00","og_image":[{"width":800,"height":471,"url":"https:\/\/www.belfor.com\/ca\/wp-content\/uploads\/sites\/22\/2024\/08\/soot-removal-film.jpg","type":"image\/jpeg"}],"twitter_card":"summary_large_image","schema":{"@context":"https:\/\/schema.org","@graph":[{"@type":"WebPage","@id":"https:\/\/www.belfor.com\/ca\/fr\/elimination-de-la-fumee-et-de-la-suie\/","url":"https:\/\/www.belfor.com\/ca\/fr\/elimination-de-la-fumee-et-de-la-suie\/","name":"\u00c9limination de la fum\u00e9e et de la suie - BELFOR Property Restoration - Canada","isPartOf":{"@id":"https:\/\/www.belfor.com\/ca\/fr\/#website"},"primaryImageOfPage":{"@id":"https:\/\/www.belfor.com\/ca\/fr\/elimination-de-la-fumee-et-de-la-suie\/#primaryimage"},"image":{"@id":"https:\/\/www.belfor.com\/ca\/fr\/elimination-de-la-fumee-et-de-la-suie\/#primaryimage"},"thumbnailUrl":"https:\/\/www.belfor.com\/ca\/wp-content\/uploads\/sites\/22\/2024\/08\/soot-removal-film.jpg","datePublished":"2024-08-26T23:38:24+00:00","dateModified":"2024-09-17T18:08:20+00:00","breadcrumb":{"@id":"https:\/\/www.belfor.com\/ca\/fr\/elimination-de-la-fumee-et-de-la-suie\/#breadcrumb"},"inLanguage":"fr-FR","potentialAction":[{"@type":"ReadAction","target":["https:\/\/www.belfor.com\/ca\/fr\/elimination-de-la-fumee-et-de-la-suie\/"]}]},{"@type":"ImageObject","inLanguage":"fr-FR","@id":"https:\/\/www.belfor.com\/ca\/fr\/elimination-de-la-fumee-et-de-la-suie\/#primaryimage","url":"https:\/\/www.belfor.com\/ca\/wp-content\/uploads\/sites\/22\/2024\/08\/soot-removal-film.jpg","contentUrl":"https:\/\/www.belfor.com\/ca\/wp-content\/uploads\/sites\/22\/2024\/08\/soot-removal-film.jpg","width":800,"height":471},{"@type":"BreadcrumbList","@id":"https:\/\/www.belfor.com\/ca\/fr\/elimination-de-la-fumee-et-de-la-suie\/#breadcrumb","itemListElement":[{"@type":"ListItem","position":1,"name":"Home","item":"https:\/\/www.belfor.com\/ca\/fr\/page-daccueil\/"},{"@type":"ListItem","position":2,"name":"\u00c9limination de la fum\u00e9e et de la suie"}]},{"@type":"WebSite","@id":"https:\/\/www.belfor.com\/ca\/fr\/#website","url":"https:\/\/www.belfor.com\/ca\/fr\/","name":"BELFOR Property Restoration - Canada","description":"","potentialAction":[{"@type":"SearchAction","target":{"@type":"EntryPoint","urlTemplate":"https:\/\/www.belfor.com\/ca\/fr\/?s={search_term_string}"},"query-input":{"@type":"PropertyValueSpecification","valueRequired":true,"valueName":"search_term_string"}}],"inLanguage":"fr-FR"}]}},"_links":{"self":[{"href":"https:\/\/www.belfor.com\/ca\/fr\/wp-json\/wp\/v2\/pages\/973","targetHints":{"allow":["GET"]}}],"collection":[{"href":"https:\/\/www.belfor.com\/ca\/fr\/wp-json\/wp\/v2\/pages"}],"about":[{"href":"https:\/\/www.belfor.com\/ca\/fr\/wp-json\/wp\/v2\/types\/page"}],"author":[{"embeddable":true,"href":"https:\/\/www.belfor.com\/ca\/fr\/wp-json\/wp\/v2\/users\/10"}],"replies":[{"embeddable":true,"href":"https:\/\/www.belfor.com\/ca\/fr\/wp-json\/wp\/v2\/comments?post=973"}],"version-history":[{"count":1,"href":"https:\/\/www.belfor.com\/ca\/fr\/wp-json\/wp\/v2\/pages\/973\/revisions"}],"predecessor-version":[{"id":974,"href":"https:\/\/www.belfor.com\/ca\/fr\/wp-json\/wp\/v2\/pages\/973\/revisions\/974"}],"wp:featuredmedia":[{"embeddable":true,"href":"https:\/\/www.belfor.com\/ca\/fr\/wp-json\/wp\/v2\/media\/493"}],"wp:attachment":[{"href":"https:\/\/www.belfor.com\/ca\/fr\/wp-json\/wp\/v2\/media?parent=973"}],"curies":[{"name":"wp","href":"https:\/\/api.w.org\/{rel}","templated":true}]}}