{"id":1617,"date":"2024-08-21T15:51:49","date_gmt":"2024-08-21T19:51:49","guid":{"rendered":"https:\/\/www.belfor.com\/ca\/belfor-red-deer\/"},"modified":"2024-09-23T15:00:43","modified_gmt":"2024-09-23T19:00:43","slug":"belfor-red-deer","status":"publish","type":"page","link":"https:\/\/www.belfor.com\/ca\/fr\/belfor-red-deer\/","title":{"rendered":"BELFOR Red Deer"},"content":{"rendered":"<div class=\"m-banner m-banner--small  -version-2 order-default\" >\n\n\t\n\t\n\t<div class=\"m-banner__container container-fluid\" style='--columns-ratio: 50%;background-color: #151515;'>\n\n\t\t\n\t\t<div class=\"m-banner__inner container flex-left style-dark\">\n\n\t\t\t<div class=\"l-banner  l-gt-custom l-gb-custom\" style=\"--l-gt-padding: 4.5rem;--l-gb-padding: 4.5rem;\">\n\n\t\t\t\t\n<div class=\"l-banner__text\">\n        <div class=\"l-banner__inner text-left\">\n\n        <div class=\"c-heading -h1\">\n\t\t\t                <div class=\"c-heading__pre\" >\n\t\t\t\t\tPermettre \u00e0 la r\u00e9silience de reconstruire                <\/div>\n\t\t\t\n\t\t\t\t\t\t\t<h1  class=\"c-heading__title\">BELFOR Red Deer<\/h1>\t\t\t\n\t\t\t        <\/div>\n\n\t\t    <\/div>\n    \n\t<\/div>\n\n    <div class=\"l-banner__media\">\n\t\t\t\t\t\n\t\t\t\t            <div class=\"c-image\">\n            <figure class=\"c-image__media c-image__primary\">\n                <img decoding=\"async\" class=\"c-image__src lazy\" loading=\"lazy\" src=\"https:\/\/www.belfor.com\/ca\/wp-content\/uploads\/sites\/22\/2024\/09\/belfor-group-shot-1.jpg\"  alt=\"belfor-group-shot-1\" width=\"1920\" height=\"894\"\/>            <\/figure>\n        <\/div>\n    \n\t\t\t\n\t\t    <\/div>\n\n\t\t\t<\/div>\n\n\t\t\t\t\t<\/div>\n\t<\/div>\n\n    <!-- scroll down-->\n    <div class=\"scroll-down\">\n        <div class=\"scroll-down__line-box line-box\">\n            <div class=\"line\"><\/div>\n        <\/div>\n        <div class=\"scroll-down__icon\">\n            <svg class=\"o-icon u-fill-current\" aria-hidden=\"true\">\n                <use xlink:href=\"#scroll-down\"><\/use>\n            <\/svg>\n        <\/div>\n    <\/div>\n    <!-- scroll down : end-->\n\n<\/div>\n<div class=\"m-wrapper  gt gb -version-5 has-columns align-top container-fluid\" style='--wrap-col-1: 25%;--wrap-col-2: 75%;--wrap-col-gap: 50px;'>\n\n\t\n\t\n\t<div class=\"m-wrapper__inner\">\n\t\t\n<div class=\"m-block  l-content-simple-1\"  >\n\n\t\n\t\n\t<div class=\"m-block__container container\" style=\"\">\n\n\t\t<div class=\"l-heading text-left l-heading-v1\">\n\n\t\t\t    <div class=\"c-heading -h2 \">\n\t\t\n\t\t\n\t\t\t\t\t<h2  class=\"c-heading__title\">BELFOR Red Deer<\/h2>\t\t\n\t\t    <\/div>\n    <div class=\"c-heading__description is-wysiwyg\">\n        <p>#4-7812 49th Avenue Red Deer, AB T4P 2B5 T\u00e9l\u00e9phone : 403.309.6920 Ligne d&#8217;urgence 24 heures sur 24, 7 jours sur 7 : 833.323.5367 Directeur g\u00e9n\u00e9ral : Clinton Russell <b>Zones desservies<\/b> :<\/p>\n<ul>\n<li>Red Deer County<\/li>\n<\/ul>\n    <\/div>\n\n\t\t\t\n\t\t<\/div>\n\n\t<\/div>\n\n\t\n<\/div>\n\n\n<div class=\"m-block  l-content-simple-1\"  >\n\n\t\n\t\n\t<div class=\"m-block__container container\" style=\"\">\n\n\t\t<div class=\"l-heading text-left l-heading-v1\">\n\n\t\t\t    <div class=\"c-heading__description is-wysiwyg\">\n        <p><iframe src=\"https:\/\/www.google.com\/maps\/embed?pb=!1m18!1m12!1m3!1d2439.408657522463!2d-113.81352497296594!3d52.30858670186014!2m3!1f0!2f0!3f0!3m2!1i1024!2i768!4f13.1!3m3!1m2!1s0x53745508f4e9bd55%3A0x8b0d18a1f93eb24!2sBELFOR%20Property%20Restoration!5e0!3m2!1sen!2sus!4v1726776945573!5m2!1sen!2sus\" width=\"600\" height=\"450\" style=\"border:0;\" allowfullscreen=\"\" loading=\"lazy\" referrerpolicy=\"no-referrer-when-downgrade\"><\/iframe><\/p>\n    <\/div>\n\n\t\t\t\n\t\t<\/div>\n\n\t<\/div>\n\n\t\n<\/div>\n\n\n\t<\/div>\n<\/div>\n<div class=\"m-wrapper  gb -version-6 has-columns align-bottom container-fluid\" style='--wrap-col-1: 70%;--wrap-col-2: 30%;--wrap-col-gap: 50px;'>\n\n\t\n\t\n\t<div class=\"m-wrapper__inner\">\n\t\t\n<div class=\"m-block  l-content-simple-1\"  >\n\n\t\n\t\n\t<div class=\"m-block__container container\" style=\"\">\n\n\t\t<div class=\"l-heading text-left l-heading-v1\">\n\n\t\t\t    <div class=\"c-heading -h2 \">\n\t\t\n\t\t\n\t\t\t\t\t<h2  class=\"c-heading__title\">Restauration des d\u00e9g\u00e2ts caus\u00e9s par le feu et l&#8217;eau \u00e0 Red Deer<\/h2>\t\t\n\t\t            <div class=\"c-heading__sub\" >\n\t\t\t\tServices professionnels de restauration r\u00e9sidentielle et commerciale 24h\/24 et 7j\/7            <\/div>\n\t\t    <\/div>\n    <div class=\"c-heading__description is-wysiwyg\">\n        <p>BELFOR fournit des services de reprise apr\u00e8s sinistre d&#8217;urgence aux habitations, entreprises, complexes industriels, entrep\u00f4ts, h\u00f4pitaux, universit\u00e9s, biblioth\u00e8ques, mus\u00e9es, th\u00e9\u00e2tres, b\u00e2timents historiques, installations gouvernementales et \u00e0 toute autre structure ou \u00e9l\u00e9ment ayant subi des dommages dus \u00e0 des catastrophes d&#8217;origine humaine ou naturelle. . <strong>Nous sommes \u00e9galement fiers d&#8217;\u00eatre une entreprise certifi\u00e9e par l&#8217;Institut d&#8217;inspection, de nettoyage et de restauration (IICRC).<\/strong> Les entreprises certifi\u00e9es IICRC op\u00e8rent selon les normes de diligence de l&#8217;IICRC dans les secteurs de l&#8217;inspection, du nettoyage et de la restauration. Les entreprises certifi\u00e9es IICRC sont recherch\u00e9es pour leurs connaissances du secteur et leur expertise technique, encourageant leurs techniciens \u00e0 poursuivre leur carri\u00e8re gr\u00e2ce \u00e0 l&#8217;\u00e9ducation et \u00e0 la formation de l&#8217;IICRC. <\/p>\n    <\/div>\n\n\t\t\t\n\t\t<\/div>\n\n\t<\/div>\n\n\t\n<\/div>\n\n\n<div class=\"m-block  l-content-3\"  >\n\n\t\n\t\n\t<div class=\"m-block__container container\" style=\"\">\n\t\t    <div class=\"c-heading -h2 \">\n\t\t\n\t\t\n\t\t\t\t\t<h3  class=\"c-heading__title\">Nos r\u00e9compenses et certificats<\/h3>\t\t\n\t\t    <\/div>\n\t\t<div class=\"l-block l-block-v1 l-block--3-col l-block--20-gap\">\n\t\t\t\n\t\t\t\t\n\t\t\t\t\t\n<article class=\"c-block  c-block-v1 is-vertical text-center align-top\" style=\"--c-block-gap-vertical:0px;--c-block-gap-horizontal:0px;\">\n\n\t\n\t\n\t\n<\/article>\n\n\t\t\t\t\n\t\t\t\t\t\n<article class=\"c-block  c-block-v1 is-vertical text-center align-top\" style=\"--c-block-gap-vertical:0px;--c-block-gap-horizontal:0px;\">\n\n\t\n\t\n\t\n<\/article>\n\n\t\t\t\t\n\t\t\t\t\t<\/div>\n\t<\/div>\n\n\t\n<\/div>\n\n\n\t<\/div>\n<\/div>\n<div class=\"m-block  gt gb -version-4 l-content-2\"  >\n\n\t\n\t\n\t<div class=\"m-block__container container-fluid\" style=\"\">\n\n\t\t<div class=\"l-dcbl l-dcbl-v1\">\n\n\t\t\t\n<div class=\"c-block order-reverse\" style=\"--c-block-radius:0px; --c-block-gl: 0%;--c-block-gr: 0%;--c-block-gt: 0%;--c-block-gb: 0%;--columns-ratio: 50%;\">\n    <div class=\"c-block__col c-block__text text-left align-bottom\"\n         style=\"--c-txt-gl: 0%; --c-txt-gr: 0%; --c-txt-gt: 0%; --c-txt-gb: 0%;\">\n        <div class=\"c-block__inner\">\n\n\t\t\t            \n\t\t\t    <div class=\"c-heading -h2 \">\n\t\t\n\t\t            <div class=\"c-heading__pre\" >\n\t\t\t\tIci pour vous aider lorsque vous en avez le plus besoin            <\/div>\n\t\t\n\t\t\t\t\t<h2  class=\"c-heading__title\">Professionnels d\u00e9vou\u00e9s \u00e0 temps plein<\/h2>\t\t\n\t\t    <\/div>\n    <div class=\"c-heading__description is-wysiwyg\">\n        <p>Nous serons \u00e0 vos c\u00f4t\u00e9s pour assurer un r\u00e9tablissement complet.<\/p>\n    <\/div>\n\t\t\t\t\t\t\t    <div class=\"c-block__btn\">\n\t\t\n\t\t\t<a href=\"\/ca\/en\/innovation\/\"  class=\"c-btn -normal -primary has-icon icon-right \"><div class=\"label-up\"><span class=\"c-btn__txt\">D\u00e9couvrez comment nous innovons<\/span><span class=\"c-btn__ico\"><svg width=\"30\" height=\"30\" class=\"icon icon-lib-icon-arrow4 \" aria-hidden=\"true\" role=\"img\"><use xlink:href=\"#lib-icon-arrow4\"><\/use><\/svg><\/span><\/div><div class=\"label-up\"><span class=\"c-btn__txt\">D\u00e9couvrez comment nous innovons<\/span><span class=\"c-btn__ico\"><svg width=\"30\" height=\"30\" class=\"icon icon-lib-icon-arrow4 \" aria-hidden=\"true\" role=\"img\"><use xlink:href=\"#lib-icon-arrow4\"><\/use><\/svg><\/span><\/div><\/a>\n\t\t    <\/div>\n\t        <\/div>\n    <\/div>\n\t    <div class=\"c-block__col c-block__media\">\n\t\t\t<div class=\"c-image front-h-left front-v-center main-h-full main-v-center r-16x9 is-image\">\n\n\t\t\t\t\t<div class=\"c-image__media c-image__primary\">\n                <img decoding=\"async\" class=\"c-image__src lazy\" loading=\"lazy\" src=\"https:\/\/www.belfor.com\/ca\/wp-content\/uploads\/sites\/22\/2024\/09\/technology-1-768x474.jpg\"  alt=\"technology-1\" width=\"768\" height=\"474\"\/>\t\t\t<\/div>\n\t\t\n\t\t\n\t<\/div>\n\t\n\t\t\n\t\t\n\t\t    <\/div>\n\t<\/div>\n\n\t\t<\/div>\n\n\t<\/div>\n\n\t\n<\/div>\n<div class=\"m-wrapper  gt gb container-fluid\" >\n\n\t\n\t\n\t<div class=\"m-wrapper__inner\">\n\t\t\n<div class=\"m-block  gb-s --ersion-5 l-content-simple-1\"  >\n\n\t\n\t\n\t<div class=\"m-block__container container\" style=\"\">\n\n\t\t<div class=\"l-heading text-left l-heading-v2\">\n\n\t\t\t    <div class=\"c-heading -h2 \">\n\t\t\n\t\t\n\t\t\t\t\t<h3  class=\"c-heading__title\">\u00c9tudes de cas en vedette<\/h3>\t\t\n\t\t    <\/div>\n\n\t\t\t\t    <div class=\"c-block__btn\">\n\t\t\n\t\t\t<a href=\"\/us\/category\/case-studies\/\"  class=\"c-btn -normal -link \"><span class=\"c-btn__txt\">Tout afficher<\/span><\/a>\n\t\t    <\/div>\n\t\n\t\t<\/div>\n\n\t<\/div>\n\n\t\n<\/div>\n\n\n<div class=\"m-posts \"  >\n\n\t\n\t\n\t<div class=\"m-posts__container container\" style=\"\">\n\t\t<div class=\"m-posts__inner\">\n\t\t\t<div class=\"l-rcbl l-posts l-posts-v1\" style=\"--l-block-col: 3; --l-block-gap: 20px\">\n\n\t\t\t\t\n\t\t\t\t\t\t\t\t\t\t\t<div class=\"l-posts__col l-posts \">\n\t\t\t\t\t\t\t\n<article class=\"c-block c-post-block-v1\">\n\n    <div class=\"c-block__media\">\n        <a class=\"c-block__media-link\" href=\"https:\/\/www.belfor.com\/ca\/fr\/2024\/09\/19\/bannack-state-park\/bannack-state-park\/\">\n\t\t\t\n        <\/a>\n    <\/div>\n\n\n    <div class=\"c-block__body\">\n\t\t\n\t\t\n\t\t            <h3 class=\"c-block__title\">\n                <a href=\"https:\/\/www.belfor.com\/ca\/fr\/2024\/09\/19\/bannack-state-park\/bannack-state-park\/\">Bannack-State-Park<\/a>\n            <\/h3>\n\t\t\n\t\t    <\/div>\n<\/article>\n\t\t\t\t\t\t<\/div>\n\t\t\t\t\t\t\t\t\t\t\t<div class=\"l-posts__col l-posts \">\n\t\t\t\t\t\t\t\n<article class=\"c-block c-post-block-v1\">\n\n    <div class=\"c-block__media\">\n        <a class=\"c-block__media-link\" href=\"https:\/\/www.belfor.com\/ca\/fr\/?p=1717\">\n\t\t\t\n        <\/a>\n    <\/div>\n\n\n    <div class=\"c-block__body\">\n\t\t\n\t\t\n\t\t            <h3 class=\"c-block__title\">\n                <a href=\"https:\/\/www.belfor.com\/ca\/fr\/?p=1717\">RED ALERT<\/a>\n            <\/h3>\n\t\t\n\t\t    <\/div>\n<\/article>\n\t\t\t\t\t\t<\/div>\n\t\t\t\t\t\t\t\t\t\t\t<div class=\"l-posts__col l-posts \">\n\t\t\t\t\t\t\t\n<article class=\"c-block c-post-block-v1\">\n\n    <div class=\"c-block__media\">\n        <a class=\"c-block__media-link\" href=\"https:\/\/www.belfor.com\/ca\/fr\/?p=1723\">\n\t\t\t\n        <\/a>\n    <\/div>\n\n\n    <div class=\"c-block__body\">\n\t\t\n\t\t\n\t\t            <h3 class=\"c-block__title\">\n                <a href=\"https:\/\/www.belfor.com\/ca\/fr\/?p=1723\">BELFOR Saint John<\/a>\n            <\/h3>\n\t\t\n\t\t    <\/div>\n<\/article>\n\t\t\t\t\t\t<\/div>\n\t\t\t\t\t\n\t\t\t\t\n\t\t\t<\/div>\n\t\t<\/div>\n\t<\/div>\n<\/div>\n\n\n<div class=\"m-block  gb i--mobile l-content-simple-1\"  >\n\n\t\n\t\n\t<div class=\"m-block__container container\" style=\"\">\n\n\t\t<div class=\"l-heading text-center l-heading-v1\">\n\n\t\t\t\n\t\t\t\t    <div class=\"c-block__btn\">\n\t\t\n\t\t\t<a href=\"\/us\/category\/case-studies\/\"  class=\"c-btn -normal -link has-icon icon-right \"><span class=\"c-btn__txt\">Tout afficher<\/span><span class=\"c-btn__ico\"><svg width=\"30\" height=\"30\" class=\"icon icon-lib-icon-arrow1 \" aria-hidden=\"true\" role=\"img\"><use xlink:href=\"#lib-icon-arrow1\"><\/use><\/svg><\/span><\/a>\n\t\t    <\/div>\n\t\n\t\t<\/div>\n\n\t<\/div>\n\n\t\n<\/div>\n\n\n\t<\/div>\n<\/div>\n<div class=\"m-wrapper  gt gb container-fluid\" >\n\n\t\n\t\n\t<div class=\"m-wrapper__inner\">\n\t\t\n<div class=\"m-block  gb-s --ersion-5 l-content-simple-1\"  >\n\n\t\n\t\n\t<div class=\"m-block__container container\" style=\"\">\n\n\t\t<div class=\"l-heading text-left l-heading-v2\">\n\n\t\t\t    <div class=\"c-heading -h2 \">\n\t\t\n\t\t\n\t\t\t\t\t<h3  class=\"c-heading__title\">\u00c9tudes de cas connexes<\/h3>\t\t\n\t\t    <\/div>\n\n\t\t\t\t    <div class=\"c-block__btn\">\n\t\t\n\t\t\t<a href=\"\/us\/category\/case-studies\/\"  class=\"c-btn -normal -link \"><span class=\"c-btn__txt\">Tout afficher<\/span><\/a>\n\t\t    <\/div>\n\t\n\t\t<\/div>\n\n\t<\/div>\n\n\t\n<\/div>\n\n\n<div class=\"m-posts \"  >\n\n\t\n\t\n\t<div class=\"m-posts__container container\" style=\"\">\n\t\t<div class=\"m-posts__inner\">\n\t\t\t<div class=\"l-rcbl l-posts l-posts-v1\" style=\"--l-block-col: 3; --l-block-gap: 20px\">\n\n\t\t\t\t\t\t\t\t\t\n\t\t\t\t\t\t\t\t\t\t\t\t\t\t\t\t\n\n\t\t\t\t\t\n\t\t\t\t\n\t\t\t<\/div>\n\t\t<\/div>\n\t<\/div>\n<\/div>\n\n\n<div class=\"m-block  gb i--mobile l-content-simple-1\"  >\n\n\t\n\t\n\t<div class=\"m-block__container container\" style=\"\">\n\n\t\t<div class=\"l-heading text-center l-heading-v1\">\n\n\t\t\t\n\t\t\t\t    <div class=\"c-block__btn\">\n\t\t\n\t\t\t<a href=\"\/us\/category\/case-studies\/\"  class=\"c-btn -normal -link has-icon icon-right \"><span class=\"c-btn__txt\">Tout afficher<\/span><span class=\"c-btn__ico\"><svg width=\"30\" height=\"30\" class=\"icon icon-lib-icon-arrow1 \" aria-hidden=\"true\" role=\"img\"><use xlink:href=\"#lib-icon-arrow1\"><\/use><\/svg><\/span><\/a>\n\t\t    <\/div>\n\t\n\t\t<\/div>\n\n\t<\/div>\n\n\t\n<\/div>\n\n\n\t<\/div>\n<\/div>\n<div class=\"m-block  mt mb -version-2 l-content-2\"  >\n\n\t\n\t\n\t<div class=\"m-block__container container\" style=\"\">\n\n\t\t<div class=\"l-dcbl l-dcbl-v3\">\n\n\t\t\t\n<div class=\"c-block order-reverse\" style=\"--c-block-radius:0px; --c-block-gl: 0%;--c-block-gr: 0%;--c-block-gt: 0%;--c-block-gb: 0%;--columns-ratio: 50%;\">\n    <div class=\"c-block__col c-block__text text-left align-center\"\n         style=\"--c-txt-gl: 0%; --c-txt-gr: 0%; --c-txt-gt: 0%; --c-txt-gb: 0%;\">\n        <div class=\"c-block__inner\">\n\n\t\t\t            \n\t\t\t    <div class=\"c-heading -h2 \">\n\t\t\n\t\t\n\t\t\t\t\t<h2  class=\"c-heading__title\">Votre avis compte pour nous<\/h2>\t\t\n\t\t    <\/div>\n    <div class=\"c-heading__description is-wysiwyg\">\n        <p>Nous aimerions avoir de vos <strong>nouvelles <\/strong>!<\/p>\n    <\/div>\n\t\t\t\t\t\t\t    <div class=\"c-block__btn\">\n\t\t\n\t\t\t<a href=\"\/ca\/en\/contact\/\"  class=\"c-btn -normal -primary has-icon icon-right \"><div class=\"label-up\"><span class=\"c-btn__txt\">Entrer en contact<\/span><span class=\"c-btn__ico\"><svg width=\"30\" height=\"30\" class=\"icon icon-lib-icon-arrow4 \" aria-hidden=\"true\" role=\"img\"><use xlink:href=\"#lib-icon-arrow4\"><\/use><\/svg><\/span><\/div><div class=\"label-up\"><span class=\"c-btn__txt\">Entrer en contact<\/span><span class=\"c-btn__ico\"><svg width=\"30\" height=\"30\" class=\"icon icon-lib-icon-arrow4 \" aria-hidden=\"true\" role=\"img\"><use xlink:href=\"#lib-icon-arrow4\"><\/use><\/svg><\/span><\/div><\/a>\n\t\t    <\/div>\n\t        <\/div>\n    <\/div>\n\t    <div class=\"c-block__col c-block__media\">\n\t\t\t<div class=\"c-image front-h-center front-v-center main-h-full main-v-center r-1x1 is-image\">\n\n\t\t\t\t\t<div class=\"c-image__media c-image__primary\">\n                <img decoding=\"async\" class=\"c-image__src lazy\" loading=\"lazy\" src=\"https:\/\/www.belfor.com\/ca\/wp-content\/uploads\/sites\/22\/2024\/09\/Belfor-contact-1.png\"  alt=\"Belfor-contact\" width=\"518\" height=\"519\"\/>\t\t\t<\/div>\n\t\t\n\t\t\n\t<\/div>\n\t\n\t\t\n\t\t\n\t\t    <\/div>\n\t<\/div>\n\n\t\t<\/div>\n\n\t<\/div>\n\n\t\n<\/div>\n","protected":false},"excerpt":{"rendered":"","protected":false},"author":21,"featured_media":0,"parent":0,"menu_order":0,"comment_status":"closed","ping_status":"closed","template":"","meta":{"_acf_changed":false,"inline_featured_image":false,"footnotes":""},"class_list":["post-1617","page","type-page","status-publish","hentry"],"acf":[],"yoast_head":"<!-- This site is optimized with the Yoast SEO plugin v27.2 - https:\/\/yoast.com\/product\/yoast-seo-wordpress\/ -->\n<title>BELFOR Red Deer - BELFOR Property Restoration - Canada<\/title>\n<meta name=\"robots\" content=\"index, follow, max-snippet:-1, max-image-preview:large, max-video-preview:-1\" \/>\n<link rel=\"canonical\" href=\"https:\/\/www.belfor.com\/ca\/fr\/belfor-red-deer\/\" \/>\n<meta property=\"og:locale\" content=\"fr_FR\" \/>\n<meta property=\"og:type\" content=\"article\" \/>\n<meta property=\"og:title\" content=\"BELFOR Red Deer - BELFOR Property Restoration - Canada\" \/>\n<meta property=\"og:url\" content=\"https:\/\/www.belfor.com\/ca\/fr\/belfor-red-deer\/\" \/>\n<meta property=\"og:site_name\" content=\"BELFOR Property Restoration - Canada\" \/>\n<meta property=\"article:modified_time\" content=\"2024-09-23T19:00:43+00:00\" \/>\n<meta name=\"twitter:card\" content=\"summary_large_image\" \/>\n<script type=\"application\/ld+json\" class=\"yoast-schema-graph\">{\"@context\":\"https:\/\/schema.org\",\"@graph\":[{\"@type\":\"WebPage\",\"@id\":\"https:\/\/www.belfor.com\/ca\/fr\/belfor-red-deer\/\",\"url\":\"https:\/\/www.belfor.com\/ca\/fr\/belfor-red-deer\/\",\"name\":\"BELFOR Red Deer - BELFOR Property Restoration - Canada\",\"isPartOf\":{\"@id\":\"https:\/\/www.belfor.com\/ca\/fr\/#website\"},\"datePublished\":\"2024-08-21T19:51:49+00:00\",\"dateModified\":\"2024-09-23T19:00:43+00:00\",\"breadcrumb\":{\"@id\":\"https:\/\/www.belfor.com\/ca\/fr\/belfor-red-deer\/#breadcrumb\"},\"inLanguage\":\"fr-FR\",\"potentialAction\":[{\"@type\":\"ReadAction\",\"target\":[\"https:\/\/www.belfor.com\/ca\/fr\/belfor-red-deer\/\"]}]},{\"@type\":\"BreadcrumbList\",\"@id\":\"https:\/\/www.belfor.com\/ca\/fr\/belfor-red-deer\/#breadcrumb\",\"itemListElement\":[{\"@type\":\"ListItem\",\"position\":1,\"name\":\"Home\",\"item\":\"https:\/\/www.belfor.com\/ca\/fr\/page-daccueil\/\"},{\"@type\":\"ListItem\",\"position\":2,\"name\":\"BELFOR Red Deer\"}]},{\"@type\":\"WebSite\",\"@id\":\"https:\/\/www.belfor.com\/ca\/fr\/#website\",\"url\":\"https:\/\/www.belfor.com\/ca\/fr\/\",\"name\":\"BELFOR Property Restoration - Canada\",\"description\":\"\",\"potentialAction\":[{\"@type\":\"SearchAction\",\"target\":{\"@type\":\"EntryPoint\",\"urlTemplate\":\"https:\/\/www.belfor.com\/ca\/fr\/?s={search_term_string}\"},\"query-input\":{\"@type\":\"PropertyValueSpecification\",\"valueRequired\":true,\"valueName\":\"search_term_string\"}}],\"inLanguage\":\"fr-FR\"}]}<\/script>\n<!-- \/ Yoast SEO plugin. -->","yoast_head_json":{"title":"BELFOR Red Deer - BELFOR Property Restoration - Canada","robots":{"index":"index","follow":"follow","max-snippet":"max-snippet:-1","max-image-preview":"max-image-preview:large","max-video-preview":"max-video-preview:-1"},"canonical":"https:\/\/www.belfor.com\/ca\/fr\/belfor-red-deer\/","og_locale":"fr_FR","og_type":"article","og_title":"BELFOR Red Deer - BELFOR Property Restoration - Canada","og_url":"https:\/\/www.belfor.com\/ca\/fr\/belfor-red-deer\/","og_site_name":"BELFOR Property Restoration - Canada","article_modified_time":"2024-09-23T19:00:43+00:00","twitter_card":"summary_large_image","schema":{"@context":"https:\/\/schema.org","@graph":[{"@type":"WebPage","@id":"https:\/\/www.belfor.com\/ca\/fr\/belfor-red-deer\/","url":"https:\/\/www.belfor.com\/ca\/fr\/belfor-red-deer\/","name":"BELFOR Red Deer - BELFOR Property Restoration - Canada","isPartOf":{"@id":"https:\/\/www.belfor.com\/ca\/fr\/#website"},"datePublished":"2024-08-21T19:51:49+00:00","dateModified":"2024-09-23T19:00:43+00:00","breadcrumb":{"@id":"https:\/\/www.belfor.com\/ca\/fr\/belfor-red-deer\/#breadcrumb"},"inLanguage":"fr-FR","potentialAction":[{"@type":"ReadAction","target":["https:\/\/www.belfor.com\/ca\/fr\/belfor-red-deer\/"]}]},{"@type":"BreadcrumbList","@id":"https:\/\/www.belfor.com\/ca\/fr\/belfor-red-deer\/#breadcrumb","itemListElement":[{"@type":"ListItem","position":1,"name":"Home","item":"https:\/\/www.belfor.com\/ca\/fr\/page-daccueil\/"},{"@type":"ListItem","position":2,"name":"BELFOR Red Deer"}]},{"@type":"WebSite","@id":"https:\/\/www.belfor.com\/ca\/fr\/#website","url":"https:\/\/www.belfor.com\/ca\/fr\/","name":"BELFOR Property Restoration - Canada","description":"","potentialAction":[{"@type":"SearchAction","target":{"@type":"EntryPoint","urlTemplate":"https:\/\/www.belfor.com\/ca\/fr\/?s={search_term_string}"},"query-input":{"@type":"PropertyValueSpecification","valueRequired":true,"valueName":"search_term_string"}}],"inLanguage":"fr-FR"}]}},"_links":{"self":[{"href":"https:\/\/www.belfor.com\/ca\/fr\/wp-json\/wp\/v2\/pages\/1617","targetHints":{"allow":["GET"]}}],"collection":[{"href":"https:\/\/www.belfor.com\/ca\/fr\/wp-json\/wp\/v2\/pages"}],"about":[{"href":"https:\/\/www.belfor.com\/ca\/fr\/wp-json\/wp\/v2\/types\/page"}],"author":[{"embeddable":true,"href":"https:\/\/www.belfor.com\/ca\/fr\/wp-json\/wp\/v2\/users\/21"}],"replies":[{"embeddable":true,"href":"https:\/\/www.belfor.com\/ca\/fr\/wp-json\/wp\/v2\/comments?post=1617"}],"version-history":[{"count":1,"href":"https:\/\/www.belfor.com\/ca\/fr\/wp-json\/wp\/v2\/pages\/1617\/revisions"}],"predecessor-version":[{"id":1619,"href":"https:\/\/www.belfor.com\/ca\/fr\/wp-json\/wp\/v2\/pages\/1617\/revisions\/1619"}],"wp:attachment":[{"href":"https:\/\/www.belfor.com\/ca\/fr\/wp-json\/wp\/v2\/media?parent=1617"}],"curies":[{"name":"wp","href":"https:\/\/api.w.org\/{rel}","templated":true}]}}