{"id":1459,"date":"2024-07-31T16:19:06","date_gmt":"2024-07-31T20:19:06","guid":{"rendered":"https:\/\/www.belfor.com\/ca\/plan-du-site\/"},"modified":"2024-09-20T13:36:37","modified_gmt":"2024-09-20T17:36:37","slug":"plan-du-site","status":"publish","type":"page","link":"https:\/\/www.belfor.com\/ca\/fr\/plan-du-site\/","title":{"rendered":"Plan du site"},"content":{"rendered":"<div class=\"m-block  gt gb-s -pre-title-has-decor l-content-simple-1\"  style='--l-container-width: 144rem;'>\n\n\t\n\t\n\t<div class=\"m-block__container container-custom\" style=\"--l-container-width: 144rem\">\n\n\t\t<div class=\"l-heading text-left l-heading-v3\">\n\n\t\t\t    <div class=\"c-heading -h2 \">\n\t\t\n\t\t\n\t\t\t\t\t<h2  class=\"c-heading__title\">Plan du site BELFOR<\/h2>\t\t\n\t\t    <\/div>\n\n\t\t\t\n\t\t<\/div>\n\n\t<\/div>\n\n\t\n<\/div>\n<div class=\"m-shortcode   gt gb\"  style='--l-container-width: 1520px;'>\n\n\t\n\t<div class=\"m-shortcode__container container-custom\" style=\"--l-container-width: 1520px\">\n\t\t<div class=\"m-shortcode__inner c-form\">\n\n\t\t\t<div class=\"wsp-container\"><h2 class=\"wsp-pages-title\">Pages<\/h2>\n<ul class=\"wsp-pages-list\">\n<li class=\"page_item page-item-1011\"><a href=\"https:\/\/www.belfor.com\/ca\/fr\/a-propos\/\">\u00c0 propos<\/a><\/li>\n<li class=\"page_item page-item-1009\"><a href=\"https:\/\/www.belfor.com\/ca\/fr\/avantages\/\">Avantages<\/a><\/li>\n<li class=\"page_item page-item-1715\"><a href=\"https:\/\/www.belfor.com\/ca\/fr\/avis-de-confidentialite\/\">Avis de confidentialit\u00e9<\/a><\/li>\n<li class=\"page_item page-item-1698\"><a href=\"https:\/\/www.belfor.com\/ca\/fr\/belfor-abbotsford\/\">BELFOR Abbotsford<\/a><\/li>\n<li class=\"page_item page-item-1518\"><a href=\"https:\/\/www.belfor.com\/ca\/fr\/belfor-barrie\/\">BELFOR Barrie<\/a><\/li>\n<li class=\"page_item page-item-1520\"><a href=\"https:\/\/www.belfor.com\/ca\/fr\/belfor-brockville\/\">BELFOR Brockville<\/a><\/li>\n<li class=\"page_item page-item-1522\"><a href=\"https:\/\/www.belfor.com\/ca\/fr\/belfor-calgary\/\">BELFOR Calgary<\/a><\/li>\n<li class=\"page_item page-item-1524\"><a href=\"https:\/\/www.belfor.com\/ca\/fr\/belfor-chatham\/\">BELFOR Chatham<\/a><\/li>\n<li class=\"page_item page-item-1526\"><a href=\"https:\/\/www.belfor.com\/ca\/fr\/belfor-collingwood\/\">BELFOR Collingwood<\/a><\/li>\n<li class=\"page_item page-item-1528\"><a href=\"https:\/\/www.belfor.com\/ca\/fr\/belfor-corner-brook\/\">BELFOR Corner Brook<\/a><\/li>\n<li class=\"page_item page-item-1530\"><a href=\"https:\/\/www.belfor.com\/ca\/fr\/belfor-courtenay\/\">BELFOR Courtenay<\/a><\/li>\n<li class=\"page_item page-item-1532\"><a href=\"https:\/\/www.belfor.com\/ca\/fr\/belfor-duncan\/\">BELFOR Duncan<\/a><\/li>\n<li class=\"page_item page-item-1534\"><a href=\"https:\/\/www.belfor.com\/ca\/fr\/belfor-edmonton\/\">BELFOR Edmonton<\/a><\/li>\n<li class=\"page_item page-item-1536\"><a href=\"https:\/\/www.belfor.com\/ca\/fr\/belfor-gander\/\">BELFOR Gander<\/a><\/li>\n<li class=\"page_item page-item-1538\"><a href=\"https:\/\/www.belfor.com\/ca\/fr\/belfor-halifax\/\">BELFOR Halifax<\/a><\/li>\n<li class=\"page_item page-item-1540\"><a href=\"https:\/\/www.belfor.com\/ca\/fr\/belfor-hamilton\/\">BELFOR Hamilton<\/a><\/li>\n<li class=\"page_item page-item-1542\"><a href=\"https:\/\/www.belfor.com\/ca\/fr\/belfor-kelowna\/\">BELFOR Kelowna<\/a><\/li>\n<li class=\"page_item page-item-1544\"><a href=\"https:\/\/www.belfor.com\/ca\/fr\/belfor-kingston\/\">BELFOR Kingston<\/a><\/li>\n<li class=\"page_item page-item-1546\"><a href=\"https:\/\/www.belfor.com\/ca\/fr\/belfor-kitchener\/\">BELFOR Kitchener<\/a><\/li>\n<li class=\"page_item page-item-1548\"><a href=\"https:\/\/www.belfor.com\/ca\/fr\/belfor-labrador\/\">BELFOR Labrador<\/a><\/li>\n<li class=\"page_item page-item-1587\"><a href=\"https:\/\/www.belfor.com\/ca\/fr\/belfor-laurentides\/\">BELFOR Laurentides<\/a><\/li>\n<li class=\"page_item page-item-1585\"><a href=\"https:\/\/www.belfor.com\/ca\/fr\/belfor-lindsay\/\">BELFOR Lindsay<\/a><\/li>\n<li class=\"page_item page-item-1599\"><a href=\"https:\/\/www.belfor.com\/ca\/fr\/belfor-london\/\">BELFOR London<\/a><\/li>\n<li class=\"page_item page-item-1643\"><a href=\"https:\/\/www.belfor.com\/ca\/fr\/belfor-markham\/\">BELFOR Markham<\/a><\/li>\n<li class=\"page_item page-item-1641\"><a href=\"https:\/\/www.belfor.com\/ca\/fr\/belfor-mississauga\/\">BELFOR Mississauga<\/a><\/li>\n<li class=\"page_item page-item-1639\"><a href=\"https:\/\/www.belfor.com\/ca\/fr\/belfor-moncton\/\">BELFOR Moncton<\/a><\/li>\n<li class=\"page_item page-item-1637\"><a href=\"https:\/\/www.belfor.com\/ca\/fr\/belfor-montreal\/\">BELFOR Montreal<\/a><\/li>\n<li class=\"page_item page-item-1633\"><a href=\"https:\/\/www.belfor.com\/ca\/fr\/belfor-nanaimo\/\">BELFOR Nanaimo<\/a><\/li>\n<li class=\"page_item page-item-1629\"><a href=\"https:\/\/www.belfor.com\/ca\/fr\/belfor-ottawa\/\">BELFOR Ottawa<\/a><\/li>\n<li class=\"page_item page-item-1625\"><a href=\"https:\/\/www.belfor.com\/ca\/fr\/belfor-owen-sound\/\">BELFOR Owen Sound<\/a><\/li>\n<li class=\"page_item page-item-1622\"><a href=\"https:\/\/www.belfor.com\/ca\/fr\/belfor-prince-george\/\">BELFOR Prince George<\/a><\/li>\n<li class=\"page_item page-item-1617\"><a href=\"https:\/\/www.belfor.com\/ca\/fr\/belfor-red-deer\/\">BELFOR Red Deer<\/a><\/li>\n<li class=\"page_item page-item-1634\"><a href=\"https:\/\/www.belfor.com\/ca\/fr\/belfor-saint-john\/\">BELFOR Saint John<\/a><\/li>\n<li class=\"page_item page-item-1630\"><a href=\"https:\/\/www.belfor.com\/ca\/fr\/belfor-sarnia\/\">BELFOR Sarnia<\/a><\/li>\n<li class=\"page_item page-item-1550\"><a href=\"https:\/\/www.belfor.com\/ca\/fr\/belfor-lanark\/\">BELFOR Smiths Falls<\/a><\/li>\n<li class=\"page_item page-item-1626\"><a href=\"https:\/\/www.belfor.com\/ca\/fr\/belfor-st-johns\/\">BELFOR St. John&#8217;s<\/a><\/li>\n<li class=\"page_item page-item-1621\"><a href=\"https:\/\/www.belfor.com\/ca\/fr\/belfor-stratford\/\">BELFOR Stratford<\/a><\/li>\n<li class=\"page_item page-item-1616\"><a href=\"https:\/\/www.belfor.com\/ca\/fr\/belfor-surrey\/\">BELFOR Surrey<\/a><\/li>\n<li class=\"page_item page-item-1614\"><a href=\"https:\/\/www.belfor.com\/ca\/fr\/belfor-toronto\/\">BELFOR Toronto<\/a><\/li>\n<li class=\"page_item page-item-1612\"><a href=\"https:\/\/www.belfor.com\/ca\/fr\/belfor-vancouver\/\">BELFOR Vancouver<\/a><\/li>\n<li class=\"page_item page-item-1610\"><a href=\"https:\/\/www.belfor.com\/ca\/fr\/belfor-victoria\/\">BELFOR Victoria<\/a><\/li>\n<li class=\"page_item page-item-1608\"><a href=\"https:\/\/www.belfor.com\/ca\/fr\/belfor-windsor\/\">BELFOR Windsor<\/a><\/li>\n<li class=\"page_item page-item-1602\"><a href=\"https:\/\/www.belfor.com\/ca\/fr\/belfor-winnipeg\/\">BELFOR Winnipeg<\/a><\/li>\n<li class=\"page_item page-item-1015\"><a href=\"https:\/\/www.belfor.com\/ca\/fr\/contactez\/\">CONTACTEZ<\/a><\/li>\n<li class=\"page_item page-item-965\"><a href=\"https:\/\/www.belfor.com\/ca\/fr\/degats-deau\/\">D\u00e9g\u00e2ts d&#8217;eau<\/a><\/li>\n<li class=\"page_item page-item-985\"><a href=\"https:\/\/www.belfor.com\/ca\/fr\/dommages-causes-par-la-moisissure\/\">Dommages caus\u00e9s par la moisissure<\/a><\/li>\n<li class=\"page_item page-item-971\"><a href=\"https:\/\/www.belfor.com\/ca\/fr\/dommages-causes-par-la-tempete\/\">Dommages caus\u00e9s par la temp\u00eate<\/a><\/li>\n<li class=\"page_item page-item-991\"><a href=\"https:\/\/www.belfor.com\/ca\/fr\/dommages-causes-par-le-feu\/\">Dommages caus\u00e9s par le feu<\/a><\/li>\n<li class=\"page_item page-item-973\"><a href=\"https:\/\/www.belfor.com\/ca\/fr\/elimination-de-la-fumee-et-de-la-suie\/\">\u00c9limination de la fum\u00e9e et de la suie<\/a><\/li>\n<li class=\"page_item page-item-983\"><a href=\"https:\/\/www.belfor.com\/ca\/fr\/elimination-et-assainissement-des-moisissures\/\">\u00c9limination et assainissement des moisissures<\/a><\/li>\n<li class=\"page_item page-item-975\"><a href=\"https:\/\/www.belfor.com\/ca\/fr\/emballage-retractable\/\">Emballage r\u00e9tractable<\/a><\/li>\n<li class=\"page_item page-item-1451\"><a href=\"https:\/\/www.belfor.com\/ca\/fr\/emplacements\/\">Emplacements<\/a><\/li>\n<li class=\"page_item page-item-989\"><a href=\"https:\/\/www.belfor.com\/ca\/fr\/entreprise-generale-et-reconstruction\/\">Entreprise g\u00e9n\u00e9rale et reconstruction<\/a><\/li>\n<li class=\"page_item page-item-967\"><a href=\"https:\/\/www.belfor.com\/ca\/fr\/extraction-et-sechage-de-leau\/\">Extraction et s\u00e9chage de l&#8217;eau<\/a><\/li>\n<li class=\"page_item page-item-987\"><a href=\"https:\/\/www.belfor.com\/ca\/fr\/innovation\/\">Innovation<\/a><\/li>\n<li class=\"page_item page-item-1819\"><a href=\"https:\/\/www.belfor.com\/ca\/fr\/intervention-durgence-2\/\">Intervention D&#8217;urgence<\/a><\/li>\n<li class=\"page_item page-item-999\"><a href=\"https:\/\/www.belfor.com\/ca\/fr\/intervention-durgence\/\">Intervention D&#8217;urgence<\/a><\/li>\n<li class=\"page_item page-item-1017\"><a href=\"https:\/\/www.belfor.com\/ca\/fr\/legal\/\">L\u00e9gal<\/a><\/li>\n<li class=\"page_item page-item-963\"><a href=\"https:\/\/www.belfor.com\/ca\/fr\/nettoyage-des-conduits-dair\/\">Nettoyage Des Conduits D\u2019air<\/a><\/li>\n<li class=\"page_item page-item-969\"><a href=\"https:\/\/www.belfor.com\/ca\/fr\/nettoyage-par-ultrasons\/\">Nettoyage par ultrasons<\/a><\/li>\n<li class=\"page_item page-item-1019\"><a href=\"https:\/\/www.belfor.com\/ca\/fr\/notre-flotte\/\">Notre flotte<\/a><\/li>\n<li class=\"page_item page-item-1453\"><a href=\"https:\/\/www.belfor.com\/ca\/fr\/\">Page d&#8217;accueil<\/a><\/li>\n<li class=\"page_item page-item-1459\"><a href=\"https:\/\/www.belfor.com\/ca\/fr\/plan-du-site\/\">Plan du site<\/a><\/li>\n<li class=\"page_item page-item-1013\"><a href=\"https:\/\/www.belfor.com\/ca\/fr\/profession\/\">Profession<\/a><\/li>\n<li class=\"page_item page-item-1003\"><a href=\"https:\/\/www.belfor.com\/ca\/fr\/recuperation-de-documents-et-de-medias\/\">R\u00e9cup\u00e9ration de documents et de m\u00e9dias<\/a><\/li>\n<li class=\"page_item page-item-1457\"><a href=\"https:\/\/www.belfor.com\/ca\/fr\/red-alert\/\">RED ALERT<\/a><\/li>\n<li class=\"page_item page-item-993\"><a href=\"https:\/\/www.belfor.com\/ca\/fr\/reparation-dequipement-et-de-machines\/\">R\u00e9paration d&#8217;\u00e9quipement et de machines<\/a><\/li>\n<li class=\"page_item page-item-1455 current_page_parent\"><a href=\"https:\/\/www.belfor.com\/ca\/fr\/ressources\/\">Ressources<\/a><\/li>\n<li class=\"page_item page-item-1001\"><a href=\"https:\/\/www.belfor.com\/ca\/fr\/restauration-de-lelectronique\/\">Restauration de l&#8217;\u00e9lectronique<\/a><\/li>\n<li class=\"page_item page-item-1005\"><a href=\"https:\/\/www.belfor.com\/ca\/fr\/restauration-du-contenu\/\">Restauration du contenu<\/a><\/li>\n<li class=\"page_item page-item-981\"><a href=\"https:\/\/www.belfor.com\/ca\/fr\/securite-et-formation\/\">S\u00e9curit\u00e9 et formation<\/a><\/li>\n<li class=\"page_item page-item-1007\"><a href=\"https:\/\/www.belfor.com\/ca\/fr\/services-de-conseil\/\">Services de conseil<\/a><\/li>\n<li class=\"page_item page-item-977\"><a href=\"https:\/\/www.belfor.com\/ca\/fr\/services-de-semi-conducteurs\/\">Services de semi-conducteurs<\/a><\/li>\n<li class=\"page_item page-item-995\"><a href=\"https:\/\/www.belfor.com\/ca\/fr\/services-environnementaux\/\">Services environnementaux<\/a><\/li>\n<\/ul>\n<\/div>\n\t\t<\/div>\n\t<\/div>\n<\/div>\n","protected":false},"excerpt":{"rendered":"","protected":false},"author":10,"featured_media":0,"parent":0,"menu_order":0,"comment_status":"closed","ping_status":"closed","template":"","meta":{"_acf_changed":false,"inline_featured_image":false,"footnotes":""},"class_list":["post-1459","page","type-page","status-publish","hentry"],"acf":[],"yoast_head":"<!-- This site is optimized with the Yoast SEO plugin v27.3 - https:\/\/yoast.com\/product\/yoast-seo-wordpress\/ -->\n<title>Plan du site - BELFOR Property Restoration - Canada<\/title>\n<meta name=\"robots\" content=\"index, follow, max-snippet:-1, max-image-preview:large, max-video-preview:-1\" \/>\n<link rel=\"canonical\" href=\"https:\/\/www.belfor.com\/ca\/fr\/plan-du-site\/\" \/>\n<meta property=\"og:locale\" content=\"fr_FR\" \/>\n<meta property=\"og:type\" content=\"article\" \/>\n<meta property=\"og:title\" content=\"Plan du site - BELFOR Property Restoration - Canada\" \/>\n<meta property=\"og:url\" content=\"https:\/\/www.belfor.com\/ca\/fr\/plan-du-site\/\" \/>\n<meta property=\"og:site_name\" content=\"BELFOR Property Restoration - Canada\" \/>\n<meta property=\"article:modified_time\" content=\"2024-09-20T17:36:37+00:00\" \/>\n<meta name=\"twitter:card\" content=\"summary_large_image\" \/>\n<script type=\"application\/ld+json\" class=\"yoast-schema-graph\">{\"@context\":\"https:\\\/\\\/schema.org\",\"@graph\":[{\"@type\":\"WebPage\",\"@id\":\"https:\\\/\\\/www.belfor.com\\\/ca\\\/fr\\\/plan-du-site\\\/\",\"url\":\"https:\\\/\\\/www.belfor.com\\\/ca\\\/fr\\\/plan-du-site\\\/\",\"name\":\"Plan du site - BELFOR Property Restoration - Canada\",\"isPartOf\":{\"@id\":\"https:\\\/\\\/www.belfor.com\\\/ca\\\/fr\\\/#website\"},\"datePublished\":\"2024-07-31T20:19:06+00:00\",\"dateModified\":\"2024-09-20T17:36:37+00:00\",\"breadcrumb\":{\"@id\":\"https:\\\/\\\/www.belfor.com\\\/ca\\\/fr\\\/plan-du-site\\\/#breadcrumb\"},\"inLanguage\":\"fr-FR\",\"potentialAction\":[{\"@type\":\"ReadAction\",\"target\":[\"https:\\\/\\\/www.belfor.com\\\/ca\\\/fr\\\/plan-du-site\\\/\"]}]},{\"@type\":\"BreadcrumbList\",\"@id\":\"https:\\\/\\\/www.belfor.com\\\/ca\\\/fr\\\/plan-du-site\\\/#breadcrumb\",\"itemListElement\":[{\"@type\":\"ListItem\",\"position\":1,\"name\":\"Home\",\"item\":\"https:\\\/\\\/www.belfor.com\\\/ca\\\/fr\\\/page-daccueil\\\/\"},{\"@type\":\"ListItem\",\"position\":2,\"name\":\"Plan du site\"}]},{\"@type\":\"WebSite\",\"@id\":\"https:\\\/\\\/www.belfor.com\\\/ca\\\/fr\\\/#website\",\"url\":\"https:\\\/\\\/www.belfor.com\\\/ca\\\/fr\\\/\",\"name\":\"BELFOR Property Restoration - Canada\",\"description\":\"\",\"potentialAction\":[{\"@type\":\"SearchAction\",\"target\":{\"@type\":\"EntryPoint\",\"urlTemplate\":\"https:\\\/\\\/www.belfor.com\\\/ca\\\/fr\\\/?s={search_term_string}\"},\"query-input\":{\"@type\":\"PropertyValueSpecification\",\"valueRequired\":true,\"valueName\":\"search_term_string\"}}],\"inLanguage\":\"fr-FR\"}]}<\/script>\n<!-- \/ Yoast SEO plugin. -->","yoast_head_json":{"title":"Plan du site - BELFOR Property Restoration - Canada","robots":{"index":"index","follow":"follow","max-snippet":"max-snippet:-1","max-image-preview":"max-image-preview:large","max-video-preview":"max-video-preview:-1"},"canonical":"https:\/\/www.belfor.com\/ca\/fr\/plan-du-site\/","og_locale":"fr_FR","og_type":"article","og_title":"Plan du site - BELFOR Property Restoration - Canada","og_url":"https:\/\/www.belfor.com\/ca\/fr\/plan-du-site\/","og_site_name":"BELFOR Property Restoration - Canada","article_modified_time":"2024-09-20T17:36:37+00:00","twitter_card":"summary_large_image","schema":{"@context":"https:\/\/schema.org","@graph":[{"@type":"WebPage","@id":"https:\/\/www.belfor.com\/ca\/fr\/plan-du-site\/","url":"https:\/\/www.belfor.com\/ca\/fr\/plan-du-site\/","name":"Plan du site - BELFOR Property Restoration - Canada","isPartOf":{"@id":"https:\/\/www.belfor.com\/ca\/fr\/#website"},"datePublished":"2024-07-31T20:19:06+00:00","dateModified":"2024-09-20T17:36:37+00:00","breadcrumb":{"@id":"https:\/\/www.belfor.com\/ca\/fr\/plan-du-site\/#breadcrumb"},"inLanguage":"fr-FR","potentialAction":[{"@type":"ReadAction","target":["https:\/\/www.belfor.com\/ca\/fr\/plan-du-site\/"]}]},{"@type":"BreadcrumbList","@id":"https:\/\/www.belfor.com\/ca\/fr\/plan-du-site\/#breadcrumb","itemListElement":[{"@type":"ListItem","position":1,"name":"Home","item":"https:\/\/www.belfor.com\/ca\/fr\/page-daccueil\/"},{"@type":"ListItem","position":2,"name":"Plan du site"}]},{"@type":"WebSite","@id":"https:\/\/www.belfor.com\/ca\/fr\/#website","url":"https:\/\/www.belfor.com\/ca\/fr\/","name":"BELFOR Property Restoration - Canada","description":"","potentialAction":[{"@type":"SearchAction","target":{"@type":"EntryPoint","urlTemplate":"https:\/\/www.belfor.com\/ca\/fr\/?s={search_term_string}"},"query-input":{"@type":"PropertyValueSpecification","valueRequired":true,"valueName":"search_term_string"}}],"inLanguage":"fr-FR"}]}},"_links":{"self":[{"href":"https:\/\/www.belfor.com\/ca\/fr\/wp-json\/wp\/v2\/pages\/1459","targetHints":{"allow":["GET"]}}],"collection":[{"href":"https:\/\/www.belfor.com\/ca\/fr\/wp-json\/wp\/v2\/pages"}],"about":[{"href":"https:\/\/www.belfor.com\/ca\/fr\/wp-json\/wp\/v2\/types\/page"}],"author":[{"embeddable":true,"href":"https:\/\/www.belfor.com\/ca\/fr\/wp-json\/wp\/v2\/users\/10"}],"replies":[{"embeddable":true,"href":"https:\/\/www.belfor.com\/ca\/fr\/wp-json\/wp\/v2\/comments?post=1459"}],"version-history":[{"count":1,"href":"https:\/\/www.belfor.com\/ca\/fr\/wp-json\/wp\/v2\/pages\/1459\/revisions"}],"predecessor-version":[{"id":1460,"href":"https:\/\/www.belfor.com\/ca\/fr\/wp-json\/wp\/v2\/pages\/1459\/revisions\/1460"}],"wp:attachment":[{"href":"https:\/\/www.belfor.com\/ca\/fr\/wp-json\/wp\/v2\/media?parent=1459"}],"curies":[{"name":"wp","href":"https:\/\/api.w.org\/{rel}","templated":true}]}}