{"id":1017,"date":"2024-07-31T15:16:21","date_gmt":"2024-07-31T19:16:21","guid":{"rendered":"https:\/\/www.belfor.com\/ca\/legal\/"},"modified":"2024-09-17T16:08:09","modified_gmt":"2024-09-17T20:08:09","slug":"legal","status":"publish","type":"page","link":"https:\/\/www.belfor.com\/ca\/fr\/legal\/","title":{"rendered":"L\u00e9gal"},"content":{"rendered":"<div class=\"m-block l-wysiwyg\"  >\n\n\t\n\t\n\t<div class=\"m-block__container container\" style=\"\">\n\n\t\t\t\t\t<div class=\"content-single\">\n\t\t\t\t<p>AVIS L\u00c9GAL <strong>BELFOR HOLDINGS INC<\/strong>. Si\u00e8ge social mondial 185 Oakland Avenue Birmingham, MI, USA 48009 T\u00e9l\u00e9phone : 248.594.1144 BELFOR Europe GmbH Keniastra\u00dfe 2447269 Duisburg, Allemagne T\u00e9l\u00e9phone : +49 (0) 203 &#8211; 75640-0 Fax : +49 (0) 203 &#8211; 75640-306 E-Mail : info@belfor.com Internet : http:\/\/www.belfor.com BELFOR Europe GmbH est repr\u00e9sent\u00e9e par ses directeurs g\u00e9n\u00e9raux Sheldon Yellen, Conor Roche, Elvir Kolak et Dr Mark-Andre Nusselein. Tribunal d&#8217;enregistrement : Tribunal municipal de Duisburg Num\u00e9ro de registre du commerce : HRB 8426 Num\u00e9ro d&#8217;identification \u00e0 la TVA selon \u00a7 27a Loi sur la taxe sur la valeur ajout\u00e9e : DE 814 757 268 Personne responsable du contenu selon \u00a7 55 Trait\u00e9 inter\u00e9tatique sur la radiodiffusion : Sheldon Yellen <strong>Avis de non-responsabilit\u00e9<\/strong> : Malgr\u00e9 contr\u00f4le diligent en termes de contenu, nous n&#8217;assumons aucune responsabilit\u00e9 concernant le contenu des liens externes. L&#8217;op\u00e9rateur concern\u00e9 est seul responsable du contenu des pages Web li\u00e9es.  <\/p>\n\t\t\t<\/div>\n\t\t\n\t<\/div>\n\n\t\n<\/div>\n","protected":false},"excerpt":{"rendered":"","protected":false},"author":10,"featured_media":808,"parent":0,"menu_order":0,"comment_status":"closed","ping_status":"closed","template":"","meta":{"_acf_changed":false,"inline_featured_image":false,"footnotes":""},"class_list":["post-1017","page","type-page","status-publish","has-post-thumbnail","hentry"],"acf":[],"yoast_head":"<!-- This site is optimized with the Yoast SEO plugin v27.3 - https:\/\/yoast.com\/product\/yoast-seo-wordpress\/ -->\n<title>L\u00e9gal - BELFOR Property Restoration - Canada<\/title>\n<meta name=\"robots\" content=\"index, follow, max-snippet:-1, max-image-preview:large, max-video-preview:-1\" \/>\n<link rel=\"canonical\" href=\"https:\/\/www.belfor.com\/ca\/fr\/legal\/\" \/>\n<meta property=\"og:locale\" content=\"fr_FR\" \/>\n<meta property=\"og:type\" content=\"article\" \/>\n<meta property=\"og:title\" content=\"L\u00e9gal - BELFOR Property Restoration - Canada\" \/>\n<meta property=\"og:url\" content=\"https:\/\/www.belfor.com\/ca\/fr\/legal\/\" \/>\n<meta property=\"og:site_name\" content=\"BELFOR Property Restoration - Canada\" \/>\n<meta property=\"article:modified_time\" content=\"2024-09-17T20:08:09+00:00\" \/>\n<meta property=\"og:image\" content=\"https:\/\/www.belfor.com\/ca\/wp-content\/uploads\/sites\/22\/2024\/09\/Cover-1.jpg\" \/>\n\t<meta property=\"og:image:width\" content=\"1240\" \/>\n\t<meta property=\"og:image:height\" content=\"620\" \/>\n\t<meta property=\"og:image:type\" content=\"image\/jpeg\" \/>\n<meta name=\"twitter:card\" content=\"summary_large_image\" \/>\n<script type=\"application\/ld+json\" class=\"yoast-schema-graph\">{\"@context\":\"https:\\\/\\\/schema.org\",\"@graph\":[{\"@type\":\"WebPage\",\"@id\":\"https:\\\/\\\/www.belfor.com\\\/ca\\\/fr\\\/legal\\\/\",\"url\":\"https:\\\/\\\/www.belfor.com\\\/ca\\\/fr\\\/legal\\\/\",\"name\":\"L\u00e9gal - BELFOR Property Restoration - Canada\",\"isPartOf\":{\"@id\":\"https:\\\/\\\/www.belfor.com\\\/ca\\\/fr\\\/#website\"},\"primaryImageOfPage\":{\"@id\":\"https:\\\/\\\/www.belfor.com\\\/ca\\\/fr\\\/legal\\\/#primaryimage\"},\"image\":{\"@id\":\"https:\\\/\\\/www.belfor.com\\\/ca\\\/fr\\\/legal\\\/#primaryimage\"},\"thumbnailUrl\":\"https:\\\/\\\/www.belfor.com\\\/ca\\\/wp-content\\\/uploads\\\/sites\\\/22\\\/2024\\\/09\\\/Cover-1.jpg\",\"datePublished\":\"2024-07-31T19:16:21+00:00\",\"dateModified\":\"2024-09-17T20:08:09+00:00\",\"breadcrumb\":{\"@id\":\"https:\\\/\\\/www.belfor.com\\\/ca\\\/fr\\\/legal\\\/#breadcrumb\"},\"inLanguage\":\"fr-FR\",\"potentialAction\":[{\"@type\":\"ReadAction\",\"target\":[\"https:\\\/\\\/www.belfor.com\\\/ca\\\/fr\\\/legal\\\/\"]}]},{\"@type\":\"ImageObject\",\"inLanguage\":\"fr-FR\",\"@id\":\"https:\\\/\\\/www.belfor.com\\\/ca\\\/fr\\\/legal\\\/#primaryimage\",\"url\":\"https:\\\/\\\/www.belfor.com\\\/ca\\\/wp-content\\\/uploads\\\/sites\\\/22\\\/2024\\\/09\\\/Cover-1.jpg\",\"contentUrl\":\"https:\\\/\\\/www.belfor.com\\\/ca\\\/wp-content\\\/uploads\\\/sites\\\/22\\\/2024\\\/09\\\/Cover-1.jpg\",\"width\":1240,\"height\":620},{\"@type\":\"BreadcrumbList\",\"@id\":\"https:\\\/\\\/www.belfor.com\\\/ca\\\/fr\\\/legal\\\/#breadcrumb\",\"itemListElement\":[{\"@type\":\"ListItem\",\"position\":1,\"name\":\"Home\",\"item\":\"https:\\\/\\\/www.belfor.com\\\/ca\\\/fr\\\/page-daccueil\\\/\"},{\"@type\":\"ListItem\",\"position\":2,\"name\":\"L\u00e9gal\"}]},{\"@type\":\"WebSite\",\"@id\":\"https:\\\/\\\/www.belfor.com\\\/ca\\\/fr\\\/#website\",\"url\":\"https:\\\/\\\/www.belfor.com\\\/ca\\\/fr\\\/\",\"name\":\"BELFOR Property Restoration - Canada\",\"description\":\"\",\"potentialAction\":[{\"@type\":\"SearchAction\",\"target\":{\"@type\":\"EntryPoint\",\"urlTemplate\":\"https:\\\/\\\/www.belfor.com\\\/ca\\\/fr\\\/?s={search_term_string}\"},\"query-input\":{\"@type\":\"PropertyValueSpecification\",\"valueRequired\":true,\"valueName\":\"search_term_string\"}}],\"inLanguage\":\"fr-FR\"}]}<\/script>\n<!-- \/ Yoast SEO plugin. -->","yoast_head_json":{"title":"L\u00e9gal - BELFOR Property Restoration - Canada","robots":{"index":"index","follow":"follow","max-snippet":"max-snippet:-1","max-image-preview":"max-image-preview:large","max-video-preview":"max-video-preview:-1"},"canonical":"https:\/\/www.belfor.com\/ca\/fr\/legal\/","og_locale":"fr_FR","og_type":"article","og_title":"L\u00e9gal - BELFOR Property Restoration - Canada","og_url":"https:\/\/www.belfor.com\/ca\/fr\/legal\/","og_site_name":"BELFOR Property Restoration - Canada","article_modified_time":"2024-09-17T20:08:09+00:00","og_image":[{"width":1240,"height":620,"url":"https:\/\/www.belfor.com\/ca\/wp-content\/uploads\/sites\/22\/2024\/09\/Cover-1.jpg","type":"image\/jpeg"}],"twitter_card":"summary_large_image","schema":{"@context":"https:\/\/schema.org","@graph":[{"@type":"WebPage","@id":"https:\/\/www.belfor.com\/ca\/fr\/legal\/","url":"https:\/\/www.belfor.com\/ca\/fr\/legal\/","name":"L\u00e9gal - BELFOR Property Restoration - Canada","isPartOf":{"@id":"https:\/\/www.belfor.com\/ca\/fr\/#website"},"primaryImageOfPage":{"@id":"https:\/\/www.belfor.com\/ca\/fr\/legal\/#primaryimage"},"image":{"@id":"https:\/\/www.belfor.com\/ca\/fr\/legal\/#primaryimage"},"thumbnailUrl":"https:\/\/www.belfor.com\/ca\/wp-content\/uploads\/sites\/22\/2024\/09\/Cover-1.jpg","datePublished":"2024-07-31T19:16:21+00:00","dateModified":"2024-09-17T20:08:09+00:00","breadcrumb":{"@id":"https:\/\/www.belfor.com\/ca\/fr\/legal\/#breadcrumb"},"inLanguage":"fr-FR","potentialAction":[{"@type":"ReadAction","target":["https:\/\/www.belfor.com\/ca\/fr\/legal\/"]}]},{"@type":"ImageObject","inLanguage":"fr-FR","@id":"https:\/\/www.belfor.com\/ca\/fr\/legal\/#primaryimage","url":"https:\/\/www.belfor.com\/ca\/wp-content\/uploads\/sites\/22\/2024\/09\/Cover-1.jpg","contentUrl":"https:\/\/www.belfor.com\/ca\/wp-content\/uploads\/sites\/22\/2024\/09\/Cover-1.jpg","width":1240,"height":620},{"@type":"BreadcrumbList","@id":"https:\/\/www.belfor.com\/ca\/fr\/legal\/#breadcrumb","itemListElement":[{"@type":"ListItem","position":1,"name":"Home","item":"https:\/\/www.belfor.com\/ca\/fr\/page-daccueil\/"},{"@type":"ListItem","position":2,"name":"L\u00e9gal"}]},{"@type":"WebSite","@id":"https:\/\/www.belfor.com\/ca\/fr\/#website","url":"https:\/\/www.belfor.com\/ca\/fr\/","name":"BELFOR Property Restoration - Canada","description":"","potentialAction":[{"@type":"SearchAction","target":{"@type":"EntryPoint","urlTemplate":"https:\/\/www.belfor.com\/ca\/fr\/?s={search_term_string}"},"query-input":{"@type":"PropertyValueSpecification","valueRequired":true,"valueName":"search_term_string"}}],"inLanguage":"fr-FR"}]}},"_links":{"self":[{"href":"https:\/\/www.belfor.com\/ca\/fr\/wp-json\/wp\/v2\/pages\/1017","targetHints":{"allow":["GET"]}}],"collection":[{"href":"https:\/\/www.belfor.com\/ca\/fr\/wp-json\/wp\/v2\/pages"}],"about":[{"href":"https:\/\/www.belfor.com\/ca\/fr\/wp-json\/wp\/v2\/types\/page"}],"author":[{"embeddable":true,"href":"https:\/\/www.belfor.com\/ca\/fr\/wp-json\/wp\/v2\/users\/10"}],"replies":[{"embeddable":true,"href":"https:\/\/www.belfor.com\/ca\/fr\/wp-json\/wp\/v2\/comments?post=1017"}],"version-history":[{"count":1,"href":"https:\/\/www.belfor.com\/ca\/fr\/wp-json\/wp\/v2\/pages\/1017\/revisions"}],"predecessor-version":[{"id":1018,"href":"https:\/\/www.belfor.com\/ca\/fr\/wp-json\/wp\/v2\/pages\/1017\/revisions\/1018"}],"wp:featuredmedia":[{"embeddable":true,"href":"https:\/\/www.belfor.com\/ca\/fr\/wp-json\/wp\/v2\/media\/808"}],"wp:attachment":[{"href":"https:\/\/www.belfor.com\/ca\/fr\/wp-json\/wp\/v2\/media?parent=1017"}],"curies":[{"name":"wp","href":"https:\/\/api.w.org\/{rel}","templated":true}]}}