{"id":1005,"date":"2024-08-26T20:01:59","date_gmt":"2024-08-27T00:01:59","guid":{"rendered":"https:\/\/www.belfor.com\/ca\/restauration-du-contenu\/"},"modified":"2024-09-17T15:29:12","modified_gmt":"2024-09-17T19:29:12","slug":"restauration-du-contenu","status":"publish","type":"page","link":"https:\/\/www.belfor.com\/ca\/fr\/restauration-du-contenu\/","title":{"rendered":"Restauration du contenu"},"content":{"rendered":"<div class=\"m-banner m-banner--small  -version-2 order-default\" >\n\n\t\n\t\n\t<div class=\"m-banner__container container-fluid\" style='--columns-ratio: 50%;background-color: #151515;'>\n\n\t\t\n\t\t<div class=\"m-banner__inner container flex-left style-dark\">\n\n\t\t\t<div class=\"l-banner  l-gt-custom l-gb-custom\" style=\"--l-gt-padding: 4.5rem;--l-gb-padding: 4.5rem;\">\n\n\t\t\t\t\n<div class=\"l-banner__text\">\n        <div class=\"l-banner__inner text-left\">\n\n        <div class=\"c-heading -h1\">\n\t\t\t                <div class=\"c-heading__pre\" >\n\t\t\t\t\tSERVICES                <\/div>\n\t\t\t\n\t\t\t\t\t\t\t<h1  class=\"c-heading__title\">R\u00e9cup\u00e9ration des biens de la maison et de l&#8217;entreprise<\/h1>\t\t\t\n\t\t\t        <\/div>\n\n\t\t    <\/div>\n    \n\t<\/div>\n\n    <div class=\"l-banner__media\">\n\t\t\t\t\t\n\t\t\t\t            <div class=\"c-image\">\n            <figure class=\"c-image__media c-image__primary\">\n                <img decoding=\"async\" class=\"c-image__src lazy\" loading=\"lazy\" src=\"https:\/\/www.belfor.com\/ca\/wp-content\/uploads\/sites\/22\/2024\/07\/Belfor-cars.jpg\"  alt=\"BELFOR Cars and Trucks lined up at an emergency response\" width=\"814\" height=\"485\"\/>            <\/figure>\n        <\/div>\n    \n\t\t\t\n\t\t    <\/div>\n\n\t\t\t<\/div>\n\n\t\t\t\t\t<\/div>\n\t<\/div>\n\n    <!-- scroll down-->\n    <div class=\"scroll-down\">\n        <div class=\"scroll-down__line-box line-box\">\n            <div class=\"line\"><\/div>\n        <\/div>\n        <div class=\"scroll-down__icon\">\n            <svg class=\"o-icon u-fill-current\" aria-hidden=\"true\">\n                <use xlink:href=\"#scroll-down\"><\/use>\n            <\/svg>\n        <\/div>\n    <\/div>\n    <!-- scroll down : end-->\n\n<\/div>\n<div class=\"m-breadcrumb \">\n\t\n\t<div class=\"blog-breadcrumb\">\n\t\t<div class=\"blog-breadcrumb__inner inner-frame\">\n\t\t\t<span property=\"itemListElement\" typeof=\"ListItem\"><a property=\"item\" typeof=\"WebPage\" title=\"Go to BELFOR.\" href=\"https:\/\/www.belfor.com\/\" class=\"main-home\" ><span property=\"name\">BELFOR<\/span><\/a><meta property=\"position\" content=\"1\"><\/span> &gt; <span property=\"itemListElement\" typeof=\"ListItem\"><a property=\"item\" typeof=\"WebPage\" title=\"Go to BELFOR Property Restoration - Canada.\" href=\"https:\/\/www.belfor.com\/ca\/fr\/\" class=\"home\" ><span property=\"name\">BELFOR Property Restoration &#8211; Canada<\/span><\/a><meta property=\"position\" content=\"2\"><\/span> &gt; <span property=\"itemListElement\" typeof=\"ListItem\"><a property=\"item\" typeof=\"WebPage\" title=\"Go to Ressources.\" href=\"https:\/\/www.belfor.com\/ca\/fr\/ressources\/\" class=\"post-root post post-post\" aria-current=\"page\"><span property=\"name\">Ressources<\/span><\/a><meta property=\"position\" content=\"3\"><\/span>\t\t<\/div>\n\t<\/div>\n\n<\/div>\n<div class=\"m-wrapper  mt mb-custom -version-7 container\" style='--margin-bottom: 15rem;'>\n\n\t\n\t\n\t<div class=\"m-wrapper__inner\">\n\t\t\n\n<div class=\"m-block l-links-list  \"  >\n\n\t    <div class=\"m-block__container container\"\n         style=\"\">\n\n        <div class=\"l-heading text-left l-heading-v1\">\n\t\t\t        <div class=\"c-heading -h2 \">\n\t\t\n\t\t\n\t\t\t\t\t<h2  class=\"c-heading__title\">Services Commerciaux<\/h2>\t\t\n\t\t    <\/div>\n\n\t\t\t                <ul>\n\t\t\t\t\t                        <li>\n\t\t\t\t\t\t\t\n\t\t\t\t\t\t\t\t                                    <a href=\"\/ca\/en\/emergency-response\/\"\n\t\t\t\t\t\t\t\t\t\tnoreferrer target=\"_blank\"                                       class=\"link\">Intervention D&#8217;urgence                                    <\/a>\n\t\t\t\t\t\t\t\t\n\t\t\t\t\t\t\t                        <\/li>\n\t\t\t\t\t                        <li>\n\t\t\t\t\t\t\t\n\t\t\t\t\t\t\t\t                                    <a href=\"\/ca\/en\/smoke-and-soot-removal\/\"\n\t\t\t\t\t\t\t\t\t\t                                        class=\"link\">\u00c9limination de la fum\u00e9e et de la suie                                    <\/a>\n\t\t\t\t\t\t\t\t\n\t\t\t\t\t\t\t                        <\/li>\n\t\t\t\t\t                        <li>\n\t\t\t\t\t\t\t\n\t\t\t\t\t\t\t\t                                    <a href=\"\/ca\/en\/water-extraction-drying\/\"\n\t\t\t\t\t\t\t\t\t\t                                        class=\"link\">Extraction et s\u00e9chage de l&#8217;eau                                    <\/a>\n\t\t\t\t\t\t\t\t\n\t\t\t\t\t\t\t                        <\/li>\n\t\t\t\t\t                        <li>\n\t\t\t\t\t\t\t\n\t\t\t\t\t\t\t\t                                    <a href=\"\/ca\/en\/shrink-wrap\/\"\n\t\t\t\t\t\t\t\t\t\t                                        class=\"link\">Emballage r\u00e9tractable                                    <\/a>\n\t\t\t\t\t\t\t\t\n\t\t\t\t\t\t\t                        <\/li>\n\t\t\t\t\t                        <li>\n\t\t\t\t\t\t\t\n\t\t\t\t\t\t\t\t                                    <a href=\"\/ca\/en\/mould-removal-remediation\/\"\n\t\t\t\t\t\t\t\t\t\t                                        class=\"link\">\u00c9limination et assainissement des moisissures                                    <\/a>\n\t\t\t\t\t\t\t\t\n\t\t\t\t\t\t\t                        <\/li>\n\t\t\t\t\t                        <li>\n\t\t\t\t\t\t\t\n\t\t\t\t\t\t\t\t                                    <a href=\"\/ca\/en\/general-contracting-reconstruction\/\"\n\t\t\t\t\t\t\t\t\t\t                                        class=\"link\">Entreprise g\u00e9n\u00e9rale et reconstruction                                    <\/a>\n\t\t\t\t\t\t\t\t\n\t\t\t\t\t\t\t                        <\/li>\n\t\t\t\t\t                        <li>\n\t\t\t\t\t\t\t\n\t\t\t\t\t\t\t\t                                    <a href=\"\/ca\/en\/document-media-recovery\/\"\n\t\t\t\t\t\t\t\t\t\t                                        class=\"link\">R\u00e9cup\u00e9ration de documents et de m\u00e9dias                                    <\/a>\n\t\t\t\t\t\t\t\t\n\t\t\t\t\t\t\t                        <\/li>\n\t\t\t\t\t                        <li>\n\t\t\t\t\t\t\t\n\t\t\t\t\t\t\t\t                                    <a href=\"\/ca\/en\/air-duct-cleaning\/\"\n\t\t\t\t\t\t\t\t\t\t                                        class=\"link\">Nettoyage Des Conduits D\u2019air                                    <\/a>\n\t\t\t\t\t\t\t\t\n\t\t\t\t\t\t\t                        <\/li>\n\t\t\t\t\t                        <li>\n\t\t\t\t\t\t\t\n\t\t\t\t\t\t\t\t                                    <a href=\"\/ca\/en\/contents-restoration\/\"\n\t\t\t\t\t\t\t\t\t\t                                        class=\"link\">Restauration du contenu                                    <\/a>\n\t\t\t\t\t\t\t\t\n\t\t\t\t\t\t\t                        <\/li>\n\t\t\t\t\t                        <li>\n\t\t\t\t\t\t\t\n\t\t\t\t\t\t\t\t                                    <a href=\"\/ca\/en\/electronics-restoration\/\"\n\t\t\t\t\t\t\t\t\t\t                                        class=\"link\">Restauration de l&#8217;\u00e9lectronique                                    <\/a>\n\t\t\t\t\t\t\t\t\n\t\t\t\t\t\t\t                        <\/li>\n\t\t\t\t\t                        <li>\n\t\t\t\t\t\t\t\n\t\t\t\t\t\t\t\t                                    <a href=\"\/ca\/en\/equipment-machinery-repair\/\"\n\t\t\t\t\t\t\t\t\t\t                                        class=\"link\">R\u00e9paration d&#8217;\u00e9quipement et de machines                                    <\/a>\n\t\t\t\t\t\t\t\t\n\t\t\t\t\t\t\t                        <\/li>\n\t\t\t\t\t                        <li>\n\t\t\t\t\t\t\t\n\t\t\t\t\t\t\t\t                                    <a href=\"\/ca\/en\/ultrasonic-cleaning\/\"\n\t\t\t\t\t\t\t\t\t\t                                        class=\"link\">Nettoyage par ultrasons                                    <\/a>\n\t\t\t\t\t\t\t\t\n\t\t\t\t\t\t\t                        <\/li>\n\t\t\t\t\t                        <li>\n\t\t\t\t\t\t\t\n\t\t\t\t\t\t\t\t                                    <a href=\"\/ca\/en\/semiconductor-services\/\"\n\t\t\t\t\t\t\t\t\t\t                                        class=\"link\">Services de semi-conducteurs                                    <\/a>\n\t\t\t\t\t\t\t\t\n\t\t\t\t\t\t\t                        <\/li>\n\t\t\t\t\t                        <li>\n\t\t\t\t\t\t\t\n\t\t\t\t\t\t\t\t                                    <a href=\"\/ca\/en\/environmental-services\/\"\n\t\t\t\t\t\t\t\t\t\t                                        class=\"link\">Services environnementaux                                    <\/a>\n\t\t\t\t\t\t\t\t\n\t\t\t\t\t\t\t                        <\/li>\n\t\t\t\t\t                        <li>\n\t\t\t\t\t\t\t\n\t\t\t\t\t\t\t\t                                    <a href=\"\/ca\/en\/consulting-services\/\"\n\t\t\t\t\t\t\t\t\t\t                                        class=\"link\">Services de conseil                                    <\/a>\n\t\t\t\t\t\t\t\t\n\t\t\t\t\t\t\t                        <\/li>\n\t\t\t\t\t                <\/ul>\n\t\t\t\n        <\/div>\n    <\/div>\n<\/div>\n\n\n<div class=\"m-block  mb-custom l-content-2\"  style='--margin-bottom: 5rem;'>\n\n\t\n\t\n\t<div class=\"m-block__container container\" style=\"\">\n\n\t\t<div class=\"l-dcbl l-dcbl-v1\">\n\n\t\t\t\n<div class=\"c-block order-default is-vertical\" style=\"--c-block-radius:0px; --c-block-gl: 0%;--c-block-gr: 0%;--c-block-gt: 0%;--c-block-gb: 0%;--columns-ratio: 100%;\">\n    <div class=\"c-block__col c-block__text text-left align-center\"\n         style=\"--c-txt-gl: 0%; --c-txt-gr: 0%; --c-txt-gt: 0%; --c-txt-gb: 0%;\">\n        <div class=\"c-block__inner\">\n\n\t\t\t                            <div class=\"c-block__text-image\">\n                    <div class=\"c-image\">\n                        <img decoding=\"async\" loading=\"lazy\" class=\"c-image__src\" src=\"https:\/\/www.belfor.com\/ca\/wp-content\/uploads\/sites\/22\/2024\/08\/pack-out_0.jpg\"\n                             alt=\"pack-out_0\"\n                             width=\"800\" height=\"490\"\n                        >\n                    <\/div>\n                <\/div>\n\t\t\t\n\t\t\t    <div class=\"c-heading -h2 \">\n\t\t\n\t\t\n\t\t\t\t\t<h2  class=\"c-heading__title\">Nous g\u00e9rons vos marchandises endommag\u00e9es<\/h2>\t\t\n\t\t    <\/div>\n    <div class=\"c-heading__description is-wysiwyg\">\n        <p>La restauration de contenu s&#8217;applique \u00e0 de nombreux types d&#8217;\u00e9l\u00e9ments susceptibles d&#8217;\u00eatre endommag\u00e9s apr\u00e8s un sinistre. Les services de restauration du contenu sont tout aussi importants dans la phase de reconstruction car ils incluent tout ce qui se trouve entre les quatre murs d&#8217;une propri\u00e9t\u00e9. Les \u00e9quipes de restauration de contenu de BELFOR savent \u00e0 quel point les objets sont pr\u00e9cieux pour nos clients et nos sp\u00e9cialistes savent comment g\u00e9rer le processus avec diligence. BELFOR a r\u00e9ussi \u00e0 r\u00e9cup\u00e9rer le contenu de nombreux types de propri\u00e9t\u00e9s, notamment : r\u00e9sidences priv\u00e9es, \u00e9coles et universit\u00e9s, h\u00f4tels, h\u00f4pitaux, mus\u00e9es, institutions financi\u00e8res, d\u00e9taillants nationaux, \u00e9piceries, fabricants de v\u00eatements, entrep\u00f4ts industriels, etc. Les services de restauration de dommages \u00e0 la maison peuvent \u00eatre tout aussi essentiels, surtout lorsqu\u2019il s\u2019agit de bien inventorier et de r\u00e9cup\u00e9rer des biens sentimentaux. Les \u00e9quipes de restauration de contenu de BELFOR vous pr\u00e9sentent, \u00e0 vous et \u00e0 votre repr\u00e9sentant d\u2019assurance, autant d\u2019options rentables que possible. Les proc\u00e9dures de restauration des dommages \u00e0 la maison sont personnalis\u00e9es pour r\u00e9pondre aux pr\u00e9f\u00e9rences de nos clients lors de la manipulation de leurs biens les plus pr\u00e9cieux. La division de restauration de contenu de BELFOR a d\u00e9velopp\u00e9 un syst\u00e8me d&#8217;inventaire \u00e9lectronique afin que le processus soit plus cl\u00e9 en main pour nos clients. Cette technologie permettant de gagner du temps permet un suivi plus pr\u00e9cis des articles et permet une plus grande transparence pour nos clients. Les services de restauration du contenu et de restauration des dommages \u00e0 la maison comprennent:          <\/p>\n<ul>\n<li>Emballage complet du contenu<\/li>\n<li>Services d&#8217;inventaire compatibles avec les codes-barres<\/li>\n<li>Stockage \u00e0 temp\u00e9rature contr\u00f4l\u00e9e jusqu&#8217;\u00e0 ce que l&#8217;installation soit pr\u00eate<\/li>\n<li>Restauration compl\u00e8te des actifs physiques, y compris:\n<ul>\n<li>Meubles de bonne qualit\u00e9<\/li>\n<li>Ameublement soft-good<\/li>\n<li>\u00c9lectronique<\/li>\n<li>Machinerie<\/li>\n<li>Actes d&#8217;\u00e9tat civil<\/li>\n<li>Inventaires<\/li>\n<li>Mati\u00e8res premi\u00e8res<\/li>\n<li>Restauration des beaux-arts<\/li>\n<li>Mat\u00e9riel de bureau<\/li>\n<\/ul>\n<\/li>\n<\/ul>\n<ul role=\"list\">\n<li data-id=\"menu_link_content:19be6b9c-c5a5-455c-a60c-739a6b810a7b\" data-level=\"1\" data-type=\"menu_item\" data-class=\"\" data-xicon=\"\" data-caption=\"\" data-alignsub=\"\" data-group=\"0\" data-hidewcol=\"0\" data-hidesub=\"0\" data-label=\"\">\n<\/li>\n<\/ul>\n    <\/div>\n\t\t\t\t\t\t        <\/div>\n    <\/div>\n\t<\/div>\n\n\t\t<\/div>\n\n\t<\/div>\n\n\t\n<\/div>\n\n\n\t<\/div>\n<\/div>\n<div class=\"m-wrapper  gt mb-custom bg-cover bg-center bg-no-repeat -version-3 container-fluid\" style='--margin-bottom: 32.5rem;background-image: url(https:\/\/www.belfor.com\/ca\/wp-content\/uploads\/sites\/22\/2024\/07\/many-people.jpg);'>\n\n\t\n\t\n\t<div class=\"m-wrapper__inner\">\n\t\t\n<div class=\"m-block  gt gb -version-3 l-content-simple-1\"  style='--l-container-width: 83rem;'>\n\n\t\n\t\n\t<div class=\"m-block__container container-custom\" style=\"--l-container-width: 83rem\">\n\n\t\t<div class=\"l-heading text-left l-heading-v1\">\n\n\t\t\t    <div class=\"c-heading -h2 \">\n\t\t\n\t\t            <div class=\"c-heading__pre\" >\n\t\t\t\tIci pour vous aider lorsque vous en avez le plus besoin            <\/div>\n\t\t\n\t\t\t\t\t<h2  class=\"c-heading__title\">Professionnels d\u00e9vou\u00e9s \u00e0 temps plein<\/h2>\t\t\n\t\t    <\/div>\n    <div class=\"c-heading__description is-wysiwyg\">\n        <p><strong>Nous serons \u00e0 vos c\u00f4t\u00e9s pour assurer un r\u00e9tablissement complet.<\/strong><\/p>\n    <\/div>\n\n\t\t\t\t    <div class=\"c-block__btn\">\n\t\t\n\t\t\t<a href=\"\/ca\/en\/contact\/\"  class=\"c-btn -normal -primary has-icon icon-right \"><div class=\"label-up\"><span class=\"c-btn__txt\"> Demander de l&#8217;aide<\/span><span class=\"c-btn__ico\"><svg width=\"30\" height=\"30\" class=\"icon icon-lib-icon-arrow4 \" aria-hidden=\"true\" role=\"img\"><use xlink:href=\"#lib-icon-arrow4\"><\/use><\/svg><\/span><\/div><div class=\"label-up\"><span class=\"c-btn__txt\"> Demander de l&#8217;aide<\/span><span class=\"c-btn__ico\"><svg width=\"30\" height=\"30\" class=\"icon icon-lib-icon-arrow4 \" aria-hidden=\"true\" role=\"img\"><use xlink:href=\"#lib-icon-arrow4\"><\/use><\/svg><\/span><\/div><\/a>\n\t\t    <\/div>\n\t\n\t\t<\/div>\n\n\t<\/div>\n\n\t\n<\/div>\n\n\n\t<\/div>\n<\/div>\n<div class=\"m-wrapper  gt gb container-fluid\" >\n\n\t\n\t\n\t<div class=\"m-wrapper__inner\">\n\t\t\n<div class=\"m-block  gb-s --ersion-5 l-content-simple-1\"  >\n\n\t\n\t\n\t<div class=\"m-block__container container\" style=\"\">\n\n\t\t<div class=\"l-heading text-left l-heading-v2\">\n\n\t\t\t    <div class=\"c-heading -h2 \">\n\t\t\n\t\t\n\t\t\t\t\t<h3  class=\"c-heading__title\">Informations connexes<\/h3>\t\t\n\t\t    <\/div>\n\n\t\t\t\t    <div class=\"c-block__btn\">\n\t\t\n\t\t\t<a href=\"\/us\/resources\/\"  class=\"c-btn -normal -link \"><span class=\"c-btn__txt\">Tout afficher<\/span><\/a>\n\t\t    <\/div>\n\t\n\t\t<\/div>\n\n\t<\/div>\n\n\t\n<\/div>\n\n\n<div class=\"m-posts \"  >\n\n\t\n\t\n\t<div class=\"m-posts__container container\" style=\"\">\n\t\t<div class=\"m-posts__inner\">\n\t\t\t<div class=\"l-rcbl l-posts l-posts-v1\" style=\"--l-block-col: 3; --l-block-gap: 20px\">\n\n\t\t\t\t\t\t\t\t\t\n\t\t\t\t\t\n\n\t\t\t\t\t\n\t\t\t\t\n\t\t\t<\/div>\n\t\t<\/div>\n\t<\/div>\n<\/div>\n\n\n<div class=\"m-block  gb i--mobile l-content-simple-1\"  >\n\n\t\n\t\n\t<div class=\"m-block__container container\" style=\"\">\n\n\t\t<div class=\"l-heading text-center l-heading-v1\">\n\n\t\t\t\n\t\t\t\t    <div class=\"c-block__btn\">\n\t\t\n\t\t\t<a href=\"\/us\/resources\/\"  class=\"c-btn -normal -link has-icon icon-right \"><span class=\"c-btn__txt\">Tout afficher<\/span><span class=\"c-btn__ico\"><svg width=\"30\" height=\"30\" class=\"icon icon-lib-icon-arrow1 \" aria-hidden=\"true\" role=\"img\"><use xlink:href=\"#lib-icon-arrow1\"><\/use><\/svg><\/span><\/a>\n\t\t    <\/div>\n\t\n\t\t<\/div>\n\n\t<\/div>\n\n\t\n<\/div>\n\n\n\t<\/div>\n<\/div>\n","protected":false},"excerpt":{"rendered":"","protected":false},"author":10,"featured_media":536,"parent":0,"menu_order":0,"comment_status":"closed","ping_status":"closed","template":"","meta":{"_acf_changed":false,"inline_featured_image":false,"footnotes":""},"class_list":["post-1005","page","type-page","status-publish","has-post-thumbnail","hentry"],"acf":[],"yoast_head":"<!-- This site is optimized with the Yoast SEO plugin v27.3 - https:\/\/yoast.com\/product\/yoast-seo-wordpress\/ -->\n<title>Restauration du contenu - BELFOR Property Restoration - Canada<\/title>\n<meta name=\"robots\" content=\"index, follow, max-snippet:-1, max-image-preview:large, max-video-preview:-1\" \/>\n<link rel=\"canonical\" href=\"https:\/\/www.belfor.com\/ca\/fr\/restauration-du-contenu\/\" \/>\n<meta property=\"og:locale\" content=\"fr_FR\" \/>\n<meta property=\"og:type\" content=\"article\" \/>\n<meta property=\"og:title\" content=\"Restauration du contenu - BELFOR Property Restoration - Canada\" \/>\n<meta property=\"og:url\" content=\"https:\/\/www.belfor.com\/ca\/fr\/restauration-du-contenu\/\" \/>\n<meta property=\"og:site_name\" content=\"BELFOR Property Restoration - Canada\" \/>\n<meta property=\"article:modified_time\" content=\"2024-09-17T19:29:12+00:00\" \/>\n<meta property=\"og:image\" content=\"https:\/\/www.belfor.com\/ca\/wp-content\/uploads\/sites\/22\/2024\/08\/pack-out_0.jpg\" \/>\n\t<meta property=\"og:image:width\" content=\"800\" \/>\n\t<meta property=\"og:image:height\" content=\"490\" \/>\n\t<meta property=\"og:image:type\" content=\"image\/jpeg\" \/>\n<meta name=\"twitter:card\" content=\"summary_large_image\" \/>\n<script type=\"application\/ld+json\" class=\"yoast-schema-graph\">{\"@context\":\"https:\\\/\\\/schema.org\",\"@graph\":[{\"@type\":\"WebPage\",\"@id\":\"https:\\\/\\\/www.belfor.com\\\/ca\\\/fr\\\/restauration-du-contenu\\\/\",\"url\":\"https:\\\/\\\/www.belfor.com\\\/ca\\\/fr\\\/restauration-du-contenu\\\/\",\"name\":\"Restauration du contenu - BELFOR Property Restoration - Canada\",\"isPartOf\":{\"@id\":\"https:\\\/\\\/www.belfor.com\\\/ca\\\/fr\\\/#website\"},\"primaryImageOfPage\":{\"@id\":\"https:\\\/\\\/www.belfor.com\\\/ca\\\/fr\\\/restauration-du-contenu\\\/#primaryimage\"},\"image\":{\"@id\":\"https:\\\/\\\/www.belfor.com\\\/ca\\\/fr\\\/restauration-du-contenu\\\/#primaryimage\"},\"thumbnailUrl\":\"https:\\\/\\\/www.belfor.com\\\/ca\\\/wp-content\\\/uploads\\\/sites\\\/22\\\/2024\\\/08\\\/pack-out_0.jpg\",\"datePublished\":\"2024-08-27T00:01:59+00:00\",\"dateModified\":\"2024-09-17T19:29:12+00:00\",\"breadcrumb\":{\"@id\":\"https:\\\/\\\/www.belfor.com\\\/ca\\\/fr\\\/restauration-du-contenu\\\/#breadcrumb\"},\"inLanguage\":\"fr-FR\",\"potentialAction\":[{\"@type\":\"ReadAction\",\"target\":[\"https:\\\/\\\/www.belfor.com\\\/ca\\\/fr\\\/restauration-du-contenu\\\/\"]}]},{\"@type\":\"ImageObject\",\"inLanguage\":\"fr-FR\",\"@id\":\"https:\\\/\\\/www.belfor.com\\\/ca\\\/fr\\\/restauration-du-contenu\\\/#primaryimage\",\"url\":\"https:\\\/\\\/www.belfor.com\\\/ca\\\/wp-content\\\/uploads\\\/sites\\\/22\\\/2024\\\/08\\\/pack-out_0.jpg\",\"contentUrl\":\"https:\\\/\\\/www.belfor.com\\\/ca\\\/wp-content\\\/uploads\\\/sites\\\/22\\\/2024\\\/08\\\/pack-out_0.jpg\",\"width\":800,\"height\":490},{\"@type\":\"BreadcrumbList\",\"@id\":\"https:\\\/\\\/www.belfor.com\\\/ca\\\/fr\\\/restauration-du-contenu\\\/#breadcrumb\",\"itemListElement\":[{\"@type\":\"ListItem\",\"position\":1,\"name\":\"Home\",\"item\":\"https:\\\/\\\/www.belfor.com\\\/ca\\\/fr\\\/page-daccueil\\\/\"},{\"@type\":\"ListItem\",\"position\":2,\"name\":\"Restauration du contenu\"}]},{\"@type\":\"WebSite\",\"@id\":\"https:\\\/\\\/www.belfor.com\\\/ca\\\/fr\\\/#website\",\"url\":\"https:\\\/\\\/www.belfor.com\\\/ca\\\/fr\\\/\",\"name\":\"BELFOR Property Restoration - Canada\",\"description\":\"\",\"potentialAction\":[{\"@type\":\"SearchAction\",\"target\":{\"@type\":\"EntryPoint\",\"urlTemplate\":\"https:\\\/\\\/www.belfor.com\\\/ca\\\/fr\\\/?s={search_term_string}\"},\"query-input\":{\"@type\":\"PropertyValueSpecification\",\"valueRequired\":true,\"valueName\":\"search_term_string\"}}],\"inLanguage\":\"fr-FR\"}]}<\/script>\n<!-- \/ Yoast SEO plugin. -->","yoast_head_json":{"title":"Restauration du contenu - BELFOR Property Restoration - Canada","robots":{"index":"index","follow":"follow","max-snippet":"max-snippet:-1","max-image-preview":"max-image-preview:large","max-video-preview":"max-video-preview:-1"},"canonical":"https:\/\/www.belfor.com\/ca\/fr\/restauration-du-contenu\/","og_locale":"fr_FR","og_type":"article","og_title":"Restauration du contenu - BELFOR Property Restoration - Canada","og_url":"https:\/\/www.belfor.com\/ca\/fr\/restauration-du-contenu\/","og_site_name":"BELFOR Property Restoration - Canada","article_modified_time":"2024-09-17T19:29:12+00:00","og_image":[{"width":800,"height":490,"url":"https:\/\/www.belfor.com\/ca\/wp-content\/uploads\/sites\/22\/2024\/08\/pack-out_0.jpg","type":"image\/jpeg"}],"twitter_card":"summary_large_image","schema":{"@context":"https:\/\/schema.org","@graph":[{"@type":"WebPage","@id":"https:\/\/www.belfor.com\/ca\/fr\/restauration-du-contenu\/","url":"https:\/\/www.belfor.com\/ca\/fr\/restauration-du-contenu\/","name":"Restauration du contenu - BELFOR Property Restoration - Canada","isPartOf":{"@id":"https:\/\/www.belfor.com\/ca\/fr\/#website"},"primaryImageOfPage":{"@id":"https:\/\/www.belfor.com\/ca\/fr\/restauration-du-contenu\/#primaryimage"},"image":{"@id":"https:\/\/www.belfor.com\/ca\/fr\/restauration-du-contenu\/#primaryimage"},"thumbnailUrl":"https:\/\/www.belfor.com\/ca\/wp-content\/uploads\/sites\/22\/2024\/08\/pack-out_0.jpg","datePublished":"2024-08-27T00:01:59+00:00","dateModified":"2024-09-17T19:29:12+00:00","breadcrumb":{"@id":"https:\/\/www.belfor.com\/ca\/fr\/restauration-du-contenu\/#breadcrumb"},"inLanguage":"fr-FR","potentialAction":[{"@type":"ReadAction","target":["https:\/\/www.belfor.com\/ca\/fr\/restauration-du-contenu\/"]}]},{"@type":"ImageObject","inLanguage":"fr-FR","@id":"https:\/\/www.belfor.com\/ca\/fr\/restauration-du-contenu\/#primaryimage","url":"https:\/\/www.belfor.com\/ca\/wp-content\/uploads\/sites\/22\/2024\/08\/pack-out_0.jpg","contentUrl":"https:\/\/www.belfor.com\/ca\/wp-content\/uploads\/sites\/22\/2024\/08\/pack-out_0.jpg","width":800,"height":490},{"@type":"BreadcrumbList","@id":"https:\/\/www.belfor.com\/ca\/fr\/restauration-du-contenu\/#breadcrumb","itemListElement":[{"@type":"ListItem","position":1,"name":"Home","item":"https:\/\/www.belfor.com\/ca\/fr\/page-daccueil\/"},{"@type":"ListItem","position":2,"name":"Restauration du contenu"}]},{"@type":"WebSite","@id":"https:\/\/www.belfor.com\/ca\/fr\/#website","url":"https:\/\/www.belfor.com\/ca\/fr\/","name":"BELFOR Property Restoration - Canada","description":"","potentialAction":[{"@type":"SearchAction","target":{"@type":"EntryPoint","urlTemplate":"https:\/\/www.belfor.com\/ca\/fr\/?s={search_term_string}"},"query-input":{"@type":"PropertyValueSpecification","valueRequired":true,"valueName":"search_term_string"}}],"inLanguage":"fr-FR"}]}},"_links":{"self":[{"href":"https:\/\/www.belfor.com\/ca\/fr\/wp-json\/wp\/v2\/pages\/1005","targetHints":{"allow":["GET"]}}],"collection":[{"href":"https:\/\/www.belfor.com\/ca\/fr\/wp-json\/wp\/v2\/pages"}],"about":[{"href":"https:\/\/www.belfor.com\/ca\/fr\/wp-json\/wp\/v2\/types\/page"}],"author":[{"embeddable":true,"href":"https:\/\/www.belfor.com\/ca\/fr\/wp-json\/wp\/v2\/users\/10"}],"replies":[{"embeddable":true,"href":"https:\/\/www.belfor.com\/ca\/fr\/wp-json\/wp\/v2\/comments?post=1005"}],"version-history":[{"count":1,"href":"https:\/\/www.belfor.com\/ca\/fr\/wp-json\/wp\/v2\/pages\/1005\/revisions"}],"predecessor-version":[{"id":1006,"href":"https:\/\/www.belfor.com\/ca\/fr\/wp-json\/wp\/v2\/pages\/1005\/revisions\/1006"}],"wp:featuredmedia":[{"embeddable":true,"href":"https:\/\/www.belfor.com\/ca\/fr\/wp-json\/wp\/v2\/media\/536"}],"wp:attachment":[{"href":"https:\/\/www.belfor.com\/ca\/fr\/wp-json\/wp\/v2\/media?parent=1005"}],"curies":[{"name":"wp","href":"https:\/\/api.w.org\/{rel}","templated":true}]}}