{"id":926,"date":"2024-06-05T10:12:27","date_gmt":"2024-06-05T08:12:27","guid":{"rendered":"https:\/\/www.belfor.com\/be\/?page_id=926"},"modified":"2026-02-25T15:12:20","modified_gmt":"2026-02-25T13:12:20","slug":"contact-fr","status":"publish","type":"page","link":"https:\/\/www.belfor.com\/be\/fr\/contact-fr\/","title":{"rendered":"Contact"},"content":{"rendered":"\n<p>BELFOR (Belgium) NV\/SA<br>Molenberglei 3<br>2627 Schelle<br><br>T\u00e9l\u00e9phone: +32 3 870 50 40<\/p>\n\n\n\n<p>E-Mail:&nbsp;<a href=\"mailto:info@be.belfor.com\">info@be.belfor.com<\/a><br>Internet:&nbsp;<a href=\"https:\/\/www.belfor.com\/fr\/be\">https:\/\/www.belfor.com\/fr\/be<\/a><br><br>(Belgi\u00eb) NV \/ SA est est repr\u00e9sent\u00e9e par ses directeurs g\u00e9n\u00e9raux Patrick Loncke et Conor Roche.<br><br>Banque Carrefour des Entreprises<br>Num\u00e9ro d&#8217;inscription: 0045743902<br>Num\u00e9ro d&#8217;inscription: 0045743902<br>Num\u00e9ro de TVA: BE 0445743902<br><br>Avertissement: Malgr\u00e9 un contr\u00f4le minutieux du contenu, nous n&#8217;assumons aucune responsabilit\u00e9 pour le contenu des liens externes. Le contenu des pages li\u00e9es est la seule responsabilit\u00e9 de leurs op\u00e9rateurs.<\/p>\n\n\n\n<p><\/p>\n","protected":false},"excerpt":{"rendered":"<p>BELFOR (Belgium) NV\/SAMolenberglei 32627 Schelle T\u00e9l\u00e9phone: +32 3 870 50 40 E-Mail:&nbsp;info@be.belfor.comInternet:&nbsp;https:\/\/www.belfor.com\/fr\/be (Belgi\u00eb) NV \/ SA est est repr\u00e9sent\u00e9e par ses directeurs g\u00e9n\u00e9raux Patrick Loncke et Conor Roche. Banque Carrefour des EntreprisesNum\u00e9ro d&#8217;inscription: 0045743902Num\u00e9ro d&#8217;inscription: 0045743902Num\u00e9ro de TVA: BE 0445743902 Avertissement: Malgr\u00e9 un contr\u00f4le minutieux du contenu, nous n&#8217;assumons aucune responsabilit\u00e9 pour le contenu des&#8230;<\/p>\n","protected":false},"author":7,"featured_media":0,"parent":0,"menu_order":8,"comment_status":"closed","ping_status":"closed","template":"templates\/template-simple-text.php","meta":{"_acf_changed":false,"inline_featured_image":false,"footnotes":""},"class_list":["post-926","page","type-page","status-publish","hentry"],"acf":[],"yoast_head":"<!-- This site is optimized with the Yoast SEO plugin v27.4 - https:\/\/yoast.com\/product\/yoast-seo-wordpress\/ -->\n<title>Contact - Belfor Belgium<\/title>\n<meta name=\"robots\" content=\"index, follow, max-snippet:-1, max-image-preview:large, max-video-preview:-1\" \/>\n<link rel=\"canonical\" href=\"https:\/\/www.belfor.com\/be\/fr\/contact-fr\/\" \/>\n<meta property=\"og:locale\" content=\"fr_FR\" \/>\n<meta property=\"og:type\" content=\"article\" \/>\n<meta property=\"og:title\" content=\"Contact - Belfor Belgium\" \/>\n<meta property=\"og:description\" content=\"BELFOR (Belgium) NV\/SAMolenberglei 32627 Schelle T\u00e9l\u00e9phone: +32 3 870 50 40 E-Mail:&nbsp;info@be.belfor.comInternet:&nbsp;https:\/\/www.belfor.com\/fr\/be (Belgi\u00eb) NV \/ SA est est repr\u00e9sent\u00e9e par ses directeurs g\u00e9n\u00e9raux Patrick Loncke et Conor Roche. Banque Carrefour des EntreprisesNum\u00e9ro d&#8217;inscription: 0045743902Num\u00e9ro d&#8217;inscription: 0045743902Num\u00e9ro de TVA: BE 0445743902 Avertissement: Malgr\u00e9 un contr\u00f4le minutieux du contenu, nous n&#8217;assumons aucune responsabilit\u00e9 pour le contenu des...\" \/>\n<meta property=\"og:url\" content=\"https:\/\/www.belfor.com\/be\/fr\/contact-fr\/\" \/>\n<meta property=\"og:site_name\" content=\"Belfor Belgium\" \/>\n<meta property=\"article:modified_time\" content=\"2026-02-25T13:12:20+00:00\" \/>\n<meta name=\"twitter:card\" content=\"summary_large_image\" \/>\n<script type=\"application\/ld+json\" class=\"yoast-schema-graph\">{\"@context\":\"https:\\\/\\\/schema.org\",\"@graph\":[{\"@type\":\"WebPage\",\"@id\":\"https:\\\/\\\/www.belfor.com\\\/be\\\/fr\\\/contact-fr\\\/\",\"url\":\"https:\\\/\\\/www.belfor.com\\\/be\\\/fr\\\/contact-fr\\\/\",\"name\":\"Contact - Belfor Belgium\",\"isPartOf\":{\"@id\":\"https:\\\/\\\/www.belfor.com\\\/be\\\/fr\\\/#website\"},\"datePublished\":\"2024-06-05T08:12:27+00:00\",\"dateModified\":\"2026-02-25T13:12:20+00:00\",\"breadcrumb\":{\"@id\":\"https:\\\/\\\/www.belfor.com\\\/be\\\/fr\\\/contact-fr\\\/#breadcrumb\"},\"inLanguage\":\"fr-FR\",\"potentialAction\":[{\"@type\":\"ReadAction\",\"target\":[\"https:\\\/\\\/www.belfor.com\\\/be\\\/fr\\\/contact-fr\\\/\"]}]},{\"@type\":\"BreadcrumbList\",\"@id\":\"https:\\\/\\\/www.belfor.com\\\/be\\\/fr\\\/contact-fr\\\/#breadcrumb\",\"itemListElement\":[{\"@type\":\"ListItem\",\"position\":1,\"name\":\"Home\",\"item\":\"https:\\\/\\\/www.belfor.com\\\/be\\\/fr\\\/home\\\/\"},{\"@type\":\"ListItem\",\"position\":2,\"name\":\"Contact\"}]},{\"@type\":\"WebSite\",\"@id\":\"https:\\\/\\\/www.belfor.com\\\/be\\\/fr\\\/#website\",\"url\":\"https:\\\/\\\/www.belfor.com\\\/be\\\/fr\\\/\",\"name\":\"BELFOR Belgium\",\"description\":\"\",\"potentialAction\":[{\"@type\":\"SearchAction\",\"target\":{\"@type\":\"EntryPoint\",\"urlTemplate\":\"https:\\\/\\\/www.belfor.com\\\/be\\\/fr\\\/?s={search_term_string}\"},\"query-input\":{\"@type\":\"PropertyValueSpecification\",\"valueRequired\":true,\"valueName\":\"search_term_string\"}}],\"inLanguage\":\"fr-FR\"}]}<\/script>\n<!-- \/ Yoast SEO plugin. -->","yoast_head_json":{"title":"Contact - Belfor Belgium","robots":{"index":"index","follow":"follow","max-snippet":"max-snippet:-1","max-image-preview":"max-image-preview:large","max-video-preview":"max-video-preview:-1"},"canonical":"https:\/\/www.belfor.com\/be\/fr\/contact-fr\/","og_locale":"fr_FR","og_type":"article","og_title":"Contact - Belfor Belgium","og_description":"BELFOR (Belgium) NV\/SAMolenberglei 32627 Schelle T\u00e9l\u00e9phone: +32 3 870 50 40 E-Mail:&nbsp;info@be.belfor.comInternet:&nbsp;https:\/\/www.belfor.com\/fr\/be (Belgi\u00eb) NV \/ SA est est repr\u00e9sent\u00e9e par ses directeurs g\u00e9n\u00e9raux Patrick Loncke et Conor Roche. Banque Carrefour des EntreprisesNum\u00e9ro d&#8217;inscription: 0045743902Num\u00e9ro d&#8217;inscription: 0045743902Num\u00e9ro de TVA: BE 0445743902 Avertissement: Malgr\u00e9 un contr\u00f4le minutieux du contenu, nous n&#8217;assumons aucune responsabilit\u00e9 pour le contenu des...","og_url":"https:\/\/www.belfor.com\/be\/fr\/contact-fr\/","og_site_name":"Belfor Belgium","article_modified_time":"2026-02-25T13:12:20+00:00","twitter_card":"summary_large_image","schema":{"@context":"https:\/\/schema.org","@graph":[{"@type":"WebPage","@id":"https:\/\/www.belfor.com\/be\/fr\/contact-fr\/","url":"https:\/\/www.belfor.com\/be\/fr\/contact-fr\/","name":"Contact - Belfor Belgium","isPartOf":{"@id":"https:\/\/www.belfor.com\/be\/fr\/#website"},"datePublished":"2024-06-05T08:12:27+00:00","dateModified":"2026-02-25T13:12:20+00:00","breadcrumb":{"@id":"https:\/\/www.belfor.com\/be\/fr\/contact-fr\/#breadcrumb"},"inLanguage":"fr-FR","potentialAction":[{"@type":"ReadAction","target":["https:\/\/www.belfor.com\/be\/fr\/contact-fr\/"]}]},{"@type":"BreadcrumbList","@id":"https:\/\/www.belfor.com\/be\/fr\/contact-fr\/#breadcrumb","itemListElement":[{"@type":"ListItem","position":1,"name":"Home","item":"https:\/\/www.belfor.com\/be\/fr\/home\/"},{"@type":"ListItem","position":2,"name":"Contact"}]},{"@type":"WebSite","@id":"https:\/\/www.belfor.com\/be\/fr\/#website","url":"https:\/\/www.belfor.com\/be\/fr\/","name":"BELFOR Belgium","description":"","potentialAction":[{"@type":"SearchAction","target":{"@type":"EntryPoint","urlTemplate":"https:\/\/www.belfor.com\/be\/fr\/?s={search_term_string}"},"query-input":{"@type":"PropertyValueSpecification","valueRequired":true,"valueName":"search_term_string"}}],"inLanguage":"fr-FR"}]}},"_links":{"self":[{"href":"https:\/\/www.belfor.com\/be\/fr\/wp-json\/wp\/v2\/pages\/926","targetHints":{"allow":["GET"]}}],"collection":[{"href":"https:\/\/www.belfor.com\/be\/fr\/wp-json\/wp\/v2\/pages"}],"about":[{"href":"https:\/\/www.belfor.com\/be\/fr\/wp-json\/wp\/v2\/types\/page"}],"author":[{"embeddable":true,"href":"https:\/\/www.belfor.com\/be\/fr\/wp-json\/wp\/v2\/users\/7"}],"replies":[{"embeddable":true,"href":"https:\/\/www.belfor.com\/be\/fr\/wp-json\/wp\/v2\/comments?post=926"}],"version-history":[{"count":4,"href":"https:\/\/www.belfor.com\/be\/fr\/wp-json\/wp\/v2\/pages\/926\/revisions"}],"predecessor-version":[{"id":3140,"href":"https:\/\/www.belfor.com\/be\/fr\/wp-json\/wp\/v2\/pages\/926\/revisions\/3140"}],"wp:attachment":[{"href":"https:\/\/www.belfor.com\/be\/fr\/wp-json\/wp\/v2\/media?parent=926"}],"curies":[{"name":"wp","href":"https:\/\/api.w.org\/{rel}","templated":true}]}}