{"id":844,"date":"2024-05-27T16:08:15","date_gmt":"2024-05-27T14:08:15","guid":{"rendered":"https:\/\/www.belfor.com\/be\/?page_id=844"},"modified":"2025-11-13T13:49:31","modified_gmt":"2025-11-13T11:49:31","slug":"contacter","status":"publish","type":"page","link":"https:\/\/www.belfor.com\/be\/fr\/contacter\/","title":{"rendered":"Contacter"},"content":{"rendered":"<div class=\"m-block  gt gb-s -pre-title-has-decor l-content-simple-1\"  style='--l-container-width: 144rem;'>\n\n\t\n\t\n\t<div class=\"m-block__container container-custom\" style=\"--l-container-width: 144rem\">\n\n\t\t<div class=\"l-heading text-left l-heading-v3\">\n\n\t\t\t    <div class=\"c-heading -h2 \">\n\t\t\n\t\t            <div class=\"c-heading__pre\" >\n\t\t\t\tBELFOR est \u00e0 vos c\u00f4t\u00e9s            <\/div>\n\t\t\n\t\t\t\t\t<h1  class=\"c-heading__title\">Contacter BELFOR<\/h1>\t\t\n\t\t    <\/div>\n\n\t\t\t\n\t\t<\/div>\n\n\t<\/div>\n\n\t\n<\/div>\n\n\n<div class=\"m-block  gt-s gb -version-2 l-content-1\"  style='--l-container-width: 144rem;'>\n\n\t\n\t\n\t<div class=\"m-block__container container-custom\"\n\t\tstyle=\"--l-container-width: 144rem\">\n\n\t\t<div class=\"l-rcbl l-rcbl-v1\"\n\t\t\tstyle=\"--l-block-col: 3;--l-block-gap-vertical: 20px;--l-block-gap-horizontal: 20px;\">\n\n\t\t\t\n\t\t\t\t\t\t\t\t\t<div class=\"l-rcbl__col\">\n\t\t\t\t\t\t\n<article class=\"c-block  c-block-v1 is-vertical text-left align-top has-border\" style=\"--c-block-gap-vertical:30px;--c-block-gap-horizontal:50px;--c-block-border-width:1px;--c-block-border-color:#c0c0c0;\">\n\n\t\n\t\n\t        <div class=\"c-block__body\" >\n\n\t\t\t\n\t\t\t\t\t\t\t<h2  class=\"c-block__title\">Rapport de dommages en ligne<\/h2>\t\t\t\n\t\t\t                <div class=\"c-block__description\">\n\t\t\t\t\t<p>Les sinistres sont souvent une surprise. Ce qui compte maintenant, c&#8217;est de r\u00e9agir rapidement et de prendre les bonnes mesures.<\/p>\n                <\/div>\n\t\t\t\n\t\t\t\t\t\t\t\t    <div class=\"c-block__btn\">\n\t\t\n\t\t\t<a href=\"\/be\/fr\/contacter\/rapport-sur-les-dommages\/\"  class=\"c-btn -normal -primary has-icon icon-right \"><div class=\"label-up\"><span class=\"c-btn__txt\">Signaler un dommage<\/span><span class=\"c-btn__ico\"><svg width=\"30\" height=\"30\" class=\"icon icon-lib-icon-arrow4 \" aria-hidden=\"true\" role=\"img\"><use xlink:href=\"#lib-icon-arrow4\"><\/use><\/svg><\/span><\/div><div class=\"label-up\"><span class=\"c-btn__txt\">Signaler un dommage<\/span><span class=\"c-btn__ico\"><svg width=\"30\" height=\"30\" class=\"icon icon-lib-icon-arrow4 \" aria-hidden=\"true\" role=\"img\"><use xlink:href=\"#lib-icon-arrow4\"><\/use><\/svg><\/span><\/div><\/a>\n\t\t    <\/div>\n\t\t\t\t\n        <\/div>\n\t\n<\/article>\n\t\t\t\t\t<\/div>\n\t\t\t\t\t\t\t\t\t\t<div class=\"l-rcbl__col\">\n\t\t\t\t\t\t\n<article class=\"c-block  c-block-v1 is-vertical text-left align-top has-border\" style=\"--c-block-gap-vertical:30px;--c-block-gap-horizontal:50px;--c-block-border-width:1px;--c-block-border-color:#c0c0c0;\">\n\n\t\n\t\n\t        <div class=\"c-block__body\" >\n\n\t\t\t\n\t\t\t\t\t\t\t<h2  class=\"c-block__title\">Avez-vous des questions?<\/h2>\t\t\t\n\t\t\t                <div class=\"c-block__description\">\n\t\t\t\t\t<p>Faites-nous part de votre demande !<\/p>\n                <\/div>\n\t\t\t\n\t\t\t\t\t\t\t\t    <div class=\"c-block__btn\">\n\t\t\n\t\t\t<a href=\"\/be\/fr\/contacter\/formulaire-de-contact\/\"  class=\"c-btn -normal -primary has-icon icon-right \"><div class=\"label-up\"><span class=\"c-btn__txt\">Formulaire de contact<\/span><span class=\"c-btn__ico\"><svg width=\"30\" height=\"30\" class=\"icon icon-lib-icon-arrow4 \" aria-hidden=\"true\" role=\"img\"><use xlink:href=\"#lib-icon-arrow4\"><\/use><\/svg><\/span><\/div><div class=\"label-up\"><span class=\"c-btn__txt\">Formulaire de contact<\/span><span class=\"c-btn__ico\"><svg width=\"30\" height=\"30\" class=\"icon icon-lib-icon-arrow4 \" aria-hidden=\"true\" role=\"img\"><use xlink:href=\"#lib-icon-arrow4\"><\/use><\/svg><\/span><\/div><\/a>\n\t\t    <\/div>\n\t\t\t\t\n        <\/div>\n\t\n<\/article>\n\t\t\t\t\t<\/div>\n\t\t\t\t\t\t\t\t\t\t<div class=\"l-rcbl__col\">\n\t\t\t\t\t\t\n<article class=\"c-block  c-block-v1 is-vertical text-left align-top has-border\" style=\"--c-block-gap-vertical:30px;--c-block-gap-horizontal:50px;--c-block-border-width:1px;--c-block-border-color:#c0c0c0;\">\n\n\t\n\t\n\t        <div class=\"c-block__body\" >\n\n\t\t\t\n\t\t\t\t\t\t\t<h2  class=\"c-block__title\">Code de conduite et de notification conform\u00e9ment \u00e0 la l\u00e9gislation europ\u00e9enne sur les lanceurs d\u2019alerte<\/h2>\t\t\t\n\t\t\t                <div class=\"c-block__description\">\n\t\t\t\t\t<p>Soumettre un signalement<\/p>\n                <\/div>\n\t\t\t\n\t\t\t\t\t\t\t\t    <div class=\"c-block__btn\">\n\t\t\n\t\t\t<a href=\"\/be\/fr\/code-de-conduite-et-de-notification-conformement-a-la-legislation-europeenne-sur-les-lanceurs-dalerte\/\"  class=\"c-btn -normal -primary has-icon icon-right \"><div class=\"label-up\"><span class=\"c-btn__txt\">Formulaire de signalement<\/span><span class=\"c-btn__ico\"><svg width=\"30\" height=\"30\" class=\"icon icon-lib-icon-arrow4 \" aria-hidden=\"true\" role=\"img\"><use xlink:href=\"#lib-icon-arrow4\"><\/use><\/svg><\/span><\/div><div class=\"label-up\"><span class=\"c-btn__txt\">Formulaire de signalement<\/span><span class=\"c-btn__ico\"><svg width=\"30\" height=\"30\" class=\"icon icon-lib-icon-arrow4 \" aria-hidden=\"true\" role=\"img\"><use xlink:href=\"#lib-icon-arrow4\"><\/use><\/svg><\/span><\/div><\/a>\n\t\t    <\/div>\n\t\t\t\t\n        <\/div>\n\t\n<\/article>\n\t\t\t\t\t<\/div>\n\t\t\t\t\t\n\t\t\t\t\t<\/div>\n\n\t<\/div>\n\n\t\n<\/div>\n\n\n<div class=\"m-block  gt gb -version-1 l-content-simple-1\"  >\n\n\t\n\t\n\t<div class=\"m-block__container container\" style=\"\">\n\n\t\t<div class=\"l-heading text-center l-heading-v1\">\n\n\t\t\t    <div class=\"c-heading -h2 \">\n\t\t\n\t\t\n\t\t\t\t\t<h2  class=\"c-heading__title\">Votre personne de contact<\/h2>\t\t\n\t\t    <\/div>\n\n\t\t\t\t    <div class=\"c-block__btn\">\n\t\t\n\t\t\t<a href=\"https:\/\/www.belfor.com\/be\/fr\/a-propos-de-nous\/team\/\"  class=\"c-btn -normal -primary has-icon icon-right \"><div class=\"label-up\"><span class=\"c-btn__txt\">Cliquez ici<\/span><span class=\"c-btn__ico\"><svg width=\"30\" height=\"30\" class=\"icon icon-lib-icon-arrow4 \" aria-hidden=\"true\" role=\"img\"><use xlink:href=\"#lib-icon-arrow4\"><\/use><\/svg><\/span><\/div><div class=\"label-up\"><span class=\"c-btn__txt\">Cliquez ici<\/span><span class=\"c-btn__ico\"><svg width=\"30\" height=\"30\" class=\"icon icon-lib-icon-arrow4 \" aria-hidden=\"true\" role=\"img\"><use xlink:href=\"#lib-icon-arrow4\"><\/use><\/svg><\/span><\/div><\/a>\n\t\t    <\/div>\n\t\n\t\t<\/div>\n\n\t<\/div>\n\n\t\n<\/div>\n","protected":false},"excerpt":{"rendered":"","protected":false},"author":7,"featured_media":0,"parent":0,"menu_order":6,"comment_status":"closed","ping_status":"closed","template":"","meta":{"_acf_changed":false,"inline_featured_image":false,"footnotes":""},"class_list":["post-844","page","type-page","status-publish","hentry"],"acf":[],"yoast_head":"<!-- This site is optimized with the Yoast SEO plugin v27.3 - https:\/\/yoast.com\/product\/yoast-seo-wordpress\/ -->\n<title>Contacter - Belfor Belgium<\/title>\n<meta name=\"robots\" content=\"index, follow, max-snippet:-1, max-image-preview:large, max-video-preview:-1\" \/>\n<link rel=\"canonical\" href=\"https:\/\/www.belfor.com\/be\/fr\/contacter\/\" \/>\n<meta property=\"og:locale\" content=\"fr_FR\" \/>\n<meta property=\"og:type\" content=\"article\" \/>\n<meta property=\"og:title\" content=\"Contacter - Belfor Belgium\" \/>\n<meta property=\"og:url\" content=\"https:\/\/www.belfor.com\/be\/fr\/contacter\/\" \/>\n<meta property=\"og:site_name\" content=\"Belfor Belgium\" \/>\n<meta property=\"article:modified_time\" content=\"2025-11-13T11:49:31+00:00\" \/>\n<meta name=\"twitter:card\" content=\"summary_large_image\" \/>\n<script type=\"application\/ld+json\" class=\"yoast-schema-graph\">{\"@context\":\"https:\\\/\\\/schema.org\",\"@graph\":[{\"@type\":\"WebPage\",\"@id\":\"https:\\\/\\\/www.belfor.com\\\/be\\\/fr\\\/contacter\\\/\",\"url\":\"https:\\\/\\\/www.belfor.com\\\/be\\\/fr\\\/contacter\\\/\",\"name\":\"Contacter - Belfor Belgium\",\"isPartOf\":{\"@id\":\"https:\\\/\\\/www.belfor.com\\\/be\\\/fr\\\/#website\"},\"datePublished\":\"2024-05-27T14:08:15+00:00\",\"dateModified\":\"2025-11-13T11:49:31+00:00\",\"breadcrumb\":{\"@id\":\"https:\\\/\\\/www.belfor.com\\\/be\\\/fr\\\/contacter\\\/#breadcrumb\"},\"inLanguage\":\"fr-FR\",\"potentialAction\":[{\"@type\":\"ReadAction\",\"target\":[\"https:\\\/\\\/www.belfor.com\\\/be\\\/fr\\\/contacter\\\/\"]}]},{\"@type\":\"BreadcrumbList\",\"@id\":\"https:\\\/\\\/www.belfor.com\\\/be\\\/fr\\\/contacter\\\/#breadcrumb\",\"itemListElement\":[{\"@type\":\"ListItem\",\"position\":1,\"name\":\"Home\",\"item\":\"https:\\\/\\\/www.belfor.com\\\/be\\\/fr\\\/home\\\/\"},{\"@type\":\"ListItem\",\"position\":2,\"name\":\"Contacter\"}]},{\"@type\":\"WebSite\",\"@id\":\"https:\\\/\\\/www.belfor.com\\\/be\\\/fr\\\/#website\",\"url\":\"https:\\\/\\\/www.belfor.com\\\/be\\\/fr\\\/\",\"name\":\"BELFOR Belgium\",\"description\":\"\",\"potentialAction\":[{\"@type\":\"SearchAction\",\"target\":{\"@type\":\"EntryPoint\",\"urlTemplate\":\"https:\\\/\\\/www.belfor.com\\\/be\\\/fr\\\/?s={search_term_string}\"},\"query-input\":{\"@type\":\"PropertyValueSpecification\",\"valueRequired\":true,\"valueName\":\"search_term_string\"}}],\"inLanguage\":\"fr-FR\"}]}<\/script>\n<!-- \/ Yoast SEO plugin. -->","yoast_head_json":{"title":"Contacter - Belfor Belgium","robots":{"index":"index","follow":"follow","max-snippet":"max-snippet:-1","max-image-preview":"max-image-preview:large","max-video-preview":"max-video-preview:-1"},"canonical":"https:\/\/www.belfor.com\/be\/fr\/contacter\/","og_locale":"fr_FR","og_type":"article","og_title":"Contacter - Belfor Belgium","og_url":"https:\/\/www.belfor.com\/be\/fr\/contacter\/","og_site_name":"Belfor Belgium","article_modified_time":"2025-11-13T11:49:31+00:00","twitter_card":"summary_large_image","schema":{"@context":"https:\/\/schema.org","@graph":[{"@type":"WebPage","@id":"https:\/\/www.belfor.com\/be\/fr\/contacter\/","url":"https:\/\/www.belfor.com\/be\/fr\/contacter\/","name":"Contacter - Belfor Belgium","isPartOf":{"@id":"https:\/\/www.belfor.com\/be\/fr\/#website"},"datePublished":"2024-05-27T14:08:15+00:00","dateModified":"2025-11-13T11:49:31+00:00","breadcrumb":{"@id":"https:\/\/www.belfor.com\/be\/fr\/contacter\/#breadcrumb"},"inLanguage":"fr-FR","potentialAction":[{"@type":"ReadAction","target":["https:\/\/www.belfor.com\/be\/fr\/contacter\/"]}]},{"@type":"BreadcrumbList","@id":"https:\/\/www.belfor.com\/be\/fr\/contacter\/#breadcrumb","itemListElement":[{"@type":"ListItem","position":1,"name":"Home","item":"https:\/\/www.belfor.com\/be\/fr\/home\/"},{"@type":"ListItem","position":2,"name":"Contacter"}]},{"@type":"WebSite","@id":"https:\/\/www.belfor.com\/be\/fr\/#website","url":"https:\/\/www.belfor.com\/be\/fr\/","name":"BELFOR Belgium","description":"","potentialAction":[{"@type":"SearchAction","target":{"@type":"EntryPoint","urlTemplate":"https:\/\/www.belfor.com\/be\/fr\/?s={search_term_string}"},"query-input":{"@type":"PropertyValueSpecification","valueRequired":true,"valueName":"search_term_string"}}],"inLanguage":"fr-FR"}]}},"_links":{"self":[{"href":"https:\/\/www.belfor.com\/be\/fr\/wp-json\/wp\/v2\/pages\/844","targetHints":{"allow":["GET"]}}],"collection":[{"href":"https:\/\/www.belfor.com\/be\/fr\/wp-json\/wp\/v2\/pages"}],"about":[{"href":"https:\/\/www.belfor.com\/be\/fr\/wp-json\/wp\/v2\/types\/page"}],"author":[{"embeddable":true,"href":"https:\/\/www.belfor.com\/be\/fr\/wp-json\/wp\/v2\/users\/7"}],"replies":[{"embeddable":true,"href":"https:\/\/www.belfor.com\/be\/fr\/wp-json\/wp\/v2\/comments?post=844"}],"version-history":[{"count":5,"href":"https:\/\/www.belfor.com\/be\/fr\/wp-json\/wp\/v2\/pages\/844\/revisions"}],"predecessor-version":[{"id":2817,"href":"https:\/\/www.belfor.com\/be\/fr\/wp-json\/wp\/v2\/pages\/844\/revisions\/2817"}],"wp:attachment":[{"href":"https:\/\/www.belfor.com\/be\/fr\/wp-json\/wp\/v2\/media?parent=844"}],"curies":[{"name":"wp","href":"https:\/\/api.w.org\/{rel}","templated":true}]}}