{"id":2014,"date":"2024-10-10T11:10:46","date_gmt":"2024-10-10T09:10:46","guid":{"rendered":"https:\/\/www.belfor.com\/be\/?page_id=2014"},"modified":"2024-11-13T09:16:21","modified_gmt":"2024-11-13T07:16:21","slug":"couronne","status":"publish","type":"page","link":"https:\/\/www.belfor.com\/be\/fr\/noel\/couronne\/","title":{"rendered":"Couronne"},"content":{"rendered":"<div class=\"m-banner m-banner--small  -version-2 has-overlay order-default\" >\n\n\t\n\t\n\t<div class=\"m-banner__container container-fluid\" style='--overlayOpacity: 50%;--columns-ratio: 50%;background-color: #ffffff;'>\n\n\t\t    <div class=\"m-banner__media\">\n        <picture class=\"m-banner__picture\">\n\t\t\t\t\t\t\t\t\t\t\t\t                        <source media=\"(min-width: 1500px)\" srcset=\"https:\/\/www.belfor.com\/be\/wp-content\/uploads\/sites\/21\/2024\/09\/Christmas-Cookie-Cutters_1920x1080px.jpg\">\n\t\t\t\t\t\t\t\t\t\t\t\t\t\t\t\t\t\t\t\t\t\t\t                        <source media=\"(min-width: 768px)\" srcset=\"https:\/\/www.belfor.com\/be\/wp-content\/uploads\/sites\/21\/2024\/09\/Christmas-Cookie-Cutters_1920x1080px-1024x576.jpg\">\n\t\t\t\t\t\t\t\t\t\t\t\t\t\t\t                <source media=\"(min-width: 300px)\" srcset=\"https:\/\/www.belfor.com\/be\/wp-content\/uploads\/sites\/21\/2024\/09\/Christmas-Cookie-Cutters_1920x1080px-768x432.jpg\">\n\t\t\t            <img loading=\"lazy\" decoding=\"async\" src=\"https:\/\/www.belfor.com\/be\/wp-content\/uploads\/sites\/21\/2024\/09\/Christmas-Cookie-Cutters_1920x1080px.jpg\" alt=\"cercle de Cookie Cutters de No\u00ebl\" width=\"1920\" height=\"1280\">\n        <\/picture>\n    <\/div>\n\n\t\t<div class=\"m-banner__inner container flex-left style-dark\">\n\n\t\t\t<div class=\"l-banner  l-gt-custom l-gb-custom\" style=\"--l-gt-padding: 4.5rem;--l-gb-padding: 4.5rem;\">\n\n\t\t\t\t\n<div class=\"l-banner__text\">\n        <div class=\"l-banner__inner text-left\">\n\n        <div class=\"c-heading -h1\">\n\t\t\t                <div class=\"c-heading__pre\" >\n\t\t\t\t\tUpcycling avec BELFOR                <\/div>\n\t\t\t\n\t\t\t\t\t\t\t<h1 style=\"color:#ffffff;\" class=\"c-heading__title\">Couronne r\u00e9alis\u00e9e \u00e0 partir d&#8217;emporte-pi\u00e8ces<\/h1>\t\t\t\n\t\t\t        <\/div>\n\n\t\t    <\/div>\n    \n\t<\/div>\n\n    <div class=\"l-banner__media\">\n\t\t\t\t\t\n\t\t    <\/div>\n\n\t\t\t<\/div>\n\n\t\t\t\t\t<\/div>\n\t<\/div>\n\n    <!-- scroll down-->\n    <div class=\"scroll-down\">\n        <div class=\"scroll-down__line-box line-box\">\n            <div class=\"line\"><\/div>\n        <\/div>\n        <div class=\"scroll-down__icon\">\n            <svg class=\"o-icon u-fill-current\" aria-hidden=\"true\">\n                <use xlink:href=\"#scroll-down\"><\/use>\n            <\/svg>\n        <\/div>\n    <\/div>\n    <!-- scroll down : end-->\n\n<\/div>\n\n\n<div class=\"m-block  gt gb-s -pre-title-has-decor l-content-simple-1\"  style='--l-container-width: 144rem;'>\n\n\t\n\t\n\t<div class=\"m-block__container container-custom\" style=\"--l-container-width: 144rem\">\n\n\t\t<div class=\"l-heading text-left l-heading-v3\">\n\n\t\t\t\n\t\t\t\n\t\t<\/div>\n\n\t<\/div>\n\n\t\n<\/div>\n\n\n<div class=\"m-block  mb-custom l-content-2\"  style='--margin-bottom: 5rem;'>\n\n\t\n\t\n\t<div class=\"m-block__container container\" style=\"\">\n\n\t\t<div class=\"l-dcbl l-dcbl-v1\">\n\n\t\t\t\n<div class=\"c-block order-default is-vertical\" style=\"--c-block-radius:0px; --c-block-gl: 0%;--c-block-gr: 0%;--c-block-gt: 0%;--c-block-gb: 0%;--columns-ratio: 100%;\">\n    <div class=\"c-block__col c-block__text text-left align-center\"\n         style=\"--c-txt-gl: 0%; --c-txt-gr: 0%; --c-txt-gt: 0%; --c-txt-gb: 0%;\">\n        <div class=\"c-block__inner\">\n\n\t\t\t            \n\t\t\t    <div class=\"c-heading -h2 \">\n\t\t\n\t\t\n\t\t\t\t\t<h2  class=\"c-heading__title\">Instructions de bricolage<\/h2>\t\t\n\t\t    <\/div>\n    <div class=\"c-heading__description is-wysiwyg\">\n        <p>Transformez de vieux emporte-pi\u00e8ces en couronne festive. Avec ce projet de bricolage cr\u00e9atif, vous pouvez cr\u00e9er une d\u00e9coration unique pour la saison de No\u00ebl \u00e0 partir de simples ustensiles de cuisine. Id\u00e9al pour tous ceux qui souhaitent combiner la tradition avec une touche de nostalgie et de cr\u00e9ativit\u00e9.<\/p>\n    <\/div>\n\t\t\t\t\t\t        <\/div>\n    <\/div>\n\t<\/div>\n\n\t\t<\/div>\n\n\t<\/div>\n\n\t\n<\/div>\n\n\n<div class=\"m-block  gt-s gb -version-6 js-image-before-after l-content-2\"  >\n\n\t\n\t\n\t<div class=\"m-block__container container\" style=\"\">\n\n\t\t<div class=\"l-dcbl l-dcbl-v1\">\n\n\t\t\t\n<div class=\"c-block order-default\" style=\"--c-block-radius:0px; --c-block-gl: 0%;--c-block-gr: 0%;--c-block-gt: 0%;--c-block-gb: 0%;--columns-ratio: 50%;\">\n    <div class=\"c-block__col c-block__text text-left align-center\"\n         style=\"--c-txt-gl: 0%; --c-txt-gr: 0%; --c-txt-gt: 0%; --c-txt-gb: 0%;\">\n        <div class=\"c-block__inner\">\n\n\t\t\t            \n\t\t\t\t\t\t\t\t\t\t    <div class=\"c-block__btn\">\n\t\t\n\t\t\t<a href=\"\/be\/fr\/noel\/\" target=\"_blank\" class=\"c-btn -normal -link has-icon icon-right \"><span class=\"c-btn__txt\">Voir toutes les id\u00e9es de recyclage<\/span><span class=\"c-btn__ico\"><svg width=\"30\" height=\"30\" class=\"icon icon-lib-icon-arrow1 \" aria-hidden=\"true\" role=\"img\"><use xlink:href=\"#lib-icon-arrow1\"><\/use><\/svg><\/span><\/a>\n\t\t    <\/div>\n\t        <\/div>\n    <\/div>\n\t    <div class=\"c-block__col c-block__media\">\n\t\t\t<div class=\"c-image front-h-left front-v-center main-h-full main-v-center r-1x1 is-image\">\n\n\t\t\t\t\t<div class=\"c-image__media c-image__primary\">\n                <img decoding=\"async\" class=\"c-image__src lazy\" loading=\"lazy\" src=\"https:\/\/www.belfor.com\/be\/wp-content\/uploads\/sites\/21\/2024\/10\/Wreath_before-after_1920x1080px4-1024x576.jpg\"  alt=\"couronne de No\u00ebl en emporte-pi\u00e8ce pour biscuits\" width=\"1024\" height=\"576\"\/>\t\t\t<\/div>\n\t\t\n\t\t\t\t\t<div class=\"c-image__media c-image__secondary\">\n\t\t\t\t<img decoding=\"async\" class=\"c-image__src c-image__secondary lazy\" loading=\"lazy\" src=\"https:\/\/www.belfor.com\/be\/wp-content\/uploads\/sites\/21\/2024\/09\/cookie-cutters_1920x1080px_16x9-1024x576.jpg\" alt=\"emporte-pi\u00e8ces\" width=\"1024\" height=\"576\" \/>\t\t\t<\/div>\n\t\t\n\t<\/div>\n\t\n\t\t\n\t\t\n\t\t    <\/div>\n\t<\/div>\n\n\t\t<\/div>\n\n\t<\/div>\n\n\t\n<\/div>\n\n\n<div class=\"m-block  mb-custom l-content-2\"  style='--margin-bottom: 5rem;'>\n\n\t\n\t\n\t<div class=\"m-block__container container\" style=\"\">\n\n\t\t<div class=\"l-dcbl l-dcbl-v1\">\n\n\t\t\t\n<div class=\"c-block order-default is-vertical\" style=\"--c-block-radius:0px; --c-block-gl: 0%;--c-block-gr: 0%;--c-block-gt: 0%;--c-block-gb: 0%;--columns-ratio: 100%;\">\n    <div class=\"c-block__col c-block__text text-left align-center\"\n         style=\"--c-txt-gl: 0%; --c-txt-gr: 0%; --c-txt-gt: 0%; --c-txt-gb: 0%;\">\n        <div class=\"c-block__inner\">\n\n\t\t\t            \n\t\t\t    <div class=\"c-heading -h2 \">\n\t\t\n\t\t            <div class=\"c-heading__pre\" >\n\t\t\t\tCe qu&#8217;il vous faut            <\/div>\n\t\t\n\t\t\n\t\t    <\/div>\n    <div class=\"c-heading__description is-wysiwyg\">\n        <ul>\n<li>Emporte-pi\u00e8ces (au moins 10-12, selon la taille de la couronne)<\/li>\n<li>Pistolet \u00e0 colle<\/li>\n<li>Ruban<\/li>\n<li>Ciseaux<\/li>\n<li>Facultatif : petites branches de sapin ou autres \u00e9l\u00e9ments d\u00e9coratifs<\/li>\n<\/ul>\n    <\/div>\n\t\t\t\t\t\t        <\/div>\n    <\/div>\n\t<\/div>\n\n\t\t<\/div>\n\n\t<\/div>\n\n\t\n<\/div>\n\n\n<div class=\"m-block  mb-custom l-content-2\"  style='--margin-bottom: 5rem;'>\n\n\t\n\t\n\t<div class=\"m-block__container container\" style=\"\">\n\n\t\t<div class=\"l-dcbl l-dcbl-v1\">\n\n\t\t\t\n<div class=\"c-block order-default is-vertical\" style=\"--c-block-radius:0px; --c-block-gl: 0%;--c-block-gr: 0%;--c-block-gt: 0%;--c-block-gb: 0%;--columns-ratio: 100%;\">\n    <div class=\"c-block__col c-block__text text-left align-center\"\n         style=\"--c-txt-gl: 0%; --c-txt-gr: 0%; --c-txt-gt: 0%; --c-txt-gb: 0%;\">\n        <div class=\"c-block__inner\">\n\n\t\t\t            \n\t\t\t    <div class=\"c-heading -h2 \">\n\t\t\n\t\t            <div class=\"c-heading__pre\" >\n\t\t\t\tInstructions            <\/div>\n\t\t\n\t\t\n\t\t    <\/div>\n    <div class=\"c-heading__description is-wysiwyg\">\n        <ol>\n<li>Disposez les emporte-pi\u00e8ces en cercle de mani\u00e8re \u00e0 ce qu&#8217;ils se touchent sur les bords et forment une couronne. Veillez \u00e0 ce que le cercle soit r\u00e9gulier.<\/li>\n<li>Utilisez le pistolet \u00e0 colle chaude pour fixer chaque forme d&#8217;emporte-pi\u00e8ce \u00e0 la forme suivante aux points o\u00f9 elles se touchent. Laissez la colle s\u00e9cher compl\u00e8tement pour que la couronne soit stable.<\/li>\n<li>Coupez un long morceau de ruban et fixez-le au sommet de la couronne pour la suspendre. Faites un grand n\u0153ud avec un autre morceau de ruban et collez-le n&#8217;importe o\u00f9 sur la couronne pour la d\u00e9corer.<\/li>\n<li>Facultatif : ajoutez de petites branches de sapin ou d&#8217;autres d\u00e9corations en les ins\u00e9rant soigneusement entre les emporte-pi\u00e8ces ou en les fixant avec de la colle. De petits n\u0153uds peuvent \u00e9galement \u00eatre attach\u00e9s \u00e0 diff\u00e9rentes parties de la couronne pour la d\u00e9corer davantage.<\/li>\n<\/ol>\n    <\/div>\n\t\t\t\t\t\t        <\/div>\n    <\/div>\n\t<\/div>\n\n\t\t<\/div>\n\n\t<\/div>\n\n\t\n<\/div>\n\n\n<div class=\"m-block  gt gb -version-1 l-content-simple-1\"  >\n\n\t\n\t\n\t<div class=\"m-block__container container\" style=\"\">\n\n\t\t<div class=\"l-heading text-center l-heading-v1\">\n\n\t\t\t    <div class=\"c-heading -h2 \">\n\t\t\n\t\t\n\t\t\t\t\t<h2  class=\"c-heading__title\">Joyeux Upcycling !<\/h2>\t\t\n\t\t    <\/div>\n    <div class=\"c-heading__description is-wysiwyg\">\n        <p>Vous cherchez d&#8217;autres id\u00e9es cr\u00e9atives ?<\/p>\n<p>D\u00e9couvrez nos autres projets d&#8217;upcycling et concevez avec nous des d\u00e9corations durables pour les f\u00eates de fin d&#8217;ann\u00e9e.<\/p>\n    <\/div>\n\n\t\t\t\t    <div class=\"c-block__btn\">\n\t\t\n\t\t\t<a href=\"\/be\/fr\/noel\/lampe-de-table\/\"  class=\"c-btn -normal -inverted has-icon icon-right \"><div class=\"label-up\"><span class=\"c-btn__txt\">Lampe de table avec une vieille bouteille<\/span><span class=\"c-btn__ico\"><svg width=\"30\" height=\"30\" class=\"icon icon-lib-icon-arrow4 \" aria-hidden=\"true\" role=\"img\"><use xlink:href=\"#lib-icon-arrow4\"><\/use><\/svg><\/span><\/div><div class=\"label-up\"><span class=\"c-btn__txt\">Lampe de table avec une vieille bouteille<\/span><span class=\"c-btn__ico\"><svg width=\"30\" height=\"30\" class=\"icon icon-lib-icon-arrow4 \" aria-hidden=\"true\" role=\"img\"><use xlink:href=\"#lib-icon-arrow4\"><\/use><\/svg><\/span><\/div><\/a>\n\t\t\n\t\t\t<a href=\"\/be\/fr\/noel\/ange-de-noel\/\"  class=\"c-btn -normal -inverted has-icon icon-right \"><div class=\"label-up\"><span class=\"c-btn__txt\">Ange de No\u00ebl en vieux papier<\/span><span class=\"c-btn__ico\"><svg width=\"30\" height=\"30\" class=\"icon icon-lib-icon-arrow4 \" aria-hidden=\"true\" role=\"img\"><use xlink:href=\"#lib-icon-arrow4\"><\/use><\/svg><\/span><\/div><div class=\"label-up\"><span class=\"c-btn__txt\">Ange de No\u00ebl en vieux papier<\/span><span class=\"c-btn__ico\"><svg width=\"30\" height=\"30\" class=\"icon icon-lib-icon-arrow4 \" aria-hidden=\"true\" role=\"img\"><use xlink:href=\"#lib-icon-arrow4\"><\/use><\/svg><\/span><\/div><\/a>\n\t\t\n\t\t\t<a href=\"\/be\/fr\/noel\/boule-a-neige\/\"  class=\"c-btn -normal -inverted has-icon icon-right \"><div class=\"label-up\"><span class=\"c-btn__txt\">Boule \u00e0 neige en vieux verre<\/span><span class=\"c-btn__ico\"><svg width=\"30\" height=\"30\" class=\"icon icon-lib-icon-arrow4 \" aria-hidden=\"true\" role=\"img\"><use xlink:href=\"#lib-icon-arrow4\"><\/use><\/svg><\/span><\/div><div class=\"label-up\"><span class=\"c-btn__txt\">Boule \u00e0 neige en vieux verre<\/span><span class=\"c-btn__ico\"><svg width=\"30\" height=\"30\" class=\"icon icon-lib-icon-arrow4 \" aria-hidden=\"true\" role=\"img\"><use xlink:href=\"#lib-icon-arrow4\"><\/use><\/svg><\/span><\/div><\/a>\n\t\t    <\/div>\n\t\n\t\t<\/div>\n\n\t<\/div>\n\n\t\n<\/div>\n","protected":false},"excerpt":{"rendered":"","protected":false},"author":7,"featured_media":0,"parent":1989,"menu_order":1,"comment_status":"closed","ping_status":"closed","template":"","meta":{"_acf_changed":false,"inline_featured_image":false,"footnotes":""},"class_list":["post-2014","page","type-page","status-publish","hentry"],"acf":[],"yoast_head":"<!-- This site is optimized with the Yoast SEO plugin v27.4 - https:\/\/yoast.com\/product\/yoast-seo-wordpress\/ -->\n<title>Couronne - Belfor Belgium<\/title>\n<meta name=\"robots\" content=\"index, follow, max-snippet:-1, max-image-preview:large, max-video-preview:-1\" \/>\n<link rel=\"canonical\" href=\"https:\/\/www.belfor.com\/be\/fr\/noel\/couronne\/\" \/>\n<meta property=\"og:locale\" content=\"fr_FR\" \/>\n<meta property=\"og:type\" content=\"article\" \/>\n<meta property=\"og:title\" content=\"Couronne - Belfor Belgium\" \/>\n<meta property=\"og:url\" content=\"https:\/\/www.belfor.com\/be\/fr\/noel\/couronne\/\" \/>\n<meta property=\"og:site_name\" content=\"Belfor Belgium\" \/>\n<meta property=\"article:modified_time\" content=\"2024-11-13T07:16:21+00:00\" \/>\n<meta name=\"twitter:card\" content=\"summary_large_image\" \/>\n<script type=\"application\/ld+json\" class=\"yoast-schema-graph\">{\"@context\":\"https:\\\/\\\/schema.org\",\"@graph\":[{\"@type\":\"WebPage\",\"@id\":\"https:\\\/\\\/www.belfor.com\\\/be\\\/fr\\\/noel\\\/couronne\\\/\",\"url\":\"https:\\\/\\\/www.belfor.com\\\/be\\\/fr\\\/noel\\\/couronne\\\/\",\"name\":\"Couronne - Belfor Belgium\",\"isPartOf\":{\"@id\":\"https:\\\/\\\/www.belfor.com\\\/be\\\/fr\\\/#website\"},\"datePublished\":\"2024-10-10T09:10:46+00:00\",\"dateModified\":\"2024-11-13T07:16:21+00:00\",\"breadcrumb\":{\"@id\":\"https:\\\/\\\/www.belfor.com\\\/be\\\/fr\\\/noel\\\/couronne\\\/#breadcrumb\"},\"inLanguage\":\"fr-FR\",\"potentialAction\":[{\"@type\":\"ReadAction\",\"target\":[\"https:\\\/\\\/www.belfor.com\\\/be\\\/fr\\\/noel\\\/couronne\\\/\"]}]},{\"@type\":\"BreadcrumbList\",\"@id\":\"https:\\\/\\\/www.belfor.com\\\/be\\\/fr\\\/noel\\\/couronne\\\/#breadcrumb\",\"itemListElement\":[{\"@type\":\"ListItem\",\"position\":1,\"name\":\"Home\",\"item\":\"https:\\\/\\\/www.belfor.com\\\/be\\\/fr\\\/home\\\/\"},{\"@type\":\"ListItem\",\"position\":2,\"name\":\"No\u00ebl\",\"item\":\"https:\\\/\\\/www.belfor.com\\\/be\\\/fr\\\/noel\\\/\"},{\"@type\":\"ListItem\",\"position\":3,\"name\":\"Couronne\"}]},{\"@type\":\"WebSite\",\"@id\":\"https:\\\/\\\/www.belfor.com\\\/be\\\/fr\\\/#website\",\"url\":\"https:\\\/\\\/www.belfor.com\\\/be\\\/fr\\\/\",\"name\":\"BELFOR Belgium\",\"description\":\"\",\"potentialAction\":[{\"@type\":\"SearchAction\",\"target\":{\"@type\":\"EntryPoint\",\"urlTemplate\":\"https:\\\/\\\/www.belfor.com\\\/be\\\/fr\\\/?s={search_term_string}\"},\"query-input\":{\"@type\":\"PropertyValueSpecification\",\"valueRequired\":true,\"valueName\":\"search_term_string\"}}],\"inLanguage\":\"fr-FR\"}]}<\/script>\n<!-- \/ Yoast SEO plugin. -->","yoast_head_json":{"title":"Couronne - Belfor Belgium","robots":{"index":"index","follow":"follow","max-snippet":"max-snippet:-1","max-image-preview":"max-image-preview:large","max-video-preview":"max-video-preview:-1"},"canonical":"https:\/\/www.belfor.com\/be\/fr\/noel\/couronne\/","og_locale":"fr_FR","og_type":"article","og_title":"Couronne - Belfor Belgium","og_url":"https:\/\/www.belfor.com\/be\/fr\/noel\/couronne\/","og_site_name":"Belfor Belgium","article_modified_time":"2024-11-13T07:16:21+00:00","twitter_card":"summary_large_image","schema":{"@context":"https:\/\/schema.org","@graph":[{"@type":"WebPage","@id":"https:\/\/www.belfor.com\/be\/fr\/noel\/couronne\/","url":"https:\/\/www.belfor.com\/be\/fr\/noel\/couronne\/","name":"Couronne - Belfor Belgium","isPartOf":{"@id":"https:\/\/www.belfor.com\/be\/fr\/#website"},"datePublished":"2024-10-10T09:10:46+00:00","dateModified":"2024-11-13T07:16:21+00:00","breadcrumb":{"@id":"https:\/\/www.belfor.com\/be\/fr\/noel\/couronne\/#breadcrumb"},"inLanguage":"fr-FR","potentialAction":[{"@type":"ReadAction","target":["https:\/\/www.belfor.com\/be\/fr\/noel\/couronne\/"]}]},{"@type":"BreadcrumbList","@id":"https:\/\/www.belfor.com\/be\/fr\/noel\/couronne\/#breadcrumb","itemListElement":[{"@type":"ListItem","position":1,"name":"Home","item":"https:\/\/www.belfor.com\/be\/fr\/home\/"},{"@type":"ListItem","position":2,"name":"No\u00ebl","item":"https:\/\/www.belfor.com\/be\/fr\/noel\/"},{"@type":"ListItem","position":3,"name":"Couronne"}]},{"@type":"WebSite","@id":"https:\/\/www.belfor.com\/be\/fr\/#website","url":"https:\/\/www.belfor.com\/be\/fr\/","name":"BELFOR Belgium","description":"","potentialAction":[{"@type":"SearchAction","target":{"@type":"EntryPoint","urlTemplate":"https:\/\/www.belfor.com\/be\/fr\/?s={search_term_string}"},"query-input":{"@type":"PropertyValueSpecification","valueRequired":true,"valueName":"search_term_string"}}],"inLanguage":"fr-FR"}]}},"_links":{"self":[{"href":"https:\/\/www.belfor.com\/be\/fr\/wp-json\/wp\/v2\/pages\/2014","targetHints":{"allow":["GET"]}}],"collection":[{"href":"https:\/\/www.belfor.com\/be\/fr\/wp-json\/wp\/v2\/pages"}],"about":[{"href":"https:\/\/www.belfor.com\/be\/fr\/wp-json\/wp\/v2\/types\/page"}],"author":[{"embeddable":true,"href":"https:\/\/www.belfor.com\/be\/fr\/wp-json\/wp\/v2\/users\/7"}],"replies":[{"embeddable":true,"href":"https:\/\/www.belfor.com\/be\/fr\/wp-json\/wp\/v2\/comments?post=2014"}],"version-history":[{"count":5,"href":"https:\/\/www.belfor.com\/be\/fr\/wp-json\/wp\/v2\/pages\/2014\/revisions"}],"predecessor-version":[{"id":2118,"href":"https:\/\/www.belfor.com\/be\/fr\/wp-json\/wp\/v2\/pages\/2014\/revisions\/2118"}],"up":[{"embeddable":true,"href":"https:\/\/www.belfor.com\/be\/fr\/wp-json\/wp\/v2\/pages\/1989"}],"wp:attachment":[{"href":"https:\/\/www.belfor.com\/be\/fr\/wp-json\/wp\/v2\/media?parent=2014"}],"curies":[{"name":"wp","href":"https:\/\/api.w.org\/{rel}","templated":true}]}}