{"id":2004,"date":"2024-10-10T11:08:25","date_gmt":"2024-10-10T09:08:25","guid":{"rendered":"https:\/\/www.belfor.com\/be\/?page_id=2004"},"modified":"2024-10-31T09:11:17","modified_gmt":"2024-10-31T07:11:17","slug":"boule-a-neige","status":"publish","type":"page","link":"https:\/\/www.belfor.com\/be\/fr\/noel\/boule-a-neige\/","title":{"rendered":"Boule \u00e0 neige"},"content":{"rendered":"<div class=\"m-banner m-banner--small  -version-2 has-overlay order-default\" >\n\n\t\n\t\n\t<div class=\"m-banner__container container-fluid\" style='--overlayOpacity: 50%;--columns-ratio: 50%;background-color: #ffffff;'>\n\n\t\t    <div class=\"m-banner__media\">\n        <picture class=\"m-banner__picture\">\n\t\t\t\t\t\t\t\t\t\t\t\t                        <source media=\"(min-width: 1500px)\" srcset=\"https:\/\/www.belfor.com\/be\/wp-content\/uploads\/sites\/21\/2024\/09\/Schneekugel-basteln_1920x1080px.jpg\">\n\t\t\t\t\t\t\t\t\t\t\t\t\t\t\t\t\t\t\t\t\t\t\t                        <source media=\"(min-width: 768px)\" srcset=\"https:\/\/www.belfor.com\/be\/wp-content\/uploads\/sites\/21\/2024\/09\/Schneekugel-basteln_1920x1080px-1024x576.jpg\">\n\t\t\t\t\t\t\t\t\t\t\t\t\t\t\t                <source media=\"(min-width: 300px)\" srcset=\"https:\/\/www.belfor.com\/be\/wp-content\/uploads\/sites\/21\/2024\/09\/Schneekugel-basteln_1920x1080px-768x432.jpg\">\n\t\t\t            <img loading=\"lazy\" decoding=\"async\" src=\"https:\/\/www.belfor.com\/be\/wp-content\/uploads\/sites\/21\/2024\/09\/Schneekugel-basteln_1920x1080px.jpg\" alt=\"Fabriquer une boule \u00e0 neige avec du verre recycl\u00e9\" width=\"1920\" height=\"1280\">\n        <\/picture>\n    <\/div>\n\n\t\t<div class=\"m-banner__inner container flex-left style-dark\">\n\n\t\t\t<div class=\"l-banner  l-gt-custom l-gb-custom\" style=\"--l-gt-padding: 4.5rem;--l-gb-padding: 4.5rem;\">\n\n\t\t\t\t\n<div class=\"l-banner__text\">\n        <div class=\"l-banner__inner text-left\">\n\n        <div class=\"c-heading -h1\">\n\t\t\t                <div class=\"c-heading__pre\" >\n\t\t\t\t\tUpcycling avec BELFOR                <\/div>\n\t\t\t\n\t\t\t\t\t\t\t<h1 style=\"color:#ffffff;\" class=\"c-heading__title\">Boule \u00e0 neige en verre recycl\u00e9<\/h1>\t\t\t\n\t\t\t        <\/div>\n\n\t\t    <\/div>\n    \n\t<\/div>\n\n    <div class=\"l-banner__media\">\n\t\t\t\t\t\n\t\t    <\/div>\n\n\t\t\t<\/div>\n\n\t\t\t\t\t<\/div>\n\t<\/div>\n\n    <!-- scroll down-->\n    <div class=\"scroll-down\">\n        <div class=\"scroll-down__line-box line-box\">\n            <div class=\"line\"><\/div>\n        <\/div>\n        <div class=\"scroll-down__icon\">\n            <svg class=\"o-icon u-fill-current\" aria-hidden=\"true\">\n                <use xlink:href=\"#scroll-down\"><\/use>\n            <\/svg>\n        <\/div>\n    <\/div>\n    <!-- scroll down : end-->\n\n<\/div>\n\n\n<div class=\"m-block  gt gb-s -pre-title-has-decor l-content-simple-1\"  style='--l-container-width: 144rem;'>\n\n\t\n\t\n\t<div class=\"m-block__container container-custom\" style=\"--l-container-width: 144rem\">\n\n\t\t<div class=\"l-heading text-left l-heading-v3\">\n\n\t\t\t\n\t\t\t\n\t\t<\/div>\n\n\t<\/div>\n\n\t\n<\/div>\n\n\n<div class=\"m-block  mb-custom l-content-2\"  style='--margin-bottom: 5rem;'>\n\n\t\n\t\n\t<div class=\"m-block__container container\" style=\"\">\n\n\t\t<div class=\"l-dcbl l-dcbl-v1\">\n\n\t\t\t\n<div class=\"c-block order-default is-vertical\" style=\"--c-block-radius:0px; --c-block-gl: 0%;--c-block-gr: 0%;--c-block-gt: 0%;--c-block-gb: 0%;--columns-ratio: 100%;\">\n    <div class=\"c-block__col c-block__text text-left align-center\"\n         style=\"--c-txt-gl: 0%; --c-txt-gr: 0%; --c-txt-gt: 0%; --c-txt-gb: 0%;\">\n        <div class=\"c-block__inner\">\n\n\t\t\t            \n\t\t\t    <div class=\"c-heading -h2 \">\n\t\t\n\t\t\n\t\t\t\t\t<h2  class=\"c-heading__title\">Instructions de bricolage<\/h2>\t\t\n\t\t    <\/div>\n    <div class=\"c-heading__description is-wysiwyg\">\n        <p>Cr\u00e9ez une boule \u00e0 neige enchanteresse \u00e0 partir d&#8217;un vieux bocal! Ce projet de bricolage apporte la magie de l&#8217;hiver dans votre maison et donne une nouvelle utilit\u00e9 aux verres mis au rebut. Parfait pour une d\u00e9coration festive ou comme cadeau personnalis\u00e9.<\/p>\n    <\/div>\n\t\t\t\t\t\t        <\/div>\n    <\/div>\n\t<\/div>\n\n\t\t<\/div>\n\n\t<\/div>\n\n\t\n<\/div>\n\n\n<div class=\"m-block  gt-s gb -version-6 js-image-before-after l-content-2\"  >\n\n\t\n\t\n\t<div class=\"m-block__container container\" style=\"\">\n\n\t\t<div class=\"l-dcbl l-dcbl-v1\">\n\n\t\t\t\n<div class=\"c-block order-default\" style=\"--c-block-radius:0px; --c-block-gl: 0%;--c-block-gr: 0%;--c-block-gt: 0%;--c-block-gb: 0%;--columns-ratio: 50%;\">\n    <div class=\"c-block__col c-block__text text-left align-center\"\n         style=\"--c-txt-gl: 0%; --c-txt-gr: 0%; --c-txt-gt: 0%; --c-txt-gb: 0%;\">\n        <div class=\"c-block__inner\">\n\n\t\t\t            \n\t\t\t\t\t\t\t\t\t\t    <div class=\"c-block__btn\">\n\t\t\n\t\t\t<a href=\"\/be\/fr\/noel\/\" target=\"_blank\" class=\"c-btn -normal -link has-icon icon-right \"><span class=\"c-btn__txt\">Voir toutes les id\u00e9es de recyclage<\/span><span class=\"c-btn__ico\"><svg width=\"30\" height=\"30\" class=\"icon icon-lib-icon-arrow1 \" aria-hidden=\"true\" role=\"img\"><use xlink:href=\"#lib-icon-arrow1\"><\/use><\/svg><\/span><\/a>\n\t\t    <\/div>\n\t        <\/div>\n    <\/div>\n\t    <div class=\"c-block__col c-block__media\">\n\t\t\t<div class=\"c-image front-h-left front-v-center main-h-full main-v-center r-1x1 is-image\">\n\n\t\t\t\t\t<div class=\"c-image__media c-image__primary\">\n                <img decoding=\"async\" class=\"c-image__src lazy\" loading=\"lazy\" src=\"https:\/\/www.belfor.com\/be\/wp-content\/uploads\/sites\/21\/2024\/10\/Snowglobe_before-after_1920x1080px-1024x576.jpg\"  alt=\"boule \u00e0 neige d'un pot de confiture\" width=\"1024\" height=\"576\"\/>\t\t\t<\/div>\n\t\t\n\t\t\t\t\t<div class=\"c-image__media c-image__secondary\">\n\t\t\t\t<img decoding=\"async\" class=\"c-image__src c-image__secondary lazy\" loading=\"lazy\" src=\"https:\/\/www.belfor.com\/be\/wp-content\/uploads\/sites\/21\/2024\/10\/Waste-glass_before-after_1920x1080px-1024x576.jpg\" alt=\"pots de confiture vides\" width=\"1024\" height=\"576\" \/>\t\t\t<\/div>\n\t\t\n\t<\/div>\n\t\n\t\t\n\t\t\n\t\t    <\/div>\n\t<\/div>\n\n\t\t<\/div>\n\n\t<\/div>\n\n\t\n<\/div>\n\n\n<div class=\"m-block  mb-custom l-content-2\"  style='--margin-bottom: 5rem;'>\n\n\t\n\t\n\t<div class=\"m-block__container container\" style=\"\">\n\n\t\t<div class=\"l-dcbl l-dcbl-v1\">\n\n\t\t\t\n<div class=\"c-block order-default is-vertical\" style=\"--c-block-radius:0px; --c-block-gl: 0%;--c-block-gr: 0%;--c-block-gt: 0%;--c-block-gb: 0%;--columns-ratio: 100%;\">\n    <div class=\"c-block__col c-block__text text-left align-center\"\n         style=\"--c-txt-gl: 0%; --c-txt-gr: 0%; --c-txt-gt: 0%; --c-txt-gb: 0%;\">\n        <div class=\"c-block__inner\">\n\n\t\t\t            \n\t\t\t    <div class=\"c-heading -h2 \">\n\t\t\n\t\t            <div class=\"c-heading__pre\" >\n\t\t\t\tCe qu&#8217;il vous faut            <\/div>\n\t\t\n\t\t\n\t\t    <\/div>\n    <div class=\"c-heading__description is-wysiwyg\">\n        <ul>\n<li>Vieux verre, par exemple un vieux bocal \u00e0 cornichons ou \u00e0 confiture<\/li>\n<li>Neige d\u00e9corative ou paillettes<\/li>\n<li>Eau distill\u00e9e<\/li>\n<li>Mini sapins de No\u00ebl d\u00e9coratifs<\/li>\n<li>Mini-boules de No\u00ebl<\/li>\n<li>Pistolet \u00e0 colle chaude ou superglue<\/li>\n<li>Ruban ou ficelle de jute<\/li>\n<\/ul>\n    <\/div>\n\t\t\t\t\t\t        <\/div>\n    <\/div>\n\t<\/div>\n\n\t\t<\/div>\n\n\t<\/div>\n\n\t\n<\/div>\n\n\n<div class=\"m-block  mb-custom l-content-2\"  style='--margin-bottom: 5rem;'>\n\n\t\n\t\n\t<div class=\"m-block__container container\" style=\"\">\n\n\t\t<div class=\"l-dcbl l-dcbl-v1\">\n\n\t\t\t\n<div class=\"c-block order-default is-vertical\" style=\"--c-block-radius:0px; --c-block-gl: 0%;--c-block-gr: 0%;--c-block-gt: 0%;--c-block-gb: 0%;--columns-ratio: 100%;\">\n    <div class=\"c-block__col c-block__text text-left align-center\"\n         style=\"--c-txt-gl: 0%; --c-txt-gr: 0%; --c-txt-gt: 0%; --c-txt-gb: 0%;\">\n        <div class=\"c-block__inner\">\n\n\t\t\t            \n\t\t\t    <div class=\"c-heading -h2 \">\n\t\t\n\t\t            <div class=\"c-heading__pre\" >\n\t\t\t\tinstructions            <\/div>\n\t\t\n\t\t\n\t\t    <\/div>\n    <div class=\"c-heading__description is-wysiwyg\">\n        <ol>\n<li>Nettoyez et s\u00e9chez soigneusement le pot pour vous assurer qu&#8217;il ne reste aucun r\u00e9sidu \u00e0 l&#8217;int\u00e9rieur.<\/li>\n<li>Fixez l&#8217;arbre de No\u00ebl d\u00e9coratif et les mini-boules \u00e0 l&#8217;int\u00e9rieur du couvercle \u00e0 l&#8217;aide du pistolet \u00e0 colle chaude ou de la superglue. Laissez la colle durcir compl\u00e8tement pour que la d\u00e9coration soit bien fix\u00e9e.<\/li>\n<li>Versez la neige d\u00e9corative ou les paillettes dans le pot. La quantit\u00e9 d\u00e9pend de l&#8217;\u00e9paisseur de la neige que vous souhaitez obtenir.<\/li>\n<li>Versez de l&#8217;eau distill\u00e9e jusqu&#8217;au bord du pot pour \u00e9viter les bulles d&#8217;air.<\/li>\n<li>Vissez d\u00e9licatement le couvercle sur le pot et secouez-le pour tester l&#8217;effet de neige. Ajoutez des paillettes, de la neige ou de l&#8217;eau si n\u00e9cessaire.<\/li>\n<li>Vissez fermement le couvercle et fixez-le avec de la colle pour \u00e9viter qu&#8217;il ne fuie.<\/li>\n<li>Enroulez de la ficelle de jute ou un ruban autour du couvercle pour cacher le joint coll\u00e9 et donner \u00e0 la boule \u00e0 neige une finition d\u00e9corative.<\/li>\n<\/ol>\n    <\/div>\n\t\t\t\t\t\t        <\/div>\n    <\/div>\n\t<\/div>\n\n\t\t<\/div>\n\n\t<\/div>\n\n\t\n<\/div>\n\n\n<div class=\"m-block  gt gb -version-1 l-content-simple-1\"  >\n\n\t\n\t\n\t<div class=\"m-block__container container\" style=\"\">\n\n\t\t<div class=\"l-heading text-center l-heading-v1\">\n\n\t\t\t    <div class=\"c-heading -h2 \">\n\t\t\n\t\t\n\t\t\t\t\t<h2  class=\"c-heading__title\">Joyeux Upcycling !<\/h2>\t\t\n\t\t    <\/div>\n    <div class=\"c-heading__description is-wysiwyg\">\n        <p>Envie d&#8217;autres projets cr\u00e9atifs ?<\/p>\n<p>Jetez un coup d&#8217;\u0153il \u00e0 nos autres id\u00e9es d&#8217;upcycling et d\u00e9couvrez comment vous pouvez cr\u00e9er des d\u00e9corations festives \u00e0 partir de vieux mat\u00e9riaux.<\/p>\n    <\/div>\n\n\t\t\t\t    <div class=\"c-block__btn\">\n\t\t\n\t\t\t<a href=\"\/be\/fr\/noel\/lampe-de-table\/\"  class=\"c-btn -normal -inverted has-icon icon-right \"><div class=\"label-up\"><span class=\"c-btn__txt\">Lampe de table avec une vieille bouteille<\/span><span class=\"c-btn__ico\"><svg width=\"30\" height=\"30\" class=\"icon icon-lib-icon-arrow4 \" aria-hidden=\"true\" role=\"img\"><use xlink:href=\"#lib-icon-arrow4\"><\/use><\/svg><\/span><\/div><div class=\"label-up\"><span class=\"c-btn__txt\">Lampe de table avec une vieille bouteille<\/span><span class=\"c-btn__ico\"><svg width=\"30\" height=\"30\" class=\"icon icon-lib-icon-arrow4 \" aria-hidden=\"true\" role=\"img\"><use xlink:href=\"#lib-icon-arrow4\"><\/use><\/svg><\/span><\/div><\/a>\n\t\t\n\t\t\t<a href=\"\/be\/fr\/noel\/ange-de-noel\/\"  class=\"c-btn -normal -inverted has-icon icon-right \"><div class=\"label-up\"><span class=\"c-btn__txt\">Ange de No\u00ebl en vieux papier<\/span><span class=\"c-btn__ico\"><svg width=\"30\" height=\"30\" class=\"icon icon-lib-icon-arrow4 \" aria-hidden=\"true\" role=\"img\"><use xlink:href=\"#lib-icon-arrow4\"><\/use><\/svg><\/span><\/div><div class=\"label-up\"><span class=\"c-btn__txt\">Ange de No\u00ebl en vieux papier<\/span><span class=\"c-btn__ico\"><svg width=\"30\" height=\"30\" class=\"icon icon-lib-icon-arrow4 \" aria-hidden=\"true\" role=\"img\"><use xlink:href=\"#lib-icon-arrow4\"><\/use><\/svg><\/span><\/div><\/a>\n\t\t\n\t\t\t<a href=\"\/be\/fr\/noel\/couronne\/\"  class=\"c-btn -normal -inverted has-icon icon-right \"><div class=\"label-up\"><span class=\"c-btn__txt\">Couronne fabriqu\u00e9e \u00e0 partir d&#8217;emporte-pi\u00e8ces<\/span><span class=\"c-btn__ico\"><svg width=\"30\" height=\"30\" class=\"icon icon-lib-icon-arrow4 \" aria-hidden=\"true\" role=\"img\"><use xlink:href=\"#lib-icon-arrow4\"><\/use><\/svg><\/span><\/div><div class=\"label-up\"><span class=\"c-btn__txt\">Couronne fabriqu\u00e9e \u00e0 partir d&#8217;emporte-pi\u00e8ces<\/span><span class=\"c-btn__ico\"><svg width=\"30\" height=\"30\" class=\"icon icon-lib-icon-arrow4 \" aria-hidden=\"true\" role=\"img\"><use xlink:href=\"#lib-icon-arrow4\"><\/use><\/svg><\/span><\/div><\/a>\n\t\t    <\/div>\n\t\n\t\t<\/div>\n\n\t<\/div>\n\n\t\n<\/div>\n","protected":false},"excerpt":{"rendered":"","protected":false},"author":7,"featured_media":0,"parent":1989,"menu_order":2,"comment_status":"closed","ping_status":"closed","template":"","meta":{"_acf_changed":false,"inline_featured_image":false,"footnotes":""},"class_list":["post-2004","page","type-page","status-publish","hentry"],"acf":[],"yoast_head":"<!-- This site is optimized with the Yoast SEO plugin v27.4 - https:\/\/yoast.com\/product\/yoast-seo-wordpress\/ -->\n<title>Boule \u00e0 neige - Belfor Belgium<\/title>\n<meta name=\"robots\" content=\"index, follow, max-snippet:-1, max-image-preview:large, max-video-preview:-1\" \/>\n<link rel=\"canonical\" href=\"https:\/\/www.belfor.com\/be\/fr\/noel\/boule-a-neige\/\" \/>\n<meta property=\"og:locale\" content=\"fr_FR\" \/>\n<meta property=\"og:type\" content=\"article\" \/>\n<meta property=\"og:title\" content=\"Boule \u00e0 neige - Belfor Belgium\" \/>\n<meta property=\"og:url\" content=\"https:\/\/www.belfor.com\/be\/fr\/noel\/boule-a-neige\/\" \/>\n<meta property=\"og:site_name\" content=\"Belfor Belgium\" \/>\n<meta property=\"article:modified_time\" content=\"2024-10-31T07:11:17+00:00\" \/>\n<meta name=\"twitter:card\" content=\"summary_large_image\" \/>\n<script type=\"application\/ld+json\" class=\"yoast-schema-graph\">{\"@context\":\"https:\\\/\\\/schema.org\",\"@graph\":[{\"@type\":\"WebPage\",\"@id\":\"https:\\\/\\\/www.belfor.com\\\/be\\\/fr\\\/noel\\\/boule-a-neige\\\/\",\"url\":\"https:\\\/\\\/www.belfor.com\\\/be\\\/fr\\\/noel\\\/boule-a-neige\\\/\",\"name\":\"Boule \u00e0 neige - Belfor Belgium\",\"isPartOf\":{\"@id\":\"https:\\\/\\\/www.belfor.com\\\/be\\\/fr\\\/#website\"},\"datePublished\":\"2024-10-10T09:08:25+00:00\",\"dateModified\":\"2024-10-31T07:11:17+00:00\",\"breadcrumb\":{\"@id\":\"https:\\\/\\\/www.belfor.com\\\/be\\\/fr\\\/noel\\\/boule-a-neige\\\/#breadcrumb\"},\"inLanguage\":\"fr-FR\",\"potentialAction\":[{\"@type\":\"ReadAction\",\"target\":[\"https:\\\/\\\/www.belfor.com\\\/be\\\/fr\\\/noel\\\/boule-a-neige\\\/\"]}]},{\"@type\":\"BreadcrumbList\",\"@id\":\"https:\\\/\\\/www.belfor.com\\\/be\\\/fr\\\/noel\\\/boule-a-neige\\\/#breadcrumb\",\"itemListElement\":[{\"@type\":\"ListItem\",\"position\":1,\"name\":\"Home\",\"item\":\"https:\\\/\\\/www.belfor.com\\\/be\\\/fr\\\/home\\\/\"},{\"@type\":\"ListItem\",\"position\":2,\"name\":\"No\u00ebl\",\"item\":\"https:\\\/\\\/www.belfor.com\\\/be\\\/fr\\\/noel\\\/\"},{\"@type\":\"ListItem\",\"position\":3,\"name\":\"Boule \u00e0 neige\"}]},{\"@type\":\"WebSite\",\"@id\":\"https:\\\/\\\/www.belfor.com\\\/be\\\/fr\\\/#website\",\"url\":\"https:\\\/\\\/www.belfor.com\\\/be\\\/fr\\\/\",\"name\":\"BELFOR Belgium\",\"description\":\"\",\"potentialAction\":[{\"@type\":\"SearchAction\",\"target\":{\"@type\":\"EntryPoint\",\"urlTemplate\":\"https:\\\/\\\/www.belfor.com\\\/be\\\/fr\\\/?s={search_term_string}\"},\"query-input\":{\"@type\":\"PropertyValueSpecification\",\"valueRequired\":true,\"valueName\":\"search_term_string\"}}],\"inLanguage\":\"fr-FR\"}]}<\/script>\n<!-- \/ Yoast SEO plugin. -->","yoast_head_json":{"title":"Boule \u00e0 neige - Belfor Belgium","robots":{"index":"index","follow":"follow","max-snippet":"max-snippet:-1","max-image-preview":"max-image-preview:large","max-video-preview":"max-video-preview:-1"},"canonical":"https:\/\/www.belfor.com\/be\/fr\/noel\/boule-a-neige\/","og_locale":"fr_FR","og_type":"article","og_title":"Boule \u00e0 neige - Belfor Belgium","og_url":"https:\/\/www.belfor.com\/be\/fr\/noel\/boule-a-neige\/","og_site_name":"Belfor Belgium","article_modified_time":"2024-10-31T07:11:17+00:00","twitter_card":"summary_large_image","schema":{"@context":"https:\/\/schema.org","@graph":[{"@type":"WebPage","@id":"https:\/\/www.belfor.com\/be\/fr\/noel\/boule-a-neige\/","url":"https:\/\/www.belfor.com\/be\/fr\/noel\/boule-a-neige\/","name":"Boule \u00e0 neige - Belfor Belgium","isPartOf":{"@id":"https:\/\/www.belfor.com\/be\/fr\/#website"},"datePublished":"2024-10-10T09:08:25+00:00","dateModified":"2024-10-31T07:11:17+00:00","breadcrumb":{"@id":"https:\/\/www.belfor.com\/be\/fr\/noel\/boule-a-neige\/#breadcrumb"},"inLanguage":"fr-FR","potentialAction":[{"@type":"ReadAction","target":["https:\/\/www.belfor.com\/be\/fr\/noel\/boule-a-neige\/"]}]},{"@type":"BreadcrumbList","@id":"https:\/\/www.belfor.com\/be\/fr\/noel\/boule-a-neige\/#breadcrumb","itemListElement":[{"@type":"ListItem","position":1,"name":"Home","item":"https:\/\/www.belfor.com\/be\/fr\/home\/"},{"@type":"ListItem","position":2,"name":"No\u00ebl","item":"https:\/\/www.belfor.com\/be\/fr\/noel\/"},{"@type":"ListItem","position":3,"name":"Boule \u00e0 neige"}]},{"@type":"WebSite","@id":"https:\/\/www.belfor.com\/be\/fr\/#website","url":"https:\/\/www.belfor.com\/be\/fr\/","name":"BELFOR Belgium","description":"","potentialAction":[{"@type":"SearchAction","target":{"@type":"EntryPoint","urlTemplate":"https:\/\/www.belfor.com\/be\/fr\/?s={search_term_string}"},"query-input":{"@type":"PropertyValueSpecification","valueRequired":true,"valueName":"search_term_string"}}],"inLanguage":"fr-FR"}]}},"_links":{"self":[{"href":"https:\/\/www.belfor.com\/be\/fr\/wp-json\/wp\/v2\/pages\/2004","targetHints":{"allow":["GET"]}}],"collection":[{"href":"https:\/\/www.belfor.com\/be\/fr\/wp-json\/wp\/v2\/pages"}],"about":[{"href":"https:\/\/www.belfor.com\/be\/fr\/wp-json\/wp\/v2\/types\/page"}],"author":[{"embeddable":true,"href":"https:\/\/www.belfor.com\/be\/fr\/wp-json\/wp\/v2\/users\/7"}],"replies":[{"embeddable":true,"href":"https:\/\/www.belfor.com\/be\/fr\/wp-json\/wp\/v2\/comments?post=2004"}],"version-history":[{"count":4,"href":"https:\/\/www.belfor.com\/be\/fr\/wp-json\/wp\/v2\/pages\/2004\/revisions"}],"predecessor-version":[{"id":2099,"href":"https:\/\/www.belfor.com\/be\/fr\/wp-json\/wp\/v2\/pages\/2004\/revisions\/2099"}],"up":[{"embeddable":true,"href":"https:\/\/www.belfor.com\/be\/fr\/wp-json\/wp\/v2\/pages\/1989"}],"wp:attachment":[{"href":"https:\/\/www.belfor.com\/be\/fr\/wp-json\/wp\/v2\/media?parent=2004"}],"curies":[{"name":"wp","href":"https:\/\/api.w.org\/{rel}","templated":true}]}}