{"id":1333,"date":"2024-07-24T12:51:30","date_gmt":"2024-07-24T10:51:30","guid":{"rendered":"https:\/\/www.belfor.com\/be\/?page_id=1333"},"modified":"2026-02-03T11:27:03","modified_gmt":"2026-02-03T09:27:03","slug":"belfor-belgium-nv-sa-siege-social","status":"publish","type":"page","link":"https:\/\/www.belfor.com\/be\/fr\/nos-filiales\/belfor-belgium-nv-sa-siege-social\/","title":{"rendered":"BELFOR (Belgium) NV\/SA \u2013 Si\u00e8ge Social"},"content":{"rendered":"<div class=\"m-banner m-banner--small  -version-2 order-default\" >\n\n\t\n\t\n\t<div class=\"m-banner__container container-fluid\" style='--columns-ratio: 50%;background-color: #ffffff;'>\n\n\t\t\n\t\t<div class=\"m-banner__inner container flex-left style-light\">\n\n\t\t\t<div class=\"l-banner  l-gt-custom l-gb-custom\" style=\"--l-gt-padding: 4.5rem;--l-gb-padding: 4.5rem;\">\n\n\t\t\t\t\n<div class=\"l-banner__text\">\n        <div class=\"l-banner__inner text-left\">\n\n        <div class=\"c-heading -h1\">\n\t\t\t\n\t\t\t\t\t\t\t<h1 style=\"--font-size-mobile:3.5rem;\" class=\"c-heading__title\">BELFOR (Belgium) NV\/SA \u2013 Si\u00e8ge Social<\/h1>\t\t\t\n\t\t\t        <\/div>\n\n\t\t    <\/div>\n    \n\t<\/div>\n\n    <div class=\"l-banner__media\">\n\t\t\t\t\t\n\t\t\t\t            <div class=\"c-image\">\n            <figure class=\"c-image__media c-image__primary\">\n                <img decoding=\"async\" class=\"c-image__src lazy\" loading=\"lazy\" src=\"https:\/\/www.belfor.com\/be\/wp-content\/uploads\/sites\/21\/2024\/07\/Schelle_1920x1080px.jpg\"  alt=\"Photo d'une agence BELFOR \u00e0 Bruxelles\" width=\"1920\" height=\"1080\"\/>            <\/figure>\n        <\/div>\n    \n\t\t\t\n\t\t    <\/div>\n\n\t\t\t<\/div>\n\n\t\t\t\t\t<\/div>\n\t<\/div>\n\n    <!-- scroll down-->\n    <div class=\"scroll-down\">\n        <div class=\"scroll-down__line-box line-box\">\n            <div class=\"line\"><\/div>\n        <\/div>\n        <div class=\"scroll-down__icon\">\n            <svg class=\"o-icon u-fill-current\" aria-hidden=\"true\">\n                <use xlink:href=\"#scroll-down\"><\/use>\n            <\/svg>\n        <\/div>\n    <\/div>\n    <!-- scroll down : end-->\n\n<\/div>\n\n\n<div class=\"m-wrapper  gt gb -version-5 has-columns align-top container-fluid\" style='--wrap-col-1: 25%;--wrap-col-2: 75%;--wrap-col-gap: 50px;'>\n\n\t\n\t\n\t<div class=\"m-wrapper__inner\">\n\t\t\n<div class=\"m-block  l-content-simple-1\"  >\n\n\t\n\t\n\t<div class=\"m-block__container container\" style=\"\">\n\n\t\t<div class=\"l-heading text-left l-heading-v1\">\n\n\t\t\t    <div class=\"c-heading -h2 \">\n\t\t\n\t\t\n\t\t\t\t\t<h2  class=\"c-heading__title\">BELFOR (Belgium) NV\/SA \u2013 Si\u00e8ge Social<\/h2>\t\t\n\t\t    <\/div>\n    <div class=\"c-heading__description is-wysiwyg\">\n        <p>Molenberglei 3, 2627 Schelle<\/p>\n<p>T\u00e9l\u00e9phone: +32 (0)3\/ 870 50 40<\/p>\n<p>Email: <a href=\"mailto:admin@be.belfor.com\">admin@be.belfor.com<\/a><\/p>\n<p>24H N\u00b0 d\u2019urgence: 0800 24 24 7<\/p>\n<p>General Manager: Patrick Loncke<\/p>\n    <\/div>\n\n\t\t\t\n\t\t<\/div>\n\n\t<\/div>\n\n\t\n<\/div>\n\n\n<div class=\"m-block  l-content-simple-1\"  >\n\n\t\n\t\n\t<div class=\"m-block__container container\" style=\"\">\n\n\t\t<div class=\"l-heading text-left l-heading-v1\">\n\n\t\t\t    <div class=\"c-heading__description is-wysiwyg\">\n        <p> <div class=\"brlbs-cmpnt-container brlbs-cmpnt-content-blocker brlbs-cmpnt-with-individual-styles\" data-borlabs-cookie-content-blocker-id=\"google-maps\" data-borlabs-cookie-content=\"PGlmcmFtZSBpZD0iZ21hcF9jYW52YXMiIHNyYz0iaHR0cHM6Ly9tYXBzLmdvb2dsZS5jb20vbWFwcz93aWR0aD00MDkmYW1wO2hlaWdodD04NjkmYW1wO2hsPWVuJmFtcDtxPU1vbGVuYmVyZ2xlaSAlMjAzJTIwU2NoZWxsZSsoU0nDiEdFJTIwU09DSUFMJTIwLSUyMFNjaGVsbGUpJmFtcDt0PSZhbXA7ej0xMiZhbXA7aWU9VVRGOCZhbXA7aXdsb2M9QiZhbXA7b3V0cHV0PWVtYmVkIiB3aWR0aD0iNDA5IiBoZWlnaHQ9Ijg2OSIgZnJhbWVib3JkZXI9IjAiIG1hcmdpbndpZHRoPSIwIiBtYXJnaW5oZWlnaHQ9IjAiIHNjcm9sbGluZz0ibm8iPjwvaWZyYW1lPg==\"><div class=\"brlbs-cmpnt-cb-preset-b brlbs-cmpnt-cb-google-maps\"> <div class=\"brlbs-cmpnt-cb-thumbnail\" style=\"background-image: url('https:\/\/www.belfor.com\/be\/wp-content\/uploads\/borlabs-cookie\/21\/brlbs-cb-google-maps-main.png')\"><\/div> <div class=\"brlbs-cmpnt-cb-main\"> <div class=\"brlbs-cmpnt-cb-content\"> <p class=\"brlbs-cmpnt-cb-description\">Vous \u00eates actuellement en train de consulter le contenu d&#8217;un espace r\u00e9serv\u00e9 de <strong>Google Maps<\/strong>. Pour acc\u00e9der au contenu r\u00e9el, cliquez sur le bouton ci-dessous. Veuillez noter que ce faisant, des donn\u00e9es seront partag\u00e9es avec des providers tiers.<\/p> <a class=\"brlbs-cmpnt-cb-provider-toggle\" href=\"#\" data-borlabs-cookie-show-provider-information role=\"button\">Plus d&#8217;informations<\/a> <\/div> <div class=\"brlbs-cmpnt-cb-buttons\"> <a class=\"brlbs-cmpnt-cb-btn\" href=\"#\" data-borlabs-cookie-unblock role=\"button\">D\u00e9bloquer le contenu<\/a> <a class=\"brlbs-cmpnt-cb-btn\" href=\"#\" data-borlabs-cookie-accept-service role=\"button\" style=\"display: inherit\">Accepter le service requis et d\u00e9bloquer le contenu<\/a> <\/div> <\/div> <\/div><\/div><\/p>\n    <\/div>\n\n\t\t\t\n\t\t<\/div>\n\n\t<\/div>\n\n\t\n<\/div>\n\n\n\t<\/div>\n<\/div>\n\n\n<div class=\"m-wrapper  gt gb container-fluid\" >\n\n\t\n\t\n\t<div class=\"m-wrapper__inner\">\n\t\t\n<div class=\"m-block  gb-s -version-5 l-content-simple-1\"  >\n\n\t\n\t\n\t<div class=\"m-block__container container\" style=\"\">\n\n\t\t<div class=\"l-heading text-left l-heading-v1\">\n\n\t\t\t    <div class=\"c-heading -h2 \">\n\t\t\n\t\t\n\t\t\t\t\t<h2  class=\"c-heading__title\">Actualit\u00e9s <\/h2>\t\t\n\t\t    <\/div>\n    <div class=\"c-heading__description is-wysiwyg\">\n        <p><strong>R\u00e9tablir la vie normale dans le monde entier<\/strong><\/p>\n    <\/div>\n\n\t\t\t\t    <div class=\"c-block__btn\">\n\t\t\n\t\t\t<a href=\"\/be\/fr\/category\/nieuws-fr\/\"  class=\"c-btn -small -primary \"><div class=\"label-up\"><span class=\"c-btn__txt\">Toutes les actualit\u00e9s<\/span><\/div><div class=\"label-up\"><span class=\"c-btn__txt\">Toutes les actualit\u00e9s<\/span><\/div><\/a>\n\t\t\n\t\t\t<a href=\"\/be\/fr\/actualite-documentations\/\"  class=\"c-btn -small -third \"><div class=\"label-up\"><span class=\"c-btn__txt\">Documentation<\/span><\/div><div class=\"label-up\"><span class=\"c-btn__txt\">Documentation<\/span><\/div><\/a>\n\t\t    <\/div>\n\t\n\t\t<\/div>\n\n\t<\/div>\n\n\t\n<\/div>\n\n\n<div class=\"m-posts \"  >\n\n\t\n\t\n\t<div class=\"m-posts__container container\" style=\"\">\n\t\t<div class=\"m-posts__inner\">\n\t\t\t<div class=\"l-rcbl l-posts l-posts-v1\" style=\"--l-block-col: 3; --l-block-gap: 20px\">\n\n\t\t\t\t\t\t\t\t\t\n\t\t\t\t\t\t\t\t\t\t\t\t\t\t\t\t\n\n\t\t\t\t\t\t\t\t\t\t\t\t\t\t\t\t\t\t<div class=\"l-posts__col l-posts \">\n\t\t\t\t\t\t\t\t\n<article class=\"c-block c-post-block-v1\">\n\n    <div class=\"c-block__media\">\n        <a class=\"c-block__media-link\" href=\"https:\/\/www.belfor.com\/be\/fr\/resources\/dejeuner-avec-les-nouveaux-belforiens-2025\/\">\n\t\t\t<img loading=\"lazy\" decoding=\"async\" width=\"400\" height=\"300\" src=\"https:\/\/www.belfor.com\/be\/wp-content\/uploads\/sites\/21\/2026\/03\/BELFOR-welcome-lunch-new-colleagues-2025-400x300.jpg\" class=\"attachment-ds_medium size-ds_medium wp-post-image\" alt=\"Lunch nieuwe collega&#039;s BELFOR 2025\" srcset=\"https:\/\/www.belfor.com\/be\/wp-content\/uploads\/sites\/21\/2026\/03\/BELFOR-welcome-lunch-new-colleagues-2025-400x300.jpg 400w, https:\/\/www.belfor.com\/be\/wp-content\/uploads\/sites\/21\/2026\/03\/BELFOR-welcome-lunch-new-colleagues-2025-300x225.jpg 300w, https:\/\/www.belfor.com\/be\/wp-content\/uploads\/sites\/21\/2026\/03\/BELFOR-welcome-lunch-new-colleagues-2025-1024x768.jpg 1024w, https:\/\/www.belfor.com\/be\/wp-content\/uploads\/sites\/21\/2026\/03\/BELFOR-welcome-lunch-new-colleagues-2025-768x576.jpg 768w, https:\/\/www.belfor.com\/be\/wp-content\/uploads\/sites\/21\/2026\/03\/BELFOR-welcome-lunch-new-colleagues-2025-200x150.jpg 200w, https:\/\/www.belfor.com\/be\/wp-content\/uploads\/sites\/21\/2026\/03\/BELFOR-welcome-lunch-new-colleagues-2025.jpg 1920w\" sizes=\"auto, (max-width: 400px) 100vw, 400px\" \/>\n        <\/a>\n    <\/div>\n\n\n    <div class=\"c-block__body\">\n\t\t            <div class=\"c-block__cats\">\n\t\t\t\t                    <a class=\"c-block__category\"\n                       href=\"https:\/\/www.belfor.com\/be\/fr\/category\/nieuws\/\">\n\t\t\t\t\t\tActualit\u00e9s                    <\/a>\n\t\t\t\t\t            <\/div>\n\t\t\n\t\t\n\t\t            <h3 class=\"c-block__title\">\n                <a href=\"https:\/\/www.belfor.com\/be\/fr\/resources\/dejeuner-avec-les-nouveaux-belforiens-2025\/\">D\u00e9jeuner avec les nouveaux Belforiens 2025<\/a>\n            <\/h3>\n\t\t\n\t\t    <\/div>\n<\/article>\n\t\t\t\t\t\t\t<\/div>\n\t\t\t\t\t\t\t\t\t\t\t\t\t<div class=\"l-posts__col l-posts \">\n\t\t\t\t\t\t\t\t\n<article class=\"c-block c-post-block-v1\">\n\n    <div class=\"c-block__media\">\n        <a class=\"c-block__media-link\" href=\"https:\/\/www.belfor.com\/be\/fr\/resources\/le-nettoyage-par-ultra-son\/\">\n\t\t\t<img loading=\"lazy\" decoding=\"async\" width=\"400\" height=\"300\" src=\"https:\/\/www.belfor.com\/be\/wp-content\/uploads\/sites\/21\/2026\/02\/Ultrason-cleaned-400x300.jpg\" class=\"attachment-ds_medium size-ds_medium wp-post-image\" alt=\"metalic part cleaned by ultrasonic method\" srcset=\"https:\/\/www.belfor.com\/be\/wp-content\/uploads\/sites\/21\/2026\/02\/Ultrason-cleaned-400x300.jpg 400w, https:\/\/www.belfor.com\/be\/wp-content\/uploads\/sites\/21\/2026\/02\/Ultrason-cleaned-300x225.jpg 300w, https:\/\/www.belfor.com\/be\/wp-content\/uploads\/sites\/21\/2026\/02\/Ultrason-cleaned-1024x768.jpg 1024w, https:\/\/www.belfor.com\/be\/wp-content\/uploads\/sites\/21\/2026\/02\/Ultrason-cleaned-768x576.jpg 768w, https:\/\/www.belfor.com\/be\/wp-content\/uploads\/sites\/21\/2026\/02\/Ultrason-cleaned-200x150.jpg 200w, https:\/\/www.belfor.com\/be\/wp-content\/uploads\/sites\/21\/2026\/02\/Ultrason-cleaned.jpg 1920w\" sizes=\"auto, (max-width: 400px) 100vw, 400px\" \/>\n        <\/a>\n    <\/div>\n\n\n    <div class=\"c-block__body\">\n\t\t            <div class=\"c-block__cats\">\n\t\t\t\t                    <a class=\"c-block__category\"\n                       href=\"https:\/\/www.belfor.com\/be\/fr\/category\/nieuws\/\">\n\t\t\t\t\t\tActualit\u00e9s                    <\/a>\n\t\t\t\t\t            <\/div>\n\t\t\n\t\t\n\t\t            <h3 class=\"c-block__title\">\n                <a href=\"https:\/\/www.belfor.com\/be\/fr\/resources\/le-nettoyage-par-ultra-son\/\">Le nettoyage par ultra son<\/a>\n            <\/h3>\n\t\t\n\t\t    <\/div>\n<\/article>\n\t\t\t\t\t\t\t<\/div>\n\t\t\t\t\t\t\t\t\t\t\t\t\t<div class=\"l-posts__col l-posts \">\n\t\t\t\t\t\t\t\t\n<article class=\"c-block c-post-block-v1\">\n\n    <div class=\"c-block__media\">\n        <a class=\"c-block__media-link\" href=\"https:\/\/www.belfor.com\/be\/fr\/resources\/belfor-et-baloise-for-life\/\">\n\t\t\t<img loading=\"lazy\" decoding=\"async\" width=\"213\" height=\"300\" src=\"https:\/\/www.belfor.com\/be\/wp-content\/uploads\/sites\/21\/2026\/01\/Baloise-For-Life-213x300.png\" class=\"attachment-ds_medium size-ds_medium wp-post-image\" alt=\"BELFOR et Baloise for Life\" srcset=\"https:\/\/www.belfor.com\/be\/wp-content\/uploads\/sites\/21\/2026\/01\/Baloise-For-Life-213x300.png 213w, https:\/\/www.belfor.com\/be\/wp-content\/uploads\/sites\/21\/2026\/01\/Baloise-For-Life-142x200.png 142w, https:\/\/www.belfor.com\/be\/wp-content\/uploads\/sites\/21\/2026\/01\/Baloise-For-Life.png 270w\" sizes=\"auto, (max-width: 213px) 100vw, 213px\" \/>\n        <\/a>\n    <\/div>\n\n\n    <div class=\"c-block__body\">\n\t\t            <div class=\"c-block__cats\">\n\t\t\t\t                    <a class=\"c-block__category\"\n                       href=\"https:\/\/www.belfor.com\/be\/fr\/category\/nieuws\/\">\n\t\t\t\t\t\tActualit\u00e9s                    <\/a>\n\t\t\t\t\t            <\/div>\n\t\t\n\t\t\n\t\t            <h3 class=\"c-block__title\">\n                <a href=\"https:\/\/www.belfor.com\/be\/fr\/resources\/belfor-et-baloise-for-life\/\">BELFOR et Baloise for Life<\/a>\n            <\/h3>\n\t\t\n\t\t    <\/div>\n<\/article>\n\t\t\t\t\t\t\t<\/div>\n\t\t\t\t\t\t\t\t\t\t\t\t\n\t\t\t\t\n\t\t\t<\/div>\n\t\t<\/div>\n\t<\/div>\n<\/div>\n\n\n<div class=\"m-block  gb is-mobile -version-6 l-content-simple-1\"  >\n\n\t\n\t\n\t<div class=\"m-block__container container\" style=\"\">\n\n\t\t<div class=\"l-heading text-center l-heading-v1\">\n\n\t\t\t\n\t\t\t\t    <div class=\"c-block__btn\">\n\t\t\n\t\t\t<a href=\"\/us\/category\/case-studies\/\"  class=\"c-btn -normal -link has-icon icon-right \"><span class=\"c-btn__txt\">SEE ALL<\/span><span class=\"c-btn__ico\"><svg width=\"30\" height=\"30\" class=\"icon icon-lib-icon-arrow1 \" aria-hidden=\"true\" role=\"img\"><use xlink:href=\"#lib-icon-arrow1\"><\/use><\/svg><\/span><\/a>\n\t\t    <\/div>\n\t\n\t\t<\/div>\n\n\t<\/div>\n\n\t\n<\/div>\n\n\n\t<\/div>\n<\/div>\n","protected":false},"excerpt":{"rendered":"","protected":false},"author":7,"featured_media":0,"parent":857,"menu_order":1,"comment_status":"closed","ping_status":"closed","template":"","meta":{"_acf_changed":false,"inline_featured_image":false,"footnotes":""},"class_list":["post-1333","page","type-page","status-publish","hentry"],"acf":[],"yoast_head":"<!-- This site is optimized with the Yoast SEO plugin v27.2 - https:\/\/yoast.com\/product\/yoast-seo-wordpress\/ -->\n<title>BELFOR (Belgium) NV\/SA \u2013 Si\u00e8ge Social - Belfor Belgium<\/title>\n<meta name=\"robots\" content=\"index, follow, max-snippet:-1, max-image-preview:large, max-video-preview:-1\" \/>\n<link rel=\"canonical\" href=\"https:\/\/www.belfor.com\/be\/fr\/nos-filiales\/belfor-belgium-nv-sa-siege-social\/\" \/>\n<meta property=\"og:locale\" content=\"fr_FR\" \/>\n<meta property=\"og:type\" content=\"article\" \/>\n<meta property=\"og:title\" content=\"BELFOR (Belgium) NV\/SA \u2013 Si\u00e8ge Social - Belfor Belgium\" \/>\n<meta property=\"og:url\" content=\"https:\/\/www.belfor.com\/be\/fr\/nos-filiales\/belfor-belgium-nv-sa-siege-social\/\" \/>\n<meta property=\"og:site_name\" content=\"Belfor Belgium\" \/>\n<meta property=\"article:modified_time\" content=\"2026-02-03T09:27:03+00:00\" \/>\n<meta name=\"twitter:card\" content=\"summary_large_image\" \/>\n<script type=\"application\/ld+json\" class=\"yoast-schema-graph\">{\"@context\":\"https:\/\/schema.org\",\"@graph\":[{\"@type\":\"WebPage\",\"@id\":\"https:\/\/www.belfor.com\/be\/fr\/nos-filiales\/belfor-belgium-nv-sa-siege-social\/\",\"url\":\"https:\/\/www.belfor.com\/be\/fr\/nos-filiales\/belfor-belgium-nv-sa-siege-social\/\",\"name\":\"BELFOR (Belgium) NV\/SA \u2013 Si\u00e8ge Social - Belfor Belgium\",\"isPartOf\":{\"@id\":\"https:\/\/www.belfor.com\/be\/fr\/#website\"},\"datePublished\":\"2024-07-24T10:51:30+00:00\",\"dateModified\":\"2026-02-03T09:27:03+00:00\",\"breadcrumb\":{\"@id\":\"https:\/\/www.belfor.com\/be\/fr\/nos-filiales\/belfor-belgium-nv-sa-siege-social\/#breadcrumb\"},\"inLanguage\":\"fr-FR\",\"potentialAction\":[{\"@type\":\"ReadAction\",\"target\":[\"https:\/\/www.belfor.com\/be\/fr\/nos-filiales\/belfor-belgium-nv-sa-siege-social\/\"]}]},{\"@type\":\"BreadcrumbList\",\"@id\":\"https:\/\/www.belfor.com\/be\/fr\/nos-filiales\/belfor-belgium-nv-sa-siege-social\/#breadcrumb\",\"itemListElement\":[{\"@type\":\"ListItem\",\"position\":1,\"name\":\"Home\",\"item\":\"https:\/\/www.belfor.com\/be\/fr\/home\/\"},{\"@type\":\"ListItem\",\"position\":2,\"name\":\"Nos filiales\",\"item\":\"https:\/\/www.belfor.com\/be\/fr\/nos-filiales\/\"},{\"@type\":\"ListItem\",\"position\":3,\"name\":\"BELFOR (Belgium) NV\/SA \u2013 Si\u00e8ge Social\"}]},{\"@type\":\"WebSite\",\"@id\":\"https:\/\/www.belfor.com\/be\/fr\/#website\",\"url\":\"https:\/\/www.belfor.com\/be\/fr\/\",\"name\":\"BELFOR Belgium\",\"description\":\"\",\"potentialAction\":[{\"@type\":\"SearchAction\",\"target\":{\"@type\":\"EntryPoint\",\"urlTemplate\":\"https:\/\/www.belfor.com\/be\/fr\/?s={search_term_string}\"},\"query-input\":{\"@type\":\"PropertyValueSpecification\",\"valueRequired\":true,\"valueName\":\"search_term_string\"}}],\"inLanguage\":\"fr-FR\"}]}<\/script>\n<!-- \/ Yoast SEO plugin. -->","yoast_head_json":{"title":"BELFOR (Belgium) NV\/SA \u2013 Si\u00e8ge Social - Belfor Belgium","robots":{"index":"index","follow":"follow","max-snippet":"max-snippet:-1","max-image-preview":"max-image-preview:large","max-video-preview":"max-video-preview:-1"},"canonical":"https:\/\/www.belfor.com\/be\/fr\/nos-filiales\/belfor-belgium-nv-sa-siege-social\/","og_locale":"fr_FR","og_type":"article","og_title":"BELFOR (Belgium) NV\/SA \u2013 Si\u00e8ge Social - Belfor Belgium","og_url":"https:\/\/www.belfor.com\/be\/fr\/nos-filiales\/belfor-belgium-nv-sa-siege-social\/","og_site_name":"Belfor Belgium","article_modified_time":"2026-02-03T09:27:03+00:00","twitter_card":"summary_large_image","schema":{"@context":"https:\/\/schema.org","@graph":[{"@type":"WebPage","@id":"https:\/\/www.belfor.com\/be\/fr\/nos-filiales\/belfor-belgium-nv-sa-siege-social\/","url":"https:\/\/www.belfor.com\/be\/fr\/nos-filiales\/belfor-belgium-nv-sa-siege-social\/","name":"BELFOR (Belgium) NV\/SA \u2013 Si\u00e8ge Social - Belfor Belgium","isPartOf":{"@id":"https:\/\/www.belfor.com\/be\/fr\/#website"},"datePublished":"2024-07-24T10:51:30+00:00","dateModified":"2026-02-03T09:27:03+00:00","breadcrumb":{"@id":"https:\/\/www.belfor.com\/be\/fr\/nos-filiales\/belfor-belgium-nv-sa-siege-social\/#breadcrumb"},"inLanguage":"fr-FR","potentialAction":[{"@type":"ReadAction","target":["https:\/\/www.belfor.com\/be\/fr\/nos-filiales\/belfor-belgium-nv-sa-siege-social\/"]}]},{"@type":"BreadcrumbList","@id":"https:\/\/www.belfor.com\/be\/fr\/nos-filiales\/belfor-belgium-nv-sa-siege-social\/#breadcrumb","itemListElement":[{"@type":"ListItem","position":1,"name":"Home","item":"https:\/\/www.belfor.com\/be\/fr\/home\/"},{"@type":"ListItem","position":2,"name":"Nos filiales","item":"https:\/\/www.belfor.com\/be\/fr\/nos-filiales\/"},{"@type":"ListItem","position":3,"name":"BELFOR (Belgium) NV\/SA \u2013 Si\u00e8ge Social"}]},{"@type":"WebSite","@id":"https:\/\/www.belfor.com\/be\/fr\/#website","url":"https:\/\/www.belfor.com\/be\/fr\/","name":"BELFOR Belgium","description":"","potentialAction":[{"@type":"SearchAction","target":{"@type":"EntryPoint","urlTemplate":"https:\/\/www.belfor.com\/be\/fr\/?s={search_term_string}"},"query-input":{"@type":"PropertyValueSpecification","valueRequired":true,"valueName":"search_term_string"}}],"inLanguage":"fr-FR"}]}},"_links":{"self":[{"href":"https:\/\/www.belfor.com\/be\/fr\/wp-json\/wp\/v2\/pages\/1333","targetHints":{"allow":["GET"]}}],"collection":[{"href":"https:\/\/www.belfor.com\/be\/fr\/wp-json\/wp\/v2\/pages"}],"about":[{"href":"https:\/\/www.belfor.com\/be\/fr\/wp-json\/wp\/v2\/types\/page"}],"author":[{"embeddable":true,"href":"https:\/\/www.belfor.com\/be\/fr\/wp-json\/wp\/v2\/users\/7"}],"replies":[{"embeddable":true,"href":"https:\/\/www.belfor.com\/be\/fr\/wp-json\/wp\/v2\/comments?post=1333"}],"version-history":[{"count":5,"href":"https:\/\/www.belfor.com\/be\/fr\/wp-json\/wp\/v2\/pages\/1333\/revisions"}],"predecessor-version":[{"id":2972,"href":"https:\/\/www.belfor.com\/be\/fr\/wp-json\/wp\/v2\/pages\/1333\/revisions\/2972"}],"up":[{"embeddable":true,"href":"https:\/\/www.belfor.com\/be\/fr\/wp-json\/wp\/v2\/pages\/857"}],"wp:attachment":[{"href":"https:\/\/www.belfor.com\/be\/fr\/wp-json\/wp\/v2\/media?parent=1333"}],"curies":[{"name":"wp","href":"https:\/\/api.w.org\/{rel}","templated":true}]}}