{"id":1176,"date":"2024-07-16T13:50:05","date_gmt":"2024-07-16T11:50:05","guid":{"rendered":"https:\/\/www.belfor.com\/be\/?page_id=1176"},"modified":"2024-08-26T19:25:53","modified_gmt":"2024-08-26T17:25:53","slug":"plan-du-site","status":"publish","type":"page","link":"https:\/\/www.belfor.com\/be\/fr\/plan-du-site\/","title":{"rendered":"Plan du site"},"content":{"rendered":"<div class=\"m-block  gt -title-has-decor l-content-simple-1\"  >\n\n\t\n\t\n\t<div class=\"m-block__container container\" style=\"\">\n\n\t\t<div class=\"l-heading text-left l-heading-v1\">\n\n\t\t\t    <div class=\"c-heading -h2 \">\n\t\t\n\t\t\n\t\t\t\t\t<h2  class=\"c-heading__title\">BELFOR Plan du site<\/h2>\t\t\n\t\t    <\/div>\n\n\t\t\t\n\t\t<\/div>\n\n\t<\/div>\n\n\t\n<\/div>\n\n\n<div class=\"m-shortcode   gb\"  >\n\n\t\n\t<div class=\"m-shortcode__container container\" style=\"\">\n\t\t<div class=\"m-shortcode__inner c-form\">\n\n\t\t\t<div class=\"wsp-container\"><h2 class=\"wsp-pages-title\">Pages<\/h2>\n<ul class=\"wsp-pages-list\">\n<li class=\"page_item page-item-714\"><a href=\"https:\/\/www.belfor.com\/be\/fr\/\">Home<\/a><\/li>\n<li class=\"page_item page-item-846 page_item_has_children\"><a href=\"https:\/\/www.belfor.com\/be\/fr\/a-propos-de-nous\/\">\u00c0 propos de nous<\/a>\n<ul class='children'>\n\t<li class=\"page_item page-item-817\"><a href=\"https:\/\/www.belfor.com\/be\/fr\/a-propos-de-nous\/belfor-belgium\/\">BELFOR Belgium<\/a><\/li>\n\t<li class=\"page_item page-item-821\"><a href=\"https:\/\/www.belfor.com\/be\/fr\/a-propos-de-nous\/rse\/\">RSE<\/a><\/li>\n\t<li class=\"page_item page-item-824\"><a href=\"https:\/\/www.belfor.com\/be\/fr\/a-propos-de-nous\/notre-philosophie\/\">Notre philosophie&#8230;<\/a><\/li>\n\t<li class=\"page_item page-item-828\"><a href=\"https:\/\/www.belfor.com\/be\/fr\/a-propos-de-nous\/certification\/\">Certification<\/a><\/li>\n\t<li class=\"page_item page-item-842\"><a href=\"https:\/\/www.belfor.com\/be\/fr\/a-propos-de-nous\/linnovation\/\">L&#8217;innovation<\/a><\/li>\n\t<li class=\"page_item page-item-839\"><a href=\"https:\/\/www.belfor.com\/be\/fr\/a-propos-de-nous\/durabilite\/\">Durabilit\u00e9<\/a><\/li>\n\t<li class=\"page_item page-item-2275\"><a href=\"https:\/\/www.belfor.com\/be\/fr\/a-propos-de-nous\/team\/\">Team<\/a><\/li>\n<\/ul>\n<\/li>\n<li class=\"page_item page-item-857 page_item_has_children\"><a href=\"https:\/\/www.belfor.com\/be\/fr\/nos-filiales\/\">Nos filiales<\/a>\n<ul class='children'>\n\t<li class=\"page_item page-item-1333\"><a href=\"https:\/\/www.belfor.com\/be\/fr\/nos-filiales\/belfor-belgium-nv-sa-siege-social\/\">BELFOR (Belgium) NV\/SA \u2013 Si\u00e8ge Social<\/a><\/li>\n\t<li class=\"page_item page-item-1337\"><a href=\"https:\/\/www.belfor.com\/be\/fr\/nos-filiales\/filiale-bruxelles\/\">Filiale Bruxelles<\/a><\/li>\n\t<li class=\"page_item page-item-1340\"><a href=\"https:\/\/www.belfor.com\/be\/fr\/nos-filiales\/filiale-gand\/\">Filiale Gand<\/a><\/li>\n\t<li class=\"page_item page-item-1339\"><a href=\"https:\/\/www.belfor.com\/be\/fr\/nos-filiales\/filiale-liege\/\">Filiale Li\u00e8ge<\/a><\/li>\n\t<li class=\"page_item page-item-1338\"><a href=\"https:\/\/www.belfor.com\/be\/fr\/nos-filiales\/filiale-zonhoven\/\">Filiale Zonhoven<\/a><\/li>\n<\/ul>\n<\/li>\n<li class=\"page_item page-item-730 page_item_has_children\"><a href=\"https:\/\/www.belfor.com\/be\/fr\/nos-clients\/\">Nos clients<\/a>\n<ul class='children'>\n\t<li class=\"page_item page-item-721\"><a href=\"https:\/\/www.belfor.com\/be\/fr\/nos-clients\/assureur-courtier\/\">Assureur &amp; Courtier<\/a><\/li>\n\t<li class=\"page_item page-item-723\"><a href=\"https:\/\/www.belfor.com\/be\/fr\/nos-clients\/expert-en-sinistre\/\">Expert en sinistre<\/a><\/li>\n\t<li class=\"page_item page-item-726\"><a href=\"https:\/\/www.belfor.com\/be\/fr\/nos-clients\/gestion-immobiliere-syndic\/\">Gestion immobili\u00e8re &amp; Syndic<\/a><\/li>\n\t<li class=\"page_item page-item-728\"><a href=\"https:\/\/www.belfor.com\/be\/fr\/nos-clients\/entreprise-industrie\/\">Entreprise &amp; Industrie<\/a><\/li>\n<\/ul>\n<\/li>\n<li class=\"page_item page-item-812 page_item_has_children\"><a href=\"https:\/\/www.belfor.com\/be\/fr\/nos-services\/\">Nos services<\/a>\n<ul class='children'>\n\t<li class=\"page_item page-item-732 page_item_has_children\"><a href=\"https:\/\/www.belfor.com\/be\/fr\/nos-services\/mesures-de-limitation-de-degats\/\">Mesures de limitation de d\u00e9g\u00e2ts<\/a>\n\t<ul class='children'>\n\t\t<li class=\"page_item page-item-1236\"><a href=\"https:\/\/www.belfor.com\/be\/fr\/nos-services\/mesures-de-limitation-de-degats\/shrink-wrapping\/\">Shrink Wrapping<\/a><\/li>\n\t<\/ul>\n<\/li>\n\t<li class=\"page_item page-item-734 page_item_has_children\"><a href=\"https:\/\/www.belfor.com\/be\/fr\/nos-services\/evaluation-des-dommages-procedures\/\">\u00c9valuation des dommages &amp; proc\u00e9dures<\/a>\n\t<ul class='children'>\n\t\t<li class=\"page_item page-item-738\"><a href=\"https:\/\/www.belfor.com\/be\/fr\/nos-services\/evaluation-des-dommages-procedures\/le-belfor-360-scanner-de-dommages\/\">Le BELFOR 360\u00b0 scanner de dommages<\/a><\/li>\n\t\t<li class=\"page_item page-item-741\"><a href=\"https:\/\/www.belfor.com\/be\/fr\/nos-services\/evaluation-des-dommages-procedures\/soot-removal-film-srf\/\">Soot Removal Film (SRF)<\/a><\/li>\n\t<\/ul>\n<\/li>\n\t<li class=\"page_item page-item-743 page_item_has_children\"><a href=\"https:\/\/www.belfor.com\/be\/fr\/nos-services\/assainissement\/\">Assainissement<\/a>\n\t<ul class='children'>\n\t\t<li class=\"page_item page-item-745\"><a href=\"https:\/\/www.belfor.com\/be\/fr\/nos-services\/assainissement\/assainissement-batiments\/\">Assainissement B\u00e2timents<\/a><\/li>\n\t\t<li class=\"page_item page-item-747\"><a href=\"https:\/\/www.belfor.com\/be\/fr\/nos-services\/assainissement\/assainissement-contenu\/\">Assainissement Contenu<\/a><\/li>\n\t\t<li class=\"page_item page-item-749\"><a href=\"https:\/\/www.belfor.com\/be\/fr\/nos-services\/assainissement\/assainissement-de-moisissures\/\">Assainissement de moisissures<\/a><\/li>\n\t\t<li class=\"page_item page-item-751\"><a href=\"https:\/\/www.belfor.com\/be\/fr\/nos-services\/assainissement\/neutralisation-des-odeurs\/\">Neutralisation des odeurs<\/a><\/li>\n\t\t<li class=\"page_item page-item-753\"><a href=\"https:\/\/www.belfor.com\/be\/fr\/nos-services\/assainissement\/assainissement-electronique\/\">Assainissement \u00e9lectronique<\/a><\/li>\n\t\t<li class=\"page_item page-item-756\"><a href=\"https:\/\/www.belfor.com\/be\/fr\/nos-services\/assainissement\/assainissement-machines\/\">Assainissement machines<\/a><\/li>\n\t<\/ul>\n<\/li>\n\t<li class=\"page_item page-item-758 page_item_has_children\"><a href=\"https:\/\/www.belfor.com\/be\/fr\/nos-services\/sechage\/\">S\u00e9chage<\/a>\n\t<ul class='children'>\n\t\t<li class=\"page_item page-item-794\"><a href=\"https:\/\/www.belfor.com\/be\/fr\/nos-services\/sechage\/belfor-drysmart\/\">BELFOR DRYsmart<\/a><\/li>\n\t\t<li class=\"page_item page-item-792\"><a href=\"https:\/\/www.belfor.com\/be\/fr\/nos-services\/sechage\/sechage-de-batiments\/\">S\u00e9chage de b\u00e2timents<\/a><\/li>\n\t\t<li class=\"page_item page-item-796\"><a href=\"https:\/\/www.belfor.com\/be\/fr\/nos-services\/sechage\/sechage-de-documents-et-de-donnees\/\">S\u00e9chage de documents et de donn\u00e9es<\/a><\/li>\n\t<\/ul>\n<\/li>\n\t<li class=\"page_item page-item-799\"><a href=\"https:\/\/www.belfor.com\/be\/fr\/nos-services\/travaux-de-peinture\/\">Travaux de peinture<\/a><\/li>\n\t<li class=\"page_item page-item-1640 page_item_has_children\"><a href=\"https:\/\/www.belfor.com\/be\/fr\/nos-services\/autres-services\/\">Autres services<\/a>\n\t<ul class='children'>\n\t\t<li class=\"page_item page-item-801\"><a href=\"https:\/\/www.belfor.com\/be\/fr\/nos-services\/autres-services\/services-environnementaux\/\">Services environnementaux<\/a><\/li>\n\t\t<li class=\"page_item page-item-803\"><a href=\"https:\/\/www.belfor.com\/be\/fr\/nos-services\/autres-services\/demolition-deblaiement\/\">D\u00e9molition &amp; d\u00e9blaiement<\/a><\/li>\n\t\t<li class=\"page_item page-item-805\"><a href=\"https:\/\/www.belfor.com\/be\/fr\/nos-services\/autres-services\/entretien-industriel\/\">Entretien industriel<\/a><\/li>\n\t\t<li class=\"page_item page-item-807\"><a href=\"https:\/\/www.belfor.com\/be\/fr\/nos-services\/autres-services\/marine-offshore\/\">Marine &amp; Offshore<\/a><\/li>\n\t\t<li class=\"page_item page-item-1114\"><a href=\"https:\/\/www.belfor.com\/be\/fr\/nos-services\/autres-services\/desinfection\/\">D\u00e9sinfection<\/a><\/li>\n\t<\/ul>\n<\/li>\n\t<li class=\"page_item page-item-809\"><a href=\"https:\/\/www.belfor.com\/be\/fr\/nos-services\/programme-red-alert-la-response-aux-situations-durgence\/\">PROGRAMME RED ALERT\u00ae: la r\u00e9sponse aux situations d&#8217;urgence<\/a><\/li>\n<\/ul>\n<\/li>\n<li class=\"page_item page-item-814 current_page_parent\"><a href=\"https:\/\/www.belfor.com\/be\/fr\/actualite-documentations\/\">Actualit\u00e9 &amp; Documentation<\/a><\/li>\n<li class=\"page_item page-item-844\"><a href=\"https:\/\/www.belfor.com\/be\/fr\/contacter\/\">Contacter<\/a><\/li>\n<li class=\"page_item page-item-926\"><a href=\"https:\/\/www.belfor.com\/be\/fr\/contact-fr\/\">Contact<\/a><\/li>\n<li class=\"page_item page-item-776\"><a href=\"https:\/\/www.belfor.com\/be\/fr\/politique-de-confidentialite\/\">Politique de confidentialit\u00e9<\/a><\/li>\n<li class=\"page_item page-item-2739\"><a href=\"https:\/\/www.belfor.com\/be\/fr\/politique-de-confidentialite-2\/\">Politique de confidentialit\u00e9<\/a><\/li>\n<li class=\"page_item page-item-935\"><a href=\"https:\/\/www.belfor.com\/be\/fr\/code-de-conduite-et-de-notification-conformement-a-la-legislation-europeenne-sur-les-lanceurs-dalerte\/\">Code de conduite et de notification conform\u00e9ment \u00e0 la l\u00e9gislation europ\u00e9enne sur les lanceurs d\u2019alerte<\/a><\/li>\n<li class=\"page_item page-item-1176\"><a href=\"https:\/\/www.belfor.com\/be\/fr\/plan-du-site\/\">Plan du site<\/a><\/li>\n<li class=\"page_item page-item-1989 page_item_has_children\"><a href=\"https:\/\/www.belfor.com\/be\/fr\/noel\/\">No\u00ebl<\/a>\n<ul class='children'>\n\t<li class=\"page_item page-item-2014\"><a href=\"https:\/\/www.belfor.com\/be\/fr\/noel\/couronne\/\">Couronne<\/a><\/li>\n\t<li class=\"page_item page-item-2004\"><a href=\"https:\/\/www.belfor.com\/be\/fr\/noel\/boule-a-neige\/\">Boule \u00e0 neige<\/a><\/li>\n\t<li class=\"page_item page-item-2021\"><a href=\"https:\/\/www.belfor.com\/be\/fr\/noel\/lampe-de-table\/\">Lampe de table<\/a><\/li>\n\t<li class=\"page_item page-item-2038\"><a href=\"https:\/\/www.belfor.com\/be\/fr\/noel\/ange-de-noel\/\">Ange de No\u00ebl<\/a><\/li>\n<\/ul>\n<\/li>\n<\/ul>\n<\/div>\n\t\t<\/div>\n\t<\/div>\n<\/div>\n","protected":false},"excerpt":{"rendered":"","protected":false},"author":8,"featured_media":0,"parent":0,"menu_order":10,"comment_status":"closed","ping_status":"closed","template":"","meta":{"_acf_changed":false,"inline_featured_image":false,"footnotes":""},"class_list":["post-1176","page","type-page","status-publish","hentry"],"acf":[],"yoast_head":"<!-- This site is optimized with the Yoast SEO plugin v27.3 - https:\/\/yoast.com\/product\/yoast-seo-wordpress\/ -->\n<title>Plan du site - Belfor Belgium<\/title>\n<meta name=\"robots\" content=\"index, follow, max-snippet:-1, max-image-preview:large, max-video-preview:-1\" \/>\n<link rel=\"canonical\" href=\"https:\/\/www.belfor.com\/be\/fr\/plan-du-site\/\" \/>\n<meta property=\"og:locale\" content=\"fr_FR\" \/>\n<meta property=\"og:type\" content=\"article\" \/>\n<meta property=\"og:title\" content=\"Plan du site - Belfor Belgium\" \/>\n<meta property=\"og:url\" content=\"https:\/\/www.belfor.com\/be\/fr\/plan-du-site\/\" \/>\n<meta property=\"og:site_name\" content=\"Belfor Belgium\" \/>\n<meta property=\"article:modified_time\" content=\"2024-08-26T17:25:53+00:00\" \/>\n<meta name=\"twitter:card\" content=\"summary_large_image\" \/>\n<script type=\"application\/ld+json\" class=\"yoast-schema-graph\">{\"@context\":\"https:\\\/\\\/schema.org\",\"@graph\":[{\"@type\":\"WebPage\",\"@id\":\"https:\\\/\\\/www.belfor.com\\\/be\\\/fr\\\/plan-du-site\\\/\",\"url\":\"https:\\\/\\\/www.belfor.com\\\/be\\\/fr\\\/plan-du-site\\\/\",\"name\":\"Plan du site - Belfor Belgium\",\"isPartOf\":{\"@id\":\"https:\\\/\\\/www.belfor.com\\\/be\\\/fr\\\/#website\"},\"datePublished\":\"2024-07-16T11:50:05+00:00\",\"dateModified\":\"2024-08-26T17:25:53+00:00\",\"breadcrumb\":{\"@id\":\"https:\\\/\\\/www.belfor.com\\\/be\\\/fr\\\/plan-du-site\\\/#breadcrumb\"},\"inLanguage\":\"fr-FR\",\"potentialAction\":[{\"@type\":\"ReadAction\",\"target\":[\"https:\\\/\\\/www.belfor.com\\\/be\\\/fr\\\/plan-du-site\\\/\"]}]},{\"@type\":\"BreadcrumbList\",\"@id\":\"https:\\\/\\\/www.belfor.com\\\/be\\\/fr\\\/plan-du-site\\\/#breadcrumb\",\"itemListElement\":[{\"@type\":\"ListItem\",\"position\":1,\"name\":\"Home\",\"item\":\"https:\\\/\\\/www.belfor.com\\\/be\\\/fr\\\/home\\\/\"},{\"@type\":\"ListItem\",\"position\":2,\"name\":\"Plan du site\"}]},{\"@type\":\"WebSite\",\"@id\":\"https:\\\/\\\/www.belfor.com\\\/be\\\/fr\\\/#website\",\"url\":\"https:\\\/\\\/www.belfor.com\\\/be\\\/fr\\\/\",\"name\":\"BELFOR Belgium\",\"description\":\"\",\"potentialAction\":[{\"@type\":\"SearchAction\",\"target\":{\"@type\":\"EntryPoint\",\"urlTemplate\":\"https:\\\/\\\/www.belfor.com\\\/be\\\/fr\\\/?s={search_term_string}\"},\"query-input\":{\"@type\":\"PropertyValueSpecification\",\"valueRequired\":true,\"valueName\":\"search_term_string\"}}],\"inLanguage\":\"fr-FR\"}]}<\/script>\n<!-- \/ Yoast SEO plugin. -->","yoast_head_json":{"title":"Plan du site - Belfor Belgium","robots":{"index":"index","follow":"follow","max-snippet":"max-snippet:-1","max-image-preview":"max-image-preview:large","max-video-preview":"max-video-preview:-1"},"canonical":"https:\/\/www.belfor.com\/be\/fr\/plan-du-site\/","og_locale":"fr_FR","og_type":"article","og_title":"Plan du site - Belfor Belgium","og_url":"https:\/\/www.belfor.com\/be\/fr\/plan-du-site\/","og_site_name":"Belfor Belgium","article_modified_time":"2024-08-26T17:25:53+00:00","twitter_card":"summary_large_image","schema":{"@context":"https:\/\/schema.org","@graph":[{"@type":"WebPage","@id":"https:\/\/www.belfor.com\/be\/fr\/plan-du-site\/","url":"https:\/\/www.belfor.com\/be\/fr\/plan-du-site\/","name":"Plan du site - Belfor Belgium","isPartOf":{"@id":"https:\/\/www.belfor.com\/be\/fr\/#website"},"datePublished":"2024-07-16T11:50:05+00:00","dateModified":"2024-08-26T17:25:53+00:00","breadcrumb":{"@id":"https:\/\/www.belfor.com\/be\/fr\/plan-du-site\/#breadcrumb"},"inLanguage":"fr-FR","potentialAction":[{"@type":"ReadAction","target":["https:\/\/www.belfor.com\/be\/fr\/plan-du-site\/"]}]},{"@type":"BreadcrumbList","@id":"https:\/\/www.belfor.com\/be\/fr\/plan-du-site\/#breadcrumb","itemListElement":[{"@type":"ListItem","position":1,"name":"Home","item":"https:\/\/www.belfor.com\/be\/fr\/home\/"},{"@type":"ListItem","position":2,"name":"Plan du site"}]},{"@type":"WebSite","@id":"https:\/\/www.belfor.com\/be\/fr\/#website","url":"https:\/\/www.belfor.com\/be\/fr\/","name":"BELFOR Belgium","description":"","potentialAction":[{"@type":"SearchAction","target":{"@type":"EntryPoint","urlTemplate":"https:\/\/www.belfor.com\/be\/fr\/?s={search_term_string}"},"query-input":{"@type":"PropertyValueSpecification","valueRequired":true,"valueName":"search_term_string"}}],"inLanguage":"fr-FR"}]}},"_links":{"self":[{"href":"https:\/\/www.belfor.com\/be\/fr\/wp-json\/wp\/v2\/pages\/1176","targetHints":{"allow":["GET"]}}],"collection":[{"href":"https:\/\/www.belfor.com\/be\/fr\/wp-json\/wp\/v2\/pages"}],"about":[{"href":"https:\/\/www.belfor.com\/be\/fr\/wp-json\/wp\/v2\/types\/page"}],"author":[{"embeddable":true,"href":"https:\/\/www.belfor.com\/be\/fr\/wp-json\/wp\/v2\/users\/8"}],"replies":[{"embeddable":true,"href":"https:\/\/www.belfor.com\/be\/fr\/wp-json\/wp\/v2\/comments?post=1176"}],"version-history":[{"count":2,"href":"https:\/\/www.belfor.com\/be\/fr\/wp-json\/wp\/v2\/pages\/1176\/revisions"}],"predecessor-version":[{"id":1179,"href":"https:\/\/www.belfor.com\/be\/fr\/wp-json\/wp\/v2\/pages\/1176\/revisions\/1179"}],"wp:attachment":[{"href":"https:\/\/www.belfor.com\/be\/fr\/wp-json\/wp\/v2\/media?parent=1176"}],"curies":[{"name":"wp","href":"https:\/\/api.w.org\/{rel}","templated":true}]}}