{"id":200,"date":"2024-05-29T10:48:32","date_gmt":"2024-05-29T08:48:32","guid":{"rendered":"https:\/\/www.belfor.com\/at\/?page_id=200"},"modified":"2026-02-09T14:37:10","modified_gmt":"2026-02-09T12:37:10","slug":"impressum","status":"publish","type":"page","link":"https:\/\/www.belfor.com\/at\/de\/impressum\/","title":{"rendered":"Impressum"},"content":{"rendered":"<h2 class=\"wp-block-post-title\">Impressum<\/h2>\n\n\n<p>BELFOR Austria GmbH<br>Gro\u00dfmarktstra\u00dfe 8<br>1230 Wien, Austria<br><br>Telefon: + 43 161017 0<br>Fax: +43 161017 9<br><\/p>\n\n\n\n<p>E-Mail:&nbsp;<a href=\"mailto:belfor@at.belfor.com\">belfor@at.belfor.com<\/a><br>Internet:&nbsp;<a href=\"https:\/\/www.belfor.com\/at\/de\">https:\/\/www.belfor.com\/at\/de<\/a><br><\/p>\n\n\n\n<p>BELFOR Austria GmbH wird vertreten durch die Gesch\u00e4ftsf\u00fchrer Barbara Leithner und Harald Weiss.<br><\/p>\n\n\n\n<p>Firmenbuch der Republik \u00d6sterreich<br>Registernummer: FN 72231 y<br>Umsatzsteuer-Identifikationsnummer: ATU14512400<br><\/p>\n\n\n\n<p>Haftungshinweis: Trotz sorgf\u00e4ltiger inhaltlicher Kontrolle \u00fcbernehmen wir keine Haftung f\u00fcr die Inhalte externer Links. F\u00fcr den Inhalt der verlinkten Seiten sind ausschlie\u00dflich deren Betreiber verantwortlich.<br><\/p>\n\n\n\n<p>Zust\u00e4ndiges Magistratisches Bezirksamt: Magistratisches Bezirksamt f\u00fcr den 23.Bezirk von Wien, Perchtoldsdorfer Stra\u00dfe 2, 1230 Wien<br>Mitglied der WKO<\/p>\n","protected":false},"excerpt":{"rendered":"<p>BELFOR Austria GmbHGro\u00dfmarktstra\u00dfe 81230 Wien, Austria Telefon: + 43 161017 0Fax: +43 161017 9 E-Mail:&nbsp;belfor@at.belfor.comInternet:&nbsp;https:\/\/www.belfor.com\/at\/de BELFOR Austria GmbH wird vertreten durch die Gesch\u00e4ftsf\u00fchrer Barbara Leithner und Harald Weiss. Firmenbuch der Republik \u00d6sterreichRegisternummer: FN 72231 yUmsatzsteuer-Identifikationsnummer: ATU14512400 Haftungshinweis: Trotz sorgf\u00e4ltiger inhaltlicher Kontrolle \u00fcbernehmen wir keine Haftung f\u00fcr die Inhalte externer Links. F\u00fcr den Inhalt der verlinkten&#8230;<\/p>\n","protected":false},"author":9,"featured_media":0,"parent":0,"menu_order":7,"comment_status":"closed","ping_status":"closed","template":"templates\/template-simple-text.php","meta":{"_acf_changed":false,"inline_featured_image":false,"footnotes":""},"class_list":["post-200","page","type-page","status-publish","hentry"],"acf":[],"yoast_head":"<!-- This site is optimized with the Yoast SEO plugin v27.3 - https:\/\/yoast.com\/product\/yoast-seo-wordpress\/ -->\n<title>Impressum | BELFOR Austria<\/title>\n<meta name=\"description\" content=\"Hier finden Sie alle rechtlichen Angaben und Kontaktinformationen von BELFOR Austria.\" \/>\n<meta name=\"robots\" content=\"index, follow, max-snippet:-1, max-image-preview:large, max-video-preview:-1\" \/>\n<link rel=\"canonical\" href=\"https:\/\/www.belfor.com\/at\/de\/impressum\/\" \/>\n<meta property=\"og:locale\" content=\"de_DE\" \/>\n<meta property=\"og:type\" content=\"article\" \/>\n<meta property=\"og:title\" content=\"Impressum | BELFOR Austria\" \/>\n<meta property=\"og:description\" content=\"Hier finden Sie alle rechtlichen Angaben und Kontaktinformationen von BELFOR Austria.\" \/>\n<meta property=\"og:url\" content=\"https:\/\/www.belfor.com\/at\/de\/impressum\/\" \/>\n<meta property=\"og:site_name\" content=\"BELFOR Austria\" \/>\n<meta property=\"article:modified_time\" content=\"2026-02-09T12:37:10+00:00\" \/>\n<meta name=\"twitter:card\" content=\"summary_large_image\" \/>\n<meta name=\"twitter:label1\" content=\"Est. reading time\" \/>\n\t<meta name=\"twitter:data1\" content=\"1 minute\" \/>\n<script type=\"application\/ld+json\" class=\"yoast-schema-graph\">{\"@context\":\"https:\\\/\\\/schema.org\",\"@graph\":[{\"@type\":\"WebPage\",\"@id\":\"https:\\\/\\\/www.belfor.com\\\/at\\\/de\\\/impressum\\\/\",\"url\":\"https:\\\/\\\/www.belfor.com\\\/at\\\/de\\\/impressum\\\/\",\"name\":\"Impressum | BELFOR Austria\",\"isPartOf\":{\"@id\":\"https:\\\/\\\/www.belfor.com\\\/at\\\/de\\\/#website\"},\"datePublished\":\"2024-05-29T08:48:32+00:00\",\"dateModified\":\"2026-02-09T12:37:10+00:00\",\"description\":\"Hier finden Sie alle rechtlichen Angaben und Kontaktinformationen von BELFOR Austria.\",\"breadcrumb\":{\"@id\":\"https:\\\/\\\/www.belfor.com\\\/at\\\/de\\\/impressum\\\/#breadcrumb\"},\"inLanguage\":\"de-DE\",\"potentialAction\":[{\"@type\":\"ReadAction\",\"target\":[\"https:\\\/\\\/www.belfor.com\\\/at\\\/de\\\/impressum\\\/\"]}]},{\"@type\":\"BreadcrumbList\",\"@id\":\"https:\\\/\\\/www.belfor.com\\\/at\\\/de\\\/impressum\\\/#breadcrumb\",\"itemListElement\":[{\"@type\":\"ListItem\",\"position\":1,\"name\":\"Home\",\"item\":\"https:\\\/\\\/www.belfor.com\\\/at\\\/de\\\/\"},{\"@type\":\"ListItem\",\"position\":2,\"name\":\"Impressum\"}]},{\"@type\":\"WebSite\",\"@id\":\"https:\\\/\\\/www.belfor.com\\\/at\\\/de\\\/#website\",\"url\":\"https:\\\/\\\/www.belfor.com\\\/at\\\/de\\\/\",\"name\":\"BELFOR Austria\",\"description\":\"\",\"potentialAction\":[{\"@type\":\"SearchAction\",\"target\":{\"@type\":\"EntryPoint\",\"urlTemplate\":\"https:\\\/\\\/www.belfor.com\\\/at\\\/de\\\/?s={search_term_string}\"},\"query-input\":{\"@type\":\"PropertyValueSpecification\",\"valueRequired\":true,\"valueName\":\"search_term_string\"}}],\"inLanguage\":\"de-DE\"}]}<\/script>\n<!-- \/ Yoast SEO plugin. -->","yoast_head_json":{"title":"Impressum | BELFOR Austria","description":"Hier finden Sie alle rechtlichen Angaben und Kontaktinformationen von BELFOR Austria.","robots":{"index":"index","follow":"follow","max-snippet":"max-snippet:-1","max-image-preview":"max-image-preview:large","max-video-preview":"max-video-preview:-1"},"canonical":"https:\/\/www.belfor.com\/at\/de\/impressum\/","og_locale":"de_DE","og_type":"article","og_title":"Impressum | BELFOR Austria","og_description":"Hier finden Sie alle rechtlichen Angaben und Kontaktinformationen von BELFOR Austria.","og_url":"https:\/\/www.belfor.com\/at\/de\/impressum\/","og_site_name":"BELFOR Austria","article_modified_time":"2026-02-09T12:37:10+00:00","twitter_card":"summary_large_image","twitter_misc":{"Est. reading time":"1 minute"},"schema":{"@context":"https:\/\/schema.org","@graph":[{"@type":"WebPage","@id":"https:\/\/www.belfor.com\/at\/de\/impressum\/","url":"https:\/\/www.belfor.com\/at\/de\/impressum\/","name":"Impressum | BELFOR Austria","isPartOf":{"@id":"https:\/\/www.belfor.com\/at\/de\/#website"},"datePublished":"2024-05-29T08:48:32+00:00","dateModified":"2026-02-09T12:37:10+00:00","description":"Hier finden Sie alle rechtlichen Angaben und Kontaktinformationen von BELFOR Austria.","breadcrumb":{"@id":"https:\/\/www.belfor.com\/at\/de\/impressum\/#breadcrumb"},"inLanguage":"de-DE","potentialAction":[{"@type":"ReadAction","target":["https:\/\/www.belfor.com\/at\/de\/impressum\/"]}]},{"@type":"BreadcrumbList","@id":"https:\/\/www.belfor.com\/at\/de\/impressum\/#breadcrumb","itemListElement":[{"@type":"ListItem","position":1,"name":"Home","item":"https:\/\/www.belfor.com\/at\/de\/"},{"@type":"ListItem","position":2,"name":"Impressum"}]},{"@type":"WebSite","@id":"https:\/\/www.belfor.com\/at\/de\/#website","url":"https:\/\/www.belfor.com\/at\/de\/","name":"BELFOR Austria","description":"","potentialAction":[{"@type":"SearchAction","target":{"@type":"EntryPoint","urlTemplate":"https:\/\/www.belfor.com\/at\/de\/?s={search_term_string}"},"query-input":{"@type":"PropertyValueSpecification","valueRequired":true,"valueName":"search_term_string"}}],"inLanguage":"de-DE"}]}},"_links":{"self":[{"href":"https:\/\/www.belfor.com\/at\/de\/wp-json\/wp\/v2\/pages\/200","targetHints":{"allow":["GET"]}}],"collection":[{"href":"https:\/\/www.belfor.com\/at\/de\/wp-json\/wp\/v2\/pages"}],"about":[{"href":"https:\/\/www.belfor.com\/at\/de\/wp-json\/wp\/v2\/types\/page"}],"author":[{"embeddable":true,"href":"https:\/\/www.belfor.com\/at\/de\/wp-json\/wp\/v2\/users\/9"}],"replies":[{"embeddable":true,"href":"https:\/\/www.belfor.com\/at\/de\/wp-json\/wp\/v2\/comments?post=200"}],"version-history":[{"count":4,"href":"https:\/\/www.belfor.com\/at\/de\/wp-json\/wp\/v2\/pages\/200\/revisions"}],"predecessor-version":[{"id":1786,"href":"https:\/\/www.belfor.com\/at\/de\/wp-json\/wp\/v2\/pages\/200\/revisions\/1786"}],"wp:attachment":[{"href":"https:\/\/www.belfor.com\/at\/de\/wp-json\/wp\/v2\/media?parent=200"}],"curies":[{"name":"wp","href":"https:\/\/api.w.org\/{rel}","templated":true}]}}